{"id":925,"date":"2018-09-06T15:15:01","date_gmt":"2018-09-06T19:15:01","guid":{"rendered":"https:\/\/www.guides-sports-loisirs.ca\/veloparcs\/?page_id=925"},"modified":"2018-10-02T09:37:34","modified_gmt":"2018-10-02T13:37:34","slug":"conception-des-parcours-de-saut-et-de-slopestyle","status":"publish","type":"page","link":"https:\/\/www.guides-sports-loisirs.ca\/veloparcs\/les-parcours-de-sauts-et-de-slopestyle\/conception-des-parcours-de-saut-et-de-slopestyle\/","title":{"rendered":"Conception des parcours de sauts et de slopestyle"},"content":{"rendered":"<div class=\"wpb-content-wrapper\"><p>[vc_row row_height_percent=\u00a0\u00bb0&Prime; override_padding=\u00a0\u00bbyes\u00a0\u00bb h_padding=\u00a0\u00bb2&Prime; top_padding=\u00a0\u00bb3&Prime; bottom_padding=\u00a0\u00bb2&Prime; overlay_alpha=\u00a0\u00bb50&Prime; gutter_size=\u00a0\u00bb3&Prime; shift_y=\u00a0\u00bb0&Prime;][vc_column column_width_use_pixel=\u00a0\u00bbyes\u00a0\u00bb overlay_alpha=\u00a0\u00bb50&Prime; gutter_size=\u00a0\u00bb3&Prime; medium_width=\u00a0\u00bb0&Prime; shift_x=\u00a0\u00bb0&Prime; shift_y=\u00a0\u00bb0&Prime; z_index=\u00a0\u00bb0&Prime; width=\u00a0\u00bb1\/1&Prime; column_width_pixel=\u00a0\u00bb800&Prime;][vc_custom_heading]G\u00e9n\u00e9ralit\u00e9s[\/vc_custom_heading][vc_column_text]Recourir aux services d\u2019un professionnel en am\u00e9nagement pour la planification et la construction de ce type d\u2019\u00e9quipements pour s\u2019assurer de la qualit\u00e9 et de la s\u00e9curit\u00e9;<\/p>\n<p>Les modules pr\u00e9fabriqu\u00e9s pour les sauts et les <em>wallrides<\/em> ont une g\u00e9om\u00e9trie optimale et sont fabriqu\u00e9s de mat\u00e9riaux durables qui conservent la forme de ces zones critiques, en plus, souvent, d\u2019avoir \u00e9t\u00e9 approuv\u00e9s par des ing\u00e9nieurs lors de la conception et de la construction. Ces structures sont g\u00e9n\u00e9ralement fabriqu\u00e9es d\u2019acier ou de b\u00e9ton, et leur surface de roulement est en bois trait\u00e9 ou en b\u00e9ton;<\/p>\n<p>Que ce soit pour les sauts ou le <em>slopestyle<\/em>, les parcours ont tendance \u00e0 \u00eatre lin\u00e9aires; le retour s\u2019effectue par un sentier qui ram\u00e8ne les cyclistes au d\u00e9but du parcours (au bas de la butte de d\u00e9part);<\/p>\n<p>Installer un syst\u00e8me de signalisation clair exprimant les niveaux de difficult\u00e9 des parcours (l\u2019aspect visuel servira \u00e9galement d\u2019\u00e9l\u00e9ment dissuasif);<\/p>\n<p>Un acc\u00e8s \u00e0 des points d\u2019eau (bassin am\u00e9nag\u00e9 ou puits sur le site, ou encore aqueduc municipal) est imp\u00e9ratif pour l\u2019entretien des surfaces (s\u00e9curit\u00e9).[\/vc_column_text][vc_column_text border_color=\u00a0\u00bbcolor-193714&Prime; border_style=\u00a0\u00bbsolid\u00a0\u00bb css=\u00a0\u00bb.vc_custom_1538075584957{border-top-width: 10px !important;border-right-width: 10px !important;border-bottom-width: 10px !important;border-left-width: 10px !important;padding-top: 10px !important;padding-right: 10px !important;padding-bottom: 10px !important;padding-left: 10px !important;}\u00a0\u00bb]<\/p>\n<h3 style=\"text-align: center;\"><span style=\"color: #0000ff;\"><strong>ATTENTION : Lors du choix des modules pr\u00e9fabriqu\u00e9s pour les parcours de sauts et de <em>slopestyle<\/em>, assurez-vous qu\u2019ils conviennent aux caract\u00e9ristiques (largeur, angle des zones d\u2019envol des sauts, trajectoire r\u00e9sultante) des parcours dans lesquels ils sont int\u00e9gr\u00e9s.<br \/>\n<\/strong><\/span><\/h3>\n<p>[\/vc_column_text][vc_custom_heading]D\u00e9tails de conception[\/vc_custom_heading][vc_column_text]<\/p>\n<ul>\n<li>Comme pour les parcours de sauts, le parcours de <em>slopestyle<\/em> d\u00e9bute par une butte de d\u00e9part ou par un obstacle visant \u00e0 donner la bonne vitesse de d\u00e9part au cycliste, suivi d\u2019une succession de sauts ou d\u2019obstacles;<\/li>\n<li>Il faut faire attention de ne pas am\u00e9nager les sauts trop pr\u00e8s l\u2019un de l\u2019autre (ce qui laisse peu de temps au cycliste pour ajuster sa position et se pr\u00e9parer au saut suivant);<\/li>\n<li>Il faut \u00e9galement veiller \u00e0 ne pas am\u00e9nager les sauts trop loin l\u2019un de l\u2019autre (ce qui pourrait diminuer la vitesse du cycliste de fa\u00e7on \u00e0 nuire au franchissement du prochain saut);<\/li>\n<li>La lisibilit\u00e9 du parcours est importante (prise de d\u00e9cision), il est donc pr\u00e9f\u00e9rable de ne pas installer de signalisation dans le parcours. Il faut plut\u00f4t fournir des aides visuelles \u00e0 la d\u00e9cision (un trac\u00e9 en terre dans un terrain gazonn\u00e9 se d\u00e9tache et permet de bien voir la trajectoire).<\/li>\n<\/ul>\n<p>[\/vc_column_text][\/vc_column][\/vc_row][vc_row row_height_percent=\u00a0\u00bb0&Prime; override_padding=\u00a0\u00bbyes\u00a0\u00bb h_padding=\u00a0\u00bb2&Prime; top_padding=\u00a0\u00bb2&Prime; bottom_padding=\u00a0\u00bb2&Prime; overlay_alpha=\u00a0\u00bb50&Prime; gutter_size=\u00a0\u00bb3&Prime; shift_y=\u00a0\u00bb0&Prime;][vc_column column_width_use_pixel=\u00a0\u00bbyes\u00a0\u00bb overlay_alpha=\u00a0\u00bb50&Prime; gutter_size=\u00a0\u00bb2&Prime; medium_width=\u00a0\u00bb0&Prime; shift_x=\u00a0\u00bb0&Prime; shift_y=\u00a0\u00bb0&Prime; z_index=\u00a0\u00bb0&Prime; width=\u00a0\u00bb1\/1&Prime; column_width_pixel=\u00a0\u00bb800&Prime;][vc_button button_color=\u00a0\u00bbaccent\u00a0\u00bb size=\u00a0\u00bbbtn-lg\u00a0\u00bb radius=\u00a0\u00bbbtn-circle\u00a0\u00bb icon_position=\u00a0\u00bbright\u00a0\u00bb link=\u00a0\u00bburl:https%3A%2F%2Fwww.guides-sports-loisirs.ca%2Fveloparcs%2Fwp-content%2Fuploads%2Fsites%2F6%2F2017%2F03%2FGIS_VP_F19_ConceptionDesParcoursDeSautEtDeSlopestyle.pdf||target:%20_blank|\u00a0\u00bb icon=\u00a0\u00bbfa fa-file-o\u00a0\u00bb]Version PDF[\/vc_button][\/vc_column][\/vc_row]<\/p>\n<\/div>","protected":false},"excerpt":{"rendered":"<p>[vc_row row_height_percent=\u00a0\u00bb0&Prime; override_padding=\u00a0\u00bbyes\u00a0\u00bb h_padding=\u00a0\u00bb2&Prime; top_padding=\u00a0\u00bb3&Prime; bottom_padding=\u00a0\u00bb2&Prime; overlay_alpha=\u00a0\u00bb50&Prime; gutter_size=\u00a0\u00bb3&Prime; shift_y=\u00a0\u00bb0&Prime;][vc_column column_width_use_pixel=\u00a0\u00bbyes\u00a0\u00bb overlay_alpha=\u00a0\u00bb50&Prime; gutter_size=\u00a0\u00bb3&Prime; medium_width=\u00a0\u00bb0&Prime; shift_x=\u00a0\u00bb0&Prime; shift_y=\u00a0\u00bb0&Prime; z_index=\u00a0\u00bb0&Prime; width=\u00a0\u00bb1\/1&Prime; column_width_pixel=\u00a0\u00bb800&Prime;][vc_custom_heading]G\u00e9n\u00e9ralit\u00e9s[\/vc_custom_heading][vc_column_text]Recourir aux services [&hellip;]<\/p>\n","protected":false},"author":11,"featured_media":0,"parent":914,"menu_order":0,"comment_status":"closed","ping_status":"closed","template":"","meta":{"_acf_changed":false,"footnotes":""},"class_list":["post-925","page","type-page","status-publish","hentry"],"acf":[],"yoast_head":"<!-- This site is optimized with the Yoast SEO plugin v27.4 - https:\/\/yoast.com\/product\/yoast-seo-wordpress\/ -->\n<title>Conception des parcours de sauts et de slopestyle - V\u00e9loparcs<\/title>\n<meta name=\"robots\" content=\"index, follow, max-snippet:-1, max-image-preview:large, max-video-preview:-1\" \/>\n<link rel=\"canonical\" href=\"https:\/\/www.guides-sports-loisirs.ca\/veloparcs\/les-parcours-de-sauts-et-de-slopestyle\/conception-des-parcours-de-saut-et-de-slopestyle\/\" \/>\n<meta property=\"og:locale\" content=\"fr_FR\" \/>\n<meta property=\"og:type\" content=\"article\" \/>\n<meta property=\"og:title\" content=\"Conception des parcours de sauts et de slopestyle - V\u00e9loparcs\" \/>\n<meta property=\"og:description\" content=\"[vc_row row_height_percent=\u00a0\u00bb0&Prime; override_padding=\u00a0\u00bbyes\u00a0\u00bb h_padding=\u00a0\u00bb2&Prime; top_padding=\u00a0\u00bb3&Prime; bottom_padding=\u00a0\u00bb2&Prime; overlay_alpha=\u00a0\u00bb50&Prime; gutter_size=\u00a0\u00bb3&Prime; shift_y=\u00a0\u00bb0&Prime;][vc_column column_width_use_pixel=\u00a0\u00bbyes\u00a0\u00bb overlay_alpha=\u00a0\u00bb50&Prime; gutter_size=\u00a0\u00bb3&Prime; medium_width=\u00a0\u00bb0&Prime; shift_x=\u00a0\u00bb0&Prime; shift_y=\u00a0\u00bb0&Prime; z_index=\u00a0\u00bb0&Prime; width=\u00a0\u00bb1\/1&Prime; column_width_pixel=\u00a0\u00bb800&Prime;][vc_custom_heading]G\u00e9n\u00e9ralit\u00e9s[\/vc_custom_heading][vc_column_text]Recourir aux services [&hellip;]\" \/>\n<meta property=\"og:url\" content=\"https:\/\/www.guides-sports-loisirs.ca\/veloparcs\/les-parcours-de-sauts-et-de-slopestyle\/conception-des-parcours-de-saut-et-de-slopestyle\/\" \/>\n<meta property=\"og:site_name\" content=\"V\u00e9loparcs\" \/>\n<meta property=\"article:modified_time\" content=\"2018-10-02T13:37:34+00:00\" \/>\n<meta name=\"twitter:card\" content=\"summary_large_image\" \/>\n<meta name=\"twitter:label1\" content=\"Dur\u00e9e de lecture estim\u00e9e\" \/>\n\t<meta name=\"twitter:data1\" content=\"3 minutes\" \/>\n<script type=\"application\/ld+json\" class=\"yoast-schema-graph\">{\"@context\":\"https:\\\/\\\/schema.org\",\"@graph\":[{\"@type\":\"WebPage\",\"@id\":\"https:\\\/\\\/www.guides-sports-loisirs.ca\\\/veloparcs\\\/les-parcours-de-sauts-et-de-slopestyle\\\/conception-des-parcours-de-saut-et-de-slopestyle\\\/\",\"url\":\"https:\\\/\\\/www.guides-sports-loisirs.ca\\\/veloparcs\\\/les-parcours-de-sauts-et-de-slopestyle\\\/conception-des-parcours-de-saut-et-de-slopestyle\\\/\",\"name\":\"Conception des parcours de sauts et de slopestyle - V\u00e9loparcs\",\"isPartOf\":{\"@id\":\"https:\\\/\\\/www.guides-sports-loisirs.ca\\\/veloparcs\\\/#website\"},\"datePublished\":\"2018-09-06T19:15:01+00:00\",\"dateModified\":\"2018-10-02T13:37:34+00:00\",\"breadcrumb\":{\"@id\":\"https:\\\/\\\/www.guides-sports-loisirs.ca\\\/veloparcs\\\/les-parcours-de-sauts-et-de-slopestyle\\\/conception-des-parcours-de-saut-et-de-slopestyle\\\/#breadcrumb\"},\"inLanguage\":\"fr-FR\",\"potentialAction\":[{\"@type\":\"ReadAction\",\"target\":[\"https:\\\/\\\/www.guides-sports-loisirs.ca\\\/veloparcs\\\/les-parcours-de-sauts-et-de-slopestyle\\\/conception-des-parcours-de-saut-et-de-slopestyle\\\/\"]}]},{\"@type\":\"BreadcrumbList\",\"@id\":\"https:\\\/\\\/www.guides-sports-loisirs.ca\\\/veloparcs\\\/les-parcours-de-sauts-et-de-slopestyle\\\/conception-des-parcours-de-saut-et-de-slopestyle\\\/#breadcrumb\",\"itemListElement\":[{\"@type\":\"ListItem\",\"position\":1,\"name\":\"Accueil\",\"item\":\"https:\\\/\\\/www.guides-sports-loisirs.ca\\\/veloparcs\\\/\"},{\"@type\":\"ListItem\",\"position\":2,\"name\":\"Les parcours de sauts et de slopestyle\",\"item\":\"https:\\\/\\\/www.guides-sports-loisirs.ca\\\/veloparcs\\\/les-parcours-de-sauts-et-de-slopestyle\\\/\"},{\"@type\":\"ListItem\",\"position\":3,\"name\":\"Conception des parcours de sauts et de slopestyle\"}]},{\"@type\":\"WebSite\",\"@id\":\"https:\\\/\\\/www.guides-sports-loisirs.ca\\\/veloparcs\\\/#website\",\"url\":\"https:\\\/\\\/www.guides-sports-loisirs.ca\\\/veloparcs\\\/\",\"name\":\"V\u00e9loparcs\",\"description\":\"V\u00e9loparcs\",\"potentialAction\":[{\"@type\":\"SearchAction\",\"target\":{\"@type\":\"EntryPoint\",\"urlTemplate\":\"https:\\\/\\\/www.guides-sports-loisirs.ca\\\/veloparcs\\\/?s={search_term_string}\"},\"query-input\":{\"@type\":\"PropertyValueSpecification\",\"valueRequired\":true,\"valueName\":\"search_term_string\"}}],\"inLanguage\":\"fr-FR\"}]}<\/script>\n<!-- \/ Yoast SEO plugin. -->","yoast_head_json":{"title":"Conception des parcours de sauts et de slopestyle - V\u00e9loparcs","robots":{"index":"index","follow":"follow","max-snippet":"max-snippet:-1","max-image-preview":"max-image-preview:large","max-video-preview":"max-video-preview:-1"},"canonical":"https:\/\/www.guides-sports-loisirs.ca\/veloparcs\/les-parcours-de-sauts-et-de-slopestyle\/conception-des-parcours-de-saut-et-de-slopestyle\/","og_locale":"fr_FR","og_type":"article","og_title":"Conception des parcours de sauts et de slopestyle - V\u00e9loparcs","og_description":"[vc_row row_height_percent=\u00a0\u00bb0&Prime; override_padding=\u00a0\u00bbyes\u00a0\u00bb h_padding=\u00a0\u00bb2&Prime; top_padding=\u00a0\u00bb3&Prime; bottom_padding=\u00a0\u00bb2&Prime; overlay_alpha=\u00a0\u00bb50&Prime; gutter_size=\u00a0\u00bb3&Prime; shift_y=\u00a0\u00bb0&Prime;][vc_column column_width_use_pixel=\u00a0\u00bbyes\u00a0\u00bb overlay_alpha=\u00a0\u00bb50&Prime; gutter_size=\u00a0\u00bb3&Prime; medium_width=\u00a0\u00bb0&Prime; shift_x=\u00a0\u00bb0&Prime; shift_y=\u00a0\u00bb0&Prime; z_index=\u00a0\u00bb0&Prime; width=\u00a0\u00bb1\/1&Prime; column_width_pixel=\u00a0\u00bb800&Prime;][vc_custom_heading]G\u00e9n\u00e9ralit\u00e9s[\/vc_custom_heading][vc_column_text]Recourir aux services [&hellip;]","og_url":"https:\/\/www.guides-sports-loisirs.ca\/veloparcs\/les-parcours-de-sauts-et-de-slopestyle\/conception-des-parcours-de-saut-et-de-slopestyle\/","og_site_name":"V\u00e9loparcs","article_modified_time":"2018-10-02T13:37:34+00:00","twitter_card":"summary_large_image","twitter_misc":{"Dur\u00e9e de lecture estim\u00e9e":"3 minutes"},"schema":{"@context":"https:\/\/schema.org","@graph":[{"@type":"WebPage","@id":"https:\/\/www.guides-sports-loisirs.ca\/veloparcs\/les-parcours-de-sauts-et-de-slopestyle\/conception-des-parcours-de-saut-et-de-slopestyle\/","url":"https:\/\/www.guides-sports-loisirs.ca\/veloparcs\/les-parcours-de-sauts-et-de-slopestyle\/conception-des-parcours-de-saut-et-de-slopestyle\/","name":"Conception des parcours de sauts et de slopestyle - V\u00e9loparcs","isPartOf":{"@id":"https:\/\/www.guides-sports-loisirs.ca\/veloparcs\/#website"},"datePublished":"2018-09-06T19:15:01+00:00","dateModified":"2018-10-02T13:37:34+00:00","breadcrumb":{"@id":"https:\/\/www.guides-sports-loisirs.ca\/veloparcs\/les-parcours-de-sauts-et-de-slopestyle\/conception-des-parcours-de-saut-et-de-slopestyle\/#breadcrumb"},"inLanguage":"fr-FR","potentialAction":[{"@type":"ReadAction","target":["https:\/\/www.guides-sports-loisirs.ca\/veloparcs\/les-parcours-de-sauts-et-de-slopestyle\/conception-des-parcours-de-saut-et-de-slopestyle\/"]}]},{"@type":"BreadcrumbList","@id":"https:\/\/www.guides-sports-loisirs.ca\/veloparcs\/les-parcours-de-sauts-et-de-slopestyle\/conception-des-parcours-de-saut-et-de-slopestyle\/#breadcrumb","itemListElement":[{"@type":"ListItem","position":1,"name":"Accueil","item":"https:\/\/www.guides-sports-loisirs.ca\/veloparcs\/"},{"@type":"ListItem","position":2,"name":"Les parcours de sauts et de slopestyle","item":"https:\/\/www.guides-sports-loisirs.ca\/veloparcs\/les-parcours-de-sauts-et-de-slopestyle\/"},{"@type":"ListItem","position":3,"name":"Conception des parcours de sauts et de slopestyle"}]},{"@type":"WebSite","@id":"https:\/\/www.guides-sports-loisirs.ca\/veloparcs\/#website","url":"https:\/\/www.guides-sports-loisirs.ca\/veloparcs\/","name":"V\u00e9loparcs","description":"V\u00e9loparcs","potentialAction":[{"@type":"SearchAction","target":{"@type":"EntryPoint","urlTemplate":"https:\/\/www.guides-sports-loisirs.ca\/veloparcs\/?s={search_term_string}"},"query-input":{"@type":"PropertyValueSpecification","valueRequired":true,"valueName":"search_term_string"}}],"inLanguage":"fr-FR"}]}},"_links":{"self":[{"href":"https:\/\/www.guides-sports-loisirs.ca\/veloparcs\/wp-json\/wp\/v2\/pages\/925","targetHints":{"allow":["GET"]}}],"collection":[{"href":"https:\/\/www.guides-sports-loisirs.ca\/veloparcs\/wp-json\/wp\/v2\/pages"}],"about":[{"href":"https:\/\/www.guides-sports-loisirs.ca\/veloparcs\/wp-json\/wp\/v2\/types\/page"}],"author":[{"embeddable":true,"href":"https:\/\/www.guides-sports-loisirs.ca\/veloparcs\/wp-json\/wp\/v2\/users\/11"}],"replies":[{"embeddable":true,"href":"https:\/\/www.guides-sports-loisirs.ca\/veloparcs\/wp-json\/wp\/v2\/comments?post=925"}],"version-history":[{"count":8,"href":"https:\/\/www.guides-sports-loisirs.ca\/veloparcs\/wp-json\/wp\/v2\/pages\/925\/revisions"}],"predecessor-version":[{"id":1617,"href":"https:\/\/www.guides-sports-loisirs.ca\/veloparcs\/wp-json\/wp\/v2\/pages\/925\/revisions\/1617"}],"up":[{"embeddable":true,"href":"https:\/\/www.guides-sports-loisirs.ca\/veloparcs\/wp-json\/wp\/v2\/pages\/914"}],"wp:attachment":[{"href":"https:\/\/www.guides-sports-loisirs.ca\/veloparcs\/wp-json\/wp\/v2\/media?parent=925"}],"curies":[{"name":"wp","href":"https:\/\/api.w.org\/{rel}","templated":true}]}}