{"id":210,"date":"2017-05-08T14:35:45","date_gmt":"2017-05-08T18:35:45","guid":{"rendered":"https:\/\/www.guides-sports-loisirs.ca\/veloparcs\/?page_id=210"},"modified":"2018-10-01T18:47:55","modified_gmt":"2018-10-01T22:47:55","slug":"les-buttes-et-plateformes-de-depart","status":"publish","type":"page","link":"https:\/\/www.guides-sports-loisirs.ca\/veloparcs\/les-composantes\/les-buttes-et-plateformes-de-depart\/","title":{"rendered":"Les buttes et plateformes de d\u00e9part"},"content":{"rendered":"<div class=\"wpb-content-wrapper\"><p>[vc_row row_height_percent=\u00a0\u00bb0&Prime; override_padding=\u00a0\u00bbyes\u00a0\u00bb h_padding=\u00a0\u00bb2&Prime; top_padding=\u00a0\u00bb3&Prime; bottom_padding=\u00a0\u00bb2&Prime; overlay_alpha=\u00a0\u00bb50&Prime; gutter_size=\u00a0\u00bb3&Prime; shift_y=\u00a0\u00bb0&Prime;][vc_column column_width_use_pixel=\u00a0\u00bbyes\u00a0\u00bb overlay_alpha=\u00a0\u00bb50&Prime; gutter_size=\u00a0\u00bb3&Prime; medium_width=\u00a0\u00bb0&Prime; shift_x=\u00a0\u00bb0&Prime; shift_y=\u00a0\u00bb0&Prime; z_index=\u00a0\u00bb0&Prime; width=\u00a0\u00bb1\/1&Prime; column_width_pixel=\u00a0\u00bb800&Prime;][vc_custom_heading]Fonction et description[\/vc_custom_heading][vc_column_text]La butte ou la plateforme de d\u00e9part a comme principale fonction de permettre au cycliste de gagner en vitesse en d\u00e9but de parcours pour franchir les sauts ou les obstacles et d\u2019assurer un atterrissage au bon endroit.<\/p>\n<p>Ensuite, elle permet de r\u00e9guler la quantit\u00e9 de cyclistes qui s\u2019\u00e9lancent en m\u00eame temps sur un parcours, ce qui contribue \u00e0 la s\u00e9curit\u00e9.<\/p>\n<p>C\u2019est \u00e9galement l\u2019endroit o\u00f9 on attend son tour ou l\u2019on observe les autres cyclistes pour s\u2019inspirer (le point de vue sur\u00e9lev\u00e9 s\u2019y pr\u00eate bien). C\u2019est donc un endroit social, qui doit \u00eatre accueillant (bancs, ombre).[\/vc_column_text][\/vc_column][\/vc_row][vc_row row_height_percent=\u00a0\u00bb0&Prime; override_padding=\u00a0\u00bbyes\u00a0\u00bb h_padding=\u00a0\u00bb2&Prime; top_padding=\u00a0\u00bb1&Prime; bottom_padding=\u00a0\u00bb2&Prime; overlay_alpha=\u00a0\u00bb50&Prime; gutter_size=\u00a0\u00bb3&Prime; shift_y=\u00a0\u00bb0&Prime;][vc_column column_width_use_pixel=\u00a0\u00bbyes\u00a0\u00bb overlay_alpha=\u00a0\u00bb50&Prime; gutter_size=\u00a0\u00bb2&Prime; medium_width=\u00a0\u00bb0&Prime; shift_x=\u00a0\u00bb0&Prime; shift_y=\u00a0\u00bb0&Prime; z_index=\u00a0\u00bb0&Prime; width=\u00a0\u00bb1\/1&Prime; column_width_pixel=\u00a0\u00bb800&Prime;][vc_single_image media=\u00a0\u00bb866&Prime; media_width_percent=\u00a0\u00bb100&Prime;][vc_column_text]<strong>Plateforme de d\u00e9part<\/strong><br \/>\n<em>V\u00e9loparc de Prineville, Oregon &#8211; Francis T\u00e9trault<\/em>[\/vc_column_text][\/vc_column][\/vc_row][vc_row row_height_percent=\u00a0\u00bb0&Prime; override_padding=\u00a0\u00bbyes\u00a0\u00bb h_padding=\u00a0\u00bb2&Prime; top_padding=\u00a0\u00bb3&Prime; bottom_padding=\u00a0\u00bb2&Prime; overlay_alpha=\u00a0\u00bb50&Prime; gutter_size=\u00a0\u00bb1&Prime; shift_y=\u00a0\u00bb0&Prime;][vc_column column_width_use_pixel=\u00a0\u00bbyes\u00a0\u00bb overlay_alpha=\u00a0\u00bb50&Prime; gutter_size=\u00a0\u00bb2&Prime; medium_width=\u00a0\u00bb0&Prime; shift_x=\u00a0\u00bb0&Prime; shift_y=\u00a0\u00bb0&Prime; z_index=\u00a0\u00bb0&Prime; width=\u00a0\u00bb1\/1&Prime; column_width_pixel=\u00a0\u00bb800&Prime;][vc_single_image media=\u00a0\u00bb867&Prime; media_width_percent=\u00a0\u00bb100&Prime;][vc_column_text]<strong>Butte de d\u00e9part &#8211; acc\u00e8s<\/strong><br \/>\n<em>Escalier d\u2019acc\u00e8s, Valmont Bike Park \u2013 Marc Jolicoeur<\/em>[\/vc_column_text][\/vc_column][\/vc_row][vc_row row_height_percent=\u00a0\u00bb0&Prime; override_padding=\u00a0\u00bbyes\u00a0\u00bb h_padding=\u00a0\u00bb2&Prime; top_padding=\u00a0\u00bb3&Prime; bottom_padding=\u00a0\u00bb2&Prime; overlay_alpha=\u00a0\u00bb50&Prime; gutter_size=\u00a0\u00bb3&Prime; shift_y=\u00a0\u00bb0&Prime;][vc_column column_width_use_pixel=\u00a0\u00bbyes\u00a0\u00bb overlay_alpha=\u00a0\u00bb50&Prime; gutter_size=\u00a0\u00bb3&Prime; medium_width=\u00a0\u00bb0&Prime; shift_x=\u00a0\u00bb0&Prime; shift_y=\u00a0\u00bb0&Prime; z_index=\u00a0\u00bb0&Prime; width=\u00a0\u00bb1\/1&Prime; column_width_pixel=\u00a0\u00bb800&Prime;][vc_custom_heading]Conception[\/vc_custom_heading][vc_column_text]La butte de d\u00e9part peut \u00eatre constitu\u00e9e de terre, de conteneurs enterr\u00e9s ou recouverts d\u2019une structure, ou tout simplement construite d\u2019acier ou de bois.<\/p>\n<ul>\n<li>La butte de terre\u00a0: faire la fondation en pierre et gazonner les c\u00f4t\u00e9s pour minimiser l\u2019\u00e9rosion;<\/li>\n<li>La butte constitu\u00e9e d\u2019un conteneur\u00a0:\n<ul>\n<li>le conteneur permet l\u2019entreposage d\u2019outils d\u2019entretien, de modules et de signalisation,<\/li>\n<li>le conteneur n\u2019est pas con\u00e7u pour supporter un grand poids\u00a0: il doit \u00eatre renforc\u00e9 \u00e0 l\u2019int\u00e9rieur (ou il faut construire la plateforme de d\u00e9part autour du conteneur);<\/li>\n<\/ul>\n<\/li>\n<li>Les panneaux d\u2019information et les r\u00e8glements y sont affich\u00e9s;<\/li>\n<li>La plateforme devrait couvrir un espace suffisant pour au moins 10\u00a0usagers;<\/li>\n<li>Le guide de construction des pistes de BMX de la F\u00e9d\u00e9ration qu\u00e9b\u00e9coise des sports cyclistes<a href=\"#_ftn1\" name=\"_ftnref1\">[1]<\/a> donne des d\u00e9tails sur sa conception; les dimensions devront tenir compte de la vitesse pr\u00e9vue sur la piste pour laquelle la butte fournit l\u2019impulsion de d\u00e9part;<\/li>\n<li>L\u2019installation d\u2019une grille de d\u00e9part est peu courante dans les v\u00e9loparcs.<\/li>\n<\/ul>\n<hr \/>\n<p><a href=\"#_ftnref1\" name=\"_ftn1\">[1]<\/a> <a href=\"https:\/\/fqsc.net\/files\/bmx\/Pages\/guide-de-construction-decembre-2013.pdf\" target=\"_blank\" rel=\"noopener\">https:\/\/fqsc.net\/files\/bmx\/Pages\/guide-de-construction-decembre-2013.pdf<\/a>[\/vc_column_text][\/vc_column][\/vc_row][vc_row row_height_percent=\u00a0\u00bb0&Prime; override_padding=\u00a0\u00bbyes\u00a0\u00bb h_padding=\u00a0\u00bb2&Prime; top_padding=\u00a0\u00bb3&Prime; bottom_padding=\u00a0\u00bb2&Prime; overlay_alpha=\u00a0\u00bb50&Prime; gutter_size=\u00a0\u00bb3&Prime; shift_y=\u00a0\u00bb0&Prime;][vc_column column_width_use_pixel=\u00a0\u00bbyes\u00a0\u00bb overlay_alpha=\u00a0\u00bb50&Prime; gutter_size=\u00a0\u00bb3&Prime; medium_width=\u00a0\u00bb0&Prime; shift_x=\u00a0\u00bb0&Prime; shift_y=\u00a0\u00bb0&Prime; z_index=\u00a0\u00bb0&Prime; width=\u00a0\u00bb1\/1&Prime; column_width_pixel=\u00a0\u00bb800&Prime;][vc_custom_heading]L\u2019escalier d\u2019acc\u00e8s[\/vc_custom_heading][vc_column_text]<\/p>\n<ul>\n<li>L\u2019escalier d\u2019acc\u00e8s doit \u00eatre \u00e9quip\u00e9 d\u2019un plan inclin\u00e9 ou d\u2019une goulotte pour faire rouler le v\u00e9lo en le poussant, et ce, pour faciliter l\u2019acc\u00e8s (plut\u00f4t que de devoir porter le v\u00e9lo sur l\u2019\u00e9paule ou lui faire sauter les marches);<\/li>\n<\/ul>\n<blockquote><p>\u00ab\u00a0Pour un escalier ext\u00e9rieur, la profondeur du giron (marche) doit \u00eatre comprise entre 24 et 34\u00a0cm. La hauteur de la contremarche recommand\u00e9e est de 14 ou 15\u00a0cm. (\u2026) Une main courante de 85 \u00e0 90\u00a0cm de hauteur (\u2026) sert de garde-corps.\u00a0\u00bb<a href=\"#_ftn1\" name=\"_ftnref1\"><strong>[1]<\/strong><\/a><\/p><\/blockquote>\n<ul>\n<li>Une main courante d\u2019un seul c\u00f4t\u00e9 suffit si l\u2019escalier est am\u00e9nag\u00e9 \u00e0 m\u00eame le sol, puisqu\u2019il n\u2019y a pas de risque de chute; la goulotte ou le plan inclin\u00e9 est am\u00e9nag\u00e9 du c\u00f4t\u00e9 oppos\u00e9. Si l\u2019escalier est une structure a\u00e9rienne, deux\u00a0garde-corps sont requis, avec un d\u00e9gagement du c\u00f4t\u00e9 de la goulotte pour que le guidon ne s\u2019accroche pas dans la main courante.<\/li>\n<\/ul>\n<hr \/>\n<p><a href=\"#_ftnref1\" name=\"_ftn1\">[1]<\/a><a href=\"http:\/\/www.velo.qc.ca\/fr\/expertise\/publications-techniques\"><em>Am\u00e9nagements en faveur des pi\u00e9tons et des cyclistes<\/em>, V\u00e9lo Qu\u00e9bec Association, 2009, p.\u00a032.<\/a>[\/vc_column_text][\/vc_column][\/vc_row][vc_row row_height_percent=\u00a0\u00bb0&Prime; override_padding=\u00a0\u00bbyes\u00a0\u00bb h_padding=\u00a0\u00bb2&Prime; top_padding=\u00a0\u00bb2&Prime; bottom_padding=\u00a0\u00bb2&Prime; overlay_alpha=\u00a0\u00bb50&Prime; gutter_size=\u00a0\u00bb3&Prime; shift_y=\u00a0\u00bb0&Prime;][vc_column column_width_use_pixel=\u00a0\u00bbyes\u00a0\u00bb overlay_alpha=\u00a0\u00bb50&Prime; gutter_size=\u00a0\u00bb2&Prime; medium_width=\u00a0\u00bb0&Prime; shift_x=\u00a0\u00bb0&Prime; shift_y=\u00a0\u00bb0&Prime; z_index=\u00a0\u00bb0&Prime; width=\u00a0\u00bb1\/1&Prime; column_width_pixel=\u00a0\u00bb800&Prime;][vc_button button_color=\u00a0\u00bbaccent\u00a0\u00bb size=\u00a0\u00bbbtn-lg\u00a0\u00bb radius=\u00a0\u00bbbtn-circle\u00a0\u00bb icon_position=\u00a0\u00bbright\u00a0\u00bb link=\u00a0\u00bburl:https%3A%2F%2Fwww.guides-sports-loisirs.ca%2Fveloparcs%2Fwp-content%2Fuploads%2Fsites%2F6%2F2017%2F03%2FGIS_VP_F9_ButtesEtPlateformesDeDepart-.pdf||target:%20_blank|\u00a0\u00bb icon=\u00a0\u00bbfa fa-file-o\u00a0\u00bb]Version PDF[\/vc_button][\/vc_column][\/vc_row]<\/p>\n<\/div>","protected":false},"excerpt":{"rendered":"<p>[vc_row row_height_percent=\u00a0\u00bb0&Prime; override_padding=\u00a0\u00bbyes\u00a0\u00bb h_padding=\u00a0\u00bb2&Prime; top_padding=\u00a0\u00bb3&Prime; bottom_padding=\u00a0\u00bb2&Prime; overlay_alpha=\u00a0\u00bb50&Prime; gutter_size=\u00a0\u00bb3&Prime; shift_y=\u00a0\u00bb0&Prime;][vc_column column_width_use_pixel=\u00a0\u00bbyes\u00a0\u00bb overlay_alpha=\u00a0\u00bb50&Prime; gutter_size=\u00a0\u00bb3&Prime; medium_width=\u00a0\u00bb0&Prime; shift_x=\u00a0\u00bb0&Prime; shift_y=\u00a0\u00bb0&Prime; z_index=\u00a0\u00bb0&Prime; width=\u00a0\u00bb1\/1&Prime; column_width_pixel=\u00a0\u00bb800&Prime;][vc_custom_heading]Fonction et description[\/vc_custom_heading][vc_column_text]La [&hellip;]<\/p>\n","protected":false},"author":11,"featured_media":0,"parent":205,"menu_order":0,"comment_status":"closed","ping_status":"closed","template":"","meta":{"_acf_changed":false,"footnotes":""},"class_list":["post-210","page","type-page","status-publish","hentry"],"acf":[],"yoast_head":"<!-- This site is optimized with the Yoast SEO plugin v27.4 - https:\/\/yoast.com\/product\/yoast-seo-wordpress\/ -->\n<title>Les buttes et plateformes de d\u00e9part - V\u00e9loparcs<\/title>\n<meta name=\"robots\" content=\"index, follow, max-snippet:-1, max-image-preview:large, max-video-preview:-1\" \/>\n<link rel=\"canonical\" href=\"https:\/\/www.guides-sports-loisirs.ca\/veloparcs\/les-composantes\/les-buttes-et-plateformes-de-depart\/\" \/>\n<meta property=\"og:locale\" content=\"fr_FR\" \/>\n<meta property=\"og:type\" content=\"article\" \/>\n<meta property=\"og:title\" content=\"Les buttes et plateformes de d\u00e9part - V\u00e9loparcs\" \/>\n<meta property=\"og:description\" content=\"[vc_row row_height_percent=\u00a0\u00bb0&Prime; override_padding=\u00a0\u00bbyes\u00a0\u00bb h_padding=\u00a0\u00bb2&Prime; top_padding=\u00a0\u00bb3&Prime; bottom_padding=\u00a0\u00bb2&Prime; overlay_alpha=\u00a0\u00bb50&Prime; gutter_size=\u00a0\u00bb3&Prime; shift_y=\u00a0\u00bb0&Prime;][vc_column column_width_use_pixel=\u00a0\u00bbyes\u00a0\u00bb overlay_alpha=\u00a0\u00bb50&Prime; gutter_size=\u00a0\u00bb3&Prime; medium_width=\u00a0\u00bb0&Prime; shift_x=\u00a0\u00bb0&Prime; shift_y=\u00a0\u00bb0&Prime; z_index=\u00a0\u00bb0&Prime; width=\u00a0\u00bb1\/1&Prime; column_width_pixel=\u00a0\u00bb800&Prime;][vc_custom_heading]Fonction et description[\/vc_custom_heading][vc_column_text]La [&hellip;]\" \/>\n<meta property=\"og:url\" content=\"https:\/\/www.guides-sports-loisirs.ca\/veloparcs\/les-composantes\/les-buttes-et-plateformes-de-depart\/\" \/>\n<meta property=\"og:site_name\" content=\"V\u00e9loparcs\" \/>\n<meta property=\"article:modified_time\" content=\"2018-10-01T22:47:55+00:00\" \/>\n<meta name=\"twitter:card\" content=\"summary_large_image\" \/>\n<meta name=\"twitter:label1\" content=\"Dur\u00e9e de lecture estim\u00e9e\" \/>\n\t<meta name=\"twitter:data1\" content=\"5 minutes\" \/>\n<script type=\"application\/ld+json\" class=\"yoast-schema-graph\">{\"@context\":\"https:\\\/\\\/schema.org\",\"@graph\":[{\"@type\":\"WebPage\",\"@id\":\"https:\\\/\\\/www.guides-sports-loisirs.ca\\\/veloparcs\\\/les-composantes\\\/les-buttes-et-plateformes-de-depart\\\/\",\"url\":\"https:\\\/\\\/www.guides-sports-loisirs.ca\\\/veloparcs\\\/les-composantes\\\/les-buttes-et-plateformes-de-depart\\\/\",\"name\":\"Les buttes et plateformes de d\u00e9part - V\u00e9loparcs\",\"isPartOf\":{\"@id\":\"https:\\\/\\\/www.guides-sports-loisirs.ca\\\/veloparcs\\\/#website\"},\"datePublished\":\"2017-05-08T18:35:45+00:00\",\"dateModified\":\"2018-10-01T22:47:55+00:00\",\"breadcrumb\":{\"@id\":\"https:\\\/\\\/www.guides-sports-loisirs.ca\\\/veloparcs\\\/les-composantes\\\/les-buttes-et-plateformes-de-depart\\\/#breadcrumb\"},\"inLanguage\":\"fr-FR\",\"potentialAction\":[{\"@type\":\"ReadAction\",\"target\":[\"https:\\\/\\\/www.guides-sports-loisirs.ca\\\/veloparcs\\\/les-composantes\\\/les-buttes-et-plateformes-de-depart\\\/\"]}]},{\"@type\":\"BreadcrumbList\",\"@id\":\"https:\\\/\\\/www.guides-sports-loisirs.ca\\\/veloparcs\\\/les-composantes\\\/les-buttes-et-plateformes-de-depart\\\/#breadcrumb\",\"itemListElement\":[{\"@type\":\"ListItem\",\"position\":1,\"name\":\"Accueil\",\"item\":\"https:\\\/\\\/www.guides-sports-loisirs.ca\\\/veloparcs\\\/\"},{\"@type\":\"ListItem\",\"position\":2,\"name\":\"Les composantes\",\"item\":\"https:\\\/\\\/www.guides-sports-loisirs.ca\\\/veloparcs\\\/les-composantes\\\/\"},{\"@type\":\"ListItem\",\"position\":3,\"name\":\"Les buttes et plateformes de d\u00e9part\"}]},{\"@type\":\"WebSite\",\"@id\":\"https:\\\/\\\/www.guides-sports-loisirs.ca\\\/veloparcs\\\/#website\",\"url\":\"https:\\\/\\\/www.guides-sports-loisirs.ca\\\/veloparcs\\\/\",\"name\":\"V\u00e9loparcs\",\"description\":\"V\u00e9loparcs\",\"potentialAction\":[{\"@type\":\"SearchAction\",\"target\":{\"@type\":\"EntryPoint\",\"urlTemplate\":\"https:\\\/\\\/www.guides-sports-loisirs.ca\\\/veloparcs\\\/?s={search_term_string}\"},\"query-input\":{\"@type\":\"PropertyValueSpecification\",\"valueRequired\":true,\"valueName\":\"search_term_string\"}}],\"inLanguage\":\"fr-FR\"}]}<\/script>\n<!-- \/ Yoast SEO plugin. -->","yoast_head_json":{"title":"Les buttes et plateformes de d\u00e9part - V\u00e9loparcs","robots":{"index":"index","follow":"follow","max-snippet":"max-snippet:-1","max-image-preview":"max-image-preview:large","max-video-preview":"max-video-preview:-1"},"canonical":"https:\/\/www.guides-sports-loisirs.ca\/veloparcs\/les-composantes\/les-buttes-et-plateformes-de-depart\/","og_locale":"fr_FR","og_type":"article","og_title":"Les buttes et plateformes de d\u00e9part - V\u00e9loparcs","og_description":"[vc_row row_height_percent=\u00a0\u00bb0&Prime; override_padding=\u00a0\u00bbyes\u00a0\u00bb h_padding=\u00a0\u00bb2&Prime; top_padding=\u00a0\u00bb3&Prime; bottom_padding=\u00a0\u00bb2&Prime; overlay_alpha=\u00a0\u00bb50&Prime; gutter_size=\u00a0\u00bb3&Prime; shift_y=\u00a0\u00bb0&Prime;][vc_column column_width_use_pixel=\u00a0\u00bbyes\u00a0\u00bb overlay_alpha=\u00a0\u00bb50&Prime; gutter_size=\u00a0\u00bb3&Prime; medium_width=\u00a0\u00bb0&Prime; shift_x=\u00a0\u00bb0&Prime; shift_y=\u00a0\u00bb0&Prime; z_index=\u00a0\u00bb0&Prime; width=\u00a0\u00bb1\/1&Prime; column_width_pixel=\u00a0\u00bb800&Prime;][vc_custom_heading]Fonction et description[\/vc_custom_heading][vc_column_text]La [&hellip;]","og_url":"https:\/\/www.guides-sports-loisirs.ca\/veloparcs\/les-composantes\/les-buttes-et-plateformes-de-depart\/","og_site_name":"V\u00e9loparcs","article_modified_time":"2018-10-01T22:47:55+00:00","twitter_card":"summary_large_image","twitter_misc":{"Dur\u00e9e de lecture estim\u00e9e":"5 minutes"},"schema":{"@context":"https:\/\/schema.org","@graph":[{"@type":"WebPage","@id":"https:\/\/www.guides-sports-loisirs.ca\/veloparcs\/les-composantes\/les-buttes-et-plateformes-de-depart\/","url":"https:\/\/www.guides-sports-loisirs.ca\/veloparcs\/les-composantes\/les-buttes-et-plateformes-de-depart\/","name":"Les buttes et plateformes de d\u00e9part - V\u00e9loparcs","isPartOf":{"@id":"https:\/\/www.guides-sports-loisirs.ca\/veloparcs\/#website"},"datePublished":"2017-05-08T18:35:45+00:00","dateModified":"2018-10-01T22:47:55+00:00","breadcrumb":{"@id":"https:\/\/www.guides-sports-loisirs.ca\/veloparcs\/les-composantes\/les-buttes-et-plateformes-de-depart\/#breadcrumb"},"inLanguage":"fr-FR","potentialAction":[{"@type":"ReadAction","target":["https:\/\/www.guides-sports-loisirs.ca\/veloparcs\/les-composantes\/les-buttes-et-plateformes-de-depart\/"]}]},{"@type":"BreadcrumbList","@id":"https:\/\/www.guides-sports-loisirs.ca\/veloparcs\/les-composantes\/les-buttes-et-plateformes-de-depart\/#breadcrumb","itemListElement":[{"@type":"ListItem","position":1,"name":"Accueil","item":"https:\/\/www.guides-sports-loisirs.ca\/veloparcs\/"},{"@type":"ListItem","position":2,"name":"Les composantes","item":"https:\/\/www.guides-sports-loisirs.ca\/veloparcs\/les-composantes\/"},{"@type":"ListItem","position":3,"name":"Les buttes et plateformes de d\u00e9part"}]},{"@type":"WebSite","@id":"https:\/\/www.guides-sports-loisirs.ca\/veloparcs\/#website","url":"https:\/\/www.guides-sports-loisirs.ca\/veloparcs\/","name":"V\u00e9loparcs","description":"V\u00e9loparcs","potentialAction":[{"@type":"SearchAction","target":{"@type":"EntryPoint","urlTemplate":"https:\/\/www.guides-sports-loisirs.ca\/veloparcs\/?s={search_term_string}"},"query-input":{"@type":"PropertyValueSpecification","valueRequired":true,"valueName":"search_term_string"}}],"inLanguage":"fr-FR"}]}},"_links":{"self":[{"href":"https:\/\/www.guides-sports-loisirs.ca\/veloparcs\/wp-json\/wp\/v2\/pages\/210","targetHints":{"allow":["GET"]}}],"collection":[{"href":"https:\/\/www.guides-sports-loisirs.ca\/veloparcs\/wp-json\/wp\/v2\/pages"}],"about":[{"href":"https:\/\/www.guides-sports-loisirs.ca\/veloparcs\/wp-json\/wp\/v2\/types\/page"}],"author":[{"embeddable":true,"href":"https:\/\/www.guides-sports-loisirs.ca\/veloparcs\/wp-json\/wp\/v2\/users\/11"}],"replies":[{"embeddable":true,"href":"https:\/\/www.guides-sports-loisirs.ca\/veloparcs\/wp-json\/wp\/v2\/comments?post=210"}],"version-history":[{"count":42,"href":"https:\/\/www.guides-sports-loisirs.ca\/veloparcs\/wp-json\/wp\/v2\/pages\/210\/revisions"}],"predecessor-version":[{"id":1604,"href":"https:\/\/www.guides-sports-loisirs.ca\/veloparcs\/wp-json\/wp\/v2\/pages\/210\/revisions\/1604"}],"up":[{"embeddable":true,"href":"https:\/\/www.guides-sports-loisirs.ca\/veloparcs\/wp-json\/wp\/v2\/pages\/205"}],"wp:attachment":[{"href":"https:\/\/www.guides-sports-loisirs.ca\/veloparcs\/wp-json\/wp\/v2\/media?parent=210"}],"curies":[{"name":"wp","href":"https:\/\/api.w.org\/{rel}","templated":true}]}}