{"id":1309,"date":"2018-09-13T10:37:32","date_gmt":"2018-09-13T14:37:32","guid":{"rendered":"https:\/\/www.guides-sports-loisirs.ca\/veloparcs\/?page_id=1309"},"modified":"2024-12-13T15:15:19","modified_gmt":"2024-12-13T20:15:19","slug":"les-modalites-dattribution-des-contrats","status":"publish","type":"page","link":"https:\/\/www.guides-sports-loisirs.ca\/veloparcs\/le-processus-de-conception-et-de-construction\/les-modalites-dattribution-des-contrats\/","title":{"rendered":"Les modalit\u00e9s d\u2019attribution des contrats"},"content":{"rendered":"<div class=\"wpb-content-wrapper\"><p>[vc_row row_height_percent=\u00a0\u00bb0&Prime; override_padding=\u00a0\u00bbyes\u00a0\u00bb h_padding=\u00a0\u00bb2&Prime; top_padding=\u00a0\u00bb3&Prime; bottom_padding=\u00a0\u00bb2&Prime; overlay_alpha=\u00a0\u00bb50&Prime; gutter_size=\u00a0\u00bb3&Prime; shift_y=\u00a0\u00bb0&Prime;][vc_column column_width_use_pixel=\u00a0\u00bbyes\u00a0\u00bb gutter_size=\u00a0\u00bb3&Prime; overlay_alpha=\u00a0\u00bb50&Prime; shift_x=\u00a0\u00bb0&Prime; shift_y=\u00a0\u00bb0&Prime; z_index=\u00a0\u00bb0&Prime; medium_width=\u00a0\u00bb0&Prime; width=\u00a0\u00bb1\/1&Prime; column_width_pixel=\u00a0\u00bb800&Prime;][vc_column_text]Le promoteur accorde un contrat de conception-construction ou des contrats s\u00e9par\u00e9s de conception et de construction, \u00e0 moins qu\u2019il r\u00e9alise lui-m\u00eame ces activit\u00e9s (on utilise alors l\u2019expression\u00a0\u00ab\u00a0en r\u00e9gie\u00a0\u00bb). L\u2019attribution de contrats peut se faire de trois fa\u00e7ons\u00a0:<\/p>\n<ul>\n<li>De gr\u00e9 \u00e0 gr\u00e9, en s\u2019adressant directement \u00e0 l\u2019organisme qui effectuera la conception ou la construction (les groupes de b\u00e9n\u00e9voles entrent dans cette cat\u00e9gorie, l\u2019entente avec la municipalit\u00e9 constituant une sorte de contrat);<\/li>\n<li>Par appel d\u2019offres sur invitation (le promoteur invite directement des organismes \u00e0 d\u00e9poser des offres);<\/li>\n<li>Par appel d\u2019offres public (le promoteur rend publique une invitation \u00e0 d\u00e9poser une offre. Tous les organismes qui le souhaitent peuvent alors en d\u00e9poser une).<\/li>\n<\/ul>\n<p>Au Qu\u00e9bec, l\u2019attribution de contrats par les municipalit\u00e9s est r\u00e9gie par le projet de loi no\u00a0122, adopt\u00e9 en juin 2017[1], en vertu duquel\u00a0:<\/p>\n<ul>\n<li>Une municipalit\u00e9 peut accorder un contrat de gr\u00e9 \u00e0 gr\u00e9 lorsque la valeur du contrat est inf\u00e9rieure \u00e0 25\u00a0000\u00a0$, taxes comprises. Si la municipalit\u00e9 a adopt\u00e9 une r\u00e9glementation qui pr\u00e9cise les conditions d\u2019attribution du contrat, la limite pour l\u2019attribution de contrats de gr\u00e9 \u00e0 gr\u00e9 peut \u00eatre port\u00e9e \u00e0 un maximum de 100\u00a0000\u00a0$;<\/li>\n<li>Une municipalit\u00e9 peut proc\u00e9der par appel d\u2019offres sur invitation pour tout contrat de moins de 100\u00a0000\u00a0$. Au moins trois soumissionnaires doivent \u00eatre invit\u00e9s;<\/li>\n<li>Une municipalit\u00e9 doit proc\u00e9der par appel d\u2019offres public pour tout contrat de plus de 100\u00a0000\u00a0$.<\/li>\n<\/ul>\n<p>[1] <a href=\"https:\/\/cdn-contenu.quebec.ca\/cdn-contenu\/adm\/min\/affaires-municipales\/publications\/muni_express\/muni_express_pl_122.pdf\" target=\"_blank\" rel=\"noopener\">https:\/\/cdn-contenu.quebec.ca\/cdn-contenu\/adm\/min\/affaires-municipales\/publications\/muni_express\/muni_express_pl_122.pdf<\/a>[\/vc_column_text][vc_custom_heading]S\u00e9lection de l\u2019entrepreneur[\/vc_custom_heading][vc_accordion][vc_accordion_tab title=\u00a0\u00bbPour un contrat de gr\u00e9 \u00e0 gr\u00e9 ou un appel d\u2019offres sur invitation\u00a0\u00bb tab_id=\u00a0\u00bb7eeceb40-b968-4&Prime;][vc_column_text]Les crit\u00e8res de s\u00e9lection suivants sont recommand\u00e9s pour faciliter le choix d\u2019un entrepreneur dans le cadre d\u2019un appel d\u2019offres de gr\u00e9 \u00e0 gr\u00e9. On tente ici de concilier la comp\u00e9tence et la compr\u00e9hension de l\u2019activit\u00e9, n\u00e9cessaires \u00e0 la livraison d\u2019un produit proposant une exp\u00e9rience de qualit\u00e9.<\/p>\n<ul>\n<li>Licence d\u2019entrepreneur en construction (RBQ);<\/li>\n<li>Assurance responsabilit\u00e9-civile et assurance erreurs et omissions;<\/li>\n<li>Exp\u00e9rience pertinente (au moins trois r\u00e9f\u00e9rences \u00e0 v\u00e9rifier);<\/li>\n<li>Qualifications professionnelles facultatives (PTBA[1], APPQ, etc.);<\/li>\n<li>Exp\u00e9rience de l\u2019\u00e9quipe assign\u00e9e au projet;<\/li>\n<li>Type d\u2019\u00e9quipement utilis\u00e9;<\/li>\n<li>Exp\u00e9rience de gestion de projets avec des b\u00e9n\u00e9voles;<\/li>\n<li>Un minimum de trois projets de r\u00e9f\u00e9rence de calibre comparable;<\/li>\n<li>Un minimum de trois ans d\u2019exp\u00e9rience en am\u00e9nagement de sentiers ou de parcs;<\/li>\n<li>Une liste de qualifications de l\u2019entreprise (licence RBQ, entre autres), selon les caract\u00e9ristiques du projet;<\/li>\n<li>Une liste du personnel cl\u00e9 (avec cartes de qualifications\/certifications) et des \u00e9quipements utilis\u00e9s pour le projet;<\/li>\n<li>Le cadre de gestion de risque sur le chantier;<\/li>\n<li>Une police d\u2019assurance-responsabilit\u00e9, avec possibilit\u00e9 d\u2019ajouter le client (la municipalit\u00e9) comme assur\u00e9 additionnel au contrat;<\/li>\n<li>Un \u00e9ch\u00e9ancier clair avec des dates fixes de livrables;<\/li>\n<li>Des conditions de paiement flexibles.<\/li>\n<\/ul>\n<p>Au Qu\u00e9bec, pour les projets publics, vous devez \u00e9galement exiger une attestation de revenu[2] de Revenu Qu\u00e9bec. \u00c0 noter que la plupart des entreprises sp\u00e9cialis\u00e9es en am\u00e9nagement d\u2019infrastructures de v\u00e9lo sont de petites PME et n\u2019ont pas les moyens de d\u00e9poser des cautions de soumission ou d\u2019ex\u00e9cution majeures. La majorit\u00e9 des projets de sentiers qui sont l\u2019objet d\u2019appel d\u2019offres n\u2019ont pas de clause de cautionnement, mais peuvent contenir une clause de r\u00e9tention pour garantie (g\u00e9n\u00e9ralement 5 \u00e0 10\u00a0% sur 1 an).<\/p>\n<p>[1] <a href=\"https:\/\/www.trailbuilders.org\/\" target=\"_blank\" rel=\"noopener\">Professional Trailbuilders Association, http:\/\/www.trailbuilders.org\/<\/a><br \/>\n[2] <a href=\"https:\/\/www.revenuquebec.ca\/fr\/entreprises\/mesures-particulieres\/attestation-de-revenu-quebec\/\" target=\"_blank\" rel=\"noopener\">https:\/\/www.revenuquebec.ca\/fr\/entreprises\/mesures-particulieres\/attestation-de-revenu-quebec\/<\/a>[\/vc_column_text][\/vc_accordion_tab][vc_accordion_tab title=\u00a0\u00bbPour un appel d&rsquo;offres public\u00a0\u00bb tab_id=\u00a0\u00bb17798edc-3189-2&Prime;][vc_column_text]L\u2019appel d\u2019offres public doit exiger des soumissionnaires qu\u2019ils prouvent leur qualification professionnelle, et la m\u00e9thode d\u2019\u00e9valuation doit en tenir compte\u00a0:<\/p>\n<ul>\n<li>\u00c9l\u00e9ments obligatoires sans lesquels la soumission est rejet\u00e9e (ex.\u00a0: on peut exiger une licence de la RBQ, si applicable, des assurances, etc.);<\/li>\n<li>\u00c9l\u00e9ments dont la pr\u00e9sence constitue un atout (ex.\u00a0: exp\u00e9rience, qualification professionnelle) si le choix du soumissionnaire se fait sur la base d\u2019un pointage et non seulement du plus bas prix.<\/li>\n<\/ul>\n<p>[\/vc_column_text][\/vc_accordion_tab][\/vc_accordion][vc_custom_heading]Crit\u00e8res d\u2019exclusion d\u2019un entrepreneur dans un processus d\u2019appel d\u2019offres public[\/vc_custom_heading][vc_column_text]Pour \u00e9viter de devoir donner le contrat \u00e0 un entrepreneur qui ne conna\u00eet pas les besoins pr\u00e9cis de l\u2019activit\u00e9 (par exemple, la construction de sauts, qui repose sur des connaissances apprises sur le terrain), certains crit\u00e8res pourront \u00eatre incorpor\u00e9s dans la grille d\u2019\u00e9valuation. Autrement, il y a peu de cas o\u00f9 un candidat sera \u00e9limin\u00e9 du processus.<\/p>\n<blockquote><p><span style=\"color: #000000\">\u00ab\u00a0En r\u00e9sum\u00e9, il y a donc quatre motifs qui peuvent aboutir \u00e0 l\u2019\u00e9limination d\u2019un candidat\u00a0:<\/span><\/p>\n<ul>\n<li><span style=\"color: #000000\">\u00c9limination pour dossier incomplet ou par interdiction de soumissionner;<\/span><\/li>\n<li><span style=\"color: #000000\">\u00c9limination pour insuffisance de capacit\u00e9;<\/span><\/li>\n<li><span style=\"color: #000000\">\u00c9limination pour non-atteinte des niveaux minimaux demand\u00e9s<\/span><\/li>\n<li><span style=\"color: #000000\">S\u00e9lection des meilleurs candidats[1]\u00a0\u00bb<\/span><\/li>\n<\/ul>\n<\/blockquote>\n<p>[1] <a href=\"https:\/\/cdn.ca.yapla.com\/company\/CPYTPVeEVFqerTnwsT5fOchU\/edm\/documents\/criteres-d-octroi-des-contrats-publics-en-conception-construction.pdf\" target=\"_blank\" rel=\"noopener\">\u00c9tablissement de crit\u00e8res d\u2019adjudication, pour des contrats publics r\u00e9alis\u00e9s en mode conception-construction, \u00c9TS et Corporation des entrepreneurs g\u00e9n\u00e9raux du Qu\u00e9bec<\/a>, p. 42.[\/vc_column_text][vc_empty_space empty_h=\u00a0\u00bb2&Prime;][vc_column_text]D\u00e9cembre 2024[\/vc_column_text][\/vc_column][\/vc_row][vc_row row_height_percent=\u00a0\u00bb0&Prime; override_padding=\u00a0\u00bbyes\u00a0\u00bb h_padding=\u00a0\u00bb2&Prime; top_padding=\u00a0\u00bb2&Prime; bottom_padding=\u00a0\u00bb2&Prime; overlay_alpha=\u00a0\u00bb50&Prime; gutter_size=\u00a0\u00bb3&Prime; shift_y=\u00a0\u00bb0&Prime;][vc_column column_width_use_pixel=\u00a0\u00bbyes\u00a0\u00bb gutter_size=\u00a0\u00bb2&Prime; overlay_alpha=\u00a0\u00bb50&Prime; shift_x=\u00a0\u00bb0&Prime; shift_y=\u00a0\u00bb0&Prime; z_index=\u00a0\u00bb0&Prime; medium_width=\u00a0\u00bb0&Prime; width=\u00a0\u00bb1\/1&Prime; column_width_pixel=\u00a0\u00bb800&Prime;][vc_button button_color=\u00a0\u00bbaccent\u00a0\u00bb size=\u00a0\u00bbbtn-lg\u00a0\u00bb radius=\u00a0\u00bbbtn-circle\u00a0\u00bb border_width=\u00a0\u00bb0&Prime; icon_position=\u00a0\u00bbright\u00a0\u00bb link=\u00a0\u00bburl:https%3A%2F%2Fwww.guides-sports-loisirs.ca%2Fveloparcs%2Fwp-content%2Fuploads%2Fsites%2F6%2F2024%2F12%2FGIS_VP_F46_ModalitesDAttributionDesContrats_2024.pdf||target:%20_blank|\u00a0\u00bb icon=\u00a0\u00bbfa fa-file-o\u00a0\u00bb]Version PDF[\/vc_button][\/vc_column][\/vc_row]<\/p>\n<\/div>","protected":false},"excerpt":{"rendered":"<p>[vc_row row_height_percent=\u00a0\u00bb0&Prime; override_padding=\u00a0\u00bbyes\u00a0\u00bb h_padding=\u00a0\u00bb2&Prime; top_padding=\u00a0\u00bb3&Prime; bottom_padding=\u00a0\u00bb2&Prime; overlay_alpha=\u00a0\u00bb50&Prime; gutter_size=\u00a0\u00bb3&Prime; shift_y=\u00a0\u00bb0&Prime;][vc_column column_width_use_pixel=\u00a0\u00bbyes\u00a0\u00bb gutter_size=\u00a0\u00bb3&Prime; overlay_alpha=\u00a0\u00bb50&Prime; shift_x=\u00a0\u00bb0&Prime; shift_y=\u00a0\u00bb0&Prime; z_index=\u00a0\u00bb0&Prime; medium_width=\u00a0\u00bb0&Prime; width=\u00a0\u00bb1\/1&Prime; column_width_pixel=\u00a0\u00bb800&Prime;][vc_column_text]Le promoteur accorde [&hellip;]<\/p>\n","protected":false},"author":11,"featured_media":0,"parent":1197,"menu_order":0,"comment_status":"closed","ping_status":"closed","template":"","meta":{"_acf_changed":false,"footnotes":""},"class_list":["post-1309","page","type-page","status-publish","hentry"],"acf":[],"yoast_head":"<!-- This site is optimized with the Yoast SEO plugin v27.2 - https:\/\/yoast.com\/product\/yoast-seo-wordpress\/ -->\n<title>Les modalit\u00e9s d\u2019attribution des contrats - V\u00e9loparcs<\/title>\n<meta name=\"robots\" content=\"index, follow, max-snippet:-1, max-image-preview:large, max-video-preview:-1\" \/>\n<link rel=\"canonical\" href=\"https:\/\/www.guides-sports-loisirs.ca\/veloparcs\/le-processus-de-conception-et-de-construction\/les-modalites-dattribution-des-contrats\/\" \/>\n<meta property=\"og:locale\" content=\"fr_FR\" \/>\n<meta property=\"og:type\" content=\"article\" \/>\n<meta property=\"og:title\" content=\"Les modalit\u00e9s d\u2019attribution des contrats - V\u00e9loparcs\" \/>\n<meta property=\"og:description\" content=\"[vc_row row_height_percent=\u00a0\u00bb0&Prime; override_padding=\u00a0\u00bbyes\u00a0\u00bb h_padding=\u00a0\u00bb2&Prime; top_padding=\u00a0\u00bb3&Prime; bottom_padding=\u00a0\u00bb2&Prime; overlay_alpha=\u00a0\u00bb50&Prime; gutter_size=\u00a0\u00bb3&Prime; shift_y=\u00a0\u00bb0&Prime;][vc_column column_width_use_pixel=\u00a0\u00bbyes\u00a0\u00bb gutter_size=\u00a0\u00bb3&Prime; overlay_alpha=\u00a0\u00bb50&Prime; shift_x=\u00a0\u00bb0&Prime; shift_y=\u00a0\u00bb0&Prime; z_index=\u00a0\u00bb0&Prime; medium_width=\u00a0\u00bb0&Prime; width=\u00a0\u00bb1\/1&Prime; column_width_pixel=\u00a0\u00bb800&Prime;][vc_column_text]Le promoteur accorde [&hellip;]\" \/>\n<meta property=\"og:url\" content=\"https:\/\/www.guides-sports-loisirs.ca\/veloparcs\/le-processus-de-conception-et-de-construction\/les-modalites-dattribution-des-contrats\/\" \/>\n<meta property=\"og:site_name\" content=\"V\u00e9loparcs\" \/>\n<meta property=\"article:modified_time\" content=\"2024-12-13T20:15:19+00:00\" \/>\n<meta name=\"twitter:card\" content=\"summary_large_image\" \/>\n<meta name=\"twitter:label1\" content=\"Dur\u00e9e de lecture estim\u00e9e\" \/>\n\t<meta name=\"twitter:data1\" content=\"4 minutes\" \/>\n<script type=\"application\/ld+json\" class=\"yoast-schema-graph\">{\"@context\":\"https:\/\/schema.org\",\"@graph\":[{\"@type\":\"WebPage\",\"@id\":\"https:\/\/www.guides-sports-loisirs.ca\/veloparcs\/le-processus-de-conception-et-de-construction\/les-modalites-dattribution-des-contrats\/\",\"url\":\"https:\/\/www.guides-sports-loisirs.ca\/veloparcs\/le-processus-de-conception-et-de-construction\/les-modalites-dattribution-des-contrats\/\",\"name\":\"Les modalit\u00e9s d\u2019attribution des contrats - V\u00e9loparcs\",\"isPartOf\":{\"@id\":\"https:\/\/www.guides-sports-loisirs.ca\/veloparcs\/#website\"},\"datePublished\":\"2018-09-13T14:37:32+00:00\",\"dateModified\":\"2024-12-13T20:15:19+00:00\",\"breadcrumb\":{\"@id\":\"https:\/\/www.guides-sports-loisirs.ca\/veloparcs\/le-processus-de-conception-et-de-construction\/les-modalites-dattribution-des-contrats\/#breadcrumb\"},\"inLanguage\":\"fr-FR\",\"potentialAction\":[{\"@type\":\"ReadAction\",\"target\":[\"https:\/\/www.guides-sports-loisirs.ca\/veloparcs\/le-processus-de-conception-et-de-construction\/les-modalites-dattribution-des-contrats\/\"]}]},{\"@type\":\"BreadcrumbList\",\"@id\":\"https:\/\/www.guides-sports-loisirs.ca\/veloparcs\/le-processus-de-conception-et-de-construction\/les-modalites-dattribution-des-contrats\/#breadcrumb\",\"itemListElement\":[{\"@type\":\"ListItem\",\"position\":1,\"name\":\"Accueil\",\"item\":\"https:\/\/www.guides-sports-loisirs.ca\/veloparcs\/\"},{\"@type\":\"ListItem\",\"position\":2,\"name\":\"Conception et construction\",\"item\":\"https:\/\/www.guides-sports-loisirs.ca\/veloparcs\/le-processus-de-conception-et-de-construction\/\"},{\"@type\":\"ListItem\",\"position\":3,\"name\":\"Les modalit\u00e9s d\u2019attribution des contrats\"}]},{\"@type\":\"WebSite\",\"@id\":\"https:\/\/www.guides-sports-loisirs.ca\/veloparcs\/#website\",\"url\":\"https:\/\/www.guides-sports-loisirs.ca\/veloparcs\/\",\"name\":\"V\u00e9loparcs\",\"description\":\"V\u00e9loparcs\",\"potentialAction\":[{\"@type\":\"SearchAction\",\"target\":{\"@type\":\"EntryPoint\",\"urlTemplate\":\"https:\/\/www.guides-sports-loisirs.ca\/veloparcs\/?s={search_term_string}\"},\"query-input\":{\"@type\":\"PropertyValueSpecification\",\"valueRequired\":true,\"valueName\":\"search_term_string\"}}],\"inLanguage\":\"fr-FR\"}]}<\/script>\n<!-- \/ Yoast SEO plugin. -->","yoast_head_json":{"title":"Les modalit\u00e9s d\u2019attribution des contrats - V\u00e9loparcs","robots":{"index":"index","follow":"follow","max-snippet":"max-snippet:-1","max-image-preview":"max-image-preview:large","max-video-preview":"max-video-preview:-1"},"canonical":"https:\/\/www.guides-sports-loisirs.ca\/veloparcs\/le-processus-de-conception-et-de-construction\/les-modalites-dattribution-des-contrats\/","og_locale":"fr_FR","og_type":"article","og_title":"Les modalit\u00e9s d\u2019attribution des contrats - V\u00e9loparcs","og_description":"[vc_row row_height_percent=\u00a0\u00bb0&Prime; override_padding=\u00a0\u00bbyes\u00a0\u00bb h_padding=\u00a0\u00bb2&Prime; top_padding=\u00a0\u00bb3&Prime; bottom_padding=\u00a0\u00bb2&Prime; overlay_alpha=\u00a0\u00bb50&Prime; gutter_size=\u00a0\u00bb3&Prime; shift_y=\u00a0\u00bb0&Prime;][vc_column column_width_use_pixel=\u00a0\u00bbyes\u00a0\u00bb gutter_size=\u00a0\u00bb3&Prime; overlay_alpha=\u00a0\u00bb50&Prime; shift_x=\u00a0\u00bb0&Prime; shift_y=\u00a0\u00bb0&Prime; z_index=\u00a0\u00bb0&Prime; medium_width=\u00a0\u00bb0&Prime; width=\u00a0\u00bb1\/1&Prime; column_width_pixel=\u00a0\u00bb800&Prime;][vc_column_text]Le promoteur accorde [&hellip;]","og_url":"https:\/\/www.guides-sports-loisirs.ca\/veloparcs\/le-processus-de-conception-et-de-construction\/les-modalites-dattribution-des-contrats\/","og_site_name":"V\u00e9loparcs","article_modified_time":"2024-12-13T20:15:19+00:00","twitter_card":"summary_large_image","twitter_misc":{"Dur\u00e9e de lecture estim\u00e9e":"4 minutes"},"schema":{"@context":"https:\/\/schema.org","@graph":[{"@type":"WebPage","@id":"https:\/\/www.guides-sports-loisirs.ca\/veloparcs\/le-processus-de-conception-et-de-construction\/les-modalites-dattribution-des-contrats\/","url":"https:\/\/www.guides-sports-loisirs.ca\/veloparcs\/le-processus-de-conception-et-de-construction\/les-modalites-dattribution-des-contrats\/","name":"Les modalit\u00e9s d\u2019attribution des contrats - V\u00e9loparcs","isPartOf":{"@id":"https:\/\/www.guides-sports-loisirs.ca\/veloparcs\/#website"},"datePublished":"2018-09-13T14:37:32+00:00","dateModified":"2024-12-13T20:15:19+00:00","breadcrumb":{"@id":"https:\/\/www.guides-sports-loisirs.ca\/veloparcs\/le-processus-de-conception-et-de-construction\/les-modalites-dattribution-des-contrats\/#breadcrumb"},"inLanguage":"fr-FR","potentialAction":[{"@type":"ReadAction","target":["https:\/\/www.guides-sports-loisirs.ca\/veloparcs\/le-processus-de-conception-et-de-construction\/les-modalites-dattribution-des-contrats\/"]}]},{"@type":"BreadcrumbList","@id":"https:\/\/www.guides-sports-loisirs.ca\/veloparcs\/le-processus-de-conception-et-de-construction\/les-modalites-dattribution-des-contrats\/#breadcrumb","itemListElement":[{"@type":"ListItem","position":1,"name":"Accueil","item":"https:\/\/www.guides-sports-loisirs.ca\/veloparcs\/"},{"@type":"ListItem","position":2,"name":"Conception et construction","item":"https:\/\/www.guides-sports-loisirs.ca\/veloparcs\/le-processus-de-conception-et-de-construction\/"},{"@type":"ListItem","position":3,"name":"Les modalit\u00e9s d\u2019attribution des contrats"}]},{"@type":"WebSite","@id":"https:\/\/www.guides-sports-loisirs.ca\/veloparcs\/#website","url":"https:\/\/www.guides-sports-loisirs.ca\/veloparcs\/","name":"V\u00e9loparcs","description":"V\u00e9loparcs","potentialAction":[{"@type":"SearchAction","target":{"@type":"EntryPoint","urlTemplate":"https:\/\/www.guides-sports-loisirs.ca\/veloparcs\/?s={search_term_string}"},"query-input":{"@type":"PropertyValueSpecification","valueRequired":true,"valueName":"search_term_string"}}],"inLanguage":"fr-FR"}]}},"_links":{"self":[{"href":"https:\/\/www.guides-sports-loisirs.ca\/veloparcs\/wp-json\/wp\/v2\/pages\/1309","targetHints":{"allow":["GET"]}}],"collection":[{"href":"https:\/\/www.guides-sports-loisirs.ca\/veloparcs\/wp-json\/wp\/v2\/pages"}],"about":[{"href":"https:\/\/www.guides-sports-loisirs.ca\/veloparcs\/wp-json\/wp\/v2\/types\/page"}],"author":[{"embeddable":true,"href":"https:\/\/www.guides-sports-loisirs.ca\/veloparcs\/wp-json\/wp\/v2\/users\/11"}],"replies":[{"embeddable":true,"href":"https:\/\/www.guides-sports-loisirs.ca\/veloparcs\/wp-json\/wp\/v2\/comments?post=1309"}],"version-history":[{"count":9,"href":"https:\/\/www.guides-sports-loisirs.ca\/veloparcs\/wp-json\/wp\/v2\/pages\/1309\/revisions"}],"predecessor-version":[{"id":1752,"href":"https:\/\/www.guides-sports-loisirs.ca\/veloparcs\/wp-json\/wp\/v2\/pages\/1309\/revisions\/1752"}],"up":[{"embeddable":true,"href":"https:\/\/www.guides-sports-loisirs.ca\/veloparcs\/wp-json\/wp\/v2\/pages\/1197"}],"wp:attachment":[{"href":"https:\/\/www.guides-sports-loisirs.ca\/veloparcs\/wp-json\/wp\/v2\/media?parent=1309"}],"curies":[{"name":"wp","href":"https:\/\/api.w.org\/{rel}","templated":true}]}}