{"id":1296,"date":"2018-09-13T10:27:54","date_gmt":"2018-09-13T14:27:54","guid":{"rendered":"https:\/\/www.guides-sports-loisirs.ca\/veloparcs\/?page_id=1296"},"modified":"2024-12-13T15:08:06","modified_gmt":"2024-12-13T20:08:06","slug":"budget-et-echeancier","status":"publish","type":"page","link":"https:\/\/www.guides-sports-loisirs.ca\/veloparcs\/les-phases-du-projet\/budget-et-echeancier\/","title":{"rendered":"Budget et \u00e9ch\u00e9ancier"},"content":{"rendered":"<div class=\"wpb-content-wrapper\"><p>[vc_row row_height_percent=\u00a0\u00bb0&Prime; override_padding=\u00a0\u00bbyes\u00a0\u00bb h_padding=\u00a0\u00bb2&Prime; top_padding=\u00a0\u00bb3&Prime; bottom_padding=\u00a0\u00bb2&Prime; overlay_alpha=\u00a0\u00bb50&Prime; gutter_size=\u00a0\u00bb3&Prime; shift_y=\u00a0\u00bb0&Prime;][vc_column column_width_use_pixel=\u00a0\u00bbyes\u00a0\u00bb gutter_size=\u00a0\u00bb3&Prime; overlay_alpha=\u00a0\u00bb50&Prime; shift_x=\u00a0\u00bb0&Prime; shift_y=\u00a0\u00bb0&Prime; z_index=\u00a0\u00bb0&Prime; medium_width=\u00a0\u00bb0&Prime; width=\u00a0\u00bb1\/1&Prime; column_width_pixel=\u00a0\u00bb800&Prime;][vc_column_text]Un projet de v\u00e9loparc prend en g\u00e9n\u00e9ral au moins un an \u00e0 se r\u00e9aliser. L\u2019\u00e9ch\u00e9ancier et le niveau d\u2019effort requis sont approximativement comme les suivants\u00a0:<\/p>\n<ul>\n<li>Planification\u00a0: 5-10\u00a0%<\/li>\n<li>Gestion des travaux\u00a0: 5-10\u00a0%<\/li>\n<li>Construction\u00a0: 80-90\u00a0%<\/li>\n<li>Entretien annuel\u00a0: 10\u00a0%<\/li>\n<\/ul>\n<p>Il faut penser \u00e0 r\u00e9server une partie du budget pour les t\u00e2ches pr\u00e9liminaires \u00e0 la construction ainsi que pour l\u2019entretien, qui prot\u00e8ge l\u2019investissement. Une somme approximative de 10\u00a0% du co\u00fbt global de la planification\/construction du projet est convenable et permettra des ajouts, si le budget n\u2019est pas \u00e9puis\u00e9.[\/vc_column_text][vc_custom_heading]Estimation des co\u00fbts[\/vc_custom_heading][vc_column_text]Le co\u00fbt d\u2019un v\u00e9loparc d\u00e9pend d\u2019un grand nombre d\u2019\u00e9l\u00e9ments, par exemple la vari\u00e9t\u00e9 et le nombre de niveaux de difficult\u00e9 souhait\u00e9s pour chaque \u00e9l\u00e9ment, les rev\u00eatements et la superficie des pumptracks, etc.<\/p>\n<p>Les co\u00fbts types qui suivent sont uniquement approximatifs et tiennent compte de l\u2019embauche de professionnels pour l\u2019enti\u00e8ret\u00e9 des t\u00e2ches d\u2019am\u00e9nagement.<\/p>\n<p>Des opportunit\u00e9s d\u2019\u00e9conomies sont possibles\u00a0:<\/p>\n<ul>\n<li>Don de mat\u00e9riel par la municipalit\u00e9 (attention \u00e0 la qualit\u00e9!);<\/li>\n<li>Commandite d\u2019\u00e9quipement sp\u00e9cialis\u00e9 (si la machinerie convient au travail \u00e0 effectuer, selon l\u2019entrepreneur);<\/li>\n<li>Participation de b\u00e9n\u00e9voles \u00e0 une ou \u00e0 plusieurs t\u00e2ches (voire \u00e0 l\u2019enti\u00e8ret\u00e9 des t\u00e2ches dans les petites municipalit\u00e9s), etc.<\/li>\n<\/ul>\n<p><a href=\"https:\/\/www.guides-sports-loisirs.ca\/pumptrack\/\" target=\"_blank\" rel=\"noopener\"><em><span style=\"color: #000000\"><strong>Pumptrack<\/strong><\/span><\/em><\/a><br \/>\nMoyenne de 80\u00a0000\u00a0$ pour une <em>pumptrack<\/em> int\u00e9ressante, \u00e0 surface naturelle.<\/p>\n<p>Moyenne de 100\u00a0000\u00a0$ pour la m\u00eame <em>pumptrack<\/em>, mais asphalt\u00e9e.<\/p>\n<p><span style=\"color: #000000\"><strong>Zone d\u2019habilet\u00e9s<\/strong><\/span><br \/>\nEntre 10\u00a0000\u00a0$ et 100\u00a0000\u00a0$, selon le design et les mat\u00e9riaux.<\/p>\n<p><span style=\"color: #000000\"><strong>Parcours de sauts et de <em>slopestyle<\/em><\/strong><\/span><br \/>\nEntre 100\u00a0000\u00a0$ et 500\u00a0000\u00a0$, selon les mat\u00e9riaux et l\u2019utilisation de modules pr\u00e9construits.[\/vc_column_text][vc_empty_space empty_h=\u00a0\u00bb2&Prime;][vc_column_text]D\u00e9cembre 2024[\/vc_column_text][\/vc_column][\/vc_row][vc_row row_height_percent=\u00a0\u00bb0&Prime; override_padding=\u00a0\u00bbyes\u00a0\u00bb h_padding=\u00a0\u00bb2&Prime; top_padding=\u00a0\u00bb2&Prime; bottom_padding=\u00a0\u00bb2&Prime; overlay_alpha=\u00a0\u00bb50&Prime; gutter_size=\u00a0\u00bb3&Prime; shift_y=\u00a0\u00bb0&Prime;][vc_column column_width_use_pixel=\u00a0\u00bbyes\u00a0\u00bb gutter_size=\u00a0\u00bb2&Prime; overlay_alpha=\u00a0\u00bb50&Prime; shift_x=\u00a0\u00bb0&Prime; shift_y=\u00a0\u00bb0&Prime; z_index=\u00a0\u00bb0&Prime; medium_width=\u00a0\u00bb0&Prime; width=\u00a0\u00bb1\/1&Prime; column_width_pixel=\u00a0\u00bb800&Prime;][vc_button button_color=\u00a0\u00bbaccent\u00a0\u00bb size=\u00a0\u00bbbtn-lg\u00a0\u00bb radius=\u00a0\u00bbbtn-circle\u00a0\u00bb border_width=\u00a0\u00bb0&Prime; icon_position=\u00a0\u00bbright\u00a0\u00bb link=\u00a0\u00bburl:https%3A%2F%2Fwww.guides-sports-loisirs.ca%2Fveloparcs%2Fwp-content%2Fuploads%2Fsites%2F6%2F2024%2F12%2FGIS_VP_F44_BudgetEtEcheancier_2024.pdf||target:%20_blank|\u00a0\u00bb icon=\u00a0\u00bbfa fa-file-o\u00a0\u00bb]Version PDF[\/vc_button][\/vc_column][\/vc_row]<\/p>\n<\/div>","protected":false},"excerpt":{"rendered":"<p>[vc_row row_height_percent=\u00a0\u00bb0&Prime; override_padding=\u00a0\u00bbyes\u00a0\u00bb h_padding=\u00a0\u00bb2&Prime; top_padding=\u00a0\u00bb3&Prime; bottom_padding=\u00a0\u00bb2&Prime; overlay_alpha=\u00a0\u00bb50&Prime; gutter_size=\u00a0\u00bb3&Prime; shift_y=\u00a0\u00bb0&Prime;][vc_column column_width_use_pixel=\u00a0\u00bbyes\u00a0\u00bb gutter_size=\u00a0\u00bb3&Prime; overlay_alpha=\u00a0\u00bb50&Prime; shift_x=\u00a0\u00bb0&Prime; shift_y=\u00a0\u00bb0&Prime; z_index=\u00a0\u00bb0&Prime; medium_width=\u00a0\u00bb0&Prime; width=\u00a0\u00bb1\/1&Prime; column_width_pixel=\u00a0\u00bb800&Prime;][vc_column_text]Un projet de [&hellip;]<\/p>\n","protected":false},"author":11,"featured_media":0,"parent":1191,"menu_order":0,"comment_status":"closed","ping_status":"closed","template":"","meta":{"_acf_changed":false,"footnotes":""},"class_list":["post-1296","page","type-page","status-publish","hentry"],"acf":[],"yoast_head":"<!-- This site is optimized with the Yoast SEO plugin v27.2 - https:\/\/yoast.com\/product\/yoast-seo-wordpress\/ -->\n<title>Budget et \u00e9ch\u00e9ancier - V\u00e9loparcs<\/title>\n<meta name=\"robots\" content=\"index, follow, max-snippet:-1, max-image-preview:large, max-video-preview:-1\" \/>\n<link rel=\"canonical\" href=\"https:\/\/www.guides-sports-loisirs.ca\/veloparcs\/les-phases-du-projet\/budget-et-echeancier\/\" \/>\n<meta property=\"og:locale\" content=\"fr_FR\" \/>\n<meta property=\"og:type\" content=\"article\" \/>\n<meta property=\"og:title\" content=\"Budget et \u00e9ch\u00e9ancier - V\u00e9loparcs\" \/>\n<meta property=\"og:description\" content=\"[vc_row row_height_percent=\u00a0\u00bb0&Prime; override_padding=\u00a0\u00bbyes\u00a0\u00bb h_padding=\u00a0\u00bb2&Prime; top_padding=\u00a0\u00bb3&Prime; bottom_padding=\u00a0\u00bb2&Prime; overlay_alpha=\u00a0\u00bb50&Prime; gutter_size=\u00a0\u00bb3&Prime; shift_y=\u00a0\u00bb0&Prime;][vc_column column_width_use_pixel=\u00a0\u00bbyes\u00a0\u00bb gutter_size=\u00a0\u00bb3&Prime; overlay_alpha=\u00a0\u00bb50&Prime; shift_x=\u00a0\u00bb0&Prime; shift_y=\u00a0\u00bb0&Prime; z_index=\u00a0\u00bb0&Prime; medium_width=\u00a0\u00bb0&Prime; width=\u00a0\u00bb1\/1&Prime; column_width_pixel=\u00a0\u00bb800&Prime;][vc_column_text]Un projet de [&hellip;]\" \/>\n<meta property=\"og:url\" content=\"https:\/\/www.guides-sports-loisirs.ca\/veloparcs\/les-phases-du-projet\/budget-et-echeancier\/\" \/>\n<meta property=\"og:site_name\" content=\"V\u00e9loparcs\" \/>\n<meta property=\"article:modified_time\" content=\"2024-12-13T20:08:06+00:00\" \/>\n<meta name=\"twitter:card\" content=\"summary_large_image\" \/>\n<meta name=\"twitter:label1\" content=\"Dur\u00e9e de lecture estim\u00e9e\" \/>\n\t<meta name=\"twitter:data1\" content=\"2 minutes\" \/>\n<script type=\"application\/ld+json\" class=\"yoast-schema-graph\">{\"@context\":\"https:\/\/schema.org\",\"@graph\":[{\"@type\":\"WebPage\",\"@id\":\"https:\/\/www.guides-sports-loisirs.ca\/veloparcs\/les-phases-du-projet\/budget-et-echeancier\/\",\"url\":\"https:\/\/www.guides-sports-loisirs.ca\/veloparcs\/les-phases-du-projet\/budget-et-echeancier\/\",\"name\":\"Budget et \u00e9ch\u00e9ancier - V\u00e9loparcs\",\"isPartOf\":{\"@id\":\"https:\/\/www.guides-sports-loisirs.ca\/veloparcs\/#website\"},\"datePublished\":\"2018-09-13T14:27:54+00:00\",\"dateModified\":\"2024-12-13T20:08:06+00:00\",\"breadcrumb\":{\"@id\":\"https:\/\/www.guides-sports-loisirs.ca\/veloparcs\/les-phases-du-projet\/budget-et-echeancier\/#breadcrumb\"},\"inLanguage\":\"fr-FR\",\"potentialAction\":[{\"@type\":\"ReadAction\",\"target\":[\"https:\/\/www.guides-sports-loisirs.ca\/veloparcs\/les-phases-du-projet\/budget-et-echeancier\/\"]}]},{\"@type\":\"BreadcrumbList\",\"@id\":\"https:\/\/www.guides-sports-loisirs.ca\/veloparcs\/les-phases-du-projet\/budget-et-echeancier\/#breadcrumb\",\"itemListElement\":[{\"@type\":\"ListItem\",\"position\":1,\"name\":\"Accueil\",\"item\":\"https:\/\/www.guides-sports-loisirs.ca\/veloparcs\/\"},{\"@type\":\"ListItem\",\"position\":2,\"name\":\"Les phases du projet\",\"item\":\"https:\/\/www.guides-sports-loisirs.ca\/veloparcs\/les-phases-du-projet\/\"},{\"@type\":\"ListItem\",\"position\":3,\"name\":\"Budget et \u00e9ch\u00e9ancier\"}]},{\"@type\":\"WebSite\",\"@id\":\"https:\/\/www.guides-sports-loisirs.ca\/veloparcs\/#website\",\"url\":\"https:\/\/www.guides-sports-loisirs.ca\/veloparcs\/\",\"name\":\"V\u00e9loparcs\",\"description\":\"V\u00e9loparcs\",\"potentialAction\":[{\"@type\":\"SearchAction\",\"target\":{\"@type\":\"EntryPoint\",\"urlTemplate\":\"https:\/\/www.guides-sports-loisirs.ca\/veloparcs\/?s={search_term_string}\"},\"query-input\":{\"@type\":\"PropertyValueSpecification\",\"valueRequired\":true,\"valueName\":\"search_term_string\"}}],\"inLanguage\":\"fr-FR\"}]}<\/script>\n<!-- \/ Yoast SEO plugin. -->","yoast_head_json":{"title":"Budget et \u00e9ch\u00e9ancier - V\u00e9loparcs","robots":{"index":"index","follow":"follow","max-snippet":"max-snippet:-1","max-image-preview":"max-image-preview:large","max-video-preview":"max-video-preview:-1"},"canonical":"https:\/\/www.guides-sports-loisirs.ca\/veloparcs\/les-phases-du-projet\/budget-et-echeancier\/","og_locale":"fr_FR","og_type":"article","og_title":"Budget et \u00e9ch\u00e9ancier - V\u00e9loparcs","og_description":"[vc_row row_height_percent=\u00a0\u00bb0&Prime; override_padding=\u00a0\u00bbyes\u00a0\u00bb h_padding=\u00a0\u00bb2&Prime; top_padding=\u00a0\u00bb3&Prime; bottom_padding=\u00a0\u00bb2&Prime; overlay_alpha=\u00a0\u00bb50&Prime; gutter_size=\u00a0\u00bb3&Prime; shift_y=\u00a0\u00bb0&Prime;][vc_column column_width_use_pixel=\u00a0\u00bbyes\u00a0\u00bb gutter_size=\u00a0\u00bb3&Prime; overlay_alpha=\u00a0\u00bb50&Prime; shift_x=\u00a0\u00bb0&Prime; shift_y=\u00a0\u00bb0&Prime; z_index=\u00a0\u00bb0&Prime; medium_width=\u00a0\u00bb0&Prime; width=\u00a0\u00bb1\/1&Prime; column_width_pixel=\u00a0\u00bb800&Prime;][vc_column_text]Un projet de [&hellip;]","og_url":"https:\/\/www.guides-sports-loisirs.ca\/veloparcs\/les-phases-du-projet\/budget-et-echeancier\/","og_site_name":"V\u00e9loparcs","article_modified_time":"2024-12-13T20:08:06+00:00","twitter_card":"summary_large_image","twitter_misc":{"Dur\u00e9e de lecture estim\u00e9e":"2 minutes"},"schema":{"@context":"https:\/\/schema.org","@graph":[{"@type":"WebPage","@id":"https:\/\/www.guides-sports-loisirs.ca\/veloparcs\/les-phases-du-projet\/budget-et-echeancier\/","url":"https:\/\/www.guides-sports-loisirs.ca\/veloparcs\/les-phases-du-projet\/budget-et-echeancier\/","name":"Budget et \u00e9ch\u00e9ancier - V\u00e9loparcs","isPartOf":{"@id":"https:\/\/www.guides-sports-loisirs.ca\/veloparcs\/#website"},"datePublished":"2018-09-13T14:27:54+00:00","dateModified":"2024-12-13T20:08:06+00:00","breadcrumb":{"@id":"https:\/\/www.guides-sports-loisirs.ca\/veloparcs\/les-phases-du-projet\/budget-et-echeancier\/#breadcrumb"},"inLanguage":"fr-FR","potentialAction":[{"@type":"ReadAction","target":["https:\/\/www.guides-sports-loisirs.ca\/veloparcs\/les-phases-du-projet\/budget-et-echeancier\/"]}]},{"@type":"BreadcrumbList","@id":"https:\/\/www.guides-sports-loisirs.ca\/veloparcs\/les-phases-du-projet\/budget-et-echeancier\/#breadcrumb","itemListElement":[{"@type":"ListItem","position":1,"name":"Accueil","item":"https:\/\/www.guides-sports-loisirs.ca\/veloparcs\/"},{"@type":"ListItem","position":2,"name":"Les phases du projet","item":"https:\/\/www.guides-sports-loisirs.ca\/veloparcs\/les-phases-du-projet\/"},{"@type":"ListItem","position":3,"name":"Budget et \u00e9ch\u00e9ancier"}]},{"@type":"WebSite","@id":"https:\/\/www.guides-sports-loisirs.ca\/veloparcs\/#website","url":"https:\/\/www.guides-sports-loisirs.ca\/veloparcs\/","name":"V\u00e9loparcs","description":"V\u00e9loparcs","potentialAction":[{"@type":"SearchAction","target":{"@type":"EntryPoint","urlTemplate":"https:\/\/www.guides-sports-loisirs.ca\/veloparcs\/?s={search_term_string}"},"query-input":{"@type":"PropertyValueSpecification","valueRequired":true,"valueName":"search_term_string"}}],"inLanguage":"fr-FR"}]}},"_links":{"self":[{"href":"https:\/\/www.guides-sports-loisirs.ca\/veloparcs\/wp-json\/wp\/v2\/pages\/1296","targetHints":{"allow":["GET"]}}],"collection":[{"href":"https:\/\/www.guides-sports-loisirs.ca\/veloparcs\/wp-json\/wp\/v2\/pages"}],"about":[{"href":"https:\/\/www.guides-sports-loisirs.ca\/veloparcs\/wp-json\/wp\/v2\/types\/page"}],"author":[{"embeddable":true,"href":"https:\/\/www.guides-sports-loisirs.ca\/veloparcs\/wp-json\/wp\/v2\/users\/11"}],"replies":[{"embeddable":true,"href":"https:\/\/www.guides-sports-loisirs.ca\/veloparcs\/wp-json\/wp\/v2\/comments?post=1296"}],"version-history":[{"count":6,"href":"https:\/\/www.guides-sports-loisirs.ca\/veloparcs\/wp-json\/wp\/v2\/pages\/1296\/revisions"}],"predecessor-version":[{"id":1743,"href":"https:\/\/www.guides-sports-loisirs.ca\/veloparcs\/wp-json\/wp\/v2\/pages\/1296\/revisions\/1743"}],"up":[{"embeddable":true,"href":"https:\/\/www.guides-sports-loisirs.ca\/veloparcs\/wp-json\/wp\/v2\/pages\/1191"}],"wp:attachment":[{"href":"https:\/\/www.guides-sports-loisirs.ca\/veloparcs\/wp-json\/wp\/v2\/media?parent=1296"}],"curies":[{"name":"wp","href":"https:\/\/api.w.org\/{rel}","templated":true}]}}