{"id":1257,"date":"2018-09-13T09:53:25","date_gmt":"2018-09-13T13:53:25","guid":{"rendered":"https:\/\/www.guides-sports-loisirs.ca\/veloparcs\/?page_id=1257"},"modified":"2024-12-13T14:43:16","modified_gmt":"2024-12-13T19:43:16","slug":"equipement-requis-pour-la-pratique","status":"publish","type":"page","link":"https:\/\/www.guides-sports-loisirs.ca\/veloparcs\/introduction\/equipement-requis-pour-la-pratique\/","title":{"rendered":"\u00c9quipement requis pour la pratique"},"content":{"rendered":"<div class=\"wpb-content-wrapper\"><p>[vc_row row_height_percent=\u00a0\u00bb0&Prime; override_padding=\u00a0\u00bbyes\u00a0\u00bb h_padding=\u00a0\u00bb2&Prime; top_padding=\u00a0\u00bb3&Prime; bottom_padding=\u00a0\u00bb2&Prime; overlay_alpha=\u00a0\u00bb50&Prime; gutter_size=\u00a0\u00bb3&Prime; shift_y=\u00a0\u00bb0&Prime;][vc_column column_width_use_pixel=\u00a0\u00bbyes\u00a0\u00bb gutter_size=\u00a0\u00bb3&Prime; overlay_alpha=\u00a0\u00bb50&Prime; shift_x=\u00a0\u00bb0&Prime; shift_y=\u00a0\u00bb0&Prime; z_index=\u00a0\u00bb0&Prime; medium_width=\u00a0\u00bb0&Prime; width=\u00a0\u00bb1\/1&Prime; column_width_pixel=\u00a0\u00bb800&Prime;][vc_column_text]Certains types de v\u00e9los sp\u00e9cialis\u00e9s offrent une exp\u00e9rience plus positive que d\u2019autres dans les v\u00e9loparcs. Ceci n\u2019emp\u00eache pas d\u2019y rouler avec des v\u00e9los de montagne standard. Certains am\u00e9nagements (<a href=\"https:\/\/www.guides-sports-loisirs.ca\/pumptrack\/\" target=\"_blank\" rel=\"noopener\">pumptracks asphalt\u00e9es<\/a>) peuvent aussi \u00eatre utilis\u00e9s avec des patins, des trottinettes et des planches \u00e0 roulettes.<\/p>\n<p>Il existe plusieurs types de v\u00e9los aux roues de diam\u00e8tre variable (en BMX, le diam\u00e8tre est de 20\u00a0po, en v\u00e9lo de montagne, il peut \u00eatre de 26, 27,5 ou 29\u00a0po). On doit en tenir compte lors de la conception des \u00e9quipements (en portant attention aux rayons de virages des courbes, en limitant l\u2019espacement entre les planches constituant une passerelle ou en r\u00e9duisant la hauteur des transitions entre le sol et les obstacles am\u00e9nag\u00e9s), sans que cela devienne un facteur limitatif.[\/vc_column_text][vc_custom_heading]Les v\u00e9los[\/vc_custom_heading][vc_column_text]Le v\u00e9lo de montagne \u00e0 suspension int\u00e9grale (\u00e0 la roue avant et \u00e0 la roue arri\u00e8re) est souvent utilis\u00e9 dans les parcours de type slopestyle et les v\u00e9loparcs. Il suffira souvent de descendre la selle pour am\u00e9liorer la maniabilit\u00e9 (en augmentant l\u2019amplitude de mouvement). Les suspensions permettent, en amortissant les chocs, de franchir des obstacles et des sauts de bonne taille.[\/vc_column_text][vc_single_image media=\u00a0\u00bb1371&Prime; media_width_percent=\u00a0\u00bb100&Prime;][vc_column_text]<strong>V\u00e9lo de montagne \u00e0 suspension int\u00e9grale<\/strong><br \/>\n<em>Judicael Aspirot<\/em>[\/vc_column_text][vc_column_text]Le v\u00e9lo \u00e0 suspension avant, particuli\u00e8rement le v\u00e9lo de type dirt jump, dont la g\u00e9om\u00e9trie convient aux sauts, est le v\u00e9lo le mieux adapt\u00e9 aux v\u00e9loparcs. Il s\u2019agit d\u2019un v\u00e9lo de montagne dot\u00e9 d\u2019une suspension \u00e0 d\u00e9battement limit\u00e9 \u00e0 l\u2019avant et d\u2019un triangle rigide \u00e0 l\u2019arri\u00e8re, qui facilite la transmission de l\u2019effort sur les bosses arrondies des pumptracks. Le tube sup\u00e9rieur des v\u00e9los de type dirt jump est souvent inclin\u00e9 vers le bas, ce qui laisse davantage de place au mouvement du cycliste sur le v\u00e9lo pour faciliter les figures a\u00e9riennes.[\/vc_column_text][vc_single_image media=\u00a0\u00bb1372&Prime; media_width_percent=\u00a0\u00bb100&Prime;][vc_column_text]<strong>V\u00e9lo de type Dirt Jump<\/strong><br \/>\n<em>Judicael Aspirot<\/em>[\/vc_column_text][vc_column_text]Les BMX ou v\u00e9locross sont un des types de v\u00e9los utilis\u00e9s dans les v\u00e9loparcs (en particulier dans les <a href=\"https:\/\/www.guides-sports-loisirs.ca\/pumptrack\/\" target=\"_blank\" rel=\"noopener\">pumptracks<\/a> et les pistes de sauts). Ces v\u00e9los compacts fournissent un excellent contr\u00f4le aux adeptes de cette discipline pour la r\u00e9alisation de figures ou la transmission de l\u2019effort. Ces v\u00e9los ont \u00e9galement l\u2019avantage d\u2019\u00eatre peu dispendieux, d\u2019\u00eatre tr\u00e8s robustes et de durer longtemps, un avantage lors de la croissance des enfants. Ils conviennent parfaitement comme v\u00e9los de location.[\/vc_column_text][vc_single_image media=\u00a0\u00bb1373&Prime; media_width_percent=\u00a0\u00bb100&Prime;][vc_column_text]<strong>V\u00e9lo de type BMX<\/strong><br \/>\n<em>Photo\u00a0: Emmanuel Chalifoux<\/em>[\/vc_column_text][vc_custom_heading]Les \u00e9quipements de protection[\/vc_custom_heading][vc_column_text]Le port d\u2019\u00e9quipements de protection est recommand\u00e9 dans les v\u00e9loparcs, en raison de leur caract\u00e8re de lieu d\u2019apprentissage et de d\u00e9passement. Il convient, pour les \u00e9quipements recommand\u00e9s, de laisser le libre choix aux cyclistes, selon leur niveau de confort. De mani\u00e8re g\u00e9n\u00e9rale, le fait de porter des \u00e9quipements de protection peut encourager le d\u00e9passement des capacit\u00e9s personnelles.<\/p>\n<p><strong><span style=\"color: #333399\"><span style=\"color: #000000\">Obligatoire<\/span>\u00a0<\/span><\/strong><\/p>\n<ul>\n<li>V\u00e9lo en bon \u00e9tat (dont les freins sont fonctionnels);<\/li>\n<li>Souliers ferm\u00e9s (pas de sandales!);<\/li>\n<li>Casque homologu\u00e9 (approuv\u00e9 par l&rsquo;un des organismes suivants : CSA, CPSC, ASTM, CEN ou SNELL).<\/li>\n<\/ul>\n<p><span style=\"color: #000000\"><strong>Recommand\u00e9<\/strong><\/span><\/p>\n<ul>\n<li>Lunettes protectrices;<\/li>\n<li>Casque int\u00e9gral homologu\u00e9 (protection du visage);<\/li>\n<li>Gants (courts ou longs, qui prot\u00e8gent la paume de la main lors d\u2019une \u00e9jection \u00e0 la suite d\u2019une perte de contr\u00f4le);<\/li>\n<li>Protections corporelles minimisant les chocs et les abrasions dues aux chutes (genouill\u00e8res, coudi\u00e8res en priorit\u00e9, voire plastron et prot\u00e8ge-tibia, protection de la nuque et des vert\u00e8bres cervicales);<\/li>\n<li>V\u00eatements longs, en l\u2019absence de protections corporelles (qui diminuent les risques d\u2019abrasions dues aux chutes).<\/li>\n<\/ul>\n<p>[\/vc_column_text][vc_empty_space empty_h=\u00a0\u00bb2&Prime;][vc_column_text]D\u00e9cembre 2024[\/vc_column_text][\/vc_column][\/vc_row][vc_row row_height_percent=\u00a0\u00bb0&Prime; override_padding=\u00a0\u00bbyes\u00a0\u00bb h_padding=\u00a0\u00bb2&Prime; top_padding=\u00a0\u00bb2&Prime; bottom_padding=\u00a0\u00bb2&Prime; overlay_alpha=\u00a0\u00bb50&Prime; gutter_size=\u00a0\u00bb3&Prime; shift_y=\u00a0\u00bb0&Prime;][vc_column column_width_use_pixel=\u00a0\u00bbyes\u00a0\u00bb gutter_size=\u00a0\u00bb2&Prime; overlay_alpha=\u00a0\u00bb50&Prime; shift_x=\u00a0\u00bb0&Prime; shift_y=\u00a0\u00bb0&Prime; z_index=\u00a0\u00bb0&Prime; medium_width=\u00a0\u00bb0&Prime; width=\u00a0\u00bb1\/1&Prime; column_width_pixel=\u00a0\u00bb800&Prime;][vc_button button_color=\u00a0\u00bbaccent\u00a0\u00bb size=\u00a0\u00bbbtn-lg\u00a0\u00bb radius=\u00a0\u00bbbtn-circle\u00a0\u00bb border_width=\u00a0\u00bb0&Prime; icon_position=\u00a0\u00bbright\u00a0\u00bb link=\u00a0\u00bburl:https%3A%2F%2Fwww.guides-sports-loisirs.ca%2Fveloparcs%2Fwp-content%2Fuploads%2Fsites%2F6%2F2024%2F12%2FGIS_VP_F4_EquipementsRecquisPourLaPratique_2024.pdf||target:%20_blank|\u00a0\u00bb icon=\u00a0\u00bbfa fa-file-o\u00a0\u00bb]Version PDF[\/vc_button][\/vc_column][\/vc_row]<\/p>\n<\/div>","protected":false},"excerpt":{"rendered":"<p>[vc_row row_height_percent=\u00a0\u00bb0&Prime; override_padding=\u00a0\u00bbyes\u00a0\u00bb h_padding=\u00a0\u00bb2&Prime; top_padding=\u00a0\u00bb3&Prime; bottom_padding=\u00a0\u00bb2&Prime; overlay_alpha=\u00a0\u00bb50&Prime; gutter_size=\u00a0\u00bb3&Prime; shift_y=\u00a0\u00bb0&Prime;][vc_column column_width_use_pixel=\u00a0\u00bbyes\u00a0\u00bb gutter_size=\u00a0\u00bb3&Prime; overlay_alpha=\u00a0\u00bb50&Prime; shift_x=\u00a0\u00bb0&Prime; shift_y=\u00a0\u00bb0&Prime; z_index=\u00a0\u00bb0&Prime; medium_width=\u00a0\u00bb0&Prime; width=\u00a0\u00bb1\/1&Prime; column_width_pixel=\u00a0\u00bb800&Prime;][vc_column_text]Certains types de [&hellip;]<\/p>\n","protected":false},"author":11,"featured_media":0,"parent":1245,"menu_order":0,"comment_status":"closed","ping_status":"closed","template":"","meta":{"_acf_changed":false,"footnotes":""},"class_list":["post-1257","page","type-page","status-publish","hentry"],"acf":[],"yoast_head":"<!-- This site is optimized with the Yoast SEO plugin v27.4 - https:\/\/yoast.com\/product\/yoast-seo-wordpress\/ -->\n<title>\u00c9quipement requis pour la pratique - V\u00e9loparcs<\/title>\n<meta name=\"robots\" content=\"index, follow, max-snippet:-1, max-image-preview:large, max-video-preview:-1\" \/>\n<link rel=\"canonical\" href=\"https:\/\/www.guides-sports-loisirs.ca\/veloparcs\/introduction\/equipement-requis-pour-la-pratique\/\" \/>\n<meta property=\"og:locale\" content=\"fr_FR\" \/>\n<meta property=\"og:type\" content=\"article\" \/>\n<meta property=\"og:title\" content=\"\u00c9quipement requis pour la pratique - V\u00e9loparcs\" \/>\n<meta property=\"og:description\" content=\"[vc_row row_height_percent=\u00a0\u00bb0&Prime; override_padding=\u00a0\u00bbyes\u00a0\u00bb h_padding=\u00a0\u00bb2&Prime; top_padding=\u00a0\u00bb3&Prime; bottom_padding=\u00a0\u00bb2&Prime; overlay_alpha=\u00a0\u00bb50&Prime; gutter_size=\u00a0\u00bb3&Prime; shift_y=\u00a0\u00bb0&Prime;][vc_column column_width_use_pixel=\u00a0\u00bbyes\u00a0\u00bb gutter_size=\u00a0\u00bb3&Prime; overlay_alpha=\u00a0\u00bb50&Prime; shift_x=\u00a0\u00bb0&Prime; shift_y=\u00a0\u00bb0&Prime; z_index=\u00a0\u00bb0&Prime; medium_width=\u00a0\u00bb0&Prime; width=\u00a0\u00bb1\/1&Prime; column_width_pixel=\u00a0\u00bb800&Prime;][vc_column_text]Certains types de [&hellip;]\" \/>\n<meta property=\"og:url\" content=\"https:\/\/www.guides-sports-loisirs.ca\/veloparcs\/introduction\/equipement-requis-pour-la-pratique\/\" \/>\n<meta property=\"og:site_name\" content=\"V\u00e9loparcs\" \/>\n<meta property=\"article:modified_time\" content=\"2024-12-13T19:43:16+00:00\" \/>\n<meta name=\"twitter:card\" content=\"summary_large_image\" \/>\n<meta name=\"twitter:label1\" content=\"Dur\u00e9e de lecture estim\u00e9e\" \/>\n\t<meta name=\"twitter:data1\" content=\"4 minutes\" \/>\n<script type=\"application\/ld+json\" class=\"yoast-schema-graph\">{\"@context\":\"https:\\\/\\\/schema.org\",\"@graph\":[{\"@type\":\"WebPage\",\"@id\":\"https:\\\/\\\/www.guides-sports-loisirs.ca\\\/veloparcs\\\/introduction\\\/equipement-requis-pour-la-pratique\\\/\",\"url\":\"https:\\\/\\\/www.guides-sports-loisirs.ca\\\/veloparcs\\\/introduction\\\/equipement-requis-pour-la-pratique\\\/\",\"name\":\"\u00c9quipement requis pour la pratique - V\u00e9loparcs\",\"isPartOf\":{\"@id\":\"https:\\\/\\\/www.guides-sports-loisirs.ca\\\/veloparcs\\\/#website\"},\"datePublished\":\"2018-09-13T13:53:25+00:00\",\"dateModified\":\"2024-12-13T19:43:16+00:00\",\"breadcrumb\":{\"@id\":\"https:\\\/\\\/www.guides-sports-loisirs.ca\\\/veloparcs\\\/introduction\\\/equipement-requis-pour-la-pratique\\\/#breadcrumb\"},\"inLanguage\":\"fr-FR\",\"potentialAction\":[{\"@type\":\"ReadAction\",\"target\":[\"https:\\\/\\\/www.guides-sports-loisirs.ca\\\/veloparcs\\\/introduction\\\/equipement-requis-pour-la-pratique\\\/\"]}]},{\"@type\":\"BreadcrumbList\",\"@id\":\"https:\\\/\\\/www.guides-sports-loisirs.ca\\\/veloparcs\\\/introduction\\\/equipement-requis-pour-la-pratique\\\/#breadcrumb\",\"itemListElement\":[{\"@type\":\"ListItem\",\"position\":1,\"name\":\"Accueil\",\"item\":\"https:\\\/\\\/www.guides-sports-loisirs.ca\\\/veloparcs\\\/\"},{\"@type\":\"ListItem\",\"position\":2,\"name\":\"Introduction\",\"item\":\"https:\\\/\\\/www.guides-sports-loisirs.ca\\\/veloparcs\\\/introduction\\\/\"},{\"@type\":\"ListItem\",\"position\":3,\"name\":\"\u00c9quipement requis pour la pratique\"}]},{\"@type\":\"WebSite\",\"@id\":\"https:\\\/\\\/www.guides-sports-loisirs.ca\\\/veloparcs\\\/#website\",\"url\":\"https:\\\/\\\/www.guides-sports-loisirs.ca\\\/veloparcs\\\/\",\"name\":\"V\u00e9loparcs\",\"description\":\"V\u00e9loparcs\",\"potentialAction\":[{\"@type\":\"SearchAction\",\"target\":{\"@type\":\"EntryPoint\",\"urlTemplate\":\"https:\\\/\\\/www.guides-sports-loisirs.ca\\\/veloparcs\\\/?s={search_term_string}\"},\"query-input\":{\"@type\":\"PropertyValueSpecification\",\"valueRequired\":true,\"valueName\":\"search_term_string\"}}],\"inLanguage\":\"fr-FR\"}]}<\/script>\n<!-- \/ Yoast SEO plugin. -->","yoast_head_json":{"title":"\u00c9quipement requis pour la pratique - V\u00e9loparcs","robots":{"index":"index","follow":"follow","max-snippet":"max-snippet:-1","max-image-preview":"max-image-preview:large","max-video-preview":"max-video-preview:-1"},"canonical":"https:\/\/www.guides-sports-loisirs.ca\/veloparcs\/introduction\/equipement-requis-pour-la-pratique\/","og_locale":"fr_FR","og_type":"article","og_title":"\u00c9quipement requis pour la pratique - V\u00e9loparcs","og_description":"[vc_row row_height_percent=\u00a0\u00bb0&Prime; override_padding=\u00a0\u00bbyes\u00a0\u00bb h_padding=\u00a0\u00bb2&Prime; top_padding=\u00a0\u00bb3&Prime; bottom_padding=\u00a0\u00bb2&Prime; overlay_alpha=\u00a0\u00bb50&Prime; gutter_size=\u00a0\u00bb3&Prime; shift_y=\u00a0\u00bb0&Prime;][vc_column column_width_use_pixel=\u00a0\u00bbyes\u00a0\u00bb gutter_size=\u00a0\u00bb3&Prime; overlay_alpha=\u00a0\u00bb50&Prime; shift_x=\u00a0\u00bb0&Prime; shift_y=\u00a0\u00bb0&Prime; z_index=\u00a0\u00bb0&Prime; medium_width=\u00a0\u00bb0&Prime; width=\u00a0\u00bb1\/1&Prime; column_width_pixel=\u00a0\u00bb800&Prime;][vc_column_text]Certains types de [&hellip;]","og_url":"https:\/\/www.guides-sports-loisirs.ca\/veloparcs\/introduction\/equipement-requis-pour-la-pratique\/","og_site_name":"V\u00e9loparcs","article_modified_time":"2024-12-13T19:43:16+00:00","twitter_card":"summary_large_image","twitter_misc":{"Dur\u00e9e de lecture estim\u00e9e":"4 minutes"},"schema":{"@context":"https:\/\/schema.org","@graph":[{"@type":"WebPage","@id":"https:\/\/www.guides-sports-loisirs.ca\/veloparcs\/introduction\/equipement-requis-pour-la-pratique\/","url":"https:\/\/www.guides-sports-loisirs.ca\/veloparcs\/introduction\/equipement-requis-pour-la-pratique\/","name":"\u00c9quipement requis pour la pratique - V\u00e9loparcs","isPartOf":{"@id":"https:\/\/www.guides-sports-loisirs.ca\/veloparcs\/#website"},"datePublished":"2018-09-13T13:53:25+00:00","dateModified":"2024-12-13T19:43:16+00:00","breadcrumb":{"@id":"https:\/\/www.guides-sports-loisirs.ca\/veloparcs\/introduction\/equipement-requis-pour-la-pratique\/#breadcrumb"},"inLanguage":"fr-FR","potentialAction":[{"@type":"ReadAction","target":["https:\/\/www.guides-sports-loisirs.ca\/veloparcs\/introduction\/equipement-requis-pour-la-pratique\/"]}]},{"@type":"BreadcrumbList","@id":"https:\/\/www.guides-sports-loisirs.ca\/veloparcs\/introduction\/equipement-requis-pour-la-pratique\/#breadcrumb","itemListElement":[{"@type":"ListItem","position":1,"name":"Accueil","item":"https:\/\/www.guides-sports-loisirs.ca\/veloparcs\/"},{"@type":"ListItem","position":2,"name":"Introduction","item":"https:\/\/www.guides-sports-loisirs.ca\/veloparcs\/introduction\/"},{"@type":"ListItem","position":3,"name":"\u00c9quipement requis pour la pratique"}]},{"@type":"WebSite","@id":"https:\/\/www.guides-sports-loisirs.ca\/veloparcs\/#website","url":"https:\/\/www.guides-sports-loisirs.ca\/veloparcs\/","name":"V\u00e9loparcs","description":"V\u00e9loparcs","potentialAction":[{"@type":"SearchAction","target":{"@type":"EntryPoint","urlTemplate":"https:\/\/www.guides-sports-loisirs.ca\/veloparcs\/?s={search_term_string}"},"query-input":{"@type":"PropertyValueSpecification","valueRequired":true,"valueName":"search_term_string"}}],"inLanguage":"fr-FR"}]}},"_links":{"self":[{"href":"https:\/\/www.guides-sports-loisirs.ca\/veloparcs\/wp-json\/wp\/v2\/pages\/1257","targetHints":{"allow":["GET"]}}],"collection":[{"href":"https:\/\/www.guides-sports-loisirs.ca\/veloparcs\/wp-json\/wp\/v2\/pages"}],"about":[{"href":"https:\/\/www.guides-sports-loisirs.ca\/veloparcs\/wp-json\/wp\/v2\/types\/page"}],"author":[{"embeddable":true,"href":"https:\/\/www.guides-sports-loisirs.ca\/veloparcs\/wp-json\/wp\/v2\/users\/11"}],"replies":[{"embeddable":true,"href":"https:\/\/www.guides-sports-loisirs.ca\/veloparcs\/wp-json\/wp\/v2\/comments?post=1257"}],"version-history":[{"count":10,"href":"https:\/\/www.guides-sports-loisirs.ca\/veloparcs\/wp-json\/wp\/v2\/pages\/1257\/revisions"}],"predecessor-version":[{"id":1707,"href":"https:\/\/www.guides-sports-loisirs.ca\/veloparcs\/wp-json\/wp\/v2\/pages\/1257\/revisions\/1707"}],"up":[{"embeddable":true,"href":"https:\/\/www.guides-sports-loisirs.ca\/veloparcs\/wp-json\/wp\/v2\/pages\/1245"}],"wp:attachment":[{"href":"https:\/\/www.guides-sports-loisirs.ca\/veloparcs\/wp-json\/wp\/v2\/media?parent=1257"}],"curies":[{"name":"wp","href":"https:\/\/api.w.org\/{rel}","templated":true}]}}