{"id":1251,"date":"2018-09-13T09:42:35","date_gmt":"2018-09-13T13:42:35","guid":{"rendered":"https:\/\/www.guides-sports-loisirs.ca\/veloparcs\/?page_id=1251"},"modified":"2024-12-13T14:40:25","modified_gmt":"2024-12-13T19:40:25","slug":"definition-des-veloparcs","status":"publish","type":"page","link":"https:\/\/www.guides-sports-loisirs.ca\/veloparcs\/introduction\/definition-des-veloparcs\/","title":{"rendered":"D\u00e9finition des v\u00e9loparcs"},"content":{"rendered":"<div class=\"wpb-content-wrapper\"><p>[vc_row row_height_percent=\u00a0\u00bb0&Prime; override_padding=\u00a0\u00bbyes\u00a0\u00bb h_padding=\u00a0\u00bb2&Prime; top_padding=\u00a0\u00bb3&Prime; bottom_padding=\u00a0\u00bb2&Prime; overlay_alpha=\u00a0\u00bb50&Prime; gutter_size=\u00a0\u00bb3&Prime; shift_y=\u00a0\u00bb0&Prime;][vc_column column_width_use_pixel=\u00a0\u00bbyes\u00a0\u00bb gutter_size=\u00a0\u00bb3&Prime; overlay_alpha=\u00a0\u00bb50&Prime; shift_x=\u00a0\u00bb0&Prime; shift_y=\u00a0\u00bb0&Prime; z_index=\u00a0\u00bb0&Prime; medium_width=\u00a0\u00bb0&Prime; width=\u00a0\u00bb1\/1&Prime; column_width_pixel=\u00a0\u00bb800&Prime;][vc_column_text]Un ve\u0301loparc concentre, sur un terrain plus ou moins compact (le <em>Valmont Bike Park<\/em>, de Boulder, Colorado, occupe un terrain d&rsquo;environ 17 ha), des obstacles visant a\u0300 d\u00e9velopper les habilet\u00e9s cyclistes dans un cadre ludique ou \u00e0 permettre au cycliste d\u2019effectuer des figures a\u0300 v\u00e9lo, a\u0300 la mani\u00e8re des usagers des parcs de planche a\u0300 roulettes.<\/p>\n<ul>\n<li>Il est utilisable par tous les types de v\u00e9los, quoique certains y sont mieux adapt\u00e9s (nous y reviendrons plus tard);<\/li>\n<li>Il offre des opportunit\u00e9s d\u2019apprentissage et de loisir aux usagers de tous les niveaux d\u2019habilet\u00e9;<\/li>\n<li>Il est un atout dans la promotion des saines habitudes de vie;<\/li>\n<li>Il renforce la communaut\u00e9 dans laquelle il est implant\u00e9 en rapprochant les gens<\/li>\n<\/ul>\n<p>Les v\u00e9loparcs peuvent donc \u00eatre consid\u00e9r\u00e9s par la municipalit\u00e9 comme l\u2019\u00e9quivalent v\u00e9lo des parcs de planche \u00e0 roulettes, en cela qu\u2019ils sont facilement accessibles et qu\u2019ils proposent une infrastructure s\u00e9curitaire pour la pratique d\u2019une activit\u00e9 physique saine dans un milieu s\u00fbr.<\/p>\n<p>Ils seront d\u00e9finis en d\u00e9tail dans les pages suivantes ainsi que les \u00e9l\u00e9ments qui les composent et les choses qu\u2019il faut conna\u00eetre lors de leur am\u00e9nagement, mais examinons-les pour savoir de quoi il est question.[\/vc_column_text][vc_custom_heading]Type d\u2019am\u00e9nagements vis\u00e9s par ce guide[\/vc_custom_heading][vc_column_text]Les composantes sont ind\u00e9pendantes, mais elles forment un tout qui constitue un v\u00e9loparc. En fonction des besoins particuliers de la client\u00e8le, l\u2019assemblage des composantes peut varier. Chacune d\u2019entre elles se d\u00e9cline de multiples fa\u00e7ons selon le calibre des usagers, les objectifs, l\u2019int\u00e9gration aux autres activit\u00e9s et les services offerts. Les quatre grandes familles de composantes suivantes r\u00e9pondent \u00e0 des besoins diff\u00e9rents\u00a0:<\/p>\n<p><span style=\"color: #333399\"><strong>Pumptrack<\/strong><\/span><br \/>\nUne piste de terre battue, de poussi\u00e8re de granit, d\u2019asphalte ou de b\u00e9ton, comportant un encha\u00eenement de bosses arrondies et de virages relev\u00e9s, qu\u2019on parcourt sans p\u00e9daler en \u00ab\u00a0pompant\u00a0\u00bb sur le v\u00e9lo a\u0300 chaque bosse en vue de maintenir sa vitesse.[\/vc_column_text][vc_single_image media=\u00a0\u00bb1395&Prime; media_width_percent=\u00a0\u00bb100&Prime;][vc_column_text]<strong>Exemple de pumptrack<\/strong><br \/>\n<em>Pumptrack asphalt\u00e9, St-Bernard &#8211; BMXPert<\/em>[\/vc_column_text][vc_column_text]<strong><span style=\"color: #333399\">Parcours de sauts et parcours de type slopestyle<\/span><\/strong><br \/>\nLe parcours de sauts (aussi connu sous l\u2019appellation Dirt jumps ou Dirt track dans le domaine du BMX) comprend des s\u00e9ries de sauts qui propulsent le cycliste dans les airs, ou\u0300 il peut effectuer des figures acrobatiques. Les sauts (la zone d\u2019appel en particulier) sont faits de terre battue ou sont constitu\u00e9s de bois, de m\u00e9tal ou de b\u00e9ton, alors que les zones de r\u00e9ception sont en terre battue. Un parcours (souvent appel\u00e9\u0301 \u00abligne\u00bb) peut inclure plusieurs sauts de suite. Le slopestyle est une variation du parcours de saut, qui inclut des modules am\u00e9nag\u00e9s en bois ou autres mat\u00e9riaux.[\/vc_column_text][vc_single_image media=\u00a0\u00bb1396&Prime; media_width_percent=\u00a0\u00bb100&Prime;][vc_column_text]<strong>Exemple de parcours de sauts<\/strong><br \/>\n<em>Denver bike park, Denver, Colorado &#8211; Marc Jolicoeur<\/em>[\/vc_column_text][vc_column_text]<strong><span style=\"color: #333399\">Zones d\u2019habilet\u00e9s<\/span><\/strong><br \/>\nUn espace qui comporte une vari\u00e9t\u00e9 d\u2019obstacles au sol, faits de bois ou de pierres, plac\u00e9s de fa\u00e7on \u00e0 mettre a\u0300 l\u2019\u00e9preuve l\u2019\u00e9quilibre du cycliste et \u00e0 lui permettre d\u2019int\u00e9grer des habilet\u00e9s de mani\u00e8re progressive et s\u00e9curitaire.[\/vc_column_text][vc_single_image media=\u00a0\u00bb1397&Prime; media_width_percent=\u00a0\u00bb100&Prime;][vc_column_text]<strong>Exemple de zone d&rsquo;habilet\u00e9s<\/strong><br \/>\n<em>Zone d\u2019habilet\u00e9, Sunnyside Bike Park, Toronto \u2013 Matt Forsythe<\/em>[\/vc_column_text][vc_column_text]<strong><span style=\"color: #333399\">Sentier d\u2019initiation<\/span><\/strong><br \/>\nUn sentier \u00e0 surface naturelle qui int\u00e8gre des obstacles des parcours d\u2019habilet\u00e9s et les mettent en sc\u00e8ne pour reproduire un sentier de v\u00e9lo de montagne de fa\u00e7on contr\u00f4l\u00e9e.[\/vc_column_text][vc_single_image media=\u00a0\u00bb1398&Prime; media_width_percent=\u00a0\u00bb100&Prime;][vc_column_text]<strong>Exemple de sentiers d&rsquo;initiation<\/strong><br \/>\n<em>Valmont Bike Park, Boulder, Colorado \u2013 Marc Jolicoeur<\/em>[\/vc_column_text][vc_column_text]R\u00e8gle g\u00e9n\u00e9rale, il est recommand\u00e9 que les enfants de moins de 12\u00a0ans n\u2019utilisent pas les v\u00e9loparcs sans la supervision des parents. Cependant, il est important de noter que certaines conditions peuvent influencer cette notion, par exemple si l\u2019enfant a l\u2019habitude de fr\u00e9quenter le parc ou s\u2019il est accompagn\u00e9.[\/vc_column_text][vc_empty_space][vc_column_text]D\u00e9cembre 2024[\/vc_column_text][\/vc_column][\/vc_row][vc_row row_height_percent=\u00a0\u00bb0&Prime; override_padding=\u00a0\u00bbyes\u00a0\u00bb h_padding=\u00a0\u00bb2&Prime; top_padding=\u00a0\u00bb2&Prime; bottom_padding=\u00a0\u00bb2&Prime; overlay_alpha=\u00a0\u00bb50&Prime; gutter_size=\u00a0\u00bb3&Prime; shift_y=\u00a0\u00bb0&Prime;][vc_column column_width_use_pixel=\u00a0\u00bbyes\u00a0\u00bb gutter_size=\u00a0\u00bb2&Prime; overlay_alpha=\u00a0\u00bb50&Prime; shift_x=\u00a0\u00bb0&Prime; shift_y=\u00a0\u00bb0&Prime; z_index=\u00a0\u00bb0&Prime; medium_width=\u00a0\u00bb0&Prime; width=\u00a0\u00bb1\/1&Prime; column_width_pixel=\u00a0\u00bb800&Prime;][vc_button button_color=\u00a0\u00bbaccent\u00a0\u00bb size=\u00a0\u00bbbtn-lg\u00a0\u00bb radius=\u00a0\u00bbbtn-circle\u00a0\u00bb border_width=\u00a0\u00bb0&Prime; icon_position=\u00a0\u00bbright\u00a0\u00bb link=\u00a0\u00bburl:https%3A%2F%2Fwww.guides-sports-loisirs.ca%2Fveloparcs%2Fwp-content%2Fuploads%2Fsites%2F6%2F2024%2F12%2FGIS_VP_F3_DefinitionDesVeloparcs_2024.pdf||target:%20_blank|\u00a0\u00bb icon=\u00a0\u00bbfa fa-file-o\u00a0\u00bb]Version PDF[\/vc_button][\/vc_column][\/vc_row]<\/p>\n<\/div>","protected":false},"excerpt":{"rendered":"<p>[vc_row row_height_percent=\u00a0\u00bb0&Prime; override_padding=\u00a0\u00bbyes\u00a0\u00bb h_padding=\u00a0\u00bb2&Prime; top_padding=\u00a0\u00bb3&Prime; bottom_padding=\u00a0\u00bb2&Prime; overlay_alpha=\u00a0\u00bb50&Prime; gutter_size=\u00a0\u00bb3&Prime; shift_y=\u00a0\u00bb0&Prime;][vc_column column_width_use_pixel=\u00a0\u00bbyes\u00a0\u00bb gutter_size=\u00a0\u00bb3&Prime; overlay_alpha=\u00a0\u00bb50&Prime; shift_x=\u00a0\u00bb0&Prime; shift_y=\u00a0\u00bb0&Prime; z_index=\u00a0\u00bb0&Prime; medium_width=\u00a0\u00bb0&Prime; width=\u00a0\u00bb1\/1&Prime; column_width_pixel=\u00a0\u00bb800&Prime;][vc_column_text]Un ve\u0301loparc concentre, [&hellip;]<\/p>\n","protected":false},"author":11,"featured_media":0,"parent":1245,"menu_order":0,"comment_status":"closed","ping_status":"closed","template":"","meta":{"_acf_changed":false,"footnotes":""},"class_list":["post-1251","page","type-page","status-publish","hentry"],"acf":[],"yoast_head":"<!-- This site is optimized with the Yoast SEO plugin v27.4 - https:\/\/yoast.com\/product\/yoast-seo-wordpress\/ -->\n<title>D\u00e9finition des v\u00e9loparcs - V\u00e9loparcs<\/title>\n<meta name=\"robots\" content=\"index, follow, max-snippet:-1, max-image-preview:large, max-video-preview:-1\" \/>\n<link rel=\"canonical\" href=\"https:\/\/www.guides-sports-loisirs.ca\/veloparcs\/introduction\/definition-des-veloparcs\/\" \/>\n<meta property=\"og:locale\" content=\"fr_FR\" \/>\n<meta property=\"og:type\" content=\"article\" \/>\n<meta property=\"og:title\" content=\"D\u00e9finition des v\u00e9loparcs - V\u00e9loparcs\" \/>\n<meta property=\"og:description\" content=\"[vc_row row_height_percent=\u00a0\u00bb0&Prime; override_padding=\u00a0\u00bbyes\u00a0\u00bb h_padding=\u00a0\u00bb2&Prime; top_padding=\u00a0\u00bb3&Prime; bottom_padding=\u00a0\u00bb2&Prime; overlay_alpha=\u00a0\u00bb50&Prime; gutter_size=\u00a0\u00bb3&Prime; shift_y=\u00a0\u00bb0&Prime;][vc_column column_width_use_pixel=\u00a0\u00bbyes\u00a0\u00bb gutter_size=\u00a0\u00bb3&Prime; overlay_alpha=\u00a0\u00bb50&Prime; shift_x=\u00a0\u00bb0&Prime; shift_y=\u00a0\u00bb0&Prime; z_index=\u00a0\u00bb0&Prime; medium_width=\u00a0\u00bb0&Prime; width=\u00a0\u00bb1\/1&Prime; column_width_pixel=\u00a0\u00bb800&Prime;][vc_column_text]Un ve\u0301loparc concentre, [&hellip;]\" \/>\n<meta property=\"og:url\" content=\"https:\/\/www.guides-sports-loisirs.ca\/veloparcs\/introduction\/definition-des-veloparcs\/\" \/>\n<meta property=\"og:site_name\" content=\"V\u00e9loparcs\" \/>\n<meta property=\"article:modified_time\" content=\"2024-12-13T19:40:25+00:00\" \/>\n<meta name=\"twitter:card\" content=\"summary_large_image\" \/>\n<meta name=\"twitter:label1\" content=\"Dur\u00e9e de lecture estim\u00e9e\" \/>\n\t<meta name=\"twitter:data1\" content=\"4 minutes\" \/>\n<script type=\"application\/ld+json\" class=\"yoast-schema-graph\">{\"@context\":\"https:\\\/\\\/schema.org\",\"@graph\":[{\"@type\":\"WebPage\",\"@id\":\"https:\\\/\\\/www.guides-sports-loisirs.ca\\\/veloparcs\\\/introduction\\\/definition-des-veloparcs\\\/\",\"url\":\"https:\\\/\\\/www.guides-sports-loisirs.ca\\\/veloparcs\\\/introduction\\\/definition-des-veloparcs\\\/\",\"name\":\"D\u00e9finition des v\u00e9loparcs - V\u00e9loparcs\",\"isPartOf\":{\"@id\":\"https:\\\/\\\/www.guides-sports-loisirs.ca\\\/veloparcs\\\/#website\"},\"datePublished\":\"2018-09-13T13:42:35+00:00\",\"dateModified\":\"2024-12-13T19:40:25+00:00\",\"breadcrumb\":{\"@id\":\"https:\\\/\\\/www.guides-sports-loisirs.ca\\\/veloparcs\\\/introduction\\\/definition-des-veloparcs\\\/#breadcrumb\"},\"inLanguage\":\"fr-FR\",\"potentialAction\":[{\"@type\":\"ReadAction\",\"target\":[\"https:\\\/\\\/www.guides-sports-loisirs.ca\\\/veloparcs\\\/introduction\\\/definition-des-veloparcs\\\/\"]}]},{\"@type\":\"BreadcrumbList\",\"@id\":\"https:\\\/\\\/www.guides-sports-loisirs.ca\\\/veloparcs\\\/introduction\\\/definition-des-veloparcs\\\/#breadcrumb\",\"itemListElement\":[{\"@type\":\"ListItem\",\"position\":1,\"name\":\"Accueil\",\"item\":\"https:\\\/\\\/www.guides-sports-loisirs.ca\\\/veloparcs\\\/\"},{\"@type\":\"ListItem\",\"position\":2,\"name\":\"Introduction\",\"item\":\"https:\\\/\\\/www.guides-sports-loisirs.ca\\\/veloparcs\\\/introduction\\\/\"},{\"@type\":\"ListItem\",\"position\":3,\"name\":\"D\u00e9finition des v\u00e9loparcs\"}]},{\"@type\":\"WebSite\",\"@id\":\"https:\\\/\\\/www.guides-sports-loisirs.ca\\\/veloparcs\\\/#website\",\"url\":\"https:\\\/\\\/www.guides-sports-loisirs.ca\\\/veloparcs\\\/\",\"name\":\"V\u00e9loparcs\",\"description\":\"V\u00e9loparcs\",\"potentialAction\":[{\"@type\":\"SearchAction\",\"target\":{\"@type\":\"EntryPoint\",\"urlTemplate\":\"https:\\\/\\\/www.guides-sports-loisirs.ca\\\/veloparcs\\\/?s={search_term_string}\"},\"query-input\":{\"@type\":\"PropertyValueSpecification\",\"valueRequired\":true,\"valueName\":\"search_term_string\"}}],\"inLanguage\":\"fr-FR\"}]}<\/script>\n<!-- \/ Yoast SEO plugin. -->","yoast_head_json":{"title":"D\u00e9finition des v\u00e9loparcs - V\u00e9loparcs","robots":{"index":"index","follow":"follow","max-snippet":"max-snippet:-1","max-image-preview":"max-image-preview:large","max-video-preview":"max-video-preview:-1"},"canonical":"https:\/\/www.guides-sports-loisirs.ca\/veloparcs\/introduction\/definition-des-veloparcs\/","og_locale":"fr_FR","og_type":"article","og_title":"D\u00e9finition des v\u00e9loparcs - V\u00e9loparcs","og_description":"[vc_row row_height_percent=\u00a0\u00bb0&Prime; override_padding=\u00a0\u00bbyes\u00a0\u00bb h_padding=\u00a0\u00bb2&Prime; top_padding=\u00a0\u00bb3&Prime; bottom_padding=\u00a0\u00bb2&Prime; overlay_alpha=\u00a0\u00bb50&Prime; gutter_size=\u00a0\u00bb3&Prime; shift_y=\u00a0\u00bb0&Prime;][vc_column column_width_use_pixel=\u00a0\u00bbyes\u00a0\u00bb gutter_size=\u00a0\u00bb3&Prime; overlay_alpha=\u00a0\u00bb50&Prime; shift_x=\u00a0\u00bb0&Prime; shift_y=\u00a0\u00bb0&Prime; z_index=\u00a0\u00bb0&Prime; medium_width=\u00a0\u00bb0&Prime; width=\u00a0\u00bb1\/1&Prime; column_width_pixel=\u00a0\u00bb800&Prime;][vc_column_text]Un ve\u0301loparc concentre, [&hellip;]","og_url":"https:\/\/www.guides-sports-loisirs.ca\/veloparcs\/introduction\/definition-des-veloparcs\/","og_site_name":"V\u00e9loparcs","article_modified_time":"2024-12-13T19:40:25+00:00","twitter_card":"summary_large_image","twitter_misc":{"Dur\u00e9e de lecture estim\u00e9e":"4 minutes"},"schema":{"@context":"https:\/\/schema.org","@graph":[{"@type":"WebPage","@id":"https:\/\/www.guides-sports-loisirs.ca\/veloparcs\/introduction\/definition-des-veloparcs\/","url":"https:\/\/www.guides-sports-loisirs.ca\/veloparcs\/introduction\/definition-des-veloparcs\/","name":"D\u00e9finition des v\u00e9loparcs - V\u00e9loparcs","isPartOf":{"@id":"https:\/\/www.guides-sports-loisirs.ca\/veloparcs\/#website"},"datePublished":"2018-09-13T13:42:35+00:00","dateModified":"2024-12-13T19:40:25+00:00","breadcrumb":{"@id":"https:\/\/www.guides-sports-loisirs.ca\/veloparcs\/introduction\/definition-des-veloparcs\/#breadcrumb"},"inLanguage":"fr-FR","potentialAction":[{"@type":"ReadAction","target":["https:\/\/www.guides-sports-loisirs.ca\/veloparcs\/introduction\/definition-des-veloparcs\/"]}]},{"@type":"BreadcrumbList","@id":"https:\/\/www.guides-sports-loisirs.ca\/veloparcs\/introduction\/definition-des-veloparcs\/#breadcrumb","itemListElement":[{"@type":"ListItem","position":1,"name":"Accueil","item":"https:\/\/www.guides-sports-loisirs.ca\/veloparcs\/"},{"@type":"ListItem","position":2,"name":"Introduction","item":"https:\/\/www.guides-sports-loisirs.ca\/veloparcs\/introduction\/"},{"@type":"ListItem","position":3,"name":"D\u00e9finition des v\u00e9loparcs"}]},{"@type":"WebSite","@id":"https:\/\/www.guides-sports-loisirs.ca\/veloparcs\/#website","url":"https:\/\/www.guides-sports-loisirs.ca\/veloparcs\/","name":"V\u00e9loparcs","description":"V\u00e9loparcs","potentialAction":[{"@type":"SearchAction","target":{"@type":"EntryPoint","urlTemplate":"https:\/\/www.guides-sports-loisirs.ca\/veloparcs\/?s={search_term_string}"},"query-input":{"@type":"PropertyValueSpecification","valueRequired":true,"valueName":"search_term_string"}}],"inLanguage":"fr-FR"}]}},"_links":{"self":[{"href":"https:\/\/www.guides-sports-loisirs.ca\/veloparcs\/wp-json\/wp\/v2\/pages\/1251","targetHints":{"allow":["GET"]}}],"collection":[{"href":"https:\/\/www.guides-sports-loisirs.ca\/veloparcs\/wp-json\/wp\/v2\/pages"}],"about":[{"href":"https:\/\/www.guides-sports-loisirs.ca\/veloparcs\/wp-json\/wp\/v2\/types\/page"}],"author":[{"embeddable":true,"href":"https:\/\/www.guides-sports-loisirs.ca\/veloparcs\/wp-json\/wp\/v2\/users\/11"}],"replies":[{"embeddable":true,"href":"https:\/\/www.guides-sports-loisirs.ca\/veloparcs\/wp-json\/wp\/v2\/comments?post=1251"}],"version-history":[{"count":12,"href":"https:\/\/www.guides-sports-loisirs.ca\/veloparcs\/wp-json\/wp\/v2\/pages\/1251\/revisions"}],"predecessor-version":[{"id":1705,"href":"https:\/\/www.guides-sports-loisirs.ca\/veloparcs\/wp-json\/wp\/v2\/pages\/1251\/revisions\/1705"}],"up":[{"embeddable":true,"href":"https:\/\/www.guides-sports-loisirs.ca\/veloparcs\/wp-json\/wp\/v2\/pages\/1245"}],"wp:attachment":[{"href":"https:\/\/www.guides-sports-loisirs.ca\/veloparcs\/wp-json\/wp\/v2\/media?parent=1251"}],"curies":[{"name":"wp","href":"https:\/\/api.w.org\/{rel}","templated":true}]}}