{"id":1223,"date":"2018-09-12T15:27:06","date_gmt":"2018-09-12T19:27:06","guid":{"rendered":"https:\/\/www.guides-sports-loisirs.ca\/veloparcs\/?page_id=1223"},"modified":"2018-10-01T13:24:32","modified_gmt":"2018-10-01T17:24:32","slug":"entretien","status":"publish","type":"page","link":"https:\/\/www.guides-sports-loisirs.ca\/veloparcs\/lexploitation\/entretien\/","title":{"rendered":"Entretien"},"content":{"rendered":"<div class=\"wpb-content-wrapper\"><p>[vc_row row_height_percent=\u00a0\u00bb0&Prime; override_padding=\u00a0\u00bbyes\u00a0\u00bb h_padding=\u00a0\u00bb2&Prime; top_padding=\u00a0\u00bb3&Prime; bottom_padding=\u00a0\u00bb2&Prime; overlay_alpha=\u00a0\u00bb50&Prime; gutter_size=\u00a0\u00bb3&Prime; shift_y=\u00a0\u00bb0&Prime;][vc_column column_width_use_pixel=\u00a0\u00bbyes\u00a0\u00bb overlay_alpha=\u00a0\u00bb50&Prime; gutter_size=\u00a0\u00bb3&Prime; medium_width=\u00a0\u00bb0&Prime; shift_x=\u00a0\u00bb0&Prime; shift_y=\u00a0\u00bb0&Prime; z_index=\u00a0\u00bb0&Prime; width=\u00a0\u00bb1\/1&Prime; column_width_pixel=\u00a0\u00bb800&Prime;][vc_column_text]Avant de proc\u00e9der \u00e0 l\u2019entretien, il importe de faire une inspection du site pour d\u00e9terminer les travaux \u00e0 r\u00e9aliser.[\/vc_column_text][vc_custom_heading]Fiche d\u2019inspection[\/vc_custom_heading][vc_column_text]Pour s\u2019assurer de l\u2019\u00e9tat s\u00e9curitaire du v\u00e9loparc et de ses constituants, il faut proc\u00e9der \u00e0 des inspections de mani\u00e8re r\u00e9guli\u00e8re et les consigner. La grille suivante recommande la fr\u00e9quence selon le type d\u2019\u00e9l\u00e9ments et peut \u00eatre utilis\u00e9e pour consigner les entretiens. Toute autre solution (en ligne, avec photos, au moyen d\u2019une application) peut \u00eatre envisag\u00e9e, selon l\u2019aisance des intervenants avec la technologie.<\/p>\n<p>Le but est de consigner les v\u00e9rifications pour pouvoir d\u00e9montrer que tout a \u00e9t\u00e9 fait pour rendre les installations s\u00e9curitaires, en cas de poursuite d\u00e9coulant d\u2019un \u00e9ventuel accident.[\/vc_column_text][vc_single_image media=\u00a0\u00bb1228&Prime; media_width_percent=\u00a0\u00bb100&Prime; media_link=\u00a0\u00bburl:https%3A%2F%2Fwww.guides-sports-loisirs.ca%2Fveloparcs%2Fwp-content%2Fuploads%2Fsites%2F6%2F2018%2F09%2FGIS-TABLEAU1.png||target:%20_blank|\u00a0\u00bb][\/vc_column][\/vc_row][vc_row row_height_percent=\u00a0\u00bb0&Prime; override_padding=\u00a0\u00bbyes\u00a0\u00bb h_padding=\u00a0\u00bb2&Prime; top_padding=\u00a0\u00bb2&Prime; bottom_padding=\u00a0\u00bb2&Prime; overlay_alpha=\u00a0\u00bb50&Prime; gutter_size=\u00a0\u00bb3&Prime; shift_y=\u00a0\u00bb0&Prime;][vc_column column_width_use_pixel=\u00a0\u00bbyes\u00a0\u00bb overlay_alpha=\u00a0\u00bb50&Prime; gutter_size=\u00a0\u00bb2&Prime; medium_width=\u00a0\u00bb0&Prime; shift_x=\u00a0\u00bb0&Prime; shift_y=\u00a0\u00bb0&Prime; z_index=\u00a0\u00bb0&Prime; width=\u00a0\u00bb1\/1&Prime; column_width_pixel=\u00a0\u00bb800&Prime;][vc_custom_heading]Les activit\u00e9s d\u2019entretien[\/vc_custom_heading][vc_column_text]Pour faciliter l\u2019entretien, il est id\u00e9al d\u2019entreposer les outils \u00e0 proximit\u00e9, ce qui simplifie les op\u00e9rations. Il est \u00e9galement recommand\u00e9 de d\u00e9terminer les t\u00e2ches de chacun (municipalit\u00e9, club, etc.) et les meilleures p\u00e9riodes pour les accomplir.<\/p>\n<p>Selon les horaires de fr\u00e9quentation de la client\u00e8le (pour ne pas brimer les utilisateurs en fermant le v\u00e9loparc durant une p\u00e9riode propice \u00e0 la pratique, ou encore en faisant un entretien JUSTE AVANT la grosse p\u00e9riode d\u2019utilisation), il faudra planifier l\u2019entretien, par exemple, l\u2019arrosage et le compactage des formes de terre pour leur redonner du lustre.<\/p>\n<p>Les actions suivantes doivent toujours faire partie du processus d\u2019entretien\u00a0:<\/p>\n<ul>\n<li>Consigner les t\u00e2ches d\u2019entretien effectu\u00e9es (quoi\/quand\/par qui);<\/li>\n<li>Fermer les installations lorsqu\u2019elles sont d\u00e9tremp\u00e9es et partager l\u2019information (sur le site au moyen de signalisation et sur les m\u00e9dias sociaux pour \u00e9viter des d\u00e9placements inutiles aux adeptes);<\/li>\n<li>Tenir un journal d\u2019inspection et d\u2019entretien.<\/li>\n<\/ul>\n<p>[\/vc_column_text][vc_accordion][vc_accordion_tab title=\u00a0\u00bbActivit\u00e9s d\u2019entretien \u00e0 la fonte des neiges et avant la haute saison\u00a0\u00bb][vc_column_text]<\/p>\n<ul>\n<li>Nettoyage g\u00e9n\u00e9ral du site (corv\u00e9e publique?);<\/li>\n<li>Nettoyer les drains (surface et souterrains);<\/li>\n<li>Redonner leur forme aux \u00e9l\u00e9ments en terre et inspecter et r\u00e9parer ou reconstruire, au besoin, ceux en bois ou en asphalte.<\/li>\n<\/ul>\n<p>[\/vc_column_text][\/vc_accordion_tab][vc_accordion_tab title=\u00a0\u00bbEn cours de saison\u00a0\u00bb][vc_column_text]Fermer les installations lorsque la piste est d\u00e9tremp\u00e9e permet d\u2019allonger la dur\u00e9e de vie des \u00e9quipements et assure la s\u00e9curit\u00e9 des usagers. Il est sugg\u00e9r\u00e9 d\u2019indiquer les conditions de fermeture sur la signalisation ainsi que de disposer de signalisation temporaire indiquant la fermeture et sa raison lors des journ\u00e9es o\u00f9 la piste est ferm\u00e9e.<\/p>\n<p><strong>Pour l\u2019ensemble du site\u00a0:<\/strong><\/p>\n<ul>\n<li style=\"list-style-type: none\">\n<ul>\n<li>Nettoyage constant;<\/li>\n<li>Arroser et compacter les \u00e9l\u00e9ments en terre battue, au besoin\u00a0:\n<ul>\n<li>priorit\u00e9 aux sauts, virages et rouleaux.<\/li>\n<\/ul>\n<\/li>\n<\/ul>\n<\/li>\n<\/ul>\n<ul>\n<li>Entretien soutenu lors d\u2019\u00e9v\u00e9nements (avec la collaboration des organisateurs);<\/li>\n<\/ul>\n<p><strong>Pour les surfaces en terre battue\u00a0:<\/strong><\/p>\n<ul>\n<li>Arrosage;<\/li>\n<li>Compaction;<\/li>\n<li>R\u00e9fections mineures<\/li>\n<li>Corrections aux formes des \u00e9l\u00e9ments;<\/li>\n<li>D\u00e9sherbage de la bande de roulement;<\/li>\n<li>Nettoyage des drains;<\/li>\n<li>Tonte de la pelouse;<\/li>\n<\/ul>\n<p><strong>Pour les surfaces en asphalte\u00a0:<\/strong><\/p>\n<ul>\n<li>Nettoyage (balai);<\/li>\n<li>Peinture, au besoin (si la piste a \u00e9t\u00e9 peinte);<\/li>\n<\/ul>\n<p><strong>Pour les surfaces de bois ou de b\u00e9ton (modules pour les parcours de sauts ou un parcours de slopestyle)\u00a0:<\/strong><\/p>\n<ul>\n<li>D\u00e9signation d\u2019une personne (comme dans les parcs de planche \u00e0 neige) qui veille \u00e0 l\u2019entretien continu des surfaces;<\/li>\n<li>Inspection quotidienne des modules;<\/li>\n<li>Balayage des modules lors de l\u2019inspection pour enlever la terre accumul\u00e9e (et pour r\u00e9tablir la traction optimale sur les modules).<\/li>\n<\/ul>\n<p>[\/vc_column_text][\/vc_accordion_tab][vc_accordion_tab title=\u00a0\u00bb\u00c0 la fin de la saison\u00a0\u00bb][vc_column_text]<\/p>\n<ul>\n<li>Souffler les feuilles;<\/li>\n<li>Nettoyer les drains;<\/li>\n<li>Installer les panneaux de fermeture<\/li>\n<\/ul>\n<p>[\/vc_column_text][\/vc_accordion_tab][\/vc_accordion][vc_column_text border_color=\u00a0\u00bbcolor-193714&Prime; border_style=\u00a0\u00bbsolid\u00a0\u00bb css=\u00a0\u00bb.vc_custom_1536951497954{border-top-width: 10px !important;border-right-width: 10px !important;border-bottom-width: 10px !important;border-left-width: 10px !important;padding-top: 10px !important;padding-right: 10px !important;padding-bottom: 10px !important;padding-left: 10px !important;}\u00a0\u00bb]<\/p>\n<h3 style=\"text-align: center\"><span style=\"color: #0000ff\"><strong>IMPORTANT : Pour les sauts dont la zone d\u2019appel (tremplin) est faite de terre battue, une bonne pratique dans le milieu est de les couvrir avec des tapis ou des toiles dans les plages horaires o\u00f9 les sauts ne sont pas utilis\u00e9s ou lors d\u2019intemp\u00e9ries pour conserver la forme des zones d\u2019\u00e9lan (tremplin) et pour contrer l\u2019\u00e9rosion caus\u00e9e par les pr\u00e9cipitations.<br \/>\n<\/strong><\/span><\/h3>\n<p>[\/vc_column_text][vc_custom_heading]Fr\u00e9quence recommand\u00e9e pour les entretiens[\/vc_custom_heading][vc_single_image media=\u00a0\u00bb1233&Prime; media_width_percent=\u00a0\u00bb100&Prime; media_link=\u00a0\u00bburl:https%3A%2F%2Fwww.guides-sports-loisirs.ca%2Fveloparcs%2Fwp-content%2Fuploads%2Fsites%2F6%2F2018%2F09%2FGIS-TABLEAU2.png||target:%20_blank|\u00a0\u00bb][\/vc_column][\/vc_row][vc_row row_height_percent=\u00a0\u00bb0&Prime; override_padding=\u00a0\u00bbyes\u00a0\u00bb h_padding=\u00a0\u00bb2&Prime; top_padding=\u00a0\u00bb2&Prime; bottom_padding=\u00a0\u00bb2&Prime; overlay_alpha=\u00a0\u00bb50&Prime; gutter_size=\u00a0\u00bb3&Prime; shift_y=\u00a0\u00bb0&Prime;][vc_column column_width_use_pixel=\u00a0\u00bbyes\u00a0\u00bb overlay_alpha=\u00a0\u00bb50&Prime; gutter_size=\u00a0\u00bb2&Prime; medium_width=\u00a0\u00bb0&Prime; shift_x=\u00a0\u00bb0&Prime; shift_y=\u00a0\u00bb0&Prime; z_index=\u00a0\u00bb0&Prime; width=\u00a0\u00bb1\/1&Prime; column_width_pixel=\u00a0\u00bb800&Prime;][vc_button button_color=\u00a0\u00bbaccent\u00a0\u00bb size=\u00a0\u00bbbtn-lg\u00a0\u00bb radius=\u00a0\u00bbbtn-circle\u00a0\u00bb icon_position=\u00a0\u00bbright\u00a0\u00bb link=\u00a0\u00bburl:https%3A%2F%2Fwww.guides-sports-loisirs.ca%2Fveloparcs%2Fwp-content%2Fuploads%2Fsites%2F6%2F2017%2F03%2FGIS_VP_F49_Entretien.pdf||target:%20_blank|\u00a0\u00bb icon=\u00a0\u00bbfa fa-file-o\u00a0\u00bb]Version PDF[\/vc_button][\/vc_column][\/vc_row]<\/p>\n<\/div>","protected":false},"excerpt":{"rendered":"<p>[vc_row row_height_percent=\u00a0\u00bb0&Prime; override_padding=\u00a0\u00bbyes\u00a0\u00bb h_padding=\u00a0\u00bb2&Prime; top_padding=\u00a0\u00bb3&Prime; bottom_padding=\u00a0\u00bb2&Prime; overlay_alpha=\u00a0\u00bb50&Prime; gutter_size=\u00a0\u00bb3&Prime; shift_y=\u00a0\u00bb0&Prime;][vc_column column_width_use_pixel=\u00a0\u00bbyes\u00a0\u00bb overlay_alpha=\u00a0\u00bb50&Prime; gutter_size=\u00a0\u00bb3&Prime; medium_width=\u00a0\u00bb0&Prime; shift_x=\u00a0\u00bb0&Prime; shift_y=\u00a0\u00bb0&Prime; z_index=\u00a0\u00bb0&Prime; width=\u00a0\u00bb1\/1&Prime; column_width_pixel=\u00a0\u00bb800&Prime;][vc_column_text]Avant de proc\u00e9der [&hellip;]<\/p>\n","protected":false},"author":11,"featured_media":0,"parent":1209,"menu_order":0,"comment_status":"closed","ping_status":"closed","template":"","meta":{"_acf_changed":false,"footnotes":""},"class_list":["post-1223","page","type-page","status-publish","hentry"],"acf":[],"yoast_head":"<!-- This site is optimized with the Yoast SEO plugin v27.4 - https:\/\/yoast.com\/product\/yoast-seo-wordpress\/ -->\n<title>Entretien - V\u00e9loparcs<\/title>\n<meta name=\"robots\" content=\"index, follow, max-snippet:-1, max-image-preview:large, max-video-preview:-1\" \/>\n<link rel=\"canonical\" href=\"https:\/\/www.guides-sports-loisirs.ca\/veloparcs\/lexploitation\/entretien\/\" \/>\n<meta property=\"og:locale\" content=\"fr_FR\" \/>\n<meta property=\"og:type\" content=\"article\" \/>\n<meta property=\"og:title\" content=\"Entretien - V\u00e9loparcs\" \/>\n<meta property=\"og:description\" content=\"[vc_row row_height_percent=\u00a0\u00bb0&Prime; override_padding=\u00a0\u00bbyes\u00a0\u00bb h_padding=\u00a0\u00bb2&Prime; top_padding=\u00a0\u00bb3&Prime; bottom_padding=\u00a0\u00bb2&Prime; overlay_alpha=\u00a0\u00bb50&Prime; gutter_size=\u00a0\u00bb3&Prime; shift_y=\u00a0\u00bb0&Prime;][vc_column column_width_use_pixel=\u00a0\u00bbyes\u00a0\u00bb overlay_alpha=\u00a0\u00bb50&Prime; gutter_size=\u00a0\u00bb3&Prime; medium_width=\u00a0\u00bb0&Prime; shift_x=\u00a0\u00bb0&Prime; shift_y=\u00a0\u00bb0&Prime; z_index=\u00a0\u00bb0&Prime; width=\u00a0\u00bb1\/1&Prime; column_width_pixel=\u00a0\u00bb800&Prime;][vc_column_text]Avant de proc\u00e9der [&hellip;]\" \/>\n<meta property=\"og:url\" content=\"https:\/\/www.guides-sports-loisirs.ca\/veloparcs\/lexploitation\/entretien\/\" \/>\n<meta property=\"og:site_name\" content=\"V\u00e9loparcs\" \/>\n<meta property=\"article:modified_time\" content=\"2018-10-01T17:24:32+00:00\" \/>\n<meta name=\"twitter:card\" content=\"summary_large_image\" \/>\n<meta name=\"twitter:label1\" content=\"Dur\u00e9e de lecture estim\u00e9e\" \/>\n\t<meta name=\"twitter:data1\" content=\"5 minutes\" \/>\n<script type=\"application\/ld+json\" class=\"yoast-schema-graph\">{\"@context\":\"https:\\\/\\\/schema.org\",\"@graph\":[{\"@type\":\"WebPage\",\"@id\":\"https:\\\/\\\/www.guides-sports-loisirs.ca\\\/veloparcs\\\/lexploitation\\\/entretien\\\/\",\"url\":\"https:\\\/\\\/www.guides-sports-loisirs.ca\\\/veloparcs\\\/lexploitation\\\/entretien\\\/\",\"name\":\"Entretien - V\u00e9loparcs\",\"isPartOf\":{\"@id\":\"https:\\\/\\\/www.guides-sports-loisirs.ca\\\/veloparcs\\\/#website\"},\"datePublished\":\"2018-09-12T19:27:06+00:00\",\"dateModified\":\"2018-10-01T17:24:32+00:00\",\"breadcrumb\":{\"@id\":\"https:\\\/\\\/www.guides-sports-loisirs.ca\\\/veloparcs\\\/lexploitation\\\/entretien\\\/#breadcrumb\"},\"inLanguage\":\"fr-FR\",\"potentialAction\":[{\"@type\":\"ReadAction\",\"target\":[\"https:\\\/\\\/www.guides-sports-loisirs.ca\\\/veloparcs\\\/lexploitation\\\/entretien\\\/\"]}]},{\"@type\":\"BreadcrumbList\",\"@id\":\"https:\\\/\\\/www.guides-sports-loisirs.ca\\\/veloparcs\\\/lexploitation\\\/entretien\\\/#breadcrumb\",\"itemListElement\":[{\"@type\":\"ListItem\",\"position\":1,\"name\":\"Accueil\",\"item\":\"https:\\\/\\\/www.guides-sports-loisirs.ca\\\/veloparcs\\\/\"},{\"@type\":\"ListItem\",\"position\":2,\"name\":\"L\u2019exploitation\",\"item\":\"https:\\\/\\\/www.guides-sports-loisirs.ca\\\/veloparcs\\\/lexploitation\\\/\"},{\"@type\":\"ListItem\",\"position\":3,\"name\":\"Entretien\"}]},{\"@type\":\"WebSite\",\"@id\":\"https:\\\/\\\/www.guides-sports-loisirs.ca\\\/veloparcs\\\/#website\",\"url\":\"https:\\\/\\\/www.guides-sports-loisirs.ca\\\/veloparcs\\\/\",\"name\":\"V\u00e9loparcs\",\"description\":\"V\u00e9loparcs\",\"potentialAction\":[{\"@type\":\"SearchAction\",\"target\":{\"@type\":\"EntryPoint\",\"urlTemplate\":\"https:\\\/\\\/www.guides-sports-loisirs.ca\\\/veloparcs\\\/?s={search_term_string}\"},\"query-input\":{\"@type\":\"PropertyValueSpecification\",\"valueRequired\":true,\"valueName\":\"search_term_string\"}}],\"inLanguage\":\"fr-FR\"}]}<\/script>\n<!-- \/ Yoast SEO plugin. -->","yoast_head_json":{"title":"Entretien - V\u00e9loparcs","robots":{"index":"index","follow":"follow","max-snippet":"max-snippet:-1","max-image-preview":"max-image-preview:large","max-video-preview":"max-video-preview:-1"},"canonical":"https:\/\/www.guides-sports-loisirs.ca\/veloparcs\/lexploitation\/entretien\/","og_locale":"fr_FR","og_type":"article","og_title":"Entretien - V\u00e9loparcs","og_description":"[vc_row row_height_percent=\u00a0\u00bb0&Prime; override_padding=\u00a0\u00bbyes\u00a0\u00bb h_padding=\u00a0\u00bb2&Prime; top_padding=\u00a0\u00bb3&Prime; bottom_padding=\u00a0\u00bb2&Prime; overlay_alpha=\u00a0\u00bb50&Prime; gutter_size=\u00a0\u00bb3&Prime; shift_y=\u00a0\u00bb0&Prime;][vc_column column_width_use_pixel=\u00a0\u00bbyes\u00a0\u00bb overlay_alpha=\u00a0\u00bb50&Prime; gutter_size=\u00a0\u00bb3&Prime; medium_width=\u00a0\u00bb0&Prime; shift_x=\u00a0\u00bb0&Prime; shift_y=\u00a0\u00bb0&Prime; z_index=\u00a0\u00bb0&Prime; width=\u00a0\u00bb1\/1&Prime; column_width_pixel=\u00a0\u00bb800&Prime;][vc_column_text]Avant de proc\u00e9der [&hellip;]","og_url":"https:\/\/www.guides-sports-loisirs.ca\/veloparcs\/lexploitation\/entretien\/","og_site_name":"V\u00e9loparcs","article_modified_time":"2018-10-01T17:24:32+00:00","twitter_card":"summary_large_image","twitter_misc":{"Dur\u00e9e de lecture estim\u00e9e":"5 minutes"},"schema":{"@context":"https:\/\/schema.org","@graph":[{"@type":"WebPage","@id":"https:\/\/www.guides-sports-loisirs.ca\/veloparcs\/lexploitation\/entretien\/","url":"https:\/\/www.guides-sports-loisirs.ca\/veloparcs\/lexploitation\/entretien\/","name":"Entretien - V\u00e9loparcs","isPartOf":{"@id":"https:\/\/www.guides-sports-loisirs.ca\/veloparcs\/#website"},"datePublished":"2018-09-12T19:27:06+00:00","dateModified":"2018-10-01T17:24:32+00:00","breadcrumb":{"@id":"https:\/\/www.guides-sports-loisirs.ca\/veloparcs\/lexploitation\/entretien\/#breadcrumb"},"inLanguage":"fr-FR","potentialAction":[{"@type":"ReadAction","target":["https:\/\/www.guides-sports-loisirs.ca\/veloparcs\/lexploitation\/entretien\/"]}]},{"@type":"BreadcrumbList","@id":"https:\/\/www.guides-sports-loisirs.ca\/veloparcs\/lexploitation\/entretien\/#breadcrumb","itemListElement":[{"@type":"ListItem","position":1,"name":"Accueil","item":"https:\/\/www.guides-sports-loisirs.ca\/veloparcs\/"},{"@type":"ListItem","position":2,"name":"L\u2019exploitation","item":"https:\/\/www.guides-sports-loisirs.ca\/veloparcs\/lexploitation\/"},{"@type":"ListItem","position":3,"name":"Entretien"}]},{"@type":"WebSite","@id":"https:\/\/www.guides-sports-loisirs.ca\/veloparcs\/#website","url":"https:\/\/www.guides-sports-loisirs.ca\/veloparcs\/","name":"V\u00e9loparcs","description":"V\u00e9loparcs","potentialAction":[{"@type":"SearchAction","target":{"@type":"EntryPoint","urlTemplate":"https:\/\/www.guides-sports-loisirs.ca\/veloparcs\/?s={search_term_string}"},"query-input":{"@type":"PropertyValueSpecification","valueRequired":true,"valueName":"search_term_string"}}],"inLanguage":"fr-FR"}]}},"_links":{"self":[{"href":"https:\/\/www.guides-sports-loisirs.ca\/veloparcs\/wp-json\/wp\/v2\/pages\/1223","targetHints":{"allow":["GET"]}}],"collection":[{"href":"https:\/\/www.guides-sports-loisirs.ca\/veloparcs\/wp-json\/wp\/v2\/pages"}],"about":[{"href":"https:\/\/www.guides-sports-loisirs.ca\/veloparcs\/wp-json\/wp\/v2\/types\/page"}],"author":[{"embeddable":true,"href":"https:\/\/www.guides-sports-loisirs.ca\/veloparcs\/wp-json\/wp\/v2\/users\/11"}],"replies":[{"embeddable":true,"href":"https:\/\/www.guides-sports-loisirs.ca\/veloparcs\/wp-json\/wp\/v2\/comments?post=1223"}],"version-history":[{"count":10,"href":"https:\/\/www.guides-sports-loisirs.ca\/veloparcs\/wp-json\/wp\/v2\/pages\/1223\/revisions"}],"predecessor-version":[{"id":1539,"href":"https:\/\/www.guides-sports-loisirs.ca\/veloparcs\/wp-json\/wp\/v2\/pages\/1223\/revisions\/1539"}],"up":[{"embeddable":true,"href":"https:\/\/www.guides-sports-loisirs.ca\/veloparcs\/wp-json\/wp\/v2\/pages\/1209"}],"wp:attachment":[{"href":"https:\/\/www.guides-sports-loisirs.ca\/veloparcs\/wp-json\/wp\/v2\/media?parent=1223"}],"curies":[{"name":"wp","href":"https:\/\/api.w.org\/{rel}","templated":true}]}}