{"id":1217,"date":"2018-09-12T15:10:28","date_gmt":"2018-09-12T19:10:28","guid":{"rendered":"https:\/\/www.guides-sports-loisirs.ca\/veloparcs\/?page_id=1217"},"modified":"2018-10-01T18:33:29","modified_gmt":"2018-10-01T22:33:29","slug":"gestion-des-risques","status":"publish","type":"page","link":"https:\/\/www.guides-sports-loisirs.ca\/veloparcs\/lexploitation\/gestion-des-risques\/","title":{"rendered":"Gestion des risques"},"content":{"rendered":"<div class=\"wpb-content-wrapper\"><p>[vc_row row_height_percent=\u00a0\u00bb0&Prime; override_padding=\u00a0\u00bbyes\u00a0\u00bb h_padding=\u00a0\u00bb2&Prime; top_padding=\u00a0\u00bb3&Prime; bottom_padding=\u00a0\u00bb2&Prime; overlay_alpha=\u00a0\u00bb50&Prime; gutter_size=\u00a0\u00bb3&Prime; shift_y=\u00a0\u00bb0&Prime;][vc_column column_width_use_pixel=\u00a0\u00bbyes\u00a0\u00bb overlay_alpha=\u00a0\u00bb50&Prime; gutter_size=\u00a0\u00bb3&Prime; medium_width=\u00a0\u00bb0&Prime; shift_x=\u00a0\u00bb0&Prime; shift_y=\u00a0\u00bb0&Prime; z_index=\u00a0\u00bb0&Prime; width=\u00a0\u00bb1\/1&Prime; column_width_pixel=\u00a0\u00bb800&Prime;][vc_column_text]La gestion des risques est un concept large qui inclut\u00a0:<\/p>\n<ul>\n<li>les am\u00e9nagements (proposer une infrastructure s\u00e9curitaire, bien con\u00e7ue et bien am\u00e9nag\u00e9e);<\/li>\n<li>la signalisation (partager l\u2019information afin d\u2019orienter la prise de d\u00e9cision)<\/li>\n<li>les mesures que l\u2019on prend apr\u00e8s un incident (que l\u2019on a pr\u00e9vues \u00e0 l\u2019avance)<\/li>\n<\/ul>\n<p>[\/vc_column_text][vc_column_text border_color=\u00a0\u00bbcolor-193714&Prime; border_style=\u00a0\u00bbsolid\u00a0\u00bb css=\u00a0\u00bb.vc_custom_1536951327800{border-top-width: 10px !important;border-right-width: 10px !important;border-bottom-width: 10px !important;border-left-width: 10px !important;padding-top: 10px !important;padding-right: 10px !important;padding-bottom: 10px !important;padding-left: 10px !important;}\u00a0\u00bb]<\/p>\n<h3 style=\"text-align: center\"><span style=\"color: #0000ff\"><strong>ATTENTION : Tenir un registre des accidents permet de rep\u00e9rer les situations dangereuses et de les modifier! Mettez les usagers \u00e0 contribution et sensibilisez le club local \u00e0 l\u2019importance de ce suivi.<br \/>\n<\/strong><\/span><\/h3>\n<p>[\/vc_column_text][vc_custom_heading]Danger vs D\u00e9fi[\/vc_custom_heading][vc_column_text]Le Guide des aires et des appareils de jeu de l\u2019INSPQ[1] propose d\u00e9finition du danger, fort int\u00e9ressante et applicable au contexte du v\u00e9loparc (traduction du <em>Play for all Guidelines<\/em>, 1987[2]\u00a0)\u00a0:<\/p>\n<blockquote><p>\u00ab Un danger : quelque chose que l&rsquo;enfant ne voit pas;<\/p>\n<p>Un d\u00e9fi : un risque que l&rsquo;enfant per\u00e7oit et qu&rsquo;il choisit ou non d&rsquo;affronter. \u00bb<\/p><\/blockquote>\n<hr \/>\n<p>[1] <a href=\"https:\/\/www.inspq.qc.ca\/publications\/395\" target=\"_blank\" rel=\"noopener\">https:\/\/www.inspq.qc.ca\/publications\/395<\/a><br \/>\n[2] <a href=\"https:\/\/www.amazon.com\/Play-All-Guidelines-Designing-Management\/dp\/0944661173\" target=\"_blank\" rel=\"noopener\">https:\/\/www.amazon.com\/Play-All-Guidelines-Designing-Management\/dp\/0944661173<\/a>[\/vc_column_text][vc_column_text border_color=\u00a0\u00bbcolor-193714&Prime; border_style=\u00a0\u00bbsolid\u00a0\u00bb css=\u00a0\u00bb.vc_custom_1536951386421{border-top-width: 10px !important;border-right-width: 10px !important;border-bottom-width: 10px !important;border-left-width: 10px !important;padding-top: 10px !important;padding-right: 10px !important;padding-bottom: 10px !important;padding-left: 10px !important;}\u00a0\u00bb]<\/p>\n<h3 style=\"text-align: center\"><span style=\"color: #0000ff\"><strong>ATTENTION : Pour un parc de sauts ou un parcours de slopestyle, il est conseill\u00e9 de proc\u00e9der \u00e0 une inspection quotidienne des modules, vu le niveau de risque que comporte cette activit\u00e9. Les visites devront \u00eatre consign\u00e9es par \u00e9crit.<br \/>\n<\/strong><\/span><\/h3>\n<p>[\/vc_column_text][vc_custom_heading]G\u00e9n\u00e9ralit\u00e9s et responsabilit\u00e9s[\/vc_custom_heading][vc_column_text]\u00c0 titre de rappel, vous avez l\u2019obligation de la protection du public sur vos propri\u00e9t\u00e9s. Donc si vous invitez les gens \u00e0 utiliser votre v\u00e9loparc, entez de pr\u00e9voir ce qui est raisonnablement pr\u00e9visible et agissez de fa\u00e7on prudente et diligente (obligation de moyen et non pas de r\u00e9sultat).[\/vc_column_text][vc_custom_heading]La responsabilit\u00e9 civile, c\u2019est\u00a0:[\/vc_custom_heading][vc_column_text]<\/p>\n<blockquote><p>\u00ab\u00a0Le devoir de respecter les r\u00e8gles de conduite qui, suivant les circonstances, s\u2019imposent \u00e0 nous, de mani\u00e8re \u00e0 ne pas causer de pr\u00e9judice \u00e0 autrui\u00a0\u00bb (art. 1457 du <em>Code civil du Qu\u00e9bec<\/em>).<\/p><\/blockquote>\n<ul>\n<li>Lois et r\u00e8glements;<\/li>\n<li>Normes;<\/li>\n<li>Pratiques ou usages g\u00e9n\u00e9ralement adopt\u00e9s.<\/li>\n<\/ul>\n<p>[\/vc_column_text][vc_custom_heading]Trois \u00e9l\u00e9ments sont n\u00e9cessaires pour un recours judiciaire\u00a0:[\/vc_custom_heading][vc_accordion][vc_accordion_tab title=\u00a0\u00bbLes dommages\u00a0\u00bb][vc_column_text]<\/p>\n<ul>\n<li>Corporels et moraux;<\/li>\n<li>Mat\u00e9riels;<\/li>\n<li>Exemplaires (rares).<\/li>\n<\/ul>\n<p>[\/vc_column_text][\/vc_accordion_tab][vc_accordion_tab title=\u00a0\u00bbLa faute\u00a0\u00bb][vc_column_text]<\/p>\n<ul>\n<li>Transgression d\u2019une r\u00e8gle de conduite, par action ou par omission;<\/li>\n<li>Qu\u2019aurait fait une personne diligente et raisonnable plac\u00e9e dans les m\u00eames circonstances?<\/li>\n<\/ul>\n<p>[\/vc_column_text][\/vc_accordion_tab][vc_accordion_tab title=\u00a0\u00bbLe lien de causalit\u00e9 entre la faute et les dommages\u00a0\u00bb][vc_column_text]<\/p>\n<ul>\n<li>La faute est la cause directe et imm\u00e9diate du dommage;<\/li>\n<li>Le fardeau de la preuve appartient \u00e0 la partie demanderesse.<\/li>\n<\/ul>\n<p>[\/vc_column_text][\/vc_accordion_tab][\/vc_accordion][vc_custom_heading]Surveillance[\/vc_custom_heading][vc_column_text]Il est peu optimal (sur le plan \u00e9conomique) d\u2019avoir quelqu\u2019un sur place en tout temps (sauf si d\u2019autres services sont offerts). Optez plut\u00f4t pour\u00a0:<\/p>\n<ul>\n<li>Un emplacement central, visible (pour assurer une forme de contr\u00f4le par les autres usagers\u00a0: il est toujours moins tentant de commettre un m\u00e9fait lorsqu\u2019on a l\u2019impression qu\u2019un passant peut nous surprendre en pleine action);<\/li>\n<li>Un \u00e9clairage (qui s\u00e9curise autant les usagers que les passants ou les voisins);<\/li>\n<li>Une signalisation (qui sert \u00e0 la fois \u00e0 conscientiser les utilisateurs et \u00e0 effectuer un travail de pr\u00e9vention).<\/li>\n<\/ul>\n<p>Les \u00e9quipes d\u2019entretien de la municipalit\u00e9, les patrouilleurs ou les intervenants sociaux peuvent effectuer des v\u00e9rifications ponctuelles; c\u2019est ce qui se fait le plus souvent dans les parcs de planche \u00e0 roulettes. Tout comme dans ces derniers, il est possible de combiner la visite d\u2019animateurs sociocommunautaires avec la surveillance informelle.<\/p>\n<p>Pour faciliter la surveillance et l\u2019entretien, l\u2019int\u00e9gration de chemins carrossables sur le site est possible et facilitera la visite des v\u00e9hicules de la municipalit\u00e9 ainsi que l\u2019ajout de la destination dans la routine d\u2019inspection.[\/vc_column_text][vc_custom_heading]Plan de gestion des urgences[\/vc_custom_heading][vc_column_text]Bien que la gestion des risques commence par la planification et l\u2019am\u00e9nagement, et qu\u2019elle se poursuive par la signalisation et l\u2019entretien, il peut arriver que des accidents se produisent. Il faut alors \u00eatre pr\u00eat \u00e0 r\u00e9agir.<\/p>\n<ul>\n<li>Identifier les points d\u2019\u00e9vacuation lors d\u2019accidents et les points de rassemblement des groupes et s\u2019assurer qu\u2019ils sont accessibles pour les v\u00e9hicules d\u2019urgence (id\u00e9alement sans avoir besoin d\u2019un cadenas; si un ou plusieurs cadenas sont utilis\u00e9s aux divers points d\u2019acc\u00e8s, assurez-vous que les personnes concern\u00e9es ont la cl\u00e9 ou la combinaison);<\/li>\n<li>Faire la liste des proc\u00e9dures et en informer les premiers r\u00e9pondants (clarifier leurs r\u00f4les), mais \u00e9galement aviser la client\u00e8le des proc\u00e9dures (signalisation);<\/li>\n<li>Aviser les ressources (pompiers, policiers, services ambulanciers) chaque ann\u00e9e des modifications au plan ou simplement r\u00e9viser le plan avec les intervenants.<\/li>\n<li>Sur la signalisation du site, indiquer un num\u00e9ro de t\u00e9l\u00e9phone ou un site Web pour rapporter les accidents. Cela permet d\u2019en tenir un registre et d\u2019ajuster la situation dans le v\u00e9loparc (\u00eatre r\u00e9actif aux accidents).<\/li>\n<\/ul>\n<p>[\/vc_column_text][\/vc_column][\/vc_row][vc_row row_height_percent=\u00a0\u00bb0&Prime; override_padding=\u00a0\u00bbyes\u00a0\u00bb h_padding=\u00a0\u00bb2&Prime; top_padding=\u00a0\u00bb2&Prime; bottom_padding=\u00a0\u00bb2&Prime; overlay_alpha=\u00a0\u00bb50&Prime; gutter_size=\u00a0\u00bb3&Prime; shift_y=\u00a0\u00bb0&Prime;][vc_column column_width_use_pixel=\u00a0\u00bbyes\u00a0\u00bb overlay_alpha=\u00a0\u00bb50&Prime; gutter_size=\u00a0\u00bb2&Prime; medium_width=\u00a0\u00bb0&Prime; shift_x=\u00a0\u00bb0&Prime; shift_y=\u00a0\u00bb0&Prime; z_index=\u00a0\u00bb0&Prime; width=\u00a0\u00bb1\/1&Prime; column_width_pixel=\u00a0\u00bb800&Prime;][vc_button button_color=\u00a0\u00bbaccent\u00a0\u00bb size=\u00a0\u00bbbtn-lg\u00a0\u00bb radius=\u00a0\u00bbbtn-circle\u00a0\u00bb icon_position=\u00a0\u00bbright\u00a0\u00bb link=\u00a0\u00bburl:https%3A%2F%2Fwww.guides-sports-loisirs.ca%2Fveloparcs%2Fwp-content%2Fuploads%2Fsites%2F6%2F2017%2F03%2FGIS_VP_F48_GestionDesRisques.pdf||target:%20_blank|\u00a0\u00bb icon=\u00a0\u00bbfa fa-file-o\u00a0\u00bb]Version PDF[\/vc_button][\/vc_column][\/vc_row]<\/p>\n<\/div>","protected":false},"excerpt":{"rendered":"<p>[vc_row row_height_percent=\u00a0\u00bb0&Prime; override_padding=\u00a0\u00bbyes\u00a0\u00bb h_padding=\u00a0\u00bb2&Prime; top_padding=\u00a0\u00bb3&Prime; bottom_padding=\u00a0\u00bb2&Prime; overlay_alpha=\u00a0\u00bb50&Prime; gutter_size=\u00a0\u00bb3&Prime; shift_y=\u00a0\u00bb0&Prime;][vc_column column_width_use_pixel=\u00a0\u00bbyes\u00a0\u00bb overlay_alpha=\u00a0\u00bb50&Prime; gutter_size=\u00a0\u00bb3&Prime; medium_width=\u00a0\u00bb0&Prime; shift_x=\u00a0\u00bb0&Prime; shift_y=\u00a0\u00bb0&Prime; z_index=\u00a0\u00bb0&Prime; width=\u00a0\u00bb1\/1&Prime; column_width_pixel=\u00a0\u00bb800&Prime;][vc_column_text]La gestion des [&hellip;]<\/p>\n","protected":false},"author":11,"featured_media":0,"parent":1209,"menu_order":0,"comment_status":"closed","ping_status":"closed","template":"","meta":{"_acf_changed":false,"footnotes":""},"class_list":["post-1217","page","type-page","status-publish","hentry"],"acf":[],"yoast_head":"<!-- This site is optimized with the Yoast SEO plugin v27.2 - https:\/\/yoast.com\/product\/yoast-seo-wordpress\/ -->\n<title>Gestion des risques - V\u00e9loparcs<\/title>\n<meta name=\"robots\" content=\"index, follow, max-snippet:-1, max-image-preview:large, max-video-preview:-1\" \/>\n<link rel=\"canonical\" href=\"https:\/\/www.guides-sports-loisirs.ca\/veloparcs\/lexploitation\/gestion-des-risques\/\" \/>\n<meta property=\"og:locale\" content=\"fr_FR\" \/>\n<meta property=\"og:type\" content=\"article\" \/>\n<meta property=\"og:title\" content=\"Gestion des risques - V\u00e9loparcs\" \/>\n<meta property=\"og:description\" content=\"[vc_row row_height_percent=\u00a0\u00bb0&Prime; override_padding=\u00a0\u00bbyes\u00a0\u00bb h_padding=\u00a0\u00bb2&Prime; top_padding=\u00a0\u00bb3&Prime; bottom_padding=\u00a0\u00bb2&Prime; overlay_alpha=\u00a0\u00bb50&Prime; gutter_size=\u00a0\u00bb3&Prime; shift_y=\u00a0\u00bb0&Prime;][vc_column column_width_use_pixel=\u00a0\u00bbyes\u00a0\u00bb overlay_alpha=\u00a0\u00bb50&Prime; gutter_size=\u00a0\u00bb3&Prime; medium_width=\u00a0\u00bb0&Prime; shift_x=\u00a0\u00bb0&Prime; shift_y=\u00a0\u00bb0&Prime; z_index=\u00a0\u00bb0&Prime; width=\u00a0\u00bb1\/1&Prime; column_width_pixel=\u00a0\u00bb800&Prime;][vc_column_text]La gestion des [&hellip;]\" \/>\n<meta property=\"og:url\" content=\"https:\/\/www.guides-sports-loisirs.ca\/veloparcs\/lexploitation\/gestion-des-risques\/\" \/>\n<meta property=\"og:site_name\" content=\"V\u00e9loparcs\" \/>\n<meta property=\"article:modified_time\" content=\"2018-10-01T22:33:29+00:00\" \/>\n<meta name=\"twitter:card\" content=\"summary_large_image\" \/>\n<meta name=\"twitter:label1\" content=\"Dur\u00e9e de lecture estim\u00e9e\" \/>\n\t<meta name=\"twitter:data1\" content=\"6 minutes\" \/>\n<script type=\"application\/ld+json\" class=\"yoast-schema-graph\">{\"@context\":\"https:\/\/schema.org\",\"@graph\":[{\"@type\":\"WebPage\",\"@id\":\"https:\/\/www.guides-sports-loisirs.ca\/veloparcs\/lexploitation\/gestion-des-risques\/\",\"url\":\"https:\/\/www.guides-sports-loisirs.ca\/veloparcs\/lexploitation\/gestion-des-risques\/\",\"name\":\"Gestion des risques - V\u00e9loparcs\",\"isPartOf\":{\"@id\":\"https:\/\/www.guides-sports-loisirs.ca\/veloparcs\/#website\"},\"datePublished\":\"2018-09-12T19:10:28+00:00\",\"dateModified\":\"2018-10-01T22:33:29+00:00\",\"breadcrumb\":{\"@id\":\"https:\/\/www.guides-sports-loisirs.ca\/veloparcs\/lexploitation\/gestion-des-risques\/#breadcrumb\"},\"inLanguage\":\"fr-FR\",\"potentialAction\":[{\"@type\":\"ReadAction\",\"target\":[\"https:\/\/www.guides-sports-loisirs.ca\/veloparcs\/lexploitation\/gestion-des-risques\/\"]}]},{\"@type\":\"BreadcrumbList\",\"@id\":\"https:\/\/www.guides-sports-loisirs.ca\/veloparcs\/lexploitation\/gestion-des-risques\/#breadcrumb\",\"itemListElement\":[{\"@type\":\"ListItem\",\"position\":1,\"name\":\"Accueil\",\"item\":\"https:\/\/www.guides-sports-loisirs.ca\/veloparcs\/\"},{\"@type\":\"ListItem\",\"position\":2,\"name\":\"L\u2019exploitation\",\"item\":\"https:\/\/www.guides-sports-loisirs.ca\/veloparcs\/lexploitation\/\"},{\"@type\":\"ListItem\",\"position\":3,\"name\":\"Gestion des risques\"}]},{\"@type\":\"WebSite\",\"@id\":\"https:\/\/www.guides-sports-loisirs.ca\/veloparcs\/#website\",\"url\":\"https:\/\/www.guides-sports-loisirs.ca\/veloparcs\/\",\"name\":\"V\u00e9loparcs\",\"description\":\"V\u00e9loparcs\",\"potentialAction\":[{\"@type\":\"SearchAction\",\"target\":{\"@type\":\"EntryPoint\",\"urlTemplate\":\"https:\/\/www.guides-sports-loisirs.ca\/veloparcs\/?s={search_term_string}\"},\"query-input\":{\"@type\":\"PropertyValueSpecification\",\"valueRequired\":true,\"valueName\":\"search_term_string\"}}],\"inLanguage\":\"fr-FR\"}]}<\/script>\n<!-- \/ Yoast SEO plugin. -->","yoast_head_json":{"title":"Gestion des risques - V\u00e9loparcs","robots":{"index":"index","follow":"follow","max-snippet":"max-snippet:-1","max-image-preview":"max-image-preview:large","max-video-preview":"max-video-preview:-1"},"canonical":"https:\/\/www.guides-sports-loisirs.ca\/veloparcs\/lexploitation\/gestion-des-risques\/","og_locale":"fr_FR","og_type":"article","og_title":"Gestion des risques - V\u00e9loparcs","og_description":"[vc_row row_height_percent=\u00a0\u00bb0&Prime; override_padding=\u00a0\u00bbyes\u00a0\u00bb h_padding=\u00a0\u00bb2&Prime; top_padding=\u00a0\u00bb3&Prime; bottom_padding=\u00a0\u00bb2&Prime; overlay_alpha=\u00a0\u00bb50&Prime; gutter_size=\u00a0\u00bb3&Prime; shift_y=\u00a0\u00bb0&Prime;][vc_column column_width_use_pixel=\u00a0\u00bbyes\u00a0\u00bb overlay_alpha=\u00a0\u00bb50&Prime; gutter_size=\u00a0\u00bb3&Prime; medium_width=\u00a0\u00bb0&Prime; shift_x=\u00a0\u00bb0&Prime; shift_y=\u00a0\u00bb0&Prime; z_index=\u00a0\u00bb0&Prime; width=\u00a0\u00bb1\/1&Prime; column_width_pixel=\u00a0\u00bb800&Prime;][vc_column_text]La gestion des [&hellip;]","og_url":"https:\/\/www.guides-sports-loisirs.ca\/veloparcs\/lexploitation\/gestion-des-risques\/","og_site_name":"V\u00e9loparcs","article_modified_time":"2018-10-01T22:33:29+00:00","twitter_card":"summary_large_image","twitter_misc":{"Dur\u00e9e de lecture estim\u00e9e":"6 minutes"},"schema":{"@context":"https:\/\/schema.org","@graph":[{"@type":"WebPage","@id":"https:\/\/www.guides-sports-loisirs.ca\/veloparcs\/lexploitation\/gestion-des-risques\/","url":"https:\/\/www.guides-sports-loisirs.ca\/veloparcs\/lexploitation\/gestion-des-risques\/","name":"Gestion des risques - V\u00e9loparcs","isPartOf":{"@id":"https:\/\/www.guides-sports-loisirs.ca\/veloparcs\/#website"},"datePublished":"2018-09-12T19:10:28+00:00","dateModified":"2018-10-01T22:33:29+00:00","breadcrumb":{"@id":"https:\/\/www.guides-sports-loisirs.ca\/veloparcs\/lexploitation\/gestion-des-risques\/#breadcrumb"},"inLanguage":"fr-FR","potentialAction":[{"@type":"ReadAction","target":["https:\/\/www.guides-sports-loisirs.ca\/veloparcs\/lexploitation\/gestion-des-risques\/"]}]},{"@type":"BreadcrumbList","@id":"https:\/\/www.guides-sports-loisirs.ca\/veloparcs\/lexploitation\/gestion-des-risques\/#breadcrumb","itemListElement":[{"@type":"ListItem","position":1,"name":"Accueil","item":"https:\/\/www.guides-sports-loisirs.ca\/veloparcs\/"},{"@type":"ListItem","position":2,"name":"L\u2019exploitation","item":"https:\/\/www.guides-sports-loisirs.ca\/veloparcs\/lexploitation\/"},{"@type":"ListItem","position":3,"name":"Gestion des risques"}]},{"@type":"WebSite","@id":"https:\/\/www.guides-sports-loisirs.ca\/veloparcs\/#website","url":"https:\/\/www.guides-sports-loisirs.ca\/veloparcs\/","name":"V\u00e9loparcs","description":"V\u00e9loparcs","potentialAction":[{"@type":"SearchAction","target":{"@type":"EntryPoint","urlTemplate":"https:\/\/www.guides-sports-loisirs.ca\/veloparcs\/?s={search_term_string}"},"query-input":{"@type":"PropertyValueSpecification","valueRequired":true,"valueName":"search_term_string"}}],"inLanguage":"fr-FR"}]}},"_links":{"self":[{"href":"https:\/\/www.guides-sports-loisirs.ca\/veloparcs\/wp-json\/wp\/v2\/pages\/1217","targetHints":{"allow":["GET"]}}],"collection":[{"href":"https:\/\/www.guides-sports-loisirs.ca\/veloparcs\/wp-json\/wp\/v2\/pages"}],"about":[{"href":"https:\/\/www.guides-sports-loisirs.ca\/veloparcs\/wp-json\/wp\/v2\/types\/page"}],"author":[{"embeddable":true,"href":"https:\/\/www.guides-sports-loisirs.ca\/veloparcs\/wp-json\/wp\/v2\/users\/11"}],"replies":[{"embeddable":true,"href":"https:\/\/www.guides-sports-loisirs.ca\/veloparcs\/wp-json\/wp\/v2\/comments?post=1217"}],"version-history":[{"count":7,"href":"https:\/\/www.guides-sports-loisirs.ca\/veloparcs\/wp-json\/wp\/v2\/pages\/1217\/revisions"}],"predecessor-version":[{"id":1536,"href":"https:\/\/www.guides-sports-loisirs.ca\/veloparcs\/wp-json\/wp\/v2\/pages\/1217\/revisions\/1536"}],"up":[{"embeddable":true,"href":"https:\/\/www.guides-sports-loisirs.ca\/veloparcs\/wp-json\/wp\/v2\/pages\/1209"}],"wp:attachment":[{"href":"https:\/\/www.guides-sports-loisirs.ca\/veloparcs\/wp-json\/wp\/v2\/media?parent=1217"}],"curies":[{"name":"wp","href":"https:\/\/api.w.org\/{rel}","templated":true}]}}