{"id":1150,"date":"2018-09-12T10:13:07","date_gmt":"2018-09-12T14:13:07","guid":{"rendered":"https:\/\/www.guides-sports-loisirs.ca\/veloparcs\/?page_id=1150"},"modified":"2018-09-27T15:50:43","modified_gmt":"2018-09-27T19:50:43","slug":"accueil","status":"publish","type":"page","link":"https:\/\/www.guides-sports-loisirs.ca\/veloparcs\/les-equipements-de-support\/accueil\/","title":{"rendered":"Accueil"},"content":{"rendered":"<div class=\"wpb-content-wrapper\"><p>[vc_row row_height_percent=\u00a0\u00bb0&Prime; override_padding=\u00a0\u00bbyes\u00a0\u00bb h_padding=\u00a0\u00bb2&Prime; top_padding=\u00a0\u00bb3&Prime; bottom_padding=\u00a0\u00bb2&Prime; overlay_alpha=\u00a0\u00bb50&Prime; gutter_size=\u00a0\u00bb3&Prime; shift_y=\u00a0\u00bb0&Prime;][vc_column column_width_use_pixel=\u00a0\u00bbyes\u00a0\u00bb overlay_alpha=\u00a0\u00bb50&Prime; gutter_size=\u00a0\u00bb3&Prime; medium_width=\u00a0\u00bb0&Prime; shift_x=\u00a0\u00bb0&Prime; shift_y=\u00a0\u00bb0&Prime; z_index=\u00a0\u00bb0&Prime; width=\u00a0\u00bb1\/1&Prime; column_width_pixel=\u00a0\u00bb800&Prime;][vc_custom_heading]\u00c9l\u00e9ments essentiels[\/vc_custom_heading][vc_column_text]Des toilettes et une fontaine \u00e0 boire sont des \u00e9l\u00e9ments essentiels dans un v\u00e9loparc de moyenne \u00e0 grande taille.<\/p>\n<p>Un cabanon ou un conteneur sera utile pour l\u2019entreposage des outils d\u2019entretien. Sinon, les outils devront \u00eatre apport\u00e9s au parc par le personnel ou les b\u00e9n\u00e9voles responsables de l\u2019entretien.<\/p>\n<p>L\u2019ajout de mobilier urbain (bancs, tables, poubelles) augmente l\u2019agr\u00e9ment de l\u2019utilisation du site, surtout pour les familles.[\/vc_column_text][vc_custom_heading]\u00c9l\u00e9ments recommand\u00e9s[\/vc_custom_heading][vc_column_text]<\/p>\n<ul>\n<li>Bancs;<\/li>\n<li>Tables de pique-nique;<\/li>\n<li>Poubelles et contenants pour recyclage;<\/li>\n<li>Abri;<\/li>\n<li>Douche et vestiaire;<\/li>\n<li>Trousse de premiers soins et planche dorsale, pour un site surveill\u00e9. Elles peuvent \u00eatre entrepos\u00e9es dans un b\u00e2timent verrouill\u00e9 en dehors des heures d\u2019ouverture;<\/li>\n<li>Trousse de premiers soins et planche dorsale, pour un site sans surveillance Elles devront \u00eatre entrepos\u00e9es dans un bo\u00eetier cadenass\u00e9, dont le personnel ou les responsables du club ont la cl\u00e9. Pour les petites municipalit\u00e9s, il serait donc acceptable d\u2019indiquer l\u2019emplacement o\u00f9 les usagers peuvent avoir de l\u2019aide (commer\u00e7ant, voisin), apr\u00e8s avoir obtenu la collaboration de ces derniers;<\/li>\n<li>Zone ombrag\u00e9e pour le repos.<\/li>\n<\/ul>\n<p>[\/vc_column_text][vc_single_image media=\u00a0\u00bb1153&Prime; media_width_percent=\u00a0\u00bb100&Prime;][vc_column_text]<strong>Abri<\/strong><br \/>\n<em>Sentiers Madawaska, Edmundston, N.-B. \u2013 Francis T\u00e9trault<\/em>[\/vc_column_text][\/vc_column][\/vc_row][vc_row row_height_percent=\u00a0\u00bb0&Prime; override_padding=\u00a0\u00bbyes\u00a0\u00bb h_padding=\u00a0\u00bb2&Prime; top_padding=\u00a0\u00bb2&Prime; bottom_padding=\u00a0\u00bb2&Prime; overlay_alpha=\u00a0\u00bb50&Prime; gutter_size=\u00a0\u00bb3&Prime; shift_y=\u00a0\u00bb0&Prime;][vc_column column_width_use_pixel=\u00a0\u00bbyes\u00a0\u00bb overlay_alpha=\u00a0\u00bb50&Prime; gutter_size=\u00a0\u00bb2&Prime; medium_width=\u00a0\u00bb0&Prime; shift_x=\u00a0\u00bb0&Prime; shift_y=\u00a0\u00bb0&Prime; z_index=\u00a0\u00bb0&Prime; width=\u00a0\u00bb1\/1&Prime; column_width_pixel=\u00a0\u00bb800&Prime;][vc_button button_color=\u00a0\u00bbaccent\u00a0\u00bb size=\u00a0\u00bbbtn-lg\u00a0\u00bb radius=\u00a0\u00bbbtn-circle\u00a0\u00bb icon_position=\u00a0\u00bbright\u00a0\u00bb link=\u00a0\u00bburl:https%3A%2F%2Fwww.guides-sports-loisirs.ca%2Fveloparcs%2Fwp-content%2Fuploads%2Fsites%2F6%2F2017%2F03%2FGIS_VP_F37_Accueil.pdf||target:%20_blank|\u00a0\u00bb icon=\u00a0\u00bbfa fa-file-o\u00a0\u00bb]Version PDF[\/vc_button][\/vc_column][\/vc_row]<\/p>\n<\/div>","protected":false},"excerpt":{"rendered":"<p>[vc_row row_height_percent=\u00a0\u00bb0&Prime; override_padding=\u00a0\u00bbyes\u00a0\u00bb h_padding=\u00a0\u00bb2&Prime; top_padding=\u00a0\u00bb3&Prime; bottom_padding=\u00a0\u00bb2&Prime; overlay_alpha=\u00a0\u00bb50&Prime; gutter_size=\u00a0\u00bb3&Prime; shift_y=\u00a0\u00bb0&Prime;][vc_column column_width_use_pixel=\u00a0\u00bbyes\u00a0\u00bb overlay_alpha=\u00a0\u00bb50&Prime; gutter_size=\u00a0\u00bb3&Prime; medium_width=\u00a0\u00bb0&Prime; shift_x=\u00a0\u00bb0&Prime; shift_y=\u00a0\u00bb0&Prime; z_index=\u00a0\u00bb0&Prime; width=\u00a0\u00bb1\/1&Prime; column_width_pixel=\u00a0\u00bb800&Prime;][vc_custom_heading]\u00c9l\u00e9ments essentiels[\/vc_custom_heading][vc_column_text]Des toilettes [&hellip;]<\/p>\n","protected":false},"author":11,"featured_media":0,"parent":1131,"menu_order":0,"comment_status":"closed","ping_status":"closed","template":"","meta":{"_acf_changed":false,"footnotes":""},"class_list":["post-1150","page","type-page","status-publish","hentry"],"acf":[],"yoast_head":"<!-- This site is optimized with the Yoast SEO plugin v27.4 - https:\/\/yoast.com\/product\/yoast-seo-wordpress\/ -->\n<title>Accueil - V\u00e9loparcs<\/title>\n<meta name=\"robots\" content=\"index, follow, max-snippet:-1, max-image-preview:large, max-video-preview:-1\" \/>\n<link rel=\"canonical\" href=\"https:\/\/www.guides-sports-loisirs.ca\/veloparcs\/les-equipements-de-support\/accueil\/\" \/>\n<meta property=\"og:locale\" content=\"fr_FR\" \/>\n<meta property=\"og:type\" content=\"article\" \/>\n<meta property=\"og:title\" content=\"Accueil - V\u00e9loparcs\" \/>\n<meta property=\"og:description\" content=\"[vc_row row_height_percent=\u00a0\u00bb0&Prime; override_padding=\u00a0\u00bbyes\u00a0\u00bb h_padding=\u00a0\u00bb2&Prime; top_padding=\u00a0\u00bb3&Prime; bottom_padding=\u00a0\u00bb2&Prime; overlay_alpha=\u00a0\u00bb50&Prime; gutter_size=\u00a0\u00bb3&Prime; shift_y=\u00a0\u00bb0&Prime;][vc_column column_width_use_pixel=\u00a0\u00bbyes\u00a0\u00bb overlay_alpha=\u00a0\u00bb50&Prime; gutter_size=\u00a0\u00bb3&Prime; medium_width=\u00a0\u00bb0&Prime; shift_x=\u00a0\u00bb0&Prime; shift_y=\u00a0\u00bb0&Prime; z_index=\u00a0\u00bb0&Prime; width=\u00a0\u00bb1\/1&Prime; column_width_pixel=\u00a0\u00bb800&Prime;][vc_custom_heading]\u00c9l\u00e9ments essentiels[\/vc_custom_heading][vc_column_text]Des toilettes [&hellip;]\" \/>\n<meta property=\"og:url\" content=\"https:\/\/www.guides-sports-loisirs.ca\/veloparcs\/les-equipements-de-support\/accueil\/\" \/>\n<meta property=\"og:site_name\" content=\"V\u00e9loparcs\" \/>\n<meta property=\"article:modified_time\" content=\"2018-09-27T19:50:43+00:00\" \/>\n<meta name=\"twitter:card\" content=\"summary_large_image\" \/>\n<meta name=\"twitter:label1\" content=\"Dur\u00e9e de lecture estim\u00e9e\" \/>\n\t<meta name=\"twitter:data1\" content=\"2 minutes\" \/>\n<script type=\"application\/ld+json\" class=\"yoast-schema-graph\">{\"@context\":\"https:\\\/\\\/schema.org\",\"@graph\":[{\"@type\":\"WebPage\",\"@id\":\"https:\\\/\\\/www.guides-sports-loisirs.ca\\\/veloparcs\\\/les-equipements-de-support\\\/accueil\\\/\",\"url\":\"https:\\\/\\\/www.guides-sports-loisirs.ca\\\/veloparcs\\\/les-equipements-de-support\\\/accueil\\\/\",\"name\":\"Accueil - V\u00e9loparcs\",\"isPartOf\":{\"@id\":\"https:\\\/\\\/www.guides-sports-loisirs.ca\\\/veloparcs\\\/#website\"},\"datePublished\":\"2018-09-12T14:13:07+00:00\",\"dateModified\":\"2018-09-27T19:50:43+00:00\",\"breadcrumb\":{\"@id\":\"https:\\\/\\\/www.guides-sports-loisirs.ca\\\/veloparcs\\\/les-equipements-de-support\\\/accueil\\\/#breadcrumb\"},\"inLanguage\":\"fr-FR\",\"potentialAction\":[{\"@type\":\"ReadAction\",\"target\":[\"https:\\\/\\\/www.guides-sports-loisirs.ca\\\/veloparcs\\\/les-equipements-de-support\\\/accueil\\\/\"]}]},{\"@type\":\"BreadcrumbList\",\"@id\":\"https:\\\/\\\/www.guides-sports-loisirs.ca\\\/veloparcs\\\/les-equipements-de-support\\\/accueil\\\/#breadcrumb\",\"itemListElement\":[{\"@type\":\"ListItem\",\"position\":1,\"name\":\"Accueil\",\"item\":\"https:\\\/\\\/www.guides-sports-loisirs.ca\\\/veloparcs\\\/\"},{\"@type\":\"ListItem\",\"position\":2,\"name\":\"Les \u00e9quipements de support\",\"item\":\"https:\\\/\\\/www.guides-sports-loisirs.ca\\\/veloparcs\\\/les-equipements-de-support\\\/\"},{\"@type\":\"ListItem\",\"position\":3,\"name\":\"Accueil\"}]},{\"@type\":\"WebSite\",\"@id\":\"https:\\\/\\\/www.guides-sports-loisirs.ca\\\/veloparcs\\\/#website\",\"url\":\"https:\\\/\\\/www.guides-sports-loisirs.ca\\\/veloparcs\\\/\",\"name\":\"V\u00e9loparcs\",\"description\":\"V\u00e9loparcs\",\"potentialAction\":[{\"@type\":\"SearchAction\",\"target\":{\"@type\":\"EntryPoint\",\"urlTemplate\":\"https:\\\/\\\/www.guides-sports-loisirs.ca\\\/veloparcs\\\/?s={search_term_string}\"},\"query-input\":{\"@type\":\"PropertyValueSpecification\",\"valueRequired\":true,\"valueName\":\"search_term_string\"}}],\"inLanguage\":\"fr-FR\"}]}<\/script>\n<!-- \/ Yoast SEO plugin. -->","yoast_head_json":{"title":"Accueil - V\u00e9loparcs","robots":{"index":"index","follow":"follow","max-snippet":"max-snippet:-1","max-image-preview":"max-image-preview:large","max-video-preview":"max-video-preview:-1"},"canonical":"https:\/\/www.guides-sports-loisirs.ca\/veloparcs\/les-equipements-de-support\/accueil\/","og_locale":"fr_FR","og_type":"article","og_title":"Accueil - V\u00e9loparcs","og_description":"[vc_row row_height_percent=\u00a0\u00bb0&Prime; override_padding=\u00a0\u00bbyes\u00a0\u00bb h_padding=\u00a0\u00bb2&Prime; top_padding=\u00a0\u00bb3&Prime; bottom_padding=\u00a0\u00bb2&Prime; overlay_alpha=\u00a0\u00bb50&Prime; gutter_size=\u00a0\u00bb3&Prime; shift_y=\u00a0\u00bb0&Prime;][vc_column column_width_use_pixel=\u00a0\u00bbyes\u00a0\u00bb overlay_alpha=\u00a0\u00bb50&Prime; gutter_size=\u00a0\u00bb3&Prime; medium_width=\u00a0\u00bb0&Prime; shift_x=\u00a0\u00bb0&Prime; shift_y=\u00a0\u00bb0&Prime; z_index=\u00a0\u00bb0&Prime; width=\u00a0\u00bb1\/1&Prime; column_width_pixel=\u00a0\u00bb800&Prime;][vc_custom_heading]\u00c9l\u00e9ments essentiels[\/vc_custom_heading][vc_column_text]Des toilettes [&hellip;]","og_url":"https:\/\/www.guides-sports-loisirs.ca\/veloparcs\/les-equipements-de-support\/accueil\/","og_site_name":"V\u00e9loparcs","article_modified_time":"2018-09-27T19:50:43+00:00","twitter_card":"summary_large_image","twitter_misc":{"Dur\u00e9e de lecture estim\u00e9e":"2 minutes"},"schema":{"@context":"https:\/\/schema.org","@graph":[{"@type":"WebPage","@id":"https:\/\/www.guides-sports-loisirs.ca\/veloparcs\/les-equipements-de-support\/accueil\/","url":"https:\/\/www.guides-sports-loisirs.ca\/veloparcs\/les-equipements-de-support\/accueil\/","name":"Accueil - V\u00e9loparcs","isPartOf":{"@id":"https:\/\/www.guides-sports-loisirs.ca\/veloparcs\/#website"},"datePublished":"2018-09-12T14:13:07+00:00","dateModified":"2018-09-27T19:50:43+00:00","breadcrumb":{"@id":"https:\/\/www.guides-sports-loisirs.ca\/veloparcs\/les-equipements-de-support\/accueil\/#breadcrumb"},"inLanguage":"fr-FR","potentialAction":[{"@type":"ReadAction","target":["https:\/\/www.guides-sports-loisirs.ca\/veloparcs\/les-equipements-de-support\/accueil\/"]}]},{"@type":"BreadcrumbList","@id":"https:\/\/www.guides-sports-loisirs.ca\/veloparcs\/les-equipements-de-support\/accueil\/#breadcrumb","itemListElement":[{"@type":"ListItem","position":1,"name":"Accueil","item":"https:\/\/www.guides-sports-loisirs.ca\/veloparcs\/"},{"@type":"ListItem","position":2,"name":"Les \u00e9quipements de support","item":"https:\/\/www.guides-sports-loisirs.ca\/veloparcs\/les-equipements-de-support\/"},{"@type":"ListItem","position":3,"name":"Accueil"}]},{"@type":"WebSite","@id":"https:\/\/www.guides-sports-loisirs.ca\/veloparcs\/#website","url":"https:\/\/www.guides-sports-loisirs.ca\/veloparcs\/","name":"V\u00e9loparcs","description":"V\u00e9loparcs","potentialAction":[{"@type":"SearchAction","target":{"@type":"EntryPoint","urlTemplate":"https:\/\/www.guides-sports-loisirs.ca\/veloparcs\/?s={search_term_string}"},"query-input":{"@type":"PropertyValueSpecification","valueRequired":true,"valueName":"search_term_string"}}],"inLanguage":"fr-FR"}]}},"_links":{"self":[{"href":"https:\/\/www.guides-sports-loisirs.ca\/veloparcs\/wp-json\/wp\/v2\/pages\/1150","targetHints":{"allow":["GET"]}}],"collection":[{"href":"https:\/\/www.guides-sports-loisirs.ca\/veloparcs\/wp-json\/wp\/v2\/pages"}],"about":[{"href":"https:\/\/www.guides-sports-loisirs.ca\/veloparcs\/wp-json\/wp\/v2\/types\/page"}],"author":[{"embeddable":true,"href":"https:\/\/www.guides-sports-loisirs.ca\/veloparcs\/wp-json\/wp\/v2\/users\/11"}],"replies":[{"embeddable":true,"href":"https:\/\/www.guides-sports-loisirs.ca\/veloparcs\/wp-json\/wp\/v2\/comments?post=1150"}],"version-history":[{"count":4,"href":"https:\/\/www.guides-sports-loisirs.ca\/veloparcs\/wp-json\/wp\/v2\/pages\/1150\/revisions"}],"predecessor-version":[{"id":1511,"href":"https:\/\/www.guides-sports-loisirs.ca\/veloparcs\/wp-json\/wp\/v2\/pages\/1150\/revisions\/1511"}],"up":[{"embeddable":true,"href":"https:\/\/www.guides-sports-loisirs.ca\/veloparcs\/wp-json\/wp\/v2\/pages\/1131"}],"wp:attachment":[{"href":"https:\/\/www.guides-sports-loisirs.ca\/veloparcs\/wp-json\/wp\/v2\/media?parent=1150"}],"curies":[{"name":"wp","href":"https:\/\/api.w.org\/{rel}","templated":true}]}}