{"id":1119,"date":"2018-09-12T09:33:32","date_gmt":"2018-09-12T13:33:32","guid":{"rendered":"https:\/\/www.guides-sports-loisirs.ca\/veloparcs\/?page_id=1119"},"modified":"2018-09-27T15:48:23","modified_gmt":"2018-09-27T19:48:23","slug":"materiaux-pour-les-panneaux-de-signalisation","status":"publish","type":"page","link":"https:\/\/www.guides-sports-loisirs.ca\/veloparcs\/la-signalisation\/materiaux-pour-les-panneaux-de-signalisation\/","title":{"rendered":"Mat\u00e9riaux pour les panneaux de signalisation"},"content":{"rendered":"<div class=\"wpb-content-wrapper\"><p>[vc_row row_height_percent=\u00a0\u00bb0&Prime; override_padding=\u00a0\u00bbyes\u00a0\u00bb h_padding=\u00a0\u00bb2&Prime; top_padding=\u00a0\u00bb3&Prime; bottom_padding=\u00a0\u00bb2&Prime; overlay_alpha=\u00a0\u00bb50&Prime; gutter_size=\u00a0\u00bb3&Prime; shift_y=\u00a0\u00bb0&Prime;][vc_column column_width_use_pixel=\u00a0\u00bbyes\u00a0\u00bb overlay_alpha=\u00a0\u00bb50&Prime; gutter_size=\u00a0\u00bb3&Prime; medium_width=\u00a0\u00bb0&Prime; shift_x=\u00a0\u00bb0&Prime; shift_y=\u00a0\u00bb0&Prime; z_index=\u00a0\u00bb0&Prime; width=\u00a0\u00bb1\/1&Prime; column_width_pixel=\u00a0\u00bb800&Prime;][vc_custom_heading]Mat\u00e9riaux[\/vc_custom_heading][vc_column_text]Il est possible, selon les budgets de la municipalit\u00e9 et selon l\u2019effet visuel recherch\u00e9 ou le th\u00e8me du parc, d\u2019utiliser une vari\u00e9t\u00e9 de mat\u00e9riaux pour r\u00e9aliser la signalisation.<\/p>\n<p>L\u2019essentiel est de pr\u00e9senter les pictogrammes de difficult\u00e9 et tout autre \u00e9l\u00e9ment aidant le cycliste dans sa prise de d\u00e9cision de mani\u00e8re uniforme, c\u2019est-\u00e0-dire en utilisant le pictogramme correspondant, en couleurs sur fond blanc\u00a0:<\/p>\n<ul>\n<li>Le mat\u00e9riel qui pr\u00e9sente le plus d\u2019avantages est l\u2019aluminium. Il est relativement peu co\u00fbteux \u00e0 l\u2019achat, sa dur\u00e9e de vie est longue et il ne demande pas d\u2019entretien;<\/li>\n<li>Le plastique peut \u00eatre \u00e9galement un choix int\u00e9ressant, car il pr\u00e9sente les m\u00eames caract\u00e9ristiques, mais son co\u00fbt d\u2019achat est plus \u00e9lev\u00e9;<\/li>\n<li>La pierre est tr\u00e8s co\u00fbteuse et le bois l\u2019est \u00e9galement, sauf si le travail est effectu\u00e9 par des b\u00e9n\u00e9voles. Ces mat\u00e9riaux demandent cependant de l\u2019entretien<\/li>\n<\/ul>\n<p>[\/vc_column_text][vc_column_text border_color=\u00a0\u00bbcolor-193714&Prime; border_style=\u00a0\u00bbsolid\u00a0\u00bb css=\u00a0\u00bb.vc_custom_1536950711354{border-top-width: 10px !important;border-right-width: 10px !important;border-bottom-width: 10px !important;border-left-width: 10px !important;padding-top: 10px !important;padding-right: 10px !important;padding-bottom: 10px !important;padding-left: 10px !important;}\u00a0\u00bb]<\/p>\n<h3 style=\"text-align: center\"><span style=\"color: #0000ff\"><strong>INSPIRATION : Parcs Canada propose des normes et des lignes directrices de signalisation qui sont tr\u00e8s compl\u00e8tes et qui m\u00e9ritent d\u2019\u00eatre consult\u00e9es lors de la planification de la signalisation ainsi que de son installation. <a href=\"https:\/\/www.pc.gc.ca\/fr\/docs\/bib-lib\/~\/media\/docs\/bib-lib\/pdfs\/Signalisation_exterieure.ashx\" target=\"_blank\" rel=\"noopener\">https:\/\/www.pc.gc.ca\/fr\/docs\/bib-lib\/~\/media\/docs\/bib-lib\/pdfs\/Signalisation_exterieure.ashx<\/a><br \/>\n<\/strong><\/span><\/h3>\n<p>[\/vc_column_text][vc_custom_heading]Installation[\/vc_custom_heading][vc_column_text]L\u2019id\u00e9al est de placer les poteaux dans une base de b\u00e9ton, ce qui emp\u00eachera de pouvoir les enlever ais\u00e9ment.<\/p>\n<p>Il faut isoler les poteaux de bois de la terre (soit en les pla\u00e7ant dans un sonotube rempli de gravier ou en les entourant de toile g\u00e9otextile) pour pr\u00e9venir le pourrissement.<\/p>\n<p>Une solution int\u00e9ressante est le poteau d\u2019aluminium structurel; son co\u00fbt d\u2019achat est minime et il r\u00e9siste bien aux intemp\u00e9ries.[\/vc_column_text][\/vc_column][\/vc_row][vc_row row_height_percent=\u00a0\u00bb0&Prime; override_padding=\u00a0\u00bbyes\u00a0\u00bb h_padding=\u00a0\u00bb2&Prime; top_padding=\u00a0\u00bb2&Prime; bottom_padding=\u00a0\u00bb2&Prime; overlay_alpha=\u00a0\u00bb50&Prime; gutter_size=\u00a0\u00bb3&Prime; shift_y=\u00a0\u00bb0&Prime;][vc_column column_width_use_pixel=\u00a0\u00bbyes\u00a0\u00bb overlay_alpha=\u00a0\u00bb50&Prime; gutter_size=\u00a0\u00bb2&Prime; medium_width=\u00a0\u00bb0&Prime; shift_x=\u00a0\u00bb0&Prime; shift_y=\u00a0\u00bb0&Prime; z_index=\u00a0\u00bb0&Prime; width=\u00a0\u00bb1\/1&Prime; column_width_pixel=\u00a0\u00bb800&Prime;][vc_button button_color=\u00a0\u00bbaccent\u00a0\u00bb size=\u00a0\u00bbbtn-lg\u00a0\u00bb radius=\u00a0\u00bbbtn-circle\u00a0\u00bb icon_position=\u00a0\u00bbright\u00a0\u00bb link=\u00a0\u00bburl:https%3A%2F%2Fwww.guides-sports-loisirs.ca%2Fveloparcs%2Fwp-content%2Fuploads%2Fsites%2F6%2F2017%2F03%2FGIS_VP_F35_MateriauxSignalisation.pdf||target:%20_blank|\u00a0\u00bb icon=\u00a0\u00bbfa fa-file-o\u00a0\u00bb]Version PDF[\/vc_button][\/vc_column][\/vc_row]<\/p>\n<\/div>","protected":false},"excerpt":{"rendered":"<p>[vc_row row_height_percent=\u00a0\u00bb0&Prime; override_padding=\u00a0\u00bbyes\u00a0\u00bb h_padding=\u00a0\u00bb2&Prime; top_padding=\u00a0\u00bb3&Prime; bottom_padding=\u00a0\u00bb2&Prime; overlay_alpha=\u00a0\u00bb50&Prime; gutter_size=\u00a0\u00bb3&Prime; shift_y=\u00a0\u00bb0&Prime;][vc_column column_width_use_pixel=\u00a0\u00bbyes\u00a0\u00bb overlay_alpha=\u00a0\u00bb50&Prime; gutter_size=\u00a0\u00bb3&Prime; medium_width=\u00a0\u00bb0&Prime; shift_x=\u00a0\u00bb0&Prime; shift_y=\u00a0\u00bb0&Prime; z_index=\u00a0\u00bb0&Prime; width=\u00a0\u00bb1\/1&Prime; column_width_pixel=\u00a0\u00bb800&Prime;][vc_custom_heading]Mat\u00e9riaux[\/vc_custom_heading][vc_column_text]Il est possible, [&hellip;]<\/p>\n","protected":false},"author":11,"featured_media":0,"parent":1101,"menu_order":0,"comment_status":"closed","ping_status":"closed","template":"","meta":{"_acf_changed":false,"footnotes":""},"class_list":["post-1119","page","type-page","status-publish","hentry"],"acf":[],"yoast_head":"<!-- This site is optimized with the Yoast SEO plugin v27.2 - https:\/\/yoast.com\/product\/yoast-seo-wordpress\/ -->\n<title>Mat\u00e9riaux pour les panneaux de signalisation - V\u00e9loparcs<\/title>\n<meta name=\"robots\" content=\"index, follow, max-snippet:-1, max-image-preview:large, max-video-preview:-1\" \/>\n<link rel=\"canonical\" href=\"https:\/\/www.guides-sports-loisirs.ca\/veloparcs\/la-signalisation\/materiaux-pour-les-panneaux-de-signalisation\/\" \/>\n<meta property=\"og:locale\" content=\"fr_FR\" \/>\n<meta property=\"og:type\" content=\"article\" \/>\n<meta property=\"og:title\" content=\"Mat\u00e9riaux pour les panneaux de signalisation - V\u00e9loparcs\" \/>\n<meta property=\"og:description\" content=\"[vc_row row_height_percent=\u00a0\u00bb0&Prime; override_padding=\u00a0\u00bbyes\u00a0\u00bb h_padding=\u00a0\u00bb2&Prime; top_padding=\u00a0\u00bb3&Prime; bottom_padding=\u00a0\u00bb2&Prime; overlay_alpha=\u00a0\u00bb50&Prime; gutter_size=\u00a0\u00bb3&Prime; shift_y=\u00a0\u00bb0&Prime;][vc_column column_width_use_pixel=\u00a0\u00bbyes\u00a0\u00bb overlay_alpha=\u00a0\u00bb50&Prime; gutter_size=\u00a0\u00bb3&Prime; medium_width=\u00a0\u00bb0&Prime; shift_x=\u00a0\u00bb0&Prime; shift_y=\u00a0\u00bb0&Prime; z_index=\u00a0\u00bb0&Prime; width=\u00a0\u00bb1\/1&Prime; column_width_pixel=\u00a0\u00bb800&Prime;][vc_custom_heading]Mat\u00e9riaux[\/vc_custom_heading][vc_column_text]Il est possible, [&hellip;]\" \/>\n<meta property=\"og:url\" content=\"https:\/\/www.guides-sports-loisirs.ca\/veloparcs\/la-signalisation\/materiaux-pour-les-panneaux-de-signalisation\/\" \/>\n<meta property=\"og:site_name\" content=\"V\u00e9loparcs\" \/>\n<meta property=\"article:modified_time\" content=\"2018-09-27T19:48:23+00:00\" \/>\n<meta name=\"twitter:card\" content=\"summary_large_image\" \/>\n<meta name=\"twitter:label1\" content=\"Dur\u00e9e de lecture estim\u00e9e\" \/>\n\t<meta name=\"twitter:data1\" content=\"3 minutes\" \/>\n<script type=\"application\/ld+json\" class=\"yoast-schema-graph\">{\"@context\":\"https:\/\/schema.org\",\"@graph\":[{\"@type\":\"WebPage\",\"@id\":\"https:\/\/www.guides-sports-loisirs.ca\/veloparcs\/la-signalisation\/materiaux-pour-les-panneaux-de-signalisation\/\",\"url\":\"https:\/\/www.guides-sports-loisirs.ca\/veloparcs\/la-signalisation\/materiaux-pour-les-panneaux-de-signalisation\/\",\"name\":\"Mat\u00e9riaux pour les panneaux de signalisation - V\u00e9loparcs\",\"isPartOf\":{\"@id\":\"https:\/\/www.guides-sports-loisirs.ca\/veloparcs\/#website\"},\"datePublished\":\"2018-09-12T13:33:32+00:00\",\"dateModified\":\"2018-09-27T19:48:23+00:00\",\"breadcrumb\":{\"@id\":\"https:\/\/www.guides-sports-loisirs.ca\/veloparcs\/la-signalisation\/materiaux-pour-les-panneaux-de-signalisation\/#breadcrumb\"},\"inLanguage\":\"fr-FR\",\"potentialAction\":[{\"@type\":\"ReadAction\",\"target\":[\"https:\/\/www.guides-sports-loisirs.ca\/veloparcs\/la-signalisation\/materiaux-pour-les-panneaux-de-signalisation\/\"]}]},{\"@type\":\"BreadcrumbList\",\"@id\":\"https:\/\/www.guides-sports-loisirs.ca\/veloparcs\/la-signalisation\/materiaux-pour-les-panneaux-de-signalisation\/#breadcrumb\",\"itemListElement\":[{\"@type\":\"ListItem\",\"position\":1,\"name\":\"Accueil\",\"item\":\"https:\/\/www.guides-sports-loisirs.ca\/veloparcs\/\"},{\"@type\":\"ListItem\",\"position\":2,\"name\":\"La signalisation\",\"item\":\"https:\/\/www.guides-sports-loisirs.ca\/veloparcs\/la-signalisation\/\"},{\"@type\":\"ListItem\",\"position\":3,\"name\":\"Mat\u00e9riaux pour les panneaux de signalisation\"}]},{\"@type\":\"WebSite\",\"@id\":\"https:\/\/www.guides-sports-loisirs.ca\/veloparcs\/#website\",\"url\":\"https:\/\/www.guides-sports-loisirs.ca\/veloparcs\/\",\"name\":\"V\u00e9loparcs\",\"description\":\"V\u00e9loparcs\",\"potentialAction\":[{\"@type\":\"SearchAction\",\"target\":{\"@type\":\"EntryPoint\",\"urlTemplate\":\"https:\/\/www.guides-sports-loisirs.ca\/veloparcs\/?s={search_term_string}\"},\"query-input\":{\"@type\":\"PropertyValueSpecification\",\"valueRequired\":true,\"valueName\":\"search_term_string\"}}],\"inLanguage\":\"fr-FR\"}]}<\/script>\n<!-- \/ Yoast SEO plugin. -->","yoast_head_json":{"title":"Mat\u00e9riaux pour les panneaux de signalisation - V\u00e9loparcs","robots":{"index":"index","follow":"follow","max-snippet":"max-snippet:-1","max-image-preview":"max-image-preview:large","max-video-preview":"max-video-preview:-1"},"canonical":"https:\/\/www.guides-sports-loisirs.ca\/veloparcs\/la-signalisation\/materiaux-pour-les-panneaux-de-signalisation\/","og_locale":"fr_FR","og_type":"article","og_title":"Mat\u00e9riaux pour les panneaux de signalisation - V\u00e9loparcs","og_description":"[vc_row row_height_percent=\u00a0\u00bb0&Prime; override_padding=\u00a0\u00bbyes\u00a0\u00bb h_padding=\u00a0\u00bb2&Prime; top_padding=\u00a0\u00bb3&Prime; bottom_padding=\u00a0\u00bb2&Prime; overlay_alpha=\u00a0\u00bb50&Prime; gutter_size=\u00a0\u00bb3&Prime; shift_y=\u00a0\u00bb0&Prime;][vc_column column_width_use_pixel=\u00a0\u00bbyes\u00a0\u00bb overlay_alpha=\u00a0\u00bb50&Prime; gutter_size=\u00a0\u00bb3&Prime; medium_width=\u00a0\u00bb0&Prime; shift_x=\u00a0\u00bb0&Prime; shift_y=\u00a0\u00bb0&Prime; z_index=\u00a0\u00bb0&Prime; width=\u00a0\u00bb1\/1&Prime; column_width_pixel=\u00a0\u00bb800&Prime;][vc_custom_heading]Mat\u00e9riaux[\/vc_custom_heading][vc_column_text]Il est possible, [&hellip;]","og_url":"https:\/\/www.guides-sports-loisirs.ca\/veloparcs\/la-signalisation\/materiaux-pour-les-panneaux-de-signalisation\/","og_site_name":"V\u00e9loparcs","article_modified_time":"2018-09-27T19:48:23+00:00","twitter_card":"summary_large_image","twitter_misc":{"Dur\u00e9e de lecture estim\u00e9e":"3 minutes"},"schema":{"@context":"https:\/\/schema.org","@graph":[{"@type":"WebPage","@id":"https:\/\/www.guides-sports-loisirs.ca\/veloparcs\/la-signalisation\/materiaux-pour-les-panneaux-de-signalisation\/","url":"https:\/\/www.guides-sports-loisirs.ca\/veloparcs\/la-signalisation\/materiaux-pour-les-panneaux-de-signalisation\/","name":"Mat\u00e9riaux pour les panneaux de signalisation - V\u00e9loparcs","isPartOf":{"@id":"https:\/\/www.guides-sports-loisirs.ca\/veloparcs\/#website"},"datePublished":"2018-09-12T13:33:32+00:00","dateModified":"2018-09-27T19:48:23+00:00","breadcrumb":{"@id":"https:\/\/www.guides-sports-loisirs.ca\/veloparcs\/la-signalisation\/materiaux-pour-les-panneaux-de-signalisation\/#breadcrumb"},"inLanguage":"fr-FR","potentialAction":[{"@type":"ReadAction","target":["https:\/\/www.guides-sports-loisirs.ca\/veloparcs\/la-signalisation\/materiaux-pour-les-panneaux-de-signalisation\/"]}]},{"@type":"BreadcrumbList","@id":"https:\/\/www.guides-sports-loisirs.ca\/veloparcs\/la-signalisation\/materiaux-pour-les-panneaux-de-signalisation\/#breadcrumb","itemListElement":[{"@type":"ListItem","position":1,"name":"Accueil","item":"https:\/\/www.guides-sports-loisirs.ca\/veloparcs\/"},{"@type":"ListItem","position":2,"name":"La signalisation","item":"https:\/\/www.guides-sports-loisirs.ca\/veloparcs\/la-signalisation\/"},{"@type":"ListItem","position":3,"name":"Mat\u00e9riaux pour les panneaux de signalisation"}]},{"@type":"WebSite","@id":"https:\/\/www.guides-sports-loisirs.ca\/veloparcs\/#website","url":"https:\/\/www.guides-sports-loisirs.ca\/veloparcs\/","name":"V\u00e9loparcs","description":"V\u00e9loparcs","potentialAction":[{"@type":"SearchAction","target":{"@type":"EntryPoint","urlTemplate":"https:\/\/www.guides-sports-loisirs.ca\/veloparcs\/?s={search_term_string}"},"query-input":{"@type":"PropertyValueSpecification","valueRequired":true,"valueName":"search_term_string"}}],"inLanguage":"fr-FR"}]}},"_links":{"self":[{"href":"https:\/\/www.guides-sports-loisirs.ca\/veloparcs\/wp-json\/wp\/v2\/pages\/1119","targetHints":{"allow":["GET"]}}],"collection":[{"href":"https:\/\/www.guides-sports-loisirs.ca\/veloparcs\/wp-json\/wp\/v2\/pages"}],"about":[{"href":"https:\/\/www.guides-sports-loisirs.ca\/veloparcs\/wp-json\/wp\/v2\/types\/page"}],"author":[{"embeddable":true,"href":"https:\/\/www.guides-sports-loisirs.ca\/veloparcs\/wp-json\/wp\/v2\/users\/11"}],"replies":[{"embeddable":true,"href":"https:\/\/www.guides-sports-loisirs.ca\/veloparcs\/wp-json\/wp\/v2\/comments?post=1119"}],"version-history":[{"count":5,"href":"https:\/\/www.guides-sports-loisirs.ca\/veloparcs\/wp-json\/wp\/v2\/pages\/1119\/revisions"}],"predecessor-version":[{"id":1507,"href":"https:\/\/www.guides-sports-loisirs.ca\/veloparcs\/wp-json\/wp\/v2\/pages\/1119\/revisions\/1507"}],"up":[{"embeddable":true,"href":"https:\/\/www.guides-sports-loisirs.ca\/veloparcs\/wp-json\/wp\/v2\/pages\/1101"}],"wp:attachment":[{"href":"https:\/\/www.guides-sports-loisirs.ca\/veloparcs\/wp-json\/wp\/v2\/media?parent=1119"}],"curies":[{"name":"wp","href":"https:\/\/api.w.org\/{rel}","templated":true}]}}