{"id":1082,"date":"2018-09-11T15:56:41","date_gmt":"2018-09-11T19:56:41","guid":{"rendered":"https:\/\/www.guides-sports-loisirs.ca\/veloparcs\/?page_id=1082"},"modified":"2024-12-13T14:57:10","modified_gmt":"2024-12-13T19:57:10","slug":"materiaux-de-fondation","status":"publish","type":"page","link":"https:\/\/www.guides-sports-loisirs.ca\/veloparcs\/les-materiaux\/materiaux-de-fondation\/","title":{"rendered":"Mat\u00e9riaux de fondation"},"content":{"rendered":"<div class=\"wpb-content-wrapper\"><p>[vc_row row_height_percent=\u00a0\u00bb0&Prime; override_padding=\u00a0\u00bbyes\u00a0\u00bb h_padding=\u00a0\u00bb2&Prime; top_padding=\u00a0\u00bb3&Prime; bottom_padding=\u00a0\u00bb2&Prime; overlay_alpha=\u00a0\u00bb50&Prime; gutter_size=\u00a0\u00bb3&Prime; shift_y=\u00a0\u00bb0&Prime;][vc_column column_width_use_pixel=\u00a0\u00bbyes\u00a0\u00bb gutter_size=\u00a0\u00bb3&Prime; overlay_alpha=\u00a0\u00bb50&Prime; shift_x=\u00a0\u00bb0&Prime; shift_y=\u00a0\u00bb0&Prime; z_index=\u00a0\u00bb0&Prime; medium_width=\u00a0\u00bb0&Prime; width=\u00a0\u00bb1\/1&Prime; column_width_pixel=\u00a0\u00bb800&Prime;][vc_custom_heading]Choix des mat\u00e9riaux[\/vc_custom_heading][vc_column_text]Le r\u00f4le de la fondation est de pr\u00e9parer le terrain pour recevoir les \u00e9quipements. Ce r\u00f4le est utilitaire, et consiste \u00e0 assurer la stabilit\u00e9 des parcours et des \u00e9quipements (amas de terre des rouleaux et des sauts, surfaces d\u2019asphalte, structures de bois ou d\u2019acier, etc.). Il est donc important d\u2019utiliser les bons mat\u00e9riaux et d\u2019atteindre un degr\u00e9 de compaction suffisant.<\/p>\n<p>La fondation est constitu\u00e9e de mat\u00e9riaux compactables, stables et non g\u00e9lifs (qui ne se d\u00e9gradent pas sous l\u2019action du gel)\u00a0: pierre concass\u00e9e, sable ou argile en proportion suffisamment faible.<\/p>\n<p>Pour les am\u00e9nagements de bonne taille, comme les sauts, la forme de base peut \u00eatre r\u00e9alis\u00e9e avec les mat\u00e9riaux de fondation et recouverte d\u2019un mat\u00e9riau de finition.<\/p>\n<p>Si le parcours est recouvert d\u2019asphalte, il est recommand\u00e9 de privil\u00e9gier le mat\u00e9riau de fondation le plus compactable possible, pour \u00e9viter les d\u00e9formations qui endommageraient le rev\u00eatement.<\/p>\n<p>Une bonne pratique \u00e0 adopter est de mettre en place la fondation \u00e0 l\u2019automne et d\u2019attendre au printemps pour finaliser les formes et proc\u00e9der \u00e0 l\u2019installation de la surface de roulement.[\/vc_column_text][vc_custom_heading]Pr\u00e9paration[\/vc_custom_heading][vc_column_text]Une pente de 2\u00a0% assure le drainage naturel du terrain vers les foss\u00e9s ou les cours d\u2019eau tout en minimisant le risque d\u2019\u00e9rosion. Une telle pente est id\u00e9ale pour la construction de <a href=\"https:\/\/www.guides-sports-loisirs.ca\/pumptrack\/\" target=\"_blank\" rel=\"noopener\"><em>pumptracks<\/em><\/a> ou de zones d\u2019habilet\u00e9s, ou encore de parcours de sauts avec butte de d\u00e9part. Le terrain est nivel\u00e9 et compact\u00e9 par couches minces (\u00b1\u00a015\u00a0cm) pour obtenir une pente r\u00e9guli\u00e8re qui assure un drainage ad\u00e9quat.<\/p>\n<p>Quant aux parcours de <em>slopestyle<\/em>, ils s\u2019am\u00e9nagent sur un terrain dont la pente varie de 2\u00a0% \u00e0 10\u00a0%, selon le niveau de difficult\u00e9.<\/p>\n<p>Si la pente est trop faible, il y a un risque d\u2019accumulation d\u2019eau aux points bas. Si elle trop forte, il y a un risque d\u2019\u00e9rosion due \u00e0 l\u2019\u00e9coulement de l\u2019eau de pluie ou lors de la fonte des neiges.<\/p>\n<p>Les puisards et les tuyaux de drainage s\u2019installent avant la mise en place de la fondation.[\/vc_column_text][vc_empty_space empty_h=\u00a0\u00bb2&Prime;][vc_column_text]D\u00e9cembre 2024[\/vc_column_text][\/vc_column][\/vc_row][vc_row row_height_percent=\u00a0\u00bb0&Prime; override_padding=\u00a0\u00bbyes\u00a0\u00bb h_padding=\u00a0\u00bb2&Prime; top_padding=\u00a0\u00bb2&Prime; bottom_padding=\u00a0\u00bb2&Prime; overlay_alpha=\u00a0\u00bb50&Prime; gutter_size=\u00a0\u00bb3&Prime; shift_y=\u00a0\u00bb0&Prime;][vc_column column_width_use_pixel=\u00a0\u00bbyes\u00a0\u00bb gutter_size=\u00a0\u00bb2&Prime; overlay_alpha=\u00a0\u00bb50&Prime; shift_x=\u00a0\u00bb0&Prime; shift_y=\u00a0\u00bb0&Prime; z_index=\u00a0\u00bb0&Prime; medium_width=\u00a0\u00bb0&Prime; width=\u00a0\u00bb1\/1&Prime; column_width_pixel=\u00a0\u00bb800&Prime;][vc_button button_color=\u00a0\u00bbaccent\u00a0\u00bb size=\u00a0\u00bbbtn-lg\u00a0\u00bb radius=\u00a0\u00bbbtn-circle\u00a0\u00bb border_width=\u00a0\u00bb0&Prime; icon_position=\u00a0\u00bbright\u00a0\u00bb link=\u00a0\u00bburl:https%3A%2F%2Fwww.guides-sports-loisirs.ca%2Fveloparcs%2Fwp-content%2Fuploads%2Fsites%2F6%2F2024%2F12%2FGIS_VP_F29_MateriauxFondation_2024.pdf||target:%20_blank|\u00a0\u00bb icon=\u00a0\u00bbfa fa-file-o\u00a0\u00bb]Version PDF[\/vc_button][\/vc_column][\/vc_row]<\/p>\n<\/div>","protected":false},"excerpt":{"rendered":"<p>[vc_row row_height_percent=\u00a0\u00bb0&Prime; override_padding=\u00a0\u00bbyes\u00a0\u00bb h_padding=\u00a0\u00bb2&Prime; top_padding=\u00a0\u00bb3&Prime; bottom_padding=\u00a0\u00bb2&Prime; overlay_alpha=\u00a0\u00bb50&Prime; gutter_size=\u00a0\u00bb3&Prime; shift_y=\u00a0\u00bb0&Prime;][vc_column column_width_use_pixel=\u00a0\u00bbyes\u00a0\u00bb gutter_size=\u00a0\u00bb3&Prime; overlay_alpha=\u00a0\u00bb50&Prime; shift_x=\u00a0\u00bb0&Prime; shift_y=\u00a0\u00bb0&Prime; z_index=\u00a0\u00bb0&Prime; medium_width=\u00a0\u00bb0&Prime; width=\u00a0\u00bb1\/1&Prime; column_width_pixel=\u00a0\u00bb800&Prime;][vc_custom_heading]Choix des mat\u00e9riaux[\/vc_custom_heading][vc_column_text]Le [&hellip;]<\/p>\n","protected":false},"author":11,"featured_media":0,"parent":1076,"menu_order":0,"comment_status":"closed","ping_status":"closed","template":"","meta":{"_acf_changed":false,"footnotes":""},"class_list":["post-1082","page","type-page","status-publish","hentry"],"acf":[],"yoast_head":"<!-- This site is optimized with the Yoast SEO plugin v27.2 - https:\/\/yoast.com\/product\/yoast-seo-wordpress\/ -->\n<title>Mat\u00e9riaux de fondation - V\u00e9loparcs<\/title>\n<meta name=\"robots\" content=\"index, follow, max-snippet:-1, max-image-preview:large, max-video-preview:-1\" \/>\n<link rel=\"canonical\" href=\"https:\/\/www.guides-sports-loisirs.ca\/veloparcs\/les-materiaux\/materiaux-de-fondation\/\" \/>\n<meta property=\"og:locale\" content=\"fr_FR\" \/>\n<meta property=\"og:type\" content=\"article\" \/>\n<meta property=\"og:title\" content=\"Mat\u00e9riaux de fondation - V\u00e9loparcs\" \/>\n<meta property=\"og:description\" content=\"[vc_row row_height_percent=\u00a0\u00bb0&Prime; override_padding=\u00a0\u00bbyes\u00a0\u00bb h_padding=\u00a0\u00bb2&Prime; top_padding=\u00a0\u00bb3&Prime; bottom_padding=\u00a0\u00bb2&Prime; overlay_alpha=\u00a0\u00bb50&Prime; gutter_size=\u00a0\u00bb3&Prime; shift_y=\u00a0\u00bb0&Prime;][vc_column column_width_use_pixel=\u00a0\u00bbyes\u00a0\u00bb gutter_size=\u00a0\u00bb3&Prime; overlay_alpha=\u00a0\u00bb50&Prime; shift_x=\u00a0\u00bb0&Prime; shift_y=\u00a0\u00bb0&Prime; z_index=\u00a0\u00bb0&Prime; medium_width=\u00a0\u00bb0&Prime; width=\u00a0\u00bb1\/1&Prime; column_width_pixel=\u00a0\u00bb800&Prime;][vc_custom_heading]Choix des mat\u00e9riaux[\/vc_custom_heading][vc_column_text]Le [&hellip;]\" \/>\n<meta property=\"og:url\" content=\"https:\/\/www.guides-sports-loisirs.ca\/veloparcs\/les-materiaux\/materiaux-de-fondation\/\" \/>\n<meta property=\"og:site_name\" content=\"V\u00e9loparcs\" \/>\n<meta property=\"article:modified_time\" content=\"2024-12-13T19:57:10+00:00\" \/>\n<meta name=\"twitter:card\" content=\"summary_large_image\" \/>\n<meta name=\"twitter:label1\" content=\"Dur\u00e9e de lecture estim\u00e9e\" \/>\n\t<meta name=\"twitter:data1\" content=\"2 minutes\" \/>\n<script type=\"application\/ld+json\" class=\"yoast-schema-graph\">{\"@context\":\"https:\/\/schema.org\",\"@graph\":[{\"@type\":\"WebPage\",\"@id\":\"https:\/\/www.guides-sports-loisirs.ca\/veloparcs\/les-materiaux\/materiaux-de-fondation\/\",\"url\":\"https:\/\/www.guides-sports-loisirs.ca\/veloparcs\/les-materiaux\/materiaux-de-fondation\/\",\"name\":\"Mat\u00e9riaux de fondation - V\u00e9loparcs\",\"isPartOf\":{\"@id\":\"https:\/\/www.guides-sports-loisirs.ca\/veloparcs\/#website\"},\"datePublished\":\"2018-09-11T19:56:41+00:00\",\"dateModified\":\"2024-12-13T19:57:10+00:00\",\"breadcrumb\":{\"@id\":\"https:\/\/www.guides-sports-loisirs.ca\/veloparcs\/les-materiaux\/materiaux-de-fondation\/#breadcrumb\"},\"inLanguage\":\"fr-FR\",\"potentialAction\":[{\"@type\":\"ReadAction\",\"target\":[\"https:\/\/www.guides-sports-loisirs.ca\/veloparcs\/les-materiaux\/materiaux-de-fondation\/\"]}]},{\"@type\":\"BreadcrumbList\",\"@id\":\"https:\/\/www.guides-sports-loisirs.ca\/veloparcs\/les-materiaux\/materiaux-de-fondation\/#breadcrumb\",\"itemListElement\":[{\"@type\":\"ListItem\",\"position\":1,\"name\":\"Accueil\",\"item\":\"https:\/\/www.guides-sports-loisirs.ca\/veloparcs\/\"},{\"@type\":\"ListItem\",\"position\":2,\"name\":\"Les mat\u00e9riaux\",\"item\":\"https:\/\/www.guides-sports-loisirs.ca\/veloparcs\/les-materiaux\/\"},{\"@type\":\"ListItem\",\"position\":3,\"name\":\"Mat\u00e9riaux de fondation\"}]},{\"@type\":\"WebSite\",\"@id\":\"https:\/\/www.guides-sports-loisirs.ca\/veloparcs\/#website\",\"url\":\"https:\/\/www.guides-sports-loisirs.ca\/veloparcs\/\",\"name\":\"V\u00e9loparcs\",\"description\":\"V\u00e9loparcs\",\"potentialAction\":[{\"@type\":\"SearchAction\",\"target\":{\"@type\":\"EntryPoint\",\"urlTemplate\":\"https:\/\/www.guides-sports-loisirs.ca\/veloparcs\/?s={search_term_string}\"},\"query-input\":{\"@type\":\"PropertyValueSpecification\",\"valueRequired\":true,\"valueName\":\"search_term_string\"}}],\"inLanguage\":\"fr-FR\"}]}<\/script>\n<!-- \/ Yoast SEO plugin. -->","yoast_head_json":{"title":"Mat\u00e9riaux de fondation - V\u00e9loparcs","robots":{"index":"index","follow":"follow","max-snippet":"max-snippet:-1","max-image-preview":"max-image-preview:large","max-video-preview":"max-video-preview:-1"},"canonical":"https:\/\/www.guides-sports-loisirs.ca\/veloparcs\/les-materiaux\/materiaux-de-fondation\/","og_locale":"fr_FR","og_type":"article","og_title":"Mat\u00e9riaux de fondation - V\u00e9loparcs","og_description":"[vc_row row_height_percent=\u00a0\u00bb0&Prime; override_padding=\u00a0\u00bbyes\u00a0\u00bb h_padding=\u00a0\u00bb2&Prime; top_padding=\u00a0\u00bb3&Prime; bottom_padding=\u00a0\u00bb2&Prime; overlay_alpha=\u00a0\u00bb50&Prime; gutter_size=\u00a0\u00bb3&Prime; shift_y=\u00a0\u00bb0&Prime;][vc_column column_width_use_pixel=\u00a0\u00bbyes\u00a0\u00bb gutter_size=\u00a0\u00bb3&Prime; overlay_alpha=\u00a0\u00bb50&Prime; shift_x=\u00a0\u00bb0&Prime; shift_y=\u00a0\u00bb0&Prime; z_index=\u00a0\u00bb0&Prime; medium_width=\u00a0\u00bb0&Prime; width=\u00a0\u00bb1\/1&Prime; column_width_pixel=\u00a0\u00bb800&Prime;][vc_custom_heading]Choix des mat\u00e9riaux[\/vc_custom_heading][vc_column_text]Le [&hellip;]","og_url":"https:\/\/www.guides-sports-loisirs.ca\/veloparcs\/les-materiaux\/materiaux-de-fondation\/","og_site_name":"V\u00e9loparcs","article_modified_time":"2024-12-13T19:57:10+00:00","twitter_card":"summary_large_image","twitter_misc":{"Dur\u00e9e de lecture estim\u00e9e":"2 minutes"},"schema":{"@context":"https:\/\/schema.org","@graph":[{"@type":"WebPage","@id":"https:\/\/www.guides-sports-loisirs.ca\/veloparcs\/les-materiaux\/materiaux-de-fondation\/","url":"https:\/\/www.guides-sports-loisirs.ca\/veloparcs\/les-materiaux\/materiaux-de-fondation\/","name":"Mat\u00e9riaux de fondation - V\u00e9loparcs","isPartOf":{"@id":"https:\/\/www.guides-sports-loisirs.ca\/veloparcs\/#website"},"datePublished":"2018-09-11T19:56:41+00:00","dateModified":"2024-12-13T19:57:10+00:00","breadcrumb":{"@id":"https:\/\/www.guides-sports-loisirs.ca\/veloparcs\/les-materiaux\/materiaux-de-fondation\/#breadcrumb"},"inLanguage":"fr-FR","potentialAction":[{"@type":"ReadAction","target":["https:\/\/www.guides-sports-loisirs.ca\/veloparcs\/les-materiaux\/materiaux-de-fondation\/"]}]},{"@type":"BreadcrumbList","@id":"https:\/\/www.guides-sports-loisirs.ca\/veloparcs\/les-materiaux\/materiaux-de-fondation\/#breadcrumb","itemListElement":[{"@type":"ListItem","position":1,"name":"Accueil","item":"https:\/\/www.guides-sports-loisirs.ca\/veloparcs\/"},{"@type":"ListItem","position":2,"name":"Les mat\u00e9riaux","item":"https:\/\/www.guides-sports-loisirs.ca\/veloparcs\/les-materiaux\/"},{"@type":"ListItem","position":3,"name":"Mat\u00e9riaux de fondation"}]},{"@type":"WebSite","@id":"https:\/\/www.guides-sports-loisirs.ca\/veloparcs\/#website","url":"https:\/\/www.guides-sports-loisirs.ca\/veloparcs\/","name":"V\u00e9loparcs","description":"V\u00e9loparcs","potentialAction":[{"@type":"SearchAction","target":{"@type":"EntryPoint","urlTemplate":"https:\/\/www.guides-sports-loisirs.ca\/veloparcs\/?s={search_term_string}"},"query-input":{"@type":"PropertyValueSpecification","valueRequired":true,"valueName":"search_term_string"}}],"inLanguage":"fr-FR"}]}},"_links":{"self":[{"href":"https:\/\/www.guides-sports-loisirs.ca\/veloparcs\/wp-json\/wp\/v2\/pages\/1082","targetHints":{"allow":["GET"]}}],"collection":[{"href":"https:\/\/www.guides-sports-loisirs.ca\/veloparcs\/wp-json\/wp\/v2\/pages"}],"about":[{"href":"https:\/\/www.guides-sports-loisirs.ca\/veloparcs\/wp-json\/wp\/v2\/types\/page"}],"author":[{"embeddable":true,"href":"https:\/\/www.guides-sports-loisirs.ca\/veloparcs\/wp-json\/wp\/v2\/users\/11"}],"replies":[{"embeddable":true,"href":"https:\/\/www.guides-sports-loisirs.ca\/veloparcs\/wp-json\/wp\/v2\/comments?post=1082"}],"version-history":[{"count":6,"href":"https:\/\/www.guides-sports-loisirs.ca\/veloparcs\/wp-json\/wp\/v2\/pages\/1082\/revisions"}],"predecessor-version":[{"id":1728,"href":"https:\/\/www.guides-sports-loisirs.ca\/veloparcs\/wp-json\/wp\/v2\/pages\/1082\/revisions\/1728"}],"up":[{"embeddable":true,"href":"https:\/\/www.guides-sports-loisirs.ca\/veloparcs\/wp-json\/wp\/v2\/pages\/1076"}],"wp:attachment":[{"href":"https:\/\/www.guides-sports-loisirs.ca\/veloparcs\/wp-json\/wp\/v2\/media?parent=1082"}],"curies":[{"name":"wp","href":"https:\/\/api.w.org\/{rel}","templated":true}]}}