{"id":1056,"date":"2018-09-10T15:46:57","date_gmt":"2018-09-10T19:46:57","guid":{"rendered":"https:\/\/www.guides-sports-loisirs.ca\/veloparcs\/?page_id=1056"},"modified":"2018-10-02T10:06:25","modified_gmt":"2018-10-02T14:06:25","slug":"les-sentiers","status":"publish","type":"page","link":"https:\/\/www.guides-sports-loisirs.ca\/veloparcs\/les-sentiers\/","title":{"rendered":"Les sentiers"},"content":{"rendered":"<div class=\"wpb-content-wrapper\"><p>[vc_row row_height_percent=\u00a0\u00bb0&Prime; override_padding=\u00a0\u00bbyes\u00a0\u00bb h_padding=\u00a0\u00bb2&Prime; top_padding=\u00a0\u00bb2&Prime; bottom_padding=\u00a0\u00bb3&Prime; back_color=\u00a0\u00bbcolor-148962&Prime; overlay_alpha=\u00a0\u00bb50&Prime; gutter_size=\u00a0\u00bb3&Prime; shift_y=\u00a0\u00bb0&Prime;][vc_column column_width_percent=\u00a0\u00bb100&Prime; align_horizontal=\u00a0\u00bbalign_center\u00a0\u00bb overlay_alpha=\u00a0\u00bb50&Prime; gutter_size=\u00a0\u00bb3&Prime; medium_width=\u00a0\u00bb0&Prime; shift_x=\u00a0\u00bb0&Prime; shift_y=\u00a0\u00bb0&Prime; z_index=\u00a0\u00bb0&Prime; width=\u00a0\u00bb1\/1&Prime;][vc_row_inner row_inner_height_percent=\u00a0\u00bb0&Prime; overlay_alpha=\u00a0\u00bb50&Prime; gutter_size=\u00a0\u00bb3&Prime; shift_y=\u00a0\u00bb0&Prime;][vc_column_inner column_width_percent=\u00a0\u00bb100&Prime; override_padding=\u00a0\u00bbyes\u00a0\u00bb column_padding=\u00a0\u00bb0&Prime; gutter_size=\u00a0\u00bb0&Prime; back_color=\u00a0\u00bbcolor-xsdn\u00a0\u00bb overlay_alpha=\u00a0\u00bb50&Prime; medium_width=\u00a0\u00bb0&Prime; shift_x=\u00a0\u00bb0&Prime; shift_y=\u00a0\u00bb0&Prime; z_index=\u00a0\u00bb0&Prime; width=\u00a0\u00bb1\/4&Prime; el_class=\u00a0\u00bbbox-menu\u00a0\u00bb link_to=\u00a0\u00bb|||\u00a0\u00bb][vc_custom_heading heading_semantic=\u00a0\u00bbh3&Prime; text_size=\u00a0\u00bbh3&Prime; text_weight=\u00a0\u00bb700&Prime; text_color=\u00a0\u00bbcolor-xsdn\u00a0\u00bb el_class=\u00a0\u00bbtitre\u00a0\u00bb]LES SENTIERS D&rsquo;INITIATION AU V\u00c9LO DE MONTAGNE[\/vc_custom_heading][vc_column_text el_class=\u00a0\u00bbtexte\u00a0\u00bb]Un sentier d\u2019initiation est un compl\u00e9ment int\u00e9ressant dans un v\u00e9loparc. Il n\u00e9cessite un espace suffisant et est am\u00e9nag\u00e9 en terrain naturel ou construit\u00a0:[\/vc_column_text][vc_separator sep_color=\u00a0\u00bbcolor-193714&Prime; el_width=\u00a0\u00bb100%\u00a0\u00bb el_height=\u00a0\u00bb1px\u00a0\u00bb][vc_column_text el_class=\u00a0\u00bblien\u00a0\u00bb]<a href=\"https:\/\/www.guides-sports-loisirs.ca\/veloparcs\/les-sentiers\/les-sentiers-dinitiation-au-velo-de-montagne\/\">En savoir plus<img decoding=\"async\" class=\"alignnone wp-image-1326 size-full\" src=\"https:\/\/www.guides-sports-loisirs.ca\/veloparcs\/wp-content\/uploads\/sites\/6\/2018\/09\/ico_plus.png\" alt=\"\" width=\"22\" height=\"21\" \/><\/a>[\/vc_column_text][vc_separator sep_color=\u00a0\u00bbcolor-193714&Prime; el_width=\u00a0\u00bb100%\u00a0\u00bb el_height=\u00a0\u00bb1px\u00a0\u00bb][vc_column_text el_class=\u00a0\u00bblien\u00a0\u00bb]<a href=\"https:\/\/www.guides-sports-loisirs.ca\/veloparcs\/wp-content\/uploads\/sites\/6\/2017\/03\/GIS_VP_F27_Sentiers-DinitiationAuVeloDeMontagne.pdf\" target=\"_blank\" rel=\"noopener\">T\u00e9l\u00e9charger le PDF<img decoding=\"async\" class=\"alignnone wp-image-1327 size-full\" src=\"https:\/\/www.guides-sports-loisirs.ca\/veloparcs\/wp-content\/uploads\/sites\/6\/2018\/09\/icone-pdf.png\" alt=\"\" width=\"18\" height=\"22\" \/><\/a>[\/vc_column_text][\/vc_column_inner][vc_column_inner column_width_percent=\u00a0\u00bb100&Prime; override_padding=\u00a0\u00bbyes\u00a0\u00bb column_padding=\u00a0\u00bb0&Prime; gutter_size=\u00a0\u00bb0&Prime; overlay_alpha=\u00a0\u00bb50&Prime; medium_width=\u00a0\u00bb0&Prime; shift_x=\u00a0\u00bb0&Prime; shift_y=\u00a0\u00bb0&Prime; z_index=\u00a0\u00bb0&Prime; width=\u00a0\u00bb1\/4&Prime; el_class=\u00a0\u00bbbox-menu\u00a0\u00bb][vc_custom_heading heading_semantic=\u00a0\u00bbh3&Prime; text_size=\u00a0\u00bbh3&Prime; text_weight=\u00a0\u00bb700&Prime; text_color=\u00a0\u00bbcolor-xsdn\u00a0\u00bb el_class=\u00a0\u00bbtitre\u00a0\u00bb]LES SENTIERS DE CYCLO-CROSS[\/vc_custom_heading][vc_column_text el_class=\u00a0\u00bbtexte\u00a0\u00bb]Le cyclo-cross est une discipline hybride entre le v\u00e9lo de route et le v\u00e9lo de montagne. Il se pratique sur des circuits courts (de 2 \u00e0 3\u00a0km) comprenant des sections de chemins rev\u00eatus, &#8230;[\/vc_column_text][vc_separator sep_color=\u00a0\u00bbcolor-193714&Prime; el_width=\u00a0\u00bb100%\u00a0\u00bb el_height=\u00a0\u00bb1px\u00a0\u00bb][vc_column_text el_class=\u00a0\u00bblien\u00a0\u00bb]<a href=\"https:\/\/www.guides-sports-loisirs.ca\/veloparcs\/les-sentiers\/les-sentiers-de-cyclo-cross\/\">En savoir plus<img decoding=\"async\" class=\"alignnone wp-image-1326 size-full\" src=\"https:\/\/www.guides-sports-loisirs.ca\/veloparcs\/wp-content\/uploads\/sites\/6\/2018\/09\/ico_plus.png\" alt=\"\" width=\"22\" height=\"21\" \/><\/a>[\/vc_column_text][vc_separator sep_color=\u00a0\u00bbcolor-193714&Prime; el_width=\u00a0\u00bb100%\u00a0\u00bb el_height=\u00a0\u00bb1px\u00a0\u00bb][vc_column_text el_class=\u00a0\u00bblien\u00a0\u00bb]<a href=\"https:\/\/www.guides-sports-loisirs.ca\/veloparcs\/wp-content\/uploads\/sites\/6\/2017\/03\/GIS_VP_F28_SentiersDeCyclo-cross.pdf\" target=\"_blank\" rel=\"noopener\">T\u00e9l\u00e9charger le PDF<img decoding=\"async\" class=\"alignnone wp-image-1327 size-full\" src=\"https:\/\/www.guides-sports-loisirs.ca\/veloparcs\/wp-content\/uploads\/sites\/6\/2018\/09\/icone-pdf.png\" alt=\"\" width=\"18\" height=\"22\" \/><\/a>[\/vc_column_text][\/vc_column_inner][vc_column_inner column_width_percent=\u00a0\u00bb100&Prime; override_padding=\u00a0\u00bbyes\u00a0\u00bb column_padding=\u00a0\u00bb0&Prime; gutter_size=\u00a0\u00bb0&Prime; overlay_alpha=\u00a0\u00bb50&Prime; medium_width=\u00a0\u00bb0&Prime; shift_x=\u00a0\u00bb0&Prime; shift_y=\u00a0\u00bb0&Prime; z_index=\u00a0\u00bb0&Prime; width=\u00a0\u00bb1\/4&Prime; el_class=\u00a0\u00bbbox-menu\u00a0\u00bb][\/vc_column_inner][vc_column_inner column_width_percent=\u00a0\u00bb100&Prime; override_padding=\u00a0\u00bbyes\u00a0\u00bb column_padding=\u00a0\u00bb0&Prime; gutter_size=\u00a0\u00bb0&Prime; overlay_alpha=\u00a0\u00bb50&Prime; medium_width=\u00a0\u00bb0&Prime; shift_x=\u00a0\u00bb0&Prime; shift_y=\u00a0\u00bb0&Prime; z_index=\u00a0\u00bb0&Prime; width=\u00a0\u00bb1\/4&Prime; el_class=\u00a0\u00bbbox-menu\u00a0\u00bb][\/vc_column_inner][\/vc_row_inner][\/vc_column][\/vc_row]<\/p>\n<\/div>","protected":false},"excerpt":{"rendered":"<p>[vc_row row_height_percent=\u00a0\u00bb0&Prime; override_padding=\u00a0\u00bbyes\u00a0\u00bb h_padding=\u00a0\u00bb2&Prime; top_padding=\u00a0\u00bb2&Prime; bottom_padding=\u00a0\u00bb3&Prime; back_color=\u00a0\u00bbcolor-148962&Prime; overlay_alpha=\u00a0\u00bb50&Prime; gutter_size=\u00a0\u00bb3&Prime; shift_y=\u00a0\u00bb0&Prime;][vc_column column_width_percent=\u00a0\u00bb100&Prime; align_horizontal=\u00a0\u00bbalign_center\u00a0\u00bb overlay_alpha=\u00a0\u00bb50&Prime; gutter_size=\u00a0\u00bb3&Prime; medium_width=\u00a0\u00bb0&Prime; shift_x=\u00a0\u00bb0&Prime; shift_y=\u00a0\u00bb0&Prime; z_index=\u00a0\u00bb0&Prime; width=\u00a0\u00bb1\/1&Prime;][vc_row_inner row_inner_height_percent=\u00a0\u00bb0&Prime; [&hellip;]<\/p>\n","protected":false},"author":11,"featured_media":0,"parent":0,"menu_order":0,"comment_status":"closed","ping_status":"closed","template":"","meta":{"_acf_changed":false,"footnotes":""},"class_list":["post-1056","page","type-page","status-publish","hentry"],"acf":[],"yoast_head":"<!-- This site is optimized with the Yoast SEO plugin v27.2 - https:\/\/yoast.com\/product\/yoast-seo-wordpress\/ -->\n<title>Les sentiers - V\u00e9loparcs<\/title>\n<meta name=\"robots\" content=\"index, follow, max-snippet:-1, max-image-preview:large, max-video-preview:-1\" \/>\n<link rel=\"canonical\" href=\"https:\/\/www.guides-sports-loisirs.ca\/veloparcs\/les-sentiers\/\" \/>\n<meta property=\"og:locale\" content=\"fr_FR\" \/>\n<meta property=\"og:type\" content=\"article\" \/>\n<meta property=\"og:title\" content=\"Les sentiers - V\u00e9loparcs\" \/>\n<meta property=\"og:description\" content=\"[vc_row row_height_percent=\u00a0\u00bb0&Prime; override_padding=\u00a0\u00bbyes\u00a0\u00bb h_padding=\u00a0\u00bb2&Prime; top_padding=\u00a0\u00bb2&Prime; bottom_padding=\u00a0\u00bb3&Prime; back_color=\u00a0\u00bbcolor-148962&Prime; overlay_alpha=\u00a0\u00bb50&Prime; gutter_size=\u00a0\u00bb3&Prime; shift_y=\u00a0\u00bb0&Prime;][vc_column column_width_percent=\u00a0\u00bb100&Prime; align_horizontal=\u00a0\u00bbalign_center\u00a0\u00bb overlay_alpha=\u00a0\u00bb50&Prime; gutter_size=\u00a0\u00bb3&Prime; medium_width=\u00a0\u00bb0&Prime; shift_x=\u00a0\u00bb0&Prime; shift_y=\u00a0\u00bb0&Prime; z_index=\u00a0\u00bb0&Prime; width=\u00a0\u00bb1\/1&Prime;][vc_row_inner row_inner_height_percent=\u00a0\u00bb0&Prime; [&hellip;]\" \/>\n<meta property=\"og:url\" content=\"https:\/\/www.guides-sports-loisirs.ca\/veloparcs\/les-sentiers\/\" \/>\n<meta property=\"og:site_name\" content=\"V\u00e9loparcs\" \/>\n<meta property=\"article:modified_time\" content=\"2018-10-02T14:06:25+00:00\" \/>\n<meta property=\"og:image\" content=\"https:\/\/www.guides-sports-loisirs.ca\/veloparcs\/wp-content\/uploads\/sites\/6\/2018\/09\/ico_plus.png\" \/>\n<meta name=\"twitter:card\" content=\"summary_large_image\" \/>\n<meta name=\"twitter:label1\" content=\"Dur\u00e9e de lecture estim\u00e9e\" \/>\n\t<meta name=\"twitter:data1\" content=\"2 minutes\" \/>\n<script type=\"application\/ld+json\" class=\"yoast-schema-graph\">{\"@context\":\"https:\/\/schema.org\",\"@graph\":[{\"@type\":\"WebPage\",\"@id\":\"https:\/\/www.guides-sports-loisirs.ca\/veloparcs\/les-sentiers\/\",\"url\":\"https:\/\/www.guides-sports-loisirs.ca\/veloparcs\/les-sentiers\/\",\"name\":\"Les sentiers - V\u00e9loparcs\",\"isPartOf\":{\"@id\":\"https:\/\/www.guides-sports-loisirs.ca\/veloparcs\/#website\"},\"primaryImageOfPage\":{\"@id\":\"https:\/\/www.guides-sports-loisirs.ca\/veloparcs\/les-sentiers\/#primaryimage\"},\"image\":{\"@id\":\"https:\/\/www.guides-sports-loisirs.ca\/veloparcs\/les-sentiers\/#primaryimage\"},\"thumbnailUrl\":\"https:\/\/www.guides-sports-loisirs.ca\/veloparcs\/wp-content\/uploads\/sites\/6\/2018\/09\/ico_plus.png\",\"datePublished\":\"2018-09-10T19:46:57+00:00\",\"dateModified\":\"2018-10-02T14:06:25+00:00\",\"breadcrumb\":{\"@id\":\"https:\/\/www.guides-sports-loisirs.ca\/veloparcs\/les-sentiers\/#breadcrumb\"},\"inLanguage\":\"fr-FR\",\"potentialAction\":[{\"@type\":\"ReadAction\",\"target\":[\"https:\/\/www.guides-sports-loisirs.ca\/veloparcs\/les-sentiers\/\"]}]},{\"@type\":\"ImageObject\",\"inLanguage\":\"fr-FR\",\"@id\":\"https:\/\/www.guides-sports-loisirs.ca\/veloparcs\/les-sentiers\/#primaryimage\",\"url\":\"https:\/\/www.guides-sports-loisirs.ca\/veloparcs\/wp-content\/uploads\/sites\/6\/2018\/09\/ico_plus.png\",\"contentUrl\":\"https:\/\/www.guides-sports-loisirs.ca\/veloparcs\/wp-content\/uploads\/sites\/6\/2018\/09\/ico_plus.png\",\"width\":22,\"height\":21},{\"@type\":\"BreadcrumbList\",\"@id\":\"https:\/\/www.guides-sports-loisirs.ca\/veloparcs\/les-sentiers\/#breadcrumb\",\"itemListElement\":[{\"@type\":\"ListItem\",\"position\":1,\"name\":\"Accueil\",\"item\":\"https:\/\/www.guides-sports-loisirs.ca\/veloparcs\/\"},{\"@type\":\"ListItem\",\"position\":2,\"name\":\"Les sentiers\"}]},{\"@type\":\"WebSite\",\"@id\":\"https:\/\/www.guides-sports-loisirs.ca\/veloparcs\/#website\",\"url\":\"https:\/\/www.guides-sports-loisirs.ca\/veloparcs\/\",\"name\":\"V\u00e9loparcs\",\"description\":\"V\u00e9loparcs\",\"potentialAction\":[{\"@type\":\"SearchAction\",\"target\":{\"@type\":\"EntryPoint\",\"urlTemplate\":\"https:\/\/www.guides-sports-loisirs.ca\/veloparcs\/?s={search_term_string}\"},\"query-input\":{\"@type\":\"PropertyValueSpecification\",\"valueRequired\":true,\"valueName\":\"search_term_string\"}}],\"inLanguage\":\"fr-FR\"}]}<\/script>\n<!-- \/ Yoast SEO plugin. -->","yoast_head_json":{"title":"Les sentiers - V\u00e9loparcs","robots":{"index":"index","follow":"follow","max-snippet":"max-snippet:-1","max-image-preview":"max-image-preview:large","max-video-preview":"max-video-preview:-1"},"canonical":"https:\/\/www.guides-sports-loisirs.ca\/veloparcs\/les-sentiers\/","og_locale":"fr_FR","og_type":"article","og_title":"Les sentiers - V\u00e9loparcs","og_description":"[vc_row row_height_percent=\u00a0\u00bb0&Prime; override_padding=\u00a0\u00bbyes\u00a0\u00bb h_padding=\u00a0\u00bb2&Prime; top_padding=\u00a0\u00bb2&Prime; bottom_padding=\u00a0\u00bb3&Prime; back_color=\u00a0\u00bbcolor-148962&Prime; overlay_alpha=\u00a0\u00bb50&Prime; gutter_size=\u00a0\u00bb3&Prime; shift_y=\u00a0\u00bb0&Prime;][vc_column column_width_percent=\u00a0\u00bb100&Prime; align_horizontal=\u00a0\u00bbalign_center\u00a0\u00bb overlay_alpha=\u00a0\u00bb50&Prime; gutter_size=\u00a0\u00bb3&Prime; medium_width=\u00a0\u00bb0&Prime; shift_x=\u00a0\u00bb0&Prime; shift_y=\u00a0\u00bb0&Prime; z_index=\u00a0\u00bb0&Prime; width=\u00a0\u00bb1\/1&Prime;][vc_row_inner row_inner_height_percent=\u00a0\u00bb0&Prime; [&hellip;]","og_url":"https:\/\/www.guides-sports-loisirs.ca\/veloparcs\/les-sentiers\/","og_site_name":"V\u00e9loparcs","article_modified_time":"2018-10-02T14:06:25+00:00","og_image":[{"url":"https:\/\/www.guides-sports-loisirs.ca\/veloparcs\/wp-content\/uploads\/sites\/6\/2018\/09\/ico_plus.png","type":"","width":"","height":""}],"twitter_card":"summary_large_image","twitter_misc":{"Dur\u00e9e de lecture estim\u00e9e":"2 minutes"},"schema":{"@context":"https:\/\/schema.org","@graph":[{"@type":"WebPage","@id":"https:\/\/www.guides-sports-loisirs.ca\/veloparcs\/les-sentiers\/","url":"https:\/\/www.guides-sports-loisirs.ca\/veloparcs\/les-sentiers\/","name":"Les sentiers - V\u00e9loparcs","isPartOf":{"@id":"https:\/\/www.guides-sports-loisirs.ca\/veloparcs\/#website"},"primaryImageOfPage":{"@id":"https:\/\/www.guides-sports-loisirs.ca\/veloparcs\/les-sentiers\/#primaryimage"},"image":{"@id":"https:\/\/www.guides-sports-loisirs.ca\/veloparcs\/les-sentiers\/#primaryimage"},"thumbnailUrl":"https:\/\/www.guides-sports-loisirs.ca\/veloparcs\/wp-content\/uploads\/sites\/6\/2018\/09\/ico_plus.png","datePublished":"2018-09-10T19:46:57+00:00","dateModified":"2018-10-02T14:06:25+00:00","breadcrumb":{"@id":"https:\/\/www.guides-sports-loisirs.ca\/veloparcs\/les-sentiers\/#breadcrumb"},"inLanguage":"fr-FR","potentialAction":[{"@type":"ReadAction","target":["https:\/\/www.guides-sports-loisirs.ca\/veloparcs\/les-sentiers\/"]}]},{"@type":"ImageObject","inLanguage":"fr-FR","@id":"https:\/\/www.guides-sports-loisirs.ca\/veloparcs\/les-sentiers\/#primaryimage","url":"https:\/\/www.guides-sports-loisirs.ca\/veloparcs\/wp-content\/uploads\/sites\/6\/2018\/09\/ico_plus.png","contentUrl":"https:\/\/www.guides-sports-loisirs.ca\/veloparcs\/wp-content\/uploads\/sites\/6\/2018\/09\/ico_plus.png","width":22,"height":21},{"@type":"BreadcrumbList","@id":"https:\/\/www.guides-sports-loisirs.ca\/veloparcs\/les-sentiers\/#breadcrumb","itemListElement":[{"@type":"ListItem","position":1,"name":"Accueil","item":"https:\/\/www.guides-sports-loisirs.ca\/veloparcs\/"},{"@type":"ListItem","position":2,"name":"Les sentiers"}]},{"@type":"WebSite","@id":"https:\/\/www.guides-sports-loisirs.ca\/veloparcs\/#website","url":"https:\/\/www.guides-sports-loisirs.ca\/veloparcs\/","name":"V\u00e9loparcs","description":"V\u00e9loparcs","potentialAction":[{"@type":"SearchAction","target":{"@type":"EntryPoint","urlTemplate":"https:\/\/www.guides-sports-loisirs.ca\/veloparcs\/?s={search_term_string}"},"query-input":{"@type":"PropertyValueSpecification","valueRequired":true,"valueName":"search_term_string"}}],"inLanguage":"fr-FR"}]}},"_links":{"self":[{"href":"https:\/\/www.guides-sports-loisirs.ca\/veloparcs\/wp-json\/wp\/v2\/pages\/1056","targetHints":{"allow":["GET"]}}],"collection":[{"href":"https:\/\/www.guides-sports-loisirs.ca\/veloparcs\/wp-json\/wp\/v2\/pages"}],"about":[{"href":"https:\/\/www.guides-sports-loisirs.ca\/veloparcs\/wp-json\/wp\/v2\/types\/page"}],"author":[{"embeddable":true,"href":"https:\/\/www.guides-sports-loisirs.ca\/veloparcs\/wp-json\/wp\/v2\/users\/11"}],"replies":[{"embeddable":true,"href":"https:\/\/www.guides-sports-loisirs.ca\/veloparcs\/wp-json\/wp\/v2\/comments?post=1056"}],"version-history":[{"count":8,"href":"https:\/\/www.guides-sports-loisirs.ca\/veloparcs\/wp-json\/wp\/v2\/pages\/1056\/revisions"}],"predecessor-version":[{"id":1636,"href":"https:\/\/www.guides-sports-loisirs.ca\/veloparcs\/wp-json\/wp\/v2\/pages\/1056\/revisions\/1636"}],"wp:attachment":[{"href":"https:\/\/www.guides-sports-loisirs.ca\/veloparcs\/wp-json\/wp\/v2\/media?parent=1056"}],"curies":[{"name":"wp","href":"https:\/\/api.w.org\/{rel}","templated":true}]}}