{"id":1040,"date":"2018-09-10T15:05:55","date_gmt":"2018-09-10T19:05:55","guid":{"rendered":"https:\/\/www.guides-sports-loisirs.ca\/veloparcs\/?page_id=1040"},"modified":"2018-09-27T15:28:13","modified_gmt":"2018-09-27T19:28:13","slug":"les-seuils-drops","status":"publish","type":"page","link":"https:\/\/www.guides-sports-loisirs.ca\/veloparcs\/les-zones-dhabilete\/les-seuils-drops\/","title":{"rendered":"Les seuils (drops)"},"content":{"rendered":"<div class=\"wpb-content-wrapper\"><p>[vc_row row_height_percent=\u00a0\u00bb0&Prime; override_padding=\u00a0\u00bbyes\u00a0\u00bb h_padding=\u00a0\u00bb2&Prime; top_padding=\u00a0\u00bb3&Prime; bottom_padding=\u00a0\u00bb2&Prime; overlay_alpha=\u00a0\u00bb50&Prime; gutter_size=\u00a0\u00bb3&Prime; shift_y=\u00a0\u00bb0&Prime;][vc_column column_width_use_pixel=\u00a0\u00bbyes\u00a0\u00bb overlay_alpha=\u00a0\u00bb50&Prime; gutter_size=\u00a0\u00bb3&Prime; medium_width=\u00a0\u00bb0&Prime; shift_x=\u00a0\u00bb0&Prime; shift_y=\u00a0\u00bb0&Prime; z_index=\u00a0\u00bb0&Prime; width=\u00a0\u00bb1\/1&Prime; column_width_pixel=\u00a0\u00bb800&Prime;][vc_column_text]Un seuil est une d\u00e9pression brusque du terrain qui force le cycliste \u00e0 effectuer un cabrage de la roue avant et la projection du v\u00e9lo vers l\u2019avant, suivie d\u2019un survol du sol, puis d\u2019un atterrissage plus loin sur la piste. Les seuils sont des \u00e9l\u00e9ments techniques que l\u2019on trouve dans les sentiers; ils sont tr\u00e8s appr\u00e9ci\u00e9s de la client\u00e8le cycliste de niveau interm\u00e9diaire et plus.<\/p>\n<p><strong>Quelques \u00e9l\u00e9ments \u00e0 consid\u00e9rer dans la planification d\u2019un seuil\u00a0:<\/strong><\/p>\n<ul>\n<li>L\u2019approche doit \u00eatre d\u00e9gag\u00e9e de tout obstacle. Elle sera horizontale pour un parcours d\u00e9butant pour permettre au cycliste de se concentrer sur le point de cassure. Pour un parcours avanc\u00e9, la difficult\u00e9 s\u2019accro\u00eet avec la modification de la pente ou la longueur de l\u2019approche ou encore l\u2019int\u00e9gration d\u2019une variation (courbe, obstacle, etc.); ces modifications raccourcissent le temps de pr\u00e9paration avant de franchir l\u2019obstacle;<\/li>\n<li>Le point de cassure doit \u00eatre visible du cycliste avant qu\u2019il s\u2019engage sur le module;<\/li>\n<li>La derni\u00e8re portion de la surface de roulement avant la cassure devrait \u00eatre r\u00e9guli\u00e8re (en pr\u00e9sentant les m\u00eames inclinaisons, type de surfaces et largeur) sur une longueur de v\u00e9lo au minimum pour permettre au cycliste de r\u00e9tablir son \u00e9quilibre avant de s\u2019\u00e9lancer;<\/li>\n<li>La surface de la zone de r\u00e9ception doit \u00eatre stable (bien compact\u00e9e);<\/li>\n<li>La zone de r\u00e9ception doit s\u2019\u00e9largir (\u00e0 partir de la largeur de la plateforme) pour \u00e9viter une sortie de piste si la trajectoire du cycliste d\u00e9vie en franchissant le seuil; elle doit \u00e9galement \u00eatre d\u00e9gag\u00e9e de tout obstacle.<\/li>\n<\/ul>\n<p>[\/vc_column_text][vc_single_image media=\u00a0\u00bb1043&Prime; media_width_percent=\u00a0\u00bb100&Prime;][vc_column_text]<strong>Seuils de trois niveaux de difficult\u00e9<\/strong><br \/>\n<em>Centre national de cyclisme de Bromont \u2013 Francis T\u00e9trault<\/em>[\/vc_column_text][\/vc_column][\/vc_row][vc_row row_height_percent=\u00a0\u00bb0&Prime; override_padding=\u00a0\u00bbyes\u00a0\u00bb h_padding=\u00a0\u00bb2&Prime; top_padding=\u00a0\u00bb2&Prime; bottom_padding=\u00a0\u00bb2&Prime; overlay_alpha=\u00a0\u00bb50&Prime; gutter_size=\u00a0\u00bb3&Prime; shift_y=\u00a0\u00bb0&Prime;][vc_column column_width_use_pixel=\u00a0\u00bbyes\u00a0\u00bb overlay_alpha=\u00a0\u00bb50&Prime; gutter_size=\u00a0\u00bb2&Prime; medium_width=\u00a0\u00bb0&Prime; shift_x=\u00a0\u00bb0&Prime; shift_y=\u00a0\u00bb0&Prime; z_index=\u00a0\u00bb0&Prime; width=\u00a0\u00bb1\/1&Prime; column_width_pixel=\u00a0\u00bb800&Prime;][vc_button button_color=\u00a0\u00bbaccent\u00a0\u00bb size=\u00a0\u00bbbtn-lg\u00a0\u00bb radius=\u00a0\u00bbbtn-circle\u00a0\u00bb icon_position=\u00a0\u00bbright\u00a0\u00bb link=\u00a0\u00bburl:https%3A%2F%2Fwww.guides-sports-loisirs.ca%2Fveloparcs%2Fwp-content%2Fuploads%2Fsites%2F6%2F2017%2F03%2FGIS_VP_F25_LesSeuils.pdf||target:%20_blank|\u00a0\u00bb icon=\u00a0\u00bbfa fa-file-o\u00a0\u00bb]Version PDF[\/vc_button][\/vc_column][\/vc_row]<\/p>\n<\/div>","protected":false},"excerpt":{"rendered":"<p>[vc_row row_height_percent=\u00a0\u00bb0&Prime; override_padding=\u00a0\u00bbyes\u00a0\u00bb h_padding=\u00a0\u00bb2&Prime; top_padding=\u00a0\u00bb3&Prime; bottom_padding=\u00a0\u00bb2&Prime; overlay_alpha=\u00a0\u00bb50&Prime; gutter_size=\u00a0\u00bb3&Prime; shift_y=\u00a0\u00bb0&Prime;][vc_column column_width_use_pixel=\u00a0\u00bbyes\u00a0\u00bb overlay_alpha=\u00a0\u00bb50&Prime; gutter_size=\u00a0\u00bb3&Prime; medium_width=\u00a0\u00bb0&Prime; shift_x=\u00a0\u00bb0&Prime; shift_y=\u00a0\u00bb0&Prime; z_index=\u00a0\u00bb0&Prime; width=\u00a0\u00bb1\/1&Prime; column_width_pixel=\u00a0\u00bb800&Prime;][vc_column_text]Un seuil est [&hellip;]<\/p>\n","protected":false},"author":11,"featured_media":0,"parent":936,"menu_order":0,"comment_status":"closed","ping_status":"closed","template":"","meta":{"_acf_changed":false,"footnotes":""},"class_list":["post-1040","page","type-page","status-publish","hentry"],"acf":[],"yoast_head":"<!-- This site is optimized with the Yoast SEO plugin v27.2 - https:\/\/yoast.com\/product\/yoast-seo-wordpress\/ -->\n<title>Les seuils (drops) - V\u00e9loparcs<\/title>\n<meta name=\"robots\" content=\"index, follow, max-snippet:-1, max-image-preview:large, max-video-preview:-1\" \/>\n<link rel=\"canonical\" href=\"https:\/\/www.guides-sports-loisirs.ca\/veloparcs\/les-zones-dhabilete\/les-seuils-drops\/\" \/>\n<meta property=\"og:locale\" content=\"fr_FR\" \/>\n<meta property=\"og:type\" content=\"article\" \/>\n<meta property=\"og:title\" content=\"Les seuils (drops) - V\u00e9loparcs\" \/>\n<meta property=\"og:description\" content=\"[vc_row row_height_percent=\u00a0\u00bb0&Prime; override_padding=\u00a0\u00bbyes\u00a0\u00bb h_padding=\u00a0\u00bb2&Prime; top_padding=\u00a0\u00bb3&Prime; bottom_padding=\u00a0\u00bb2&Prime; overlay_alpha=\u00a0\u00bb50&Prime; gutter_size=\u00a0\u00bb3&Prime; shift_y=\u00a0\u00bb0&Prime;][vc_column column_width_use_pixel=\u00a0\u00bbyes\u00a0\u00bb overlay_alpha=\u00a0\u00bb50&Prime; gutter_size=\u00a0\u00bb3&Prime; medium_width=\u00a0\u00bb0&Prime; shift_x=\u00a0\u00bb0&Prime; shift_y=\u00a0\u00bb0&Prime; z_index=\u00a0\u00bb0&Prime; width=\u00a0\u00bb1\/1&Prime; column_width_pixel=\u00a0\u00bb800&Prime;][vc_column_text]Un seuil est [&hellip;]\" \/>\n<meta property=\"og:url\" content=\"https:\/\/www.guides-sports-loisirs.ca\/veloparcs\/les-zones-dhabilete\/les-seuils-drops\/\" \/>\n<meta property=\"og:site_name\" content=\"V\u00e9loparcs\" \/>\n<meta property=\"article:modified_time\" content=\"2018-09-27T19:28:13+00:00\" \/>\n<meta name=\"twitter:card\" content=\"summary_large_image\" \/>\n<meta name=\"twitter:label1\" content=\"Dur\u00e9e de lecture estim\u00e9e\" \/>\n\t<meta name=\"twitter:data1\" content=\"2 minutes\" \/>\n<script type=\"application\/ld+json\" class=\"yoast-schema-graph\">{\"@context\":\"https:\/\/schema.org\",\"@graph\":[{\"@type\":\"WebPage\",\"@id\":\"https:\/\/www.guides-sports-loisirs.ca\/veloparcs\/les-zones-dhabilete\/les-seuils-drops\/\",\"url\":\"https:\/\/www.guides-sports-loisirs.ca\/veloparcs\/les-zones-dhabilete\/les-seuils-drops\/\",\"name\":\"Les seuils (drops) - V\u00e9loparcs\",\"isPartOf\":{\"@id\":\"https:\/\/www.guides-sports-loisirs.ca\/veloparcs\/#website\"},\"datePublished\":\"2018-09-10T19:05:55+00:00\",\"dateModified\":\"2018-09-27T19:28:13+00:00\",\"breadcrumb\":{\"@id\":\"https:\/\/www.guides-sports-loisirs.ca\/veloparcs\/les-zones-dhabilete\/les-seuils-drops\/#breadcrumb\"},\"inLanguage\":\"fr-FR\",\"potentialAction\":[{\"@type\":\"ReadAction\",\"target\":[\"https:\/\/www.guides-sports-loisirs.ca\/veloparcs\/les-zones-dhabilete\/les-seuils-drops\/\"]}]},{\"@type\":\"BreadcrumbList\",\"@id\":\"https:\/\/www.guides-sports-loisirs.ca\/veloparcs\/les-zones-dhabilete\/les-seuils-drops\/#breadcrumb\",\"itemListElement\":[{\"@type\":\"ListItem\",\"position\":1,\"name\":\"Accueil\",\"item\":\"https:\/\/www.guides-sports-loisirs.ca\/veloparcs\/\"},{\"@type\":\"ListItem\",\"position\":2,\"name\":\"Les zones d&rsquo;habilet\u00e9\",\"item\":\"https:\/\/www.guides-sports-loisirs.ca\/veloparcs\/les-zones-dhabilete\/\"},{\"@type\":\"ListItem\",\"position\":3,\"name\":\"Les seuils (drops)\"}]},{\"@type\":\"WebSite\",\"@id\":\"https:\/\/www.guides-sports-loisirs.ca\/veloparcs\/#website\",\"url\":\"https:\/\/www.guides-sports-loisirs.ca\/veloparcs\/\",\"name\":\"V\u00e9loparcs\",\"description\":\"V\u00e9loparcs\",\"potentialAction\":[{\"@type\":\"SearchAction\",\"target\":{\"@type\":\"EntryPoint\",\"urlTemplate\":\"https:\/\/www.guides-sports-loisirs.ca\/veloparcs\/?s={search_term_string}\"},\"query-input\":{\"@type\":\"PropertyValueSpecification\",\"valueRequired\":true,\"valueName\":\"search_term_string\"}}],\"inLanguage\":\"fr-FR\"}]}<\/script>\n<!-- \/ Yoast SEO plugin. -->","yoast_head_json":{"title":"Les seuils (drops) - V\u00e9loparcs","robots":{"index":"index","follow":"follow","max-snippet":"max-snippet:-1","max-image-preview":"max-image-preview:large","max-video-preview":"max-video-preview:-1"},"canonical":"https:\/\/www.guides-sports-loisirs.ca\/veloparcs\/les-zones-dhabilete\/les-seuils-drops\/","og_locale":"fr_FR","og_type":"article","og_title":"Les seuils (drops) - V\u00e9loparcs","og_description":"[vc_row row_height_percent=\u00a0\u00bb0&Prime; override_padding=\u00a0\u00bbyes\u00a0\u00bb h_padding=\u00a0\u00bb2&Prime; top_padding=\u00a0\u00bb3&Prime; bottom_padding=\u00a0\u00bb2&Prime; overlay_alpha=\u00a0\u00bb50&Prime; gutter_size=\u00a0\u00bb3&Prime; shift_y=\u00a0\u00bb0&Prime;][vc_column column_width_use_pixel=\u00a0\u00bbyes\u00a0\u00bb overlay_alpha=\u00a0\u00bb50&Prime; gutter_size=\u00a0\u00bb3&Prime; medium_width=\u00a0\u00bb0&Prime; shift_x=\u00a0\u00bb0&Prime; shift_y=\u00a0\u00bb0&Prime; z_index=\u00a0\u00bb0&Prime; width=\u00a0\u00bb1\/1&Prime; column_width_pixel=\u00a0\u00bb800&Prime;][vc_column_text]Un seuil est [&hellip;]","og_url":"https:\/\/www.guides-sports-loisirs.ca\/veloparcs\/les-zones-dhabilete\/les-seuils-drops\/","og_site_name":"V\u00e9loparcs","article_modified_time":"2018-09-27T19:28:13+00:00","twitter_card":"summary_large_image","twitter_misc":{"Dur\u00e9e de lecture estim\u00e9e":"2 minutes"},"schema":{"@context":"https:\/\/schema.org","@graph":[{"@type":"WebPage","@id":"https:\/\/www.guides-sports-loisirs.ca\/veloparcs\/les-zones-dhabilete\/les-seuils-drops\/","url":"https:\/\/www.guides-sports-loisirs.ca\/veloparcs\/les-zones-dhabilete\/les-seuils-drops\/","name":"Les seuils (drops) - V\u00e9loparcs","isPartOf":{"@id":"https:\/\/www.guides-sports-loisirs.ca\/veloparcs\/#website"},"datePublished":"2018-09-10T19:05:55+00:00","dateModified":"2018-09-27T19:28:13+00:00","breadcrumb":{"@id":"https:\/\/www.guides-sports-loisirs.ca\/veloparcs\/les-zones-dhabilete\/les-seuils-drops\/#breadcrumb"},"inLanguage":"fr-FR","potentialAction":[{"@type":"ReadAction","target":["https:\/\/www.guides-sports-loisirs.ca\/veloparcs\/les-zones-dhabilete\/les-seuils-drops\/"]}]},{"@type":"BreadcrumbList","@id":"https:\/\/www.guides-sports-loisirs.ca\/veloparcs\/les-zones-dhabilete\/les-seuils-drops\/#breadcrumb","itemListElement":[{"@type":"ListItem","position":1,"name":"Accueil","item":"https:\/\/www.guides-sports-loisirs.ca\/veloparcs\/"},{"@type":"ListItem","position":2,"name":"Les zones d&rsquo;habilet\u00e9","item":"https:\/\/www.guides-sports-loisirs.ca\/veloparcs\/les-zones-dhabilete\/"},{"@type":"ListItem","position":3,"name":"Les seuils (drops)"}]},{"@type":"WebSite","@id":"https:\/\/www.guides-sports-loisirs.ca\/veloparcs\/#website","url":"https:\/\/www.guides-sports-loisirs.ca\/veloparcs\/","name":"V\u00e9loparcs","description":"V\u00e9loparcs","potentialAction":[{"@type":"SearchAction","target":{"@type":"EntryPoint","urlTemplate":"https:\/\/www.guides-sports-loisirs.ca\/veloparcs\/?s={search_term_string}"},"query-input":{"@type":"PropertyValueSpecification","valueRequired":true,"valueName":"search_term_string"}}],"inLanguage":"fr-FR"}]}},"_links":{"self":[{"href":"https:\/\/www.guides-sports-loisirs.ca\/veloparcs\/wp-json\/wp\/v2\/pages\/1040","targetHints":{"allow":["GET"]}}],"collection":[{"href":"https:\/\/www.guides-sports-loisirs.ca\/veloparcs\/wp-json\/wp\/v2\/pages"}],"about":[{"href":"https:\/\/www.guides-sports-loisirs.ca\/veloparcs\/wp-json\/wp\/v2\/types\/page"}],"author":[{"embeddable":true,"href":"https:\/\/www.guides-sports-loisirs.ca\/veloparcs\/wp-json\/wp\/v2\/users\/11"}],"replies":[{"embeddable":true,"href":"https:\/\/www.guides-sports-loisirs.ca\/veloparcs\/wp-json\/wp\/v2\/comments?post=1040"}],"version-history":[{"count":4,"href":"https:\/\/www.guides-sports-loisirs.ca\/veloparcs\/wp-json\/wp\/v2\/pages\/1040\/revisions"}],"predecessor-version":[{"id":1485,"href":"https:\/\/www.guides-sports-loisirs.ca\/veloparcs\/wp-json\/wp\/v2\/pages\/1040\/revisions\/1485"}],"up":[{"embeddable":true,"href":"https:\/\/www.guides-sports-loisirs.ca\/veloparcs\/wp-json\/wp\/v2\/pages\/936"}],"wp:attachment":[{"href":"https:\/\/www.guides-sports-loisirs.ca\/veloparcs\/wp-json\/wp\/v2\/media?parent=1040"}],"curies":[{"name":"wp","href":"https:\/\/api.w.org\/{rel}","templated":true}]}}