{"id":101,"date":"2017-05-02T15:53:14","date_gmt":"2017-05-02T19:53:14","guid":{"rendered":"https:\/\/www.guides-sports-loisirs.ca\/veloparcs\/?page_id=101"},"modified":"2024-12-13T14:35:53","modified_gmt":"2024-12-13T19:35:53","slug":"a-propos","status":"publish","type":"page","link":"https:\/\/www.guides-sports-loisirs.ca\/veloparcs\/a-propos\/","title":{"rendered":"\u00c0 propos"},"content":{"rendered":"<div class=\"wpb-content-wrapper\"><p>[vc_row row_height_percent=\u00a0\u00bb0&Prime; override_padding=\u00a0\u00bbyes\u00a0\u00bb h_padding=\u00a0\u00bb2&Prime; top_padding=\u00a0\u00bb3&Prime; bottom_padding=\u00a0\u00bb2&Prime; overlay_alpha=\u00a0\u00bb50&Prime; gutter_size=\u00a0\u00bb3&Prime; shift_y=\u00a0\u00bb0&Prime;][vc_column column_width_use_pixel=\u00a0\u00bbyes\u00a0\u00bb gutter_size=\u00a0\u00bb3&Prime; overlay_alpha=\u00a0\u00bb50&Prime; shift_x=\u00a0\u00bb0&Prime; shift_y=\u00a0\u00bb0&Prime; z_index=\u00a0\u00bb0&Prime; medium_width=\u00a0\u00bb0&Prime; width=\u00a0\u00bb1\/1&Prime; column_width_pixel=\u00a0\u00bb800&Prime;][vc_column_text]Ce document de r\u00e9f\u00e9rence sur l\u2019am\u00e9nagement et l\u2019exploitation des v\u00e9loparcs est une r\u00e9alisation de V\u00e9lo Qu\u00e9bec. Il\u00a0a \u00e9t\u00e9 pr\u00e9par\u00e9 \u00e0 l\u2019intention des gestionnaires qui pr\u00e9voient am\u00e9nager un v\u00e9loparc ou qui exploitent d\u00e9j\u00e0 une aire de jeu de ce type et souhaitent l\u2019am\u00e9liorer. Il ne constitue pas une norme ou un r\u00e8glement et ne devrait pas \u00eatre interpr\u00e9t\u00e9 comme tel. Il propose plut\u00f4t des conseils applicables \u00e0 l\u2019am\u00e9nagement ou \u00e0 l\u2019exploitation d\u2019un v\u00e9loparc pour guider les gestionnaires, les employ\u00e9s et les b\u00e9n\u00e9voles.<\/p>\n<p>Les illustrations ne sont pas \u00e0 l\u2019\u00e9chelle et sont pr\u00e9sent\u00e9es \u00e0 titre informatif seulement. Les notions techniques sont le fruit de l\u2019exp\u00e9rience des collaborateurs du guide et de nos recherches sur les am\u00e9nagements comparables. Il n\u2019existe pas de norme internationale sur les v\u00e9loparcs. Toutefois, l\u2019International Mountain Bicycling Association (IMBA) propose un guide sur le sujet.<\/p>\n<p><strong>Les am\u00e9nagements qu\u2019il vise \u00e9tant en constante \u00e9volution, il est donc possible que les notions pr\u00e9sent\u00e9es \u00e9voluent aussi avec le temps.\u00a0Le guide a \u00e9t\u00e9 mis en ligne au mois d\u2019octobre 2018. Il est de votre responsabilit\u00e9 de consulter r\u00e9guli\u00e8rement afin d\u2019\u00eatre au courant de mises \u00e0 jour.\u00a0<\/strong><strong>Le guide sera mis \u00e0 jour constamment au fil du temps. Nous vous recommandons de le consulter r\u00e9guli\u00e8rement afin d\u2019\u00eatre au fait des pratiques les plus r\u00e9centes dans le domaine.<\/strong><\/p>\n<p>[\/vc_column_text][\/vc_column][\/vc_row][vc_row row_height_percent=\u00a0\u00bb0&Prime; override_padding=\u00a0\u00bbyes\u00a0\u00bb h_padding=\u00a0\u00bb2&Prime; top_padding=\u00a0\u00bb2&Prime; bottom_padding=\u00a0\u00bb2&Prime; overlay_alpha=\u00a0\u00bb50&Prime; gutter_size=\u00a0\u00bb3&Prime; shift_y=\u00a0\u00bb0&Prime;][vc_column column_width_use_pixel=\u00a0\u00bbyes\u00a0\u00bb gutter_size=\u00a0\u00bb2&Prime; overlay_alpha=\u00a0\u00bb50&Prime; shift_x=\u00a0\u00bb0&Prime; shift_y=\u00a0\u00bb0&Prime; z_index=\u00a0\u00bb0&Prime; medium_width=\u00a0\u00bb0&Prime; width=\u00a0\u00bb1\/1&Prime; column_width_pixel=\u00a0\u00bb800&Prime;][vc_accordion el_class=\u00a0\u00bbaccordeon\u00a0\u00bb][vc_accordion_tab title=\u00a0\u00bbLe b\u00e9n\u00e9volat : un alli\u00e9 de taille!\u00a0\u00bb tab_id=\u00a0\u00bb43f36509-d630-9&Prime;][vc_column_text]Puisque la taille des milieux de vie qu\u00e9b\u00e9cois varie, les groupes b\u00e9n\u00e9voles bien encadr\u00e9s peuvent r\u00e9aliser des projets de petite et de moyenne envergure et participer \u00e0 des projets plus importants. Ce guide a \u00e9t\u00e9 pens\u00e9 en fonction d\u2019un projet de grande envergure men\u00e9 par des professionnels, mais les notions pr\u00e9sent\u00e9es sont \u00e9galement applicables par des groupes b\u00e9n\u00e9voles dans de petites municipalit\u00e9s, encadr\u00e9s par la municipalit\u00e9 pour certains aspects techniques.<\/p>\n<p>Le terme \u00ab\u00a0b\u00e9n\u00e9voles\u00a0\u00bb utilis\u00e9 dans ce guide doit \u00eatre pris au sens de cyclistes membres d\u2019un club ou d\u2019amateurs de la discipline, qui comprennent et utilisent les infrastructures durant leur temps libre ou dans le cadre d\u2019activit\u00e9s structur\u00e9es et sont dispos\u00e9s \u00e0 s\u2019impliquer pour leur conception et entretien. Ils sont des alli\u00e9s indispensables et ne devraient pas \u00eatre mis de c\u00f4t\u00e9![\/vc_column_text][\/vc_accordion_tab][vc_accordion_tab title=\u00a0\u00bbCr\u00e9dits\u00a0\u00bb tab_id=\u00a0\u00bb83a572c4-9e55-9&Prime;][vc_column_text]<\/p>\n<h3><span style=\"color: #333399\"><strong>R\u00e9daction<\/strong><\/span><\/h3>\n<p>[\/vc_column_text][vc_empty_space empty_h=\u00a0\u00bb1&Prime;][vc_separator sep_color=\u00a0\u00bbcolor-jevc\u00a0\u00bb el_width=\u00a0\u00bb93px\u00a0\u00bb el_height=\u00a0\u00bb2px\u00a0\u00bb][vc_empty_space empty_h=\u00a0\u00bb1&Prime;][vc_column_text]<strong>Francis T\u00e9trault<\/strong>, Charg\u00e9 de programme, V\u00e9lo Qu\u00e9bec Association[\/vc_column_text][vc_empty_space empty_h=\u00a0\u00bb2&Prime;][vc_column_text]<\/p>\n<h3><span style=\"color: #333399\"><strong>Contribution au contenu technique<\/strong><\/span><\/h3>\n<p>[\/vc_column_text][vc_empty_space empty_h=\u00a0\u00bb2&Prime;][vc_separator sep_color=\u00a0\u00bbcolor-jevc\u00a0\u00bb el_width=\u00a0\u00bb93px\u00a0\u00bb el_height=\u00a0\u00bb2px\u00a0\u00bb][vc_empty_space empty_h=\u00a0\u00bb2&Prime;][vc_column_text]<strong>J\u00e9r\u00f4me Pelland<\/strong>, pr\u00e9sident, Sentiers Bor\u00e9als<\/p>\n<p><strong>J\u00e9r\u00f4me Ouellet<\/strong>, conseiller en promotion de la s\u00e9curit\u00e9, Direction de la promotion de la s\u00e9curit\u00e9, minist\u00e8re de l\u2019\u00c9ducation et de l\u2019Enseignement sup\u00e9rieur (MEES)<\/p>\n<p><strong>Peggy Powers<\/strong>, conseill\u00e8re en gestion des risques, Mutuelle des Municipalit\u00e9s du Qu\u00e9bec (MMQ)<\/p>\n<p><strong>Yannick Vincent<\/strong>, BMXPert[\/vc_column_text][vc_empty_space empty_h=\u00a0\u00bb1&Prime;][vc_empty_space empty_h=\u00a0\u00bb1&Prime;][vc_column_text]<\/p>\n<h3><span style=\"color: #333399\"><strong>Supervision<\/strong><\/span><\/h3>\n<p>[\/vc_column_text][vc_empty_space empty_h=\u00a0\u00bb2&Prime;][vc_separator sep_color=\u00a0\u00bbcolor-jevc\u00a0\u00bb el_width=\u00a0\u00bb93px\u00a0\u00bb el_height=\u00a0\u00bb2px\u00a0\u00bb][vc_empty_space empty_h=\u00a0\u00bb2&Prime;][vc_column_text]<strong>Marc Jolic\u0153ur<\/strong>, \u00a0directeur, recherche et service-conseil, V\u00e9lo Qu\u00e9bec Association[\/vc_column_text][vc_empty_space empty_h=\u00a0\u00bb2&Prime;][vc_column_text]<\/p>\n<h3><span style=\"color: #333399\"><strong>Partenaires financiers<\/strong><\/span><\/h3>\n<p>[\/vc_column_text][vc_empty_space empty_h=\u00a0\u00bb1&Prime;][vc_separator sep_color=\u00a0\u00bbcolor-jevc\u00a0\u00bb el_width=\u00a0\u00bb93px\u00a0\u00bb el_height=\u00a0\u00bb2px\u00a0\u00bb][vc_empty_space empty_h=\u00a0\u00bb2&Prime;][vc_column_text]Minist\u00e8re de l\u2019\u00c9ducation et de l\u2019Enseignement sup\u00e9rieur (MEES)<\/p>\n<p>Direction de la Promotion de la S\u00e9curit\u00e9 (MEES)<\/p>\n<p>Mountain Equipment Coop (MEC)<\/p>\n<p>Association qu\u00e9b\u00e9coise du loisir municipal (AQLM)<\/p>\n<p>Mutuelle des Municipalit\u00e9s du Qu\u00e9bec (MMQ)[\/vc_column_text][vc_empty_space empty_h=\u00a0\u00bb1&Prime;][vc_column_text]<\/p>\n<h3><span style=\"color: #333399\"><strong>R\u00e9vision linguistique<\/strong><\/span><\/h3>\n<p>[\/vc_column_text][vc_empty_space empty_h=\u00a0\u00bb2&Prime;][vc_separator sep_color=\u00a0\u00bbcolor-jevc\u00a0\u00bb el_width=\u00a0\u00bb93px\u00a0\u00bb el_height=\u00a0\u00bb2px\u00a0\u00bb][vc_empty_space empty_h=\u00a0\u00bb2&Prime;][vc_column_text]<strong>Sylvie Clavel<\/strong>,\u00a0Direction de la Promotion de la S\u00e9curit\u00e9 (MEES)[\/vc_column_text][vc_empty_space empty_h=\u00a0\u00bb1&Prime;][vc_empty_space empty_h=\u00a0\u00bb1&Prime;][vc_column_text]<\/p>\n<h3><span style=\"color: #333399\"><strong>Int\u00e9gration web et illustrations<\/strong><\/span><\/h3>\n<p>[\/vc_column_text][vc_empty_space empty_h=\u00a0\u00bb2&Prime;][vc_separator sep_color=\u00a0\u00bbcolor-jevc\u00a0\u00bb el_width=\u00a0\u00bb93px\u00a0\u00bb el_height=\u00a0\u00bb2px\u00a0\u00bb][vc_empty_space empty_h=\u00a0\u00bb2&Prime;][vc_column_text]Publi Griffe[\/vc_column_text][vc_empty_space empty_h=\u00a0\u00bb1&Prime;][vc_column_text]<\/p>\n<h3><span style=\"color: #333399\"><strong>Graphisme \u2013 fiches PDF<\/strong><\/span><\/h3>\n<p>[\/vc_column_text][vc_empty_space empty_h=\u00a0\u00bb2&Prime;][vc_separator sep_color=\u00a0\u00bbcolor-jevc\u00a0\u00bb el_width=\u00a0\u00bb93px\u00a0\u00bb el_height=\u00a0\u00bb2px\u00a0\u00bb][vc_empty_space empty_h=\u00a0\u00bb2&Prime;][vc_column_text]Joannie Rosa[\/vc_column_text][vc_empty_space empty_h=\u00a0\u00bb2&Prime;][vc_empty_space empty_h=\u00a0\u00bb1&Prime;][vc_column_text]<strong>Droits de reproduction<\/strong> : <span style=\"color: #999999\"><em>Nul ne peut reproduire ou modifier le contenu en tout ou en partie, sans l\u2019autorisation \u00e9crite de V\u00e9lo Qu\u00e9bec et de l\u2019Association qu\u00e9b\u00e9coise du loisir municipal.<\/em><\/span>[\/vc_column_text][\/vc_accordion_tab][\/vc_accordion][\/vc_column][\/vc_row][vc_row row_height_percent=\u00a0\u00bb0&Prime; override_padding=\u00a0\u00bbyes\u00a0\u00bb h_padding=\u00a0\u00bb2&Prime; top_padding=\u00a0\u00bb2&Prime; bottom_padding=\u00a0\u00bb2&Prime; overlay_alpha=\u00a0\u00bb50&Prime; gutter_size=\u00a0\u00bb3&Prime; shift_y=\u00a0\u00bb0&Prime;][vc_column column_width_use_pixel=\u00a0\u00bbyes\u00a0\u00bb gutter_size=\u00a0\u00bb2&Prime; overlay_alpha=\u00a0\u00bb50&Prime; shift_x=\u00a0\u00bb0&Prime; shift_y=\u00a0\u00bb0&Prime; z_index=\u00a0\u00bb0&Prime; medium_width=\u00a0\u00bb0&Prime; width=\u00a0\u00bb1\/1&Prime; column_width_pixel=\u00a0\u00bb800&Prime;][vc_button button_color=\u00a0\u00bbaccent\u00a0\u00bb size=\u00a0\u00bbbtn-lg\u00a0\u00bb radius=\u00a0\u00bbbtn-circle\u00a0\u00bb border_width=\u00a0\u00bb0&Prime; icon_position=\u00a0\u00bbright\u00a0\u00bb link=\u00a0\u00bburl:https%3A%2F%2Fwww.guides-sports-loisirs.ca%2Fveloparcs%2Fwp-content%2Fuploads%2Fsites%2F6%2F2024%2F12%2FGIS_VP_F1_APropos_2024.pdf||target:%20_blank|\u00a0\u00bb icon=\u00a0\u00bbfa fa-file-o\u00a0\u00bb]Version PDF[\/vc_button][\/vc_column][\/vc_row]<\/p>\n<\/div>","protected":false},"excerpt":{"rendered":"<p>[vc_row row_height_percent=\u00a0\u00bb0&Prime; override_padding=\u00a0\u00bbyes\u00a0\u00bb h_padding=\u00a0\u00bb2&Prime; top_padding=\u00a0\u00bb3&Prime; bottom_padding=\u00a0\u00bb2&Prime; overlay_alpha=\u00a0\u00bb50&Prime; gutter_size=\u00a0\u00bb3&Prime; shift_y=\u00a0\u00bb0&Prime;][vc_column column_width_use_pixel=\u00a0\u00bbyes\u00a0\u00bb gutter_size=\u00a0\u00bb3&Prime; overlay_alpha=\u00a0\u00bb50&Prime; shift_x=\u00a0\u00bb0&Prime; shift_y=\u00a0\u00bb0&Prime; z_index=\u00a0\u00bb0&Prime; medium_width=\u00a0\u00bb0&Prime; width=\u00a0\u00bb1\/1&Prime; column_width_pixel=\u00a0\u00bb800&Prime;][vc_column_text]Ce document de [&hellip;]<\/p>\n","protected":false},"author":11,"featured_media":0,"parent":0,"menu_order":0,"comment_status":"closed","ping_status":"closed","template":"","meta":{"_acf_changed":false,"footnotes":""},"class_list":["post-101","page","type-page","status-publish","hentry"],"acf":[],"yoast_head":"<!-- This site is optimized with the Yoast SEO plugin v27.4 - https:\/\/yoast.com\/product\/yoast-seo-wordpress\/ -->\n<title>\u00c0 propos - V\u00e9loparcs<\/title>\n<meta name=\"robots\" content=\"index, follow, max-snippet:-1, max-image-preview:large, max-video-preview:-1\" \/>\n<link rel=\"canonical\" href=\"https:\/\/www.guides-sports-loisirs.ca\/veloparcs\/a-propos\/\" \/>\n<meta property=\"og:locale\" content=\"fr_FR\" \/>\n<meta property=\"og:type\" content=\"article\" \/>\n<meta property=\"og:title\" content=\"\u00c0 propos - V\u00e9loparcs\" \/>\n<meta property=\"og:description\" content=\"[vc_row row_height_percent=\u00a0\u00bb0&Prime; override_padding=\u00a0\u00bbyes\u00a0\u00bb h_padding=\u00a0\u00bb2&Prime; top_padding=\u00a0\u00bb3&Prime; bottom_padding=\u00a0\u00bb2&Prime; overlay_alpha=\u00a0\u00bb50&Prime; gutter_size=\u00a0\u00bb3&Prime; shift_y=\u00a0\u00bb0&Prime;][vc_column column_width_use_pixel=\u00a0\u00bbyes\u00a0\u00bb gutter_size=\u00a0\u00bb3&Prime; overlay_alpha=\u00a0\u00bb50&Prime; shift_x=\u00a0\u00bb0&Prime; shift_y=\u00a0\u00bb0&Prime; z_index=\u00a0\u00bb0&Prime; medium_width=\u00a0\u00bb0&Prime; width=\u00a0\u00bb1\/1&Prime; column_width_pixel=\u00a0\u00bb800&Prime;][vc_column_text]Ce document de [&hellip;]\" \/>\n<meta property=\"og:url\" content=\"https:\/\/www.guides-sports-loisirs.ca\/veloparcs\/a-propos\/\" \/>\n<meta property=\"og:site_name\" content=\"V\u00e9loparcs\" \/>\n<meta property=\"article:modified_time\" content=\"2024-12-13T19:35:53+00:00\" \/>\n<meta name=\"twitter:card\" content=\"summary_large_image\" \/>\n<meta name=\"twitter:label1\" content=\"Dur\u00e9e de lecture estim\u00e9e\" \/>\n\t<meta name=\"twitter:data1\" content=\"4 minutes\" \/>\n<script type=\"application\/ld+json\" class=\"yoast-schema-graph\">{\"@context\":\"https:\\\/\\\/schema.org\",\"@graph\":[{\"@type\":\"WebPage\",\"@id\":\"https:\\\/\\\/www.guides-sports-loisirs.ca\\\/veloparcs\\\/a-propos\\\/\",\"url\":\"https:\\\/\\\/www.guides-sports-loisirs.ca\\\/veloparcs\\\/a-propos\\\/\",\"name\":\"\u00c0 propos - V\u00e9loparcs\",\"isPartOf\":{\"@id\":\"https:\\\/\\\/www.guides-sports-loisirs.ca\\\/veloparcs\\\/#website\"},\"datePublished\":\"2017-05-02T19:53:14+00:00\",\"dateModified\":\"2024-12-13T19:35:53+00:00\",\"breadcrumb\":{\"@id\":\"https:\\\/\\\/www.guides-sports-loisirs.ca\\\/veloparcs\\\/a-propos\\\/#breadcrumb\"},\"inLanguage\":\"fr-FR\",\"potentialAction\":[{\"@type\":\"ReadAction\",\"target\":[\"https:\\\/\\\/www.guides-sports-loisirs.ca\\\/veloparcs\\\/a-propos\\\/\"]}]},{\"@type\":\"BreadcrumbList\",\"@id\":\"https:\\\/\\\/www.guides-sports-loisirs.ca\\\/veloparcs\\\/a-propos\\\/#breadcrumb\",\"itemListElement\":[{\"@type\":\"ListItem\",\"position\":1,\"name\":\"Accueil\",\"item\":\"https:\\\/\\\/www.guides-sports-loisirs.ca\\\/veloparcs\\\/\"},{\"@type\":\"ListItem\",\"position\":2,\"name\":\"\u00c0 propos\"}]},{\"@type\":\"WebSite\",\"@id\":\"https:\\\/\\\/www.guides-sports-loisirs.ca\\\/veloparcs\\\/#website\",\"url\":\"https:\\\/\\\/www.guides-sports-loisirs.ca\\\/veloparcs\\\/\",\"name\":\"V\u00e9loparcs\",\"description\":\"V\u00e9loparcs\",\"potentialAction\":[{\"@type\":\"SearchAction\",\"target\":{\"@type\":\"EntryPoint\",\"urlTemplate\":\"https:\\\/\\\/www.guides-sports-loisirs.ca\\\/veloparcs\\\/?s={search_term_string}\"},\"query-input\":{\"@type\":\"PropertyValueSpecification\",\"valueRequired\":true,\"valueName\":\"search_term_string\"}}],\"inLanguage\":\"fr-FR\"}]}<\/script>\n<!-- \/ Yoast SEO plugin. -->","yoast_head_json":{"title":"\u00c0 propos - V\u00e9loparcs","robots":{"index":"index","follow":"follow","max-snippet":"max-snippet:-1","max-image-preview":"max-image-preview:large","max-video-preview":"max-video-preview:-1"},"canonical":"https:\/\/www.guides-sports-loisirs.ca\/veloparcs\/a-propos\/","og_locale":"fr_FR","og_type":"article","og_title":"\u00c0 propos - V\u00e9loparcs","og_description":"[vc_row row_height_percent=\u00a0\u00bb0&Prime; override_padding=\u00a0\u00bbyes\u00a0\u00bb h_padding=\u00a0\u00bb2&Prime; top_padding=\u00a0\u00bb3&Prime; bottom_padding=\u00a0\u00bb2&Prime; overlay_alpha=\u00a0\u00bb50&Prime; gutter_size=\u00a0\u00bb3&Prime; shift_y=\u00a0\u00bb0&Prime;][vc_column column_width_use_pixel=\u00a0\u00bbyes\u00a0\u00bb gutter_size=\u00a0\u00bb3&Prime; overlay_alpha=\u00a0\u00bb50&Prime; shift_x=\u00a0\u00bb0&Prime; shift_y=\u00a0\u00bb0&Prime; z_index=\u00a0\u00bb0&Prime; medium_width=\u00a0\u00bb0&Prime; width=\u00a0\u00bb1\/1&Prime; column_width_pixel=\u00a0\u00bb800&Prime;][vc_column_text]Ce document de [&hellip;]","og_url":"https:\/\/www.guides-sports-loisirs.ca\/veloparcs\/a-propos\/","og_site_name":"V\u00e9loparcs","article_modified_time":"2024-12-13T19:35:53+00:00","twitter_card":"summary_large_image","twitter_misc":{"Dur\u00e9e de lecture estim\u00e9e":"4 minutes"},"schema":{"@context":"https:\/\/schema.org","@graph":[{"@type":"WebPage","@id":"https:\/\/www.guides-sports-loisirs.ca\/veloparcs\/a-propos\/","url":"https:\/\/www.guides-sports-loisirs.ca\/veloparcs\/a-propos\/","name":"\u00c0 propos - V\u00e9loparcs","isPartOf":{"@id":"https:\/\/www.guides-sports-loisirs.ca\/veloparcs\/#website"},"datePublished":"2017-05-02T19:53:14+00:00","dateModified":"2024-12-13T19:35:53+00:00","breadcrumb":{"@id":"https:\/\/www.guides-sports-loisirs.ca\/veloparcs\/a-propos\/#breadcrumb"},"inLanguage":"fr-FR","potentialAction":[{"@type":"ReadAction","target":["https:\/\/www.guides-sports-loisirs.ca\/veloparcs\/a-propos\/"]}]},{"@type":"BreadcrumbList","@id":"https:\/\/www.guides-sports-loisirs.ca\/veloparcs\/a-propos\/#breadcrumb","itemListElement":[{"@type":"ListItem","position":1,"name":"Accueil","item":"https:\/\/www.guides-sports-loisirs.ca\/veloparcs\/"},{"@type":"ListItem","position":2,"name":"\u00c0 propos"}]},{"@type":"WebSite","@id":"https:\/\/www.guides-sports-loisirs.ca\/veloparcs\/#website","url":"https:\/\/www.guides-sports-loisirs.ca\/veloparcs\/","name":"V\u00e9loparcs","description":"V\u00e9loparcs","potentialAction":[{"@type":"SearchAction","target":{"@type":"EntryPoint","urlTemplate":"https:\/\/www.guides-sports-loisirs.ca\/veloparcs\/?s={search_term_string}"},"query-input":{"@type":"PropertyValueSpecification","valueRequired":true,"valueName":"search_term_string"}}],"inLanguage":"fr-FR"}]}},"_links":{"self":[{"href":"https:\/\/www.guides-sports-loisirs.ca\/veloparcs\/wp-json\/wp\/v2\/pages\/101","targetHints":{"allow":["GET"]}}],"collection":[{"href":"https:\/\/www.guides-sports-loisirs.ca\/veloparcs\/wp-json\/wp\/v2\/pages"}],"about":[{"href":"https:\/\/www.guides-sports-loisirs.ca\/veloparcs\/wp-json\/wp\/v2\/types\/page"}],"author":[{"embeddable":true,"href":"https:\/\/www.guides-sports-loisirs.ca\/veloparcs\/wp-json\/wp\/v2\/users\/11"}],"replies":[{"embeddable":true,"href":"https:\/\/www.guides-sports-loisirs.ca\/veloparcs\/wp-json\/wp\/v2\/comments?post=101"}],"version-history":[{"count":28,"href":"https:\/\/www.guides-sports-loisirs.ca\/veloparcs\/wp-json\/wp\/v2\/pages\/101\/revisions"}],"predecessor-version":[{"id":1700,"href":"https:\/\/www.guides-sports-loisirs.ca\/veloparcs\/wp-json\/wp\/v2\/pages\/101\/revisions\/1700"}],"wp:attachment":[{"href":"https:\/\/www.guides-sports-loisirs.ca\/veloparcs\/wp-json\/wp\/v2\/media?parent=101"}],"curies":[{"name":"wp","href":"https:\/\/api.w.org\/{rel}","templated":true}]}}