{"id":680,"date":"2017-05-08T15:13:22","date_gmt":"2017-05-08T19:13:22","guid":{"rendered":"https:\/\/www.guides-sports-loisirs.ca\/terrains-de-balle\/?page_id=251"},"modified":"2017-05-08T15:13:22","modified_gmt":"2017-05-08T19:13:22","slug":"routine-entretien-champ-interieur-2","status":"publish","type":"page","link":"https:\/\/www.guides-sports-loisirs.ca\/terrains-de-balle\/entretien-surfaces\/routine-entretien-champ-interieur-2\/","title":{"rendered":"Routine d&#039;entretien du champ int\u00e9rieur"},"content":{"rendered":"<div class=\"wpb-content-wrapper\"><p>[vc_row row_height_percent=\u00a0\u00bb0&Prime; override_padding=\u00a0\u00bbyes\u00a0\u00bb h_padding=\u00a0\u00bb2&Prime; top_padding=\u00a0\u00bb3&Prime; bottom_padding=\u00a0\u00bb2&Prime; overlay_alpha=\u00a0\u00bb50&Prime; gutter_size=\u00a0\u00bb3&Prime; shift_y=\u00a0\u00bb0&Prime;][vc_column column_width_use_pixel=\u00a0\u00bbyes\u00a0\u00bb overlay_alpha=\u00a0\u00bb50&Prime; gutter_size=\u00a0\u00bb3&Prime; medium_width=\u00a0\u00bb0&Prime; shift_x=\u00a0\u00bb0&Prime; shift_y=\u00a0\u00bb0&Prime; z_index=\u00a0\u00bb0&Prime; width=\u00a0\u00bb1\/1&Prime; column_width_pixel=\u00a0\u00bb800&Prime;][vc_custom_heading]Voici les \u00e9tapes \u00e0 suivre pour entretenir un champ int\u00e9rieur[\/vc_custom_heading][vc_separator sep_color=\u00a0\u00bbaccent\u00a0\u00bb el_width=\u00a0\u00bb75px\u00a0\u00bb el_height=\u00a0\u00bb2px\u00a0\u00bb][vc_column_text]<strong><span style=\"color: #01b418\">\u00c9tape 1<br \/>\n<\/span><\/strong>Balayer toutes les jonctions d\u00e9limit\u00e9es par du gazon afin d\u2019\u00e9liminer tout contaminant de ces jonctions. Lors des matchs, il arrive que le d\u00e9placement des joueurs cause un d\u00e9placement de mat\u00e9riaux dans le gazon. Laisser ces mat\u00e9riaux dans le gazon a pour effet d\u2019\u00e9lever le niveau du terrain.<br \/>\nPour ex\u00e9cuter cette t\u00e2che, il suffit d\u2019un balai \u00e0 poils doux ou d\u2019un r\u00e2teau \u00e0 feuilles en plastique. Afin de ne pas endommager le gazon, il est recommand\u00e9 de proc\u00e9der dans un angle de 45 degr\u00e9s par rapport \u00e0 l\u2019axe du gazon, en rabattant les contaminants vers l\u2019int\u00e9rieur. Si un ourlet commence \u00e0 se former, un tuyau d\u2019arrosage permettra de repousser les mat\u00e9riaux vers l\u2019int\u00e9rieur du terrain.<br \/>\nL\u2019entretien des jonctions gazonn\u00e9es est crucial, car de nombreuses blessures surviennent \u00e0 ces endroits. Le nombre de blessures s\u2019accro\u00eet lorsque plusieurs cat\u00e9gories de joueurs utilisent le terrain. Les jeunes joueurs se retrouvent souvent \u00e0 ces endroits.[\/vc_column_text][vc_separator sep_color=\u00a0\u00bbcolor-193714&Prime; el_width=\u00a0\u00bb732&Prime; el_height=\u00a0\u00bb1px\u00a0\u00bb][vc_column_text]<strong><span style=\"color: #01b418\">\u00c9tape 2<br \/>\n<\/span><\/strong>Ramasser tout d\u00e9bris sur la surface, tels que feuilles, rognures et mottes de gazon, herbes libres, etc.<br \/>\n\u00c0 l\u2019aide d\u2019un r\u00e2teau \u00e0 niveler, niveler les zones des buts manuellement.<br \/>\nIl est bon de ramasser l\u2019exc\u00e9dent des mat\u00e9riaux servant \u00e0 d\u00e9limiter les lignes de jeu : poussi\u00e8res de pierres blanches, craie, etc. Laisser cet exc\u00e9dent sur place risquerait de changer la composition du sol et, avec le temps, d\u2019affecter les bonnes propri\u00e9t\u00e9s du m\u00e9lange \u00e0 terrain.[\/vc_column_text][vc_separator sep_color=\u00a0\u00bbcolor-193714&Prime; el_width=\u00a0\u00bb732&Prime; el_height=\u00a0\u00bb1px\u00a0\u00bb][vc_column_text]<strong><span style=\"color: #01b418\">\u00c9tape 3<br \/>\n<\/span><\/strong>Humecter la surface afin d\u2019\u00e9viter de travailler un sol \u00e0 sec. Sinon, il y a risque d\u2019endommager la machinerie et le sol stabilis\u00e9 lui-m\u00eame. De plus, un sol tr\u00e8s sec, devenu plus friable et poussi\u00e9reux, sera source de d\u00e9sagr\u00e9ment pour le voisinage.<br \/>\n[\/vc_column_text][vc_separator sep_color=\u00a0\u00bbcolor-193714&Prime; el_width=\u00a0\u00bb732&Prime; el_height=\u00a0\u00bb1px\u00a0\u00bb][vc_column_text]<strong><span style=\"color: #01b418\">\u00c9tape 4<\/span><br \/>\n<\/strong>Une fois que le sol stabilis\u00e9 est humide, utiliser un v\u00e9hicule muni de mini \u00ab scarifieurs \u00bb, ou un accessoire scarifieur, par exemple des clous (Nail Drag). \u00c9viter \u00e0 tout prix de p\u00e9n\u00e9trer le sol en profondeur : de \u00bd pouce (1,3 cm) \u00e0 1 pouce (2,5 cm) au maximum. Cette op\u00e9ration permet de briser les petites zones durcies \u00e0 la surface du terrain.<br \/>\n[\/vc_column_text][vc_separator sep_color=\u00a0\u00bbcolor-193714&Prime; el_width=\u00a0\u00bb732&Prime; el_height=\u00a0\u00bb1px\u00a0\u00bb][vc_column_text]<strong><span style=\"color: #01b418\">\u00c9tape 5<br \/>\n<\/span><\/strong>\u00c9pandre de la composante sup\u00e9rieure de sol (Top Dressing) de remplacement une fois le l\u00e9ger scarifiage effectu\u00e9 (si le terrain est d\u00e9j\u00e0 recouvert de ce mat\u00e9riau).[\/vc_column_text][vc_separator sep_color=\u00a0\u00bbcolor-193714&Prime; el_width=\u00a0\u00bb732&Prime; el_height=\u00a0\u00bb1px\u00a0\u00bb][vc_column_text]<strong><span style=\"color: #01b418\">\u00c9tape 6<\/span><br \/>\n<\/strong>Niveler la surface \u00e0 l\u2019aide d\u2019un tapis grillag\u00e9. Il faut \u00e9viter d\u2019accumuler des mat\u00e9riaux avec le tapis grillag\u00e9. Si tel est le cas, il faudra attendre que la surface s\u2019ass\u00e8che sur le dessus afin d\u2019utiliser le tapis grillag\u00e9.<br \/>\nUn tapis de type \u00ab COCO \u00bb (Coco Mat) peut servir \u00e0 rendre la surface lisse. N\u2019en faire usage que lorsque le terrain requiert seulement un l\u00e9ger nivellement. Avant un match par exemple.<br \/>\n[\/vc_column_text][vc_separator sep_color=\u00a0\u00bbcolor-193714&Prime; el_width=\u00a0\u00bb732&Prime; el_height=\u00a0\u00bb1px\u00a0\u00bb][vc_column_text]<strong><span style=\"color: #01b418\">\u00c9tape 7<\/span><br \/>\n<\/strong>Une fois la surface bien nivel\u00e9e, l\u2019arroser de fa\u00e7on uniforme afin de la maintenir humide.<br \/>\n[\/vc_column_text][vc_separator sep_color=\u00a0\u00bbcolor-193714&Prime; el_width=\u00a0\u00bb732&Prime; el_height=\u00a0\u00bb1px\u00a0\u00bb][\/vc_column][\/vc_row][vc_row row_height_percent=\u00a0\u00bb0&Prime; override_padding=\u00a0\u00bbyes\u00a0\u00bb h_padding=\u00a0\u00bb2&Prime; top_padding=\u00a0\u00bb2&Prime; bottom_padding=\u00a0\u00bb2&Prime; overlay_alpha=\u00a0\u00bb50&Prime; gutter_size=\u00a0\u00bb3&Prime; shift_y=\u00a0\u00bb0&Prime;][vc_column column_width_use_pixel=\u00a0\u00bbyes\u00a0\u00bb overlay_alpha=\u00a0\u00bb100&Prime; gutter_size=\u00a0\u00bb3&Prime; medium_width=\u00a0\u00bb0&Prime; shift_x=\u00a0\u00bb0&Prime; shift_y=\u00a0\u00bb0&Prime; z_index=\u00a0\u00bb0&Prime; width=\u00a0\u00bb1\/1&Prime; column_width_pixel=\u00a0\u00bb800&Prime;][vc_column_text border_color=\u00a0\u00bbcolor-193714&Prime; border_style=\u00a0\u00bbsolid\u00a0\u00bb css=\u00a0\u00bb.vc_custom_1494606950934{border-top-width: 10px !important;border-right-width: 10px !important;border-bottom-width: 10px !important;border-left-width: 10px !important;padding-top: 10px !important;padding-right: 10px !important;padding-bottom: 10px !important;padding-left: 10px !important;}\u00a0\u00bb]<\/p>\n<h3><span style=\"color: #01b418\">Qu\u2019il s\u2019agisse du scarifiage du terrain, du nivellement avec le tapis grillag\u00e9 ou tout simplement du passage avec le tapis COCO, il ne faut jamais oublier de varier les parcours d\u2019entretien.<\/span><\/h3>\n<h3><span style=\"color: #01b418\">Il ne faut jamais oublier non plus de laisser une bande de protection de 12 pouces (30 cm) le long de la jonction gazonn\u00e9e et le long des cl\u00f4tures. Ces bandes de protection devront \u00eatre entretenues manuellement. En \u00e9vitant de passer trop pr\u00e8s de la jonction gazonn\u00e9e et des cl\u00f4tures, on \u00e9vite l\u2019accumulation de mat\u00e9riaux \u00e0 ces endroits.<\/span><\/h3>\n<p>[\/vc_column_text][\/vc_column][\/vc_row][vc_row row_height_percent=\u00a0\u00bb0&Prime; override_padding=\u00a0\u00bbyes\u00a0\u00bb h_padding=\u00a0\u00bb2&Prime; top_padding=\u00a0\u00bb0&Prime; bottom_padding=\u00a0\u00bb2&Prime; overlay_alpha=\u00a0\u00bb50&Prime; gutter_size=\u00a0\u00bb3&Prime; shift_y=\u00a0\u00bb0&Prime;][vc_column column_width_use_pixel=\u00a0\u00bbyes\u00a0\u00bb overlay_alpha=\u00a0\u00bb50&Prime; gutter_size=\u00a0\u00bb2&Prime; medium_width=\u00a0\u00bb0&Prime; shift_x=\u00a0\u00bb0&Prime; shift_y=\u00a0\u00bb0&Prime; z_index=\u00a0\u00bb0&Prime; width=\u00a0\u00bb1\/1&Prime; column_width_pixel=\u00a0\u00bb800&Prime;][vc_separator sep_color=\u00a0\u00bbaccent\u00a0\u00bb el_width=\u00a0\u00bb75px\u00a0\u00bb el_height=\u00a0\u00bb2px\u00a0\u00bb][vc_empty_space empty_h=\u00a0\u00bb1&Prime;][vc_single_image media=\u00a0\u00bb623&Prime; media_width_percent=\u00a0\u00bb100&Prime;][\/vc_column][\/vc_row][vc_row row_height_percent=\u00a0\u00bb0&Prime; override_padding=\u00a0\u00bbyes\u00a0\u00bb h_padding=\u00a0\u00bb2&Prime; top_padding=\u00a0\u00bb2&Prime; bottom_padding=\u00a0\u00bb2&Prime; overlay_alpha=\u00a0\u00bb50&Prime; gutter_size=\u00a0\u00bb3&Prime; shift_y=\u00a0\u00bb0&Prime;][vc_column column_width_use_pixel=\u00a0\u00bbyes\u00a0\u00bb overlay_alpha=\u00a0\u00bb50&Prime; gutter_size=\u00a0\u00bb2&Prime; medium_width=\u00a0\u00bb0&Prime; shift_x=\u00a0\u00bb0&Prime; shift_y=\u00a0\u00bb0&Prime; z_index=\u00a0\u00bb0&Prime; width=\u00a0\u00bb1\/1&Prime; column_width_pixel=\u00a0\u00bb800&Prime;][vc_button button_color=\u00a0\u00bbaccent\u00a0\u00bb size=\u00a0\u00bbbtn-lg\u00a0\u00bb radius=\u00a0\u00bbbtn-circle\u00a0\u00bb icon_position=\u00a0\u00bbright\u00a0\u00bb link=\u00a0\u00bburl:http%3A%2F%2Fwww.guides-sports-loisirs.ca%2Fwp-content%2Fuploads%2F2017%2F03%2FGIS_EntretienDesSurfaces_EntretienChampInterieur-1.pdf||target:%20_blank|\u00a0\u00bb icon=\u00a0\u00bbfa fa-file-o\u00a0\u00bb]Version PDF[\/vc_button][\/vc_column][\/vc_row]<\/p>\n<\/div>","protected":false},"excerpt":{"rendered":"<p>[vc_row row_height_percent=\u00a0\u00bb0&Prime; override_padding=\u00a0\u00bbyes\u00a0\u00bb h_padding=\u00a0\u00bb2&Prime; top_padding=\u00a0\u00bb3&Prime; bottom_padding=\u00a0\u00bb2&Prime; overlay_alpha=\u00a0\u00bb50&Prime; gutter_size=\u00a0\u00bb3&Prime; shift_y=\u00a0\u00bb0&Prime;][vc_column column_width_use_pixel=\u00a0\u00bbyes\u00a0\u00bb overlay_alpha=\u00a0\u00bb50&Prime; gutter_size=\u00a0\u00bb3&Prime; medium_width=\u00a0\u00bb0&Prime; shift_x=\u00a0\u00bb0&Prime; shift_y=\u00a0\u00bb0&Prime; z_index=\u00a0\u00bb0&Prime; width=\u00a0\u00bb1\/1&Prime; column_width_pixel=\u00a0\u00bb800&Prime;][vc_custom_heading]Voici les \u00e9tapes [&hellip;]<\/p>\n","protected":false},"author":11,"featured_media":0,"parent":205,"menu_order":0,"comment_status":"closed","ping_status":"closed","template":"","meta":{"_acf_changed":false,"footnotes":""},"class_list":["post-680","page","type-page","status-publish","hentry"],"acf":[],"yoast_head":"<!-- This site is optimized with the Yoast SEO plugin v27.4 - https:\/\/yoast.com\/product\/yoast-seo-wordpress\/ -->\n<title>Routine d&#039;entretien du champ int\u00e9rieur - Terrains de balle<\/title>\n<meta name=\"robots\" content=\"index, follow, max-snippet:-1, max-image-preview:large, max-video-preview:-1\" \/>\n<link rel=\"canonical\" href=\"https:\/\/www.guides-sports-loisirs.ca\/terrains-de-balle\/entretien-surfaces\/routine-entretien-champ-interieur-2\/\" \/>\n<meta property=\"og:locale\" content=\"fr_FR\" \/>\n<meta property=\"og:type\" content=\"article\" \/>\n<meta property=\"og:title\" content=\"Routine d&#039;entretien du champ int\u00e9rieur - Terrains de balle\" \/>\n<meta property=\"og:description\" content=\"[vc_row row_height_percent=\u00a0\u00bb0&Prime; override_padding=\u00a0\u00bbyes\u00a0\u00bb h_padding=\u00a0\u00bb2&Prime; top_padding=\u00a0\u00bb3&Prime; bottom_padding=\u00a0\u00bb2&Prime; overlay_alpha=\u00a0\u00bb50&Prime; gutter_size=\u00a0\u00bb3&Prime; shift_y=\u00a0\u00bb0&Prime;][vc_column column_width_use_pixel=\u00a0\u00bbyes\u00a0\u00bb overlay_alpha=\u00a0\u00bb50&Prime; gutter_size=\u00a0\u00bb3&Prime; medium_width=\u00a0\u00bb0&Prime; shift_x=\u00a0\u00bb0&Prime; shift_y=\u00a0\u00bb0&Prime; z_index=\u00a0\u00bb0&Prime; width=\u00a0\u00bb1\/1&Prime; column_width_pixel=\u00a0\u00bb800&Prime;][vc_custom_heading]Voici les \u00e9tapes [&hellip;]\" \/>\n<meta property=\"og:url\" content=\"https:\/\/www.guides-sports-loisirs.ca\/terrains-de-balle\/entretien-surfaces\/routine-entretien-champ-interieur-2\/\" \/>\n<meta property=\"og:site_name\" content=\"Terrains de balle\" \/>\n<meta name=\"twitter:card\" content=\"summary_large_image\" \/>\n<meta name=\"twitter:label1\" content=\"Dur\u00e9e de lecture estim\u00e9e\" \/>\n\t<meta name=\"twitter:data1\" content=\"5 minutes\" \/>\n<script type=\"application\/ld+json\" class=\"yoast-schema-graph\">{\"@context\":\"https:\\\/\\\/schema.org\",\"@graph\":[{\"@type\":\"WebPage\",\"@id\":\"https:\\\/\\\/www.guides-sports-loisirs.ca\\\/terrains-de-balle\\\/entretien-surfaces\\\/routine-entretien-champ-interieur-2\\\/\",\"url\":\"https:\\\/\\\/www.guides-sports-loisirs.ca\\\/terrains-de-balle\\\/entretien-surfaces\\\/routine-entretien-champ-interieur-2\\\/\",\"name\":\"Routine d&#039;entretien du champ int\u00e9rieur - Terrains de balle\",\"isPartOf\":{\"@id\":\"https:\\\/\\\/www.guides-sports-loisirs.ca\\\/terrains-de-balle\\\/#website\"},\"datePublished\":\"2017-05-08T19:13:22+00:00\",\"breadcrumb\":{\"@id\":\"https:\\\/\\\/www.guides-sports-loisirs.ca\\\/terrains-de-balle\\\/entretien-surfaces\\\/routine-entretien-champ-interieur-2\\\/#breadcrumb\"},\"inLanguage\":\"fr-FR\",\"potentialAction\":[{\"@type\":\"ReadAction\",\"target\":[\"https:\\\/\\\/www.guides-sports-loisirs.ca\\\/terrains-de-balle\\\/entretien-surfaces\\\/routine-entretien-champ-interieur-2\\\/\"]}]},{\"@type\":\"BreadcrumbList\",\"@id\":\"https:\\\/\\\/www.guides-sports-loisirs.ca\\\/terrains-de-balle\\\/entretien-surfaces\\\/routine-entretien-champ-interieur-2\\\/#breadcrumb\",\"itemListElement\":[{\"@type\":\"ListItem\",\"position\":1,\"name\":\"Accueil\",\"item\":\"https:\\\/\\\/www.guides-sports-loisirs.ca\\\/terrains-de-balle\\\/\"},{\"@type\":\"ListItem\",\"position\":2,\"name\":\"Entretien des surfaces\",\"item\":\"https:\\\/\\\/www.guides-sports-loisirs.ca\\\/terrains-de-balle\\\/entretien-surfaces\\\/\"},{\"@type\":\"ListItem\",\"position\":3,\"name\":\"Routine d&#039;entretien du champ int\u00e9rieur\"}]},{\"@type\":\"WebSite\",\"@id\":\"https:\\\/\\\/www.guides-sports-loisirs.ca\\\/terrains-de-balle\\\/#website\",\"url\":\"https:\\\/\\\/www.guides-sports-loisirs.ca\\\/terrains-de-balle\\\/\",\"name\":\"Terrains de balle\",\"description\":\"\",\"potentialAction\":[{\"@type\":\"SearchAction\",\"target\":{\"@type\":\"EntryPoint\",\"urlTemplate\":\"https:\\\/\\\/www.guides-sports-loisirs.ca\\\/terrains-de-balle\\\/?s={search_term_string}\"},\"query-input\":{\"@type\":\"PropertyValueSpecification\",\"valueRequired\":true,\"valueName\":\"search_term_string\"}}],\"inLanguage\":\"fr-FR\"}]}<\/script>\n<!-- \/ Yoast SEO plugin. -->","yoast_head_json":{"title":"Routine d&#039;entretien du champ int\u00e9rieur - Terrains de balle","robots":{"index":"index","follow":"follow","max-snippet":"max-snippet:-1","max-image-preview":"max-image-preview:large","max-video-preview":"max-video-preview:-1"},"canonical":"https:\/\/www.guides-sports-loisirs.ca\/terrains-de-balle\/entretien-surfaces\/routine-entretien-champ-interieur-2\/","og_locale":"fr_FR","og_type":"article","og_title":"Routine d&#039;entretien du champ int\u00e9rieur - Terrains de balle","og_description":"[vc_row row_height_percent=\u00a0\u00bb0&Prime; override_padding=\u00a0\u00bbyes\u00a0\u00bb h_padding=\u00a0\u00bb2&Prime; top_padding=\u00a0\u00bb3&Prime; bottom_padding=\u00a0\u00bb2&Prime; overlay_alpha=\u00a0\u00bb50&Prime; gutter_size=\u00a0\u00bb3&Prime; shift_y=\u00a0\u00bb0&Prime;][vc_column column_width_use_pixel=\u00a0\u00bbyes\u00a0\u00bb overlay_alpha=\u00a0\u00bb50&Prime; gutter_size=\u00a0\u00bb3&Prime; medium_width=\u00a0\u00bb0&Prime; shift_x=\u00a0\u00bb0&Prime; shift_y=\u00a0\u00bb0&Prime; z_index=\u00a0\u00bb0&Prime; width=\u00a0\u00bb1\/1&Prime; column_width_pixel=\u00a0\u00bb800&Prime;][vc_custom_heading]Voici les \u00e9tapes [&hellip;]","og_url":"https:\/\/www.guides-sports-loisirs.ca\/terrains-de-balle\/entretien-surfaces\/routine-entretien-champ-interieur-2\/","og_site_name":"Terrains de balle","twitter_card":"summary_large_image","twitter_misc":{"Dur\u00e9e de lecture estim\u00e9e":"5 minutes"},"schema":{"@context":"https:\/\/schema.org","@graph":[{"@type":"WebPage","@id":"https:\/\/www.guides-sports-loisirs.ca\/terrains-de-balle\/entretien-surfaces\/routine-entretien-champ-interieur-2\/","url":"https:\/\/www.guides-sports-loisirs.ca\/terrains-de-balle\/entretien-surfaces\/routine-entretien-champ-interieur-2\/","name":"Routine d&#039;entretien du champ int\u00e9rieur - Terrains de balle","isPartOf":{"@id":"https:\/\/www.guides-sports-loisirs.ca\/terrains-de-balle\/#website"},"datePublished":"2017-05-08T19:13:22+00:00","breadcrumb":{"@id":"https:\/\/www.guides-sports-loisirs.ca\/terrains-de-balle\/entretien-surfaces\/routine-entretien-champ-interieur-2\/#breadcrumb"},"inLanguage":"fr-FR","potentialAction":[{"@type":"ReadAction","target":["https:\/\/www.guides-sports-loisirs.ca\/terrains-de-balle\/entretien-surfaces\/routine-entretien-champ-interieur-2\/"]}]},{"@type":"BreadcrumbList","@id":"https:\/\/www.guides-sports-loisirs.ca\/terrains-de-balle\/entretien-surfaces\/routine-entretien-champ-interieur-2\/#breadcrumb","itemListElement":[{"@type":"ListItem","position":1,"name":"Accueil","item":"https:\/\/www.guides-sports-loisirs.ca\/terrains-de-balle\/"},{"@type":"ListItem","position":2,"name":"Entretien des surfaces","item":"https:\/\/www.guides-sports-loisirs.ca\/terrains-de-balle\/entretien-surfaces\/"},{"@type":"ListItem","position":3,"name":"Routine d&#039;entretien du champ int\u00e9rieur"}]},{"@type":"WebSite","@id":"https:\/\/www.guides-sports-loisirs.ca\/terrains-de-balle\/#website","url":"https:\/\/www.guides-sports-loisirs.ca\/terrains-de-balle\/","name":"Terrains de balle","description":"","potentialAction":[{"@type":"SearchAction","target":{"@type":"EntryPoint","urlTemplate":"https:\/\/www.guides-sports-loisirs.ca\/terrains-de-balle\/?s={search_term_string}"},"query-input":{"@type":"PropertyValueSpecification","valueRequired":true,"valueName":"search_term_string"}}],"inLanguage":"fr-FR"}]}},"_links":{"self":[{"href":"https:\/\/www.guides-sports-loisirs.ca\/terrains-de-balle\/wp-json\/wp\/v2\/pages\/680","targetHints":{"allow":["GET"]}}],"collection":[{"href":"https:\/\/www.guides-sports-loisirs.ca\/terrains-de-balle\/wp-json\/wp\/v2\/pages"}],"about":[{"href":"https:\/\/www.guides-sports-loisirs.ca\/terrains-de-balle\/wp-json\/wp\/v2\/types\/page"}],"author":[{"embeddable":true,"href":"https:\/\/www.guides-sports-loisirs.ca\/terrains-de-balle\/wp-json\/wp\/v2\/users\/11"}],"replies":[{"embeddable":true,"href":"https:\/\/www.guides-sports-loisirs.ca\/terrains-de-balle\/wp-json\/wp\/v2\/comments?post=680"}],"version-history":[{"count":0,"href":"https:\/\/www.guides-sports-loisirs.ca\/terrains-de-balle\/wp-json\/wp\/v2\/pages\/680\/revisions"}],"up":[{"embeddable":true,"href":"https:\/\/www.guides-sports-loisirs.ca\/terrains-de-balle\/wp-json\/wp\/v2\/pages\/205"}],"wp:attachment":[{"href":"https:\/\/www.guides-sports-loisirs.ca\/terrains-de-balle\/wp-json\/wp\/v2\/media?parent=680"}],"curies":[{"name":"wp","href":"https:\/\/api.w.org\/{rel}","templated":true}]}}