{"id":400,"date":"2017-05-12T12:06:17","date_gmt":"2017-05-12T16:06:17","guid":{"rendered":"https:\/\/www.guides-sports-loisirs.ca\/terrains-de-balle\/?page_id=400"},"modified":"2018-07-13T16:40:36","modified_gmt":"2018-07-13T20:40:36","slug":"tracage-lignes-de-jeu","status":"publish","type":"page","link":"https:\/\/www.guides-sports-loisirs.ca\/terrains-de-balle\/entretien-surfaces\/tracage-lignes-de-jeu\/","title":{"rendered":"Tra\u00e7age des lignes de jeu"},"content":{"rendered":"<div class=\"wpb-content-wrapper\"><p>[vc_row row_height_percent=\u00a0\u00bb0&Prime; override_padding=\u00a0\u00bbyes\u00a0\u00bb h_padding=\u00a0\u00bb2&Prime; top_padding=\u00a0\u00bb3&Prime; bottom_padding=\u00a0\u00bb2&Prime; overlay_alpha=\u00a0\u00bb50&Prime; gutter_size=\u00a0\u00bb3&Prime; shift_y=\u00a0\u00bb0&Prime;][vc_column column_width_use_pixel=\u00a0\u00bbyes\u00a0\u00bb overlay_alpha=\u00a0\u00bb50&Prime; gutter_size=\u00a0\u00bb3&Prime; medium_width=\u00a0\u00bb0&Prime; shift_x=\u00a0\u00bb0&Prime; shift_y=\u00a0\u00bb0&Prime; z_index=\u00a0\u00bb0&Prime; width=\u00a0\u00bb1\/1&Prime; column_width_pixel=\u00a0\u00bb800&Prime;][vc_single_image media=\u00a0\u00bb401&Prime; media_width_percent=\u00a0\u00bb100&Prime;][vc_column_text]Les lignes de jeu guident l\u2019arbitre au moment de prendre des d\u00e9cisions. Elles doivent donc \u00eatre trac\u00e9es avec minutie et \u00eatre bien visibles.<\/p>\n<p>Les lignes de jeu sur la surface gazonn\u00e9e (champ ext\u00e9rieur) seront trac\u00e9es une fois par semaine, tandis que les lignes de jeu du champ int\u00e9rieur le seront pour chaque match.<\/p>\n<p>Point tr\u00e8s important, les lignes de jeu constituent une source de contamination pour le sol stabilis\u00e9. La pr\u00e9sence de poussi\u00e8re de pierre blanche ou de craie change la granulom\u00e9trie du terrain. Le choix du mat\u00e9riau pour tracer les lignes aura ainsi des cons\u00e9quences sur la performance du sol stabilis\u00e9.<\/p>\n<p>Il est souhaitable de supprimer les lignes de jeu apr\u00e8s chaque match. On assure ainsi la long\u00e9vit\u00e9 de la surface de jeu. Cette op\u00e9ration demande cependant de la main-d\u2019\u0153uvre et un bon suivi des activit\u00e9s qui se d\u00e9roulent sur le terrain.<\/p>\n<p>Si cette pratique n\u2019est pas envisageable (manque de personnel, disponibilit\u00e9 insuffisante, budget restreint), il est sage de r\u00e9duire le nombre de lignes et leur largeur. Il faudra toutefois pr\u00e9venir les usagers de ce choix et leur expliquer pourquoi on doit proc\u00e9der ainsi.<\/p>\n<p>Voici quelques exemples de zones o\u00f9 l\u2019on pourrait se dispenser de tracer des lignes :<\/p>\n<ul>\n<li>Bo\u00eete des entra\u00eeneurs<\/li>\n<li>Corridor de course<\/li>\n<li>Cercles des frappeurs<\/li>\n<li>Bo\u00eetes des frappeurs<\/li>\n<\/ul>\n<p>Le marquage de ces zones est peut-\u00eatre important pour le jeu, mais il n\u2019est pas essentiel pour les matchs de tous les jours et pour la pratique r\u00e9cr\u00e9ative. Le marquage complet du terrain reste cependant indiqu\u00e9 pour les matchs importants comme les matchs de championnat, les matchs de s\u00e9rie \u00e9liminatoire et les matchs de cat\u00e9gorie \u00e9lite.<\/p>\n<p>Pour tracer des lignes facilement et rapidement, il est sugg\u00e9r\u00e9 d\u2019utiliser une corde inextensible avec bagues. Consultez la fiche \u00ab <a href=\"https:\/\/www.guides-sports-loisirs.ca\/terrains-de-balle\/dimensions\/tableaux-distances\/\"><strong>Dimensions \/ Tableaux des distances<\/strong><\/a> \u00bb pour connaitre les distances pour apposer les bagues aux bons endroits.[\/vc_column_text][\/vc_column][\/vc_row][vc_row row_height_percent=\u00a0\u00bb0&Prime; override_padding=\u00a0\u00bbyes\u00a0\u00bb h_padding=\u00a0\u00bb2&Prime; top_padding=\u00a0\u00bb0&Prime; bottom_padding=\u00a0\u00bb2&Prime; overlay_alpha=\u00a0\u00bb50&Prime; gutter_size=\u00a0\u00bb3&Prime; shift_y=\u00a0\u00bb0&Prime;][vc_column column_width_use_pixel=\u00a0\u00bbyes\u00a0\u00bb overlay_alpha=\u00a0\u00bb50&Prime; gutter_size=\u00a0\u00bb2&Prime; medium_width=\u00a0\u00bb0&Prime; shift_x=\u00a0\u00bb0&Prime; shift_y=\u00a0\u00bb0&Prime; z_index=\u00a0\u00bb0&Prime; width=\u00a0\u00bb1\/1&Prime; column_width_pixel=\u00a0\u00bb800&Prime;][vc_separator sep_color=\u00a0\u00bbaccent\u00a0\u00bb el_width=\u00a0\u00bb75px\u00a0\u00bb el_height=\u00a0\u00bb2px\u00a0\u00bb][vc_empty_space empty_h=\u00a0\u00bb1&Prime;][vc_single_image media=\u00a0\u00bb630&Prime; media_width_percent=\u00a0\u00bb100&Prime;][\/vc_column][\/vc_row][vc_row row_height_percent=\u00a0\u00bb0&Prime; override_padding=\u00a0\u00bbyes\u00a0\u00bb h_padding=\u00a0\u00bb2&Prime; top_padding=\u00a0\u00bb2&Prime; bottom_padding=\u00a0\u00bb2&Prime; overlay_alpha=\u00a0\u00bb50&Prime; gutter_size=\u00a0\u00bb3&Prime; shift_y=\u00a0\u00bb0&Prime;][vc_column column_width_use_pixel=\u00a0\u00bbyes\u00a0\u00bb overlay_alpha=\u00a0\u00bb50&Prime; gutter_size=\u00a0\u00bb2&Prime; medium_width=\u00a0\u00bb0&Prime; shift_x=\u00a0\u00bb0&Prime; shift_y=\u00a0\u00bb0&Prime; z_index=\u00a0\u00bb0&Prime; width=\u00a0\u00bb1\/1&Prime; column_width_pixel=\u00a0\u00bb800&Prime;][vc_button button_color=\u00a0\u00bbaccent\u00a0\u00bb size=\u00a0\u00bbbtn-lg\u00a0\u00bb radius=\u00a0\u00bbbtn-circle\u00a0\u00bb icon_position=\u00a0\u00bbright\u00a0\u00bb link=\u00a0\u00bburl:https%3A%2F%2Fwww.guides-sports-loisirs.ca%2Fterrains-de-balle%2Fwp-content%2Fuploads%2Fsites%2F4%2F2017%2F03%2FGIS_EntretienDesSurfaces_TracageLignesJeu-3.pdf||target:%20_blank|\u00a0\u00bb icon=\u00a0\u00bbfa fa-file-o\u00a0\u00bb]Version PDF[\/vc_button][\/vc_column][\/vc_row]<\/p>\n<\/div>","protected":false},"excerpt":{"rendered":"<p>[vc_row row_height_percent=\u00a0\u00bb0&Prime; override_padding=\u00a0\u00bbyes\u00a0\u00bb h_padding=\u00a0\u00bb2&Prime; top_padding=\u00a0\u00bb3&Prime; bottom_padding=\u00a0\u00bb2&Prime; overlay_alpha=\u00a0\u00bb50&Prime; gutter_size=\u00a0\u00bb3&Prime; shift_y=\u00a0\u00bb0&Prime;][vc_column column_width_use_pixel=\u00a0\u00bbyes\u00a0\u00bb overlay_alpha=\u00a0\u00bb50&Prime; gutter_size=\u00a0\u00bb3&Prime; medium_width=\u00a0\u00bb0&Prime; shift_x=\u00a0\u00bb0&Prime; shift_y=\u00a0\u00bb0&Prime; z_index=\u00a0\u00bb0&Prime; width=\u00a0\u00bb1\/1&Prime; column_width_pixel=\u00a0\u00bb800&Prime;][vc_single_image media=\u00a0\u00bb401&Prime; media_width_percent=\u00a0\u00bb100&Prime;][vc_column_text]Les [&hellip;]<\/p>\n","protected":false},"author":11,"featured_media":0,"parent":205,"menu_order":0,"comment_status":"closed","ping_status":"closed","template":"","meta":{"_acf_changed":false,"footnotes":""},"class_list":["post-400","page","type-page","status-publish","hentry"],"acf":[],"yoast_head":"<!-- This site is optimized with the Yoast SEO plugin v27.4 - https:\/\/yoast.com\/product\/yoast-seo-wordpress\/ -->\n<title>Tra\u00e7age des lignes de jeu - Terrains de balle<\/title>\n<meta name=\"robots\" content=\"index, follow, max-snippet:-1, max-image-preview:large, max-video-preview:-1\" \/>\n<link rel=\"canonical\" href=\"https:\/\/www.guides-sports-loisirs.ca\/terrains-de-balle\/entretien-surfaces\/tracage-lignes-de-jeu\/\" \/>\n<meta property=\"og:locale\" content=\"fr_FR\" \/>\n<meta property=\"og:type\" content=\"article\" \/>\n<meta property=\"og:title\" content=\"Tra\u00e7age des lignes de jeu - Terrains de balle\" \/>\n<meta property=\"og:description\" content=\"[vc_row row_height_percent=\u00a0\u00bb0&Prime; override_padding=\u00a0\u00bbyes\u00a0\u00bb h_padding=\u00a0\u00bb2&Prime; top_padding=\u00a0\u00bb3&Prime; bottom_padding=\u00a0\u00bb2&Prime; overlay_alpha=\u00a0\u00bb50&Prime; gutter_size=\u00a0\u00bb3&Prime; shift_y=\u00a0\u00bb0&Prime;][vc_column column_width_use_pixel=\u00a0\u00bbyes\u00a0\u00bb overlay_alpha=\u00a0\u00bb50&Prime; gutter_size=\u00a0\u00bb3&Prime; medium_width=\u00a0\u00bb0&Prime; shift_x=\u00a0\u00bb0&Prime; shift_y=\u00a0\u00bb0&Prime; z_index=\u00a0\u00bb0&Prime; width=\u00a0\u00bb1\/1&Prime; column_width_pixel=\u00a0\u00bb800&Prime;][vc_single_image media=\u00a0\u00bb401&Prime; media_width_percent=\u00a0\u00bb100&Prime;][vc_column_text]Les [&hellip;]\" \/>\n<meta property=\"og:url\" content=\"https:\/\/www.guides-sports-loisirs.ca\/terrains-de-balle\/entretien-surfaces\/tracage-lignes-de-jeu\/\" \/>\n<meta property=\"og:site_name\" content=\"Terrains de balle\" \/>\n<meta property=\"article:modified_time\" content=\"2018-07-13T20:40:36+00:00\" \/>\n<meta name=\"twitter:card\" content=\"summary_large_image\" \/>\n<meta name=\"twitter:label1\" content=\"Dur\u00e9e de lecture estim\u00e9e\" \/>\n\t<meta name=\"twitter:data1\" content=\"3 minutes\" \/>\n<script type=\"application\/ld+json\" class=\"yoast-schema-graph\">{\"@context\":\"https:\\\/\\\/schema.org\",\"@graph\":[{\"@type\":\"WebPage\",\"@id\":\"https:\\\/\\\/www.guides-sports-loisirs.ca\\\/terrains-de-balle\\\/entretien-surfaces\\\/tracage-lignes-de-jeu\\\/\",\"url\":\"https:\\\/\\\/www.guides-sports-loisirs.ca\\\/terrains-de-balle\\\/entretien-surfaces\\\/tracage-lignes-de-jeu\\\/\",\"name\":\"Tra\u00e7age des lignes de jeu - Terrains de balle\",\"isPartOf\":{\"@id\":\"https:\\\/\\\/www.guides-sports-loisirs.ca\\\/terrains-de-balle\\\/#website\"},\"datePublished\":\"2017-05-12T16:06:17+00:00\",\"dateModified\":\"2018-07-13T20:40:36+00:00\",\"breadcrumb\":{\"@id\":\"https:\\\/\\\/www.guides-sports-loisirs.ca\\\/terrains-de-balle\\\/entretien-surfaces\\\/tracage-lignes-de-jeu\\\/#breadcrumb\"},\"inLanguage\":\"fr-FR\",\"potentialAction\":[{\"@type\":\"ReadAction\",\"target\":[\"https:\\\/\\\/www.guides-sports-loisirs.ca\\\/terrains-de-balle\\\/entretien-surfaces\\\/tracage-lignes-de-jeu\\\/\"]}]},{\"@type\":\"BreadcrumbList\",\"@id\":\"https:\\\/\\\/www.guides-sports-loisirs.ca\\\/terrains-de-balle\\\/entretien-surfaces\\\/tracage-lignes-de-jeu\\\/#breadcrumb\",\"itemListElement\":[{\"@type\":\"ListItem\",\"position\":1,\"name\":\"Accueil\",\"item\":\"https:\\\/\\\/www.guides-sports-loisirs.ca\\\/terrains-de-balle\\\/\"},{\"@type\":\"ListItem\",\"position\":2,\"name\":\"Entretien des surfaces\",\"item\":\"https:\\\/\\\/www.guides-sports-loisirs.ca\\\/terrains-de-balle\\\/entretien-surfaces\\\/\"},{\"@type\":\"ListItem\",\"position\":3,\"name\":\"Tra\u00e7age des lignes de jeu\"}]},{\"@type\":\"WebSite\",\"@id\":\"https:\\\/\\\/www.guides-sports-loisirs.ca\\\/terrains-de-balle\\\/#website\",\"url\":\"https:\\\/\\\/www.guides-sports-loisirs.ca\\\/terrains-de-balle\\\/\",\"name\":\"Terrains de balle\",\"description\":\"\",\"potentialAction\":[{\"@type\":\"SearchAction\",\"target\":{\"@type\":\"EntryPoint\",\"urlTemplate\":\"https:\\\/\\\/www.guides-sports-loisirs.ca\\\/terrains-de-balle\\\/?s={search_term_string}\"},\"query-input\":{\"@type\":\"PropertyValueSpecification\",\"valueRequired\":true,\"valueName\":\"search_term_string\"}}],\"inLanguage\":\"fr-FR\"}]}<\/script>\n<!-- \/ Yoast SEO plugin. -->","yoast_head_json":{"title":"Tra\u00e7age des lignes de jeu - Terrains de balle","robots":{"index":"index","follow":"follow","max-snippet":"max-snippet:-1","max-image-preview":"max-image-preview:large","max-video-preview":"max-video-preview:-1"},"canonical":"https:\/\/www.guides-sports-loisirs.ca\/terrains-de-balle\/entretien-surfaces\/tracage-lignes-de-jeu\/","og_locale":"fr_FR","og_type":"article","og_title":"Tra\u00e7age des lignes de jeu - Terrains de balle","og_description":"[vc_row row_height_percent=\u00a0\u00bb0&Prime; override_padding=\u00a0\u00bbyes\u00a0\u00bb h_padding=\u00a0\u00bb2&Prime; top_padding=\u00a0\u00bb3&Prime; bottom_padding=\u00a0\u00bb2&Prime; overlay_alpha=\u00a0\u00bb50&Prime; gutter_size=\u00a0\u00bb3&Prime; shift_y=\u00a0\u00bb0&Prime;][vc_column column_width_use_pixel=\u00a0\u00bbyes\u00a0\u00bb overlay_alpha=\u00a0\u00bb50&Prime; gutter_size=\u00a0\u00bb3&Prime; medium_width=\u00a0\u00bb0&Prime; shift_x=\u00a0\u00bb0&Prime; shift_y=\u00a0\u00bb0&Prime; z_index=\u00a0\u00bb0&Prime; width=\u00a0\u00bb1\/1&Prime; column_width_pixel=\u00a0\u00bb800&Prime;][vc_single_image media=\u00a0\u00bb401&Prime; media_width_percent=\u00a0\u00bb100&Prime;][vc_column_text]Les [&hellip;]","og_url":"https:\/\/www.guides-sports-loisirs.ca\/terrains-de-balle\/entretien-surfaces\/tracage-lignes-de-jeu\/","og_site_name":"Terrains de balle","article_modified_time":"2018-07-13T20:40:36+00:00","twitter_card":"summary_large_image","twitter_misc":{"Dur\u00e9e de lecture estim\u00e9e":"3 minutes"},"schema":{"@context":"https:\/\/schema.org","@graph":[{"@type":"WebPage","@id":"https:\/\/www.guides-sports-loisirs.ca\/terrains-de-balle\/entretien-surfaces\/tracage-lignes-de-jeu\/","url":"https:\/\/www.guides-sports-loisirs.ca\/terrains-de-balle\/entretien-surfaces\/tracage-lignes-de-jeu\/","name":"Tra\u00e7age des lignes de jeu - Terrains de balle","isPartOf":{"@id":"https:\/\/www.guides-sports-loisirs.ca\/terrains-de-balle\/#website"},"datePublished":"2017-05-12T16:06:17+00:00","dateModified":"2018-07-13T20:40:36+00:00","breadcrumb":{"@id":"https:\/\/www.guides-sports-loisirs.ca\/terrains-de-balle\/entretien-surfaces\/tracage-lignes-de-jeu\/#breadcrumb"},"inLanguage":"fr-FR","potentialAction":[{"@type":"ReadAction","target":["https:\/\/www.guides-sports-loisirs.ca\/terrains-de-balle\/entretien-surfaces\/tracage-lignes-de-jeu\/"]}]},{"@type":"BreadcrumbList","@id":"https:\/\/www.guides-sports-loisirs.ca\/terrains-de-balle\/entretien-surfaces\/tracage-lignes-de-jeu\/#breadcrumb","itemListElement":[{"@type":"ListItem","position":1,"name":"Accueil","item":"https:\/\/www.guides-sports-loisirs.ca\/terrains-de-balle\/"},{"@type":"ListItem","position":2,"name":"Entretien des surfaces","item":"https:\/\/www.guides-sports-loisirs.ca\/terrains-de-balle\/entretien-surfaces\/"},{"@type":"ListItem","position":3,"name":"Tra\u00e7age des lignes de jeu"}]},{"@type":"WebSite","@id":"https:\/\/www.guides-sports-loisirs.ca\/terrains-de-balle\/#website","url":"https:\/\/www.guides-sports-loisirs.ca\/terrains-de-balle\/","name":"Terrains de balle","description":"","potentialAction":[{"@type":"SearchAction","target":{"@type":"EntryPoint","urlTemplate":"https:\/\/www.guides-sports-loisirs.ca\/terrains-de-balle\/?s={search_term_string}"},"query-input":{"@type":"PropertyValueSpecification","valueRequired":true,"valueName":"search_term_string"}}],"inLanguage":"fr-FR"}]}},"_links":{"self":[{"href":"https:\/\/www.guides-sports-loisirs.ca\/terrains-de-balle\/wp-json\/wp\/v2\/pages\/400","targetHints":{"allow":["GET"]}}],"collection":[{"href":"https:\/\/www.guides-sports-loisirs.ca\/terrains-de-balle\/wp-json\/wp\/v2\/pages"}],"about":[{"href":"https:\/\/www.guides-sports-loisirs.ca\/terrains-de-balle\/wp-json\/wp\/v2\/types\/page"}],"author":[{"embeddable":true,"href":"https:\/\/www.guides-sports-loisirs.ca\/terrains-de-balle\/wp-json\/wp\/v2\/users\/11"}],"replies":[{"embeddable":true,"href":"https:\/\/www.guides-sports-loisirs.ca\/terrains-de-balle\/wp-json\/wp\/v2\/comments?post=400"}],"version-history":[{"count":8,"href":"https:\/\/www.guides-sports-loisirs.ca\/terrains-de-balle\/wp-json\/wp\/v2\/pages\/400\/revisions"}],"predecessor-version":[{"id":767,"href":"https:\/\/www.guides-sports-loisirs.ca\/terrains-de-balle\/wp-json\/wp\/v2\/pages\/400\/revisions\/767"}],"up":[{"embeddable":true,"href":"https:\/\/www.guides-sports-loisirs.ca\/terrains-de-balle\/wp-json\/wp\/v2\/pages\/205"}],"wp:attachment":[{"href":"https:\/\/www.guides-sports-loisirs.ca\/terrains-de-balle\/wp-json\/wp\/v2\/media?parent=400"}],"curies":[{"name":"wp","href":"https:\/\/api.w.org\/{rel}","templated":true}]}}