{"id":386,"date":"2017-05-12T11:16:15","date_gmt":"2017-05-12T15:16:15","guid":{"rendered":"https:\/\/www.guides-sports-loisirs.ca\/terrains-de-balle\/?page_id=386"},"modified":"2017-06-12T09:02:19","modified_gmt":"2017-06-12T13:02:19","slug":"outillage","status":"publish","type":"page","link":"https:\/\/www.guides-sports-loisirs.ca\/terrains-de-balle\/outillage\/","title":{"rendered":"Outillage"},"content":{"rendered":"<div class=\"wpb-content-wrapper\"><p>[vc_row row_height_percent=\u00a0\u00bb0&Prime; override_padding=\u00a0\u00bbyes\u00a0\u00bb h_padding=\u00a0\u00bb2&Prime; top_padding=\u00a0\u00bb3&Prime; bottom_padding=\u00a0\u00bb2&Prime; overlay_alpha=\u00a0\u00bb50&Prime; gutter_size=\u00a0\u00bb3&Prime; shift_y=\u00a0\u00bb0&Prime;][vc_column column_width_use_pixel=\u00a0\u00bbyes\u00a0\u00bb overlay_alpha=\u00a0\u00bb50&Prime; gutter_size=\u00a0\u00bb2&Prime; medium_width=\u00a0\u00bb0&Prime; shift_x=\u00a0\u00bb0&Prime; shift_y=\u00a0\u00bb0&Prime; z_index=\u00a0\u00bb0&Prime; width=\u00a0\u00bb1\/1&Prime; column_width_pixel=\u00a0\u00bb800&Prime;][vc_accordion el_class=\u00a0\u00bbaccordeon\u00a0\u00bb][vc_accordion_tab title=\u00a0\u00bbMachinerie, \u00e9quipements et outils de base\u00a0\u00bb][vc_column_text]<\/p>\n<ul>\n<li>Compacteurs manuels<\/li>\n<li>Niveau \u00e0 bulle de 4 \u00e0 6 pieds (1,22 \u00e0 1,83 m)<\/li>\n<li>R\u00e2teaux \u00e0 jardin, r\u00e2teaux de nivellement, r\u00e2teaux \u00e0 feuilles en plastique (pas de m\u00e9tal)<\/li>\n<li>Pelles carr\u00e9es, pelles pointues, pelles tranches<\/li>\n<li>Corde, longueur minimum de 330 pieds (100 m)<\/li>\n<li>Acc\u00e8s \u00e0 un point d\u2019eau (alimentation pour un tuyau de \u00bd pouce [1,3 cm)<\/li>\n<li>Marteau<\/li>\n<li>Balais<\/li>\n<li>Clous de 12 pouces (30 cm)<\/li>\n<li>Trousse de premiers soins<\/li>\n<li>Ruban \u00e0 mesurer en acier de 82 pieds minimum (25 m)<\/li>\n<li>Ruban \u00e0 mesurer de 328 pieds (100 m)<\/li>\n<li>Petit v\u00e9hicule utilitaire pour faire l\u2019entretien (avec des pneus pneumatiques id\u00e9alement)<\/li>\n<li>Glaise, peinture \u00e0 gazon, poussi\u00e8re de pierre blanche, craie, etc. pour le lignage du terrain<\/li>\n<li>M\u00e9lange \u00e0 terrain<\/li>\n<li>Rouleau \u00e0 gazon<\/li>\n<li>Ligneuse \u00e0 gazon<\/li>\n<li>Ligneuse \u00e0 terrain<\/li>\n<li>Arrosoir \u00e0 jardin<\/li>\n<li>Brouette en acier autoportante (id\u00e9alement \u00e0 deux roues avant)<\/li>\n<li>Taille-bordure<\/li>\n<\/ul>\n<p>[\/vc_column_text][\/vc_accordion_tab][vc_accordion_tab title=\u00a0\u00bb\u00c9quipements et outils compl\u00e9mentaires\u00a0\u00bb][vc_column_text]<\/p>\n<ul>\n<li>Plaque vibrante de petite dimension<\/li>\n<li>Niveau laser rotatif, transit ou tout autre \u00e9quipement permettant d\u2019arpenter le terrain<\/li>\n<li>Rouleau compacteur m\u00e9canique de 3 307 livres (1,5 tonne)<\/li>\n<li>Toiles de protection pour couvrir le monticule et la zone du marbre (obligatoire pour maintenir la glaise humide)<\/li>\n<li>Gabarit pour tracer les bo\u00eetes du frappeur et du receveur<\/li>\n<\/ul>\n<p>[\/vc_column_text][\/vc_accordion_tab][\/vc_accordion][\/vc_column][\/vc_row][vc_row row_height_percent=\u00a0\u00bb0&Prime; override_padding=\u00a0\u00bbyes\u00a0\u00bb h_padding=\u00a0\u00bb2&Prime; top_padding=\u00a0\u00bb2&Prime; bottom_padding=\u00a0\u00bb2&Prime; overlay_alpha=\u00a0\u00bb50&Prime; gutter_size=\u00a0\u00bb3&Prime; shift_y=\u00a0\u00bb0&Prime;][vc_column column_width_use_pixel=\u00a0\u00bbyes\u00a0\u00bb overlay_alpha=\u00a0\u00bb50&Prime; gutter_size=\u00a0\u00bb2&Prime; medium_width=\u00a0\u00bb0&Prime; shift_x=\u00a0\u00bb0&Prime; shift_y=\u00a0\u00bb0&Prime; z_index=\u00a0\u00bb0&Prime; width=\u00a0\u00bb1\/1&Prime; column_width_pixel=\u00a0\u00bb800&Prime;][vc_button button_color=\u00a0\u00bbaccent\u00a0\u00bb size=\u00a0\u00bbbtn-lg\u00a0\u00bb radius=\u00a0\u00bbbtn-circle\u00a0\u00bb icon_position=\u00a0\u00bbright\u00a0\u00bb link=\u00a0\u00bburl:http%3A%2F%2Fwww.guides-sports-loisirs.ca%2Fwp-content%2Fuploads%2F2017%2F03%2FGIS_Outillage-1.pdf||target:%20_blank|\u00a0\u00bb icon=\u00a0\u00bbfa fa-file-o\u00a0\u00bb]Version PDF[\/vc_button][\/vc_column][\/vc_row]<\/p>\n<\/div>","protected":false},"excerpt":{"rendered":"<p>[vc_row row_height_percent=\u00a0\u00bb0&Prime; override_padding=\u00a0\u00bbyes\u00a0\u00bb h_padding=\u00a0\u00bb2&Prime; top_padding=\u00a0\u00bb3&Prime; bottom_padding=\u00a0\u00bb2&Prime; overlay_alpha=\u00a0\u00bb50&Prime; gutter_size=\u00a0\u00bb3&Prime; shift_y=\u00a0\u00bb0&Prime;][vc_column column_width_use_pixel=\u00a0\u00bbyes\u00a0\u00bb overlay_alpha=\u00a0\u00bb50&Prime; gutter_size=\u00a0\u00bb2&Prime; medium_width=\u00a0\u00bb0&Prime; shift_x=\u00a0\u00bb0&Prime; shift_y=\u00a0\u00bb0&Prime; z_index=\u00a0\u00bb0&Prime; width=\u00a0\u00bb1\/1&Prime; column_width_pixel=\u00a0\u00bb800&Prime;][vc_accordion el_class=\u00a0\u00bbaccordeon\u00a0\u00bb][vc_accordion_tab title=\u00a0\u00bbMachinerie, [&hellip;]<\/p>\n","protected":false},"author":11,"featured_media":0,"parent":0,"menu_order":0,"comment_status":"closed","ping_status":"closed","template":"","meta":{"_acf_changed":false,"footnotes":""},"class_list":["post-386","page","type-page","status-publish","hentry"],"acf":[],"yoast_head":"<!-- This site is optimized with the Yoast SEO plugin v27.4 - https:\/\/yoast.com\/product\/yoast-seo-wordpress\/ -->\n<title>Outillage - Terrains de balle<\/title>\n<meta name=\"robots\" content=\"index, follow, max-snippet:-1, max-image-preview:large, max-video-preview:-1\" \/>\n<link rel=\"canonical\" href=\"https:\/\/www.guides-sports-loisirs.ca\/terrains-de-balle\/outillage\/\" \/>\n<meta property=\"og:locale\" content=\"fr_FR\" \/>\n<meta property=\"og:type\" content=\"article\" \/>\n<meta property=\"og:title\" content=\"Outillage - Terrains de balle\" \/>\n<meta property=\"og:description\" content=\"[vc_row row_height_percent=\u00a0\u00bb0&Prime; override_padding=\u00a0\u00bbyes\u00a0\u00bb h_padding=\u00a0\u00bb2&Prime; top_padding=\u00a0\u00bb3&Prime; bottom_padding=\u00a0\u00bb2&Prime; overlay_alpha=\u00a0\u00bb50&Prime; gutter_size=\u00a0\u00bb3&Prime; shift_y=\u00a0\u00bb0&Prime;][vc_column column_width_use_pixel=\u00a0\u00bbyes\u00a0\u00bb overlay_alpha=\u00a0\u00bb50&Prime; gutter_size=\u00a0\u00bb2&Prime; medium_width=\u00a0\u00bb0&Prime; shift_x=\u00a0\u00bb0&Prime; shift_y=\u00a0\u00bb0&Prime; z_index=\u00a0\u00bb0&Prime; width=\u00a0\u00bb1\/1&Prime; column_width_pixel=\u00a0\u00bb800&Prime;][vc_accordion el_class=\u00a0\u00bbaccordeon\u00a0\u00bb][vc_accordion_tab title=\u00a0\u00bbMachinerie, [&hellip;]\" \/>\n<meta property=\"og:url\" content=\"https:\/\/www.guides-sports-loisirs.ca\/terrains-de-balle\/outillage\/\" \/>\n<meta property=\"og:site_name\" content=\"Terrains de balle\" \/>\n<meta property=\"article:modified_time\" content=\"2017-06-12T13:02:19+00:00\" \/>\n<meta name=\"twitter:card\" content=\"summary_large_image\" \/>\n<meta name=\"twitter:label1\" content=\"Dur\u00e9e de lecture estim\u00e9e\" \/>\n\t<meta name=\"twitter:data1\" content=\"2 minutes\" \/>\n<script type=\"application\/ld+json\" class=\"yoast-schema-graph\">{\"@context\":\"https:\\\/\\\/schema.org\",\"@graph\":[{\"@type\":\"WebPage\",\"@id\":\"https:\\\/\\\/www.guides-sports-loisirs.ca\\\/terrains-de-balle\\\/outillage\\\/\",\"url\":\"https:\\\/\\\/www.guides-sports-loisirs.ca\\\/terrains-de-balle\\\/outillage\\\/\",\"name\":\"Outillage - Terrains de balle\",\"isPartOf\":{\"@id\":\"https:\\\/\\\/www.guides-sports-loisirs.ca\\\/terrains-de-balle\\\/#website\"},\"datePublished\":\"2017-05-12T15:16:15+00:00\",\"dateModified\":\"2017-06-12T13:02:19+00:00\",\"breadcrumb\":{\"@id\":\"https:\\\/\\\/www.guides-sports-loisirs.ca\\\/terrains-de-balle\\\/outillage\\\/#breadcrumb\"},\"inLanguage\":\"fr-FR\",\"potentialAction\":[{\"@type\":\"ReadAction\",\"target\":[\"https:\\\/\\\/www.guides-sports-loisirs.ca\\\/terrains-de-balle\\\/outillage\\\/\"]}]},{\"@type\":\"BreadcrumbList\",\"@id\":\"https:\\\/\\\/www.guides-sports-loisirs.ca\\\/terrains-de-balle\\\/outillage\\\/#breadcrumb\",\"itemListElement\":[{\"@type\":\"ListItem\",\"position\":1,\"name\":\"Accueil\",\"item\":\"https:\\\/\\\/www.guides-sports-loisirs.ca\\\/terrains-de-balle\\\/\"},{\"@type\":\"ListItem\",\"position\":2,\"name\":\"Outillage\"}]},{\"@type\":\"WebSite\",\"@id\":\"https:\\\/\\\/www.guides-sports-loisirs.ca\\\/terrains-de-balle\\\/#website\",\"url\":\"https:\\\/\\\/www.guides-sports-loisirs.ca\\\/terrains-de-balle\\\/\",\"name\":\"Terrains de balle\",\"description\":\"\",\"potentialAction\":[{\"@type\":\"SearchAction\",\"target\":{\"@type\":\"EntryPoint\",\"urlTemplate\":\"https:\\\/\\\/www.guides-sports-loisirs.ca\\\/terrains-de-balle\\\/?s={search_term_string}\"},\"query-input\":{\"@type\":\"PropertyValueSpecification\",\"valueRequired\":true,\"valueName\":\"search_term_string\"}}],\"inLanguage\":\"fr-FR\"}]}<\/script>\n<!-- \/ Yoast SEO plugin. -->","yoast_head_json":{"title":"Outillage - Terrains de balle","robots":{"index":"index","follow":"follow","max-snippet":"max-snippet:-1","max-image-preview":"max-image-preview:large","max-video-preview":"max-video-preview:-1"},"canonical":"https:\/\/www.guides-sports-loisirs.ca\/terrains-de-balle\/outillage\/","og_locale":"fr_FR","og_type":"article","og_title":"Outillage - Terrains de balle","og_description":"[vc_row row_height_percent=\u00a0\u00bb0&Prime; override_padding=\u00a0\u00bbyes\u00a0\u00bb h_padding=\u00a0\u00bb2&Prime; top_padding=\u00a0\u00bb3&Prime; bottom_padding=\u00a0\u00bb2&Prime; overlay_alpha=\u00a0\u00bb50&Prime; gutter_size=\u00a0\u00bb3&Prime; shift_y=\u00a0\u00bb0&Prime;][vc_column column_width_use_pixel=\u00a0\u00bbyes\u00a0\u00bb overlay_alpha=\u00a0\u00bb50&Prime; gutter_size=\u00a0\u00bb2&Prime; medium_width=\u00a0\u00bb0&Prime; shift_x=\u00a0\u00bb0&Prime; shift_y=\u00a0\u00bb0&Prime; z_index=\u00a0\u00bb0&Prime; width=\u00a0\u00bb1\/1&Prime; column_width_pixel=\u00a0\u00bb800&Prime;][vc_accordion el_class=\u00a0\u00bbaccordeon\u00a0\u00bb][vc_accordion_tab title=\u00a0\u00bbMachinerie, [&hellip;]","og_url":"https:\/\/www.guides-sports-loisirs.ca\/terrains-de-balle\/outillage\/","og_site_name":"Terrains de balle","article_modified_time":"2017-06-12T13:02:19+00:00","twitter_card":"summary_large_image","twitter_misc":{"Dur\u00e9e de lecture estim\u00e9e":"2 minutes"},"schema":{"@context":"https:\/\/schema.org","@graph":[{"@type":"WebPage","@id":"https:\/\/www.guides-sports-loisirs.ca\/terrains-de-balle\/outillage\/","url":"https:\/\/www.guides-sports-loisirs.ca\/terrains-de-balle\/outillage\/","name":"Outillage - Terrains de balle","isPartOf":{"@id":"https:\/\/www.guides-sports-loisirs.ca\/terrains-de-balle\/#website"},"datePublished":"2017-05-12T15:16:15+00:00","dateModified":"2017-06-12T13:02:19+00:00","breadcrumb":{"@id":"https:\/\/www.guides-sports-loisirs.ca\/terrains-de-balle\/outillage\/#breadcrumb"},"inLanguage":"fr-FR","potentialAction":[{"@type":"ReadAction","target":["https:\/\/www.guides-sports-loisirs.ca\/terrains-de-balle\/outillage\/"]}]},{"@type":"BreadcrumbList","@id":"https:\/\/www.guides-sports-loisirs.ca\/terrains-de-balle\/outillage\/#breadcrumb","itemListElement":[{"@type":"ListItem","position":1,"name":"Accueil","item":"https:\/\/www.guides-sports-loisirs.ca\/terrains-de-balle\/"},{"@type":"ListItem","position":2,"name":"Outillage"}]},{"@type":"WebSite","@id":"https:\/\/www.guides-sports-loisirs.ca\/terrains-de-balle\/#website","url":"https:\/\/www.guides-sports-loisirs.ca\/terrains-de-balle\/","name":"Terrains de balle","description":"","potentialAction":[{"@type":"SearchAction","target":{"@type":"EntryPoint","urlTemplate":"https:\/\/www.guides-sports-loisirs.ca\/terrains-de-balle\/?s={search_term_string}"},"query-input":{"@type":"PropertyValueSpecification","valueRequired":true,"valueName":"search_term_string"}}],"inLanguage":"fr-FR"}]}},"_links":{"self":[{"href":"https:\/\/www.guides-sports-loisirs.ca\/terrains-de-balle\/wp-json\/wp\/v2\/pages\/386","targetHints":{"allow":["GET"]}}],"collection":[{"href":"https:\/\/www.guides-sports-loisirs.ca\/terrains-de-balle\/wp-json\/wp\/v2\/pages"}],"about":[{"href":"https:\/\/www.guides-sports-loisirs.ca\/terrains-de-balle\/wp-json\/wp\/v2\/types\/page"}],"author":[{"embeddable":true,"href":"https:\/\/www.guides-sports-loisirs.ca\/terrains-de-balle\/wp-json\/wp\/v2\/users\/11"}],"replies":[{"embeddable":true,"href":"https:\/\/www.guides-sports-loisirs.ca\/terrains-de-balle\/wp-json\/wp\/v2\/comments?post=386"}],"version-history":[{"count":3,"href":"https:\/\/www.guides-sports-loisirs.ca\/terrains-de-balle\/wp-json\/wp\/v2\/pages\/386\/revisions"}],"predecessor-version":[{"id":595,"href":"https:\/\/www.guides-sports-loisirs.ca\/terrains-de-balle\/wp-json\/wp\/v2\/pages\/386\/revisions\/595"}],"wp:attachment":[{"href":"https:\/\/www.guides-sports-loisirs.ca\/terrains-de-balle\/wp-json\/wp\/v2\/media?parent=386"}],"curies":[{"name":"wp","href":"https:\/\/api.w.org\/{rel}","templated":true}]}}