{"id":374,"date":"2017-05-12T10:42:49","date_gmt":"2017-05-12T14:42:49","guid":{"rendered":"https:\/\/www.guides-sports-loisirs.ca\/terrains-de-balle\/?page_id=374"},"modified":"2018-07-13T16:44:53","modified_gmt":"2018-07-13T20:44:53","slug":"la-zone-du-marbre","status":"publish","type":"page","link":"https:\/\/www.guides-sports-loisirs.ca\/terrains-de-balle\/conception-et-amenagement\/la-zone-du-marbre\/","title":{"rendered":"La zone du marbre"},"content":{"rendered":"<div class=\"wpb-content-wrapper\"><p>[vc_row unlock_row=\u00a0\u00bb\u00a0\u00bb row_height_percent=\u00a0\u00bb0&Prime; override_padding=\u00a0\u00bbyes\u00a0\u00bb h_padding=\u00a0\u00bb2&Prime; top_padding=\u00a0\u00bb3&Prime; bottom_padding=\u00a0\u00bb0&Prime; overlay_alpha=\u00a0\u00bb50&Prime; gutter_size=\u00a0\u00bb3&Prime; shift_y=\u00a0\u00bb0&Prime;][vc_column column_width_use_pixel=\u00a0\u00bbyes\u00a0\u00bb overlay_alpha=\u00a0\u00bb50&Prime; gutter_size=\u00a0\u00bb3&Prime; medium_width=\u00a0\u00bb0&Prime; shift_x=\u00a0\u00bb0&Prime; shift_y=\u00a0\u00bb0&Prime; z_index=\u00a0\u00bb0&Prime; width=\u00a0\u00bb1\/1&Prime; column_width_pixel=\u00a0\u00bb300&Prime;][vc_single_image media=\u00a0\u00bb433&Prime; media_width_percent=\u00a0\u00bb100&Prime;][\/vc_column][\/vc_row][vc_row row_height_percent=\u00a0\u00bb0&Prime; override_padding=\u00a0\u00bbyes\u00a0\u00bb h_padding=\u00a0\u00bb2&Prime; top_padding=\u00a0\u00bb2&Prime; bottom_padding=\u00a0\u00bb2&Prime; overlay_alpha=\u00a0\u00bb50&Prime; gutter_size=\u00a0\u00bb3&Prime; shift_y=\u00a0\u00bb0&Prime;][vc_column column_width_use_pixel=\u00a0\u00bbyes\u00a0\u00bb overlay_alpha=\u00a0\u00bb50&Prime; gutter_size=\u00a0\u00bb3&Prime; medium_width=\u00a0\u00bb0&Prime; shift_x=\u00a0\u00bb0&Prime; shift_y=\u00a0\u00bb0&Prime; z_index=\u00a0\u00bb0&Prime; width=\u00a0\u00bb1\/1&Prime; column_width_pixel=\u00a0\u00bb800&Prime;][vc_column_text]La zone du marbre se partage en trois sections, soit les deux bo\u00eetes du frappeur et la bo\u00eete du receveur.<\/p>\n<p>Afin de rendre cette zone s\u00e9curitaire, il est tr\u00e8s important de l\u2019am\u00e9nager avec un m\u00e9lange pr\u00e9vu \u00e0 cette fin. On trouve sur le march\u00e9 divers types de m\u00e9langes, principalement le m\u00e9lange \u00e0 monticule, le m\u00e9lange sp\u00e9cialement con\u00e7u pour la zone du marbre et de glaise humide en brique. Un m\u00e9lange performant comprend \u00e0 peu pr\u00e8s 50 % de glaise, 10 % de limon et 40 % de sable.<\/p>\n<p>Pour faciliter le travail, nous recommandons des briques de glaise (Baseball clay bricks).[\/vc_column_text][vc_empty_space empty_h=\u00a0\u00bb2&Prime;][\/vc_column][\/vc_row][vc_row unlock_row=\u00a0\u00bb\u00a0\u00bb row_height_percent=\u00a0\u00bb0&Prime; override_padding=\u00a0\u00bbyes\u00a0\u00bb h_padding=\u00a0\u00bb2&Prime; top_padding=\u00a0\u00bb0&Prime; bottom_padding=\u00a0\u00bb0&Prime; overlay_alpha=\u00a0\u00bb50&Prime; gutter_size=\u00a0\u00bb3&Prime; shift_y=\u00a0\u00bb0&Prime;][vc_column column_width_use_pixel=\u00a0\u00bbyes\u00a0\u00bb overlay_alpha=\u00a0\u00bb50&Prime; gutter_size=\u00a0\u00bb3&Prime; medium_width=\u00a0\u00bb0&Prime; shift_x=\u00a0\u00bb0&Prime; shift_y=\u00a0\u00bb0&Prime; z_index=\u00a0\u00bb0&Prime; width=\u00a0\u00bb1\/1&Prime; column_width_pixel=\u00a0\u00bb450&Prime;][vc_single_image media=\u00a0\u00bb376&Prime; media_width_percent=\u00a0\u00bb100&Prime;][\/vc_column][\/vc_row][vc_row row_height_percent=\u00a0\u00bb0&Prime; override_padding=\u00a0\u00bbyes\u00a0\u00bb h_padding=\u00a0\u00bb2&Prime; top_padding=\u00a0\u00bb2&Prime; bottom_padding=\u00a0\u00bb2&Prime; overlay_alpha=\u00a0\u00bb50&Prime; gutter_size=\u00a0\u00bb3&Prime; shift_y=\u00a0\u00bb0&Prime;][vc_column column_width_use_pixel=\u00a0\u00bbyes\u00a0\u00bb overlay_alpha=\u00a0\u00bb50&Prime; gutter_size=\u00a0\u00bb2&Prime; medium_width=\u00a0\u00bb0&Prime; shift_x=\u00a0\u00bb0&Prime; shift_y=\u00a0\u00bb0&Prime; z_index=\u00a0\u00bb0&Prime; width=\u00a0\u00bb1\/1&Prime; column_width_pixel=\u00a0\u00bb800&Prime;][vc_column_text]<strong>MARCHE \u00c0 SUIVRE POUR R\u00c9ALISER LE TRAVAIL<br \/>\nAVEC DES BRIQUES DE GLAISE<br \/>\n<\/strong>[\/vc_column_text][vc_separator sep_color=\u00a0\u00bbaccent\u00a0\u00bb el_width=\u00a0\u00bb75px\u00a0\u00bb el_height=\u00a0\u00bb2px\u00a0\u00bb][\/vc_column][\/vc_row][vc_row row_height_percent=\u00a0\u00bb0&Prime; override_padding=\u00a0\u00bbyes\u00a0\u00bb h_padding=\u00a0\u00bb2&Prime; top_padding=\u00a0\u00bb0&Prime; bottom_padding=\u00a0\u00bb3&Prime; overlay_alpha=\u00a0\u00bb50&Prime; gutter_size=\u00a0\u00bb3&Prime; shift_y=\u00a0\u00bb0&Prime;][vc_column column_width_use_pixel=\u00a0\u00bbyes\u00a0\u00bb overlay_alpha=\u00a0\u00bb50&Prime; gutter_size=\u00a0\u00bb2&Prime; medium_width=\u00a0\u00bb0&Prime; shift_x=\u00a0\u00bb0&Prime; shift_y=\u00a0\u00bb0&Prime; z_index=\u00a0\u00bb0&Prime; width=\u00a0\u00bb1\/1&Prime; column_width_pixel=\u00a0\u00bb800&Prime;][vc_tabs vertical=\u00a0\u00bbyes\u00a0\u00bb el_class=\u00a0\u00bbonglets\u00a0\u00bb][vc_tab title=\u00a0\u00bb\u00c9tape 1&Prime; tab_id=\u00a0\u00bb1491418673-1-9&Prime;][vc_column_text]Excaver les sections sur une profondeur de 3 pouces (7,6 cm).[\/vc_column_text][\/vc_tab][vc_tab title=\u00a0\u00bb\u00c9tape 2&Prime; tab_id=\u00a0\u00bb1491419686036-1-2&Prime;][vc_column_text]Compacter le fond des sections et v\u00e9rifier le niveau.[\/vc_column_text][\/vc_tab][vc_tab title=\u00a0\u00bb\u00c9tape 3&Prime; tab_id=\u00a0\u00bb1491420857373-2-5&Prime;][vc_column_text]Humecter la zone et installer les briques sur une hauteur de 2 \u00bd pouces (6,4 cm) en prenant soin de les alterner.[\/vc_column_text][\/vc_tab][vc_tab title=\u00a0\u00bb\u00c9tape 4&Prime; tab_id=\u00a0\u00bb1494599529361-3-9&Prime;][vc_column_text]Humecter le dessus des briques et ajouter une fine couche de glaise en vrac, puis compacter.[\/vc_column_text][\/vc_tab][vc_tab title=\u00a0\u00bb\u00c9tape 5&Prime; tab_id=\u00a0\u00bb1494599567284-4-7&Prime;][vc_column_text]Couvrir la zone avec le m\u00e9lange de terrain, soit environ \u00bd pouce (1,3 cm) d\u2019\u00e9paisseur.[\/vc_column_text][\/vc_tab][vc_tab title=\u00a0\u00bb\u00c9tape 6&Prime; tab_id=\u00a0\u00bb1494599597211-5-8&Prime;][vc_column_text]Compacter la zone enti\u00e8re \u00e0 l\u2019aide d\u2019un compacteur manuel, d\u2019une plaque vibrante ou d\u2019un rouleau \u00e0 gazon.[\/vc_column_text][\/vc_tab][vc_tab title=\u00a0\u00bb\u00c9tape 7&Prime; tab_id=\u00a0\u00bb1494599641548-6-4&Prime;][vc_column_text]Humidifier et couvrir avec une toile de protection.[\/vc_column_text][\/vc_tab][vc_tab title=\u00a0\u00bb\u00c9tape 8&Prime; tab_id=\u00a0\u00bb1494599680896-7-9&Prime;][vc_column_text]Une fois le travail compl\u00e9t\u00e9, il faudra maintenir la zone humide au fil de la saison en l\u2019entretenant quotidiennement[\/vc_column_text][\/vc_tab][\/vc_tabs][\/vc_column][\/vc_row][vc_row row_height_percent=\u00a0\u00bb0&Prime; override_padding=\u00a0\u00bbyes\u00a0\u00bb h_padding=\u00a0\u00bb2&Prime; top_padding=\u00a0\u00bb3&Prime; bottom_padding=\u00a0\u00bb2&Prime; overlay_alpha=\u00a0\u00bb50&Prime; gutter_size=\u00a0\u00bb3&Prime; shift_y=\u00a0\u00bb0&Prime;][vc_column column_width_use_pixel=\u00a0\u00bbyes\u00a0\u00bb overlay_alpha=\u00a0\u00bb50&Prime; gutter_size=\u00a0\u00bb3&Prime; medium_width=\u00a0\u00bb0&Prime; shift_x=\u00a0\u00bb0&Prime; shift_y=\u00a0\u00bb0&Prime; z_index=\u00a0\u00bb0&Prime; width=\u00a0\u00bb1\/1&Prime; column_width_pixel=\u00a0\u00bb800&Prime;][vc_column_text]Pour r\u00e9aliser le travail avec de la glaise en vrac, les \u00e9tapes sont les m\u00eames, en prenant soin de ne jamais \u00e9tendre plus de 1 \u00bd pouce (3,8 cm) de glaise \u00e0 la fois et de bien compacter la glaise \u00e0 chaque couche jusqu\u2019au niveau final.[\/vc_column_text][vc_empty_space empty_h=\u00a0\u00bb2&Prime;][vc_single_image media=\u00a0\u00bb377&Prime; media_width_percent=\u00a0\u00bb100&Prime;][\/vc_column][\/vc_row][vc_row row_height_percent=\u00a0\u00bb0&Prime; override_padding=\u00a0\u00bbyes\u00a0\u00bb h_padding=\u00a0\u00bb2&Prime; top_padding=\u00a0\u00bb2&Prime; bottom_padding=\u00a0\u00bb2&Prime; overlay_alpha=\u00a0\u00bb50&Prime; gutter_size=\u00a0\u00bb3&Prime; shift_y=\u00a0\u00bb0&Prime;][vc_column column_width_use_pixel=\u00a0\u00bbyes\u00a0\u00bb overlay_alpha=\u00a0\u00bb50&Prime; gutter_size=\u00a0\u00bb2&Prime; medium_width=\u00a0\u00bb0&Prime; shift_x=\u00a0\u00bb0&Prime; shift_y=\u00a0\u00bb0&Prime; z_index=\u00a0\u00bb0&Prime; width=\u00a0\u00bb1\/1&Prime; column_width_pixel=\u00a0\u00bb800&Prime;][vc_button button_color=\u00a0\u00bbaccent\u00a0\u00bb size=\u00a0\u00bbbtn-lg\u00a0\u00bb radius=\u00a0\u00bbbtn-circle\u00a0\u00bb icon_position=\u00a0\u00bbright\u00a0\u00bb link=\u00a0\u00bburl:https%3A%2F%2Fwww.guides-sports-loisirs.ca%2Fterrains-de-balle%2Fwp-content%2Fuploads%2Fsites%2F4%2F2017%2F03%2FGIS_ConceptionAmenagement_ZoneMarbre-1.pdf||target:%20_blank|\u00a0\u00bb icon=\u00a0\u00bbfa fa-file-o\u00a0\u00bb]Version PDF[\/vc_button][\/vc_column][\/vc_row]<\/p>\n<\/div>","protected":false},"excerpt":{"rendered":"<p>[vc_row unlock_row=\u00a0\u00bb\u00a0\u00bb row_height_percent=\u00a0\u00bb0&Prime; override_padding=\u00a0\u00bbyes\u00a0\u00bb h_padding=\u00a0\u00bb2&Prime; top_padding=\u00a0\u00bb3&Prime; bottom_padding=\u00a0\u00bb0&Prime; overlay_alpha=\u00a0\u00bb50&Prime; gutter_size=\u00a0\u00bb3&Prime; shift_y=\u00a0\u00bb0&Prime;][vc_column column_width_use_pixel=\u00a0\u00bbyes\u00a0\u00bb overlay_alpha=\u00a0\u00bb50&Prime; gutter_size=\u00a0\u00bb3&Prime; medium_width=\u00a0\u00bb0&Prime; shift_x=\u00a0\u00bb0&Prime; shift_y=\u00a0\u00bb0&Prime; z_index=\u00a0\u00bb0&Prime; width=\u00a0\u00bb1\/1&Prime; column_width_pixel=\u00a0\u00bb300&Prime;][vc_single_image media=\u00a0\u00bb433&Prime; [&hellip;]<\/p>\n","protected":false},"author":11,"featured_media":0,"parent":60,"menu_order":0,"comment_status":"closed","ping_status":"closed","template":"","meta":{"_acf_changed":false,"footnotes":""},"class_list":["post-374","page","type-page","status-publish","hentry"],"acf":[],"yoast_head":"<!-- This site is optimized with the Yoast SEO plugin v27.4 - https:\/\/yoast.com\/product\/yoast-seo-wordpress\/ -->\n<title>La zone du marbre - Terrains de balle<\/title>\n<meta name=\"robots\" content=\"index, follow, max-snippet:-1, max-image-preview:large, max-video-preview:-1\" \/>\n<link rel=\"canonical\" href=\"https:\/\/www.guides-sports-loisirs.ca\/terrains-de-balle\/conception-et-amenagement\/la-zone-du-marbre\/\" \/>\n<meta property=\"og:locale\" content=\"fr_FR\" \/>\n<meta property=\"og:type\" content=\"article\" \/>\n<meta property=\"og:title\" content=\"La zone du marbre - Terrains de balle\" \/>\n<meta property=\"og:description\" content=\"[vc_row unlock_row=\u00a0\u00bb\u00a0\u00bb row_height_percent=\u00a0\u00bb0&Prime; override_padding=\u00a0\u00bbyes\u00a0\u00bb h_padding=\u00a0\u00bb2&Prime; top_padding=\u00a0\u00bb3&Prime; bottom_padding=\u00a0\u00bb0&Prime; overlay_alpha=\u00a0\u00bb50&Prime; gutter_size=\u00a0\u00bb3&Prime; shift_y=\u00a0\u00bb0&Prime;][vc_column column_width_use_pixel=\u00a0\u00bbyes\u00a0\u00bb overlay_alpha=\u00a0\u00bb50&Prime; gutter_size=\u00a0\u00bb3&Prime; medium_width=\u00a0\u00bb0&Prime; shift_x=\u00a0\u00bb0&Prime; shift_y=\u00a0\u00bb0&Prime; z_index=\u00a0\u00bb0&Prime; width=\u00a0\u00bb1\/1&Prime; column_width_pixel=\u00a0\u00bb300&Prime;][vc_single_image media=\u00a0\u00bb433&Prime; [&hellip;]\" \/>\n<meta property=\"og:url\" content=\"https:\/\/www.guides-sports-loisirs.ca\/terrains-de-balle\/conception-et-amenagement\/la-zone-du-marbre\/\" \/>\n<meta property=\"og:site_name\" content=\"Terrains de balle\" \/>\n<meta property=\"article:modified_time\" content=\"2018-07-13T20:44:53+00:00\" \/>\n<meta name=\"twitter:card\" content=\"summary_large_image\" \/>\n<meta name=\"twitter:label1\" content=\"Dur\u00e9e de lecture estim\u00e9e\" \/>\n\t<meta name=\"twitter:data1\" content=\"4 minutes\" \/>\n<script type=\"application\/ld+json\" class=\"yoast-schema-graph\">{\"@context\":\"https:\\\/\\\/schema.org\",\"@graph\":[{\"@type\":\"WebPage\",\"@id\":\"https:\\\/\\\/www.guides-sports-loisirs.ca\\\/terrains-de-balle\\\/conception-et-amenagement\\\/la-zone-du-marbre\\\/\",\"url\":\"https:\\\/\\\/www.guides-sports-loisirs.ca\\\/terrains-de-balle\\\/conception-et-amenagement\\\/la-zone-du-marbre\\\/\",\"name\":\"La zone du marbre - Terrains de balle\",\"isPartOf\":{\"@id\":\"https:\\\/\\\/www.guides-sports-loisirs.ca\\\/terrains-de-balle\\\/#website\"},\"datePublished\":\"2017-05-12T14:42:49+00:00\",\"dateModified\":\"2018-07-13T20:44:53+00:00\",\"breadcrumb\":{\"@id\":\"https:\\\/\\\/www.guides-sports-loisirs.ca\\\/terrains-de-balle\\\/conception-et-amenagement\\\/la-zone-du-marbre\\\/#breadcrumb\"},\"inLanguage\":\"fr-FR\",\"potentialAction\":[{\"@type\":\"ReadAction\",\"target\":[\"https:\\\/\\\/www.guides-sports-loisirs.ca\\\/terrains-de-balle\\\/conception-et-amenagement\\\/la-zone-du-marbre\\\/\"]}]},{\"@type\":\"BreadcrumbList\",\"@id\":\"https:\\\/\\\/www.guides-sports-loisirs.ca\\\/terrains-de-balle\\\/conception-et-amenagement\\\/la-zone-du-marbre\\\/#breadcrumb\",\"itemListElement\":[{\"@type\":\"ListItem\",\"position\":1,\"name\":\"Accueil\",\"item\":\"https:\\\/\\\/www.guides-sports-loisirs.ca\\\/terrains-de-balle\\\/\"},{\"@type\":\"ListItem\",\"position\":2,\"name\":\"Conception et am\u00e9nagement\",\"item\":\"https:\\\/\\\/www.guides-sports-loisirs.ca\\\/terrains-de-balle\\\/conception-et-amenagement\\\/\"},{\"@type\":\"ListItem\",\"position\":3,\"name\":\"La zone du marbre\"}]},{\"@type\":\"WebSite\",\"@id\":\"https:\\\/\\\/www.guides-sports-loisirs.ca\\\/terrains-de-balle\\\/#website\",\"url\":\"https:\\\/\\\/www.guides-sports-loisirs.ca\\\/terrains-de-balle\\\/\",\"name\":\"Terrains de balle\",\"description\":\"\",\"potentialAction\":[{\"@type\":\"SearchAction\",\"target\":{\"@type\":\"EntryPoint\",\"urlTemplate\":\"https:\\\/\\\/www.guides-sports-loisirs.ca\\\/terrains-de-balle\\\/?s={search_term_string}\"},\"query-input\":{\"@type\":\"PropertyValueSpecification\",\"valueRequired\":true,\"valueName\":\"search_term_string\"}}],\"inLanguage\":\"fr-FR\"}]}<\/script>\n<!-- \/ Yoast SEO plugin. -->","yoast_head_json":{"title":"La zone du marbre - Terrains de balle","robots":{"index":"index","follow":"follow","max-snippet":"max-snippet:-1","max-image-preview":"max-image-preview:large","max-video-preview":"max-video-preview:-1"},"canonical":"https:\/\/www.guides-sports-loisirs.ca\/terrains-de-balle\/conception-et-amenagement\/la-zone-du-marbre\/","og_locale":"fr_FR","og_type":"article","og_title":"La zone du marbre - Terrains de balle","og_description":"[vc_row unlock_row=\u00a0\u00bb\u00a0\u00bb row_height_percent=\u00a0\u00bb0&Prime; override_padding=\u00a0\u00bbyes\u00a0\u00bb h_padding=\u00a0\u00bb2&Prime; top_padding=\u00a0\u00bb3&Prime; bottom_padding=\u00a0\u00bb0&Prime; overlay_alpha=\u00a0\u00bb50&Prime; gutter_size=\u00a0\u00bb3&Prime; shift_y=\u00a0\u00bb0&Prime;][vc_column column_width_use_pixel=\u00a0\u00bbyes\u00a0\u00bb overlay_alpha=\u00a0\u00bb50&Prime; gutter_size=\u00a0\u00bb3&Prime; medium_width=\u00a0\u00bb0&Prime; shift_x=\u00a0\u00bb0&Prime; shift_y=\u00a0\u00bb0&Prime; z_index=\u00a0\u00bb0&Prime; width=\u00a0\u00bb1\/1&Prime; column_width_pixel=\u00a0\u00bb300&Prime;][vc_single_image media=\u00a0\u00bb433&Prime; [&hellip;]","og_url":"https:\/\/www.guides-sports-loisirs.ca\/terrains-de-balle\/conception-et-amenagement\/la-zone-du-marbre\/","og_site_name":"Terrains de balle","article_modified_time":"2018-07-13T20:44:53+00:00","twitter_card":"summary_large_image","twitter_misc":{"Dur\u00e9e de lecture estim\u00e9e":"4 minutes"},"schema":{"@context":"https:\/\/schema.org","@graph":[{"@type":"WebPage","@id":"https:\/\/www.guides-sports-loisirs.ca\/terrains-de-balle\/conception-et-amenagement\/la-zone-du-marbre\/","url":"https:\/\/www.guides-sports-loisirs.ca\/terrains-de-balle\/conception-et-amenagement\/la-zone-du-marbre\/","name":"La zone du marbre - Terrains de balle","isPartOf":{"@id":"https:\/\/www.guides-sports-loisirs.ca\/terrains-de-balle\/#website"},"datePublished":"2017-05-12T14:42:49+00:00","dateModified":"2018-07-13T20:44:53+00:00","breadcrumb":{"@id":"https:\/\/www.guides-sports-loisirs.ca\/terrains-de-balle\/conception-et-amenagement\/la-zone-du-marbre\/#breadcrumb"},"inLanguage":"fr-FR","potentialAction":[{"@type":"ReadAction","target":["https:\/\/www.guides-sports-loisirs.ca\/terrains-de-balle\/conception-et-amenagement\/la-zone-du-marbre\/"]}]},{"@type":"BreadcrumbList","@id":"https:\/\/www.guides-sports-loisirs.ca\/terrains-de-balle\/conception-et-amenagement\/la-zone-du-marbre\/#breadcrumb","itemListElement":[{"@type":"ListItem","position":1,"name":"Accueil","item":"https:\/\/www.guides-sports-loisirs.ca\/terrains-de-balle\/"},{"@type":"ListItem","position":2,"name":"Conception et am\u00e9nagement","item":"https:\/\/www.guides-sports-loisirs.ca\/terrains-de-balle\/conception-et-amenagement\/"},{"@type":"ListItem","position":3,"name":"La zone du marbre"}]},{"@type":"WebSite","@id":"https:\/\/www.guides-sports-loisirs.ca\/terrains-de-balle\/#website","url":"https:\/\/www.guides-sports-loisirs.ca\/terrains-de-balle\/","name":"Terrains de balle","description":"","potentialAction":[{"@type":"SearchAction","target":{"@type":"EntryPoint","urlTemplate":"https:\/\/www.guides-sports-loisirs.ca\/terrains-de-balle\/?s={search_term_string}"},"query-input":{"@type":"PropertyValueSpecification","valueRequired":true,"valueName":"search_term_string"}}],"inLanguage":"fr-FR"}]}},"_links":{"self":[{"href":"https:\/\/www.guides-sports-loisirs.ca\/terrains-de-balle\/wp-json\/wp\/v2\/pages\/374","targetHints":{"allow":["GET"]}}],"collection":[{"href":"https:\/\/www.guides-sports-loisirs.ca\/terrains-de-balle\/wp-json\/wp\/v2\/pages"}],"about":[{"href":"https:\/\/www.guides-sports-loisirs.ca\/terrains-de-balle\/wp-json\/wp\/v2\/types\/page"}],"author":[{"embeddable":true,"href":"https:\/\/www.guides-sports-loisirs.ca\/terrains-de-balle\/wp-json\/wp\/v2\/users\/11"}],"replies":[{"embeddable":true,"href":"https:\/\/www.guides-sports-loisirs.ca\/terrains-de-balle\/wp-json\/wp\/v2\/comments?post=374"}],"version-history":[{"count":8,"href":"https:\/\/www.guides-sports-loisirs.ca\/terrains-de-balle\/wp-json\/wp\/v2\/pages\/374\/revisions"}],"predecessor-version":[{"id":769,"href":"https:\/\/www.guides-sports-loisirs.ca\/terrains-de-balle\/wp-json\/wp\/v2\/pages\/374\/revisions\/769"}],"up":[{"embeddable":true,"href":"https:\/\/www.guides-sports-loisirs.ca\/terrains-de-balle\/wp-json\/wp\/v2\/pages\/60"}],"wp:attachment":[{"href":"https:\/\/www.guides-sports-loisirs.ca\/terrains-de-balle\/wp-json\/wp\/v2\/media?parent=374"}],"curies":[{"name":"wp","href":"https:\/\/api.w.org\/{rel}","templated":true}]}}