{"id":2,"date":"2017-03-31T21:44:43","date_gmt":"2017-03-31T19:44:43","guid":{"rendered":"https:\/\/www.guides-sports-loisirs.ca\/terrains-de-balle\/?page_id=2"},"modified":"2017-06-12T09:08:17","modified_gmt":"2017-06-12T13:08:17","slug":"terrain-de-balle","status":"publish","type":"page","link":"https:\/\/www.guides-sports-loisirs.ca\/terrains-de-balle\/","title":{"rendered":"Terrains de balle"},"content":{"rendered":"<div class=\"wpb-content-wrapper\"><p>[vc_row row_height_percent=\u00a0\u00bb0&Prime; override_padding=\u00a0\u00bbyes\u00a0\u00bb h_padding=\u00a0\u00bb2&Prime; top_padding=\u00a0\u00bb4&Prime; bottom_padding=\u00a0\u00bb4&Prime; overlay_alpha=\u00a0\u00bb50&Prime; gutter_size=\u00a0\u00bb3&Prime; shift_y=\u00a0\u00bb0&Prime;][vc_column column_width_percent=\u00a0\u00bb100&Prime; align_horizontal=\u00a0\u00bbalign_center\u00a0\u00bb overlay_alpha=\u00a0\u00bb50&Prime; gutter_size=\u00a0\u00bb3&Prime; medium_width=\u00a0\u00bb0&Prime; shift_x=\u00a0\u00bb0&Prime; shift_y=\u00a0\u00bb0&Prime; z_index=\u00a0\u00bb0&Prime; width=\u00a0\u00bb1\/1&Prime;][vc_custom_heading text_weight=\u00a0\u00bb600&Prime; text_transform=\u00a0\u00bbuppercase\u00a0\u00bb text_color=\u00a0\u00bbcolor-vyce\u00a0\u00bb]LE GUIDE D\u2019ENTRETIEN DES TERRAINS DE BALLE[\/vc_custom_heading][vc_column_text]Le pr\u00e9sent guide d\u00e9crit les meilleures pratiques connues \u00e0 ce jour pour l\u2019entretien des terrains de balle servant \u00e0 la pratique du baseball et du softball. Il vise notamment \u00e0 accro\u00eetre la s\u00e9curit\u00e9, la qualit\u00e9 et l\u2019accessibilit\u00e9 de ce type d\u2019\u00e9quipement pour les citoyens.\u00a0Cependant, ce guide ne s\u2019applique pas aux installations ou \u00e9quipements situ\u00e9s en p\u00e9riph\u00e9rie des terrains de balle, comme les stationnements, les estrades, les casse-cro\u00fbte et les toilettes.<\/p>\n<p>L\u2019\u00e9dition en ligne facilite grandement la consultation. Elle permet de pr\u00e9senter des capsules vid\u00e9o, d\u2019agrandir des sch\u00e9mas et d\u2019avoir acc\u00e8s rapidement \u00e0 diverses ressources.\u00a0La formule des fiches est souple, permettant de corriger ou d\u2019enrichir rapidement le contenu au fil du temps. Tous les commentaires et suggestions susceptibles d\u2019am\u00e9liorer ce contenu sont d\u2019ailleurs bienvenus.<\/p>\n<p>L&rsquo;utilisation des mesures imp\u00e9riales de distance est\u00a0privil\u00e9gi\u00e9e\u00a0pour les terrains de balle\u00a0(pouce, pied, verge). Les \u00e9quivalences m\u00e9triques (millim\u00e8tre, centim\u00e8tre, m\u00e8tre) sont indiqu\u00e9es dans les fiches, mais avec deux d\u00e9cimales au plus. Il vaut mieux se fier aux mesures imp\u00e9riales pour avoir un maximum de pr\u00e9cision.[\/vc_column_text][\/vc_column][\/vc_row][vc_row unlock_row_content=\u00a0\u00bbyes\u00a0\u00bb row_height_percent=\u00a0\u00bb0&Prime; override_padding=\u00a0\u00bbyes\u00a0\u00bb h_padding=\u00a0\u00bb0&Prime; top_padding=\u00a0\u00bb0&Prime; bottom_padding=\u00a0\u00bb0&Prime; overlay_alpha=\u00a0\u00bb50&Prime; gutter_size=\u00a0\u00bb0&Prime; shift_y=\u00a0\u00bb0&Prime;][vc_column column_width_percent=\u00a0\u00bb100&Prime; position_vertical=\u00a0\u00bbmiddle\u00a0\u00bb align_horizontal=\u00a0\u00bbalign_center\u00a0\u00bb override_padding=\u00a0\u00bbyes\u00a0\u00bb column_padding=\u00a0\u00bb0&Prime; style=\u00a0\u00bbdark\u00a0\u00bb overlay_alpha=\u00a0\u00bb50&Prime; gutter_size=\u00a0\u00bb0&Prime; medium_width=\u00a0\u00bb0&Prime; shift_x=\u00a0\u00bb0&Prime; shift_y=\u00a0\u00bb0&Prime; z_index=\u00a0\u00bb0&Prime; width=\u00a0\u00bb1\/1&Prime;][uncode_block id=\u00a0\u00bb34&Prime; inside_column=\u00a0\u00bbyes\u00a0\u00bb][\/vc_column][\/vc_row][vc_row row_height_percent=\u00a0\u00bb0&Prime; override_padding=\u00a0\u00bbyes\u00a0\u00bb h_padding=\u00a0\u00bb2&Prime; top_padding=\u00a0\u00bb3&Prime; bottom_padding=\u00a0\u00bb3&Prime; overlay_alpha=\u00a0\u00bb50&Prime; gutter_size=\u00a0\u00bb3&Prime; shift_y=\u00a0\u00bb0&Prime;][vc_column column_width_use_pixel=\u00a0\u00bbyes\u00a0\u00bb align_horizontal=\u00a0\u00bbalign_center\u00a0\u00bb overlay_alpha=\u00a0\u00bb50&Prime; gutter_size=\u00a0\u00bb3&Prime; medium_width=\u00a0\u00bb0&Prime; shift_x=\u00a0\u00bb0&Prime; shift_y=\u00a0\u00bb0&Prime; z_index=\u00a0\u00bb0&Prime; width=\u00a0\u00bb1\/1&Prime; column_width_pixel=\u00a0\u00bb740&Prime;][vc_custom_heading text_weight=\u00a0\u00bb600&Prime; text_transform=\u00a0\u00bbuppercase\u00a0\u00bb text_color=\u00a0\u00bbcolor-vyce\u00a0\u00bb]<a href=\"https:\/\/www.guides-sports-loisirs.ca\/terrains-de-balle\/wp-content\/uploads\/sites\/4\/2017\/03\/GIS_Lexique-1.pdf\" target=\"_blank\">LEXIQUE<\/a>[\/vc_custom_heading][vc_single_image media=\u00a0\u00bb430&Prime; media_width_percent=\u00a0\u00bb100&Prime; media_link=\u00a0\u00bburl:http%3A%2F%2Fwww.guides-sports-loisirs.ca%2Fwp-content%2Fuploads%2F2017%2F03%2FGIS_Lexique-1.pdf||target:%20_blank|\u00a0\u00bb][\/vc_column][\/vc_row][vc_row row_height_percent=\u00a0\u00bb0&Prime; override_padding=\u00a0\u00bbyes\u00a0\u00bb h_padding=\u00a0\u00bb2&Prime; top_padding=\u00a0\u00bb3&Prime; bottom_padding=\u00a0\u00bb3&Prime; back_color=\u00a0\u00bbcolor-148962&Prime; overlay_alpha=\u00a0\u00bb50&Prime; gutter_size=\u00a0\u00bb3&Prime; shift_y=\u00a0\u00bb0&Prime;][vc_column column_width_use_pixel=\u00a0\u00bbyes\u00a0\u00bb overlay_alpha=\u00a0\u00bb50&Prime; gutter_size=\u00a0\u00bb3&Prime; medium_width=\u00a0\u00bb0&Prime; shift_x=\u00a0\u00bb0&Prime; shift_y=\u00a0\u00bb0&Prime; z_index=\u00a0\u00bb0&Prime; width=\u00a0\u00bb1\/3&Prime;][vc_column_text el_class=\u00a0\u00bbtypo14px lexique\u00a0\u00bb]<\/p>\n<h5>Avant-champ<\/h5>\n<p>Partie comprise entre les buts<\/p>\n<h5>Champ int\u00e9rieur<\/h5>\n<p>Partie comprise \u00e0 l\u2019int\u00e9rieur du rayon de l\u2019avant-champ<\/p>\n<h5>Champ ext\u00e9rieur<\/h5>\n<p>Partie restante entre les lignes de jeu \u00e0 l\u2019exception de l\u2019avant-champ<\/p>\n<h5>Couche de transition<\/h5>\n<p>Utilisation de la d\u00e9finition de l\u2019ancien guide (1995)<\/p>\n<h5>Fond de forme<\/h5>\n<p>Utilisation de la d\u00e9finition de l\u2019ancien guide (1995)<\/p>\n<h5>Flux lumineux<\/h5>\n<p>Utilisation de la d\u00e9finition de l\u2019ancien guide (1995)[\/vc_column_text][\/vc_column][vc_column width=\u00a0\u00bb1\/3&Prime;][vc_column_text el_class=\u00a0\u00bbtypo14px lexique\u00a0\u00bb]<\/p>\n<h5>Niveau d\u2019\u00e9clairement<\/h5>\n<p>Utilisation de la d\u00e9finition de l\u2019ancien guide (1995)<\/p>\n<h5>Ratio d\u2019uniformit\u00e9<\/h5>\n<p>Utilisation de la d\u00e9finition de l\u2019ancien guide (1995)<\/p>\n<h5>Sol existant<\/h5>\n<p>Sol d\u2019origine<\/p>\n<h5>Sol amend\u00e9<\/h5>\n<p>Sol d\u2019origine amend\u00e9 par l\u2019ajour de substrat<\/p>\n<h5>Sol stabilis\u00e9<\/h5>\n<p>Utilisation de la d\u00e9finition de l\u2019ancien guide (1995)<\/p>\n<h5>Aire de jeu<\/h5>\n<p>Utilisation de la d\u00e9finition de l\u2019ancien guide (1995)[\/vc_column_text][\/vc_column][vc_column width=\u00a0\u00bb1\/3&Prime;][vc_column_text el_class=\u00a0\u00bbtypo14px lexique\u00a0\u00bb]<\/p>\n<h5>Arr\u00eat-balle<\/h5>\n<p>\u00c9cran \u00e0 l\u2019arri\u00e8re du marbre avec ou sans toiture<\/p>\n<h5>Rayon d\u2019avant-champ<\/h5>\n<p>Rayon ayant comme point de d\u00e9part le devant de la plaque du lanceur<\/p>\n<h5>Surface de jeu<\/h5>\n<p>Champ int\u00e9rieur champ ext\u00e9rieur et avant champ<\/p>\n<h5>Lignes de jeu<\/h5>\n<p>Lignes partant de la pointe blanche du marbre allant jusqu\u2019aux poteaux de d\u00e9limitations du terrain<\/p>\n<h5>Zone du marbre<\/h5>\n<p>Surface comprenant les bo\u00eetes de frappeur et la bo\u00eete du receveur[\/vc_column_text][\/vc_column][\/vc_row]<\/p>\n<\/div>","protected":false},"excerpt":{"rendered":"<p>[vc_row row_height_percent=\u00a0\u00bb0&Prime; override_padding=\u00a0\u00bbyes\u00a0\u00bb h_padding=\u00a0\u00bb2&Prime; top_padding=\u00a0\u00bb4&Prime; bottom_padding=\u00a0\u00bb4&Prime; overlay_alpha=\u00a0\u00bb50&Prime; gutter_size=\u00a0\u00bb3&Prime; shift_y=\u00a0\u00bb0&Prime;][vc_column column_width_percent=\u00a0\u00bb100&Prime; align_horizontal=\u00a0\u00bbalign_center\u00a0\u00bb overlay_alpha=\u00a0\u00bb50&Prime; gutter_size=\u00a0\u00bb3&Prime; medium_width=\u00a0\u00bb0&Prime; shift_x=\u00a0\u00bb0&Prime; shift_y=\u00a0\u00bb0&Prime; z_index=\u00a0\u00bb0&Prime; width=\u00a0\u00bb1\/1&Prime;][vc_custom_heading text_weight=\u00a0\u00bb600&Prime; text_transform=\u00a0\u00bbuppercase\u00a0\u00bb [&hellip;]<\/p>\n","protected":false},"author":1,"featured_media":0,"parent":0,"menu_order":0,"comment_status":"closed","ping_status":"open","template":"","meta":{"_acf_changed":false,"footnotes":""},"class_list":["post-2","page","type-page","status-publish","hentry"],"acf":[],"yoast_head":"<!-- This site is optimized with the Yoast SEO plugin v27.4 - https:\/\/yoast.com\/product\/yoast-seo-wordpress\/ -->\n<title>Terrains de balle - Terrains de balle<\/title>\n<meta name=\"robots\" content=\"index, follow, max-snippet:-1, max-image-preview:large, max-video-preview:-1\" \/>\n<link rel=\"canonical\" href=\"https:\/\/www.guides-sports-loisirs.ca\/terrains-de-balle\/\" \/>\n<meta property=\"og:locale\" content=\"fr_FR\" \/>\n<meta property=\"og:type\" content=\"article\" \/>\n<meta property=\"og:title\" content=\"Terrains de balle - Terrains de balle\" \/>\n<meta property=\"og:description\" content=\"[vc_row row_height_percent=\u00a0\u00bb0&Prime; override_padding=\u00a0\u00bbyes\u00a0\u00bb h_padding=\u00a0\u00bb2&Prime; top_padding=\u00a0\u00bb4&Prime; bottom_padding=\u00a0\u00bb4&Prime; overlay_alpha=\u00a0\u00bb50&Prime; gutter_size=\u00a0\u00bb3&Prime; shift_y=\u00a0\u00bb0&Prime;][vc_column column_width_percent=\u00a0\u00bb100&Prime; align_horizontal=\u00a0\u00bbalign_center\u00a0\u00bb overlay_alpha=\u00a0\u00bb50&Prime; gutter_size=\u00a0\u00bb3&Prime; medium_width=\u00a0\u00bb0&Prime; shift_x=\u00a0\u00bb0&Prime; shift_y=\u00a0\u00bb0&Prime; z_index=\u00a0\u00bb0&Prime; width=\u00a0\u00bb1\/1&Prime;][vc_custom_heading text_weight=\u00a0\u00bb600&Prime; text_transform=\u00a0\u00bbuppercase\u00a0\u00bb [&hellip;]\" \/>\n<meta property=\"og:url\" content=\"https:\/\/www.guides-sports-loisirs.ca\/terrains-de-balle\/\" \/>\n<meta property=\"og:site_name\" content=\"Terrains de balle\" \/>\n<meta property=\"article:modified_time\" content=\"2017-06-12T13:08:17+00:00\" \/>\n<meta name=\"twitter:card\" content=\"summary_large_image\" \/>\n<meta name=\"twitter:label1\" content=\"Dur\u00e9e de lecture estim\u00e9e\" \/>\n\t<meta name=\"twitter:data1\" content=\"4 minutes\" \/>\n<script type=\"application\/ld+json\" class=\"yoast-schema-graph\">{\"@context\":\"https:\\\/\\\/schema.org\",\"@graph\":[{\"@type\":\"WebPage\",\"@id\":\"https:\\\/\\\/www.guides-sports-loisirs.ca\\\/terrains-de-balle\\\/\",\"url\":\"https:\\\/\\\/www.guides-sports-loisirs.ca\\\/terrains-de-balle\\\/\",\"name\":\"Terrains de balle - Terrains de balle\",\"isPartOf\":{\"@id\":\"https:\\\/\\\/www.guides-sports-loisirs.ca\\\/terrains-de-balle\\\/#website\"},\"datePublished\":\"2017-03-31T19:44:43+00:00\",\"dateModified\":\"2017-06-12T13:08:17+00:00\",\"breadcrumb\":{\"@id\":\"https:\\\/\\\/www.guides-sports-loisirs.ca\\\/terrains-de-balle\\\/#breadcrumb\"},\"inLanguage\":\"fr-FR\",\"potentialAction\":[{\"@type\":\"ReadAction\",\"target\":[\"https:\\\/\\\/www.guides-sports-loisirs.ca\\\/terrains-de-balle\\\/\"]}]},{\"@type\":\"BreadcrumbList\",\"@id\":\"https:\\\/\\\/www.guides-sports-loisirs.ca\\\/terrains-de-balle\\\/#breadcrumb\",\"itemListElement\":[{\"@type\":\"ListItem\",\"position\":1,\"name\":\"Accueil\",\"item\":\"https:\\\/\\\/www.guides-sports-loisirs.ca\\\/terrains-de-balle\\\/\"},{\"@type\":\"ListItem\",\"position\":2,\"name\":\"Terrains de balle\"}]},{\"@type\":\"WebSite\",\"@id\":\"https:\\\/\\\/www.guides-sports-loisirs.ca\\\/terrains-de-balle\\\/#website\",\"url\":\"https:\\\/\\\/www.guides-sports-loisirs.ca\\\/terrains-de-balle\\\/\",\"name\":\"Terrains de balle\",\"description\":\"\",\"potentialAction\":[{\"@type\":\"SearchAction\",\"target\":{\"@type\":\"EntryPoint\",\"urlTemplate\":\"https:\\\/\\\/www.guides-sports-loisirs.ca\\\/terrains-de-balle\\\/?s={search_term_string}\"},\"query-input\":{\"@type\":\"PropertyValueSpecification\",\"valueRequired\":true,\"valueName\":\"search_term_string\"}}],\"inLanguage\":\"fr-FR\"}]}<\/script>\n<!-- \/ Yoast SEO plugin. -->","yoast_head_json":{"title":"Terrains de balle - Terrains de balle","robots":{"index":"index","follow":"follow","max-snippet":"max-snippet:-1","max-image-preview":"max-image-preview:large","max-video-preview":"max-video-preview:-1"},"canonical":"https:\/\/www.guides-sports-loisirs.ca\/terrains-de-balle\/","og_locale":"fr_FR","og_type":"article","og_title":"Terrains de balle - Terrains de balle","og_description":"[vc_row row_height_percent=\u00a0\u00bb0&Prime; override_padding=\u00a0\u00bbyes\u00a0\u00bb h_padding=\u00a0\u00bb2&Prime; top_padding=\u00a0\u00bb4&Prime; bottom_padding=\u00a0\u00bb4&Prime; overlay_alpha=\u00a0\u00bb50&Prime; gutter_size=\u00a0\u00bb3&Prime; shift_y=\u00a0\u00bb0&Prime;][vc_column column_width_percent=\u00a0\u00bb100&Prime; align_horizontal=\u00a0\u00bbalign_center\u00a0\u00bb overlay_alpha=\u00a0\u00bb50&Prime; gutter_size=\u00a0\u00bb3&Prime; medium_width=\u00a0\u00bb0&Prime; shift_x=\u00a0\u00bb0&Prime; shift_y=\u00a0\u00bb0&Prime; z_index=\u00a0\u00bb0&Prime; width=\u00a0\u00bb1\/1&Prime;][vc_custom_heading text_weight=\u00a0\u00bb600&Prime; text_transform=\u00a0\u00bbuppercase\u00a0\u00bb [&hellip;]","og_url":"https:\/\/www.guides-sports-loisirs.ca\/terrains-de-balle\/","og_site_name":"Terrains de balle","article_modified_time":"2017-06-12T13:08:17+00:00","twitter_card":"summary_large_image","twitter_misc":{"Dur\u00e9e de lecture estim\u00e9e":"4 minutes"},"schema":{"@context":"https:\/\/schema.org","@graph":[{"@type":"WebPage","@id":"https:\/\/www.guides-sports-loisirs.ca\/terrains-de-balle\/","url":"https:\/\/www.guides-sports-loisirs.ca\/terrains-de-balle\/","name":"Terrains de balle - Terrains de balle","isPartOf":{"@id":"https:\/\/www.guides-sports-loisirs.ca\/terrains-de-balle\/#website"},"datePublished":"2017-03-31T19:44:43+00:00","dateModified":"2017-06-12T13:08:17+00:00","breadcrumb":{"@id":"https:\/\/www.guides-sports-loisirs.ca\/terrains-de-balle\/#breadcrumb"},"inLanguage":"fr-FR","potentialAction":[{"@type":"ReadAction","target":["https:\/\/www.guides-sports-loisirs.ca\/terrains-de-balle\/"]}]},{"@type":"BreadcrumbList","@id":"https:\/\/www.guides-sports-loisirs.ca\/terrains-de-balle\/#breadcrumb","itemListElement":[{"@type":"ListItem","position":1,"name":"Accueil","item":"https:\/\/www.guides-sports-loisirs.ca\/terrains-de-balle\/"},{"@type":"ListItem","position":2,"name":"Terrains de balle"}]},{"@type":"WebSite","@id":"https:\/\/www.guides-sports-loisirs.ca\/terrains-de-balle\/#website","url":"https:\/\/www.guides-sports-loisirs.ca\/terrains-de-balle\/","name":"Terrains de balle","description":"","potentialAction":[{"@type":"SearchAction","target":{"@type":"EntryPoint","urlTemplate":"https:\/\/www.guides-sports-loisirs.ca\/terrains-de-balle\/?s={search_term_string}"},"query-input":{"@type":"PropertyValueSpecification","valueRequired":true,"valueName":"search_term_string"}}],"inLanguage":"fr-FR"}]}},"_links":{"self":[{"href":"https:\/\/www.guides-sports-loisirs.ca\/terrains-de-balle\/wp-json\/wp\/v2\/pages\/2","targetHints":{"allow":["GET"]}}],"collection":[{"href":"https:\/\/www.guides-sports-loisirs.ca\/terrains-de-balle\/wp-json\/wp\/v2\/pages"}],"about":[{"href":"https:\/\/www.guides-sports-loisirs.ca\/terrains-de-balle\/wp-json\/wp\/v2\/types\/page"}],"author":[{"embeddable":true,"href":"https:\/\/www.guides-sports-loisirs.ca\/terrains-de-balle\/wp-json\/wp\/v2\/users\/1"}],"replies":[{"embeddable":true,"href":"https:\/\/www.guides-sports-loisirs.ca\/terrains-de-balle\/wp-json\/wp\/v2\/comments?post=2"}],"version-history":[{"count":15,"href":"https:\/\/www.guides-sports-loisirs.ca\/terrains-de-balle\/wp-json\/wp\/v2\/pages\/2\/revisions"}],"predecessor-version":[{"id":601,"href":"https:\/\/www.guides-sports-loisirs.ca\/terrains-de-balle\/wp-json\/wp\/v2\/pages\/2\/revisions\/601"}],"wp:attachment":[{"href":"https:\/\/www.guides-sports-loisirs.ca\/terrains-de-balle\/wp-json\/wp\/v2\/media?parent=2"}],"curies":[{"name":"wp","href":"https:\/\/api.w.org\/{rel}","templated":true}]}}