{"id":3598,"date":"2021-01-27T14:22:34","date_gmt":"2021-01-27T19:22:34","guid":{"rendered":"https:\/\/www.guides-sports-loisirs.ca\/tennis-exterieurs\/?page_id=3598"},"modified":"2021-02-02T11:42:29","modified_gmt":"2021-02-02T16:42:29","slug":"operations","status":"publish","type":"page","link":"https:\/\/www.guides-sports-loisirs.ca\/tennis-exterieurs\/exploitation\/operations\/","title":{"rendered":"Op\u00e9rations"},"content":{"rendered":"<div class=\"wpb-content-wrapper\"><p>[vc_row][vc_column width=\u00a0\u00bb1\/1&Prime;][vc_column_text css=\u00a0\u00bb.vc_custom_1611938915629{margin-bottom: 0px !important;}\u00a0\u00bb]<\/p>\n<h4><strong>L\u2019exploitation d\u2019une installation tennistique exige d\u2019encadrer et de g\u00e9rer les diff\u00e9rentes op\u00e9rations requises afin de s\u2019assurer que les courts r\u00e9pondent bien aux besoins des usagers en mati\u00e8re de qualit\u00e9. Cette fiche pr\u00e9sente les enjeux li\u00e9s aux diff\u00e9rentes op\u00e9rations requises pour offrir des installations sportives municipales optimales.<br \/>\n<\/strong><\/h4>\n<p>[\/vc_column_text][\/vc_column][\/vc_row][vc_row][vc_column width=\u00a0\u00bb1\/1&Prime;][vc_accordion active_tab=\u00a0\u00bb0&Prime;][vc_accordion_tab title=\u00a0\u00bbPROGRAMMATION\u00a0\u00bb tab_id=\u00a0\u00bb1611601428-1-54&Prime;][vc_column_text css=\u00a0\u00bb.vc_custom_1611774995644{margin-bottom: 20px !important;}\u00a0\u00bb]La programmation associ\u00e9e aux courts de tennis doit concorder avec le type d\u2019installations offertes par la municipalit\u00e9. Il est \u00e9galement n\u00e9cessaire de trouver un \u00e9quilibre entre les divers usages des courts : enseignement (cours donn\u00e9s par des moniteurs ou des clubs), comp\u00e9titions, entra\u00eenement, pratique libre. L\u2019horaire doit \u00eatre con\u00e7u de fa\u00e7on \u00e0 assurer cet \u00e9quilibre.<\/p>\n<p>Une bonne gestion de l\u2019exploitation des courts de tennis doit tenir compte des types de surface et de la capacit\u00e9 d\u2019entretien de ces surfaces. Les efforts d\u2019entretien permettent de r\u00e9pondre aux exigences des diff\u00e9rents sports en assurant la p\u00e9rennit\u00e9 des surfaces de jeu et l\u2019optimisation des investissements. Si une surface est surutilis\u00e9e, le meilleur entretien ne pourra permettre de maintenir l\u2019installation en bonne condition.<\/p>\n<p>Une surprogrammation (fr\u00e9quentation continue et surutilisation des courts) pourrait causer une d\u00e9t\u00e9rioration des surfaces de jeu et ne plus r\u00e9pondre aux besoins. Elle pourrait aussi entra\u00eener des investissements importants pour la maintenance ou m\u00eame la r\u00e9fection des courts \u00e0 court ou moyen terme.[\/vc_column_text][\/vc_accordion_tab][vc_accordion_tab title=\u00a0\u00bbDEMANDES DES ASSOCIATIONS SPORTIVES\u00a0\u00bb tab_id=\u00a0\u00bb1611601428-2-69&Prime;][vc_column_text css=\u00a0\u00bb.vc_custom_1611775039639{margin-bottom: 0px !important;}\u00a0\u00bb]Les associations sportives sollicitent de plus en plus les municipalit\u00e9s pour que les courts soient disponibles le plus t\u00f4t possible en saison. Ces demandes ne doivent pas se faire au d\u00e9triment de l\u2019int\u00e9grit\u00e9 des courts. L\u2019entretien de d\u00e9but de saison est indispensable pour permettre une pratique h\u00e2tive au printemps. Les municipalit\u00e9s ont la responsabilit\u00e9 d\u2019assurer la s\u00e9curit\u00e9 de leurs installations par l\u2019entretien.<\/p>\n<p>Le programme d\u2019entretien des courts, incluant l\u2019ouverture et la fermeture saisonni\u00e8re, doit \u00eatre pris en compte dans la pr\u00e9paration de la programmation et du cahier de r\u00e9servations. Les usages trop h\u00e2tifs en d\u00e9but de saison peuvent fragiliser s\u00e9rieusement les courts en terre battue, par exemple, et peuvent avoir des cons\u00e9quences majeures sur leur qualit\u00e9 pour le reste de la saison. Les gestionnaires doivent s\u2019assurer de respecter ces exigences afin d\u2019assurer l\u2019int\u00e9grit\u00e9 des courts toute la saison.<\/p>\n<h3><strong>\u00a0<\/strong><\/h3>\n<p>[\/vc_column_text][\/vc_accordion_tab][vc_accordion_tab title=\u00a0\u00bbTENIR COMPTE DES D\u00c9PLACEMENTS D\u2019\u00c9QUIPEMENT DANS L\u2019HORAIRE\u00a0\u00bb tab_id=\u00a0\u00bb1611772937550-2-8&Prime;][vc_column_text css=\u00a0\u00bb.vc_custom_1611775070920{margin-bottom: 0px !important;}\u00a0\u00bb]La logistique de pr\u00e9paration des courts avant leur utilisation constitue un enjeu important de la gestion des courts de tennis. Le d\u00e9placement des \u00e9quipements sportifs sur les courts entre les plages de r\u00e9servation est un enjeu important. Il est recommand\u00e9 d\u2019allouer une p\u00e9riode suffisante au nettoyage et \u00e0 la manutention des \u00e9quipements sportifs.<\/p>\n<p>Les courts multisports avec programmation vari\u00e9e doivent composer avec cette r\u00e9alit\u00e9. Sinon, il y a des risques de conflits entre les usagers sur les courts. Les changements de pratique sportive doivent \u00eatre r\u00e9duits au minimum lors de la planification de la programmation quotidienne des courts. La solution optimale reste encore de n\u2019avoir aucun d\u00e9placement d\u2019\u00e9quipement requis.[\/vc_column_text][\/vc_accordion_tab][vc_accordion_tab title=\u00a0\u00bbSIGNALISATION\/AFFICHAGE\u00a0\u00bb tab_id=\u00a0\u00bb1611773026830-3-5&Prime;][vc_column_text css=\u00a0\u00bb.vc_custom_1611940354047{margin-bottom: 0px !important;}\u00a0\u00bb]Il est pertinent d\u2019\u00e9laborer une s\u00e9rie de consignes pour les usagers des courts. Ces consignes peuvent inclure les r\u00e8glements d\u2019usage du court, ce qui est prohib\u00e9 (d\u00e9chets, chiens, v\u00e9los, etc.), les mesures d\u2019hygi\u00e8ne, les heures d\u2019ouverture et des indications relatives \u00e0 la m\u00e9t\u00e9o. On peut aussi afficher les mesures et directives de s\u00e9curit\u00e9 sur les \u00e9quipements. Il est \u00e9galement recommand\u00e9 d\u2019afficher un code de conduite \u00e0 l\u2019entr\u00e9e des courts. L\u2019usage de pictogrammes facile la compr\u00e9hension.<\/p>\n<p>&nbsp;<\/p>\n<h3 style=\"text-align: center;\">Exemples de pictogrammes<\/h3>\n<p>[\/vc_column_text][vc_single_image media=\u00a0\u00bb3599&Prime; media_lightbox=\u00a0\u00bbyes\u00a0\u00bb media_width_percent=\u00a0\u00bb65&Prime; alignment=\u00a0\u00bbcenter\u00a0\u00bb css_animation=\u00a0\u00bbzoom-in\u00a0\u00bb lbox_skin=\u00a0\u00bbwhite\u00a0\u00bb el_class=\u00a0\u00bbtable-image\u00a0\u00bb][\/vc_accordion_tab][vc_accordion_tab title=\u00a0\u00bbPREMIERS SOINS\u00a0\u00bb tab_id=\u00a0\u00bb1611773104963-4-6&Prime;][vc_column_text css=\u00a0\u00bb.vc_custom_1611940433139{margin-bottom: 0px !important;}\u00a0\u00bb]Une trousse de premiers soins doit \u00eatre accessible pr\u00e8s des courts afin d\u2019intervenir en cas d\u2019accident ou de malaise. La trousse doit inclure un manuel de secourisme approuv\u00e9 par un organisme reconnu en mati\u00e8re de premiers soins. Le contenu de la trousse de premiers soins doit \u00eatre v\u00e9rifi\u00e9 lors de l\u2019entretien du court.[\/vc_column_text][vc_single_image media=\u00a0\u00bb3600&Prime; media_lightbox=\u00a0\u00bbyes\u00a0\u00bb media_width_percent=\u00a0\u00bb65&Prime; alignment=\u00a0\u00bbcenter\u00a0\u00bb css_animation=\u00a0\u00bbzoom-in\u00a0\u00bb lbox_skin=\u00a0\u00bbwhite\u00a0\u00bb el_class=\u00a0\u00bbtable-image\u00a0\u00bb][\/vc_accordion_tab][\/vc_accordion][\/vc_column][\/vc_row][vc_row][\/vc_row][vc_row row_height_percent=\u00a0\u00bb0&Prime; overlay_alpha=\u00a0\u00bb50&Prime; gutter_size=\u00a0\u00bb3&Prime; shift_y=\u00a0\u00bb0&Prime; css=\u00a0\u00bb.vc_custom_1569108843026{margin-bottom: 50px !important;}\u00a0\u00bb][vc_column width=\u00a0\u00bb1\/1&Prime;][vc_button button_color=\u00a0\u00bbaccent\u00a0\u00bb size=\u00a0\u00bbbtn-lg\u00a0\u00bb radius=\u00a0\u00bbbtn-circle\u00a0\u00bb border_width=\u00a0\u00bb0&Prime; link=\u00a0\u00bburl:https%3A%2F%2Fwww.guides-sports-loisirs.ca%2Ftennis-exterieurs%2Fwp-content%2Fuploads%2Fsites%2F14%2F2021%2F01%2F4.5_Exploitation_Operations.pdf||target:%20_blank|\u00a0\u00bb icon=\u00a0\u00bbfa fa-file-o\u00a0\u00bb el_class=\u00a0\u00bbbtn-pdf\u00a0\u00bb]Version PDF[\/vc_button][\/vc_column][\/vc_row]<\/p>\n<\/div>","protected":false},"excerpt":{"rendered":"<p>[vc_row][vc_column width=\u00a0\u00bb1\/1&Prime;][vc_column_text css=\u00a0\u00bb.vc_custom_1611938915629{margin-bottom: 0px !important;}\u00a0\u00bb] L\u2019exploitation d\u2019une installation tennistique exige d\u2019encadrer et de g\u00e9rer les diff\u00e9rentes op\u00e9rations requises afin de [&hellip;]<\/p>\n","protected":false},"author":11,"featured_media":0,"parent":3549,"menu_order":5,"comment_status":"closed","ping_status":"closed","template":"","meta":{"_acf_changed":false,"footnotes":""},"class_list":["post-3598","page","type-page","status-publish","hentry"],"acf":[],"yoast_head":"<!-- This site is optimized with the Yoast SEO plugin v27.4 - https:\/\/yoast.com\/product\/yoast-seo-wordpress\/ -->\n<title>Op\u00e9rations - Cours de tennis ext\u00e9rieurs<\/title>\n<meta name=\"robots\" content=\"index, follow, max-snippet:-1, max-image-preview:large, max-video-preview:-1\" \/>\n<link rel=\"canonical\" href=\"https:\/\/www.guides-sports-loisirs.ca\/tennis-exterieurs\/exploitation\/operations\/\" \/>\n<meta property=\"og:locale\" content=\"fr_FR\" \/>\n<meta property=\"og:type\" content=\"article\" \/>\n<meta property=\"og:title\" content=\"Op\u00e9rations - Cours de tennis ext\u00e9rieurs\" \/>\n<meta property=\"og:description\" content=\"[vc_row][vc_column width=\u00a0\u00bb1\/1&Prime;][vc_column_text css=\u00a0\u00bb.vc_custom_1611938915629{margin-bottom: 0px !important;}\u00a0\u00bb] L\u2019exploitation d\u2019une installation tennistique exige d\u2019encadrer et de g\u00e9rer les diff\u00e9rentes op\u00e9rations requises afin de [&hellip;]\" \/>\n<meta property=\"og:url\" content=\"https:\/\/www.guides-sports-loisirs.ca\/tennis-exterieurs\/exploitation\/operations\/\" \/>\n<meta property=\"og:site_name\" content=\"Cours de tennis ext\u00e9rieurs\" \/>\n<meta property=\"article:modified_time\" content=\"2021-02-02T16:42:29+00:00\" \/>\n<meta name=\"twitter:card\" content=\"summary_large_image\" \/>\n<meta name=\"twitter:label1\" content=\"Dur\u00e9e de lecture estim\u00e9e\" \/>\n\t<meta name=\"twitter:data1\" content=\"3 minutes\" \/>\n<script type=\"application\/ld+json\" class=\"yoast-schema-graph\">{\"@context\":\"https:\\\/\\\/schema.org\",\"@graph\":[{\"@type\":\"WebPage\",\"@id\":\"https:\\\/\\\/www.guides-sports-loisirs.ca\\\/tennis-exterieurs\\\/exploitation\\\/operations\\\/\",\"url\":\"https:\\\/\\\/www.guides-sports-loisirs.ca\\\/tennis-exterieurs\\\/exploitation\\\/operations\\\/\",\"name\":\"Op\u00e9rations - Cours de tennis ext\u00e9rieurs\",\"isPartOf\":{\"@id\":\"https:\\\/\\\/www.guides-sports-loisirs.ca\\\/tennis-exterieurs\\\/#website\"},\"datePublished\":\"2021-01-27T19:22:34+00:00\",\"dateModified\":\"2021-02-02T16:42:29+00:00\",\"breadcrumb\":{\"@id\":\"https:\\\/\\\/www.guides-sports-loisirs.ca\\\/tennis-exterieurs\\\/exploitation\\\/operations\\\/#breadcrumb\"},\"inLanguage\":\"fr-FR\",\"potentialAction\":[{\"@type\":\"ReadAction\",\"target\":[\"https:\\\/\\\/www.guides-sports-loisirs.ca\\\/tennis-exterieurs\\\/exploitation\\\/operations\\\/\"]}]},{\"@type\":\"BreadcrumbList\",\"@id\":\"https:\\\/\\\/www.guides-sports-loisirs.ca\\\/tennis-exterieurs\\\/exploitation\\\/operations\\\/#breadcrumb\",\"itemListElement\":[{\"@type\":\"ListItem\",\"position\":1,\"name\":\"Accueil\",\"item\":\"https:\\\/\\\/www.guides-sports-loisirs.ca\\\/tennis-exterieurs\\\/\"},{\"@type\":\"ListItem\",\"position\":2,\"name\":\"Exploitation\",\"item\":\"https:\\\/\\\/www.guides-sports-loisirs.ca\\\/tennis-exterieurs\\\/exploitation\\\/\"},{\"@type\":\"ListItem\",\"position\":3,\"name\":\"Op\u00e9rations\"}]},{\"@type\":\"WebSite\",\"@id\":\"https:\\\/\\\/www.guides-sports-loisirs.ca\\\/tennis-exterieurs\\\/#website\",\"url\":\"https:\\\/\\\/www.guides-sports-loisirs.ca\\\/tennis-exterieurs\\\/\",\"name\":\"Cours de tennis ext\u00e9rieurs\",\"description\":\"Cours de tennis ext\u00e9rieurs\",\"potentialAction\":[{\"@type\":\"SearchAction\",\"target\":{\"@type\":\"EntryPoint\",\"urlTemplate\":\"https:\\\/\\\/www.guides-sports-loisirs.ca\\\/tennis-exterieurs\\\/?s={search_term_string}\"},\"query-input\":{\"@type\":\"PropertyValueSpecification\",\"valueRequired\":true,\"valueName\":\"search_term_string\"}}],\"inLanguage\":\"fr-FR\"}]}<\/script>\n<!-- \/ Yoast SEO plugin. -->","yoast_head_json":{"title":"Op\u00e9rations - Cours de tennis ext\u00e9rieurs","robots":{"index":"index","follow":"follow","max-snippet":"max-snippet:-1","max-image-preview":"max-image-preview:large","max-video-preview":"max-video-preview:-1"},"canonical":"https:\/\/www.guides-sports-loisirs.ca\/tennis-exterieurs\/exploitation\/operations\/","og_locale":"fr_FR","og_type":"article","og_title":"Op\u00e9rations - Cours de tennis ext\u00e9rieurs","og_description":"[vc_row][vc_column width=\u00a0\u00bb1\/1&Prime;][vc_column_text css=\u00a0\u00bb.vc_custom_1611938915629{margin-bottom: 0px !important;}\u00a0\u00bb] L\u2019exploitation d\u2019une installation tennistique exige d\u2019encadrer et de g\u00e9rer les diff\u00e9rentes op\u00e9rations requises afin de [&hellip;]","og_url":"https:\/\/www.guides-sports-loisirs.ca\/tennis-exterieurs\/exploitation\/operations\/","og_site_name":"Cours de tennis ext\u00e9rieurs","article_modified_time":"2021-02-02T16:42:29+00:00","twitter_card":"summary_large_image","twitter_misc":{"Dur\u00e9e de lecture estim\u00e9e":"3 minutes"},"schema":{"@context":"https:\/\/schema.org","@graph":[{"@type":"WebPage","@id":"https:\/\/www.guides-sports-loisirs.ca\/tennis-exterieurs\/exploitation\/operations\/","url":"https:\/\/www.guides-sports-loisirs.ca\/tennis-exterieurs\/exploitation\/operations\/","name":"Op\u00e9rations - Cours de tennis ext\u00e9rieurs","isPartOf":{"@id":"https:\/\/www.guides-sports-loisirs.ca\/tennis-exterieurs\/#website"},"datePublished":"2021-01-27T19:22:34+00:00","dateModified":"2021-02-02T16:42:29+00:00","breadcrumb":{"@id":"https:\/\/www.guides-sports-loisirs.ca\/tennis-exterieurs\/exploitation\/operations\/#breadcrumb"},"inLanguage":"fr-FR","potentialAction":[{"@type":"ReadAction","target":["https:\/\/www.guides-sports-loisirs.ca\/tennis-exterieurs\/exploitation\/operations\/"]}]},{"@type":"BreadcrumbList","@id":"https:\/\/www.guides-sports-loisirs.ca\/tennis-exterieurs\/exploitation\/operations\/#breadcrumb","itemListElement":[{"@type":"ListItem","position":1,"name":"Accueil","item":"https:\/\/www.guides-sports-loisirs.ca\/tennis-exterieurs\/"},{"@type":"ListItem","position":2,"name":"Exploitation","item":"https:\/\/www.guides-sports-loisirs.ca\/tennis-exterieurs\/exploitation\/"},{"@type":"ListItem","position":3,"name":"Op\u00e9rations"}]},{"@type":"WebSite","@id":"https:\/\/www.guides-sports-loisirs.ca\/tennis-exterieurs\/#website","url":"https:\/\/www.guides-sports-loisirs.ca\/tennis-exterieurs\/","name":"Cours de tennis ext\u00e9rieurs","description":"Cours de tennis ext\u00e9rieurs","potentialAction":[{"@type":"SearchAction","target":{"@type":"EntryPoint","urlTemplate":"https:\/\/www.guides-sports-loisirs.ca\/tennis-exterieurs\/?s={search_term_string}"},"query-input":{"@type":"PropertyValueSpecification","valueRequired":true,"valueName":"search_term_string"}}],"inLanguage":"fr-FR"}]}},"_links":{"self":[{"href":"https:\/\/www.guides-sports-loisirs.ca\/tennis-exterieurs\/wp-json\/wp\/v2\/pages\/3598","targetHints":{"allow":["GET"]}}],"collection":[{"href":"https:\/\/www.guides-sports-loisirs.ca\/tennis-exterieurs\/wp-json\/wp\/v2\/pages"}],"about":[{"href":"https:\/\/www.guides-sports-loisirs.ca\/tennis-exterieurs\/wp-json\/wp\/v2\/types\/page"}],"author":[{"embeddable":true,"href":"https:\/\/www.guides-sports-loisirs.ca\/tennis-exterieurs\/wp-json\/wp\/v2\/users\/11"}],"replies":[{"embeddable":true,"href":"https:\/\/www.guides-sports-loisirs.ca\/tennis-exterieurs\/wp-json\/wp\/v2\/comments?post=3598"}],"version-history":[{"count":10,"href":"https:\/\/www.guides-sports-loisirs.ca\/tennis-exterieurs\/wp-json\/wp\/v2\/pages\/3598\/revisions"}],"predecessor-version":[{"id":3759,"href":"https:\/\/www.guides-sports-loisirs.ca\/tennis-exterieurs\/wp-json\/wp\/v2\/pages\/3598\/revisions\/3759"}],"up":[{"embeddable":true,"href":"https:\/\/www.guides-sports-loisirs.ca\/tennis-exterieurs\/wp-json\/wp\/v2\/pages\/3549"}],"wp:attachment":[{"href":"https:\/\/www.guides-sports-loisirs.ca\/tennis-exterieurs\/wp-json\/wp\/v2\/media?parent=3598"}],"curies":[{"name":"wp","href":"https:\/\/api.w.org\/{rel}","templated":true}]}}