{"id":3595,"date":"2021-01-27T14:12:07","date_gmt":"2021-01-27T19:12:07","guid":{"rendered":"https:\/\/www.guides-sports-loisirs.ca\/tennis-exterieurs\/?page_id=3595"},"modified":"2021-06-28T16:13:34","modified_gmt":"2021-06-28T20:13:34","slug":"entretien-surface-gazon-synthetique","status":"publish","type":"page","link":"https:\/\/www.guides-sports-loisirs.ca\/tennis-exterieurs\/exploitation\/entretien-surface-gazon-synthetique\/","title":{"rendered":"Entretien d\u2019une surface de gazon synth\u00e9tique"},"content":{"rendered":"<div class=\"wpb-content-wrapper\"><p>[vc_row][vc_column width=\u00a0\u00bb1\/1&Prime;][vc_column_text css=\u00a0\u00bb.vc_custom_1611938665407{margin-bottom: 20px !important;}\u00a0\u00bb]Bien que la surface de gazon synth\u00e9tique n\u00e9cessite moins d\u2019entretien, il reste n\u00e9cessaire d\u2019effectuer certaines t\u00e2ches de base en d\u00e9but de saison.<\/p>\n<p>L\u2019entretien standard comprend les op\u00e9rations suivantes :<\/p>\n<p><strong>\u2022 Nettoyer la surface<\/strong> : Enlever les feuilles et les d\u00e9bris \u00e0 l\u2019aide d\u2019un souffleur \u00e0 feuilles.<\/p>\n<p><strong>\u2022 Brosser la surface<\/strong> : La surface doit \u00eatre bross\u00e9e avec une large brosse \u00e0 fibres rigides. On peut faire des tests avec une balle de tennis pour s\u2019assurer qu\u2019elle rebondit \u00e9galement sur toute la surface de jeu. Au besoin, on ajoutera de petites quantit\u00e9s de sable pour bien r\u00e9partir uniform\u00e9ment le remplissage sur la surface. L\u2019ajout de sable n\u00e9cessite un brossage suppl\u00e9mentaire qui permet d\u2019\u00e9galiser la nouvelle couche.<\/p>\n<p><strong>\u2022 Compacter<\/strong> : Pour certains types de gazon synth\u00e9tique et m\u00eame pour la sous-couche de criblure de pierre, il peut \u00eatre utile de proc\u00e9der \u00e0 une compaction sommaire de la surface \u00e0 l\u2019aide d\u2019une plaque vibrante (200 lb et moins). Cette op\u00e9ration redonnera de la fermet\u00e9 \u00e0 la sous-couche apr\u00e8s un cycle de gel et d\u00e9gel et facilitera la descente du sable de remplissage dans la fibre du gazon synth\u00e9tique.<\/p>\n<p>Pour tout autre type de surface synth\u00e9tique, nous vous conseillons de consulter le guide d\u2019entretien fourni par le fabricant.[\/vc_column_text][vc_row_inner][vc_column_inner width=\u00a0\u00bb1\/1&Prime;][vc_column_text]<strong>Vid\u00e9o disponible en ligne.<\/strong>[\/vc_column_text][vc_separator sep_color=\u00a0\u00bbcolor-204406&Prime; el_width=\u00a0\u00bb75px\u00a0\u00bb el_height=\u00a0\u00bb2px\u00a0\u00bb][vc_empty_space empty_h=\u00a0\u00bb2&Prime;][vc_raw_html]JTNDaWZyYW1lJTIwc3JjJTNEJTIyaHR0cHMlM0ElMkYlMkZwbGF5ZXIudmltZW8uY29tJTJGdmlkZW8lMkY1Njg1NDc0NDklMjIlMjB3aWR0aCUzRCUyMjY0MCUyMiUyMGhlaWdodCUzRCUyMjU2NCUyMiUyMGZyYW1lYm9yZGVyJTNEJTIyMCUyMiUyMGFsbG93JTNEJTIyYXV0b3BsYXklM0IlMjBmdWxsc2NyZWVuJTIyJTIwYWxsb3dmdWxsc2NyZWVuJTNFJTNDJTJGaWZyYW1lJTNF[\/vc_raw_html][\/vc_column_inner][\/vc_row_inner][\/vc_column][\/vc_row][vc_row][\/vc_row][vc_row row_height_percent=\u00a0\u00bb0&Prime; overlay_alpha=\u00a0\u00bb50&Prime; gutter_size=\u00a0\u00bb3&Prime; shift_y=\u00a0\u00bb0&Prime; css=\u00a0\u00bb.vc_custom_1569108843026{margin-bottom: 50px !important;}\u00a0\u00bb][vc_column width=\u00a0\u00bb1\/1&Prime;][vc_button button_color=\u00a0\u00bbaccent\u00a0\u00bb size=\u00a0\u00bbbtn-lg\u00a0\u00bb radius=\u00a0\u00bbbtn-circle\u00a0\u00bb border_width=\u00a0\u00bb0&Prime; link=\u00a0\u00bburl:https%3A%2F%2Fwww.guides-sports-loisirs.ca%2Ftennis-exterieurs%2Fwp-content%2Fuploads%2Fsites%2F14%2F2021%2F01%2F4.4_Exploitation_EntretienSurfaceGazonSynthetique.pdf||target:%20_blank|\u00a0\u00bb icon=\u00a0\u00bbfa fa-file-o\u00a0\u00bb el_class=\u00a0\u00bbbtn-pdf\u00a0\u00bb]Version PDF[\/vc_button][\/vc_column][\/vc_row]<\/p>\n<\/div>","protected":false},"excerpt":{"rendered":"<p>[vc_row][vc_column width=\u00a0\u00bb1\/1&Prime;][vc_column_text css=\u00a0\u00bb.vc_custom_1611938665407{margin-bottom: 20px !important;}\u00a0\u00bb]Bien que la surface de gazon synth\u00e9tique n\u00e9cessite moins d\u2019entretien, il reste n\u00e9cessaire d\u2019effectuer certaines t\u00e2ches [&hellip;]<\/p>\n","protected":false},"author":11,"featured_media":0,"parent":3549,"menu_order":5,"comment_status":"closed","ping_status":"closed","template":"","meta":{"_acf_changed":false,"footnotes":""},"class_list":["post-3595","page","type-page","status-publish","hentry"],"acf":[],"yoast_head":"<!-- This site is optimized with the Yoast SEO plugin v27.4 - https:\/\/yoast.com\/product\/yoast-seo-wordpress\/ -->\n<title>Entretien d\u2019une surface de gazon synth\u00e9tique - Cours de tennis ext\u00e9rieurs<\/title>\n<meta name=\"robots\" content=\"index, follow, max-snippet:-1, max-image-preview:large, max-video-preview:-1\" \/>\n<link rel=\"canonical\" href=\"https:\/\/www.guides-sports-loisirs.ca\/tennis-exterieurs\/exploitation\/entretien-surface-gazon-synthetique\/\" \/>\n<meta property=\"og:locale\" content=\"fr_FR\" \/>\n<meta property=\"og:type\" content=\"article\" \/>\n<meta property=\"og:title\" content=\"Entretien d\u2019une surface de gazon synth\u00e9tique - Cours de tennis ext\u00e9rieurs\" \/>\n<meta property=\"og:description\" content=\"[vc_row][vc_column width=\u00a0\u00bb1\/1&Prime;][vc_column_text css=\u00a0\u00bb.vc_custom_1611938665407{margin-bottom: 20px !important;}\u00a0\u00bb]Bien que la surface de gazon synth\u00e9tique n\u00e9cessite moins d\u2019entretien, il reste n\u00e9cessaire d\u2019effectuer certaines t\u00e2ches [&hellip;]\" \/>\n<meta property=\"og:url\" content=\"https:\/\/www.guides-sports-loisirs.ca\/tennis-exterieurs\/exploitation\/entretien-surface-gazon-synthetique\/\" \/>\n<meta property=\"og:site_name\" content=\"Cours de tennis ext\u00e9rieurs\" \/>\n<meta property=\"article:modified_time\" content=\"2021-06-28T20:13:34+00:00\" \/>\n<meta name=\"twitter:card\" content=\"summary_large_image\" \/>\n<meta name=\"twitter:label1\" content=\"Dur\u00e9e de lecture estim\u00e9e\" \/>\n\t<meta name=\"twitter:data1\" content=\"2 minutes\" \/>\n<script type=\"application\/ld+json\" class=\"yoast-schema-graph\">{\"@context\":\"https:\\\/\\\/schema.org\",\"@graph\":[{\"@type\":\"WebPage\",\"@id\":\"https:\\\/\\\/www.guides-sports-loisirs.ca\\\/tennis-exterieurs\\\/exploitation\\\/entretien-surface-gazon-synthetique\\\/\",\"url\":\"https:\\\/\\\/www.guides-sports-loisirs.ca\\\/tennis-exterieurs\\\/exploitation\\\/entretien-surface-gazon-synthetique\\\/\",\"name\":\"Entretien d\u2019une surface de gazon synth\u00e9tique - Cours de tennis ext\u00e9rieurs\",\"isPartOf\":{\"@id\":\"https:\\\/\\\/www.guides-sports-loisirs.ca\\\/tennis-exterieurs\\\/#website\"},\"datePublished\":\"2021-01-27T19:12:07+00:00\",\"dateModified\":\"2021-06-28T20:13:34+00:00\",\"breadcrumb\":{\"@id\":\"https:\\\/\\\/www.guides-sports-loisirs.ca\\\/tennis-exterieurs\\\/exploitation\\\/entretien-surface-gazon-synthetique\\\/#breadcrumb\"},\"inLanguage\":\"fr-FR\",\"potentialAction\":[{\"@type\":\"ReadAction\",\"target\":[\"https:\\\/\\\/www.guides-sports-loisirs.ca\\\/tennis-exterieurs\\\/exploitation\\\/entretien-surface-gazon-synthetique\\\/\"]}]},{\"@type\":\"BreadcrumbList\",\"@id\":\"https:\\\/\\\/www.guides-sports-loisirs.ca\\\/tennis-exterieurs\\\/exploitation\\\/entretien-surface-gazon-synthetique\\\/#breadcrumb\",\"itemListElement\":[{\"@type\":\"ListItem\",\"position\":1,\"name\":\"Accueil\",\"item\":\"https:\\\/\\\/www.guides-sports-loisirs.ca\\\/tennis-exterieurs\\\/\"},{\"@type\":\"ListItem\",\"position\":2,\"name\":\"Exploitation\",\"item\":\"https:\\\/\\\/www.guides-sports-loisirs.ca\\\/tennis-exterieurs\\\/exploitation\\\/\"},{\"@type\":\"ListItem\",\"position\":3,\"name\":\"Entretien d\u2019une surface de gazon synth\u00e9tique\"}]},{\"@type\":\"WebSite\",\"@id\":\"https:\\\/\\\/www.guides-sports-loisirs.ca\\\/tennis-exterieurs\\\/#website\",\"url\":\"https:\\\/\\\/www.guides-sports-loisirs.ca\\\/tennis-exterieurs\\\/\",\"name\":\"Cours de tennis ext\u00e9rieurs\",\"description\":\"Cours de tennis ext\u00e9rieurs\",\"potentialAction\":[{\"@type\":\"SearchAction\",\"target\":{\"@type\":\"EntryPoint\",\"urlTemplate\":\"https:\\\/\\\/www.guides-sports-loisirs.ca\\\/tennis-exterieurs\\\/?s={search_term_string}\"},\"query-input\":{\"@type\":\"PropertyValueSpecification\",\"valueRequired\":true,\"valueName\":\"search_term_string\"}}],\"inLanguage\":\"fr-FR\"}]}<\/script>\n<!-- \/ Yoast SEO plugin. -->","yoast_head_json":{"title":"Entretien d\u2019une surface de gazon synth\u00e9tique - Cours de tennis ext\u00e9rieurs","robots":{"index":"index","follow":"follow","max-snippet":"max-snippet:-1","max-image-preview":"max-image-preview:large","max-video-preview":"max-video-preview:-1"},"canonical":"https:\/\/www.guides-sports-loisirs.ca\/tennis-exterieurs\/exploitation\/entretien-surface-gazon-synthetique\/","og_locale":"fr_FR","og_type":"article","og_title":"Entretien d\u2019une surface de gazon synth\u00e9tique - Cours de tennis ext\u00e9rieurs","og_description":"[vc_row][vc_column width=\u00a0\u00bb1\/1&Prime;][vc_column_text css=\u00a0\u00bb.vc_custom_1611938665407{margin-bottom: 20px !important;}\u00a0\u00bb]Bien que la surface de gazon synth\u00e9tique n\u00e9cessite moins d\u2019entretien, il reste n\u00e9cessaire d\u2019effectuer certaines t\u00e2ches [&hellip;]","og_url":"https:\/\/www.guides-sports-loisirs.ca\/tennis-exterieurs\/exploitation\/entretien-surface-gazon-synthetique\/","og_site_name":"Cours de tennis ext\u00e9rieurs","article_modified_time":"2021-06-28T20:13:34+00:00","twitter_card":"summary_large_image","twitter_misc":{"Dur\u00e9e de lecture estim\u00e9e":"2 minutes"},"schema":{"@context":"https:\/\/schema.org","@graph":[{"@type":"WebPage","@id":"https:\/\/www.guides-sports-loisirs.ca\/tennis-exterieurs\/exploitation\/entretien-surface-gazon-synthetique\/","url":"https:\/\/www.guides-sports-loisirs.ca\/tennis-exterieurs\/exploitation\/entretien-surface-gazon-synthetique\/","name":"Entretien d\u2019une surface de gazon synth\u00e9tique - Cours de tennis ext\u00e9rieurs","isPartOf":{"@id":"https:\/\/www.guides-sports-loisirs.ca\/tennis-exterieurs\/#website"},"datePublished":"2021-01-27T19:12:07+00:00","dateModified":"2021-06-28T20:13:34+00:00","breadcrumb":{"@id":"https:\/\/www.guides-sports-loisirs.ca\/tennis-exterieurs\/exploitation\/entretien-surface-gazon-synthetique\/#breadcrumb"},"inLanguage":"fr-FR","potentialAction":[{"@type":"ReadAction","target":["https:\/\/www.guides-sports-loisirs.ca\/tennis-exterieurs\/exploitation\/entretien-surface-gazon-synthetique\/"]}]},{"@type":"BreadcrumbList","@id":"https:\/\/www.guides-sports-loisirs.ca\/tennis-exterieurs\/exploitation\/entretien-surface-gazon-synthetique\/#breadcrumb","itemListElement":[{"@type":"ListItem","position":1,"name":"Accueil","item":"https:\/\/www.guides-sports-loisirs.ca\/tennis-exterieurs\/"},{"@type":"ListItem","position":2,"name":"Exploitation","item":"https:\/\/www.guides-sports-loisirs.ca\/tennis-exterieurs\/exploitation\/"},{"@type":"ListItem","position":3,"name":"Entretien d\u2019une surface de gazon synth\u00e9tique"}]},{"@type":"WebSite","@id":"https:\/\/www.guides-sports-loisirs.ca\/tennis-exterieurs\/#website","url":"https:\/\/www.guides-sports-loisirs.ca\/tennis-exterieurs\/","name":"Cours de tennis ext\u00e9rieurs","description":"Cours de tennis ext\u00e9rieurs","potentialAction":[{"@type":"SearchAction","target":{"@type":"EntryPoint","urlTemplate":"https:\/\/www.guides-sports-loisirs.ca\/tennis-exterieurs\/?s={search_term_string}"},"query-input":{"@type":"PropertyValueSpecification","valueRequired":true,"valueName":"search_term_string"}}],"inLanguage":"fr-FR"}]}},"_links":{"self":[{"href":"https:\/\/www.guides-sports-loisirs.ca\/tennis-exterieurs\/wp-json\/wp\/v2\/pages\/3595","targetHints":{"allow":["GET"]}}],"collection":[{"href":"https:\/\/www.guides-sports-loisirs.ca\/tennis-exterieurs\/wp-json\/wp\/v2\/pages"}],"about":[{"href":"https:\/\/www.guides-sports-loisirs.ca\/tennis-exterieurs\/wp-json\/wp\/v2\/types\/page"}],"author":[{"embeddable":true,"href":"https:\/\/www.guides-sports-loisirs.ca\/tennis-exterieurs\/wp-json\/wp\/v2\/users\/11"}],"replies":[{"embeddable":true,"href":"https:\/\/www.guides-sports-loisirs.ca\/tennis-exterieurs\/wp-json\/wp\/v2\/comments?post=3595"}],"version-history":[{"count":5,"href":"https:\/\/www.guides-sports-loisirs.ca\/tennis-exterieurs\/wp-json\/wp\/v2\/pages\/3595\/revisions"}],"predecessor-version":[{"id":3807,"href":"https:\/\/www.guides-sports-loisirs.ca\/tennis-exterieurs\/wp-json\/wp\/v2\/pages\/3595\/revisions\/3807"}],"up":[{"embeddable":true,"href":"https:\/\/www.guides-sports-loisirs.ca\/tennis-exterieurs\/wp-json\/wp\/v2\/pages\/3549"}],"wp:attachment":[{"href":"https:\/\/www.guides-sports-loisirs.ca\/tennis-exterieurs\/wp-json\/wp\/v2\/media?parent=3595"}],"curies":[{"name":"wp","href":"https:\/\/api.w.org\/{rel}","templated":true}]}}