{"id":3591,"date":"2021-01-27T14:05:49","date_gmt":"2021-01-27T19:05:49","guid":{"rendered":"https:\/\/www.guides-sports-loisirs.ca\/tennis-exterieurs\/?page_id=3591"},"modified":"2021-06-28T15:25:20","modified_gmt":"2021-06-28T19:25:20","slug":"entretien-surface-terre-battue","status":"publish","type":"page","link":"https:\/\/www.guides-sports-loisirs.ca\/tennis-exterieurs\/exploitation\/entretien-surface-terre-battue\/","title":{"rendered":"Entretien d\u2019une surface de terre battue"},"content":{"rendered":"<div class=\"wpb-content-wrapper\"><p>[vc_row][vc_column width=\u00a0\u00bb1\/1&Prime;][vc_accordion active_tab=\u00a0\u00bb0&Prime;][vc_accordion_tab title=\u00a0\u00bbENTRETIEN QUOTIDIEN\u00a0\u00bb tab_id=\u00a0\u00bb1611601428-1-54&Prime;][vc_column_text css=\u00a0\u00bb.vc_custom_1611773965668{margin-bottom: 20px !important;}\u00a0\u00bb]Passer le balai sur la surface d\u2019un court de terre battue permet de bien redistribuer la poussi\u00e8re de roche et de lisser la surface. Comme le brossage ass\u00e8che la surface de jeu, il est pr\u00e9f\u00e9rable de proc\u00e9der avant l\u2019arrosage ou si le court est mouill\u00e9.[\/vc_column_text][\/vc_accordion_tab][vc_accordion_tab title=\u00a0\u00bbBROSSAGE\u00a0\u00bb tab_id=\u00a0\u00bb1611601428-2-69&Prime;][vc_column_text css=\u00a0\u00bb.vc_custom_1611774177780{margin-bottom: 0px !important;}\u00a0\u00bb]Le premier brossage se fera dans le sens de la largeur du court. Le suivant se fera dans le sens de la longueur. Cela a pour but de bien \u00e9tendre la poussi\u00e8re de roche, de remplir le mieux possible toute d\u00e9formation du court (trous, marques de chaussure, etc.) et finalement d\u2019emp\u00eacher l\u2019accumulation de poussi\u00e8re de roche le long de la cl\u00f4ture. Il est important de bien regarder autour du court. Apr\u00e8s le brossage, il est recommand\u00e9 de balayer les lignes.<\/p>\n<p><em><strong>Note :<\/strong> Il est important de toujours brosser en imprimant un angle au balai afin d\u2019\u00e9viter de soulever les lignes.<\/em>[\/vc_column_text][\/vc_accordion_tab][vc_accordion_tab title=\u00a0\u00bbARROSAGE\u00a0\u00bb tab_id=\u00a0\u00bb1611772937550-2-8&Prime;][vc_column_text css=\u00a0\u00bb.vc_custom_1611774229478{margin-bottom: 0px !important;}\u00a0\u00bb]L\u2019eau garde le court ferme et stable. Elle permet aussi une traction efficace. L\u2019arrosage devrait avoir lieu au besoin afin de garder les conditions de jeu optimales. Dans la plupart des cas, l\u2019arrosage est effectu\u00e9 durant la nuit et une fois au milieu de la journ\u00e9e. Quel que soit l\u2019horaire, il devrait \u00eatre d\u00e9termin\u00e9 de mani\u00e8re \u00e0 fournir suffisamment d\u2019eau au court et ainsi offrir aux joueurs de bonnes conditions de jeu jusqu\u2019au prochain cycle d\u2019arrosage.<\/p>\n<p>Noter que plus la temp\u00e9rature est \u00e9lev\u00e9e, plus il est important d\u2019arroser g\u00e9n\u00e9reusement. Afin de bien rafra\u00eechir le court et le maintenir dans le meilleur \u00e9tat possible, il est bon de l\u2019arroser r\u00e9guli\u00e8rement et \u00e9galement sur toute la surface de jeu. Le dernier arrosage de la journ\u00e9e peut \u00eatre plus g\u00e9n\u00e9reux afin que le court soit dans un excellent \u00e9tat le lendemain matin.<\/p>\n<p>Une fois le brossage et l\u2019arrosage compl\u00e9t\u00e9s, on doit passer le rouleau (voir page 2).<\/p>\n<p><em><strong>Note :<\/strong> Un arrosage avec de l\u2019eau dure ou sal\u00e9e peut d\u00e9t\u00e9riorer la qualit\u00e9 de la surface.<\/em>[\/vc_column_text][\/vc_accordion_tab][vc_accordion_tab title=\u00a0\u00bbPASSER LE ROULEAU\u00a0\u00bb tab_id=\u00a0\u00bb1611773026830-3-5&Prime;][vc_column_text css=\u00a0\u00bb.vc_custom_1611774274693{margin-bottom: 0px !important;}\u00a0\u00bb]Passer le rouleau sur le court rendra la surface plus ferme et plus rapide. Cela permet \u00e9galement d\u2019\u00e9viter l\u2019accumulation d\u2019une trop grande quantit\u00e9 de terre battue sur la surface. Passer le rouleau est particuli\u00e8rement important dans les r\u00e9gions o\u00f9 l\u2019hiver est rigoureux, car le court est affect\u00e9 par le cycle du gel et du d\u00e9gel. Dans ce cas, passer le rouleau devrait \u00eatre fait quotidiennement jusqu\u2019\u00e0 ce que le court atteigne une compaction optimale. Vous pourrez \u00e9galement passer le rouleau ult\u00e9rieurement, au besoin, afin d\u2019obtenir les conditions de jeu souhait\u00e9es. Il est plus efficace de passer le rouleau le matin, lorsqu\u2019il y a de l\u2019humidit\u00e9 sur le court. Prenez note que :<\/p>\n<p>\u2022 Un court de construction r\u00e9cente pourrait n\u00e9cessiter d\u2019\u00eatre roul\u00e9 apr\u00e8s une pluie importante.<br \/>\n\u2022 Le rouleau doit \u00eatre pass\u00e9 de long en large du court pour s\u2019assurer de ne pas laisser de lisi\u00e8res non roul\u00e9es. Il est recommand\u00e9 de s\u2019approcher le plus pr\u00e8s possible de la cl\u00f4ture dans un sens, puis dans l\u2019autre pour \u00ab battre \u00bb la surface au maximum.<br \/>\n\u2022 Il est possible, s\u2019il le faut, d\u2019enlever le filet pour faciliter la qualit\u00e9 du travail.<br \/>\n\u2022 La p\u00e9riode allou\u00e9e pour rouler quotidiennement doit \u00eatre flexible en fonction de la fr\u00e9quentation des courts, souvent plus \u00e9lev\u00e9e la fin de semaine.<br \/>\n\u2022 Apr\u00e8s ce travail minutieux, il est n\u00e9cessaire de brosser \u00e0 nouveau et de balayer les lignes. Puisque brosser le court l\u2019ass\u00e8che, il n\u2019est pas n\u00e9cessaire de le faire apr\u00e8s avoir arros\u00e9 quand la temp\u00e9rature est chaude.[\/vc_column_text][\/vc_accordion_tab][vc_accordion_tab title=\u00a0\u00bb\u00c0 \u00c9VITER\u00a0\u00bb tab_id=\u00a0\u00bb1611773104963-4-6&Prime;][vc_column_text css=\u00a0\u00bb.vc_custom_1611774309171{margin-bottom: 0px !important;}\u00a0\u00bb]\u2022 Arroser avant de brosser<br \/>\n\u2022 Arroser en surface pour acc\u00e9l\u00e9rer le jeu<br \/>\n\u2022 Laisser la terre \u00ab blanchir \u00bb<br \/>\n\u2022 Permettre le jeu pendant qu\u2019il pleut<br \/>\n\u2022 Permettre le jeu trop h\u00e2tivement apr\u00e8s la pluie[\/vc_column_text][\/vc_accordion_tab][vc_accordion_tab title=\u00a0\u00bbREMISE EN \u00c9TAT ANNUEL\u00a0\u00bb tab_id=\u00a0\u00bb1611773167089-5-5&Prime;][vc_column_text css=\u00a0\u00bb.vc_custom_1611938550358{margin-bottom: 0px !important;}\u00a0\u00bb]Le processus de remise en \u00e9tat comprend quatre \u00e9tapes : le nettoyage, le nivellement, l\u2019application de terre battue et la pose des lignes.<\/p>\n<p><strong>1. Nettoyage<\/strong> : enlevez les lignes existantes et toutes les feuilles et les d\u00e9bris et grattez l\u00e9g\u00e8rement le court pour enlever la pierre exc\u00e9dentaire.<\/p>\n<p><strong>2. Nivellement<\/strong> : grattez les zones hautes (telles que l\u2019emplacement des lignes) et colmatez les zones basses.<\/p>\n<p><strong>3. Application de terre battue sur la surface<\/strong> : ajoutez de 1,4 \u00e0 2,8 tonnes de nouvelle terre battue par court.<\/p>\n<p><strong>4. Pose des lignes<\/strong> : installez de nouvelles lignes de jeu. La r\u00e9utilisation des lignes est acceptable si elles ne sont pas trop us\u00e9es.[\/vc_column_text][vc_separator sep_color=\u00a0\u00bbcolor-204406&Prime; el_width=\u00a0\u00bb75px\u00a0\u00bb el_height=\u00a0\u00bb2px\u00a0\u00bb][\/vc_accordion_tab][\/vc_accordion][vc_row_inner][vc_column_inner width=\u00a0\u00bb1\/1&Prime;][vc_column_text]<strong>Vid\u00e9o disponible en ligne.<\/strong>[\/vc_column_text][vc_separator sep_color=\u00a0\u00bbcolor-204406&Prime; el_width=\u00a0\u00bb75px\u00a0\u00bb el_height=\u00a0\u00bb2px\u00a0\u00bb][vc_empty_space empty_h=\u00a0\u00bb2&Prime;][vc_raw_html]JTNDaWZyYW1lJTIwc3JjJTNEJTIyaHR0cHMlM0ElMkYlMkZwbGF5ZXIudmltZW8uY29tJTJGdmlkZW8lMkY1Njg1NTQ3NjYlMjIlMjB3aWR0aCUzRCUyMjY0MCUyMiUyMGhlaWdodCUzRCUyMjU2NCUyMiUyMGZyYW1lYm9yZGVyJTNEJTIyMCUyMiUyMGFsbG93JTNEJTIyYXV0b3BsYXklM0IlMjBmdWxsc2NyZWVuJTIyJTIwYWxsb3dmdWxsc2NyZWVuJTNFJTNDJTJGaWZyYW1lJTNF[\/vc_raw_html][vc_empty_space empty_h=\u00a0\u00bb2&Prime;][\/vc_column_inner][\/vc_row_inner][\/vc_column][\/vc_row][vc_row][\/vc_row][vc_row row_height_percent=\u00a0\u00bb0&Prime; overlay_alpha=\u00a0\u00bb50&Prime; gutter_size=\u00a0\u00bb3&Prime; shift_y=\u00a0\u00bb0&Prime; css=\u00a0\u00bb.vc_custom_1569108843026{margin-bottom: 50px !important;}\u00a0\u00bb][vc_column width=\u00a0\u00bb1\/1&Prime;][vc_button button_color=\u00a0\u00bbaccent\u00a0\u00bb size=\u00a0\u00bbbtn-lg\u00a0\u00bb radius=\u00a0\u00bbbtn-circle\u00a0\u00bb border_width=\u00a0\u00bb0&Prime; link=\u00a0\u00bburl:https%3A%2F%2Fwww.guides-sports-loisirs.ca%2Ftennis-exterieurs%2Fwp-content%2Fuploads%2Fsites%2F14%2F2021%2F01%2F4.3_Exploitation_EntretienSurfaceTerreBattue.pdf||target:%20_blank|\u00a0\u00bb icon=\u00a0\u00bbfa fa-file-o\u00a0\u00bb el_class=\u00a0\u00bbbtn-pdf\u00a0\u00bb]Version PDF[\/vc_button][\/vc_column][\/vc_row]<\/p>\n<\/div>","protected":false},"excerpt":{"rendered":"<p>[vc_row][vc_column width=\u00a0\u00bb1\/1&Prime;][vc_accordion active_tab=\u00a0\u00bb0&Prime;][vc_accordion_tab title=\u00a0\u00bbENTRETIEN QUOTIDIEN\u00a0\u00bb tab_id=\u00a0\u00bb1611601428-1-54&Prime;][vc_column_text css=\u00a0\u00bb.vc_custom_1611773965668{margin-bottom: 20px !important;}\u00a0\u00bb]Passer le balai sur la surface d\u2019un court de terre battue permet [&hellip;]<\/p>\n","protected":false},"author":11,"featured_media":0,"parent":3549,"menu_order":5,"comment_status":"closed","ping_status":"closed","template":"","meta":{"_acf_changed":false,"footnotes":""},"class_list":["post-3591","page","type-page","status-publish","hentry"],"acf":[],"yoast_head":"<!-- This site is optimized with the Yoast SEO plugin v27.2 - https:\/\/yoast.com\/product\/yoast-seo-wordpress\/ -->\n<title>Entretien d\u2019une surface de terre battue - Cours de tennis ext\u00e9rieurs<\/title>\n<meta name=\"robots\" content=\"index, follow, max-snippet:-1, max-image-preview:large, max-video-preview:-1\" \/>\n<link rel=\"canonical\" href=\"https:\/\/www.guides-sports-loisirs.ca\/tennis-exterieurs\/exploitation\/entretien-surface-terre-battue\/\" \/>\n<meta property=\"og:locale\" content=\"fr_FR\" \/>\n<meta property=\"og:type\" content=\"article\" \/>\n<meta property=\"og:title\" content=\"Entretien d\u2019une surface de terre battue - Cours de tennis ext\u00e9rieurs\" \/>\n<meta property=\"og:description\" content=\"[vc_row][vc_column width=\u00a0\u00bb1\/1&Prime;][vc_accordion active_tab=\u00a0\u00bb0&Prime;][vc_accordion_tab title=\u00a0\u00bbENTRETIEN QUOTIDIEN\u00a0\u00bb tab_id=\u00a0\u00bb1611601428-1-54&Prime;][vc_column_text css=\u00a0\u00bb.vc_custom_1611773965668{margin-bottom: 20px !important;}\u00a0\u00bb]Passer le balai sur la surface d\u2019un court de terre battue permet [&hellip;]\" \/>\n<meta property=\"og:url\" content=\"https:\/\/www.guides-sports-loisirs.ca\/tennis-exterieurs\/exploitation\/entretien-surface-terre-battue\/\" \/>\n<meta property=\"og:site_name\" content=\"Cours de tennis ext\u00e9rieurs\" \/>\n<meta property=\"article:modified_time\" content=\"2021-06-28T19:25:20+00:00\" \/>\n<meta name=\"twitter:card\" content=\"summary_large_image\" \/>\n<meta name=\"twitter:label1\" content=\"Dur\u00e9e de lecture estim\u00e9e\" \/>\n\t<meta name=\"twitter:data1\" content=\"4 minutes\" \/>\n<script type=\"application\/ld+json\" class=\"yoast-schema-graph\">{\"@context\":\"https:\/\/schema.org\",\"@graph\":[{\"@type\":\"WebPage\",\"@id\":\"https:\/\/www.guides-sports-loisirs.ca\/tennis-exterieurs\/exploitation\/entretien-surface-terre-battue\/\",\"url\":\"https:\/\/www.guides-sports-loisirs.ca\/tennis-exterieurs\/exploitation\/entretien-surface-terre-battue\/\",\"name\":\"Entretien d\u2019une surface de terre battue - Cours de tennis ext\u00e9rieurs\",\"isPartOf\":{\"@id\":\"https:\/\/www.guides-sports-loisirs.ca\/tennis-exterieurs\/#website\"},\"datePublished\":\"2021-01-27T19:05:49+00:00\",\"dateModified\":\"2021-06-28T19:25:20+00:00\",\"breadcrumb\":{\"@id\":\"https:\/\/www.guides-sports-loisirs.ca\/tennis-exterieurs\/exploitation\/entretien-surface-terre-battue\/#breadcrumb\"},\"inLanguage\":\"fr-FR\",\"potentialAction\":[{\"@type\":\"ReadAction\",\"target\":[\"https:\/\/www.guides-sports-loisirs.ca\/tennis-exterieurs\/exploitation\/entretien-surface-terre-battue\/\"]}]},{\"@type\":\"BreadcrumbList\",\"@id\":\"https:\/\/www.guides-sports-loisirs.ca\/tennis-exterieurs\/exploitation\/entretien-surface-terre-battue\/#breadcrumb\",\"itemListElement\":[{\"@type\":\"ListItem\",\"position\":1,\"name\":\"Accueil\",\"item\":\"https:\/\/www.guides-sports-loisirs.ca\/tennis-exterieurs\/\"},{\"@type\":\"ListItem\",\"position\":2,\"name\":\"Exploitation\",\"item\":\"https:\/\/www.guides-sports-loisirs.ca\/tennis-exterieurs\/exploitation\/\"},{\"@type\":\"ListItem\",\"position\":3,\"name\":\"Entretien d\u2019une surface de terre battue\"}]},{\"@type\":\"WebSite\",\"@id\":\"https:\/\/www.guides-sports-loisirs.ca\/tennis-exterieurs\/#website\",\"url\":\"https:\/\/www.guides-sports-loisirs.ca\/tennis-exterieurs\/\",\"name\":\"Cours de tennis ext\u00e9rieurs\",\"description\":\"Cours de tennis ext\u00e9rieurs\",\"potentialAction\":[{\"@type\":\"SearchAction\",\"target\":{\"@type\":\"EntryPoint\",\"urlTemplate\":\"https:\/\/www.guides-sports-loisirs.ca\/tennis-exterieurs\/?s={search_term_string}\"},\"query-input\":{\"@type\":\"PropertyValueSpecification\",\"valueRequired\":true,\"valueName\":\"search_term_string\"}}],\"inLanguage\":\"fr-FR\"}]}<\/script>\n<!-- \/ Yoast SEO plugin. -->","yoast_head_json":{"title":"Entretien d\u2019une surface de terre battue - Cours de tennis ext\u00e9rieurs","robots":{"index":"index","follow":"follow","max-snippet":"max-snippet:-1","max-image-preview":"max-image-preview:large","max-video-preview":"max-video-preview:-1"},"canonical":"https:\/\/www.guides-sports-loisirs.ca\/tennis-exterieurs\/exploitation\/entretien-surface-terre-battue\/","og_locale":"fr_FR","og_type":"article","og_title":"Entretien d\u2019une surface de terre battue - Cours de tennis ext\u00e9rieurs","og_description":"[vc_row][vc_column width=\u00a0\u00bb1\/1&Prime;][vc_accordion active_tab=\u00a0\u00bb0&Prime;][vc_accordion_tab title=\u00a0\u00bbENTRETIEN QUOTIDIEN\u00a0\u00bb tab_id=\u00a0\u00bb1611601428-1-54&Prime;][vc_column_text css=\u00a0\u00bb.vc_custom_1611773965668{margin-bottom: 20px !important;}\u00a0\u00bb]Passer le balai sur la surface d\u2019un court de terre battue permet [&hellip;]","og_url":"https:\/\/www.guides-sports-loisirs.ca\/tennis-exterieurs\/exploitation\/entretien-surface-terre-battue\/","og_site_name":"Cours de tennis ext\u00e9rieurs","article_modified_time":"2021-06-28T19:25:20+00:00","twitter_card":"summary_large_image","twitter_misc":{"Dur\u00e9e de lecture estim\u00e9e":"4 minutes"},"schema":{"@context":"https:\/\/schema.org","@graph":[{"@type":"WebPage","@id":"https:\/\/www.guides-sports-loisirs.ca\/tennis-exterieurs\/exploitation\/entretien-surface-terre-battue\/","url":"https:\/\/www.guides-sports-loisirs.ca\/tennis-exterieurs\/exploitation\/entretien-surface-terre-battue\/","name":"Entretien d\u2019une surface de terre battue - Cours de tennis ext\u00e9rieurs","isPartOf":{"@id":"https:\/\/www.guides-sports-loisirs.ca\/tennis-exterieurs\/#website"},"datePublished":"2021-01-27T19:05:49+00:00","dateModified":"2021-06-28T19:25:20+00:00","breadcrumb":{"@id":"https:\/\/www.guides-sports-loisirs.ca\/tennis-exterieurs\/exploitation\/entretien-surface-terre-battue\/#breadcrumb"},"inLanguage":"fr-FR","potentialAction":[{"@type":"ReadAction","target":["https:\/\/www.guides-sports-loisirs.ca\/tennis-exterieurs\/exploitation\/entretien-surface-terre-battue\/"]}]},{"@type":"BreadcrumbList","@id":"https:\/\/www.guides-sports-loisirs.ca\/tennis-exterieurs\/exploitation\/entretien-surface-terre-battue\/#breadcrumb","itemListElement":[{"@type":"ListItem","position":1,"name":"Accueil","item":"https:\/\/www.guides-sports-loisirs.ca\/tennis-exterieurs\/"},{"@type":"ListItem","position":2,"name":"Exploitation","item":"https:\/\/www.guides-sports-loisirs.ca\/tennis-exterieurs\/exploitation\/"},{"@type":"ListItem","position":3,"name":"Entretien d\u2019une surface de terre battue"}]},{"@type":"WebSite","@id":"https:\/\/www.guides-sports-loisirs.ca\/tennis-exterieurs\/#website","url":"https:\/\/www.guides-sports-loisirs.ca\/tennis-exterieurs\/","name":"Cours de tennis ext\u00e9rieurs","description":"Cours de tennis ext\u00e9rieurs","potentialAction":[{"@type":"SearchAction","target":{"@type":"EntryPoint","urlTemplate":"https:\/\/www.guides-sports-loisirs.ca\/tennis-exterieurs\/?s={search_term_string}"},"query-input":{"@type":"PropertyValueSpecification","valueRequired":true,"valueName":"search_term_string"}}],"inLanguage":"fr-FR"}]}},"_links":{"self":[{"href":"https:\/\/www.guides-sports-loisirs.ca\/tennis-exterieurs\/wp-json\/wp\/v2\/pages\/3591","targetHints":{"allow":["GET"]}}],"collection":[{"href":"https:\/\/www.guides-sports-loisirs.ca\/tennis-exterieurs\/wp-json\/wp\/v2\/pages"}],"about":[{"href":"https:\/\/www.guides-sports-loisirs.ca\/tennis-exterieurs\/wp-json\/wp\/v2\/types\/page"}],"author":[{"embeddable":true,"href":"https:\/\/www.guides-sports-loisirs.ca\/tennis-exterieurs\/wp-json\/wp\/v2\/users\/11"}],"replies":[{"embeddable":true,"href":"https:\/\/www.guides-sports-loisirs.ca\/tennis-exterieurs\/wp-json\/wp\/v2\/comments?post=3591"}],"version-history":[{"count":5,"href":"https:\/\/www.guides-sports-loisirs.ca\/tennis-exterieurs\/wp-json\/wp\/v2\/pages\/3591\/revisions"}],"predecessor-version":[{"id":3800,"href":"https:\/\/www.guides-sports-loisirs.ca\/tennis-exterieurs\/wp-json\/wp\/v2\/pages\/3591\/revisions\/3800"}],"up":[{"embeddable":true,"href":"https:\/\/www.guides-sports-loisirs.ca\/tennis-exterieurs\/wp-json\/wp\/v2\/pages\/3549"}],"wp:attachment":[{"href":"https:\/\/www.guides-sports-loisirs.ca\/tennis-exterieurs\/wp-json\/wp\/v2\/media?parent=3591"}],"curies":[{"name":"wp","href":"https:\/\/api.w.org\/{rel}","templated":true}]}}