{"id":3566,"date":"2021-01-27T13:42:07","date_gmt":"2021-01-27T18:42:07","guid":{"rendered":"https:\/\/www.guides-sports-loisirs.ca\/tennis-exterieurs\/?page_id=3566"},"modified":"2021-06-28T16:02:39","modified_gmt":"2021-06-28T20:02:39","slug":"entretien-surface-acrylique","status":"publish","type":"page","link":"https:\/\/www.guides-sports-loisirs.ca\/tennis-exterieurs\/exploitation\/entretien-surface-acrylique\/","title":{"rendered":"Entretien d\u2019une surface acrylique"},"content":{"rendered":"<div class=\"wpb-content-wrapper\"><p>[vc_row][vc_column width=\u00a0\u00bb1\/1&Prime;][vc_accordion active_tab=\u00a0\u00bb0&Prime;][vc_accordion_tab title=\u00a0\u00bbLAVAGE\u00a0\u00bb tab_id=\u00a0\u00bb1611601428-1-54&Prime;][vc_column_text css=\u00a0\u00bb.vc_custom_1611773403938{margin-bottom: 20px !important;}\u00a0\u00bb]Il est sugg\u00e9r\u00e9 de nettoyer les courts de tennis une fois par ann\u00e9e \u00e0 l\u2019aide d\u2019une machine \u00e0 haute pression, si n\u00e9cessaire. Surveillez de fa\u00e7on attentive l\u2019apparition de moisissures dans les endroits ombrag\u00e9s et dans les coins o\u00f9 les r\u00e9sidus organiques ont tendance \u00e0 s\u2019accumuler. Les rev\u00eatements acryliques ne favorisent pas la formation de moisissures. Par cons\u00e9quent, la pr\u00e9sence de moisissures sera caus\u00e9e par des d\u00e9versements d\u2019aliments, de boissons, de mati\u00e8res en d\u00e9composition ou de mati\u00e8res \u00e9trang\u00e8res.<\/p>\n<p><em><strong>Note :<\/strong> Une machine de 3000 \u00e0 4000 Psi est recommand\u00e9e. Une bonne utilisation de la machine permet de pr\u00e9venir d\u2019\u00e9ventuels dommages sur la surface.<\/em>[\/vc_column_text][\/vc_accordion_tab][vc_accordion_tab title=\u00a0\u00bb\u00c9VACUATION DE L\u2019EAU STAGNANTE\u00a0\u00bb tab_id=\u00a0\u00bb1611601428-2-69&Prime;][vc_column_text css=\u00a0\u00bb.vc_custom_1611773486164{margin-bottom: 0px !important;}\u00a0\u00bb]Les averses aident au nettoyage du court. Cependant, la salet\u00e9 s\u2019accumule dans l\u2019eau stagnante. Cela laisse des taches et des amas de d\u00e9bris sur le court et entra\u00eene des probl\u00e8mes d\u2019abrasion \u00e0 la surface. Les joueurs auront alors l\u2019impression de jouer sur du papier sabl\u00e9. \u00c9vacuez l\u2019eau des flaques aussi souvent que possible. L\u2019eau provenant des installations d\u2019arrosage autour du court ne doit pas \u00eatre vaporis\u00e9e sur le court.[\/vc_column_text][\/vc_accordion_tab][vc_accordion_tab title=\u00a0\u00bbDRAINAGE\u00a0\u00bb tab_id=\u00a0\u00bb1611772937550-2-8&Prime;][vc_column_text css=\u00a0\u00bb.vc_custom_1611773511254{margin-bottom: 0px !important;}\u00a0\u00bb]Les syst\u00e8mes de drainage sont un \u00e9l\u00e9ment important de la construction d\u2019un court de tennis. L\u2019exc\u00e9dent d\u2019eau qui s\u2019\u00e9coule \u00e0 la surface du court ou sous le court peut entra\u00eener des probl\u00e8mes importants. Des syst\u00e8mes de drainage bien con\u00e7us et bien install\u00e9s permettront de d\u00e9tourner l\u2019eau du court, mais ils devront \u00eatre v\u00e9rifi\u00e9s \u00e0 l\u2019occasion pour s\u2019assurer de leur bon fonctionnement. Au moment de la v\u00e9rification, soyez attentif aux marques d\u2019endommagement de la structure et des tuyaux de drainage. Retirez les v\u00e9g\u00e9taux ou les d\u00e9bris qui pourraient bloquer les drains ou les rigoles.[\/vc_column_text][\/vc_accordion_tab][vc_accordion_tab title=\u00a0\u00bbNETTOYAGE DES MATI\u00c8RES \u00c9TRANG\u00c8RES\u00a0\u00bb tab_id=\u00a0\u00bb1611773026830-3-5&Prime;][vc_column_text css=\u00a0\u00bb.vc_custom_1611773542377{margin-bottom: 0px !important;}\u00a0\u00bb]Les feuilles et les aiguilles de pin peuvent non seulement salir votre court, mais elles offrent \u00e9galement un endroit id\u00e9al pour la formation de moisissures. Il est particuli\u00e8rement important d\u2019enlever les aiguilles et les feuilles mortes \u00e0 l\u2019automne et de s\u2019assurer qu\u2019aucun d\u00e9bris ne s\u2019accumule sur le court pendant l\u2019hiver.[\/vc_column_text][\/vc_accordion_tab][vc_accordion_tab title=\u00a0\u00bbCOLMATAGE DES FISSURES\u00a0\u00bb tab_id=\u00a0\u00bb1611773104963-4-6&Prime;][vc_column_text css=\u00a0\u00bb.vc_custom_1612289642076{margin-bottom: 0px !important;}\u00a0\u00bb]Voir la fiche <em><strong><a href=\"https:\/\/www.guides-sports-loisirs.ca\/tennis-exterieurs\/refections\/refections-mineures\/\">R\u00e9fections mineures<\/a>.<\/strong><\/em>[\/vc_column_text][\/vc_accordion_tab][vc_accordion_tab title=\u00a0\u00bbMAT\u00c9RIEL D&rsquo;ENTRETIEN\u00a0\u00bb tab_id=\u00a0\u00bb1612284235252-6-4&Prime;][vc_column_text]Utilisez un balai \u00e0 poils en nylon doux ou un balai-brosse pour nettoyer la surface. Frotter trop fort avec une brosse dure peut endommager la surface du court. Si vous utilisez un nettoyeur \u00e0 haute pression, limitez la pression et ne mettez pas l\u2019embout du nettoyeur trop pr\u00e8s de la surface sans quoi le rev\u00eatement pourrait \u00eatre endommag\u00e9. Les nettoyeurs \u00e0 haute pression permettent de gagner du temps et ne laissent pas de rayures comme c\u2019est le cas des pistolets d\u2019arrosage.[\/vc_column_text][\/vc_accordion_tab][vc_accordion_tab title=\u00a0\u00bbPROTECTION CONTRE LES DOMMAGES\u00a0\u00bb tab_id=\u00a0\u00bb1611773167089-5-5&Prime;][vc_column_text css=\u00a0\u00bb.vc_custom_1611773633014{margin-bottom: 0px !important;}\u00a0\u00bb]Fixez des coussinets feutr\u00e9s sous les pieds des chaises ou de tout autre \u00e9quipement se trouvant sur la surface de jeu. Fixez solidement les bancs ou toute autre installation permanente sur le court afin de pr\u00e9venir les dommages caus\u00e9s par le glissement de l\u2019\u00e9quipement sur la surface. Assurez-vous de prot\u00e9ger la surface de jeu avant de conduire un v\u00e9hicule d\u2019entretien sur le court. Installez des affiches indiquant les r\u00e8gles \u00e0 respecter pr\u00e8s de l\u2019entr\u00e9e et autour de la zone du court. Voici quelques suggestions de r\u00e8gles :<\/p>\n<p>\u2022 Portez seulement des chaussures qui ne laissent pas de marques sur le sol.<br \/>\n\u2022 V\u00e9los, patins \u00e0 roues align\u00e9es et planches \u00e0 roulettes interdits sur le court (\u00e0 moins que le syst\u00e8me de rev\u00eatement soit d\u2019un type permettant ces pratiques).<br \/>\n\u2022 Gommes \u00e0 m\u00e2cher, nourriture et boissons (\u00e0 l\u2019exception de l\u2019eau) interdites sur la surface de jeu.<br \/>\n\u2022 Ne faites pas glisser de chaises, de bancs ou d\u2019autres objets sur la surface de jeu.[\/vc_column_text][\/vc_accordion_tab][\/vc_accordion][vc_row_inner][vc_column_inner width=\u00a0\u00bb1\/1&Prime;][vc_column_text]<strong>Vid\u00e9o disponible en ligne.<\/strong>[\/vc_column_text][vc_separator sep_color=\u00a0\u00bbcolor-204406&Prime; el_width=\u00a0\u00bb75px\u00a0\u00bb el_height=\u00a0\u00bb2px\u00a0\u00bb][vc_empty_space empty_h=\u00a0\u00bb2&Prime;][vc_raw_html]JTNDaWZyYW1lJTIwc3JjJTNEJTIyaHR0cHMlM0ElMkYlMkZwbGF5ZXIudmltZW8uY29tJTJGdmlkZW8lMkY1Njg1NDc0NDklMjIlMjB3aWR0aCUzRCUyMjY0MCUyMiUyMGhlaWdodCUzRCUyMjU2NCUyMiUyMGZyYW1lYm9yZGVyJTNEJTIyMCUyMiUyMGFsbG93JTNEJTIyYXV0b3BsYXklM0IlMjBmdWxsc2NyZWVuJTIyJTIwYWxsb3dmdWxsc2NyZWVuJTNFJTNDJTJGaWZyYW1lJTNF[\/vc_raw_html][\/vc_column_inner][\/vc_row_inner][\/vc_column][\/vc_row][vc_row][\/vc_row][vc_row row_height_percent=\u00a0\u00bb0&Prime; overlay_alpha=\u00a0\u00bb50&Prime; gutter_size=\u00a0\u00bb3&Prime; shift_y=\u00a0\u00bb0&Prime; css=\u00a0\u00bb.vc_custom_1569108843026{margin-bottom: 50px !important;}\u00a0\u00bb][vc_column width=\u00a0\u00bb1\/1&Prime;][vc_button button_color=\u00a0\u00bbaccent\u00a0\u00bb size=\u00a0\u00bbbtn-lg\u00a0\u00bb radius=\u00a0\u00bbbtn-circle\u00a0\u00bb border_width=\u00a0\u00bb0&Prime; link=\u00a0\u00bburl:https%3A%2F%2Fwww.guides-sports-loisirs.ca%2Ftennis-exterieurs%2Fwp-content%2Fuploads%2Fsites%2F14%2F2021%2F01%2F4.2_Exploitation_EntretienSurfaceAcrylique.pdf||target:%20_blank|\u00a0\u00bb icon=\u00a0\u00bbfa fa-file-o\u00a0\u00bb el_class=\u00a0\u00bbbtn-pdf\u00a0\u00bb]Version PDF[\/vc_button][\/vc_column][\/vc_row]<\/p>\n<\/div>","protected":false},"excerpt":{"rendered":"<p>[vc_row][vc_column width=\u00a0\u00bb1\/1&Prime;][vc_accordion active_tab=\u00a0\u00bb0&Prime;][vc_accordion_tab title=\u00a0\u00bbLAVAGE\u00a0\u00bb tab_id=\u00a0\u00bb1611601428-1-54&Prime;][vc_column_text css=\u00a0\u00bb.vc_custom_1611773403938{margin-bottom: 20px !important;}\u00a0\u00bb]Il est sugg\u00e9r\u00e9 de nettoyer les courts de tennis une fois par ann\u00e9e [&hellip;]<\/p>\n","protected":false},"author":11,"featured_media":0,"parent":3549,"menu_order":5,"comment_status":"closed","ping_status":"closed","template":"","meta":{"_acf_changed":false,"footnotes":""},"class_list":["post-3566","page","type-page","status-publish","hentry"],"acf":[],"yoast_head":"<!-- This site is optimized with the Yoast SEO plugin v27.2 - https:\/\/yoast.com\/product\/yoast-seo-wordpress\/ -->\n<title>Entretien d\u2019une surface acrylique - Cours de tennis ext\u00e9rieurs<\/title>\n<meta name=\"robots\" content=\"index, follow, max-snippet:-1, max-image-preview:large, max-video-preview:-1\" \/>\n<link rel=\"canonical\" href=\"https:\/\/www.guides-sports-loisirs.ca\/tennis-exterieurs\/exploitation\/entretien-surface-acrylique\/\" \/>\n<meta property=\"og:locale\" content=\"fr_FR\" \/>\n<meta property=\"og:type\" content=\"article\" \/>\n<meta property=\"og:title\" content=\"Entretien d\u2019une surface acrylique - Cours de tennis ext\u00e9rieurs\" \/>\n<meta property=\"og:description\" content=\"[vc_row][vc_column width=\u00a0\u00bb1\/1&Prime;][vc_accordion active_tab=\u00a0\u00bb0&Prime;][vc_accordion_tab title=\u00a0\u00bbLAVAGE\u00a0\u00bb tab_id=\u00a0\u00bb1611601428-1-54&Prime;][vc_column_text css=\u00a0\u00bb.vc_custom_1611773403938{margin-bottom: 20px !important;}\u00a0\u00bb]Il est sugg\u00e9r\u00e9 de nettoyer les courts de tennis une fois par ann\u00e9e [&hellip;]\" \/>\n<meta property=\"og:url\" content=\"https:\/\/www.guides-sports-loisirs.ca\/tennis-exterieurs\/exploitation\/entretien-surface-acrylique\/\" \/>\n<meta property=\"og:site_name\" content=\"Cours de tennis ext\u00e9rieurs\" \/>\n<meta property=\"article:modified_time\" content=\"2021-06-28T20:02:39+00:00\" \/>\n<meta name=\"twitter:card\" content=\"summary_large_image\" \/>\n<meta name=\"twitter:label1\" content=\"Dur\u00e9e de lecture estim\u00e9e\" \/>\n\t<meta name=\"twitter:data1\" content=\"3 minutes\" \/>\n<script type=\"application\/ld+json\" class=\"yoast-schema-graph\">{\"@context\":\"https:\/\/schema.org\",\"@graph\":[{\"@type\":\"WebPage\",\"@id\":\"https:\/\/www.guides-sports-loisirs.ca\/tennis-exterieurs\/exploitation\/entretien-surface-acrylique\/\",\"url\":\"https:\/\/www.guides-sports-loisirs.ca\/tennis-exterieurs\/exploitation\/entretien-surface-acrylique\/\",\"name\":\"Entretien d\u2019une surface acrylique - Cours de tennis ext\u00e9rieurs\",\"isPartOf\":{\"@id\":\"https:\/\/www.guides-sports-loisirs.ca\/tennis-exterieurs\/#website\"},\"datePublished\":\"2021-01-27T18:42:07+00:00\",\"dateModified\":\"2021-06-28T20:02:39+00:00\",\"breadcrumb\":{\"@id\":\"https:\/\/www.guides-sports-loisirs.ca\/tennis-exterieurs\/exploitation\/entretien-surface-acrylique\/#breadcrumb\"},\"inLanguage\":\"fr-FR\",\"potentialAction\":[{\"@type\":\"ReadAction\",\"target\":[\"https:\/\/www.guides-sports-loisirs.ca\/tennis-exterieurs\/exploitation\/entretien-surface-acrylique\/\"]}]},{\"@type\":\"BreadcrumbList\",\"@id\":\"https:\/\/www.guides-sports-loisirs.ca\/tennis-exterieurs\/exploitation\/entretien-surface-acrylique\/#breadcrumb\",\"itemListElement\":[{\"@type\":\"ListItem\",\"position\":1,\"name\":\"Accueil\",\"item\":\"https:\/\/www.guides-sports-loisirs.ca\/tennis-exterieurs\/\"},{\"@type\":\"ListItem\",\"position\":2,\"name\":\"Exploitation\",\"item\":\"https:\/\/www.guides-sports-loisirs.ca\/tennis-exterieurs\/exploitation\/\"},{\"@type\":\"ListItem\",\"position\":3,\"name\":\"Entretien d\u2019une surface acrylique\"}]},{\"@type\":\"WebSite\",\"@id\":\"https:\/\/www.guides-sports-loisirs.ca\/tennis-exterieurs\/#website\",\"url\":\"https:\/\/www.guides-sports-loisirs.ca\/tennis-exterieurs\/\",\"name\":\"Cours de tennis ext\u00e9rieurs\",\"description\":\"Cours de tennis ext\u00e9rieurs\",\"potentialAction\":[{\"@type\":\"SearchAction\",\"target\":{\"@type\":\"EntryPoint\",\"urlTemplate\":\"https:\/\/www.guides-sports-loisirs.ca\/tennis-exterieurs\/?s={search_term_string}\"},\"query-input\":{\"@type\":\"PropertyValueSpecification\",\"valueRequired\":true,\"valueName\":\"search_term_string\"}}],\"inLanguage\":\"fr-FR\"}]}<\/script>\n<!-- \/ Yoast SEO plugin. -->","yoast_head_json":{"title":"Entretien d\u2019une surface acrylique - Cours de tennis ext\u00e9rieurs","robots":{"index":"index","follow":"follow","max-snippet":"max-snippet:-1","max-image-preview":"max-image-preview:large","max-video-preview":"max-video-preview:-1"},"canonical":"https:\/\/www.guides-sports-loisirs.ca\/tennis-exterieurs\/exploitation\/entretien-surface-acrylique\/","og_locale":"fr_FR","og_type":"article","og_title":"Entretien d\u2019une surface acrylique - Cours de tennis ext\u00e9rieurs","og_description":"[vc_row][vc_column width=\u00a0\u00bb1\/1&Prime;][vc_accordion active_tab=\u00a0\u00bb0&Prime;][vc_accordion_tab title=\u00a0\u00bbLAVAGE\u00a0\u00bb tab_id=\u00a0\u00bb1611601428-1-54&Prime;][vc_column_text css=\u00a0\u00bb.vc_custom_1611773403938{margin-bottom: 20px !important;}\u00a0\u00bb]Il est sugg\u00e9r\u00e9 de nettoyer les courts de tennis une fois par ann\u00e9e [&hellip;]","og_url":"https:\/\/www.guides-sports-loisirs.ca\/tennis-exterieurs\/exploitation\/entretien-surface-acrylique\/","og_site_name":"Cours de tennis ext\u00e9rieurs","article_modified_time":"2021-06-28T20:02:39+00:00","twitter_card":"summary_large_image","twitter_misc":{"Dur\u00e9e de lecture estim\u00e9e":"3 minutes"},"schema":{"@context":"https:\/\/schema.org","@graph":[{"@type":"WebPage","@id":"https:\/\/www.guides-sports-loisirs.ca\/tennis-exterieurs\/exploitation\/entretien-surface-acrylique\/","url":"https:\/\/www.guides-sports-loisirs.ca\/tennis-exterieurs\/exploitation\/entretien-surface-acrylique\/","name":"Entretien d\u2019une surface acrylique - Cours de tennis ext\u00e9rieurs","isPartOf":{"@id":"https:\/\/www.guides-sports-loisirs.ca\/tennis-exterieurs\/#website"},"datePublished":"2021-01-27T18:42:07+00:00","dateModified":"2021-06-28T20:02:39+00:00","breadcrumb":{"@id":"https:\/\/www.guides-sports-loisirs.ca\/tennis-exterieurs\/exploitation\/entretien-surface-acrylique\/#breadcrumb"},"inLanguage":"fr-FR","potentialAction":[{"@type":"ReadAction","target":["https:\/\/www.guides-sports-loisirs.ca\/tennis-exterieurs\/exploitation\/entretien-surface-acrylique\/"]}]},{"@type":"BreadcrumbList","@id":"https:\/\/www.guides-sports-loisirs.ca\/tennis-exterieurs\/exploitation\/entretien-surface-acrylique\/#breadcrumb","itemListElement":[{"@type":"ListItem","position":1,"name":"Accueil","item":"https:\/\/www.guides-sports-loisirs.ca\/tennis-exterieurs\/"},{"@type":"ListItem","position":2,"name":"Exploitation","item":"https:\/\/www.guides-sports-loisirs.ca\/tennis-exterieurs\/exploitation\/"},{"@type":"ListItem","position":3,"name":"Entretien d\u2019une surface acrylique"}]},{"@type":"WebSite","@id":"https:\/\/www.guides-sports-loisirs.ca\/tennis-exterieurs\/#website","url":"https:\/\/www.guides-sports-loisirs.ca\/tennis-exterieurs\/","name":"Cours de tennis ext\u00e9rieurs","description":"Cours de tennis ext\u00e9rieurs","potentialAction":[{"@type":"SearchAction","target":{"@type":"EntryPoint","urlTemplate":"https:\/\/www.guides-sports-loisirs.ca\/tennis-exterieurs\/?s={search_term_string}"},"query-input":{"@type":"PropertyValueSpecification","valueRequired":true,"valueName":"search_term_string"}}],"inLanguage":"fr-FR"}]}},"_links":{"self":[{"href":"https:\/\/www.guides-sports-loisirs.ca\/tennis-exterieurs\/wp-json\/wp\/v2\/pages\/3566","targetHints":{"allow":["GET"]}}],"collection":[{"href":"https:\/\/www.guides-sports-loisirs.ca\/tennis-exterieurs\/wp-json\/wp\/v2\/pages"}],"about":[{"href":"https:\/\/www.guides-sports-loisirs.ca\/tennis-exterieurs\/wp-json\/wp\/v2\/types\/page"}],"author":[{"embeddable":true,"href":"https:\/\/www.guides-sports-loisirs.ca\/tennis-exterieurs\/wp-json\/wp\/v2\/users\/11"}],"replies":[{"embeddable":true,"href":"https:\/\/www.guides-sports-loisirs.ca\/tennis-exterieurs\/wp-json\/wp\/v2\/comments?post=3566"}],"version-history":[{"count":11,"href":"https:\/\/www.guides-sports-loisirs.ca\/tennis-exterieurs\/wp-json\/wp\/v2\/pages\/3566\/revisions"}],"predecessor-version":[{"id":3805,"href":"https:\/\/www.guides-sports-loisirs.ca\/tennis-exterieurs\/wp-json\/wp\/v2\/pages\/3566\/revisions\/3805"}],"up":[{"embeddable":true,"href":"https:\/\/www.guides-sports-loisirs.ca\/tennis-exterieurs\/wp-json\/wp\/v2\/pages\/3549"}],"wp:attachment":[{"href":"https:\/\/www.guides-sports-loisirs.ca\/tennis-exterieurs\/wp-json\/wp\/v2\/media?parent=3566"}],"curies":[{"name":"wp","href":"https:\/\/api.w.org\/{rel}","templated":true}]}}