{"id":3549,"date":"2021-01-27T13:02:48","date_gmt":"2021-01-27T18:02:48","guid":{"rendered":"https:\/\/www.guides-sports-loisirs.ca\/tennis-exterieurs\/?page_id=3549"},"modified":"2021-02-02T11:40:41","modified_gmt":"2021-02-02T16:40:41","slug":"exploitation","status":"publish","type":"page","link":"https:\/\/www.guides-sports-loisirs.ca\/tennis-exterieurs\/exploitation\/","title":{"rendered":"Exploitation"},"content":{"rendered":"<div class=\"wpb-content-wrapper\"><p>[vc_row row_height_percent=\u00a0\u00bb0&Prime; overlay_alpha=\u00a0\u00bb50&Prime; gutter_size=\u00a0\u00bb3&Prime; column_width_percent=\u00a0\u00bb100&Prime; shift_y=\u00a0\u00bb0&Prime; z_index=\u00a0\u00bb0&Prime; css=\u00a0\u00bb.vc_custom_1611590174358{margin-top: 40px !important;margin-bottom: 50px !important;}\u00a0\u00bb][vc_column width=\u00a0\u00bb1\/1&Prime;][vc_row_inner row_inner_height_percent=\u00a0\u00bb0&Prime; overlay_alpha=\u00a0\u00bb50&Prime; gutter_size=\u00a0\u00bb3&Prime; shift_y=\u00a0\u00bb0&Prime; z_index=\u00a0\u00bb0&Prime;][vc_column_inner column_width_percent=\u00a0\u00bb100&Prime; gutter_size=\u00a0\u00bb0&Prime; override_padding=\u00a0\u00bbyes\u00a0\u00bb column_padding=\u00a0\u00bb0&Prime; overlay_alpha=\u00a0\u00bb50&Prime; shift_x=\u00a0\u00bb0&Prime; shift_y=\u00a0\u00bb0&Prime; shift_y_down=\u00a0\u00bb0&Prime; z_index=\u00a0\u00bb0&Prime; medium_width=\u00a0\u00bb4&Prime; mobile_width=\u00a0\u00bb0&Prime; width=\u00a0\u00bb1\/4&Prime; el_class=\u00a0\u00bbbox-menu\u00a0\u00bb][vc_custom_heading heading_semantic=\u00a0\u00bbh3&Prime; text_size=\u00a0\u00bbh3&Prime; text_weight=\u00a0\u00bb700&Prime; text_color=\u00a0\u00bbcolor-xsdn\u00a0\u00bb el_class=\u00a0\u00bbtitre\u00a0\u00bb]PLANIFICATION D\u2019ENTRETIEN[\/vc_custom_heading][vc_column_text el_class=\u00a0\u00bbtexte\u00a0\u00bb]Pour une exploitation optimale des courts de tennis, il est n\u00e9cessaire de transmettre les connaissances n\u00e9cessaires aux employ\u00e9s saisonniers charg\u00e9s de leur entretien.[\/vc_column_text][vc_separator sep_color=\u00a0\u00bbcolor-193714&Prime; el_width=\u00a0\u00bb100%\u00a0\u00bb el_height=\u00a0\u00bb1px\u00a0\u00bb][vc_column_text el_class=\u00a0\u00bblien\u00a0\u00bb]<a href=\"https:\/\/www.guides-sports-loisirs.ca\/tennis-exterieurs\/exploitation\/planification-dentretien\/\">En savoir plus<\/a> <img decoding=\"async\" class=\"alignnone wp-image-3744 size-full\" src=\"https:\/\/www.guides-sports-loisirs.ca\/tennis-exterieurs\/wp-content\/uploads\/sites\/14\/2021\/02\/icone_lire-plus.png\" alt=\"Icone lire plus\" width=\"22\" height=\"21\" \/>[\/vc_column_text][vc_separator sep_color=\u00a0\u00bbcolor-193714&Prime; el_width=\u00a0\u00bb100%\u00a0\u00bb el_height=\u00a0\u00bb1px\u00a0\u00bb][vc_column_text el_class=\u00a0\u00bblien\u00a0\u00bb]<a href=\"https:\/\/www.guides-sports-loisirs.ca\/tennis-exterieurs\/wp-content\/uploads\/sites\/14\/2021\/01\/4.1_Exploitation_PlanificationEntretienSurfaces.pdf\" target=\"_blank\" rel=\"noopener noreferrer\">T\u00e9l\u00e9charger le PDF <\/a><img decoding=\"async\" class=\"alignnone wp-image-3745 size-full\" src=\"https:\/\/www.guides-sports-loisirs.ca\/tennis-exterieurs\/wp-content\/uploads\/sites\/14\/2021\/02\/icone_pdf.png\" alt=\"Icone PDF\" width=\"18\" height=\"22\" \/>[\/vc_column_text][\/vc_column_inner][vc_column_inner column_width_percent=\u00a0\u00bb100&Prime; gutter_size=\u00a0\u00bb0&Prime; override_padding=\u00a0\u00bbyes\u00a0\u00bb column_padding=\u00a0\u00bb0&Prime; back_color=\u00a0\u00bbcolor-xsdn\u00a0\u00bb overlay_alpha=\u00a0\u00bb50&Prime; shift_x=\u00a0\u00bb0&Prime; shift_y=\u00a0\u00bb0&Prime; shift_y_down=\u00a0\u00bb0&Prime; z_index=\u00a0\u00bb0&Prime; medium_width=\u00a0\u00bb0&Prime; mobile_width=\u00a0\u00bb0&Prime; width=\u00a0\u00bb1\/4&Prime; el_class=\u00a0\u00bbbox-menu\u00a0\u00bb link_to=\u00a0\u00bb|||\u00a0\u00bb][vc_custom_heading heading_semantic=\u00a0\u00bbh3&Prime; text_size=\u00a0\u00bbh3&Prime; text_weight=\u00a0\u00bb700&Prime; text_color=\u00a0\u00bbcolor-xsdn\u00a0\u00bb el_class=\u00a0\u00bbtitre\u00a0\u00bb]ENTRETIEN D\u2019UNE SURFACE ACRYLIQUE[\/vc_custom_heading][vc_column_text el_class=\u00a0\u00bbtexte\u00a0\u00bb]Il est sugg\u00e9r\u00e9 de nettoyer les courts de tennis une fois par ann\u00e9e \u00e0 l\u2019aide d\u2019une machine \u00e0 haute pression, si n\u00e9cessaire. Surveillez de fa\u00e7on attentive \u00a0[\u2026][\/vc_column_text][vc_separator sep_color=\u00a0\u00bbcolor-193714&Prime; el_width=\u00a0\u00bb100%\u00a0\u00bb el_height=\u00a0\u00bb1px\u00a0\u00bb][vc_column_text el_class=\u00a0\u00bblien\u00a0\u00bb]<a href=\"https:\/\/www.guides-sports-loisirs.ca\/tennis-exterieurs\/exploitation\/entretien-surface-acrylique\/\">En savoir plus<\/a> <img decoding=\"async\" class=\"alignnone wp-image-3744 size-full\" src=\"https:\/\/www.guides-sports-loisirs.ca\/tennis-exterieurs\/wp-content\/uploads\/sites\/14\/2021\/02\/icone_lire-plus.png\" alt=\"Icone lire plus\" width=\"22\" height=\"21\" \/>[\/vc_column_text][vc_separator sep_color=\u00a0\u00bbcolor-193714&Prime; el_width=\u00a0\u00bb100%\u00a0\u00bb el_height=\u00a0\u00bb1px\u00a0\u00bb][vc_column_text el_class=\u00a0\u00bblien\u00a0\u00bb]<a href=\"https:\/\/www.guides-sports-loisirs.ca\/tennis-exterieurs\/wp-content\/uploads\/sites\/14\/2021\/01\/4.2_Exploitation_EntretienSurfaceAcrylique.pdf\" target=\"_blank\" rel=\"noopener noreferrer\">T\u00e9l\u00e9charger le PDF <\/a><img decoding=\"async\" class=\"alignnone wp-image-3745 size-full\" src=\"https:\/\/www.guides-sports-loisirs.ca\/tennis-exterieurs\/wp-content\/uploads\/sites\/14\/2021\/02\/icone_pdf.png\" alt=\"Icone PDF\" width=\"18\" height=\"22\" \/>[\/vc_column_text][\/vc_column_inner][vc_column_inner column_width_percent=\u00a0\u00bb100&Prime; gutter_size=\u00a0\u00bb0&Prime; override_padding=\u00a0\u00bbyes\u00a0\u00bb column_padding=\u00a0\u00bb0&Prime; overlay_alpha=\u00a0\u00bb50&Prime; shift_x=\u00a0\u00bb0&Prime; shift_y=\u00a0\u00bb0&Prime; shift_y_down=\u00a0\u00bb0&Prime; z_index=\u00a0\u00bb0&Prime; medium_width=\u00a0\u00bb4&Prime; mobile_width=\u00a0\u00bb0&Prime; width=\u00a0\u00bb1\/4&Prime; el_class=\u00a0\u00bbbox-menu\u00a0\u00bb][vc_custom_heading heading_semantic=\u00a0\u00bbh3&Prime; text_size=\u00a0\u00bbh3&Prime; text_weight=\u00a0\u00bb700&Prime; text_color=\u00a0\u00bbcolor-xsdn\u00a0\u00bb el_class=\u00a0\u00bbtitre\u00a0\u00bb]ENTRETIEN D\u2019UNE SURFACE DE TERRE BATTUE[\/vc_custom_heading][vc_column_text el_class=\u00a0\u00bbtexte\u00a0\u00bb]Passer le balai sur la surface d\u2019un court de terre battue permet de bien redistribuer la poussi\u00e8re de roche et de lisser la surface. Comme le brossage ass\u00e8che \u00a0[\u2026][\/vc_column_text][vc_separator sep_color=\u00a0\u00bbcolor-193714&Prime; el_width=\u00a0\u00bb100%\u00a0\u00bb el_height=\u00a0\u00bb1px\u00a0\u00bb][vc_column_text el_class=\u00a0\u00bblien\u00a0\u00bb]<a href=\"https:\/\/www.guides-sports-loisirs.ca\/tennis-exterieurs\/exploitation\/entretien-surface-terre-battue\/\">En savoir plus<\/a> <img decoding=\"async\" class=\"alignnone wp-image-3744 size-full\" src=\"https:\/\/www.guides-sports-loisirs.ca\/tennis-exterieurs\/wp-content\/uploads\/sites\/14\/2021\/02\/icone_lire-plus.png\" alt=\"Icone lire plus\" width=\"22\" height=\"21\" \/>[\/vc_column_text][vc_separator sep_color=\u00a0\u00bbcolor-193714&Prime; el_width=\u00a0\u00bb100%\u00a0\u00bb el_height=\u00a0\u00bb1px\u00a0\u00bb][vc_column_text el_class=\u00a0\u00bblien\u00a0\u00bb]<a href=\"https:\/\/www.guides-sports-loisirs.ca\/tennis-exterieurs\/wp-content\/uploads\/sites\/14\/2021\/01\/4.3_Exploitation_EntretienSurfaceTerreBattue.pdf\" target=\"_blank\" rel=\"noopener noreferrer\">T\u00e9l\u00e9charger le PDF <\/a><img decoding=\"async\" class=\"alignnone wp-image-3745 size-full\" src=\"https:\/\/www.guides-sports-loisirs.ca\/tennis-exterieurs\/wp-content\/uploads\/sites\/14\/2021\/02\/icone_pdf.png\" alt=\"Icone PDF\" width=\"18\" height=\"22\" \/>[\/vc_column_text][\/vc_column_inner][vc_column_inner column_width_percent=\u00a0\u00bb100&Prime; gutter_size=\u00a0\u00bb0&Prime; override_padding=\u00a0\u00bbyes\u00a0\u00bb column_padding=\u00a0\u00bb0&Prime; overlay_alpha=\u00a0\u00bb50&Prime; shift_x=\u00a0\u00bb0&Prime; shift_y=\u00a0\u00bb0&Prime; z_index=\u00a0\u00bb0&Prime; medium_width=\u00a0\u00bb0&Prime; width=\u00a0\u00bb1\/4&Prime; el_class=\u00a0\u00bbbox-menu\u00a0\u00bb][vc_custom_heading heading_semantic=\u00a0\u00bbh3&Prime; text_size=\u00a0\u00bbh3&Prime; text_weight=\u00a0\u00bb700&Prime; text_color=\u00a0\u00bbcolor-xsdn\u00a0\u00bb el_class=\u00a0\u00bbtitre\u00a0\u00bb]ENTRETIEN D\u2019UNE SURFACE DE GAZON SYNTH\u00c9TIQUE[\/vc_custom_heading][vc_column_text el_class=\u00a0\u00bbtexte\u00a0\u00bb]Bien que la surface de gazon synth\u00e9tique n\u00e9cessite moins d\u2019entretien, il reste n\u00e9cessaire d\u2019effectuer certaines t\u00e2ches de base en d\u00e9but de saison.[\/vc_column_text][vc_separator sep_color=\u00a0\u00bbcolor-193714&Prime; el_width=\u00a0\u00bb100%\u00a0\u00bb el_height=\u00a0\u00bb1px\u00a0\u00bb][vc_column_text el_class=\u00a0\u00bblien\u00a0\u00bb]<a href=\"https:\/\/www.guides-sports-loisirs.ca\/tennis-exterieurs\/exploitation\/entretien-surface-gazon-synthetique\/\">En savoir plus<\/a> <img decoding=\"async\" class=\"alignnone wp-image-3744 size-full\" src=\"https:\/\/www.guides-sports-loisirs.ca\/tennis-exterieurs\/wp-content\/uploads\/sites\/14\/2021\/02\/icone_lire-plus.png\" alt=\"Icone lire plus\" width=\"22\" height=\"21\" \/>[\/vc_column_text][vc_separator sep_color=\u00a0\u00bbcolor-193714&Prime; el_width=\u00a0\u00bb100%\u00a0\u00bb el_height=\u00a0\u00bb1px\u00a0\u00bb][vc_column_text el_class=\u00a0\u00bblien\u00a0\u00bb]<a href=\"https:\/\/www.guides-sports-loisirs.ca\/tennis-exterieurs\/wp-content\/uploads\/sites\/14\/2021\/01\/4.4_Exploitation_EntretienSurfaceGazonSynthetique.pdf\" target=\"_blank\" rel=\"noopener noreferrer\">T\u00e9l\u00e9charger le PDF <\/a><img decoding=\"async\" class=\"alignnone wp-image-3745 size-full\" src=\"https:\/\/www.guides-sports-loisirs.ca\/tennis-exterieurs\/wp-content\/uploads\/sites\/14\/2021\/02\/icone_pdf.png\" alt=\"Icone PDF\" width=\"18\" height=\"22\" \/>[\/vc_column_text][\/vc_column_inner][\/vc_row_inner][vc_row_inner row_inner_height_percent=\u00a0\u00bb0&Prime; overlay_alpha=\u00a0\u00bb50&Prime; gutter_size=\u00a0\u00bb3&Prime; shift_y=\u00a0\u00bb0&Prime;][vc_column_inner column_width_percent=\u00a0\u00bb100&Prime; gutter_size=\u00a0\u00bb0&Prime; override_padding=\u00a0\u00bbyes\u00a0\u00bb column_padding=\u00a0\u00bb0&Prime; back_color=\u00a0\u00bbcolor-xsdn\u00a0\u00bb overlay_alpha=\u00a0\u00bb50&Prime; shift_x=\u00a0\u00bb0&Prime; shift_y=\u00a0\u00bb0&Prime; z_index=\u00a0\u00bb0&Prime; medium_width=\u00a0\u00bb0&Prime; width=\u00a0\u00bb1\/4&Prime; el_class=\u00a0\u00bbbox-menu\u00a0\u00bb link_to=\u00a0\u00bb|||\u00a0\u00bb][vc_custom_heading heading_semantic=\u00a0\u00bbh3&Prime; text_size=\u00a0\u00bbh3&Prime; text_weight=\u00a0\u00bb700&Prime; text_color=\u00a0\u00bbcolor-xsdn\u00a0\u00bb el_class=\u00a0\u00bbtitre\u00a0\u00bb]OP\u00c9RATIONS[\/vc_custom_heading][vc_column_text el_class=\u00a0\u00bbtexte\u00a0\u00bb]L\u2019exploitation d\u2019une installation tennistique exige d\u2019encadrer et de g\u00e9rer les diff\u00e9rentes op\u00e9rations requises afin de s\u2019assurer que les courts \u00a0[\u2026][\/vc_column_text][vc_separator sep_color=\u00a0\u00bbcolor-193714&Prime; el_width=\u00a0\u00bb100%\u00a0\u00bb el_height=\u00a0\u00bb1px\u00a0\u00bb][vc_column_text el_class=\u00a0\u00bblien\u00a0\u00bb]<a href=\"https:\/\/www.guides-sports-loisirs.ca\/tennis-exterieurs\/exploitation\/operations\/\">En savoir plus<\/a> <img decoding=\"async\" class=\"alignnone wp-image-3744 size-full\" src=\"https:\/\/www.guides-sports-loisirs.ca\/tennis-exterieurs\/wp-content\/uploads\/sites\/14\/2021\/02\/icone_lire-plus.png\" alt=\"Icone lire plus\" width=\"22\" height=\"21\" \/>[\/vc_column_text][vc_separator sep_color=\u00a0\u00bbcolor-193714&Prime; el_width=\u00a0\u00bb100%\u00a0\u00bb el_height=\u00a0\u00bb1px\u00a0\u00bb][vc_column_text el_class=\u00a0\u00bblien\u00a0\u00bb]<a href=\"https:\/\/www.guides-sports-loisirs.ca\/tennis-exterieurs\/wp-content\/uploads\/sites\/14\/2021\/01\/4.5_Exploitation_Operations.pdf\" target=\"_blank\" rel=\"noopener noreferrer\">T\u00e9l\u00e9charger le PDF <\/a><img decoding=\"async\" class=\"alignnone wp-image-3745 size-full\" src=\"https:\/\/www.guides-sports-loisirs.ca\/tennis-exterieurs\/wp-content\/uploads\/sites\/14\/2021\/02\/icone_pdf.png\" alt=\"Icone PDF\" width=\"18\" height=\"22\" \/>[\/vc_column_text][\/vc_column_inner][vc_column_inner column_width_percent=\u00a0\u00bb100&Prime; gutter_size=\u00a0\u00bb0&Prime; override_padding=\u00a0\u00bbyes\u00a0\u00bb column_padding=\u00a0\u00bb0&Prime; overlay_alpha=\u00a0\u00bb50&Prime; shift_x=\u00a0\u00bb0&Prime; shift_y=\u00a0\u00bb0&Prime; z_index=\u00a0\u00bb0&Prime; medium_width=\u00a0\u00bb0&Prime; width=\u00a0\u00bb1\/4&Prime; el_class=\u00a0\u00bbbox-menu\u00a0\u00bb][\/vc_column_inner][vc_column_inner column_width_percent=\u00a0\u00bb100&Prime; gutter_size=\u00a0\u00bb0&Prime; override_padding=\u00a0\u00bbyes\u00a0\u00bb column_padding=\u00a0\u00bb0&Prime; overlay_alpha=\u00a0\u00bb50&Prime; shift_x=\u00a0\u00bb0&Prime; shift_y=\u00a0\u00bb0&Prime; z_index=\u00a0\u00bb0&Prime; medium_width=\u00a0\u00bb0&Prime; width=\u00a0\u00bb1\/4&Prime; el_class=\u00a0\u00bbbox-menu\u00a0\u00bb][\/vc_column_inner][vc_column_inner column_width_percent=\u00a0\u00bb100&Prime; gutter_size=\u00a0\u00bb0&Prime; override_padding=\u00a0\u00bbyes\u00a0\u00bb column_padding=\u00a0\u00bb0&Prime; overlay_alpha=\u00a0\u00bb50&Prime; shift_x=\u00a0\u00bb0&Prime; shift_y=\u00a0\u00bb0&Prime; z_index=\u00a0\u00bb0&Prime; medium_width=\u00a0\u00bb0&Prime; width=\u00a0\u00bb1\/4&Prime; el_class=\u00a0\u00bbbox-menu\u00a0\u00bb][\/vc_column_inner][\/vc_row_inner][\/vc_column][\/vc_row]<\/p>\n<\/div>","protected":false},"excerpt":{"rendered":"<p>[vc_row row_height_percent=\u00a0\u00bb0&Prime; overlay_alpha=\u00a0\u00bb50&Prime; gutter_size=\u00a0\u00bb3&Prime; column_width_percent=\u00a0\u00bb100&Prime; shift_y=\u00a0\u00bb0&Prime; z_index=\u00a0\u00bb0&Prime; css=\u00a0\u00bb.vc_custom_1611590174358{margin-top: 40px !important;margin-bottom: 50px !important;}\u00a0\u00bb][vc_column width=\u00a0\u00bb1\/1&Prime;][vc_row_inner row_inner_height_percent=\u00a0\u00bb0&Prime; overlay_alpha=\u00a0\u00bb50&Prime; gutter_size=\u00a0\u00bb3&Prime; shift_y=\u00a0\u00bb0&Prime; z_index=\u00a0\u00bb0&Prime;][vc_column_inner column_width_percent=\u00a0\u00bb100&Prime; gutter_size=\u00a0\u00bb0&Prime; [&hellip;]<\/p>\n","protected":false},"author":11,"featured_media":0,"parent":0,"menu_order":3,"comment_status":"closed","ping_status":"closed","template":"","meta":{"_acf_changed":false,"footnotes":""},"class_list":["post-3549","page","type-page","status-publish","hentry"],"acf":[],"yoast_head":"<!-- This site is optimized with the Yoast SEO plugin v27.2 - https:\/\/yoast.com\/product\/yoast-seo-wordpress\/ -->\n<title>Exploitation - Cours de tennis ext\u00e9rieurs<\/title>\n<meta name=\"robots\" content=\"index, follow, max-snippet:-1, max-image-preview:large, max-video-preview:-1\" \/>\n<link rel=\"canonical\" href=\"https:\/\/www.guides-sports-loisirs.ca\/tennis-exterieurs\/exploitation\/\" \/>\n<meta property=\"og:locale\" content=\"fr_FR\" \/>\n<meta property=\"og:type\" content=\"article\" \/>\n<meta property=\"og:title\" content=\"Exploitation - Cours de tennis ext\u00e9rieurs\" \/>\n<meta property=\"og:description\" content=\"[vc_row row_height_percent=\u00a0\u00bb0&Prime; overlay_alpha=\u00a0\u00bb50&Prime; gutter_size=\u00a0\u00bb3&Prime; column_width_percent=\u00a0\u00bb100&Prime; shift_y=\u00a0\u00bb0&Prime; z_index=\u00a0\u00bb0&Prime; css=\u00a0\u00bb.vc_custom_1611590174358{margin-top: 40px !important;margin-bottom: 50px !important;}\u00a0\u00bb][vc_column width=\u00a0\u00bb1\/1&Prime;][vc_row_inner row_inner_height_percent=\u00a0\u00bb0&Prime; overlay_alpha=\u00a0\u00bb50&Prime; gutter_size=\u00a0\u00bb3&Prime; shift_y=\u00a0\u00bb0&Prime; z_index=\u00a0\u00bb0&Prime;][vc_column_inner column_width_percent=\u00a0\u00bb100&Prime; gutter_size=\u00a0\u00bb0&Prime; [&hellip;]\" \/>\n<meta property=\"og:url\" content=\"https:\/\/www.guides-sports-loisirs.ca\/tennis-exterieurs\/exploitation\/\" \/>\n<meta property=\"og:site_name\" content=\"Cours de tennis ext\u00e9rieurs\" \/>\n<meta property=\"article:modified_time\" content=\"2021-02-02T16:40:41+00:00\" \/>\n<meta property=\"og:image\" content=\"https:\/\/www.guides-sports-loisirs.ca\/tennis-exterieurs\/wp-content\/uploads\/sites\/14\/2021\/02\/icone_lire-plus.png\" \/>\n<meta name=\"twitter:card\" content=\"summary_large_image\" \/>\n<meta name=\"twitter:label1\" content=\"Dur\u00e9e de lecture estim\u00e9e\" \/>\n\t<meta name=\"twitter:data1\" content=\"4 minutes\" \/>\n<script type=\"application\/ld+json\" class=\"yoast-schema-graph\">{\"@context\":\"https:\/\/schema.org\",\"@graph\":[{\"@type\":\"WebPage\",\"@id\":\"https:\/\/www.guides-sports-loisirs.ca\/tennis-exterieurs\/exploitation\/\",\"url\":\"https:\/\/www.guides-sports-loisirs.ca\/tennis-exterieurs\/exploitation\/\",\"name\":\"Exploitation - Cours de tennis ext\u00e9rieurs\",\"isPartOf\":{\"@id\":\"https:\/\/www.guides-sports-loisirs.ca\/tennis-exterieurs\/#website\"},\"primaryImageOfPage\":{\"@id\":\"https:\/\/www.guides-sports-loisirs.ca\/tennis-exterieurs\/exploitation\/#primaryimage\"},\"image\":{\"@id\":\"https:\/\/www.guides-sports-loisirs.ca\/tennis-exterieurs\/exploitation\/#primaryimage\"},\"thumbnailUrl\":\"https:\/\/www.guides-sports-loisirs.ca\/tennis-exterieurs\/wp-content\/uploads\/sites\/14\/2021\/02\/icone_lire-plus.png\",\"datePublished\":\"2021-01-27T18:02:48+00:00\",\"dateModified\":\"2021-02-02T16:40:41+00:00\",\"breadcrumb\":{\"@id\":\"https:\/\/www.guides-sports-loisirs.ca\/tennis-exterieurs\/exploitation\/#breadcrumb\"},\"inLanguage\":\"fr-FR\",\"potentialAction\":[{\"@type\":\"ReadAction\",\"target\":[\"https:\/\/www.guides-sports-loisirs.ca\/tennis-exterieurs\/exploitation\/\"]}]},{\"@type\":\"ImageObject\",\"inLanguage\":\"fr-FR\",\"@id\":\"https:\/\/www.guides-sports-loisirs.ca\/tennis-exterieurs\/exploitation\/#primaryimage\",\"url\":\"https:\/\/www.guides-sports-loisirs.ca\/tennis-exterieurs\/wp-content\/uploads\/sites\/14\/2021\/02\/icone_lire-plus.png\",\"contentUrl\":\"https:\/\/www.guides-sports-loisirs.ca\/tennis-exterieurs\/wp-content\/uploads\/sites\/14\/2021\/02\/icone_lire-plus.png\",\"width\":22,\"height\":21,\"caption\":\"Icone lire plus\"},{\"@type\":\"BreadcrumbList\",\"@id\":\"https:\/\/www.guides-sports-loisirs.ca\/tennis-exterieurs\/exploitation\/#breadcrumb\",\"itemListElement\":[{\"@type\":\"ListItem\",\"position\":1,\"name\":\"Accueil\",\"item\":\"https:\/\/www.guides-sports-loisirs.ca\/tennis-exterieurs\/\"},{\"@type\":\"ListItem\",\"position\":2,\"name\":\"Exploitation\"}]},{\"@type\":\"WebSite\",\"@id\":\"https:\/\/www.guides-sports-loisirs.ca\/tennis-exterieurs\/#website\",\"url\":\"https:\/\/www.guides-sports-loisirs.ca\/tennis-exterieurs\/\",\"name\":\"Cours de tennis ext\u00e9rieurs\",\"description\":\"Cours de tennis ext\u00e9rieurs\",\"potentialAction\":[{\"@type\":\"SearchAction\",\"target\":{\"@type\":\"EntryPoint\",\"urlTemplate\":\"https:\/\/www.guides-sports-loisirs.ca\/tennis-exterieurs\/?s={search_term_string}\"},\"query-input\":{\"@type\":\"PropertyValueSpecification\",\"valueRequired\":true,\"valueName\":\"search_term_string\"}}],\"inLanguage\":\"fr-FR\"}]}<\/script>\n<!-- \/ Yoast SEO plugin. -->","yoast_head_json":{"title":"Exploitation - Cours de tennis ext\u00e9rieurs","robots":{"index":"index","follow":"follow","max-snippet":"max-snippet:-1","max-image-preview":"max-image-preview:large","max-video-preview":"max-video-preview:-1"},"canonical":"https:\/\/www.guides-sports-loisirs.ca\/tennis-exterieurs\/exploitation\/","og_locale":"fr_FR","og_type":"article","og_title":"Exploitation - Cours de tennis ext\u00e9rieurs","og_description":"[vc_row row_height_percent=\u00a0\u00bb0&Prime; overlay_alpha=\u00a0\u00bb50&Prime; gutter_size=\u00a0\u00bb3&Prime; column_width_percent=\u00a0\u00bb100&Prime; shift_y=\u00a0\u00bb0&Prime; z_index=\u00a0\u00bb0&Prime; css=\u00a0\u00bb.vc_custom_1611590174358{margin-top: 40px !important;margin-bottom: 50px !important;}\u00a0\u00bb][vc_column width=\u00a0\u00bb1\/1&Prime;][vc_row_inner row_inner_height_percent=\u00a0\u00bb0&Prime; overlay_alpha=\u00a0\u00bb50&Prime; gutter_size=\u00a0\u00bb3&Prime; shift_y=\u00a0\u00bb0&Prime; z_index=\u00a0\u00bb0&Prime;][vc_column_inner column_width_percent=\u00a0\u00bb100&Prime; gutter_size=\u00a0\u00bb0&Prime; [&hellip;]","og_url":"https:\/\/www.guides-sports-loisirs.ca\/tennis-exterieurs\/exploitation\/","og_site_name":"Cours de tennis ext\u00e9rieurs","article_modified_time":"2021-02-02T16:40:41+00:00","og_image":[{"url":"https:\/\/www.guides-sports-loisirs.ca\/tennis-exterieurs\/wp-content\/uploads\/sites\/14\/2021\/02\/icone_lire-plus.png","type":"","width":"","height":""}],"twitter_card":"summary_large_image","twitter_misc":{"Dur\u00e9e de lecture estim\u00e9e":"4 minutes"},"schema":{"@context":"https:\/\/schema.org","@graph":[{"@type":"WebPage","@id":"https:\/\/www.guides-sports-loisirs.ca\/tennis-exterieurs\/exploitation\/","url":"https:\/\/www.guides-sports-loisirs.ca\/tennis-exterieurs\/exploitation\/","name":"Exploitation - Cours de tennis ext\u00e9rieurs","isPartOf":{"@id":"https:\/\/www.guides-sports-loisirs.ca\/tennis-exterieurs\/#website"},"primaryImageOfPage":{"@id":"https:\/\/www.guides-sports-loisirs.ca\/tennis-exterieurs\/exploitation\/#primaryimage"},"image":{"@id":"https:\/\/www.guides-sports-loisirs.ca\/tennis-exterieurs\/exploitation\/#primaryimage"},"thumbnailUrl":"https:\/\/www.guides-sports-loisirs.ca\/tennis-exterieurs\/wp-content\/uploads\/sites\/14\/2021\/02\/icone_lire-plus.png","datePublished":"2021-01-27T18:02:48+00:00","dateModified":"2021-02-02T16:40:41+00:00","breadcrumb":{"@id":"https:\/\/www.guides-sports-loisirs.ca\/tennis-exterieurs\/exploitation\/#breadcrumb"},"inLanguage":"fr-FR","potentialAction":[{"@type":"ReadAction","target":["https:\/\/www.guides-sports-loisirs.ca\/tennis-exterieurs\/exploitation\/"]}]},{"@type":"ImageObject","inLanguage":"fr-FR","@id":"https:\/\/www.guides-sports-loisirs.ca\/tennis-exterieurs\/exploitation\/#primaryimage","url":"https:\/\/www.guides-sports-loisirs.ca\/tennis-exterieurs\/wp-content\/uploads\/sites\/14\/2021\/02\/icone_lire-plus.png","contentUrl":"https:\/\/www.guides-sports-loisirs.ca\/tennis-exterieurs\/wp-content\/uploads\/sites\/14\/2021\/02\/icone_lire-plus.png","width":22,"height":21,"caption":"Icone lire plus"},{"@type":"BreadcrumbList","@id":"https:\/\/www.guides-sports-loisirs.ca\/tennis-exterieurs\/exploitation\/#breadcrumb","itemListElement":[{"@type":"ListItem","position":1,"name":"Accueil","item":"https:\/\/www.guides-sports-loisirs.ca\/tennis-exterieurs\/"},{"@type":"ListItem","position":2,"name":"Exploitation"}]},{"@type":"WebSite","@id":"https:\/\/www.guides-sports-loisirs.ca\/tennis-exterieurs\/#website","url":"https:\/\/www.guides-sports-loisirs.ca\/tennis-exterieurs\/","name":"Cours de tennis ext\u00e9rieurs","description":"Cours de tennis ext\u00e9rieurs","potentialAction":[{"@type":"SearchAction","target":{"@type":"EntryPoint","urlTemplate":"https:\/\/www.guides-sports-loisirs.ca\/tennis-exterieurs\/?s={search_term_string}"},"query-input":{"@type":"PropertyValueSpecification","valueRequired":true,"valueName":"search_term_string"}}],"inLanguage":"fr-FR"}]}},"_links":{"self":[{"href":"https:\/\/www.guides-sports-loisirs.ca\/tennis-exterieurs\/wp-json\/wp\/v2\/pages\/3549","targetHints":{"allow":["GET"]}}],"collection":[{"href":"https:\/\/www.guides-sports-loisirs.ca\/tennis-exterieurs\/wp-json\/wp\/v2\/pages"}],"about":[{"href":"https:\/\/www.guides-sports-loisirs.ca\/tennis-exterieurs\/wp-json\/wp\/v2\/types\/page"}],"author":[{"embeddable":true,"href":"https:\/\/www.guides-sports-loisirs.ca\/tennis-exterieurs\/wp-json\/wp\/v2\/users\/11"}],"replies":[{"embeddable":true,"href":"https:\/\/www.guides-sports-loisirs.ca\/tennis-exterieurs\/wp-json\/wp\/v2\/comments?post=3549"}],"version-history":[{"count":10,"href":"https:\/\/www.guides-sports-loisirs.ca\/tennis-exterieurs\/wp-json\/wp\/v2\/pages\/3549\/revisions"}],"predecessor-version":[{"id":3750,"href":"https:\/\/www.guides-sports-loisirs.ca\/tennis-exterieurs\/wp-json\/wp\/v2\/pages\/3549\/revisions\/3750"}],"wp:attachment":[{"href":"https:\/\/www.guides-sports-loisirs.ca\/tennis-exterieurs\/wp-json\/wp\/v2\/media?parent=3549"}],"curies":[{"name":"wp","href":"https:\/\/api.w.org\/{rel}","templated":true}]}}