{"id":3527,"date":"2021-01-27T11:15:48","date_gmt":"2021-01-27T16:15:48","guid":{"rendered":"https:\/\/www.guides-sports-loisirs.ca\/tennis-exterieurs\/?page_id=3527"},"modified":"2021-02-02T11:54:07","modified_gmt":"2021-02-02T16:54:07","slug":"echeancier-type","status":"publish","type":"page","link":"https:\/\/www.guides-sports-loisirs.ca\/tennis-exterieurs\/construction\/echeancier-type\/","title":{"rendered":"\u00c9ch\u00e9ancier type"},"content":{"rendered":"<div class=\"wpb-content-wrapper\"><p>[vc_row][vc_column width=\u00a0\u00bb1\/1&Prime;][vc_column_text css=\u00a0\u00bb.vc_custom_1611941455636{margin-bottom: 0px !important;}\u00a0\u00bb]<\/p>\n<h4><strong>La dur\u00e9e des travaux varie \u00e9norm\u00e9ment d\u2019un projet \u00e0 l\u2019autre. L\u2019\u00e9laboration d\u2019un \u00e9ch\u00e9ancier implique la connaissance des diff\u00e9rentes t\u00e2ches \u00e0 r\u00e9aliser, leur s\u00e9quence, leur dur\u00e9e ainsi que leur interd\u00e9pendance.<\/strong><\/h4>\n<p>Bien que les travaux soient divis\u00e9s en \u00e9tapes distinctes, ces derni\u00e8res peuvent, dans la pratique, se chevaucher et interagir entre elles. Il est donc essentiel de r\u00e9fl\u00e9chir aux interactions entre les diff\u00e9rentes \u00e9tapes afin d\u2019\u00eatre en mesure de pr\u00e9voir et de pallier les possibles d\u00e9lais d\u2019ex\u00e9cution. Par exemple, des d\u00e9lais d\u2019installation d\u2019un rev\u00eatement en acrylique pourraient entra\u00eener le report de la mise en place du syst\u00e8me d\u2019\u00e9clairage et g\u00e9n\u00e9rer un retard important. L\u2019objectif de cette fiche est de d\u00e9montrer l\u2019importance de l\u2019interaction entre les \u00e9tapes afin de mieux \u00e9valuer la dur\u00e9e des travaux.[\/vc_column_text][vc_column_text css=\u00a0\u00bb.vc_custom_1612284833728{margin-bottom: 0px !important;}\u00a0\u00bb]<\/p>\n<h4 style=\"text-align: center;\">\u00c9ch\u00e9ancier type<\/h4>\n<p>[\/vc_column_text][vc_single_image media=\u00a0\u00bb3528&Prime; media_lightbox=\u00a0\u00bbyes\u00a0\u00bb media_width_percent=\u00a0\u00bb65&Prime; alignment=\u00a0\u00bbcenter\u00a0\u00bb css_animation=\u00a0\u00bbzoom-in\u00a0\u00bb lbox_skin=\u00a0\u00bbwhite\u00a0\u00bb el_class=\u00a0\u00bbtable-image\u00a0\u00bb][vc_column_text css=\u00a0\u00bb.vc_custom_1612284805813{margin-bottom: 0px !important;}\u00a0\u00bb]En raison de l\u2019utilisation des courts en saison estivale, l\u2019\u00e9ch\u00e9ancier de r\u00e9alisation pourrait d\u00e9buter \u00e0 l\u2019automne. Il est alors possible de r\u00e9aliser les trois premi\u00e8res \u00e9tapes (mobilisation, terrassement et mise en forme, infrastructures souterraines) \u00e0 l\u2019automne et les autres \u00e9tapes l\u2019ann\u00e9e suivante. Ce calendrier permet d\u2019avoir une base beaucoup plus stable avec une meilleure compaction.[\/vc_column_text][\/vc_column][\/vc_row][vc_row][\/vc_row][vc_row row_height_percent=\u00a0\u00bb0&Prime; overlay_alpha=\u00a0\u00bb50&Prime; gutter_size=\u00a0\u00bb3&Prime; shift_y=\u00a0\u00bb0&Prime; css=\u00a0\u00bb.vc_custom_1569108843026{margin-bottom: 50px !important;}\u00a0\u00bb][vc_column width=\u00a0\u00bb1\/1&Prime;][vc_button button_color=\u00a0\u00bbaccent\u00a0\u00bb size=\u00a0\u00bbbtn-lg\u00a0\u00bb radius=\u00a0\u00bbbtn-circle\u00a0\u00bb border_width=\u00a0\u00bb0&Prime; link=\u00a0\u00bburl:https%3A%2F%2Fwww.guides-sports-loisirs.ca%2Ftennis-exterieurs%2Fwp-content%2Fuploads%2Fsites%2F14%2F2021%2F01%2F3.2_Conctruction_EcheancierType.pdf||target:%20_blank|\u00a0\u00bb icon=\u00a0\u00bbfa fa-file-o\u00a0\u00bb el_class=\u00a0\u00bbbtn-pdf\u00a0\u00bb]Version PDF[\/vc_button][\/vc_column][\/vc_row]<\/p>\n<\/div>","protected":false},"excerpt":{"rendered":"<p>[vc_row][vc_column width=\u00a0\u00bb1\/1&Prime;][vc_column_text css=\u00a0\u00bb.vc_custom_1611941455636{margin-bottom: 0px !important;}\u00a0\u00bb] La dur\u00e9e des travaux varie \u00e9norm\u00e9ment d\u2019un projet \u00e0 l\u2019autre. L\u2019\u00e9laboration d\u2019un \u00e9ch\u00e9ancier implique la [&hellip;]<\/p>\n","protected":false},"author":11,"featured_media":0,"parent":3507,"menu_order":5,"comment_status":"closed","ping_status":"closed","template":"","meta":{"_acf_changed":false,"footnotes":""},"class_list":["post-3527","page","type-page","status-publish","hentry"],"acf":[],"yoast_head":"<!-- This site is optimized with the Yoast SEO plugin v27.4 - https:\/\/yoast.com\/product\/yoast-seo-wordpress\/ -->\n<title>\u00c9ch\u00e9ancier type - Cours de tennis ext\u00e9rieurs<\/title>\n<meta name=\"robots\" content=\"index, follow, max-snippet:-1, max-image-preview:large, max-video-preview:-1\" \/>\n<link rel=\"canonical\" href=\"https:\/\/www.guides-sports-loisirs.ca\/tennis-exterieurs\/construction\/echeancier-type\/\" \/>\n<meta property=\"og:locale\" content=\"fr_FR\" \/>\n<meta property=\"og:type\" content=\"article\" \/>\n<meta property=\"og:title\" content=\"\u00c9ch\u00e9ancier type - Cours de tennis ext\u00e9rieurs\" \/>\n<meta property=\"og:description\" content=\"[vc_row][vc_column width=\u00a0\u00bb1\/1&Prime;][vc_column_text css=\u00a0\u00bb.vc_custom_1611941455636{margin-bottom: 0px !important;}\u00a0\u00bb] La dur\u00e9e des travaux varie \u00e9norm\u00e9ment d\u2019un projet \u00e0 l\u2019autre. L\u2019\u00e9laboration d\u2019un \u00e9ch\u00e9ancier implique la [&hellip;]\" \/>\n<meta property=\"og:url\" content=\"https:\/\/www.guides-sports-loisirs.ca\/tennis-exterieurs\/construction\/echeancier-type\/\" \/>\n<meta property=\"og:site_name\" content=\"Cours de tennis ext\u00e9rieurs\" \/>\n<meta property=\"article:modified_time\" content=\"2021-02-02T16:54:07+00:00\" \/>\n<meta name=\"twitter:card\" content=\"summary_large_image\" \/>\n<meta name=\"twitter:label1\" content=\"Dur\u00e9e de lecture estim\u00e9e\" \/>\n\t<meta name=\"twitter:data1\" content=\"1 minute\" \/>\n<script type=\"application\/ld+json\" class=\"yoast-schema-graph\">{\"@context\":\"https:\\\/\\\/schema.org\",\"@graph\":[{\"@type\":\"WebPage\",\"@id\":\"https:\\\/\\\/www.guides-sports-loisirs.ca\\\/tennis-exterieurs\\\/construction\\\/echeancier-type\\\/\",\"url\":\"https:\\\/\\\/www.guides-sports-loisirs.ca\\\/tennis-exterieurs\\\/construction\\\/echeancier-type\\\/\",\"name\":\"\u00c9ch\u00e9ancier type - Cours de tennis ext\u00e9rieurs\",\"isPartOf\":{\"@id\":\"https:\\\/\\\/www.guides-sports-loisirs.ca\\\/tennis-exterieurs\\\/#website\"},\"datePublished\":\"2021-01-27T16:15:48+00:00\",\"dateModified\":\"2021-02-02T16:54:07+00:00\",\"breadcrumb\":{\"@id\":\"https:\\\/\\\/www.guides-sports-loisirs.ca\\\/tennis-exterieurs\\\/construction\\\/echeancier-type\\\/#breadcrumb\"},\"inLanguage\":\"fr-FR\",\"potentialAction\":[{\"@type\":\"ReadAction\",\"target\":[\"https:\\\/\\\/www.guides-sports-loisirs.ca\\\/tennis-exterieurs\\\/construction\\\/echeancier-type\\\/\"]}]},{\"@type\":\"BreadcrumbList\",\"@id\":\"https:\\\/\\\/www.guides-sports-loisirs.ca\\\/tennis-exterieurs\\\/construction\\\/echeancier-type\\\/#breadcrumb\",\"itemListElement\":[{\"@type\":\"ListItem\",\"position\":1,\"name\":\"Accueil\",\"item\":\"https:\\\/\\\/www.guides-sports-loisirs.ca\\\/tennis-exterieurs\\\/\"},{\"@type\":\"ListItem\",\"position\":2,\"name\":\"Construction\",\"item\":\"https:\\\/\\\/www.guides-sports-loisirs.ca\\\/tennis-exterieurs\\\/construction\\\/\"},{\"@type\":\"ListItem\",\"position\":3,\"name\":\"\u00c9ch\u00e9ancier type\"}]},{\"@type\":\"WebSite\",\"@id\":\"https:\\\/\\\/www.guides-sports-loisirs.ca\\\/tennis-exterieurs\\\/#website\",\"url\":\"https:\\\/\\\/www.guides-sports-loisirs.ca\\\/tennis-exterieurs\\\/\",\"name\":\"Cours de tennis ext\u00e9rieurs\",\"description\":\"Cours de tennis ext\u00e9rieurs\",\"potentialAction\":[{\"@type\":\"SearchAction\",\"target\":{\"@type\":\"EntryPoint\",\"urlTemplate\":\"https:\\\/\\\/www.guides-sports-loisirs.ca\\\/tennis-exterieurs\\\/?s={search_term_string}\"},\"query-input\":{\"@type\":\"PropertyValueSpecification\",\"valueRequired\":true,\"valueName\":\"search_term_string\"}}],\"inLanguage\":\"fr-FR\"}]}<\/script>\n<!-- \/ Yoast SEO plugin. -->","yoast_head_json":{"title":"\u00c9ch\u00e9ancier type - Cours de tennis ext\u00e9rieurs","robots":{"index":"index","follow":"follow","max-snippet":"max-snippet:-1","max-image-preview":"max-image-preview:large","max-video-preview":"max-video-preview:-1"},"canonical":"https:\/\/www.guides-sports-loisirs.ca\/tennis-exterieurs\/construction\/echeancier-type\/","og_locale":"fr_FR","og_type":"article","og_title":"\u00c9ch\u00e9ancier type - Cours de tennis ext\u00e9rieurs","og_description":"[vc_row][vc_column width=\u00a0\u00bb1\/1&Prime;][vc_column_text css=\u00a0\u00bb.vc_custom_1611941455636{margin-bottom: 0px !important;}\u00a0\u00bb] La dur\u00e9e des travaux varie \u00e9norm\u00e9ment d\u2019un projet \u00e0 l\u2019autre. L\u2019\u00e9laboration d\u2019un \u00e9ch\u00e9ancier implique la [&hellip;]","og_url":"https:\/\/www.guides-sports-loisirs.ca\/tennis-exterieurs\/construction\/echeancier-type\/","og_site_name":"Cours de tennis ext\u00e9rieurs","article_modified_time":"2021-02-02T16:54:07+00:00","twitter_card":"summary_large_image","twitter_misc":{"Dur\u00e9e de lecture estim\u00e9e":"1 minute"},"schema":{"@context":"https:\/\/schema.org","@graph":[{"@type":"WebPage","@id":"https:\/\/www.guides-sports-loisirs.ca\/tennis-exterieurs\/construction\/echeancier-type\/","url":"https:\/\/www.guides-sports-loisirs.ca\/tennis-exterieurs\/construction\/echeancier-type\/","name":"\u00c9ch\u00e9ancier type - Cours de tennis ext\u00e9rieurs","isPartOf":{"@id":"https:\/\/www.guides-sports-loisirs.ca\/tennis-exterieurs\/#website"},"datePublished":"2021-01-27T16:15:48+00:00","dateModified":"2021-02-02T16:54:07+00:00","breadcrumb":{"@id":"https:\/\/www.guides-sports-loisirs.ca\/tennis-exterieurs\/construction\/echeancier-type\/#breadcrumb"},"inLanguage":"fr-FR","potentialAction":[{"@type":"ReadAction","target":["https:\/\/www.guides-sports-loisirs.ca\/tennis-exterieurs\/construction\/echeancier-type\/"]}]},{"@type":"BreadcrumbList","@id":"https:\/\/www.guides-sports-loisirs.ca\/tennis-exterieurs\/construction\/echeancier-type\/#breadcrumb","itemListElement":[{"@type":"ListItem","position":1,"name":"Accueil","item":"https:\/\/www.guides-sports-loisirs.ca\/tennis-exterieurs\/"},{"@type":"ListItem","position":2,"name":"Construction","item":"https:\/\/www.guides-sports-loisirs.ca\/tennis-exterieurs\/construction\/"},{"@type":"ListItem","position":3,"name":"\u00c9ch\u00e9ancier type"}]},{"@type":"WebSite","@id":"https:\/\/www.guides-sports-loisirs.ca\/tennis-exterieurs\/#website","url":"https:\/\/www.guides-sports-loisirs.ca\/tennis-exterieurs\/","name":"Cours de tennis ext\u00e9rieurs","description":"Cours de tennis ext\u00e9rieurs","potentialAction":[{"@type":"SearchAction","target":{"@type":"EntryPoint","urlTemplate":"https:\/\/www.guides-sports-loisirs.ca\/tennis-exterieurs\/?s={search_term_string}"},"query-input":{"@type":"PropertyValueSpecification","valueRequired":true,"valueName":"search_term_string"}}],"inLanguage":"fr-FR"}]}},"_links":{"self":[{"href":"https:\/\/www.guides-sports-loisirs.ca\/tennis-exterieurs\/wp-json\/wp\/v2\/pages\/3527","targetHints":{"allow":["GET"]}}],"collection":[{"href":"https:\/\/www.guides-sports-loisirs.ca\/tennis-exterieurs\/wp-json\/wp\/v2\/pages"}],"about":[{"href":"https:\/\/www.guides-sports-loisirs.ca\/tennis-exterieurs\/wp-json\/wp\/v2\/types\/page"}],"author":[{"embeddable":true,"href":"https:\/\/www.guides-sports-loisirs.ca\/tennis-exterieurs\/wp-json\/wp\/v2\/users\/11"}],"replies":[{"embeddable":true,"href":"https:\/\/www.guides-sports-loisirs.ca\/tennis-exterieurs\/wp-json\/wp\/v2\/comments?post=3527"}],"version-history":[{"count":7,"href":"https:\/\/www.guides-sports-loisirs.ca\/tennis-exterieurs\/wp-json\/wp\/v2\/pages\/3527\/revisions"}],"predecessor-version":[{"id":3763,"href":"https:\/\/www.guides-sports-loisirs.ca\/tennis-exterieurs\/wp-json\/wp\/v2\/pages\/3527\/revisions\/3763"}],"up":[{"embeddable":true,"href":"https:\/\/www.guides-sports-loisirs.ca\/tennis-exterieurs\/wp-json\/wp\/v2\/pages\/3507"}],"wp:attachment":[{"href":"https:\/\/www.guides-sports-loisirs.ca\/tennis-exterieurs\/wp-json\/wp\/v2\/media?parent=3527"}],"curies":[{"name":"wp","href":"https:\/\/api.w.org\/{rel}","templated":true}]}}