{"id":3503,"date":"2021-01-27T08:31:31","date_gmt":"2021-01-27T13:31:31","guid":{"rendered":"https:\/\/www.guides-sports-loisirs.ca\/tennis-exterieurs\/?page_id=3503"},"modified":"2021-02-02T12:54:26","modified_gmt":"2021-02-02T17:54:26","slug":"amenagements-et-equipements","status":"publish","type":"page","link":"https:\/\/www.guides-sports-loisirs.ca\/tennis-exterieurs\/conception\/amenagements-et-equipements\/","title":{"rendered":"Am\u00e9nagements et \u00e9quipements"},"content":{"rendered":"<div class=\"wpb-content-wrapper\"><p>[vc_row][vc_column width=\u00a0\u00bb1\/1&Prime;][vc_column_text css=\u00a0\u00bb.vc_custom_1611945615665{margin-bottom: 0px !important;}\u00a0\u00bb]<\/p>\n<h4><strong>On peut parler de deux types d\u2019am\u00e9nagement : l\u2019am\u00e9nagement de base et l\u2019am\u00e9nagement optionnel.<\/strong><\/h4>\n<h4><strong>L\u2019a<em>m\u00e9nagement de base<\/em> comprend les poteaux, les ancrages, les filets et les accessoires d\u2019entretien, le cas \u00e9ch\u00e9ant.<\/strong><\/h4>\n<h4><strong>L\u2019<em>am\u00e9nagement optionnel<\/em> varie en fonction de la vocation des installations (pratique libre ou r\u00e9cr\u00e9ative, comp\u00e9titions, enseignement, entra\u00eenement, etc.). Il comprend divers \u00e9quipements tels les fontaines, les estrades, les bancs, les poubelles et m\u00eame les panneaux d\u2019affichage des r\u00e8glements.<\/strong><\/h4>\n<p>[\/vc_column_text][\/vc_column][\/vc_row][vc_row][vc_column width=\u00a0\u00bb1\/1&Prime;][vc_accordion active_tab=\u00a0\u00bb0&Prime;][vc_accordion_tab title=\u00a0\u00bb\u00c9QUIPEMENTS APPROPRI\u00c9S AUX BESOINS\u00a0\u00bb tab_id=\u00a0\u00bb1611601428-1-54&Prime;][vc_column_text css=\u00a0\u00bb.vc_custom_1611753568408{margin-bottom: 20px !important;}\u00a0\u00bb]Afin m\u00eame de concevoir des installations qui r\u00e9pondront aux besoins actuels et futurs, il y a lieu de s\u2019interroger sur les \u00e9quipements qui en feront partie.<\/p>\n<p>Quelle est la vocation des courts? Exclusivement destin\u00e9s \u00e0 la pratique r\u00e9cr\u00e9ative libre?<br \/>\nY donnera-t-on des cours? Y accueillera-t-on des comp\u00e9titions?<\/p>\n<p>Dans le cas d\u2019une installation exclusivement r\u00e9cr\u00e9ative, on pr\u00e9voira :<\/p>\n<p>\u2022 des poubelles;<br \/>\n\u2022 un panneau d\u2019affichage des r\u00e8glements et des informations aux usagers;<br \/>\n\u2022 des bancs;<br \/>\n\u2022 une fontaine et des toilettes \u00e0 proximit\u00e9.<\/p>\n<p>L\u2019acc\u00e8s des usagers doit \u00eatre facilit\u00e9. Il est possible d\u2019envisager un acc\u00e8s direct et prot\u00e9g\u00e9 pour favoriser l\u2019accessibilit\u00e9 universelle.<\/p>\n<p>Si les courts serviront \u00e0 l\u2019enseignement, l\u2019installation d\u2019un cabanon de rangement est conseill\u00e9e. Une fontaine et des toilettes \u00e0 proximit\u00e9 seront n\u00e9cessaires.<\/p>\n<p>Finalement, pour des courts ayant une vocation comp\u00e9titive, on pr\u00e9voira :<\/p>\n<p>\u2022 une ou des zones d\u2019estrades;<br \/>\n\u2022 une chaise d\u2019arbitre;<br \/>\n\u2022 des panneaux d\u2019affichage du pointage;<br \/>\n\u2022 un petit b\u00e2timent d\u2019accueil.<\/p>\n<p>Le type de surface influence \u00e9galement les besoins. Dans le cas de surfaces en terre battue, offrir des brosses \u00e0 souliers ou un autre dispositif de nettoyage est recommand\u00e9 \u00e0 la sortie des courts dans le but d\u2019\u00e9viter le transfert de terre battue dans l\u2019am\u00e9nagement connexe aux courts.<\/p>\n<p>L\u2019environnement et la proximit\u00e9 d\u2019autres installations sont \u00e9galement des facteurs importants \u00e0 consid\u00e9rer. Par exemple, des toilettes et de l\u2019eau potable sont-elles d\u00e9j\u00e0 accessibles au public \u00e0 proximit\u00e9?[\/vc_column_text][\/vc_accordion_tab][vc_accordion_tab title=\u00a0\u00bb\u00c9QUIPEMENT DE BASE\u00a0\u00bb tab_id=\u00a0\u00bb1611601428-2-69&Prime;][vc_column_text css=\u00a0\u00bb.vc_custom_1612287836840{margin-bottom: 20px !important;}\u00a0\u00bb]<\/p>\n<h3 style=\"color: #badc2a;\">Poteaux de filet<\/h3>\n<p>Plusieurs types de poteaux de filet de tennis sont offerts sur le march\u00e9. La structure et les m\u00e9canismes de tension varient selon le mod\u00e8le. Il est recommand\u00e9 d\u2019opter pour des poteaux en aluminium puisqu\u2019ils sont adapt\u00e9s au climat qu\u00e9b\u00e9cois; par cons\u00e9quent, ils dureront plus longtemps. Il est \u00e0 noter que certains poteaux d\u2019acier sont \u00e9galement tr\u00e8s durables. Les poteaux doivent \u00eatre distants de 12,8 m (42 pi) de part et d\u2019autre.<\/p>\n<p>Il existe deux types de m\u00e9canismes de tension : les m\u00e9canismes internes et les m\u00e9canismes externes. Certains m\u00e9canismes internes sont tr\u00e8s durables, mais il est difficile de les remplacer s\u2019il y a lieu. En contrepartie, les m\u00e9canismes externes sont tout aussi durables et faciles \u00e0 remplacer.<\/p>\n<p>Les poteaux de filet doivent \u00eatre install\u00e9s dans des manchons de type PVC ou d\u2019acier galvanis\u00e9, selon le type de surface. Il faut proc\u00e9der \u00e0 leur installation selon l\u2019une de ces deux m\u00e9thodes :<\/p>\n<p><strong>1. Bases creus\u00e9es et coul\u00e9es sur place<\/strong><\/p>\n<p>Cette m\u00e9thode consiste \u00e0 creuser sur le site m\u00eame et \u00e0 couler des bases de b\u00e9ton dans lesquelles seront install\u00e9s les manchons et les ancrages centraux tubulaires. Les dimensions d\u2019une base de b\u00e9ton devraient \u00eatre de 1,37 m sur 0,41 m (4 \u00bd pi x 1 \u00bc po) en ce qui concerne les poteaux de filet et de 1,22 m sur 0,2 m (4 pi x 7 \u00be po) en ce qui concerne les ancrages centraux. Il est conseill\u00e9 d\u2019utiliser un b\u00e9ton de 25 \u00e0 30 MPa.<\/p>\n<p><strong>2. Bases pyramidales pr\u00e9fabriqu\u00e9es et remblay\u00e9es<\/strong><\/p>\n<p>Cette m\u00e9thode consiste \u00e0 utiliser des bases pr\u00e9fabriqu\u00e9es en b\u00e9ton de forme pyramidale. Les bases sont munies de manchons pour les poteaux de filet. La dimension minimale de ces bases est de 1,37 m (4 \u00bd pi) de hauteur sur 0,36 m (14 po) de largeur pour la partie sup\u00e9rieure et 0,46 m (18 po) de largeur pour la partie inf\u00e9rieure. Cette base doit \u00eatre install\u00e9e \u00e0 niveau, sur un sol en pierre MG20 ou sur un sol stable et remblay\u00e9 avec du mat\u00e9riel conforme et compact\u00e9 minimalement \u00e0 93 %.<\/p>\n<h3 style=\"color: #badc2a;\">Filet<\/h3>\n<p>Un filet de tennis mesure 12,8 m (42 pi) de longueur sur 0,99 m (39 po) de hauteur. La bande du haut permet \u00e0 un c\u00e2ble d\u2019acier de 14,33 m (47 pi) et d\u2019une capacit\u00e9 d\u2019au moins 2000 lb de maintenir le filet \u00e0 la bonne hauteur, soit 0,91 m (3 pi) au centre et 1,07 m (3 \u00bd pi) aux extr\u00e9mit\u00e9s. Au centre du filet, une sangle reli\u00e9e au sol permet de maintenir le filet \u00e0 0,91 m (3 pi) de hauteur. Les mailles des filets de tennis devraient mesurer \u00e0 tout le moins 3 mm de c\u00f4t\u00e9. Les six premi\u00e8res mailles devraient \u00eatre doubl\u00e9es afin de prolonger la dur\u00e9e de vie du filet.<\/p>\n<p>Les filets de qualit\u00e9 sont munis de bandes sup\u00e9rieures en vinyle ou en tissu. Il existe \u00e9galement des filets dont les mailles ont 3,5 ou 4 mm de c\u00f4t\u00e9. Ces derniers devraient \u00eatre utilis\u00e9s uniquement pour les tournois de haut niveau. Lors des comp\u00e9titions sanctionn\u00e9es, des piquets de simple de 1,07 m (42 po) de hauteur doivent \u00eatre install\u00e9s \u00e0 0,91 m (3 pi) de la ligne de c\u00f4t\u00e9 de simple.<\/p>\n<p>La tension exerc\u00e9e sur les poteaux lors du \u00ab tendage \u00bb du filet est consid\u00e9rable. Par cons\u00e9quent, les poteaux peuvent bouger \u00e0 la longue si les bases sont mal con\u00e7ues. La base pyramidale permet de r\u00e9duire les probl\u00e8mes de cette nature. Si jamais les poteaux sont retir\u00e9s l\u2019hiver, pr\u00e9voir des capuchons pour boucher les trous des manchons afin d\u2019\u00e9viter l\u2019infiltration d\u2019eau.[\/vc_column_text][vc_single_image media=\u00a0\u00bb3767&Prime; media_lightbox=\u00a0\u00bbyes\u00a0\u00bb media_width_percent=\u00a0\u00bb65&Prime; css_animation=\u00a0\u00bbzoom-in\u00a0\u00bb lbox_skin=\u00a0\u00bbwhite\u00a0\u00bb el_class=\u00a0\u00bbtable-image\u00a0\u00bb][vc_column_text css=\u00a0\u00bb.vc_custom_1612287967625{margin-top: 20px !important;}\u00a0\u00bb]<\/p>\n<h3 style=\"color: #badc2a;\">Mur d\u2019entra\u00eenement<\/h3>\n<p>Le mur d\u2019entra\u00eenement permet aux joueurs de s\u2019exercer seuls. Trois options sont possibles : le mur pr\u00e9fabriqu\u00e9, le mur en b\u00e9ton et le mur sur mesure avec structure en bois.<\/p>\n<p>Certains murs d\u2019entra\u00eenement pr\u00e9fabriqu\u00e9s (en fibre de verre, par exemple) peuvent \u00eatre install\u00e9s directement sur les poteaux de cl\u00f4ture. Il est \u00e9galement possible d\u2019avoir recours \u00e0 un mur de b\u00e9ton, mais il est plus dispendieux. Enfin, le mur sur mesure avec structure en bois est moins co\u00fbteux, mais il est plus bruyant et moins durable.<\/p>\n<p>Les dimensions id\u00e9ales d\u2019un mur d\u2019entra\u00eenement sont de 4,88 \u00e0 7,31 m (16 \u00e0 24 pi) de large sur 2,44 \u00e0 3,05 m (8 \u00e0 10 pi) de haut.<\/p>\n<p>Le mur d\u2019entra\u00eenement peut se retrouver sur un c\u00f4t\u00e9 lat\u00e9ral du court, \u00e0 l\u2019arri\u00e8re, mais cette option n\u2019est pas recommand\u00e9e parce que la balle aura tendance \u00e0 rebondir pr\u00e8s des pieds du joueur. Il est pr\u00e9f\u00e9rable de l\u2019installer sur une section \u00e0 part, beaucoup plus petite qu\u2019un court standard et exclusivement destin\u00e9e \u00e0 l\u2019entra\u00eenement.<\/p>\n<h3 style=\"color: #badc2a;\">Gradins<\/h3>\n<p>Les gradins se divisent en deux cat\u00e9gories :<\/p>\n<p>\u2022 Gradins amovibles<br \/>\n\u2022 Gradins fixes<\/p>\n<p>Dans les deux cas, la structure est habituellement compos\u00e9e d\u2019aluminium renforc\u00e9 et les dimensions varient. Plusieurs mod\u00e8les sont offerts, munis ou non de garde-corps et d\u2019escaliers d\u2019acc\u00e8s. Tout d\u00e9pend de l\u2019usage et de la hauteur. La hauteur pour laquelle un garde-corps sera n\u00e9cessaire varie selon les assureurs et d\u2019autres facteurs, mais il est conseill\u00e9 d\u2019en installer un dans tous les cas en s\u2019assurant qu\u2019il est conforme aux normes de s\u00e9curit\u00e9.<\/p>\n<p>Peu importe le type de gradins, il est fortement conseill\u00e9 de les installer sur une dalle de b\u00e9ton ou de pav\u00e9 sur une surface plate \u00e0 proximit\u00e9 du court afin de faciliter l\u2019entretien et d\u2019assurer la stabilit\u00e9.<\/p>\n<h3 style=\"color: #badc2a;\">Affichage<\/h3>\n<p>Il est recommand\u00e9 d\u2019afficher bien \u00e0 la vue les r\u00e8glements et consignes qui s\u2019appliquent \u00e0 la pratique du tennis. Il est important de mentionner, entre autres, les types de chaussures admissibles, les comportements prohib\u00e9s, les heures d\u2019ouverture et le syst\u00e8me de r\u00e9servation.<\/p>\n<p>Voici deux exemples d\u2019affiches.[\/vc_column_text][vc_single_image media=\u00a0\u00bb3504&Prime; media_lightbox=\u00a0\u00bbyes\u00a0\u00bb media_width_percent=\u00a0\u00bb65&Prime; css_animation=\u00a0\u00bbzoom-in\u00a0\u00bb lbox_skin=\u00a0\u00bbwhite\u00a0\u00bb el_class=\u00a0\u00bbtable-image\u00a0\u00bb][\/vc_accordion_tab][\/vc_accordion][\/vc_column][\/vc_row][vc_row][\/vc_row][vc_row row_height_percent=\u00a0\u00bb0&Prime; overlay_alpha=\u00a0\u00bb50&Prime; gutter_size=\u00a0\u00bb3&Prime; shift_y=\u00a0\u00bb0&Prime; css=\u00a0\u00bb.vc_custom_1569108843026{margin-bottom: 50px !important;}\u00a0\u00bb][vc_column width=\u00a0\u00bb1\/1&Prime;][vc_button button_color=\u00a0\u00bbaccent\u00a0\u00bb size=\u00a0\u00bbbtn-lg\u00a0\u00bb radius=\u00a0\u00bbbtn-circle\u00a0\u00bb border_width=\u00a0\u00bb0&Prime; link=\u00a0\u00bburl:https%3A%2F%2Fwww.guides-sports-loisirs.ca%2Ftennis-exterieurs%2Fwp-content%2Fuploads%2Fsites%2F14%2F2021%2F01%2F2.8_Conception_AmenagementEquipements.pdf||target:%20_blank|\u00a0\u00bb icon=\u00a0\u00bbfa fa-file-o\u00a0\u00bb el_class=\u00a0\u00bbbtn-pdf\u00a0\u00bb]Version PDF[\/vc_button][\/vc_column][\/vc_row]<\/p>\n<\/div>","protected":false},"excerpt":{"rendered":"<p>[vc_row][vc_column width=\u00a0\u00bb1\/1&Prime;][vc_column_text css=\u00a0\u00bb.vc_custom_1611945615665{margin-bottom: 0px !important;}\u00a0\u00bb] On peut parler de deux types d\u2019am\u00e9nagement : l\u2019am\u00e9nagement de base et l\u2019am\u00e9nagement optionnel. L\u2019am\u00e9nagement [&hellip;]<\/p>\n","protected":false},"author":11,"featured_media":0,"parent":3382,"menu_order":5,"comment_status":"closed","ping_status":"closed","template":"","meta":{"_acf_changed":false,"footnotes":""},"class_list":["post-3503","page","type-page","status-publish","hentry"],"acf":[],"yoast_head":"<!-- This site is optimized with the Yoast SEO plugin v27.2 - https:\/\/yoast.com\/product\/yoast-seo-wordpress\/ -->\n<title>Am\u00e9nagements et \u00e9quipements - Cours de tennis ext\u00e9rieurs<\/title>\n<meta name=\"robots\" content=\"index, follow, max-snippet:-1, max-image-preview:large, max-video-preview:-1\" \/>\n<link rel=\"canonical\" href=\"https:\/\/www.guides-sports-loisirs.ca\/tennis-exterieurs\/conception\/amenagements-et-equipements\/\" \/>\n<meta property=\"og:locale\" content=\"fr_FR\" \/>\n<meta property=\"og:type\" content=\"article\" \/>\n<meta property=\"og:title\" content=\"Am\u00e9nagements et \u00e9quipements - Cours de tennis ext\u00e9rieurs\" \/>\n<meta property=\"og:description\" content=\"[vc_row][vc_column width=\u00a0\u00bb1\/1&Prime;][vc_column_text css=\u00a0\u00bb.vc_custom_1611945615665{margin-bottom: 0px !important;}\u00a0\u00bb] On peut parler de deux types d\u2019am\u00e9nagement : l\u2019am\u00e9nagement de base et l\u2019am\u00e9nagement optionnel. L\u2019am\u00e9nagement [&hellip;]\" \/>\n<meta property=\"og:url\" content=\"https:\/\/www.guides-sports-loisirs.ca\/tennis-exterieurs\/conception\/amenagements-et-equipements\/\" \/>\n<meta property=\"og:site_name\" content=\"Cours de tennis ext\u00e9rieurs\" \/>\n<meta property=\"article:modified_time\" content=\"2021-02-02T17:54:26+00:00\" \/>\n<meta name=\"twitter:card\" content=\"summary_large_image\" \/>\n<meta name=\"twitter:label1\" content=\"Dur\u00e9e de lecture estim\u00e9e\" \/>\n\t<meta name=\"twitter:data1\" content=\"6 minutes\" \/>\n<script type=\"application\/ld+json\" class=\"yoast-schema-graph\">{\"@context\":\"https:\/\/schema.org\",\"@graph\":[{\"@type\":\"WebPage\",\"@id\":\"https:\/\/www.guides-sports-loisirs.ca\/tennis-exterieurs\/conception\/amenagements-et-equipements\/\",\"url\":\"https:\/\/www.guides-sports-loisirs.ca\/tennis-exterieurs\/conception\/amenagements-et-equipements\/\",\"name\":\"Am\u00e9nagements et \u00e9quipements - Cours de tennis ext\u00e9rieurs\",\"isPartOf\":{\"@id\":\"https:\/\/www.guides-sports-loisirs.ca\/tennis-exterieurs\/#website\"},\"datePublished\":\"2021-01-27T13:31:31+00:00\",\"dateModified\":\"2021-02-02T17:54:26+00:00\",\"breadcrumb\":{\"@id\":\"https:\/\/www.guides-sports-loisirs.ca\/tennis-exterieurs\/conception\/amenagements-et-equipements\/#breadcrumb\"},\"inLanguage\":\"fr-FR\",\"potentialAction\":[{\"@type\":\"ReadAction\",\"target\":[\"https:\/\/www.guides-sports-loisirs.ca\/tennis-exterieurs\/conception\/amenagements-et-equipements\/\"]}]},{\"@type\":\"BreadcrumbList\",\"@id\":\"https:\/\/www.guides-sports-loisirs.ca\/tennis-exterieurs\/conception\/amenagements-et-equipements\/#breadcrumb\",\"itemListElement\":[{\"@type\":\"ListItem\",\"position\":1,\"name\":\"Accueil\",\"item\":\"https:\/\/www.guides-sports-loisirs.ca\/tennis-exterieurs\/\"},{\"@type\":\"ListItem\",\"position\":2,\"name\":\"Conception\",\"item\":\"https:\/\/www.guides-sports-loisirs.ca\/tennis-exterieurs\/conception\/\"},{\"@type\":\"ListItem\",\"position\":3,\"name\":\"Am\u00e9nagements et \u00e9quipements\"}]},{\"@type\":\"WebSite\",\"@id\":\"https:\/\/www.guides-sports-loisirs.ca\/tennis-exterieurs\/#website\",\"url\":\"https:\/\/www.guides-sports-loisirs.ca\/tennis-exterieurs\/\",\"name\":\"Cours de tennis ext\u00e9rieurs\",\"description\":\"Cours de tennis ext\u00e9rieurs\",\"potentialAction\":[{\"@type\":\"SearchAction\",\"target\":{\"@type\":\"EntryPoint\",\"urlTemplate\":\"https:\/\/www.guides-sports-loisirs.ca\/tennis-exterieurs\/?s={search_term_string}\"},\"query-input\":{\"@type\":\"PropertyValueSpecification\",\"valueRequired\":true,\"valueName\":\"search_term_string\"}}],\"inLanguage\":\"fr-FR\"}]}<\/script>\n<!-- \/ Yoast SEO plugin. -->","yoast_head_json":{"title":"Am\u00e9nagements et \u00e9quipements - Cours de tennis ext\u00e9rieurs","robots":{"index":"index","follow":"follow","max-snippet":"max-snippet:-1","max-image-preview":"max-image-preview:large","max-video-preview":"max-video-preview:-1"},"canonical":"https:\/\/www.guides-sports-loisirs.ca\/tennis-exterieurs\/conception\/amenagements-et-equipements\/","og_locale":"fr_FR","og_type":"article","og_title":"Am\u00e9nagements et \u00e9quipements - Cours de tennis ext\u00e9rieurs","og_description":"[vc_row][vc_column width=\u00a0\u00bb1\/1&Prime;][vc_column_text css=\u00a0\u00bb.vc_custom_1611945615665{margin-bottom: 0px !important;}\u00a0\u00bb] On peut parler de deux types d\u2019am\u00e9nagement : l\u2019am\u00e9nagement de base et l\u2019am\u00e9nagement optionnel. L\u2019am\u00e9nagement [&hellip;]","og_url":"https:\/\/www.guides-sports-loisirs.ca\/tennis-exterieurs\/conception\/amenagements-et-equipements\/","og_site_name":"Cours de tennis ext\u00e9rieurs","article_modified_time":"2021-02-02T17:54:26+00:00","twitter_card":"summary_large_image","twitter_misc":{"Dur\u00e9e de lecture estim\u00e9e":"6 minutes"},"schema":{"@context":"https:\/\/schema.org","@graph":[{"@type":"WebPage","@id":"https:\/\/www.guides-sports-loisirs.ca\/tennis-exterieurs\/conception\/amenagements-et-equipements\/","url":"https:\/\/www.guides-sports-loisirs.ca\/tennis-exterieurs\/conception\/amenagements-et-equipements\/","name":"Am\u00e9nagements et \u00e9quipements - Cours de tennis ext\u00e9rieurs","isPartOf":{"@id":"https:\/\/www.guides-sports-loisirs.ca\/tennis-exterieurs\/#website"},"datePublished":"2021-01-27T13:31:31+00:00","dateModified":"2021-02-02T17:54:26+00:00","breadcrumb":{"@id":"https:\/\/www.guides-sports-loisirs.ca\/tennis-exterieurs\/conception\/amenagements-et-equipements\/#breadcrumb"},"inLanguage":"fr-FR","potentialAction":[{"@type":"ReadAction","target":["https:\/\/www.guides-sports-loisirs.ca\/tennis-exterieurs\/conception\/amenagements-et-equipements\/"]}]},{"@type":"BreadcrumbList","@id":"https:\/\/www.guides-sports-loisirs.ca\/tennis-exterieurs\/conception\/amenagements-et-equipements\/#breadcrumb","itemListElement":[{"@type":"ListItem","position":1,"name":"Accueil","item":"https:\/\/www.guides-sports-loisirs.ca\/tennis-exterieurs\/"},{"@type":"ListItem","position":2,"name":"Conception","item":"https:\/\/www.guides-sports-loisirs.ca\/tennis-exterieurs\/conception\/"},{"@type":"ListItem","position":3,"name":"Am\u00e9nagements et \u00e9quipements"}]},{"@type":"WebSite","@id":"https:\/\/www.guides-sports-loisirs.ca\/tennis-exterieurs\/#website","url":"https:\/\/www.guides-sports-loisirs.ca\/tennis-exterieurs\/","name":"Cours de tennis ext\u00e9rieurs","description":"Cours de tennis ext\u00e9rieurs","potentialAction":[{"@type":"SearchAction","target":{"@type":"EntryPoint","urlTemplate":"https:\/\/www.guides-sports-loisirs.ca\/tennis-exterieurs\/?s={search_term_string}"},"query-input":{"@type":"PropertyValueSpecification","valueRequired":true,"valueName":"search_term_string"}}],"inLanguage":"fr-FR"}]}},"_links":{"self":[{"href":"https:\/\/www.guides-sports-loisirs.ca\/tennis-exterieurs\/wp-json\/wp\/v2\/pages\/3503","targetHints":{"allow":["GET"]}}],"collection":[{"href":"https:\/\/www.guides-sports-loisirs.ca\/tennis-exterieurs\/wp-json\/wp\/v2\/pages"}],"about":[{"href":"https:\/\/www.guides-sports-loisirs.ca\/tennis-exterieurs\/wp-json\/wp\/v2\/types\/page"}],"author":[{"embeddable":true,"href":"https:\/\/www.guides-sports-loisirs.ca\/tennis-exterieurs\/wp-json\/wp\/v2\/users\/11"}],"replies":[{"embeddable":true,"href":"https:\/\/www.guides-sports-loisirs.ca\/tennis-exterieurs\/wp-json\/wp\/v2\/comments?post=3503"}],"version-history":[{"count":8,"href":"https:\/\/www.guides-sports-loisirs.ca\/tennis-exterieurs\/wp-json\/wp\/v2\/pages\/3503\/revisions"}],"predecessor-version":[{"id":3770,"href":"https:\/\/www.guides-sports-loisirs.ca\/tennis-exterieurs\/wp-json\/wp\/v2\/pages\/3503\/revisions\/3770"}],"up":[{"embeddable":true,"href":"https:\/\/www.guides-sports-loisirs.ca\/tennis-exterieurs\/wp-json\/wp\/v2\/pages\/3382"}],"wp:attachment":[{"href":"https:\/\/www.guides-sports-loisirs.ca\/tennis-exterieurs\/wp-json\/wp\/v2\/media?parent=3503"}],"curies":[{"name":"wp","href":"https:\/\/api.w.org\/{rel}","templated":true}]}}