{"id":3496,"date":"2021-01-26T13:02:06","date_gmt":"2021-01-26T18:02:06","guid":{"rendered":"https:\/\/www.guides-sports-loisirs.ca\/tennis-exterieurs\/?page_id=3496"},"modified":"2021-02-02T12:54:09","modified_gmt":"2021-02-02T17:54:09","slug":"drainage","status":"publish","type":"page","link":"https:\/\/www.guides-sports-loisirs.ca\/tennis-exterieurs\/conception\/drainage\/","title":{"rendered":"Drainage"},"content":{"rendered":"<div class=\"wpb-content-wrapper\"><p>[vc_row][vc_column width=\u00a0\u00bb1\/1&Prime;][vc_column_text css=\u00a0\u00bb.vc_custom_1612210848628{margin-bottom: 0px !important;}\u00a0\u00bb]<\/p>\n<h4><strong>Le drainage est une fonction cruciale dans une infrastructure de tennis, particuli\u00e8rement au Qu\u00e9bec, o\u00f9 les cycles de gel et d\u00e9gel mettent \u00e0 rude \u00e9preuve les terrains de sport.<\/strong><\/h4>\n<h4><strong>Lors de la conception d&rsquo;une installation de tennis, il est important de tenir compte de plusieurs facteurs susceptibles d&rsquo;affecter le drainage tels le type de sol, la topographie, les installations \u00e0 proximit\u00e9, le point de sortie du syst\u00e8me et le syst\u00e8me de r\u00e9gulation du d\u00e9bit, s&rsquo;il y a lieu.<\/strong><\/h4>\n<p>[\/vc_column_text][\/vc_column][\/vc_row][vc_row][vc_column width=\u00a0\u00bb1\/1&Prime;][vc_accordion active_tab=\u00a0\u00bb0&Prime;][vc_accordion_tab title=\u00a0\u00bbDRAINAGE MINIMUM RECOMMAND\u00c9 SELON LE TYPE DE SURFACE\u00a0\u00bb tab_id=\u00a0\u00bb1611601428-1-54&Prime;][vc_column_text css=\u00a0\u00bb.vc_custom_1611682809483{margin-bottom: 20px !important;}\u00a0\u00bb]<strong>Surface d\u2019acrylique (dure) :<\/strong> Drainage p\u00e9riph\u00e9rique sur la base excav\u00e9e et drainage sous-terrain install\u00e9 sur la base excav\u00e9e tous les 4,5 \u00e0 6,5 m (14 \u00e0 21 pi). Les eaux de surface pourront \u00eatre \u00e9vacu\u00e9es par \u00e9coulement et capt\u00e9es par des puisards, des foss\u00e9s ou des caniveaux (\u00e0 l\u2019int\u00e9rieur ou \u00e0 l\u2019ext\u00e9rieur du court).<\/p>\n<p><strong>Surface de terre battue :<\/strong> Drainage p\u00e9riph\u00e9rique sur la base excav\u00e9e et syst\u00e8me de puisards ou de caniveaux en surface pour les eaux d\u2019\u00e9coulement.<\/p>\n<p><strong>Surface de gazon synth\u00e9tique :<\/strong> Drainage p\u00e9riph\u00e9rique sur la base excav\u00e9e; les eaux de surface pourront \u00eatre \u00e9vacu\u00e9es par \u00e9coulement et capt\u00e9es \u00e0 l\u2019ext\u00e9rieur du court par des puisards, des foss\u00e9s ou des caniveaux.<\/p>\n<p>Il est important de tenir compte de l\u2019\u00e9coulement des eaux de surface au moment d\u2019am\u00e9nager un court afin de favoriser un bon \u00e9coulement naturel vers le bas de la pente. Il faut \u00e9galement trouver un moyen de canaliser ou de rediriger ces eaux \u00e0 l\u2019\u00e9cart.[\/vc_column_text][\/vc_accordion_tab][vc_accordion_tab title=\u00a0\u00bbINSTALLATION\u00a0\u00bb tab_id=\u00a0\u00bb1611601428-2-69&Prime;][vc_column_text]Les types de conduits de drainage et le diam\u00e8tre varient en fonction des facteurs mentionn\u00e9s au d\u00e9but de cette section. L\u2019expert responsable de l\u2019\u00e9laboration des plans et devis devra d\u00e9terminer le type de syst\u00e8me, le diam\u00e8tre de la tuyauterie, le mode d\u2019installation et les raccordements n\u00e9cessaires.<\/p>\n<p>S\u2019il y a lieu d\u2019assurer un drainage sous-terrain, on installera le dispositif au fond de la base excav\u00e9e en suivant une tranch\u00e9e continue et en s\u2019assurant que la pente est appropri\u00e9e pour acheminer les eaux vers le point de sortie.<\/p>\n<p>L\u2019installation des conduits doit se faire dans les r\u00e8gles de l\u2019art. Ceux-ci doivent \u00eatre remblay\u00e9s avec de la pierre 20 mm exempte de particules fines et prot\u00e9g\u00e9s par une membrane g\u00e9otextile ad\u00e9quate afin d\u2019emp\u00eacher que les cellules de drainage ne soient obstru\u00e9es par des s\u00e9diments.<\/p>\n<h3 style=\"color: #badc2a;\">Pente<\/h3>\n<p>La pente d\u00e9pend du type de surface et de la topographie. Se r\u00e9f\u00e9rer \u00e0 la fiche 2.4 sur les types de surface.[\/vc_column_text][vc_column_text css=\u00a0\u00bb.vc_custom_1611752992443{margin-top: 40px !important;margin-bottom: 20px !important;}\u00a0\u00bb]<\/p>\n<h3>Mod\u00e8les de pente<\/h3>\n<p>[\/vc_column_text][vc_single_image media=\u00a0\u00bb3499&Prime; media_lightbox=\u00a0\u00bbyes\u00a0\u00bb media_width_percent=\u00a0\u00bb65&Prime; css_animation=\u00a0\u00bbzoom-in\u00a0\u00bb lbox_skin=\u00a0\u00bbwhite\u00a0\u00bb el_class=\u00a0\u00bbtable-image\u00a0\u00bb][vc_empty_space empty_h=\u00a0\u00bb2&Prime;][vc_single_image media=\u00a0\u00bb3500&Prime; media_lightbox=\u00a0\u00bbyes\u00a0\u00bb media_width_percent=\u00a0\u00bb65&Prime; css_animation=\u00a0\u00bbzoom-in\u00a0\u00bb lbox_skin=\u00a0\u00bbwhite\u00a0\u00bb el_class=\u00a0\u00bbtable-image\u00a0\u00bb][\/vc_accordion_tab][\/vc_accordion][\/vc_column][\/vc_row][vc_row][\/vc_row][vc_row row_height_percent=\u00a0\u00bb0&Prime; overlay_alpha=\u00a0\u00bb50&Prime; gutter_size=\u00a0\u00bb3&Prime; shift_y=\u00a0\u00bb0&Prime; css=\u00a0\u00bb.vc_custom_1569108843026{margin-bottom: 50px !important;}\u00a0\u00bb][vc_column width=\u00a0\u00bb1\/1&Prime;][vc_button button_color=\u00a0\u00bbaccent\u00a0\u00bb size=\u00a0\u00bbbtn-lg\u00a0\u00bb radius=\u00a0\u00bbbtn-circle\u00a0\u00bb border_width=\u00a0\u00bb0&Prime; link=\u00a0\u00bburl:https%3A%2F%2Fwww.guides-sports-loisirs.ca%2Ftennis-exterieurs%2Fwp-content%2Fuploads%2Fsites%2F14%2F2021%2F01%2F2.7_Conception_Drainage.pdf||target:%20_blank|\u00a0\u00bb icon=\u00a0\u00bbfa fa-file-o\u00a0\u00bb el_class=\u00a0\u00bbbtn-pdf\u00a0\u00bb]Version PDF[\/vc_button][\/vc_column][\/vc_row]<\/p>\n<\/div>","protected":false},"excerpt":{"rendered":"<p>[vc_row][vc_column width=\u00a0\u00bb1\/1&Prime;][vc_column_text css=\u00a0\u00bb.vc_custom_1612210848628{margin-bottom: 0px !important;}\u00a0\u00bb] Le drainage est une fonction cruciale dans une infrastructure de tennis, particuli\u00e8rement au Qu\u00e9bec, o\u00f9 [&hellip;]<\/p>\n","protected":false},"author":11,"featured_media":0,"parent":3382,"menu_order":5,"comment_status":"closed","ping_status":"closed","template":"","meta":{"_acf_changed":false,"footnotes":""},"class_list":["post-3496","page","type-page","status-publish","hentry"],"acf":[],"yoast_head":"<!-- This site is optimized with the Yoast SEO plugin v27.4 - https:\/\/yoast.com\/product\/yoast-seo-wordpress\/ -->\n<title>Drainage - Cours de tennis ext\u00e9rieurs<\/title>\n<meta name=\"robots\" content=\"index, follow, max-snippet:-1, max-image-preview:large, max-video-preview:-1\" \/>\n<link rel=\"canonical\" href=\"https:\/\/www.guides-sports-loisirs.ca\/tennis-exterieurs\/conception\/drainage\/\" \/>\n<meta property=\"og:locale\" content=\"fr_FR\" \/>\n<meta property=\"og:type\" content=\"article\" \/>\n<meta property=\"og:title\" content=\"Drainage - Cours de tennis ext\u00e9rieurs\" \/>\n<meta property=\"og:description\" content=\"[vc_row][vc_column width=\u00a0\u00bb1\/1&Prime;][vc_column_text css=\u00a0\u00bb.vc_custom_1612210848628{margin-bottom: 0px !important;}\u00a0\u00bb] Le drainage est une fonction cruciale dans une infrastructure de tennis, particuli\u00e8rement au Qu\u00e9bec, o\u00f9 [&hellip;]\" \/>\n<meta property=\"og:url\" content=\"https:\/\/www.guides-sports-loisirs.ca\/tennis-exterieurs\/conception\/drainage\/\" \/>\n<meta property=\"og:site_name\" content=\"Cours de tennis ext\u00e9rieurs\" \/>\n<meta property=\"article:modified_time\" content=\"2021-02-02T17:54:09+00:00\" \/>\n<meta name=\"twitter:card\" content=\"summary_large_image\" \/>\n<meta name=\"twitter:label1\" content=\"Dur\u00e9e de lecture estim\u00e9e\" \/>\n\t<meta name=\"twitter:data1\" content=\"2 minutes\" \/>\n<script type=\"application\/ld+json\" class=\"yoast-schema-graph\">{\"@context\":\"https:\\\/\\\/schema.org\",\"@graph\":[{\"@type\":\"WebPage\",\"@id\":\"https:\\\/\\\/www.guides-sports-loisirs.ca\\\/tennis-exterieurs\\\/conception\\\/drainage\\\/\",\"url\":\"https:\\\/\\\/www.guides-sports-loisirs.ca\\\/tennis-exterieurs\\\/conception\\\/drainage\\\/\",\"name\":\"Drainage - Cours de tennis ext\u00e9rieurs\",\"isPartOf\":{\"@id\":\"https:\\\/\\\/www.guides-sports-loisirs.ca\\\/tennis-exterieurs\\\/#website\"},\"datePublished\":\"2021-01-26T18:02:06+00:00\",\"dateModified\":\"2021-02-02T17:54:09+00:00\",\"breadcrumb\":{\"@id\":\"https:\\\/\\\/www.guides-sports-loisirs.ca\\\/tennis-exterieurs\\\/conception\\\/drainage\\\/#breadcrumb\"},\"inLanguage\":\"fr-FR\",\"potentialAction\":[{\"@type\":\"ReadAction\",\"target\":[\"https:\\\/\\\/www.guides-sports-loisirs.ca\\\/tennis-exterieurs\\\/conception\\\/drainage\\\/\"]}]},{\"@type\":\"BreadcrumbList\",\"@id\":\"https:\\\/\\\/www.guides-sports-loisirs.ca\\\/tennis-exterieurs\\\/conception\\\/drainage\\\/#breadcrumb\",\"itemListElement\":[{\"@type\":\"ListItem\",\"position\":1,\"name\":\"Accueil\",\"item\":\"https:\\\/\\\/www.guides-sports-loisirs.ca\\\/tennis-exterieurs\\\/\"},{\"@type\":\"ListItem\",\"position\":2,\"name\":\"Conception\",\"item\":\"https:\\\/\\\/www.guides-sports-loisirs.ca\\\/tennis-exterieurs\\\/conception\\\/\"},{\"@type\":\"ListItem\",\"position\":3,\"name\":\"Drainage\"}]},{\"@type\":\"WebSite\",\"@id\":\"https:\\\/\\\/www.guides-sports-loisirs.ca\\\/tennis-exterieurs\\\/#website\",\"url\":\"https:\\\/\\\/www.guides-sports-loisirs.ca\\\/tennis-exterieurs\\\/\",\"name\":\"Cours de tennis ext\u00e9rieurs\",\"description\":\"Cours de tennis ext\u00e9rieurs\",\"potentialAction\":[{\"@type\":\"SearchAction\",\"target\":{\"@type\":\"EntryPoint\",\"urlTemplate\":\"https:\\\/\\\/www.guides-sports-loisirs.ca\\\/tennis-exterieurs\\\/?s={search_term_string}\"},\"query-input\":{\"@type\":\"PropertyValueSpecification\",\"valueRequired\":true,\"valueName\":\"search_term_string\"}}],\"inLanguage\":\"fr-FR\"}]}<\/script>\n<!-- \/ Yoast SEO plugin. -->","yoast_head_json":{"title":"Drainage - Cours de tennis ext\u00e9rieurs","robots":{"index":"index","follow":"follow","max-snippet":"max-snippet:-1","max-image-preview":"max-image-preview:large","max-video-preview":"max-video-preview:-1"},"canonical":"https:\/\/www.guides-sports-loisirs.ca\/tennis-exterieurs\/conception\/drainage\/","og_locale":"fr_FR","og_type":"article","og_title":"Drainage - Cours de tennis ext\u00e9rieurs","og_description":"[vc_row][vc_column width=\u00a0\u00bb1\/1&Prime;][vc_column_text css=\u00a0\u00bb.vc_custom_1612210848628{margin-bottom: 0px !important;}\u00a0\u00bb] Le drainage est une fonction cruciale dans une infrastructure de tennis, particuli\u00e8rement au Qu\u00e9bec, o\u00f9 [&hellip;]","og_url":"https:\/\/www.guides-sports-loisirs.ca\/tennis-exterieurs\/conception\/drainage\/","og_site_name":"Cours de tennis ext\u00e9rieurs","article_modified_time":"2021-02-02T17:54:09+00:00","twitter_card":"summary_large_image","twitter_misc":{"Dur\u00e9e de lecture estim\u00e9e":"2 minutes"},"schema":{"@context":"https:\/\/schema.org","@graph":[{"@type":"WebPage","@id":"https:\/\/www.guides-sports-loisirs.ca\/tennis-exterieurs\/conception\/drainage\/","url":"https:\/\/www.guides-sports-loisirs.ca\/tennis-exterieurs\/conception\/drainage\/","name":"Drainage - Cours de tennis ext\u00e9rieurs","isPartOf":{"@id":"https:\/\/www.guides-sports-loisirs.ca\/tennis-exterieurs\/#website"},"datePublished":"2021-01-26T18:02:06+00:00","dateModified":"2021-02-02T17:54:09+00:00","breadcrumb":{"@id":"https:\/\/www.guides-sports-loisirs.ca\/tennis-exterieurs\/conception\/drainage\/#breadcrumb"},"inLanguage":"fr-FR","potentialAction":[{"@type":"ReadAction","target":["https:\/\/www.guides-sports-loisirs.ca\/tennis-exterieurs\/conception\/drainage\/"]}]},{"@type":"BreadcrumbList","@id":"https:\/\/www.guides-sports-loisirs.ca\/tennis-exterieurs\/conception\/drainage\/#breadcrumb","itemListElement":[{"@type":"ListItem","position":1,"name":"Accueil","item":"https:\/\/www.guides-sports-loisirs.ca\/tennis-exterieurs\/"},{"@type":"ListItem","position":2,"name":"Conception","item":"https:\/\/www.guides-sports-loisirs.ca\/tennis-exterieurs\/conception\/"},{"@type":"ListItem","position":3,"name":"Drainage"}]},{"@type":"WebSite","@id":"https:\/\/www.guides-sports-loisirs.ca\/tennis-exterieurs\/#website","url":"https:\/\/www.guides-sports-loisirs.ca\/tennis-exterieurs\/","name":"Cours de tennis ext\u00e9rieurs","description":"Cours de tennis ext\u00e9rieurs","potentialAction":[{"@type":"SearchAction","target":{"@type":"EntryPoint","urlTemplate":"https:\/\/www.guides-sports-loisirs.ca\/tennis-exterieurs\/?s={search_term_string}"},"query-input":{"@type":"PropertyValueSpecification","valueRequired":true,"valueName":"search_term_string"}}],"inLanguage":"fr-FR"}]}},"_links":{"self":[{"href":"https:\/\/www.guides-sports-loisirs.ca\/tennis-exterieurs\/wp-json\/wp\/v2\/pages\/3496","targetHints":{"allow":["GET"]}}],"collection":[{"href":"https:\/\/www.guides-sports-loisirs.ca\/tennis-exterieurs\/wp-json\/wp\/v2\/pages"}],"about":[{"href":"https:\/\/www.guides-sports-loisirs.ca\/tennis-exterieurs\/wp-json\/wp\/v2\/types\/page"}],"author":[{"embeddable":true,"href":"https:\/\/www.guides-sports-loisirs.ca\/tennis-exterieurs\/wp-json\/wp\/v2\/users\/11"}],"replies":[{"embeddable":true,"href":"https:\/\/www.guides-sports-loisirs.ca\/tennis-exterieurs\/wp-json\/wp\/v2\/comments?post=3496"}],"version-history":[{"count":6,"href":"https:\/\/www.guides-sports-loisirs.ca\/tennis-exterieurs\/wp-json\/wp\/v2\/pages\/3496\/revisions"}],"predecessor-version":[{"id":3773,"href":"https:\/\/www.guides-sports-loisirs.ca\/tennis-exterieurs\/wp-json\/wp\/v2\/pages\/3496\/revisions\/3773"}],"up":[{"embeddable":true,"href":"https:\/\/www.guides-sports-loisirs.ca\/tennis-exterieurs\/wp-json\/wp\/v2\/pages\/3382"}],"wp:attachment":[{"href":"https:\/\/www.guides-sports-loisirs.ca\/tennis-exterieurs\/wp-json\/wp\/v2\/media?parent=3496"}],"curies":[{"name":"wp","href":"https:\/\/api.w.org\/{rel}","templated":true}]}}