{"id":3488,"date":"2021-01-26T11:23:45","date_gmt":"2021-01-26T16:23:45","guid":{"rendered":"https:\/\/www.guides-sports-loisirs.ca\/tennis-exterieurs\/?page_id=3488"},"modified":"2021-02-02T12:53:41","modified_gmt":"2021-02-02T17:53:41","slug":"eclairage","status":"publish","type":"page","link":"https:\/\/www.guides-sports-loisirs.ca\/tennis-exterieurs\/conception\/eclairage\/","title":{"rendered":"\u00c9clairage"},"content":{"rendered":"<div class=\"wpb-content-wrapper\"><p>[vc_row][vc_column width=\u00a0\u00bb1\/1&Prime;][vc_accordion active_tab=\u00a0\u00bb0&Prime;][vc_accordion_tab title=\u00a0\u00bbD\u00c9TERMINER LES BESOINS\u00a0\u00bb tab_id=\u00a0\u00bb1611601428-1-54&Prime;][vc_column_text css=\u00a0\u00bb.vc_custom_1611678004483{margin-bottom: 20px !important;}\u00a0\u00bb]La d\u00e9cision d\u2019installer un syst\u00e8me d\u2019\u00e9clairage affectera consid\u00e9rablement le co\u00fbt des travaux. Voici quelques \u00e9l\u00e9ments \u00e0 prendre en consid\u00e9ration :<\/p>\n<p>\u2022 Environnement, voisinage et proximit\u00e9 des maisons<br \/>\n\u2022 Demande de pratique en soir\u00e9e<br \/>\n\u2022 Contraintes en ce qui a trait \u00e0 l\u2019alimentation \u00e9lectrique du syst\u00e8me<br \/>\n\u2022 Mode de fonctionnement et d\u2019interruption du syst\u00e8me<\/p>\n<p>Une multitude d\u2019appareils d\u2019\u00e9clairage sont offerts sur le march\u00e9, mais il est conseill\u00e9 d\u2019opter pour des mod\u00e8les con\u00e7us sp\u00e9cifiquement pour les installations sportives. Ces dispositifs optimisent l\u2019exp\u00e9rience de jeu en soir\u00e9e, limitant par exemple l\u2019\u00e9blouissement que peut causer un syst\u00e8me d\u2019\u00e9clairage non adapt\u00e9. Selon le type d\u2019\u00e9clairage et la hauteur de l\u2019installation, le nombre de m\u00e2ts pourra varier.<\/p>\n<p>Il est maintenant possible d\u2019installer des programmeurs et contr\u00f4leurs d\u2019\u00e9clairage \u00e0 distance qui se configurent \u00e0 l\u2019aide d\u2019une application de t\u00e9l\u00e9phone intelligent. Cette option peut \u00eatre co\u00fbteuse, mais elle peut \u00eatre utile pour r\u00e9pondre \u00e0 certains besoins.[\/vc_column_text][\/vc_accordion_tab][vc_accordion_tab title=\u00a0\u00bbENJEUX ET RESTRICTIONS\u00a0\u00bb tab_id=\u00a0\u00bb1611601428-2-69&Prime;][vc_column_text]La pollution lumineuse engendr\u00e9e par un syst\u00e8me d\u2019\u00e9clairage est caus\u00e9e directement par la hauteur des m\u00e2ts et le type d\u2019appareils utilis\u00e9. On pr\u00e9conise l\u2019\u00e9clairage au DEL en raison de son efficacit\u00e9 et de sa dur\u00e9e de vie. La hauteur des m\u00e2ts varie de 6,1 \u00e0 12,2 m (20 \u00e0 40 pi) en fonction du mod\u00e8le s\u00e9lectionn\u00e9. La conversion au DEL d\u2019un syst\u00e8me existant est possible dans la majorit\u00e9 des cas, mais l\u2019op\u00e9ration pourrait s\u2019av\u00e9rer impossible si le syst\u00e8me est vraiment trop ancien.[\/vc_column_text][\/vc_accordion_tab][vc_accordion_tab title=\u00a0\u00bbTYPES D\u2019\u00c9CLAIRAGE\u00a0\u00bb tab_id=\u00a0\u00bb1611678040618-2-2&Prime;][vc_column_text]Il existe trois types d\u2019\u00e9clairage :<\/p>\n<p>\u2022 Avec projecteurs<br \/>\n\u2022 Avec projecteurs multiorientations<br \/>\n\u2022 \u00c0 d\u00e9filement absolu<\/p>\n<p>L\u2019\u00e9<em>clairage \u00e0 d\u00e9filement absolu<\/em> et l\u2019<em>\u00e9clairage avec projecteur multiorientations<\/em> peuvent \u00eatre install\u00e9s sur des m\u00e2ts de 6,1 \u00e0 7,31 m (20 \u00e0 23 pi) de haut et sont orient\u00e9s directement vers la surface de jeu, limitant ainsi la pollution lumineuse de fa\u00e7on consid\u00e9rable. Toutefois, selon les mod\u00e8les, il pourrait \u00eatre n\u00e9cessaire d\u2019installer des lampadaires entre les surfaces de jeu. Selon les mod\u00e8les et le nombre de courts \u00e0 \u00e9clairer, l\u2019installation de lampadaires uniquement sur le p\u00e9rim\u00e8tre est \u00e9galement possible.<\/p>\n<p>L\u2019<em>\u00e9clairage avec projecteurs<\/em> est souvent install\u00e9 sur des m\u00e2ts plus hauts et, bien que certains mod\u00e8les soient munis de d\u00e9flecteurs, l\u2019onde lumineuse qu\u2019ils g\u00e9n\u00e8rent est plus importante que chez les deux autres types.[\/vc_column_text][\/vc_accordion_tab][vc_accordion_tab title=\u00a0\u00bbNORMES DE CONCEPTION\u00a0\u00bb tab_id=\u00a0\u00bb1611678094263-3-0&Prime;][vc_column_text]La vocation des courts (leurs usages), leur environnement et le type d\u2019\u00e9clairage sont autant de variables \u00e0 prendre en consid\u00e9ration au stade de la conception pour assurer un \u00e9clairage ad\u00e9quat.<\/p>\n<p>Selon le type de pratique, on distingue trois niveaux d\u2019\u00e9clairement minimum. La norme est indiqu\u00e9e ici en \u00ab fc \u00bb (foot-candle), unit\u00e9 d\u2019\u00e9clairement du syst\u00e8me imp\u00e9rial de mesure qui correspond \u00e0 un lumen par pied carr\u00e9.<\/p>\n<p>Tennis r\u00e9cr\u00e9atif : 30 fc = 325 lux<br \/>\nTennis comp\u00e9titif : 55 fc = 600 lux<br \/>\nTennis professionnel : 100 fc = 1000 lux (si tournoi t\u00e9l\u00e9vis\u00e9)<\/p>\n<p>Le nombre de poteaux variera selon le type d\u2019\u00e9clairage choisi, mais voici deux crit\u00e8res de base :<\/p>\n<p>\u2022 Leur positionnement doit limiter l\u2019\u00e9blouissement des joueurs au moment du service ou en r\u00e9ception de lob;<br \/>\n\u2022 Leur positionnement doit \u00eatre s\u00e9curitaire pour emp\u00eacher les joueurs de les heurter : pr\u00e8s du filet, en fond de court ou en bordure de court si le d\u00e9gagement le permet.[\/vc_column_text][\/vc_accordion_tab][vc_accordion_tab title=\u00a0\u00bbCONVERSION AU DEL\u00a0\u00bb tab_id=\u00a0\u00bb1611678171777-4-1&Prime;][vc_column_text]Dans la plupart des installations, il est possible de conserver les m\u00e2ts existants et de remplacer les appareils d\u2019\u00e9clairage (halog\u00e8nes) par de nouveaux appareils au DEL. Certaines v\u00e9rifications de l\u2019installation \u00e9lectrique s\u2019imposent pour d\u00e9terminer les composantes qui seront conserv\u00e9es. Le DEL, dont l\u2019efficacit\u00e9 est plus grande malgr\u00e9 une consommation d\u2019\u00e9nergie plus limit\u00e9e, peut s\u2019adapter ais\u00e9ment, dans la plupart des cas, aux dispositifs \u00e0 l\u2019halog\u00e8ne, plus \u00e9nergivores.[\/vc_column_text][\/vc_accordion_tab][vc_accordion_tab title=\u00a0\u00bbEN CONCLUSION\u00a0\u00bb tab_id=\u00a0\u00bb1611678197624-5-10&Prime;][vc_column_text]Comme mentionn\u00e9 pr\u00e9c\u00e9demment, la particularit\u00e9 d\u2019un \u00e9clairage de courts de tennis est son impact direct sur la performance des joueurs. Selon le d\u00e9gagement entre les courts ou avec la cl\u00f4ture, la configuration des poteaux ou le choix du type d\u2019\u00e9clairage peut varier. L\u2019id\u00e9e principale reste de favoriser un \u00e9clairage bas et directement orient\u00e9 vers la surface avec les m\u00e2ts positionn\u00e9s sur les c\u00f4t\u00e9s. Cette configuration diminue la pollution lumineuse et limitera l\u2019\u00e9blouissement des joueurs dans l\u2019action.[\/vc_column_text][\/vc_accordion_tab][\/vc_accordion][\/vc_column][\/vc_row][vc_row][\/vc_row][vc_row row_height_percent=\u00a0\u00bb0&Prime; overlay_alpha=\u00a0\u00bb50&Prime; gutter_size=\u00a0\u00bb3&Prime; shift_y=\u00a0\u00bb0&Prime; css=\u00a0\u00bb.vc_custom_1569108843026{margin-bottom: 50px !important;}\u00a0\u00bb][vc_column width=\u00a0\u00bb1\/1&Prime;][vc_button button_color=\u00a0\u00bbaccent\u00a0\u00bb size=\u00a0\u00bbbtn-lg\u00a0\u00bb radius=\u00a0\u00bbbtn-circle\u00a0\u00bb border_width=\u00a0\u00bb0&Prime; link=\u00a0\u00bburl:https%3A%2F%2Fwww.guides-sports-loisirs.ca%2Ftennis-exterieurs%2Fwp-content%2Fuploads%2Fsites%2F14%2F2021%2F01%2F2.5_Conception_Eclairage.pdf||target:%20_blank|\u00a0\u00bb icon=\u00a0\u00bbfa fa-file-o\u00a0\u00bb el_class=\u00a0\u00bbbtn-pdf\u00a0\u00bb]Version PDF[\/vc_button][\/vc_column][\/vc_row]<\/p>\n<\/div>","protected":false},"excerpt":{"rendered":"<p>[vc_row][vc_column width=\u00a0\u00bb1\/1&Prime;][vc_accordion active_tab=\u00a0\u00bb0&Prime;][vc_accordion_tab title=\u00a0\u00bbD\u00c9TERMINER LES BESOINS\u00a0\u00bb tab_id=\u00a0\u00bb1611601428-1-54&Prime;][vc_column_text css=\u00a0\u00bb.vc_custom_1611678004483{margin-bottom: 20px !important;}\u00a0\u00bb]La d\u00e9cision d\u2019installer un syst\u00e8me d\u2019\u00e9clairage affectera consid\u00e9rablement le co\u00fbt des [&hellip;]<\/p>\n","protected":false},"author":11,"featured_media":0,"parent":3382,"menu_order":5,"comment_status":"closed","ping_status":"closed","template":"","meta":{"_acf_changed":false,"footnotes":""},"class_list":["post-3488","page","type-page","status-publish","hentry"],"acf":[],"yoast_head":"<!-- This site is optimized with the Yoast SEO plugin v27.2 - https:\/\/yoast.com\/product\/yoast-seo-wordpress\/ -->\n<title>\u00c9clairage - Cours de tennis ext\u00e9rieurs<\/title>\n<meta name=\"robots\" content=\"index, follow, max-snippet:-1, max-image-preview:large, max-video-preview:-1\" \/>\n<link rel=\"canonical\" href=\"https:\/\/www.guides-sports-loisirs.ca\/tennis-exterieurs\/conception\/eclairage\/\" \/>\n<meta property=\"og:locale\" content=\"fr_FR\" \/>\n<meta property=\"og:type\" content=\"article\" \/>\n<meta property=\"og:title\" content=\"\u00c9clairage - Cours de tennis ext\u00e9rieurs\" \/>\n<meta property=\"og:description\" content=\"[vc_row][vc_column width=\u00a0\u00bb1\/1&Prime;][vc_accordion active_tab=\u00a0\u00bb0&Prime;][vc_accordion_tab title=\u00a0\u00bbD\u00c9TERMINER LES BESOINS\u00a0\u00bb tab_id=\u00a0\u00bb1611601428-1-54&Prime;][vc_column_text css=\u00a0\u00bb.vc_custom_1611678004483{margin-bottom: 20px !important;}\u00a0\u00bb]La d\u00e9cision d\u2019installer un syst\u00e8me d\u2019\u00e9clairage affectera consid\u00e9rablement le co\u00fbt des [&hellip;]\" \/>\n<meta property=\"og:url\" content=\"https:\/\/www.guides-sports-loisirs.ca\/tennis-exterieurs\/conception\/eclairage\/\" \/>\n<meta property=\"og:site_name\" content=\"Cours de tennis ext\u00e9rieurs\" \/>\n<meta property=\"article:modified_time\" content=\"2021-02-02T17:53:41+00:00\" \/>\n<meta name=\"twitter:card\" content=\"summary_large_image\" \/>\n<meta name=\"twitter:label1\" content=\"Dur\u00e9e de lecture estim\u00e9e\" \/>\n\t<meta name=\"twitter:data1\" content=\"4 minutes\" \/>\n<script type=\"application\/ld+json\" class=\"yoast-schema-graph\">{\"@context\":\"https:\/\/schema.org\",\"@graph\":[{\"@type\":\"WebPage\",\"@id\":\"https:\/\/www.guides-sports-loisirs.ca\/tennis-exterieurs\/conception\/eclairage\/\",\"url\":\"https:\/\/www.guides-sports-loisirs.ca\/tennis-exterieurs\/conception\/eclairage\/\",\"name\":\"\u00c9clairage - Cours de tennis ext\u00e9rieurs\",\"isPartOf\":{\"@id\":\"https:\/\/www.guides-sports-loisirs.ca\/tennis-exterieurs\/#website\"},\"datePublished\":\"2021-01-26T16:23:45+00:00\",\"dateModified\":\"2021-02-02T17:53:41+00:00\",\"breadcrumb\":{\"@id\":\"https:\/\/www.guides-sports-loisirs.ca\/tennis-exterieurs\/conception\/eclairage\/#breadcrumb\"},\"inLanguage\":\"fr-FR\",\"potentialAction\":[{\"@type\":\"ReadAction\",\"target\":[\"https:\/\/www.guides-sports-loisirs.ca\/tennis-exterieurs\/conception\/eclairage\/\"]}]},{\"@type\":\"BreadcrumbList\",\"@id\":\"https:\/\/www.guides-sports-loisirs.ca\/tennis-exterieurs\/conception\/eclairage\/#breadcrumb\",\"itemListElement\":[{\"@type\":\"ListItem\",\"position\":1,\"name\":\"Accueil\",\"item\":\"https:\/\/www.guides-sports-loisirs.ca\/tennis-exterieurs\/\"},{\"@type\":\"ListItem\",\"position\":2,\"name\":\"Conception\",\"item\":\"https:\/\/www.guides-sports-loisirs.ca\/tennis-exterieurs\/conception\/\"},{\"@type\":\"ListItem\",\"position\":3,\"name\":\"\u00c9clairage\"}]},{\"@type\":\"WebSite\",\"@id\":\"https:\/\/www.guides-sports-loisirs.ca\/tennis-exterieurs\/#website\",\"url\":\"https:\/\/www.guides-sports-loisirs.ca\/tennis-exterieurs\/\",\"name\":\"Cours de tennis ext\u00e9rieurs\",\"description\":\"Cours de tennis ext\u00e9rieurs\",\"potentialAction\":[{\"@type\":\"SearchAction\",\"target\":{\"@type\":\"EntryPoint\",\"urlTemplate\":\"https:\/\/www.guides-sports-loisirs.ca\/tennis-exterieurs\/?s={search_term_string}\"},\"query-input\":{\"@type\":\"PropertyValueSpecification\",\"valueRequired\":true,\"valueName\":\"search_term_string\"}}],\"inLanguage\":\"fr-FR\"}]}<\/script>\n<!-- \/ Yoast SEO plugin. -->","yoast_head_json":{"title":"\u00c9clairage - Cours de tennis ext\u00e9rieurs","robots":{"index":"index","follow":"follow","max-snippet":"max-snippet:-1","max-image-preview":"max-image-preview:large","max-video-preview":"max-video-preview:-1"},"canonical":"https:\/\/www.guides-sports-loisirs.ca\/tennis-exterieurs\/conception\/eclairage\/","og_locale":"fr_FR","og_type":"article","og_title":"\u00c9clairage - Cours de tennis ext\u00e9rieurs","og_description":"[vc_row][vc_column width=\u00a0\u00bb1\/1&Prime;][vc_accordion active_tab=\u00a0\u00bb0&Prime;][vc_accordion_tab title=\u00a0\u00bbD\u00c9TERMINER LES BESOINS\u00a0\u00bb tab_id=\u00a0\u00bb1611601428-1-54&Prime;][vc_column_text css=\u00a0\u00bb.vc_custom_1611678004483{margin-bottom: 20px !important;}\u00a0\u00bb]La d\u00e9cision d\u2019installer un syst\u00e8me d\u2019\u00e9clairage affectera consid\u00e9rablement le co\u00fbt des [&hellip;]","og_url":"https:\/\/www.guides-sports-loisirs.ca\/tennis-exterieurs\/conception\/eclairage\/","og_site_name":"Cours de tennis ext\u00e9rieurs","article_modified_time":"2021-02-02T17:53:41+00:00","twitter_card":"summary_large_image","twitter_misc":{"Dur\u00e9e de lecture estim\u00e9e":"4 minutes"},"schema":{"@context":"https:\/\/schema.org","@graph":[{"@type":"WebPage","@id":"https:\/\/www.guides-sports-loisirs.ca\/tennis-exterieurs\/conception\/eclairage\/","url":"https:\/\/www.guides-sports-loisirs.ca\/tennis-exterieurs\/conception\/eclairage\/","name":"\u00c9clairage - Cours de tennis ext\u00e9rieurs","isPartOf":{"@id":"https:\/\/www.guides-sports-loisirs.ca\/tennis-exterieurs\/#website"},"datePublished":"2021-01-26T16:23:45+00:00","dateModified":"2021-02-02T17:53:41+00:00","breadcrumb":{"@id":"https:\/\/www.guides-sports-loisirs.ca\/tennis-exterieurs\/conception\/eclairage\/#breadcrumb"},"inLanguage":"fr-FR","potentialAction":[{"@type":"ReadAction","target":["https:\/\/www.guides-sports-loisirs.ca\/tennis-exterieurs\/conception\/eclairage\/"]}]},{"@type":"BreadcrumbList","@id":"https:\/\/www.guides-sports-loisirs.ca\/tennis-exterieurs\/conception\/eclairage\/#breadcrumb","itemListElement":[{"@type":"ListItem","position":1,"name":"Accueil","item":"https:\/\/www.guides-sports-loisirs.ca\/tennis-exterieurs\/"},{"@type":"ListItem","position":2,"name":"Conception","item":"https:\/\/www.guides-sports-loisirs.ca\/tennis-exterieurs\/conception\/"},{"@type":"ListItem","position":3,"name":"\u00c9clairage"}]},{"@type":"WebSite","@id":"https:\/\/www.guides-sports-loisirs.ca\/tennis-exterieurs\/#website","url":"https:\/\/www.guides-sports-loisirs.ca\/tennis-exterieurs\/","name":"Cours de tennis ext\u00e9rieurs","description":"Cours de tennis ext\u00e9rieurs","potentialAction":[{"@type":"SearchAction","target":{"@type":"EntryPoint","urlTemplate":"https:\/\/www.guides-sports-loisirs.ca\/tennis-exterieurs\/?s={search_term_string}"},"query-input":{"@type":"PropertyValueSpecification","valueRequired":true,"valueName":"search_term_string"}}],"inLanguage":"fr-FR"}]}},"_links":{"self":[{"href":"https:\/\/www.guides-sports-loisirs.ca\/tennis-exterieurs\/wp-json\/wp\/v2\/pages\/3488","targetHints":{"allow":["GET"]}}],"collection":[{"href":"https:\/\/www.guides-sports-loisirs.ca\/tennis-exterieurs\/wp-json\/wp\/v2\/pages"}],"about":[{"href":"https:\/\/www.guides-sports-loisirs.ca\/tennis-exterieurs\/wp-json\/wp\/v2\/types\/page"}],"author":[{"embeddable":true,"href":"https:\/\/www.guides-sports-loisirs.ca\/tennis-exterieurs\/wp-json\/wp\/v2\/users\/11"}],"replies":[{"embeddable":true,"href":"https:\/\/www.guides-sports-loisirs.ca\/tennis-exterieurs\/wp-json\/wp\/v2\/comments?post=3488"}],"version-history":[{"count":3,"href":"https:\/\/www.guides-sports-loisirs.ca\/tennis-exterieurs\/wp-json\/wp\/v2\/pages\/3488\/revisions"}],"predecessor-version":[{"id":3721,"href":"https:\/\/www.guides-sports-loisirs.ca\/tennis-exterieurs\/wp-json\/wp\/v2\/pages\/3488\/revisions\/3721"}],"up":[{"embeddable":true,"href":"https:\/\/www.guides-sports-loisirs.ca\/tennis-exterieurs\/wp-json\/wp\/v2\/pages\/3382"}],"wp:attachment":[{"href":"https:\/\/www.guides-sports-loisirs.ca\/tennis-exterieurs\/wp-json\/wp\/v2\/media?parent=3488"}],"curies":[{"name":"wp","href":"https:\/\/api.w.org\/{rel}","templated":true}]}}