{"id":3467,"date":"2021-01-26T11:04:19","date_gmt":"2021-01-26T16:04:19","guid":{"rendered":"https:\/\/www.guides-sports-loisirs.ca\/tennis-exterieurs\/?page_id=3467"},"modified":"2021-02-02T13:12:20","modified_gmt":"2021-02-02T18:12:20","slug":"choix-surface-de-jeu","status":"publish","type":"page","link":"https:\/\/www.guides-sports-loisirs.ca\/tennis-exterieurs\/conception\/choix-surface-de-jeu\/","title":{"rendered":"Choix de la surface de jeu"},"content":{"rendered":"<div class=\"wpb-content-wrapper\"><p>[vc_row][vc_column width=\u00a0\u00bb1\/1&Prime;][vc_accordion active_tab=\u00a0\u00bb0&Prime;][vc_accordion_tab title=\u00a0\u00bbENJEUX\u00a0\u00bb tab_id=\u00a0\u00bb1611601827-1-27&Prime;][vc_column_text css=\u00a0\u00bb.vc_custom_1611675646342{margin-bottom: 20px !important;}\u00a0\u00bb]<\/p>\n<h3 style=\"color: #badc2a;\">Politiques et acceptabilit\u00e9 sociale<\/h3>\n<p>On doit tenir compte des politiques et des plans directeurs des municipalit\u00e9s dans le processus de d\u00e9cision visant \u00e0 choisir la surface de jeu. L\u2019acceptabilit\u00e9 sociale entre \u00e9galement en consid\u00e9ration. La population et les instances municipales pourraient aussi faire valoir des enjeux \u00e9cologiques, de sant\u00e9 publique et d\u2019int\u00e9gration paysag\u00e8re.<\/p>\n<h3 style=\"color: #badc2a;\">Investissements<\/h3>\n<p>Les investissements initiaux et d\u2019exploitation doivent \u00eatre analys\u00e9s pour avoir une bonne id\u00e9e des investissements globaux. Les investissements initiaux incluent les co\u00fbts de conception et de r\u00e9alisation. Les investissements d\u2019exploitation incluent les co\u00fbts d\u2019entretien et de remplacement. Les co\u00fbts d\u2019entretien varient selon le type de surface, \u00e9tant plus \u00e9lev\u00e9s pour la terre battue. Cet exercice permet d\u2019estimer l\u2019investissement \u00e0 long terme. La fr\u00e9quence de remplacement a une influence sur les co\u00fbts \u00e0 long terme.<\/p>\n<h3 style=\"color: #badc2a;\">Client\u00e8le cible et programmation<\/h3>\n<p>La client\u00e8le cible et la programmation permettent de d\u00e9finir les exigences d\u2019usage d\u2019un type de surface. La client\u00e8le cible permet de d\u00e9terminer les cat\u00e9gories d\u2019utilisateurs et les sports pratiqu\u00e9s. Pour un site multisport, la programmation permet de fixer le nombre d\u2019heures hebdomadaire requis pour chaque activit\u00e9 ainsi que le nombre de semaines annuel d\u2019utilisation.<\/p>\n<h3 style=\"color: #badc2a;\">Caract\u00e9ristiques sportives et entretien<\/h3>\n<p>Les caract\u00e9ristiques sportives visent \u00e0 assurer la durabilit\u00e9, la s\u00e9curit\u00e9 et la performance. Pour maintenir des performances optimales de tout type de surface, des entretiens fr\u00e9quents et des contr\u00f4les de qualit\u00e9 sont essentiels. Le nombre d\u2019heures d\u2019entretien requis par ann\u00e9e et par personne ainsi que la disponibilit\u00e9 des ressources doivent \u00eatre \u00e9valu\u00e9s. Une formation et un suivi des recommandations du fabricant permettent d\u2019adapter les processus d\u2019entretien<br \/>\nde fa\u00e7on ad\u00e9quate et de respecter les garanties.<\/p>\n<h3 style=\"color: #badc2a;\">Environnement et sant\u00e9 publique<\/h3>\n<p>Le climat, la consommation \u00e9nerg\u00e9tique et la sant\u00e9 publique sont des enjeux environnementaux qui doivent \u00eatre \u00e9valu\u00e9s pour choisir un type de surface. Les gaz \u00e0 effet de serre, les \u00eelots de chaleur ainsi que la contamination de l\u2019eau, de l\u2019air et du sol doivent aussi \u00eatre \u00e9valu\u00e9s. Il en va de m\u00eame pour la consommation \u00e9nerg\u00e9tique (telle que l\u2019eau) et le recyclage, ainsi que les risques toxicologiques et de chaleur accablante.<\/p>\n<p>Des mesures d\u2019att\u00e9nuation des impacts environnementaux, par exemple des plantations ou le verdissement en p\u00e9riph\u00e9rie des courts de gazon synth\u00e9tique, peuvent r\u00e9duire les effets caus\u00e9s par les \u00eelots de chaleur.<\/p>\n<h3 style=\"color: #badc2a;\">Cadre l\u00e9gal, r\u00e9glementaire et normatif<\/h3>\n<p>Les lois, r\u00e8glements et normes peuvent avoir des incidences sur le type de surface \u00e0 privil\u00e9gier. Plusieurs organismes de r\u00e9gie ont des r\u00e8glements ou des exigences normatives pour les courts. Le cadre r\u00e9glementaire peut inclure des exigences de performance de la surface pour des \u00e9v\u00e9nements comme des tournois ou des championnats.<\/p>\n<h4>Co\u00fbts et autres consid\u00e9rations en fonction des enjeux et des types de surface<\/h4>\n<p>[\/vc_column_text][vc_single_image media=\u00a0\u00bb3468&Prime; media_lightbox=\u00a0\u00bbyes\u00a0\u00bb media_width_percent=\u00a0\u00bb65&Prime; css_animation=\u00a0\u00bbzoom-in\u00a0\u00bb lbox_skin=\u00a0\u00bbwhite\u00a0\u00bb el_class=\u00a0\u00bbtable-image\u00a0\u00bb][\/vc_accordion_tab][vc_accordion_tab title=\u00a0\u00bbTYPES DE SURFACE\u00a0\u00bb tab_id=\u00a0\u00bb1611601827-2-55&Prime;][vc_column_text css=\u00a0\u00bb.vc_custom_1611944059482{margin-bottom: 20px !important;}\u00a0\u00bb]<\/p>\n<h3 style=\"color: #badc2a;\">Aper\u00e7u<\/h3>\n<p>La <em>surface \u00e0 rev\u00eatement acrylique<\/em>, commun\u00e9ment appel\u00e9e surface dure, est une surface rapide, mais elle absorbe moins bien les chocs et est donc plus exigeante pour les articulations. La balle a tendance \u00e0 rebondir haut, ce qui permet aux joueurs d\u2019avoir recours \u00e0 plusieurs effets (balle bross\u00e9e, par exemple). La surface dure \u00e0 rev\u00eatement acrylique avec couche de caoutchouc est un compromis int\u00e9ressant entre une surface dure et une surface en terre battue. Elle permet un jeu moyen ou rapide, tout en absorbant mieux les chocs.<\/p>\n<p>\u00c0 l\u2019inverse d\u2019une surface dure, la <em>surface de terre battue<\/em> se distingue comme surface lente, mais elle est beaucoup plus agr\u00e9able pour les articulations. Elle est donc, g\u00e9n\u00e9ralement, une surface de choix pour les joueurs plus \u00e2g\u00e9s et constitue la surface de pr\u00e9dilection pour l\u2019apprentissage du sport. L\u2019entretien d\u2019une telle surface demande n\u00e9anmoins une attention particuli\u00e8re.<\/p>\n<p>Les <em>surfaces synth\u00e9tiques<\/em> comprennent le gazon synth\u00e9tique, la terre battue synth\u00e9tique et les rev\u00eatements en rouleaux coll\u00e9s. Ces surfaces dites souples offrent une vitesse interm\u00e9diaire et un rebond bas. Tout comme la terre battue, elles permettent de glisser plus facilement sur le court.[\/vc_column_text][vc_single_image media=\u00a0\u00bb3470&Prime; media_lightbox=\u00a0\u00bbyes\u00a0\u00bb media_width_percent=\u00a0\u00bb65&Prime; css_animation=\u00a0\u00bbzoom-in\u00a0\u00bb lbox_skin=\u00a0\u00bbwhite\u00a0\u00bb el_class=\u00a0\u00bbtable-image\u00a0\u00bb][vc_column_text css=\u00a0\u00bb.vc_custom_1611944363967{margin-bottom: 20px !important;}\u00a0\u00bb]<\/p>\n<h3 style=\"color: #badc2a;\">Entretien et dur\u00e9e de vie<\/h3>\n<p>La <em>surface \u00e0 rev\u00eatement acrylique<\/em> requiert tr\u00e8s peu d\u2019entretien. Il est conseill\u00e9 de proc\u00e9der au resurfa\u00e7age aux six \u00e0 huit ans, ou plus fr\u00e9quemment si on accueille des comp\u00e9titions qui n\u00e9cessitent une mise \u00e0 niveau. Sa dur\u00e9e de vie est \u00e9troitement li\u00e9e au drainage et \u00e0 l\u2019infrastructure granulaire, compte tenu de sa rigidit\u00e9 qui r\u00e9siste mal aux mouvements du sol. Dans ces circonstances, la dur\u00e9e de vie moyenne d\u2019un court \u00e0 rev\u00eatement acrylique sera de 15 \u00e0 25 ans, apr\u00e8s quoi il y a lieu d\u2019entreprendre une r\u00e9fection majeure.<\/p>\n<p>La <em>surface de terre battue<\/em> n\u00e9cessite un entretien fr\u00e9quent. On distingue la terre battue europ\u00e9enne et la terre battue am\u00e9ricaine. De couleur \u00ab terracotta \u00bb (orang\u00e9 tirant sur le jaune, le rouge ou le brun), la terre battue europ\u00e9enne n\u00e9cessite beaucoup plus d\u2019entretien que son \u00e9quivalent am\u00e9ricain, car elle est r\u00e9put\u00e9e salissante. Une surface en terre battue a une dur\u00e9e de vie d\u2019environ 25 ans sans r\u00e9fection majeure. Apr\u00e8s, il est possible que la surface ait besoin d\u2019un nivellement au laser, auquel cas sa dur\u00e9e de vie passera \u00e0 50 ans.<\/p>\n<p>Les caract\u00e9ristiques d\u2019une <em>surface en gazon synth\u00e9tique<\/em> varient selon le type de fibre. R\u00e8gle g\u00e9n\u00e9rale, ce type de surface n\u00e9cessite tr\u00e8s peu d\u2019entretien, uniquement saisonnier. Les courts de tennis en gazon synth\u00e9tique ont une dur\u00e9e de vie de 18 \u00e0 25 ans. Apr\u00e8s, l\u2019ajout d\u2019une moquette peut \u00eatre n\u00e9cessaire.<\/p>\n<h3 style=\"color: #badc2a;\">Composition et installation<\/h3>\n<p><strong>Rev\u00eatement acrylique<\/strong><\/p>\n<p>Un rev\u00eatement acrylique est une combinaison de r\u00e9sine de latex acrylique, de pigments et de sable de silice, ce dernier fournissant la texture et la vitesse \u00e0 la surface. La vitesse de la surface varie en fonction de la quantit\u00e9 de silice dans les couches du rev\u00eatement. Plus la quantit\u00e9 de sable est \u00e9lev\u00e9e, plus le rebond sera lent.<\/p>\n<p>Pour obtenir une surface dure, deux couches de rev\u00eatement acrylique textur\u00e9 sont appliqu\u00e9es sur une base d\u2019asphalte ou de b\u00e9ton. S\u2019y ajoutent deux \u00e0 trois couches textur\u00e9es de couleur appliqu\u00e9es \u00e0 l\u2019aide d\u2019une raclette en caoutchouc. Par la suite, le lignage est effectu\u00e9 \u00e0 l\u2019aide d\u2019une machine \u00e0 ruban et de peinture acrylique blanche textur\u00e9e.<\/p>\n<p>La surface peut \u00eatre de diff\u00e9rentes couleurs, mais il importe de choisir une couleur qui ne r\u00e9duira pas la visibilit\u00e9 de la balle jaune.<\/p>\n<p>La surface dure en rev\u00eatement acrylique avec ajout d\u2019une couche de caoutchouc est un compromis int\u00e9ressant entre une surface dure et une surface en terre battue. Elle favorise une vitesse de jeu moyenne \u00e0 rapide, mais \u00e9galement une certaine absorption des chocs.<\/p>\n<p>Un rev\u00eatement acrylique avec caoutchouc est compos\u00e9 de trois \u00e0 cinq couches de granules de caoutchouc ainsi que de deux \u00e0 trois couches de caoutchouc dit plus fin, lesquelles viendront sceller les premi\u00e8res couches.<\/p>\n<p>Il est possible de coller un rev\u00eatement acrylique avec caoutchouc ou encore des rouleaux de caoutchouc sur une surface en asphalte ou en b\u00e9ton.[\/vc_column_text][vc_single_image media=\u00a0\u00bb3472&Prime; media_lightbox=\u00a0\u00bbyes\u00a0\u00bb media_width_percent=\u00a0\u00bb65&Prime; css_animation=\u00a0\u00bbzoom-in\u00a0\u00bb lbox_skin=\u00a0\u00bbwhite\u00a0\u00bb el_class=\u00a0\u00bbtable-image\u00a0\u00bb][vc_column_text css=\u00a0\u00bb.vc_custom_1611944495046{margin-bottom: 20px !important;}\u00a0\u00bb]<\/p>\n<p style=\"color: #badc2a;\"><strong>Terre battue<\/strong><\/p>\n<p>La terre battue se divise en deux cat\u00e9gories, soit la terre battue europ\u00e9enne et la terre battue am\u00e9ricaine.<\/p>\n<p>La terre battue europ\u00e9enne est compos\u00e9e majoritairement de poussi\u00e8re de brique appliqu\u00e9e sur une base de glaise particuli\u00e8re. De couleur \u00ab terracotta \u00bb (orang\u00e9 tirant sur le jaune, le rouge ou le brun), elle n\u00e9cessite beaucoup plus d\u2019entretien que son \u00e9quivalent am\u00e9ricain, car elle est r\u00e9put\u00e9e salissante.<\/p>\n<p>La terre battue am\u00e9ricaine est compos\u00e9e de poussi\u00e8re de pierres concass\u00e9es tr\u00e8s fines extraites d\u2019une roche dure et angulaire : le m\u00e9tabasalte. Deux couleurs sont offertes : le rouge et le vert (couleur du m\u00e9tabasalte). Le vert est la couleur la plus populaire en raison de sa grande facilit\u00e9 d\u2019entretien par rapport \u00e0 la terre battue am\u00e9ricaine rouge ou la terre battue europ\u00e9enne.<\/p>\n<p>On ajoute du gypse \u00e0 cette poussi\u00e8re pour lier les particules de pierres et favoriser la r\u00e9tention de l\u2019humidit\u00e9. C\u2019est le gypse qui fera en sorte que la surface deviendra ferme tout en laissant une l\u00e9g\u00e8re poussi\u00e8re sur le dessus afin que les joueurs puissent glisser pour aller chercher certaines balles.<\/p>\n<p>Pour la terre battue am\u00e9ricaine, il faut id\u00e9alement ajouter 2,5 cm (1 po) d\u2019\u00e9paisseur de poussi\u00e8re de pierres sur une base stable afin de retenir l\u2019humidit\u00e9. Tout court de tennis devant avoir une pente contribuant au drainage apr\u00e8s la pluie, la pente d\u2019un court de terre battue sera de 2,5 cm (1 po) \u00e0 tous les 7,3 \u00e0 9,1 m (24 \u00e0 30 pi). Par exemple, un court de simple de 18,28 m (60 pi) sur 36,57 m (120 pi) devrait avoir une pente de 5,08 \u00e0 6,35 cm (2 \u00e0 2 \u00bd po) sur la largeur ou de 10,16 \u00e0 12,7 cm (4 \u00e0 5 po) sur la longueur.<\/p>\n<p>Les lignes de jeu seront install\u00e9es en dernier lieu. Il s\u2019agit de bandes de vinyle appos\u00e9es au sol.[\/vc_column_text][vc_single_image media=\u00a0\u00bb3473&Prime; media_lightbox=\u00a0\u00bbyes\u00a0\u00bb media_width_percent=\u00a0\u00bb65&Prime; css_animation=\u00a0\u00bbzoom-in\u00a0\u00bb lbox_skin=\u00a0\u00bbwhite\u00a0\u00bb el_class=\u00a0\u00bbtable-image\u00a0\u00bb][vc_column_text css=\u00a0\u00bb.vc_custom_1611944528838{margin-bottom: 20px !important;}\u00a0\u00bb]<\/p>\n<p style=\"color: #badc2a;\"><strong>Surfaces synth\u00e9tiques<\/strong><\/p>\n<p>La plus commune des trois types de surface synth\u00e9tique est le gazon synth\u00e9tique. Il s\u2019agit d\u2019une membrane de fibres synth\u00e9tiques \u00e0 base de poly\u00e9thyl\u00e8ne, de polypropyl\u00e8ne ou de nylon tiss\u00e9 sur un endos \u00e0 plusieurs couches recouvertes de polyur\u00e9thane. Il faut y ajouter par la suite du sable lav\u00e9 ou du sable de silice. La surface est fabriqu\u00e9e en rouleaux de 3,65 \u00e0 4,57 m (12 \u00e0 15 pi), offerts principalement en vert, bleu ou rouge. On installe ce mat\u00e9riau sur une base de poussi\u00e8re de pierre ou d\u2019asphalte dont les joints sont coll\u00e9s et les lignes ins\u00e9r\u00e9es selon la technique du double encollage, dans les deux cas.[\/vc_column_text][vc_single_image media=\u00a0\u00bb3474&Prime; media_lightbox=\u00a0\u00bbyes\u00a0\u00bb media_width_percent=\u00a0\u00bb65&Prime; css_animation=\u00a0\u00bbzoom-in\u00a0\u00bb lbox_skin=\u00a0\u00bbwhite\u00a0\u00bb el_class=\u00a0\u00bbtable-image\u00a0\u00bb][vc_column_text css=\u00a0\u00bb.vc_custom_1611676974122{margin-bottom: 20px !important;}\u00a0\u00bb]Les caract\u00e9ristiques de la terre battue synth\u00e9tique rappellent fortement celles de la terre battue conventionnelle, \u00e0 l\u2019exception qu\u2019elle ne n\u00e9cessite que tr\u00e8s peu d\u2019entretien. Il s\u2019agit d\u2019une membrane de fibres poly\u00e9thyl\u00e8nes tiss\u00e9e selon la technique de broderie au poin\u00e7on. La membrane est coll\u00e9e int\u00e9gralement sur une base d\u2019asphalte ou de b\u00e9ton, \u00e0 laquelle on ajoute de la terre battue. Les lignes sont peintes en relief, \u00e0 m\u00eame la membrane, \u00e0 l\u2019aide d\u2019une peinture r\u00e9sistante polyur\u00e9thane \u00e0 deux composantes.<\/p>\n<p>Enfin, les surfaces synth\u00e9tiques en rouleaux, beaucoup moins courantes et exclusivement destin\u00e9es aux surfaces int\u00e9rieures, sont compos\u00e9es de rouleaux de caoutchouc textur\u00e9, d\u2019\u00e9paisseur variable selon le syst\u00e8me. Les rouleaux sont coll\u00e9s ou partiellement coll\u00e9s sur une base de b\u00e9ton. Les lignes sont peintes sans relief avec une peinture polyur\u00e9thane. Ces surfaces sont g\u00e9n\u00e9ralement tr\u00e8s rapides, mais ne sont pas exigeantes pour les articulations, ce qui en fait un choix int\u00e9ressant pour les installations int\u00e9rieures multisports.[\/vc_column_text][vc_single_image media=\u00a0\u00bb3475&Prime; media_lightbox=\u00a0\u00bbyes\u00a0\u00bb media_width_percent=\u00a0\u00bb65&Prime; css_animation=\u00a0\u00bbzoom-in\u00a0\u00bb lbox_skin=\u00a0\u00bbwhite\u00a0\u00bb el_class=\u00a0\u00bbtable-image\u00a0\u00bb][vc_column_text css=\u00a0\u00bb.vc_custom_1612289537737{margin-bottom: 20px !important;}\u00a0\u00bb]<\/p>\n<h3 style=\"color: #badc2a;\">Drainage<\/h3>\n<p>Le gel et le d\u00e9gel mettent \u00e0 rude \u00e9preuve les installations tennistiques. Par cons\u00e9quent, le drainage est une fonction cruciale dans l\u2019am\u00e9nagement des courts. Il en va de la p\u00e9rennit\u00e9 des installations.<\/p>\n<p>Avant toute chose, il importe d\u2019\u00e9valuer les enjeux reli\u00e9s \u00e0 la canalisation des eaux. Au moment de la conception, plusieurs \u00e9l\u00e9ments sont \u00e0 consid\u00e9rer : par exemple, le type de sol, la topographie, les installations existantes \u00e0 proximit\u00e9, le point de sortie du syst\u00e8me de drainage et le syst\u00e8me de r\u00e9gulation du d\u00e9bit, s\u2019il y a lieu.<\/p>\n<p>Il est important de tenir compte de l\u2019\u00e9coulement des eaux de surface afin de permettre un \u00e9coulement optimal au bas de la pente des courts, de mani\u00e8re \u00e0 canaliser ou rediriger ces eaux \u00e0 l\u2019\u00e9cart.<\/p>\n<p>Pour assurer le drainage des courts, il est important de travailler en collaboration avec les ressources locales comp\u00e9tentes en la mati\u00e8re. Il faut s\u2019assurer de tenir compte des bonnes pratiques en gestion des eaux pluviales.<\/p>\n<p>Pour les particularit\u00e9s du drainage selon le type de surface, voir la fiche <a href=\"https:\/\/www.guides-sports-loisirs.ca\/tennis-exterieurs\/conception\/drainage\/\"><em><strong>Drainage<\/strong><\/em><\/a>.[\/vc_column_text][\/vc_accordion_tab][\/vc_accordion][\/vc_column][\/vc_row][vc_row][\/vc_row][vc_row row_height_percent=\u00a0\u00bb0&Prime; overlay_alpha=\u00a0\u00bb50&Prime; gutter_size=\u00a0\u00bb3&Prime; shift_y=\u00a0\u00bb0&Prime; css=\u00a0\u00bb.vc_custom_1569108843026{margin-bottom: 50px !important;}\u00a0\u00bb][vc_column width=\u00a0\u00bb1\/1&Prime;][vc_button button_color=\u00a0\u00bbaccent\u00a0\u00bb size=\u00a0\u00bbbtn-lg\u00a0\u00bb radius=\u00a0\u00bbbtn-circle\u00a0\u00bb border_width=\u00a0\u00bb0&Prime; link=\u00a0\u00bburl:https%3A%2F%2Fwww.guides-sports-loisirs.ca%2Ftennis-exterieurs%2Fwp-content%2Fuploads%2Fsites%2F14%2F2021%2F01%2F2.4_Conception_ChoixSurfaceJeu.pdf||target:%20_blank|\u00a0\u00bb icon=\u00a0\u00bbfa fa-file-o\u00a0\u00bb el_class=\u00a0\u00bbbtn-pdf\u00a0\u00bb]Version PDF[\/vc_button][\/vc_column][\/vc_row]<\/p>\n<\/div>","protected":false},"excerpt":{"rendered":"<p>[vc_row][vc_column width=\u00a0\u00bb1\/1&Prime;][vc_accordion active_tab=\u00a0\u00bb0&Prime;][vc_accordion_tab title=\u00a0\u00bbENJEUX\u00a0\u00bb tab_id=\u00a0\u00bb1611601827-1-27&Prime;][vc_column_text css=\u00a0\u00bb.vc_custom_1611675646342{margin-bottom: 20px !important;}\u00a0\u00bb] Politiques et acceptabilit\u00e9 sociale On doit tenir compte des politiques et des [&hellip;]<\/p>\n","protected":false},"author":11,"featured_media":0,"parent":3382,"menu_order":5,"comment_status":"closed","ping_status":"closed","template":"","meta":{"_acf_changed":false,"footnotes":""},"class_list":["post-3467","page","type-page","status-publish","hentry"],"acf":[],"yoast_head":"<!-- This site is optimized with the Yoast SEO plugin v27.2 - https:\/\/yoast.com\/product\/yoast-seo-wordpress\/ -->\n<title>Choix de la surface de jeu - Cours de tennis ext\u00e9rieurs<\/title>\n<meta name=\"robots\" content=\"index, follow, max-snippet:-1, max-image-preview:large, max-video-preview:-1\" \/>\n<link rel=\"canonical\" href=\"https:\/\/www.guides-sports-loisirs.ca\/tennis-exterieurs\/conception\/choix-surface-de-jeu\/\" \/>\n<meta property=\"og:locale\" content=\"fr_FR\" \/>\n<meta property=\"og:type\" content=\"article\" \/>\n<meta property=\"og:title\" content=\"Choix de la surface de jeu - Cours de tennis ext\u00e9rieurs\" \/>\n<meta property=\"og:description\" content=\"[vc_row][vc_column width=\u00a0\u00bb1\/1&Prime;][vc_accordion active_tab=\u00a0\u00bb0&Prime;][vc_accordion_tab title=\u00a0\u00bbENJEUX\u00a0\u00bb tab_id=\u00a0\u00bb1611601827-1-27&Prime;][vc_column_text css=\u00a0\u00bb.vc_custom_1611675646342{margin-bottom: 20px !important;}\u00a0\u00bb] Politiques et acceptabilit\u00e9 sociale On doit tenir compte des politiques et des [&hellip;]\" \/>\n<meta property=\"og:url\" content=\"https:\/\/www.guides-sports-loisirs.ca\/tennis-exterieurs\/conception\/choix-surface-de-jeu\/\" \/>\n<meta property=\"og:site_name\" content=\"Cours de tennis ext\u00e9rieurs\" \/>\n<meta property=\"article:modified_time\" content=\"2021-02-02T18:12:20+00:00\" \/>\n<meta name=\"twitter:card\" content=\"summary_large_image\" \/>\n<meta name=\"twitter:label1\" content=\"Dur\u00e9e de lecture estim\u00e9e\" \/>\n\t<meta name=\"twitter:data1\" content=\"9 minutes\" \/>\n<script type=\"application\/ld+json\" class=\"yoast-schema-graph\">{\"@context\":\"https:\/\/schema.org\",\"@graph\":[{\"@type\":\"WebPage\",\"@id\":\"https:\/\/www.guides-sports-loisirs.ca\/tennis-exterieurs\/conception\/choix-surface-de-jeu\/\",\"url\":\"https:\/\/www.guides-sports-loisirs.ca\/tennis-exterieurs\/conception\/choix-surface-de-jeu\/\",\"name\":\"Choix de la surface de jeu - Cours de tennis ext\u00e9rieurs\",\"isPartOf\":{\"@id\":\"https:\/\/www.guides-sports-loisirs.ca\/tennis-exterieurs\/#website\"},\"datePublished\":\"2021-01-26T16:04:19+00:00\",\"dateModified\":\"2021-02-02T18:12:20+00:00\",\"breadcrumb\":{\"@id\":\"https:\/\/www.guides-sports-loisirs.ca\/tennis-exterieurs\/conception\/choix-surface-de-jeu\/#breadcrumb\"},\"inLanguage\":\"fr-FR\",\"potentialAction\":[{\"@type\":\"ReadAction\",\"target\":[\"https:\/\/www.guides-sports-loisirs.ca\/tennis-exterieurs\/conception\/choix-surface-de-jeu\/\"]}]},{\"@type\":\"BreadcrumbList\",\"@id\":\"https:\/\/www.guides-sports-loisirs.ca\/tennis-exterieurs\/conception\/choix-surface-de-jeu\/#breadcrumb\",\"itemListElement\":[{\"@type\":\"ListItem\",\"position\":1,\"name\":\"Accueil\",\"item\":\"https:\/\/www.guides-sports-loisirs.ca\/tennis-exterieurs\/\"},{\"@type\":\"ListItem\",\"position\":2,\"name\":\"Conception\",\"item\":\"https:\/\/www.guides-sports-loisirs.ca\/tennis-exterieurs\/conception\/\"},{\"@type\":\"ListItem\",\"position\":3,\"name\":\"Choix de la surface de jeu\"}]},{\"@type\":\"WebSite\",\"@id\":\"https:\/\/www.guides-sports-loisirs.ca\/tennis-exterieurs\/#website\",\"url\":\"https:\/\/www.guides-sports-loisirs.ca\/tennis-exterieurs\/\",\"name\":\"Cours de tennis ext\u00e9rieurs\",\"description\":\"Cours de tennis ext\u00e9rieurs\",\"potentialAction\":[{\"@type\":\"SearchAction\",\"target\":{\"@type\":\"EntryPoint\",\"urlTemplate\":\"https:\/\/www.guides-sports-loisirs.ca\/tennis-exterieurs\/?s={search_term_string}\"},\"query-input\":{\"@type\":\"PropertyValueSpecification\",\"valueRequired\":true,\"valueName\":\"search_term_string\"}}],\"inLanguage\":\"fr-FR\"}]}<\/script>\n<!-- \/ Yoast SEO plugin. -->","yoast_head_json":{"title":"Choix de la surface de jeu - Cours de tennis ext\u00e9rieurs","robots":{"index":"index","follow":"follow","max-snippet":"max-snippet:-1","max-image-preview":"max-image-preview:large","max-video-preview":"max-video-preview:-1"},"canonical":"https:\/\/www.guides-sports-loisirs.ca\/tennis-exterieurs\/conception\/choix-surface-de-jeu\/","og_locale":"fr_FR","og_type":"article","og_title":"Choix de la surface de jeu - Cours de tennis ext\u00e9rieurs","og_description":"[vc_row][vc_column width=\u00a0\u00bb1\/1&Prime;][vc_accordion active_tab=\u00a0\u00bb0&Prime;][vc_accordion_tab title=\u00a0\u00bbENJEUX\u00a0\u00bb tab_id=\u00a0\u00bb1611601827-1-27&Prime;][vc_column_text css=\u00a0\u00bb.vc_custom_1611675646342{margin-bottom: 20px !important;}\u00a0\u00bb] Politiques et acceptabilit\u00e9 sociale On doit tenir compte des politiques et des [&hellip;]","og_url":"https:\/\/www.guides-sports-loisirs.ca\/tennis-exterieurs\/conception\/choix-surface-de-jeu\/","og_site_name":"Cours de tennis ext\u00e9rieurs","article_modified_time":"2021-02-02T18:12:20+00:00","twitter_card":"summary_large_image","twitter_misc":{"Dur\u00e9e de lecture estim\u00e9e":"9 minutes"},"schema":{"@context":"https:\/\/schema.org","@graph":[{"@type":"WebPage","@id":"https:\/\/www.guides-sports-loisirs.ca\/tennis-exterieurs\/conception\/choix-surface-de-jeu\/","url":"https:\/\/www.guides-sports-loisirs.ca\/tennis-exterieurs\/conception\/choix-surface-de-jeu\/","name":"Choix de la surface de jeu - Cours de tennis ext\u00e9rieurs","isPartOf":{"@id":"https:\/\/www.guides-sports-loisirs.ca\/tennis-exterieurs\/#website"},"datePublished":"2021-01-26T16:04:19+00:00","dateModified":"2021-02-02T18:12:20+00:00","breadcrumb":{"@id":"https:\/\/www.guides-sports-loisirs.ca\/tennis-exterieurs\/conception\/choix-surface-de-jeu\/#breadcrumb"},"inLanguage":"fr-FR","potentialAction":[{"@type":"ReadAction","target":["https:\/\/www.guides-sports-loisirs.ca\/tennis-exterieurs\/conception\/choix-surface-de-jeu\/"]}]},{"@type":"BreadcrumbList","@id":"https:\/\/www.guides-sports-loisirs.ca\/tennis-exterieurs\/conception\/choix-surface-de-jeu\/#breadcrumb","itemListElement":[{"@type":"ListItem","position":1,"name":"Accueil","item":"https:\/\/www.guides-sports-loisirs.ca\/tennis-exterieurs\/"},{"@type":"ListItem","position":2,"name":"Conception","item":"https:\/\/www.guides-sports-loisirs.ca\/tennis-exterieurs\/conception\/"},{"@type":"ListItem","position":3,"name":"Choix de la surface de jeu"}]},{"@type":"WebSite","@id":"https:\/\/www.guides-sports-loisirs.ca\/tennis-exterieurs\/#website","url":"https:\/\/www.guides-sports-loisirs.ca\/tennis-exterieurs\/","name":"Cours de tennis ext\u00e9rieurs","description":"Cours de tennis ext\u00e9rieurs","potentialAction":[{"@type":"SearchAction","target":{"@type":"EntryPoint","urlTemplate":"https:\/\/www.guides-sports-loisirs.ca\/tennis-exterieurs\/?s={search_term_string}"},"query-input":{"@type":"PropertyValueSpecification","valueRequired":true,"valueName":"search_term_string"}}],"inLanguage":"fr-FR"}]}},"_links":{"self":[{"href":"https:\/\/www.guides-sports-loisirs.ca\/tennis-exterieurs\/wp-json\/wp\/v2\/pages\/3467","targetHints":{"allow":["GET"]}}],"collection":[{"href":"https:\/\/www.guides-sports-loisirs.ca\/tennis-exterieurs\/wp-json\/wp\/v2\/pages"}],"about":[{"href":"https:\/\/www.guides-sports-loisirs.ca\/tennis-exterieurs\/wp-json\/wp\/v2\/types\/page"}],"author":[{"embeddable":true,"href":"https:\/\/www.guides-sports-loisirs.ca\/tennis-exterieurs\/wp-json\/wp\/v2\/users\/11"}],"replies":[{"embeddable":true,"href":"https:\/\/www.guides-sports-loisirs.ca\/tennis-exterieurs\/wp-json\/wp\/v2\/comments?post=3467"}],"version-history":[{"count":12,"href":"https:\/\/www.guides-sports-loisirs.ca\/tennis-exterieurs\/wp-json\/wp\/v2\/pages\/3467\/revisions"}],"predecessor-version":[{"id":3775,"href":"https:\/\/www.guides-sports-loisirs.ca\/tennis-exterieurs\/wp-json\/wp\/v2\/pages\/3467\/revisions\/3775"}],"up":[{"embeddable":true,"href":"https:\/\/www.guides-sports-loisirs.ca\/tennis-exterieurs\/wp-json\/wp\/v2\/pages\/3382"}],"wp:attachment":[{"href":"https:\/\/www.guides-sports-loisirs.ca\/tennis-exterieurs\/wp-json\/wp\/v2\/media?parent=3467"}],"curies":[{"name":"wp","href":"https:\/\/api.w.org\/{rel}","templated":true}]}}