{"id":3398,"date":"2021-01-22T11:21:40","date_gmt":"2021-01-22T16:21:40","guid":{"rendered":"https:\/\/www.guides-sports-loisirs.ca\/tennis-exterieurs\/?page_id=3398"},"modified":"2021-02-02T12:52:23","modified_gmt":"2021-02-02T17:52:23","slug":"etudes-techniques-autorisations","status":"publish","type":"page","link":"https:\/\/www.guides-sports-loisirs.ca\/tennis-exterieurs\/conception\/etudes-techniques-autorisations\/","title":{"rendered":"\u00c9tudes techniques et autorisations"},"content":{"rendered":"<div class=\"wpb-content-wrapper\"><p>[vc_row][vc_column width=\u00a0\u00bb1\/1&Prime;][vc_column_text css=\u00a0\u00bb.vc_custom_1611942829482{margin-bottom: 0px !important;}\u00a0\u00bb]<\/p>\n<h4><strong>Une s\u00e9rie d\u2019\u00e9tudes pr\u00e9alables et d\u2019autorisations peuvent \u00eatre requises. Les \u00e9tudes et autorisations mentionn\u00e9es dans cette section sont les plus courantes.<\/strong><\/h4>\n<p>[\/vc_column_text][\/vc_column][\/vc_row][vc_row][vc_column width=\u00a0\u00bb1\/1&Prime;][vc_accordion active_tab=\u00a0\u00bb0&Prime;][vc_accordion_tab title=\u00a0\u00bb\u00c9TUDES TECHNIQUES\u00a0\u00bb tab_id=\u00a0\u00bb1611601827-1-27&Prime;][vc_column_text css=\u00a0\u00bb.vc_custom_1611601904175{margin-bottom: 20px !important;}\u00a0\u00bb]Une s\u00e9rie d\u2019\u00e9tudes peut \u00eatre entreprise afin de bien conna\u00eetre les conditions actuelles des installations. Ces \u00e9tudes permettront de cerner plus pr\u00e9cis\u00e9ment les enjeux li\u00e9s \u00e0 ces conditions et aux besoins. Bien comprendre ces conditions est essentiel pour estimer l\u2019ampleur des travaux et des co\u00fbts.[\/vc_column_text][vc_single_image media=\u00a0\u00bb3439&Prime; media_lightbox=\u00a0\u00bbyes\u00a0\u00bb media_width_percent=\u00a0\u00bb65&Prime; css_animation=\u00a0\u00bbzoom-in\u00a0\u00bb lbox_skin=\u00a0\u00bbwhite\u00a0\u00bb el_class=\u00a0\u00bbtable-image\u00a0\u00bb][\/vc_accordion_tab][vc_accordion_tab title=\u00a0\u00bbAUTORISATIONS\u00a0\u00bb tab_id=\u00a0\u00bb1611601827-2-55&Prime;][vc_column_text css=\u00a0\u00bb.vc_custom_1611602216148{margin-bottom: 20px !important;}\u00a0\u00bb]Plusieurs autorisations sont requises pour se conformer aux r\u00e8glements municipaux en urbanisme, en environnement (zone inondable, sols contamin\u00e9s, gestion des eaux pluviales), en arch\u00e9ologie et en transport.[\/vc_column_text][vc_single_image media=\u00a0\u00bb3440&Prime; media_lightbox=\u00a0\u00bbyes\u00a0\u00bb media_width_percent=\u00a0\u00bb65&Prime; css_animation=\u00a0\u00bbzoom-in\u00a0\u00bb lbox_skin=\u00a0\u00bbwhite\u00a0\u00bb el_class=\u00a0\u00bbtable-image\u00a0\u00bb][\/vc_accordion_tab][\/vc_accordion][\/vc_column][\/vc_row][vc_row][\/vc_row][vc_row row_height_percent=\u00a0\u00bb0&Prime; overlay_alpha=\u00a0\u00bb50&Prime; gutter_size=\u00a0\u00bb3&Prime; shift_y=\u00a0\u00bb0&Prime; css=\u00a0\u00bb.vc_custom_1569108843026{margin-bottom: 50px !important;}\u00a0\u00bb][vc_column width=\u00a0\u00bb1\/1&Prime;][vc_button button_color=\u00a0\u00bbaccent\u00a0\u00bb size=\u00a0\u00bbbtn-lg\u00a0\u00bb radius=\u00a0\u00bbbtn-circle\u00a0\u00bb border_width=\u00a0\u00bb0&Prime; link=\u00a0\u00bburl:https%3A%2F%2Fwww.guides-sports-loisirs.ca%2Ftennis-exterieurs%2Fwp-content%2Fuploads%2Fsites%2F14%2F2021%2F01%2F2.2_Conception_EtudesTechniquesAutorisations.pdf||target:%20_blank|\u00a0\u00bb icon=\u00a0\u00bbfa fa-file-o\u00a0\u00bb el_class=\u00a0\u00bbbtn-pdf\u00a0\u00bb]Version PDF[\/vc_button][\/vc_column][\/vc_row]<\/p>\n<\/div>","protected":false},"excerpt":{"rendered":"<p>[vc_row][vc_column width=\u00a0\u00bb1\/1&Prime;][vc_column_text css=\u00a0\u00bb.vc_custom_1611942829482{margin-bottom: 0px !important;}\u00a0\u00bb] Une s\u00e9rie d\u2019\u00e9tudes pr\u00e9alables et d\u2019autorisations peuvent \u00eatre requises. Les \u00e9tudes et autorisations mentionn\u00e9es dans [&hellip;]<\/p>\n","protected":false},"author":11,"featured_media":0,"parent":3382,"menu_order":5,"comment_status":"closed","ping_status":"closed","template":"","meta":{"_acf_changed":false,"footnotes":""},"class_list":["post-3398","page","type-page","status-publish","hentry"],"acf":[],"yoast_head":"<!-- This site is optimized with the Yoast SEO plugin v27.2 - https:\/\/yoast.com\/product\/yoast-seo-wordpress\/ -->\n<title>\u00c9tudes techniques et autorisations - Cours de tennis ext\u00e9rieurs<\/title>\n<meta name=\"robots\" content=\"index, follow, max-snippet:-1, max-image-preview:large, max-video-preview:-1\" \/>\n<link rel=\"canonical\" href=\"https:\/\/www.guides-sports-loisirs.ca\/tennis-exterieurs\/conception\/etudes-techniques-autorisations\/\" \/>\n<meta property=\"og:locale\" content=\"fr_FR\" \/>\n<meta property=\"og:type\" content=\"article\" \/>\n<meta property=\"og:title\" content=\"\u00c9tudes techniques et autorisations - Cours de tennis ext\u00e9rieurs\" \/>\n<meta property=\"og:description\" content=\"[vc_row][vc_column width=\u00a0\u00bb1\/1&Prime;][vc_column_text css=\u00a0\u00bb.vc_custom_1611942829482{margin-bottom: 0px !important;}\u00a0\u00bb] Une s\u00e9rie d\u2019\u00e9tudes pr\u00e9alables et d\u2019autorisations peuvent \u00eatre requises. Les \u00e9tudes et autorisations mentionn\u00e9es dans [&hellip;]\" \/>\n<meta property=\"og:url\" content=\"https:\/\/www.guides-sports-loisirs.ca\/tennis-exterieurs\/conception\/etudes-techniques-autorisations\/\" \/>\n<meta property=\"og:site_name\" content=\"Cours de tennis ext\u00e9rieurs\" \/>\n<meta property=\"article:modified_time\" content=\"2021-02-02T17:52:23+00:00\" \/>\n<meta name=\"twitter:card\" content=\"summary_large_image\" \/>\n<meta name=\"twitter:label1\" content=\"Dur\u00e9e de lecture estim\u00e9e\" \/>\n\t<meta name=\"twitter:data1\" content=\"1 minute\" \/>\n<script type=\"application\/ld+json\" class=\"yoast-schema-graph\">{\"@context\":\"https:\/\/schema.org\",\"@graph\":[{\"@type\":\"WebPage\",\"@id\":\"https:\/\/www.guides-sports-loisirs.ca\/tennis-exterieurs\/conception\/etudes-techniques-autorisations\/\",\"url\":\"https:\/\/www.guides-sports-loisirs.ca\/tennis-exterieurs\/conception\/etudes-techniques-autorisations\/\",\"name\":\"\u00c9tudes techniques et autorisations - Cours de tennis ext\u00e9rieurs\",\"isPartOf\":{\"@id\":\"https:\/\/www.guides-sports-loisirs.ca\/tennis-exterieurs\/#website\"},\"datePublished\":\"2021-01-22T16:21:40+00:00\",\"dateModified\":\"2021-02-02T17:52:23+00:00\",\"breadcrumb\":{\"@id\":\"https:\/\/www.guides-sports-loisirs.ca\/tennis-exterieurs\/conception\/etudes-techniques-autorisations\/#breadcrumb\"},\"inLanguage\":\"fr-FR\",\"potentialAction\":[{\"@type\":\"ReadAction\",\"target\":[\"https:\/\/www.guides-sports-loisirs.ca\/tennis-exterieurs\/conception\/etudes-techniques-autorisations\/\"]}]},{\"@type\":\"BreadcrumbList\",\"@id\":\"https:\/\/www.guides-sports-loisirs.ca\/tennis-exterieurs\/conception\/etudes-techniques-autorisations\/#breadcrumb\",\"itemListElement\":[{\"@type\":\"ListItem\",\"position\":1,\"name\":\"Accueil\",\"item\":\"https:\/\/www.guides-sports-loisirs.ca\/tennis-exterieurs\/\"},{\"@type\":\"ListItem\",\"position\":2,\"name\":\"Conception\",\"item\":\"https:\/\/www.guides-sports-loisirs.ca\/tennis-exterieurs\/conception\/\"},{\"@type\":\"ListItem\",\"position\":3,\"name\":\"\u00c9tudes techniques et autorisations\"}]},{\"@type\":\"WebSite\",\"@id\":\"https:\/\/www.guides-sports-loisirs.ca\/tennis-exterieurs\/#website\",\"url\":\"https:\/\/www.guides-sports-loisirs.ca\/tennis-exterieurs\/\",\"name\":\"Cours de tennis ext\u00e9rieurs\",\"description\":\"Cours de tennis ext\u00e9rieurs\",\"potentialAction\":[{\"@type\":\"SearchAction\",\"target\":{\"@type\":\"EntryPoint\",\"urlTemplate\":\"https:\/\/www.guides-sports-loisirs.ca\/tennis-exterieurs\/?s={search_term_string}\"},\"query-input\":{\"@type\":\"PropertyValueSpecification\",\"valueRequired\":true,\"valueName\":\"search_term_string\"}}],\"inLanguage\":\"fr-FR\"}]}<\/script>\n<!-- \/ Yoast SEO plugin. -->","yoast_head_json":{"title":"\u00c9tudes techniques et autorisations - Cours de tennis ext\u00e9rieurs","robots":{"index":"index","follow":"follow","max-snippet":"max-snippet:-1","max-image-preview":"max-image-preview:large","max-video-preview":"max-video-preview:-1"},"canonical":"https:\/\/www.guides-sports-loisirs.ca\/tennis-exterieurs\/conception\/etudes-techniques-autorisations\/","og_locale":"fr_FR","og_type":"article","og_title":"\u00c9tudes techniques et autorisations - Cours de tennis ext\u00e9rieurs","og_description":"[vc_row][vc_column width=\u00a0\u00bb1\/1&Prime;][vc_column_text css=\u00a0\u00bb.vc_custom_1611942829482{margin-bottom: 0px !important;}\u00a0\u00bb] Une s\u00e9rie d\u2019\u00e9tudes pr\u00e9alables et d\u2019autorisations peuvent \u00eatre requises. Les \u00e9tudes et autorisations mentionn\u00e9es dans [&hellip;]","og_url":"https:\/\/www.guides-sports-loisirs.ca\/tennis-exterieurs\/conception\/etudes-techniques-autorisations\/","og_site_name":"Cours de tennis ext\u00e9rieurs","article_modified_time":"2021-02-02T17:52:23+00:00","twitter_card":"summary_large_image","twitter_misc":{"Dur\u00e9e de lecture estim\u00e9e":"1 minute"},"schema":{"@context":"https:\/\/schema.org","@graph":[{"@type":"WebPage","@id":"https:\/\/www.guides-sports-loisirs.ca\/tennis-exterieurs\/conception\/etudes-techniques-autorisations\/","url":"https:\/\/www.guides-sports-loisirs.ca\/tennis-exterieurs\/conception\/etudes-techniques-autorisations\/","name":"\u00c9tudes techniques et autorisations - Cours de tennis ext\u00e9rieurs","isPartOf":{"@id":"https:\/\/www.guides-sports-loisirs.ca\/tennis-exterieurs\/#website"},"datePublished":"2021-01-22T16:21:40+00:00","dateModified":"2021-02-02T17:52:23+00:00","breadcrumb":{"@id":"https:\/\/www.guides-sports-loisirs.ca\/tennis-exterieurs\/conception\/etudes-techniques-autorisations\/#breadcrumb"},"inLanguage":"fr-FR","potentialAction":[{"@type":"ReadAction","target":["https:\/\/www.guides-sports-loisirs.ca\/tennis-exterieurs\/conception\/etudes-techniques-autorisations\/"]}]},{"@type":"BreadcrumbList","@id":"https:\/\/www.guides-sports-loisirs.ca\/tennis-exterieurs\/conception\/etudes-techniques-autorisations\/#breadcrumb","itemListElement":[{"@type":"ListItem","position":1,"name":"Accueil","item":"https:\/\/www.guides-sports-loisirs.ca\/tennis-exterieurs\/"},{"@type":"ListItem","position":2,"name":"Conception","item":"https:\/\/www.guides-sports-loisirs.ca\/tennis-exterieurs\/conception\/"},{"@type":"ListItem","position":3,"name":"\u00c9tudes techniques et autorisations"}]},{"@type":"WebSite","@id":"https:\/\/www.guides-sports-loisirs.ca\/tennis-exterieurs\/#website","url":"https:\/\/www.guides-sports-loisirs.ca\/tennis-exterieurs\/","name":"Cours de tennis ext\u00e9rieurs","description":"Cours de tennis ext\u00e9rieurs","potentialAction":[{"@type":"SearchAction","target":{"@type":"EntryPoint","urlTemplate":"https:\/\/www.guides-sports-loisirs.ca\/tennis-exterieurs\/?s={search_term_string}"},"query-input":{"@type":"PropertyValueSpecification","valueRequired":true,"valueName":"search_term_string"}}],"inLanguage":"fr-FR"}]}},"_links":{"self":[{"href":"https:\/\/www.guides-sports-loisirs.ca\/tennis-exterieurs\/wp-json\/wp\/v2\/pages\/3398","targetHints":{"allow":["GET"]}}],"collection":[{"href":"https:\/\/www.guides-sports-loisirs.ca\/tennis-exterieurs\/wp-json\/wp\/v2\/pages"}],"about":[{"href":"https:\/\/www.guides-sports-loisirs.ca\/tennis-exterieurs\/wp-json\/wp\/v2\/types\/page"}],"author":[{"embeddable":true,"href":"https:\/\/www.guides-sports-loisirs.ca\/tennis-exterieurs\/wp-json\/wp\/v2\/users\/11"}],"replies":[{"embeddable":true,"href":"https:\/\/www.guides-sports-loisirs.ca\/tennis-exterieurs\/wp-json\/wp\/v2\/comments?post=3398"}],"version-history":[{"count":8,"href":"https:\/\/www.guides-sports-loisirs.ca\/tennis-exterieurs\/wp-json\/wp\/v2\/pages\/3398\/revisions"}],"predecessor-version":[{"id":3712,"href":"https:\/\/www.guides-sports-loisirs.ca\/tennis-exterieurs\/wp-json\/wp\/v2\/pages\/3398\/revisions\/3712"}],"up":[{"embeddable":true,"href":"https:\/\/www.guides-sports-loisirs.ca\/tennis-exterieurs\/wp-json\/wp\/v2\/pages\/3382"}],"wp:attachment":[{"href":"https:\/\/www.guides-sports-loisirs.ca\/tennis-exterieurs\/wp-json\/wp\/v2\/media?parent=3398"}],"curies":[{"name":"wp","href":"https:\/\/api.w.org\/{rel}","templated":true}]}}