{"id":3348,"date":"2021-01-21T14:44:46","date_gmt":"2021-01-21T19:44:46","guid":{"rendered":"https:\/\/www.guides-sports-loisirs.ca\/tennis-exterieurs\/?page_id=3348"},"modified":"2021-02-02T10:53:59","modified_gmt":"2021-02-02T15:53:59","slug":"choix-du-site","status":"publish","type":"page","link":"https:\/\/www.guides-sports-loisirs.ca\/tennis-exterieurs\/planification\/choix-du-site\/","title":{"rendered":"Choix du site"},"content":{"rendered":"<div class=\"wpb-content-wrapper\"><p>[vc_row][vc_column width=\u00a0\u00bb1\/1&Prime;][vc_column_text css=\u00a0\u00bb.vc_custom_1611873698023{margin-bottom: 0px !important;}\u00a0\u00bb]<\/p>\n<h4><strong>Pour r\u00e9pondre aux besoins identifi\u00e9s, peut-on optimiser des installations existantes? Les r\u00e9nover? Construire ou am\u00e9nager de nouvelles installations sur le m\u00eame site? Sur un nouveau site?<\/strong><\/h4>\n<p>[\/vc_column_text][vc_column_text css=\u00a0\u00bb.vc_custom_1611597814265{margin-bottom: 0px !important;}\u00a0\u00bb]Le choix du site peut avoir un impact important sur le co\u00fbt de construction puisque l\u2019excavation, le remblai ou le dynamitage sont des op\u00e9rations co\u00fbteuses. Il est par cons\u00e9quent important d\u2019avoir ces \u00e9l\u00e9ments en t\u00eate au moment de choisir un site.<\/p>\n<p>Voici quelques conseils :<\/p>\n<p>\u2022 Choisir un endroit naturellement \u00e0 l\u2019abri du vent, si possible;<br \/>\n\u2022 Choisir un endroit \u00e0 l\u2019abri de diverses sources de bruit (circulation lourde, piscine, aire de jeu, etc.);<br \/>\n\u2022 Tenir compte du bruit g\u00e9n\u00e9r\u00e9 par la pratique pour le voisinage; un am\u00e9nagement paysager peut aider \u00e0 limiter le bruit (barri\u00e8re sonore);<br \/>\n\u2022 Pr\u00e9voir, \u00e0 proximit\u00e9, des toilettes, une fontaine \u00e0 boire et, si possible, des douches;<br \/>\n\u2022 Pr\u00e9voir l\u2019espace n\u00e9cessaire pour le local d\u2019un coordonnateur, d\u2019un moniteur ou du personnel d\u2019entretien, aussi bien que pour le rangement du mat\u00e9riel d\u2019entretien;<br \/>\n\u2022 V\u00e9rifier que la qualit\u00e9 du sol (jusqu\u2019\u00e0 une profondeur de 2 m au moins) est ad\u00e9quate pour la construction de courts de tennis;<br \/>\n\u2022 Prendre en consid\u00e9ration l\u2019espace requis pour la construction \u00e9ventuelle d\u2019autres courts.[\/vc_column_text][\/vc_column][\/vc_row][vc_row][vc_column width=\u00a0\u00bb1\/1&Prime;][vc_accordion active_tab=\u00a0\u00bb0&Prime;][vc_accordion_tab title=\u00a0\u00bbSITE ACTUEL\u00a0\u00bb tab_id=\u00a0\u00bb1611597549-2-17&Prime;][vc_column_text css=\u00a0\u00bb.vc_custom_1611598023498{margin-bottom: 20px !important;}\u00a0\u00bb]On effectuera d\u2019abord un diagnostic fonctionnel des installations existantes. Les \u00e9quipements existants r\u00e9pondent-ils aux besoins? Sont-ils accessibles? Sont-ils adapt\u00e9s? Sont-ils v\u00e9tustes? Les besoins proviennent-ils d\u2019un petit groupe ou de la population en g\u00e9n\u00e9ral?[\/vc_column_text][vc_single_image media=\u00a0\u00bb3428&Prime; media_lightbox=\u00a0\u00bbyes\u00a0\u00bb media_width_percent=\u00a0\u00bb65&Prime; css_animation=\u00a0\u00bbzoom-in\u00a0\u00bb lbox_skin=\u00a0\u00bbwhite\u00a0\u00bb el_class=\u00a0\u00bbtable-image\u00a0\u00bb][\/vc_accordion_tab][vc_accordion_tab title=\u00a0\u00bbNOUVEAU SITE\u00a0\u00bb tab_id=\u00a0\u00bb1611597959742-2-8&Prime;][vc_column_text css=\u00a0\u00bb.vc_custom_1612280990532{margin-bottom: 20px !important;}\u00a0\u00bb]Le choix d\u2019un nouveau site peut s\u2019inscrire dans un plan local d\u2019urbanisme, une politique urbaine ou un p\u00f4le sportif, ou assurer une nouvelle offre de service dans un quartier d\u00e9pourvu d\u2019installations. Une \u00e9tude de faisabilit\u00e9 technique est ensuite requise pour choisir le site.[\/vc_column_text][vc_row_inner][vc_column_inner column_width_percent=\u00a0\u00bb100&Prime; gutter_size=\u00a0\u00bb3&Prime; overlay_alpha=\u00a0\u00bb50&Prime; shift_x=\u00a0\u00bb0&Prime; shift_y=\u00a0\u00bb0&Prime; shift_y_down=\u00a0\u00bb0&Prime; z_index=\u00a0\u00bb0&Prime; medium_width=\u00a0\u00bb0&Prime; mobile_width=\u00a0\u00bb0&Prime; width=\u00a0\u00bb1\/2&Prime;][vc_single_image media=\u00a0\u00bb3349&Prime; media_width_percent=\u00a0\u00bb80&Prime;][\/vc_column_inner][vc_column_inner column_width_percent=\u00a0\u00bb100&Prime; gutter_size=\u00a0\u00bb3&Prime; overlay_alpha=\u00a0\u00bb50&Prime; shift_x=\u00a0\u00bb0&Prime; shift_y=\u00a0\u00bb0&Prime; shift_y_down=\u00a0\u00bb0&Prime; z_index=\u00a0\u00bb0&Prime; medium_width=\u00a0\u00bb0&Prime; mobile_width=\u00a0\u00bb0&Prime; width=\u00a0\u00bb1\/2&Prime;][vc_column_text]<\/p>\n<h2><\/h2>\n<h2><span style=\"color: #72be44;\"><strong>Localisation et accessibilit\u00e9 spatiale<\/strong><\/span><\/h2>\n<p>La proximit\u00e9 du centre-ville, l\u2019offre de service locale, la pr\u00e9sence de moyens de transport public sont des facteurs importants favorisant l\u2019accessibilit\u00e9 aux courts de tennis. La population cibl\u00e9e, la fr\u00e9quentation pr\u00e9vue et le degr\u00e9 de mobilit\u00e9 des utilisateurs doivent \u00eatre pris en compte. Un mauvais emplacement risque de limiter la fr\u00e9quentation des courts.[\/vc_column_text][\/vc_column_inner][\/vc_row_inner][vc_row_inner][vc_column_inner column_width_percent=\u00a0\u00bb100&Prime; gutter_size=\u00a0\u00bb3&Prime; overlay_alpha=\u00a0\u00bb50&Prime; shift_x=\u00a0\u00bb0&Prime; shift_y=\u00a0\u00bb0&Prime; shift_y_down=\u00a0\u00bb0&Prime; z_index=\u00a0\u00bb0&Prime; medium_width=\u00a0\u00bb0&Prime; mobile_width=\u00a0\u00bb0&Prime; width=\u00a0\u00bb1\/2&Prime;][vc_single_image media=\u00a0\u00bb3356&Prime; media_lightbox=\u00a0\u00bbyes\u00a0\u00bb media_width_percent=\u00a0\u00bb80&Prime; css_animation=\u00a0\u00bbzoom-in\u00a0\u00bb lbox_skin=\u00a0\u00bbwhite\u00a0\u00bb el_class=\u00a0\u00bbtable-image\u00a0\u00bb][\/vc_column_inner][vc_column_inner column_width_percent=\u00a0\u00bb100&Prime; gutter_size=\u00a0\u00bb3&Prime; overlay_alpha=\u00a0\u00bb50&Prime; shift_x=\u00a0\u00bb0&Prime; shift_y=\u00a0\u00bb0&Prime; shift_y_down=\u00a0\u00bb0&Prime; z_index=\u00a0\u00bb0&Prime; medium_width=\u00a0\u00bb0&Prime; mobile_width=\u00a0\u00bb0&Prime; width=\u00a0\u00bb1\/2&Prime;][vc_column_text]<\/p>\n<h2><\/h2>\n<h2><span style=\"color: #72be44;\"><strong>Topographie<\/strong><\/span><\/h2>\n<p>Pour des raisons techniques et \u00e9conomiques, il est parfois judicieux de choisir un site n\u2019exigeant que peu de travaux de terrassement. Il est donc important d\u2019analyser la topographie avant de proc\u00e9der au choix. Une d\u00e9nivellation peut constituer une opportunit\u00e9 d\u2019am\u00e9nagement. Par exemple, l\u2019int\u00e9gration de gradins dans un talus pourra offrir de meilleurs points de vue aux spectateurs.[\/vc_column_text][\/vc_column_inner][\/vc_row_inner][vc_row_inner][vc_column_inner column_width_percent=\u00a0\u00bb100&Prime; gutter_size=\u00a0\u00bb3&Prime; overlay_alpha=\u00a0\u00bb50&Prime; shift_x=\u00a0\u00bb0&Prime; shift_y=\u00a0\u00bb0&Prime; shift_y_down=\u00a0\u00bb0&Prime; z_index=\u00a0\u00bb0&Prime; medium_width=\u00a0\u00bb0&Prime; mobile_width=\u00a0\u00bb0&Prime; width=\u00a0\u00bb1\/2&Prime;][vc_single_image media=\u00a0\u00bb3355&Prime; media_lightbox=\u00a0\u00bbyes\u00a0\u00bb media_width_percent=\u00a0\u00bb80&Prime; css_animation=\u00a0\u00bbzoom-in\u00a0\u00bb lbox_skin=\u00a0\u00bbwhite\u00a0\u00bb el_class=\u00a0\u00bbtable-image\u00a0\u00bb][\/vc_column_inner][vc_column_inner column_width_percent=\u00a0\u00bb100&Prime; gutter_size=\u00a0\u00bb3&Prime; overlay_alpha=\u00a0\u00bb50&Prime; shift_x=\u00a0\u00bb0&Prime; shift_y=\u00a0\u00bb0&Prime; shift_y_down=\u00a0\u00bb0&Prime; z_index=\u00a0\u00bb0&Prime; medium_width=\u00a0\u00bb0&Prime; mobile_width=\u00a0\u00bb0&Prime; width=\u00a0\u00bb1\/2&Prime;][vc_column_text]<\/p>\n<h2><\/h2>\n<h2><span style=\"color: #72be44;\"><strong>Nature du sol<\/strong><\/span><\/h2>\n<p>La connaissance de la nature du sol permet d\u2019\u00e9valuer le potentiel d\u2019am\u00e9nagement. La pr\u00e9sence de roc, un sol contamin\u00e9 ou le niveau de la nappe phr\u00e9atique peuvent avoir d\u2019importantes cons\u00e9quences sur le co\u00fbt des travaux.[\/vc_column_text][\/vc_column_inner][\/vc_row_inner][vc_row_inner][vc_column_inner column_width_percent=\u00a0\u00bb100&Prime; gutter_size=\u00a0\u00bb3&Prime; overlay_alpha=\u00a0\u00bb50&Prime; shift_x=\u00a0\u00bb0&Prime; shift_y=\u00a0\u00bb0&Prime; shift_y_down=\u00a0\u00bb0&Prime; z_index=\u00a0\u00bb0&Prime; medium_width=\u00a0\u00bb0&Prime; mobile_width=\u00a0\u00bb0&Prime; width=\u00a0\u00bb1\/2&Prime;][vc_single_image media=\u00a0\u00bb3357&Prime; media_lightbox=\u00a0\u00bbyes\u00a0\u00bb media_width_percent=\u00a0\u00bb80&Prime; css_animation=\u00a0\u00bbzoom-in\u00a0\u00bb lbox_skin=\u00a0\u00bbwhite\u00a0\u00bb el_class=\u00a0\u00bbtable-image\u00a0\u00bb][\/vc_column_inner][vc_column_inner column_width_percent=\u00a0\u00bb100&Prime; gutter_size=\u00a0\u00bb3&Prime; overlay_alpha=\u00a0\u00bb50&Prime; shift_x=\u00a0\u00bb0&Prime; shift_y=\u00a0\u00bb0&Prime; shift_y_down=\u00a0\u00bb0&Prime; z_index=\u00a0\u00bb0&Prime; medium_width=\u00a0\u00bb0&Prime; mobile_width=\u00a0\u00bb0&Prime; width=\u00a0\u00bb1\/2&Prime;][vc_column_text]<\/p>\n<h2><span style=\"color: #72be44;\"><strong>Regroupement de courts<\/strong><\/span><\/h2>\n<p>Le regroupement d\u2019installations permet de r\u00e9aliser des \u00e9conomies d\u2019investissement. La combinaison de plateaux sportifs sur un m\u00eame site (p\u00f4le sportif) permet de r\u00e9duire les investissements dans les installations de proximit\u00e9 par un partage des am\u00e9nagements de parc tels que le mobilier, un chalet ou un stationnement. Le partage entre le municipal et le scolaire favorise \u00e9galement des \u00e9conomies d\u2019\u00e9chelle au chapitre des co\u00fbts d\u2019installation.[\/vc_column_text][\/vc_column_inner][\/vc_row_inner][vc_row_inner][vc_column_inner column_width_percent=\u00a0\u00bb100&Prime; gutter_size=\u00a0\u00bb3&Prime; overlay_alpha=\u00a0\u00bb50&Prime; shift_x=\u00a0\u00bb0&Prime; shift_y=\u00a0\u00bb0&Prime; shift_y_down=\u00a0\u00bb0&Prime; z_index=\u00a0\u00bb0&Prime; medium_width=\u00a0\u00bb0&Prime; mobile_width=\u00a0\u00bb0&Prime; width=\u00a0\u00bb1\/1&Prime;][vc_column_text]Tennis Qu\u00e9bec pr\u00e9conise le regroupement de courts. Cette approche favorise l\u2019encadrement des pratiques et une programmation vari\u00e9e incluant cours, ligues, tournois et autres comp\u00e9titions ou activit\u00e9s. \u00c0 l\u2019oppos\u00e9, la dispersion des courts sur plusieurs sites permet un acc\u00e8s plus facile aux installations, mais peut limiter les types de pratique et la programmation d\u2019activit\u00e9s. Au stade de la planification, il est crucial d\u2019\u00e9valuer les besoins locaux pour d\u00e9terminer l\u2019approche \u00e0 privil\u00e9gier.<\/p>\n<h2><span style=\"color: #72be44;\"><strong>Impacts environnementaux et distances de d\u00e9gagement<\/strong><\/span><\/h2>\n<p>Les am\u00e9nagements p\u00e9riph\u00e9riques peuvent avoir des impacts sur la nouvelle installation sportive. Il est pertinent d\u2019\u00e9valuer les facteurs de risque tels que la pollution (raffinerie), les accidents de la route (art\u00e8res routi\u00e8res) et le bruit environnant (trains). Ces risques peuvent avoir des cons\u00e9quences sur la pratique de l\u2019activit\u00e9 sportive.[\/vc_column_text][\/vc_column_inner][\/vc_row_inner][vc_row_inner][vc_column_inner column_width_percent=\u00a0\u00bb100&Prime; gutter_size=\u00a0\u00bb3&Prime; overlay_alpha=\u00a0\u00bb50&Prime; shift_x=\u00a0\u00bb0&Prime; shift_y=\u00a0\u00bb0&Prime; shift_y_down=\u00a0\u00bb0&Prime; z_index=\u00a0\u00bb0&Prime; medium_width=\u00a0\u00bb0&Prime; mobile_width=\u00a0\u00bb0&Prime; width=\u00a0\u00bb1\/2&Prime;][vc_single_image media=\u00a0\u00bb3358&Prime; media_width_percent=\u00a0\u00bb100&Prime;][\/vc_column_inner][vc_column_inner column_width_percent=\u00a0\u00bb100&Prime; gutter_size=\u00a0\u00bb3&Prime; overlay_alpha=\u00a0\u00bb50&Prime; shift_x=\u00a0\u00bb0&Prime; shift_y=\u00a0\u00bb0&Prime; shift_y_down=\u00a0\u00bb0&Prime; z_index=\u00a0\u00bb0&Prime; medium_width=\u00a0\u00bb0&Prime; mobile_width=\u00a0\u00bb0&Prime; width=\u00a0\u00bb1\/2&Prime;][vc_single_image media=\u00a0\u00bb3359&Prime; media_width_percent=\u00a0\u00bb100&Prime;][\/vc_column_inner][\/vc_row_inner][vc_row_inner][vc_column_inner column_width_percent=\u00a0\u00bb100&Prime; gutter_size=\u00a0\u00bb3&Prime; overlay_alpha=\u00a0\u00bb50&Prime; shift_x=\u00a0\u00bb0&Prime; shift_y=\u00a0\u00bb0&Prime; shift_y_down=\u00a0\u00bb0&Prime; z_index=\u00a0\u00bb0&Prime; medium_width=\u00a0\u00bb0&Prime; mobile_width=\u00a0\u00bb0&Prime; width=\u00a0\u00bb1\/1&Prime;][vc_column_text]Par ailleurs, les am\u00e9nagements sportifs eux-m\u00eames auront peut-\u00eatre des impacts dans le secteur. Les installations \u00e0 proximit\u00e9 d\u2019habitations et de milieux naturels peuvent avoir des impacts non n\u00e9gligeables sur la population et sur la faune. Le bruit g\u00e9n\u00e9r\u00e9 par les joueurs et les spectateurs, l\u2019\u00e9blouissement d\u00fb \u00e0 l\u2019\u00e9clairage et la d\u00e9t\u00e9rioration du milieu naturel peuvent constituer des nuisances \u00e0 \u00e9valuer.<\/p>\n<p>Pour limiter ces impacts, des distances minimales sont recommand\u00e9es de fa\u00e7on \u00e0 r\u00e9duire au minimum le risque de nuisance pour la circulation, les r\u00e9sidences et les autres plateaux sportifs. Se r\u00e9f\u00e9rer au service d\u2019urbanisme de la municipalit\u00e9 pour en savoir plus \u00e0 ce sujet.[\/vc_column_text][\/vc_column_inner][\/vc_row_inner][\/vc_accordion_tab][\/vc_accordion][\/vc_column][\/vc_row][vc_row][\/vc_row][vc_row row_height_percent=\u00a0\u00bb0&Prime; overlay_alpha=\u00a0\u00bb50&Prime; gutter_size=\u00a0\u00bb3&Prime; shift_y=\u00a0\u00bb0&Prime; css=\u00a0\u00bb.vc_custom_1569108843026{margin-bottom: 50px !important;}\u00a0\u00bb][vc_column width=\u00a0\u00bb1\/1&Prime;][vc_button button_color=\u00a0\u00bbaccent\u00a0\u00bb size=\u00a0\u00bbbtn-lg\u00a0\u00bb radius=\u00a0\u00bbbtn-circle\u00a0\u00bb border_width=\u00a0\u00bb0&Prime; link=\u00a0\u00bburl:https%3A%2F%2Fwww.guides-sports-loisirs.ca%2Ftennis-exterieurs%2Fwp-content%2Fuploads%2Fsites%2F14%2F2021%2F01%2F1.4_Planification_ChoixSite.pdf||target:%20_blank|\u00a0\u00bb icon=\u00a0\u00bbfa fa-file-o\u00a0\u00bb el_class=\u00a0\u00bbbtn-pdf\u00a0\u00bb]Version PDF[\/vc_button][\/vc_column][\/vc_row]<\/p>\n<\/div>","protected":false},"excerpt":{"rendered":"<p>[vc_row][vc_column width=\u00a0\u00bb1\/1&Prime;][vc_column_text css=\u00a0\u00bb.vc_custom_1611873698023{margin-bottom: 0px !important;}\u00a0\u00bb] Pour r\u00e9pondre aux besoins identifi\u00e9s, peut-on optimiser des installations existantes? Les r\u00e9nover? Construire ou am\u00e9nager [&hellip;]<\/p>\n","protected":false},"author":11,"featured_media":0,"parent":1803,"menu_order":5,"comment_status":"closed","ping_status":"closed","template":"","meta":{"_acf_changed":false,"footnotes":""},"class_list":["post-3348","page","type-page","status-publish","hentry"],"acf":[],"yoast_head":"<!-- This site is optimized with the Yoast SEO plugin v27.4 - https:\/\/yoast.com\/product\/yoast-seo-wordpress\/ -->\n<title>Choix du site - Cours de tennis ext\u00e9rieurs<\/title>\n<meta name=\"robots\" content=\"index, follow, max-snippet:-1, max-image-preview:large, max-video-preview:-1\" \/>\n<link rel=\"canonical\" href=\"https:\/\/www.guides-sports-loisirs.ca\/tennis-exterieurs\/planification\/choix-du-site\/\" \/>\n<meta property=\"og:locale\" content=\"fr_FR\" \/>\n<meta property=\"og:type\" content=\"article\" \/>\n<meta property=\"og:title\" content=\"Choix du site - Cours de tennis ext\u00e9rieurs\" \/>\n<meta property=\"og:description\" content=\"[vc_row][vc_column width=\u00a0\u00bb1\/1&Prime;][vc_column_text css=\u00a0\u00bb.vc_custom_1611873698023{margin-bottom: 0px !important;}\u00a0\u00bb] Pour r\u00e9pondre aux besoins identifi\u00e9s, peut-on optimiser des installations existantes? Les r\u00e9nover? Construire ou am\u00e9nager [&hellip;]\" \/>\n<meta property=\"og:url\" content=\"https:\/\/www.guides-sports-loisirs.ca\/tennis-exterieurs\/planification\/choix-du-site\/\" \/>\n<meta property=\"og:site_name\" content=\"Cours de tennis ext\u00e9rieurs\" \/>\n<meta property=\"article:modified_time\" content=\"2021-02-02T15:53:59+00:00\" \/>\n<meta name=\"twitter:card\" content=\"summary_large_image\" \/>\n<meta name=\"twitter:label1\" content=\"Dur\u00e9e de lecture estim\u00e9e\" \/>\n\t<meta name=\"twitter:data1\" content=\"4 minutes\" \/>\n<script type=\"application\/ld+json\" class=\"yoast-schema-graph\">{\"@context\":\"https:\\\/\\\/schema.org\",\"@graph\":[{\"@type\":\"WebPage\",\"@id\":\"https:\\\/\\\/www.guides-sports-loisirs.ca\\\/tennis-exterieurs\\\/planification\\\/choix-du-site\\\/\",\"url\":\"https:\\\/\\\/www.guides-sports-loisirs.ca\\\/tennis-exterieurs\\\/planification\\\/choix-du-site\\\/\",\"name\":\"Choix du site - Cours de tennis ext\u00e9rieurs\",\"isPartOf\":{\"@id\":\"https:\\\/\\\/www.guides-sports-loisirs.ca\\\/tennis-exterieurs\\\/#website\"},\"datePublished\":\"2021-01-21T19:44:46+00:00\",\"dateModified\":\"2021-02-02T15:53:59+00:00\",\"breadcrumb\":{\"@id\":\"https:\\\/\\\/www.guides-sports-loisirs.ca\\\/tennis-exterieurs\\\/planification\\\/choix-du-site\\\/#breadcrumb\"},\"inLanguage\":\"fr-FR\",\"potentialAction\":[{\"@type\":\"ReadAction\",\"target\":[\"https:\\\/\\\/www.guides-sports-loisirs.ca\\\/tennis-exterieurs\\\/planification\\\/choix-du-site\\\/\"]}]},{\"@type\":\"BreadcrumbList\",\"@id\":\"https:\\\/\\\/www.guides-sports-loisirs.ca\\\/tennis-exterieurs\\\/planification\\\/choix-du-site\\\/#breadcrumb\",\"itemListElement\":[{\"@type\":\"ListItem\",\"position\":1,\"name\":\"Accueil\",\"item\":\"https:\\\/\\\/www.guides-sports-loisirs.ca\\\/tennis-exterieurs\\\/\"},{\"@type\":\"ListItem\",\"position\":2,\"name\":\"Planification\",\"item\":\"https:\\\/\\\/www.guides-sports-loisirs.ca\\\/tennis-exterieurs\\\/planification\\\/\"},{\"@type\":\"ListItem\",\"position\":3,\"name\":\"Choix du site\"}]},{\"@type\":\"WebSite\",\"@id\":\"https:\\\/\\\/www.guides-sports-loisirs.ca\\\/tennis-exterieurs\\\/#website\",\"url\":\"https:\\\/\\\/www.guides-sports-loisirs.ca\\\/tennis-exterieurs\\\/\",\"name\":\"Cours de tennis ext\u00e9rieurs\",\"description\":\"Cours de tennis ext\u00e9rieurs\",\"potentialAction\":[{\"@type\":\"SearchAction\",\"target\":{\"@type\":\"EntryPoint\",\"urlTemplate\":\"https:\\\/\\\/www.guides-sports-loisirs.ca\\\/tennis-exterieurs\\\/?s={search_term_string}\"},\"query-input\":{\"@type\":\"PropertyValueSpecification\",\"valueRequired\":true,\"valueName\":\"search_term_string\"}}],\"inLanguage\":\"fr-FR\"}]}<\/script>\n<!-- \/ Yoast SEO plugin. -->","yoast_head_json":{"title":"Choix du site - Cours de tennis ext\u00e9rieurs","robots":{"index":"index","follow":"follow","max-snippet":"max-snippet:-1","max-image-preview":"max-image-preview:large","max-video-preview":"max-video-preview:-1"},"canonical":"https:\/\/www.guides-sports-loisirs.ca\/tennis-exterieurs\/planification\/choix-du-site\/","og_locale":"fr_FR","og_type":"article","og_title":"Choix du site - Cours de tennis ext\u00e9rieurs","og_description":"[vc_row][vc_column width=\u00a0\u00bb1\/1&Prime;][vc_column_text css=\u00a0\u00bb.vc_custom_1611873698023{margin-bottom: 0px !important;}\u00a0\u00bb] Pour r\u00e9pondre aux besoins identifi\u00e9s, peut-on optimiser des installations existantes? Les r\u00e9nover? Construire ou am\u00e9nager [&hellip;]","og_url":"https:\/\/www.guides-sports-loisirs.ca\/tennis-exterieurs\/planification\/choix-du-site\/","og_site_name":"Cours de tennis ext\u00e9rieurs","article_modified_time":"2021-02-02T15:53:59+00:00","twitter_card":"summary_large_image","twitter_misc":{"Dur\u00e9e de lecture estim\u00e9e":"4 minutes"},"schema":{"@context":"https:\/\/schema.org","@graph":[{"@type":"WebPage","@id":"https:\/\/www.guides-sports-loisirs.ca\/tennis-exterieurs\/planification\/choix-du-site\/","url":"https:\/\/www.guides-sports-loisirs.ca\/tennis-exterieurs\/planification\/choix-du-site\/","name":"Choix du site - Cours de tennis ext\u00e9rieurs","isPartOf":{"@id":"https:\/\/www.guides-sports-loisirs.ca\/tennis-exterieurs\/#website"},"datePublished":"2021-01-21T19:44:46+00:00","dateModified":"2021-02-02T15:53:59+00:00","breadcrumb":{"@id":"https:\/\/www.guides-sports-loisirs.ca\/tennis-exterieurs\/planification\/choix-du-site\/#breadcrumb"},"inLanguage":"fr-FR","potentialAction":[{"@type":"ReadAction","target":["https:\/\/www.guides-sports-loisirs.ca\/tennis-exterieurs\/planification\/choix-du-site\/"]}]},{"@type":"BreadcrumbList","@id":"https:\/\/www.guides-sports-loisirs.ca\/tennis-exterieurs\/planification\/choix-du-site\/#breadcrumb","itemListElement":[{"@type":"ListItem","position":1,"name":"Accueil","item":"https:\/\/www.guides-sports-loisirs.ca\/tennis-exterieurs\/"},{"@type":"ListItem","position":2,"name":"Planification","item":"https:\/\/www.guides-sports-loisirs.ca\/tennis-exterieurs\/planification\/"},{"@type":"ListItem","position":3,"name":"Choix du site"}]},{"@type":"WebSite","@id":"https:\/\/www.guides-sports-loisirs.ca\/tennis-exterieurs\/#website","url":"https:\/\/www.guides-sports-loisirs.ca\/tennis-exterieurs\/","name":"Cours de tennis ext\u00e9rieurs","description":"Cours de tennis ext\u00e9rieurs","potentialAction":[{"@type":"SearchAction","target":{"@type":"EntryPoint","urlTemplate":"https:\/\/www.guides-sports-loisirs.ca\/tennis-exterieurs\/?s={search_term_string}"},"query-input":{"@type":"PropertyValueSpecification","valueRequired":true,"valueName":"search_term_string"}}],"inLanguage":"fr-FR"}]}},"_links":{"self":[{"href":"https:\/\/www.guides-sports-loisirs.ca\/tennis-exterieurs\/wp-json\/wp\/v2\/pages\/3348","targetHints":{"allow":["GET"]}}],"collection":[{"href":"https:\/\/www.guides-sports-loisirs.ca\/tennis-exterieurs\/wp-json\/wp\/v2\/pages"}],"about":[{"href":"https:\/\/www.guides-sports-loisirs.ca\/tennis-exterieurs\/wp-json\/wp\/v2\/types\/page"}],"author":[{"embeddable":true,"href":"https:\/\/www.guides-sports-loisirs.ca\/tennis-exterieurs\/wp-json\/wp\/v2\/users\/11"}],"replies":[{"embeddable":true,"href":"https:\/\/www.guides-sports-loisirs.ca\/tennis-exterieurs\/wp-json\/wp\/v2\/comments?post=3348"}],"version-history":[{"count":14,"href":"https:\/\/www.guides-sports-loisirs.ca\/tennis-exterieurs\/wp-json\/wp\/v2\/pages\/3348\/revisions"}],"predecessor-version":[{"id":3737,"href":"https:\/\/www.guides-sports-loisirs.ca\/tennis-exterieurs\/wp-json\/wp\/v2\/pages\/3348\/revisions\/3737"}],"up":[{"embeddable":true,"href":"https:\/\/www.guides-sports-loisirs.ca\/tennis-exterieurs\/wp-json\/wp\/v2\/pages\/1803"}],"wp:attachment":[{"href":"https:\/\/www.guides-sports-loisirs.ca\/tennis-exterieurs\/wp-json\/wp\/v2\/media?parent=3348"}],"curies":[{"name":"wp","href":"https:\/\/api.w.org\/{rel}","templated":true}]}}