{"id":2996,"date":"2020-08-12T13:11:34","date_gmt":"2020-08-12T17:11:34","guid":{"rendered":"https:\/\/www.guides-sports-loisirs.ca\/tennis-exterieurs\/?page_id=2996"},"modified":"2021-02-02T13:36:18","modified_gmt":"2021-02-02T18:36:18","slug":"introduction","status":"publish","type":"page","link":"https:\/\/www.guides-sports-loisirs.ca\/tennis-exterieurs\/introduction\/","title":{"rendered":"Introduction"},"content":{"rendered":"<div class=\"wpb-content-wrapper\"><p>[vc_row][vc_column width=\u00a0\u00bb1\/1&Prime;][vc_accordion active_tab=\u00a0\u00bb0&Prime;][vc_accordion_tab title=\u00a0\u00bbOBJECTIF\u00a0\u00bb tab_id=\u00a0\u00bb1611595312-1-74&Prime;][vc_column_text el_class=\u00a0\u00bbtexte\u00a0\u00bb css=\u00a0\u00bb.vc_custom_1611587279073{margin-top: 20px !important;}\u00a0\u00bb]L\u2019objectif de ce guide est de fournir toute l\u2019information n\u00e9cessaire aux collectivit\u00e9s et aux organismes pour \u00eatre en mesure de prendre les d\u00e9cisions appropri\u00e9es en ce qui a trait \u00e0 la construction, l\u2019entretien, la r\u00e9fection ou la reconstruction d\u2019infrastructures tennistiques. Les Qu\u00e9b\u00e9cois b\u00e9n\u00e9ficieront par le fait m\u00eame de courts de jeu s\u00e9curitaires qui leur permettront de tirer profit au maximum des multiples avantages que comporte la pratique du tennis.[\/vc_column_text][\/vc_accordion_tab][vc_accordion_tab title=\u00a0\u00bbDOMAINE D\u2019APPLICATION\u00a0\u00bb tab_id=\u00a0\u00bb1611595312-2-56&Prime;][vc_column_text el_class=\u00a0\u00bbtexte\u00a0\u00bb css=\u00a0\u00bb.vc_custom_1611587206457{margin-top: 20px !important;}\u00a0\u00bb]\u00c0 l\u2019aide de ce guide, les collectivit\u00e9s et les organismes seront en mesure de bien cerner les besoins des usagers en suivant les diff\u00e9rentes phases d\u2019un projet : planification, conception, construction et exploitation. Ils seront ensuite appel\u00e9s \u00e0 proc\u00e9der \u00e0 un diagnostic afin d\u2019\u00e9tablir un constat. Ils pourront ainsi mieux d\u00e9terminer si leurs courts n\u00e9cessitent des r\u00e9fections mineures, des r\u00e9fections majeures ou une reconstruction compl\u00e8te. Qu\u2019il s\u2019agisse de drainage, de surface, d\u2019\u00e9clairage, d\u2019accessoires ou d\u2019am\u00e9nagement du court, des r\u00e9fections mineures ou majeures peuvent s\u2019imposer afin d\u2019offrir des installations en bon \u00e9tat.<\/p>\n<p>Les gestionnaires d\u2019installations tennistiques disposeront \u00e9galement de toute l\u2019information n\u00e9cessaire pour pr\u00e9parer les plans et devis, lancer le projet et le r\u00e9aliser, et entretenir les surfaces. \u00c0 cet \u00e9gard, la planification annuelle d\u2019entretien de court leur permettra de ne rien oublier. Ce guide fournit \u00e9galement des informations techniques sur les dimensions d\u2019un court et l\u2019installation des filets, et donne des exemples d\u2019utilisation multisport d\u2019une surface. Il pr\u00e9sente enfin des exemples de budget d\u2019infrastructures tennistiques existantes.[\/vc_column_text][\/vc_accordion_tab][vc_accordion_tab title=\u00a0\u00bbCONTEXTE\u00a0\u00bb tab_id=\u00a0\u00bb1611595382917-2-8&Prime;][vc_column_text el_class=\u00a0\u00bbtexte\u00a0\u00bb css=\u00a0\u00bb.vc_custom_1611587662293{margin-top: 20px !important;}\u00a0\u00bb]Les Qu\u00e9b\u00e9cois sont de plus en plus nombreux \u00e0 fouler les courts de tennis pour s\u2019amuser tout en se mettant en forme. En 2018, 2 936 000 Canadiens, dont 754 920 Qu\u00e9b\u00e9cois (25,7 % de tous les Canadiens) \u00e9taient consid\u00e9r\u00e9s comme des joueurs de tennis fr\u00e9quents, une augmentation de 34,8 % par rapport \u00e0 2016. Par ailleurs, plus qu\u2019ailleurs au Canada, 33 % des non-pratiquants qu\u00e9b\u00e9cois manifestaient un grand int\u00e9r\u00eat pour s\u2019initier \u00e0 la discipline.<\/p>\n<p>Les Canadiens Bianca Andreescu, F\u00e9lix Auger-Aliassime, Milos Raonic et Denis Shapovalov \u2014 pour ne nommer que ceux-l\u00e0 \u2014 semblent s\u2019\u00eatre concert\u00e9s pour en mettre plein la vue \u00e0 leurs compatriotes sur la sc\u00e8ne tennistique internationale et donner des envies de grandeur \u00e0 la rel\u00e8ve. Il ne fait aucun doute que les performances de ces nouvelles vedettes internationales contribuent \u00e0 l\u2019engouement des Qu\u00e9b\u00e9cois pour le tennis.<\/p>\n<p>La pratique du tennis a plusieurs avantages, notamment sur la sant\u00e9. Elle contribue \u00e0 l\u2019am\u00e9lioration de la coordination, de la dext\u00e9rit\u00e9, de la vitesse et de la souplesse. Qui plus est, le tennis peut \u00eatre jou\u00e9 \u00e0 tout \u00e2ge. Il est une formidable occasion de nouer et d\u2019entretenir des relations tout en adoptant de saines habitudes de vie.<\/p>\n<p>Mais qui dit tennis dit \u00e9galement\u2026 court de tennis. Compte tenu de la popularit\u00e9 du tennis au Qu\u00e9bec et pour r\u00e9pondre \u00e0 la demande croissante d\u2019installations dans la province, il faudrait compter environ deux courts pour chaque tranche de 5 000 habitants. Et il ne suffit pas de les installer, il faut aussi les entretenir. Qu\u2019en est-il des infrastructures tennistiques au Qu\u00e9bec?<\/p>\n<p>De bonnes installations sont essentielles au d\u00e9veloppement de possibilit\u00e9s sportives pour tous, en pratique libre, r\u00e9cr\u00e9ative ou comp\u00e9titive. La s\u00e9curit\u00e9, la qualit\u00e9 de jeu et la dur\u00e9e de vie des courts sont \u00e9galement essentielles au d\u00e9veloppement de la pratique du tennis.<\/p>\n<p>Des installations bien con\u00e7ues, p\u00e9rennes et bien entretenues favorisent la pratique du sport, et elles offrent un rendement optimal des investissements et de leur exploitation quotidienne. L\u2019am\u00e9nagement d\u2019un court de tennis doit reposer sur une bonne compr\u00e9hension des pratiques actuelles, de l\u2019\u00e9volution et des enseignements de projets ant\u00e9rieurs, et ce, dans un contexte de changements climatiques qui oblige les collectivit\u00e9s \u00e0 adopter une gestion plus diversifi\u00e9e de leurs installations sportives ext\u00e9rieures.<\/p>\n<p>Certains constats ont guid\u00e9 l\u2019\u00e9criture de ce guide :<br \/>\n\u2022 Une meilleure compr\u00e9hension des aspects techniques s\u2019appliquant \u00e0 la planification d\u2019un projet d\u2019installation sportive et un bon devis peuvent, entre autres choses, faire la diff\u00e9rence : ils favorisent des projets de courts adapt\u00e9s aux besoins et plus durables.<br \/>\n\u2022 La construction de plusieurs courts de tennis ne s\u2019est pas effectu\u00e9e dans les r\u00e8gles de l\u2019art.<br \/>\n\u2022 Mal entretenus ou dot\u00e9s d\u2019une surface de jeu mal choisie, des courts se retrouvent aujourd\u2019hui en pi\u00e8tre \u00e9tat. Le manque d\u2019entretien d\u2019un court de tennis sur une longue p\u00e9riode peut mener \u00e0 son usure pr\u00e9matur\u00e9e et m\u00eame lui \u00eatre fatal.[\/vc_column_text][\/vc_accordion_tab][vc_accordion_tab title=\u00a0\u00bbCR\u00c9DITS\u00a0\u00bb tab_id=\u00a0\u00bb1611595394371-3-1&Prime;][vc_column_text el_class=\u00a0\u00bbtexte\u00a0\u00bb css=\u00a0\u00bb.vc_custom_1611587741335{margin-top: 20px !important;}\u00a0\u00bb]<span style=\"color: #badc2a;\"><strong>R\u00e9daction<\/strong><\/span><br \/>\nAntoine Guillemette, Tennis Qu\u00e9bec<br \/>\nAndr\u00e9anne Martin, Tennis Qu\u00e9bec<\/p>\n<p><span style=\"color: #badc2a;\"><strong>Coordination<\/strong><\/span><br \/>\nAd\u00e8le Antoniolli, Association qu\u00e9b\u00e9coise du loisir municipal<\/p>\n<p><span style=\"color: #badc2a;\"><strong>R\u00e9vision linguistique<\/strong><\/span><br \/>\nDenis Poulet<\/p>\n<p><span style=\"color: #badc2a;\"><strong>Direction<\/strong><\/span><br \/>\nGenevi\u00e8ve Barri\u00e8re, Association qu\u00e9b\u00e9coise du loisir municipal<\/p>\n<p><span style=\"color: #badc2a;\"><strong>Comit\u00e9 de pilotage<\/strong><\/span><br \/>\nAlexis Bissonnette, Ville de Montr\u00e9al<br \/>\nAnnie Saulnier, Ville de Trois-Rivi\u00e8res<br \/>\nDominique Fr\u00e9chette, Ville de L\u00e9vis<br \/>\nJean-Christophe Gandubert, Ville de Gatineau<br \/>\nJean-Fran\u00e7ois Elliot, Ville de Terrebonne<br \/>\nJonathan B\u00e9lisle, Ville de Sherbrooke<br \/>\nJulie Mahoney, Ville de Montr\u00e9al<br \/>\nMarie-Christine Legault, Ville de Laval<br \/>\nMartine Girard, minist\u00e8re de l\u2019\u00c9ducation et de l\u2019Enseignement sup\u00e9rieur<br \/>\nMichel Delage, Ville de Qu\u00e9bec<br \/>\nRene-Pier Sansregret, Ville de Longueuil<\/p>\n<p><span style=\"color: #badc2a;\"><strong>Contribution au contenu<\/strong><\/span><br \/>\nJonathan Normandeau, PC Court<\/p>\n<p><span style=\"color: #badc2a;\"><strong>Relecture<\/strong><\/span><br \/>\nCarole Mailloux, R\u00e9seau des unit\u00e9s r\u00e9gionales loisir et sport du Qu\u00e9bec,<br \/>\nLoisir et sport Lanaudi\u00e8re[\/vc_column_text][\/vc_accordion_tab][\/vc_accordion][\/vc_column][\/vc_row][vc_row row_height_percent=\u00a0\u00bb0&Prime; overlay_alpha=\u00a0\u00bb50&Prime; gutter_size=\u00a0\u00bb3&Prime; shift_y=\u00a0\u00bb0&Prime; css=\u00a0\u00bb.vc_custom_1569206999586{margin-top: 40px !important;margin-bottom: 50px !important;}\u00a0\u00bb][vc_column width=\u00a0\u00bb1\/1&Prime;][vc_row_inner row_inner_height_percent=\u00a0\u00bb0&Prime; overlay_alpha=\u00a0\u00bb50&Prime; gutter_size=\u00a0\u00bb3&Prime; shift_y=\u00a0\u00bb0&Prime;][vc_column_inner column_width_percent=\u00a0\u00bb100&Prime; gutter_size=\u00a0\u00bb0&Prime; override_padding=\u00a0\u00bbyes\u00a0\u00bb column_padding=\u00a0\u00bb0&Prime; back_color=\u00a0\u00bbcolor-xsdn\u00a0\u00bb overlay_alpha=\u00a0\u00bb50&Prime; shift_x=\u00a0\u00bb0&Prime; shift_y=\u00a0\u00bb0&Prime; z_index=\u00a0\u00bb0&Prime; medium_width=\u00a0\u00bb0&Prime; width=\u00a0\u00bb1\/1&Prime; el_class=\u00a0\u00bbbox-menu\u00a0\u00bb link_to=\u00a0\u00bb|||\u00a0\u00bb][vc_button button_color=\u00a0\u00bbaccent\u00a0\u00bb size=\u00a0\u00bbbtn-lg\u00a0\u00bb radius=\u00a0\u00bbbtn-circle\u00a0\u00bb border_width=\u00a0\u00bb0&Prime; link=\u00a0\u00bburl:https%3A%2F%2Fwww.guides-sports-loisirs.ca%2Ftennis-exterieurs%2Fwp-content%2Fuploads%2Fsites%2F14%2F2021%2F01%2F0.1_Introduction.pdf||target:%20_blank|\u00a0\u00bb icon=\u00a0\u00bbfa fa-document2&Prime;]Version PDF[\/vc_button][\/vc_column_inner][\/vc_row_inner][\/vc_column][\/vc_row]<\/p>\n<\/div>","protected":false},"excerpt":{"rendered":"<p>[vc_row][vc_column width=\u00a0\u00bb1\/1&Prime;][vc_accordion active_tab=\u00a0\u00bb0&Prime;][vc_accordion_tab title=\u00a0\u00bbOBJECTIF\u00a0\u00bb tab_id=\u00a0\u00bb1611595312-1-74&Prime;][vc_column_text el_class=\u00a0\u00bbtexte\u00a0\u00bb css=\u00a0\u00bb.vc_custom_1611587279073{margin-top: 20px !important;}\u00a0\u00bb]L\u2019objectif de ce guide est de fournir toute l\u2019information n\u00e9cessaire aux collectivit\u00e9s [&hellip;]<\/p>\n","protected":false},"author":11,"featured_media":0,"parent":0,"menu_order":1,"comment_status":"closed","ping_status":"closed","template":"","meta":{"_acf_changed":false,"footnotes":""},"class_list":["post-2996","page","type-page","status-publish","hentry"],"acf":[],"yoast_head":"<!-- This site is optimized with the Yoast SEO plugin v27.2 - https:\/\/yoast.com\/product\/yoast-seo-wordpress\/ -->\n<title>Introduction - Cours de tennis ext\u00e9rieurs<\/title>\n<meta name=\"robots\" content=\"index, follow, max-snippet:-1, max-image-preview:large, max-video-preview:-1\" \/>\n<link rel=\"canonical\" href=\"https:\/\/www.guides-sports-loisirs.ca\/tennis-exterieurs\/introduction\/\" \/>\n<meta property=\"og:locale\" content=\"fr_FR\" \/>\n<meta property=\"og:type\" content=\"article\" \/>\n<meta property=\"og:title\" content=\"Introduction - Cours de tennis ext\u00e9rieurs\" \/>\n<meta property=\"og:description\" content=\"[vc_row][vc_column width=\u00a0\u00bb1\/1&Prime;][vc_accordion active_tab=\u00a0\u00bb0&Prime;][vc_accordion_tab title=\u00a0\u00bbOBJECTIF\u00a0\u00bb tab_id=\u00a0\u00bb1611595312-1-74&Prime;][vc_column_text el_class=\u00a0\u00bbtexte\u00a0\u00bb css=\u00a0\u00bb.vc_custom_1611587279073{margin-top: 20px !important;}\u00a0\u00bb]L\u2019objectif de ce guide est de fournir toute l\u2019information n\u00e9cessaire aux collectivit\u00e9s [&hellip;]\" \/>\n<meta property=\"og:url\" content=\"https:\/\/www.guides-sports-loisirs.ca\/tennis-exterieurs\/introduction\/\" \/>\n<meta property=\"og:site_name\" content=\"Cours de tennis ext\u00e9rieurs\" \/>\n<meta property=\"article:modified_time\" content=\"2021-02-02T18:36:18+00:00\" \/>\n<meta name=\"twitter:card\" content=\"summary_large_image\" \/>\n<meta name=\"twitter:label1\" content=\"Dur\u00e9e de lecture estim\u00e9e\" \/>\n\t<meta name=\"twitter:data1\" content=\"6 minutes\" \/>\n<script type=\"application\/ld+json\" class=\"yoast-schema-graph\">{\"@context\":\"https:\/\/schema.org\",\"@graph\":[{\"@type\":\"WebPage\",\"@id\":\"https:\/\/www.guides-sports-loisirs.ca\/tennis-exterieurs\/introduction\/\",\"url\":\"https:\/\/www.guides-sports-loisirs.ca\/tennis-exterieurs\/introduction\/\",\"name\":\"Introduction - Cours de tennis ext\u00e9rieurs\",\"isPartOf\":{\"@id\":\"https:\/\/www.guides-sports-loisirs.ca\/tennis-exterieurs\/#website\"},\"datePublished\":\"2020-08-12T17:11:34+00:00\",\"dateModified\":\"2021-02-02T18:36:18+00:00\",\"breadcrumb\":{\"@id\":\"https:\/\/www.guides-sports-loisirs.ca\/tennis-exterieurs\/introduction\/#breadcrumb\"},\"inLanguage\":\"fr-FR\",\"potentialAction\":[{\"@type\":\"ReadAction\",\"target\":[\"https:\/\/www.guides-sports-loisirs.ca\/tennis-exterieurs\/introduction\/\"]}]},{\"@type\":\"BreadcrumbList\",\"@id\":\"https:\/\/www.guides-sports-loisirs.ca\/tennis-exterieurs\/introduction\/#breadcrumb\",\"itemListElement\":[{\"@type\":\"ListItem\",\"position\":1,\"name\":\"Accueil\",\"item\":\"https:\/\/www.guides-sports-loisirs.ca\/tennis-exterieurs\/\"},{\"@type\":\"ListItem\",\"position\":2,\"name\":\"Introduction\"}]},{\"@type\":\"WebSite\",\"@id\":\"https:\/\/www.guides-sports-loisirs.ca\/tennis-exterieurs\/#website\",\"url\":\"https:\/\/www.guides-sports-loisirs.ca\/tennis-exterieurs\/\",\"name\":\"Cours de tennis ext\u00e9rieurs\",\"description\":\"Cours de tennis ext\u00e9rieurs\",\"potentialAction\":[{\"@type\":\"SearchAction\",\"target\":{\"@type\":\"EntryPoint\",\"urlTemplate\":\"https:\/\/www.guides-sports-loisirs.ca\/tennis-exterieurs\/?s={search_term_string}\"},\"query-input\":{\"@type\":\"PropertyValueSpecification\",\"valueRequired\":true,\"valueName\":\"search_term_string\"}}],\"inLanguage\":\"fr-FR\"}]}<\/script>\n<!-- \/ Yoast SEO plugin. -->","yoast_head_json":{"title":"Introduction - Cours de tennis ext\u00e9rieurs","robots":{"index":"index","follow":"follow","max-snippet":"max-snippet:-1","max-image-preview":"max-image-preview:large","max-video-preview":"max-video-preview:-1"},"canonical":"https:\/\/www.guides-sports-loisirs.ca\/tennis-exterieurs\/introduction\/","og_locale":"fr_FR","og_type":"article","og_title":"Introduction - Cours de tennis ext\u00e9rieurs","og_description":"[vc_row][vc_column width=\u00a0\u00bb1\/1&Prime;][vc_accordion active_tab=\u00a0\u00bb0&Prime;][vc_accordion_tab title=\u00a0\u00bbOBJECTIF\u00a0\u00bb tab_id=\u00a0\u00bb1611595312-1-74&Prime;][vc_column_text el_class=\u00a0\u00bbtexte\u00a0\u00bb css=\u00a0\u00bb.vc_custom_1611587279073{margin-top: 20px !important;}\u00a0\u00bb]L\u2019objectif de ce guide est de fournir toute l\u2019information n\u00e9cessaire aux collectivit\u00e9s [&hellip;]","og_url":"https:\/\/www.guides-sports-loisirs.ca\/tennis-exterieurs\/introduction\/","og_site_name":"Cours de tennis ext\u00e9rieurs","article_modified_time":"2021-02-02T18:36:18+00:00","twitter_card":"summary_large_image","twitter_misc":{"Dur\u00e9e de lecture estim\u00e9e":"6 minutes"},"schema":{"@context":"https:\/\/schema.org","@graph":[{"@type":"WebPage","@id":"https:\/\/www.guides-sports-loisirs.ca\/tennis-exterieurs\/introduction\/","url":"https:\/\/www.guides-sports-loisirs.ca\/tennis-exterieurs\/introduction\/","name":"Introduction - Cours de tennis ext\u00e9rieurs","isPartOf":{"@id":"https:\/\/www.guides-sports-loisirs.ca\/tennis-exterieurs\/#website"},"datePublished":"2020-08-12T17:11:34+00:00","dateModified":"2021-02-02T18:36:18+00:00","breadcrumb":{"@id":"https:\/\/www.guides-sports-loisirs.ca\/tennis-exterieurs\/introduction\/#breadcrumb"},"inLanguage":"fr-FR","potentialAction":[{"@type":"ReadAction","target":["https:\/\/www.guides-sports-loisirs.ca\/tennis-exterieurs\/introduction\/"]}]},{"@type":"BreadcrumbList","@id":"https:\/\/www.guides-sports-loisirs.ca\/tennis-exterieurs\/introduction\/#breadcrumb","itemListElement":[{"@type":"ListItem","position":1,"name":"Accueil","item":"https:\/\/www.guides-sports-loisirs.ca\/tennis-exterieurs\/"},{"@type":"ListItem","position":2,"name":"Introduction"}]},{"@type":"WebSite","@id":"https:\/\/www.guides-sports-loisirs.ca\/tennis-exterieurs\/#website","url":"https:\/\/www.guides-sports-loisirs.ca\/tennis-exterieurs\/","name":"Cours de tennis ext\u00e9rieurs","description":"Cours de tennis ext\u00e9rieurs","potentialAction":[{"@type":"SearchAction","target":{"@type":"EntryPoint","urlTemplate":"https:\/\/www.guides-sports-loisirs.ca\/tennis-exterieurs\/?s={search_term_string}"},"query-input":{"@type":"PropertyValueSpecification","valueRequired":true,"valueName":"search_term_string"}}],"inLanguage":"fr-FR"}]}},"_links":{"self":[{"href":"https:\/\/www.guides-sports-loisirs.ca\/tennis-exterieurs\/wp-json\/wp\/v2\/pages\/2996","targetHints":{"allow":["GET"]}}],"collection":[{"href":"https:\/\/www.guides-sports-loisirs.ca\/tennis-exterieurs\/wp-json\/wp\/v2\/pages"}],"about":[{"href":"https:\/\/www.guides-sports-loisirs.ca\/tennis-exterieurs\/wp-json\/wp\/v2\/types\/page"}],"author":[{"embeddable":true,"href":"https:\/\/www.guides-sports-loisirs.ca\/tennis-exterieurs\/wp-json\/wp\/v2\/users\/11"}],"replies":[{"embeddable":true,"href":"https:\/\/www.guides-sports-loisirs.ca\/tennis-exterieurs\/wp-json\/wp\/v2\/comments?post=2996"}],"version-history":[{"count":13,"href":"https:\/\/www.guides-sports-loisirs.ca\/tennis-exterieurs\/wp-json\/wp\/v2\/pages\/2996\/revisions"}],"predecessor-version":[{"id":3424,"href":"https:\/\/www.guides-sports-loisirs.ca\/tennis-exterieurs\/wp-json\/wp\/v2\/pages\/2996\/revisions\/3424"}],"wp:attachment":[{"href":"https:\/\/www.guides-sports-loisirs.ca\/tennis-exterieurs\/wp-json\/wp\/v2\/media?parent=2996"}],"curies":[{"name":"wp","href":"https:\/\/api.w.org\/{rel}","templated":true}]}}