{"id":1952,"date":"2019-09-21T15:04:23","date_gmt":"2019-09-21T19:04:23","guid":{"rendered":"https:\/\/www.guides-sports-loisirs.ca\/tennis-exterieurs\/?page_id=1952"},"modified":"2021-02-02T13:32:05","modified_gmt":"2021-02-02T18:32:05","slug":"references","status":"publish","type":"page","link":"https:\/\/www.guides-sports-loisirs.ca\/tennis-exterieurs\/references\/","title":{"rendered":"R\u00e9f\u00e9rences"},"content":{"rendered":"<div class=\"wpb-content-wrapper\"><p>[vc_row row_height_percent=\u00a0\u00bb0&Prime; overlay_alpha=\u00a0\u00bb50&Prime; gutter_size=\u00a0\u00bb3&Prime; shift_y=\u00a0\u00bb0&Prime; css=\u00a0\u00bb.vc_custom_1569108706353{margin-top: 40px !important;}\u00a0\u00bb][vc_column width=\u00a0\u00bb1\/1&Prime;][vc_row_inner row_inner_height_percent=\u00a0\u00bb0&Prime; overlay_alpha=\u00a0\u00bb50&Prime; gutter_size=\u00a0\u00bb3&Prime; shift_y=\u00a0\u00bb0&Prime; css=\u00a0\u00bb.vc_custom_1569442842252{margin-top: 65px !important;}\u00a0\u00bb][vc_column_inner width=\u00a0\u00bb1\/1&Prime;][vc_column_text el_class=\u00a0\u00bbtextjustifie\u00a0\u00bb]<a href=\"https:\/\/www.tpacanada.com\/fr\/\" target=\"_blank\" rel=\"noopener noreferrer\"><strong>Association des professionnels de tennis (APT)<\/strong><\/a><br \/>\nNormes de qualit\u00e9 du tennis pour enfant, \u00e9quipement requis pour le tennis progressif, formation des instructeurs et entra\u00eeneurs, etc.<\/p>\n<p><a href=\"https:\/\/sportsbuilders.org\/\" target=\"_blank\" rel=\"noopener noreferrer\"><strong>American Sport Builder Association<\/strong><\/a><br \/>\nManuel de construction, en anglais seulement, service payant.<\/p>\n<p><a href=\"https:\/\/hartru.com\/\" target=\"_blank\" rel=\"noopener noreferrer\"><strong>Har-Tru<\/strong><\/a><br \/>\nEn anglais seulement.<\/p>\n<p><a href=\"http:\/\/tennis.qc.ca\/programme-daffiliation\/\" target=\"_blank\" rel=\"noopener noreferrer\"><strong>Programme d\u2019affiliation des organismes de tennis ext\u00e9rieur<\/strong><\/a><br \/>\nTennis Qu\u00e9bec<\/p>\n<p><a href=\"https:\/\/www.tenniscanada.com\/fr\/facilities\/\" target=\"_blank\" rel=\"noopener noreferrer\"><strong>Programme d\u2019installations<\/strong><\/a><br \/>\nTennis Canada<\/p>\n<p><a href=\"http:\/\/tennis.qc.ca\/proteger-le-tennis\/\" target=\"_blank\" rel=\"noopener noreferrer\"><strong>Programme Prot\u00e9ger le tennis<\/strong><\/a><\/p>\n<p><a href=\"https:\/\/www.tenniscanada.com\/fr\/tournois\/officiating\/rules-of-the-court\/\" target=\"_blank\" rel=\"noopener noreferrer\"><strong>R\u00e8gles du jeu 2020<\/strong><\/a><br \/>\nTennis Canada<\/p>\n<p><a href=\"https:\/\/www.itftennis.com\/en\/about-us\/organisation\/publications-and-resources\/tennis-tech\/\" target=\"_blank\" rel=\"noopener noreferrer\"><strong>Resources techniques International Tennis Federation<\/strong><\/a><br \/>\nEn anglais seulement.<\/p>\n<p><a href=\"https:\/\/www.sportmaster.net\/\" target=\"_blank\" rel=\"noopener noreferrer\"><strong>SportMaster Sport Surfaces<\/strong><\/a><br \/>\nEn anglais seulement.<\/p>\n<p><a href=\"https:\/\/www.usta.com\/en\/home\/organize\/program-resources\/national\/resources---tools.html\" target=\"_blank\" rel=\"noopener noreferrer\"><strong>United States Tennis Association Resources and Tools<\/strong><\/a><br \/>\nEn anglais seulement.[\/vc_column_text][\/vc_column_inner][\/vc_row_inner][\/vc_column][\/vc_row][vc_row][\/vc_row]<\/p>\n<\/div>","protected":false},"excerpt":{"rendered":"<p>[vc_row row_height_percent=\u00a0\u00bb0&Prime; overlay_alpha=\u00a0\u00bb50&Prime; gutter_size=\u00a0\u00bb3&Prime; shift_y=\u00a0\u00bb0&Prime; css=\u00a0\u00bb.vc_custom_1569108706353{margin-top: 40px !important;}\u00a0\u00bb][vc_column width=\u00a0\u00bb1\/1&Prime;][vc_row_inner row_inner_height_percent=\u00a0\u00bb0&Prime; overlay_alpha=\u00a0\u00bb50&Prime; gutter_size=\u00a0\u00bb3&Prime; shift_y=\u00a0\u00bb0&Prime; css=\u00a0\u00bb.vc_custom_1569442842252{margin-top: 65px !important;}\u00a0\u00bb][vc_column_inner width=\u00a0\u00bb1\/1&Prime;][vc_column_text el_class=\u00a0\u00bbtextjustifie\u00a0\u00bb]Association des professionnels [&hellip;]<\/p>\n","protected":false},"author":11,"featured_media":0,"parent":0,"menu_order":100,"comment_status":"closed","ping_status":"closed","template":"","meta":{"_acf_changed":false,"footnotes":""},"class_list":["post-1952","page","type-page","status-publish","hentry"],"acf":[],"yoast_head":"<!-- This site is optimized with the Yoast SEO plugin v27.2 - https:\/\/yoast.com\/product\/yoast-seo-wordpress\/ -->\n<title>R\u00e9f\u00e9rences - Cours de tennis ext\u00e9rieurs<\/title>\n<meta name=\"robots\" content=\"index, follow, max-snippet:-1, max-image-preview:large, max-video-preview:-1\" \/>\n<link rel=\"canonical\" href=\"https:\/\/www.guides-sports-loisirs.ca\/tennis-exterieurs\/references\/\" \/>\n<meta property=\"og:locale\" content=\"fr_FR\" \/>\n<meta property=\"og:type\" content=\"article\" \/>\n<meta property=\"og:title\" content=\"R\u00e9f\u00e9rences - Cours de tennis ext\u00e9rieurs\" \/>\n<meta property=\"og:description\" content=\"[vc_row row_height_percent=\u00a0\u00bb0&Prime; overlay_alpha=\u00a0\u00bb50&Prime; gutter_size=\u00a0\u00bb3&Prime; shift_y=\u00a0\u00bb0&Prime; css=\u00a0\u00bb.vc_custom_1569108706353{margin-top: 40px !important;}\u00a0\u00bb][vc_column width=\u00a0\u00bb1\/1&Prime;][vc_row_inner row_inner_height_percent=\u00a0\u00bb0&Prime; overlay_alpha=\u00a0\u00bb50&Prime; gutter_size=\u00a0\u00bb3&Prime; shift_y=\u00a0\u00bb0&Prime; css=\u00a0\u00bb.vc_custom_1569442842252{margin-top: 65px !important;}\u00a0\u00bb][vc_column_inner width=\u00a0\u00bb1\/1&Prime;][vc_column_text el_class=\u00a0\u00bbtextjustifie\u00a0\u00bb]Association des professionnels [&hellip;]\" \/>\n<meta property=\"og:url\" content=\"https:\/\/www.guides-sports-loisirs.ca\/tennis-exterieurs\/references\/\" \/>\n<meta property=\"og:site_name\" content=\"Cours de tennis ext\u00e9rieurs\" \/>\n<meta property=\"article:modified_time\" content=\"2021-02-02T18:32:05+00:00\" \/>\n<meta name=\"twitter:card\" content=\"summary_large_image\" \/>\n<meta name=\"twitter:label1\" content=\"Dur\u00e9e de lecture estim\u00e9e\" \/>\n\t<meta name=\"twitter:data1\" content=\"1 minute\" \/>\n<script type=\"application\/ld+json\" class=\"yoast-schema-graph\">{\"@context\":\"https:\/\/schema.org\",\"@graph\":[{\"@type\":\"WebPage\",\"@id\":\"https:\/\/www.guides-sports-loisirs.ca\/tennis-exterieurs\/references\/\",\"url\":\"https:\/\/www.guides-sports-loisirs.ca\/tennis-exterieurs\/references\/\",\"name\":\"R\u00e9f\u00e9rences - Cours de tennis ext\u00e9rieurs\",\"isPartOf\":{\"@id\":\"https:\/\/www.guides-sports-loisirs.ca\/tennis-exterieurs\/#website\"},\"datePublished\":\"2019-09-21T19:04:23+00:00\",\"dateModified\":\"2021-02-02T18:32:05+00:00\",\"breadcrumb\":{\"@id\":\"https:\/\/www.guides-sports-loisirs.ca\/tennis-exterieurs\/references\/#breadcrumb\"},\"inLanguage\":\"fr-FR\",\"potentialAction\":[{\"@type\":\"ReadAction\",\"target\":[\"https:\/\/www.guides-sports-loisirs.ca\/tennis-exterieurs\/references\/\"]}]},{\"@type\":\"BreadcrumbList\",\"@id\":\"https:\/\/www.guides-sports-loisirs.ca\/tennis-exterieurs\/references\/#breadcrumb\",\"itemListElement\":[{\"@type\":\"ListItem\",\"position\":1,\"name\":\"Accueil\",\"item\":\"https:\/\/www.guides-sports-loisirs.ca\/tennis-exterieurs\/\"},{\"@type\":\"ListItem\",\"position\":2,\"name\":\"R\u00e9f\u00e9rences\"}]},{\"@type\":\"WebSite\",\"@id\":\"https:\/\/www.guides-sports-loisirs.ca\/tennis-exterieurs\/#website\",\"url\":\"https:\/\/www.guides-sports-loisirs.ca\/tennis-exterieurs\/\",\"name\":\"Cours de tennis ext\u00e9rieurs\",\"description\":\"Cours de tennis ext\u00e9rieurs\",\"potentialAction\":[{\"@type\":\"SearchAction\",\"target\":{\"@type\":\"EntryPoint\",\"urlTemplate\":\"https:\/\/www.guides-sports-loisirs.ca\/tennis-exterieurs\/?s={search_term_string}\"},\"query-input\":{\"@type\":\"PropertyValueSpecification\",\"valueRequired\":true,\"valueName\":\"search_term_string\"}}],\"inLanguage\":\"fr-FR\"}]}<\/script>\n<!-- \/ Yoast SEO plugin. -->","yoast_head_json":{"title":"R\u00e9f\u00e9rences - Cours de tennis ext\u00e9rieurs","robots":{"index":"index","follow":"follow","max-snippet":"max-snippet:-1","max-image-preview":"max-image-preview:large","max-video-preview":"max-video-preview:-1"},"canonical":"https:\/\/www.guides-sports-loisirs.ca\/tennis-exterieurs\/references\/","og_locale":"fr_FR","og_type":"article","og_title":"R\u00e9f\u00e9rences - Cours de tennis ext\u00e9rieurs","og_description":"[vc_row row_height_percent=\u00a0\u00bb0&Prime; overlay_alpha=\u00a0\u00bb50&Prime; gutter_size=\u00a0\u00bb3&Prime; shift_y=\u00a0\u00bb0&Prime; css=\u00a0\u00bb.vc_custom_1569108706353{margin-top: 40px !important;}\u00a0\u00bb][vc_column width=\u00a0\u00bb1\/1&Prime;][vc_row_inner row_inner_height_percent=\u00a0\u00bb0&Prime; overlay_alpha=\u00a0\u00bb50&Prime; gutter_size=\u00a0\u00bb3&Prime; shift_y=\u00a0\u00bb0&Prime; css=\u00a0\u00bb.vc_custom_1569442842252{margin-top: 65px !important;}\u00a0\u00bb][vc_column_inner width=\u00a0\u00bb1\/1&Prime;][vc_column_text el_class=\u00a0\u00bbtextjustifie\u00a0\u00bb]Association des professionnels [&hellip;]","og_url":"https:\/\/www.guides-sports-loisirs.ca\/tennis-exterieurs\/references\/","og_site_name":"Cours de tennis ext\u00e9rieurs","article_modified_time":"2021-02-02T18:32:05+00:00","twitter_card":"summary_large_image","twitter_misc":{"Dur\u00e9e de lecture estim\u00e9e":"1 minute"},"schema":{"@context":"https:\/\/schema.org","@graph":[{"@type":"WebPage","@id":"https:\/\/www.guides-sports-loisirs.ca\/tennis-exterieurs\/references\/","url":"https:\/\/www.guides-sports-loisirs.ca\/tennis-exterieurs\/references\/","name":"R\u00e9f\u00e9rences - Cours de tennis ext\u00e9rieurs","isPartOf":{"@id":"https:\/\/www.guides-sports-loisirs.ca\/tennis-exterieurs\/#website"},"datePublished":"2019-09-21T19:04:23+00:00","dateModified":"2021-02-02T18:32:05+00:00","breadcrumb":{"@id":"https:\/\/www.guides-sports-loisirs.ca\/tennis-exterieurs\/references\/#breadcrumb"},"inLanguage":"fr-FR","potentialAction":[{"@type":"ReadAction","target":["https:\/\/www.guides-sports-loisirs.ca\/tennis-exterieurs\/references\/"]}]},{"@type":"BreadcrumbList","@id":"https:\/\/www.guides-sports-loisirs.ca\/tennis-exterieurs\/references\/#breadcrumb","itemListElement":[{"@type":"ListItem","position":1,"name":"Accueil","item":"https:\/\/www.guides-sports-loisirs.ca\/tennis-exterieurs\/"},{"@type":"ListItem","position":2,"name":"R\u00e9f\u00e9rences"}]},{"@type":"WebSite","@id":"https:\/\/www.guides-sports-loisirs.ca\/tennis-exterieurs\/#website","url":"https:\/\/www.guides-sports-loisirs.ca\/tennis-exterieurs\/","name":"Cours de tennis ext\u00e9rieurs","description":"Cours de tennis ext\u00e9rieurs","potentialAction":[{"@type":"SearchAction","target":{"@type":"EntryPoint","urlTemplate":"https:\/\/www.guides-sports-loisirs.ca\/tennis-exterieurs\/?s={search_term_string}"},"query-input":{"@type":"PropertyValueSpecification","valueRequired":true,"valueName":"search_term_string"}}],"inLanguage":"fr-FR"}]}},"_links":{"self":[{"href":"https:\/\/www.guides-sports-loisirs.ca\/tennis-exterieurs\/wp-json\/wp\/v2\/pages\/1952","targetHints":{"allow":["GET"]}}],"collection":[{"href":"https:\/\/www.guides-sports-loisirs.ca\/tennis-exterieurs\/wp-json\/wp\/v2\/pages"}],"about":[{"href":"https:\/\/www.guides-sports-loisirs.ca\/tennis-exterieurs\/wp-json\/wp\/v2\/types\/page"}],"author":[{"embeddable":true,"href":"https:\/\/www.guides-sports-loisirs.ca\/tennis-exterieurs\/wp-json\/wp\/v2\/users\/11"}],"replies":[{"embeddable":true,"href":"https:\/\/www.guides-sports-loisirs.ca\/tennis-exterieurs\/wp-json\/wp\/v2\/comments?post=1952"}],"version-history":[{"count":20,"href":"https:\/\/www.guides-sports-loisirs.ca\/tennis-exterieurs\/wp-json\/wp\/v2\/pages\/1952\/revisions"}],"predecessor-version":[{"id":3658,"href":"https:\/\/www.guides-sports-loisirs.ca\/tennis-exterieurs\/wp-json\/wp\/v2\/pages\/1952\/revisions\/3658"}],"wp:attachment":[{"href":"https:\/\/www.guides-sports-loisirs.ca\/tennis-exterieurs\/wp-json\/wp\/v2\/media?parent=1952"}],"curies":[{"name":"wp","href":"https:\/\/api.w.org\/{rel}","templated":true}]}}