{"id":2391,"date":"2019-09-22T17:40:51","date_gmt":"2019-09-22T21:40:51","guid":{"rendered":"https:\/\/www.guides-sports-loisirs.ca\/soccer-exterieurs\/?page_id=2391"},"modified":"2019-10-08T12:58:49","modified_gmt":"2019-10-08T16:58:49","slug":"references","status":"publish","type":"page","link":"https:\/\/www.guides-sports-loisirs.ca\/soccer-exterieurs\/references\/","title":{"rendered":"R\u00e9f\u00e9rences"},"content":{"rendered":"<div class=\"wpb-content-wrapper\"><p>[vc_row row_height_percent=\u00a0\u00bb0&Prime; overlay_alpha=\u00a0\u00bb50&Prime; gutter_size=\u00a0\u00bb3&Prime; shift_y=\u00a0\u00bb0&Prime; css=\u00a0\u00bb.vc_custom_1569188846727{margin-top: 40px !important;margin-bottom: 50px !important;}\u00a0\u00bb][vc_column width=\u00a0\u00bb1\/1&Prime;][vc_column_text]Directives de l\u2019UEFA en mati\u00e8re de qualit\u00e9 des terrains.<br \/>\nGestion des terrains en gazon naturel \u2013 \u00c9dition 2018.<br \/>\nUnion Europ\u00e9enne de football association UEFA.<\/p>\n<p>Directives pour la construction des terrains de football. Commission des terrains de jeu (CTJ-ASF).<br \/>\nAssociation suisse de football. 2017.<\/p>\n<p>Entretien des gazons de sport. Vade-mecum. Province de Li\u00e8ge. 2013.<\/p>\n<p>Environmental impact study on artificial football turf. Eunomia Research &amp; Consulting. 2017.<\/p>\n<p>FIFA quality concept for football turf. Maintenance of a football turf field. FIFA. 2015.<\/p>\n<p>FIFA quality programme for football turf. Handbook of Requirements. FIFA. 2015.<\/p>\n<p>FIFA quality programme for football turf. Handbook of Test Methods. FIFA. 2015.<\/p>\n<p>Gazons synth\u00e9tiques utilis\u00e9s pour les sports ext\u00e9rieurs \u00e0 la Ville de Montr\u00e9al.<br \/>\nRevue de la litt\u00e9rature et \u00e9valuation des risques toxicologiques.<br \/>\nDirection de sant\u00e9 publique. Agence de la sant\u00e9 et des services sociaux de Montr\u00e9al. 2008.<\/p>\n<p>Gazons synth\u00e9tiques utilis\u00e9s dans les installations sportives int\u00e9rieures de la Ville de Montr\u00e9al &#8211; \u00c9valuation des risques \u00e0 la sant\u00e9.<br \/>\nDirection de sant\u00e9 publique \u2013 Agence de la sant\u00e9 et des services sociaux de Montr\u00e9al.<br \/>\nKarin Price. 2013.<\/p>\n<p>Guide d\u2019am\u00e9nagement et d\u2019entretien des terrains de soccer ext\u00e9rieurs.<br \/>\nDirection des sports, des parcs et des espaces verts de la Ville de Montr\u00e9al, en collaboration avec la Direction de la promotion de la s\u00e9curit\u00e9 du minist\u00e8re de l\u2019\u00c9ducation, du Loisir<br \/>\net du Sport. 2005.<\/p>\n<p>Guide de l\u2019UEFA pour des stades de qualit\u00e9. Union Europ\u00e9enne de football association. 2011.<\/p>\n<p>Guide implantation et entretien d\u2019une pelouse durable.<br \/>\nAssociation des producteurs de gazon du Qu\u00e9bec<br \/>\net f\u00e9d\u00e9ration interdisciplinaire de l\u2019horticulture ornementale du Qu\u00e9bec.<\/p>\n<p>Guidelines for Crumb Rubber Infill Used in Synthetic Turf Fields. Synthetic turf Counsil. 2010.<\/p>\n<p>Guidelines for maintenance of infilled synthetic turf sports fields. Synthetic turf council. 2013.<\/p>\n<p>Guidelines for Synthetic Turf Base Systems. Synthetic turf Counsil. 2017.<\/p>\n<p>Guidelines for Synthetic Turf Performance. Synthetic turf Counsil. 2011.<\/p>\n<p>Guide to outdoor areas for small sided football and mini-soccer.<br \/>\nThe football association 2010.<\/p>\n<p>Installation d\u2019une pelouse artificielle \u2013 Technologies du football.<br \/>\nF\u00e9d\u00e9ration internationale de football association. FIFA 2019.<\/p>\n<p>Les \u00e9quipements sportifs. Collection technique de conception. \u00c9ditions Le moniteur. 2006.<\/p>\n<p>Loi du jeu. 2018-2019. F\u00e9d\u00e9ration internationale de football association. FIFA<\/p>\n<p>Manager\u2019s guide to natural grass football pitches.<br \/>\nF\u00e9d\u00e9ration internationale de football association. FIFA.<\/p>\n<p>Natural turf for sport &#8211; Design guidance note &#8211; Creating sporting opportunities<br \/>\nin every community.<br \/>\nSport England. 2011.<\/p>\n<p>Preparation of a Sub-base for a Football Turf System.<br \/>\nF\u00e9d\u00e9ration internationale de football association. FIFA. 2016.<\/p>\n<p>Programme Qualit\u00e9 de la FIFA pour le gazon artificiel.<br \/>\nF\u00e9d\u00e9ration internationale de football association. FIFA. Octobre 2015.<\/p>\n<p>R\u00e8glement de s\u00e9curit\u00e9 de la f\u00e9d\u00e9ration de soccer du Qu\u00e9bec. F\u00e9vrier 2009.<\/p>\n<p>R\u00e8glement des terrains et installations sportives. F\u00e9d\u00e9ration fran\u00e7aise de football. 2014.<\/p>\n<p>Suggested Guidelines for the Essential Elements of Synthetic Turf Systems.<br \/>\nSynthetic turf Counsil. 2011.<\/p>\n<p>The FA guide to 3G football turf pitch design principles and layouts. Building, protecting and enhancing sustainable football facilities.<br \/>\nFootball England FA. 2013.<\/p>\n<p>The FA guide to artificial grass pitches. The football association. 2010.<\/p>\n<p>The lighting handbook, 10th edition.<br \/>\nIlluminating Engineering Society of North America (IES). Sports Lighting (RP-6-88). 2011.<\/p>\n<p>The soccer field handbook. How to build, fund &amp; maintain soccer fields.<br \/>\nUS soccer foundation. 2007.<\/p>\n<p>Travaux de mise en \u0153uvre et d\u2019entretien des terrains de sport.<br \/>\nTravaux d\u2019entretien des sols sportifs. R\u00e8gles professionnelles.<br \/>\nNo S.E. 1-R0. Union nationale des Entreprises du Paysage UNEP. 2016.<\/p>\n<p>UEFA Stadium Lighting Guide. 2016.[\/vc_column_text][\/vc_column][\/vc_row][vc_row row_height_percent=\u00a0\u00bb0&Prime; overlay_alpha=\u00a0\u00bb50&Prime; gutter_size=\u00a0\u00bb3&Prime; shift_y=\u00a0\u00bb0&Prime; css=\u00a0\u00bb.vc_custom_1569108716255{margin-bottom: 50px !important;}\u00a0\u00bb][vc_column width=\u00a0\u00bb1\/1&Prime;][vc_button button_color=\u00a0\u00bbaccent\u00a0\u00bb size=\u00a0\u00bbbtn-lg\u00a0\u00bb radius=\u00a0\u00bbbtn-circle\u00a0\u00bb link=\u00a0\u00bburl:https%3A%2F%2Fwww.guides-sports-loisirs.ca%2Fsoccer-exterieurs%2Fwp-content%2Fuploads%2Fsites%2F9%2F2017%2F03%2F7_References-min.pdf||target:%20_blank|\u00a0\u00bb icon=\u00a0\u00bbfa fa-file-o\u00a0\u00bb el_class=\u00a0\u00bbbtn-pdf\u00a0\u00bb]Version PDF[\/vc_button][\/vc_column][\/vc_row]<\/p>\n<\/div>","protected":false},"excerpt":{"rendered":"<p>[vc_row row_height_percent=\u00a0\u00bb0&Prime; overlay_alpha=\u00a0\u00bb50&Prime; gutter_size=\u00a0\u00bb3&Prime; shift_y=\u00a0\u00bb0&Prime; css=\u00a0\u00bb.vc_custom_1569188846727{margin-top: 40px !important;margin-bottom: 50px !important;}\u00a0\u00bb][vc_column width=\u00a0\u00bb1\/1&Prime;][vc_column_text]Directives de l\u2019UEFA en mati\u00e8re de qualit\u00e9 des terrains. Gestion [&hellip;]<\/p>\n","protected":false},"author":11,"featured_media":0,"parent":0,"menu_order":29,"comment_status":"closed","ping_status":"closed","template":"","meta":{"_acf_changed":false,"footnotes":""},"class_list":["post-2391","page","type-page","status-publish","hentry"],"acf":[],"yoast_head":"<!-- This site is optimized with the Yoast SEO plugin v27.4 - https:\/\/yoast.com\/product\/yoast-seo-wordpress\/ -->\n<title>R\u00e9f\u00e9rences - Terrains de soccer ext\u00e9rieurs<\/title>\n<meta name=\"robots\" content=\"index, follow, max-snippet:-1, max-image-preview:large, max-video-preview:-1\" \/>\n<link rel=\"canonical\" href=\"https:\/\/www.guides-sports-loisirs.ca\/soccer-exterieurs\/references\/\" \/>\n<meta property=\"og:locale\" content=\"fr_FR\" \/>\n<meta property=\"og:type\" content=\"article\" \/>\n<meta property=\"og:title\" content=\"R\u00e9f\u00e9rences - Terrains de soccer ext\u00e9rieurs\" \/>\n<meta property=\"og:description\" content=\"[vc_row row_height_percent=\u00a0\u00bb0&Prime; overlay_alpha=\u00a0\u00bb50&Prime; gutter_size=\u00a0\u00bb3&Prime; shift_y=\u00a0\u00bb0&Prime; css=\u00a0\u00bb.vc_custom_1569188846727{margin-top: 40px !important;margin-bottom: 50px !important;}\u00a0\u00bb][vc_column width=\u00a0\u00bb1\/1&Prime;][vc_column_text]Directives de l\u2019UEFA en mati\u00e8re de qualit\u00e9 des terrains. Gestion [&hellip;]\" \/>\n<meta property=\"og:url\" content=\"https:\/\/www.guides-sports-loisirs.ca\/soccer-exterieurs\/references\/\" \/>\n<meta property=\"og:site_name\" content=\"Terrains de soccer ext\u00e9rieurs\" \/>\n<meta property=\"article:modified_time\" content=\"2019-10-08T16:58:49+00:00\" \/>\n<meta name=\"twitter:card\" content=\"summary_large_image\" \/>\n<meta name=\"twitter:label1\" content=\"Dur\u00e9e de lecture estim\u00e9e\" \/>\n\t<meta name=\"twitter:data1\" content=\"3 minutes\" \/>\n<script type=\"application\/ld+json\" class=\"yoast-schema-graph\">{\"@context\":\"https:\\\/\\\/schema.org\",\"@graph\":[{\"@type\":\"WebPage\",\"@id\":\"https:\\\/\\\/www.guides-sports-loisirs.ca\\\/soccer-exterieurs\\\/references\\\/\",\"url\":\"https:\\\/\\\/www.guides-sports-loisirs.ca\\\/soccer-exterieurs\\\/references\\\/\",\"name\":\"R\u00e9f\u00e9rences - Terrains de soccer ext\u00e9rieurs\",\"isPartOf\":{\"@id\":\"https:\\\/\\\/www.guides-sports-loisirs.ca\\\/soccer-exterieurs\\\/#website\"},\"datePublished\":\"2019-09-22T21:40:51+00:00\",\"dateModified\":\"2019-10-08T16:58:49+00:00\",\"breadcrumb\":{\"@id\":\"https:\\\/\\\/www.guides-sports-loisirs.ca\\\/soccer-exterieurs\\\/references\\\/#breadcrumb\"},\"inLanguage\":\"fr-FR\",\"potentialAction\":[{\"@type\":\"ReadAction\",\"target\":[\"https:\\\/\\\/www.guides-sports-loisirs.ca\\\/soccer-exterieurs\\\/references\\\/\"]}]},{\"@type\":\"BreadcrumbList\",\"@id\":\"https:\\\/\\\/www.guides-sports-loisirs.ca\\\/soccer-exterieurs\\\/references\\\/#breadcrumb\",\"itemListElement\":[{\"@type\":\"ListItem\",\"position\":1,\"name\":\"Accueil\",\"item\":\"https:\\\/\\\/www.guides-sports-loisirs.ca\\\/soccer-exterieurs\\\/\"},{\"@type\":\"ListItem\",\"position\":2,\"name\":\"R\u00e9f\u00e9rences\"}]},{\"@type\":\"WebSite\",\"@id\":\"https:\\\/\\\/www.guides-sports-loisirs.ca\\\/soccer-exterieurs\\\/#website\",\"url\":\"https:\\\/\\\/www.guides-sports-loisirs.ca\\\/soccer-exterieurs\\\/\",\"name\":\"Terrains de soccer ext\u00e9rieurs\",\"description\":\"Veloparcs\",\"potentialAction\":[{\"@type\":\"SearchAction\",\"target\":{\"@type\":\"EntryPoint\",\"urlTemplate\":\"https:\\\/\\\/www.guides-sports-loisirs.ca\\\/soccer-exterieurs\\\/?s={search_term_string}\"},\"query-input\":{\"@type\":\"PropertyValueSpecification\",\"valueRequired\":true,\"valueName\":\"search_term_string\"}}],\"inLanguage\":\"fr-FR\"}]}<\/script>\n<!-- \/ Yoast SEO plugin. -->","yoast_head_json":{"title":"R\u00e9f\u00e9rences - Terrains de soccer ext\u00e9rieurs","robots":{"index":"index","follow":"follow","max-snippet":"max-snippet:-1","max-image-preview":"max-image-preview:large","max-video-preview":"max-video-preview:-1"},"canonical":"https:\/\/www.guides-sports-loisirs.ca\/soccer-exterieurs\/references\/","og_locale":"fr_FR","og_type":"article","og_title":"R\u00e9f\u00e9rences - Terrains de soccer ext\u00e9rieurs","og_description":"[vc_row row_height_percent=\u00a0\u00bb0&Prime; overlay_alpha=\u00a0\u00bb50&Prime; gutter_size=\u00a0\u00bb3&Prime; shift_y=\u00a0\u00bb0&Prime; css=\u00a0\u00bb.vc_custom_1569188846727{margin-top: 40px !important;margin-bottom: 50px !important;}\u00a0\u00bb][vc_column width=\u00a0\u00bb1\/1&Prime;][vc_column_text]Directives de l\u2019UEFA en mati\u00e8re de qualit\u00e9 des terrains. Gestion [&hellip;]","og_url":"https:\/\/www.guides-sports-loisirs.ca\/soccer-exterieurs\/references\/","og_site_name":"Terrains de soccer ext\u00e9rieurs","article_modified_time":"2019-10-08T16:58:49+00:00","twitter_card":"summary_large_image","twitter_misc":{"Dur\u00e9e de lecture estim\u00e9e":"3 minutes"},"schema":{"@context":"https:\/\/schema.org","@graph":[{"@type":"WebPage","@id":"https:\/\/www.guides-sports-loisirs.ca\/soccer-exterieurs\/references\/","url":"https:\/\/www.guides-sports-loisirs.ca\/soccer-exterieurs\/references\/","name":"R\u00e9f\u00e9rences - Terrains de soccer ext\u00e9rieurs","isPartOf":{"@id":"https:\/\/www.guides-sports-loisirs.ca\/soccer-exterieurs\/#website"},"datePublished":"2019-09-22T21:40:51+00:00","dateModified":"2019-10-08T16:58:49+00:00","breadcrumb":{"@id":"https:\/\/www.guides-sports-loisirs.ca\/soccer-exterieurs\/references\/#breadcrumb"},"inLanguage":"fr-FR","potentialAction":[{"@type":"ReadAction","target":["https:\/\/www.guides-sports-loisirs.ca\/soccer-exterieurs\/references\/"]}]},{"@type":"BreadcrumbList","@id":"https:\/\/www.guides-sports-loisirs.ca\/soccer-exterieurs\/references\/#breadcrumb","itemListElement":[{"@type":"ListItem","position":1,"name":"Accueil","item":"https:\/\/www.guides-sports-loisirs.ca\/soccer-exterieurs\/"},{"@type":"ListItem","position":2,"name":"R\u00e9f\u00e9rences"}]},{"@type":"WebSite","@id":"https:\/\/www.guides-sports-loisirs.ca\/soccer-exterieurs\/#website","url":"https:\/\/www.guides-sports-loisirs.ca\/soccer-exterieurs\/","name":"Terrains de soccer ext\u00e9rieurs","description":"Veloparcs","potentialAction":[{"@type":"SearchAction","target":{"@type":"EntryPoint","urlTemplate":"https:\/\/www.guides-sports-loisirs.ca\/soccer-exterieurs\/?s={search_term_string}"},"query-input":{"@type":"PropertyValueSpecification","valueRequired":true,"valueName":"search_term_string"}}],"inLanguage":"fr-FR"}]}},"_links":{"self":[{"href":"https:\/\/www.guides-sports-loisirs.ca\/soccer-exterieurs\/wp-json\/wp\/v2\/pages\/2391","targetHints":{"allow":["GET"]}}],"collection":[{"href":"https:\/\/www.guides-sports-loisirs.ca\/soccer-exterieurs\/wp-json\/wp\/v2\/pages"}],"about":[{"href":"https:\/\/www.guides-sports-loisirs.ca\/soccer-exterieurs\/wp-json\/wp\/v2\/types\/page"}],"author":[{"embeddable":true,"href":"https:\/\/www.guides-sports-loisirs.ca\/soccer-exterieurs\/wp-json\/wp\/v2\/users\/11"}],"replies":[{"embeddable":true,"href":"https:\/\/www.guides-sports-loisirs.ca\/soccer-exterieurs\/wp-json\/wp\/v2\/comments?post=2391"}],"version-history":[{"count":4,"href":"https:\/\/www.guides-sports-loisirs.ca\/soccer-exterieurs\/wp-json\/wp\/v2\/pages\/2391\/revisions"}],"predecessor-version":[{"id":2458,"href":"https:\/\/www.guides-sports-loisirs.ca\/soccer-exterieurs\/wp-json\/wp\/v2\/pages\/2391\/revisions\/2458"}],"wp:attachment":[{"href":"https:\/\/www.guides-sports-loisirs.ca\/soccer-exterieurs\/wp-json\/wp\/v2\/media?parent=2391"}],"curies":[{"name":"wp","href":"https:\/\/api.w.org\/{rel}","templated":true}]}}