{"id":2298,"date":"2019-09-22T15:31:48","date_gmt":"2019-09-22T19:31:48","guid":{"rendered":"https:\/\/www.guides-sports-loisirs.ca\/soccer-exterieurs\/?page_id=2298"},"modified":"2019-10-11T09:48:20","modified_gmt":"2019-10-11T13:48:20","slug":"operations","status":"publish","type":"page","link":"https:\/\/www.guides-sports-loisirs.ca\/soccer-exterieurs\/exploitation\/operations\/","title":{"rendered":"Op\u00e9rations"},"content":{"rendered":"<div class=\"wpb-content-wrapper\"><p>[vc_row row_height_percent=\u00a0\u00bb0&Prime; overlay_alpha=\u00a0\u00bb50&Prime; gutter_size=\u00a0\u00bb3&Prime; shift_y=\u00a0\u00bb0&Prime; css=\u00a0\u00bb.vc_custom_1569108706353{margin-top: 40px !important;}\u00a0\u00bb][vc_column width=\u00a0\u00bb1\/1&Prime;][vc_column_text]<\/p>\n<h3><strong>L\u2019exploitation d\u2019une installation sportive exige d\u2019encadrer et de g\u00e9rer les diff\u00e9rentes op\u00e9rations requises afin de s\u2019assurer que le terrain r\u00e9pond bien aux besoins des usagers en mati\u00e8re de qualit\u00e9 d\u2019installation. Cette section pr\u00e9sente les enjeux li\u00e9s aux diff\u00e9rentes op\u00e9rations requises pour offrir des installations municipales optimales.<br \/>\n<\/strong><\/h3>\n<p>[\/vc_column_text][\/vc_column][\/vc_row][vc_row][vc_column width=\u00a0\u00bb1\/1&Prime;][vc_accordion active_tab=\u00a0\u00bb0&Prime;][vc_accordion_tab title=\u00a0\u00bbPROGRAMMATION\u00a0\u00bb][vc_row_inner row_inner_height_percent=\u00a0\u00bb0&Prime; overlay_alpha=\u00a0\u00bb50&Prime; gutter_size=\u00a0\u00bb3&Prime; shift_y=\u00a0\u00bb0&Prime; css=\u00a0\u00bb.vc_custom_1568292928728{margin-bottom: 50px !important;}\u00a0\u00bb][vc_column_inner width=\u00a0\u00bb1\/1&Prime;][vc_column_text]La programmation associ\u00e9e au terrain de soccer doit concorder avec le type d\u2019installations offertes par la municipalit\u00e9. Une surprogrammation pourrait causer une d\u00e9t\u00e9rioration de la surface de jeu et ne plus r\u00e9pondre aux besoins municipaux. Elle pourrait aussi entrainer des investissements financiers importants pour la maintenance ou m\u00eame la r\u00e9fection du terrain \u00e0 court ou moyen terme. Une bonne gestion de l\u2019exploitation des terrains de soccer doit tenir compte des types de surface et de la capacit\u00e9 d\u2019entretien de ces surfaces. Les efforts d\u2019entretien permettent de r\u00e9pondre aux exigences des diff\u00e9rents sports en assurant la p\u00e9rennit\u00e9 des surfaces de jeu et l\u2019optimisation des investissements. Si une surface est surutilis\u00e9e, le meilleur entretien ne pourra permettre de maintenir les installations en bonne condition.[\/vc_column_text][\/vc_column_inner][\/vc_row_inner][\/vc_accordion_tab][vc_accordion_tab title=\u00a0\u00bbDEMANDES DES ASSOCIATIONS SPORTIVES\u00a0\u00bb][vc_row_inner row_inner_height_percent=\u00a0\u00bb0&Prime; overlay_alpha=\u00a0\u00bb50&Prime; gutter_size=\u00a0\u00bb3&Prime; shift_y=\u00a0\u00bb0&Prime; css=\u00a0\u00bb.vc_custom_1568292962526{margin-bottom: 50px !important;}\u00a0\u00bb][vc_column_inner width=\u00a0\u00bb1\/1&Prime;][vc_column_text]Les associations sportives sollicitent de plus en plus les municipalit\u00e9s pour que les terrains soient disponibles le plus t\u00f4t possible en saison. Ces demandes ne doivent pas se faire au d\u00e9triment de l\u2019int\u00e9grit\u00e9 des terrains. L\u2019entretien de d\u00e9but de saison est indispensable pour permettre une pratique h\u00e2tive au printemps. Les municipalit\u00e9s ont la responsabilit\u00e9 d\u2019assurer la s\u00e9curit\u00e9 de leurs installations par des entretiens. Le programme d\u2019entretien incluant l\u2019ouverture et la fermeture saisonni\u00e8re des terrains doit \u00eatre pris en compte lors de la pr\u00e9paration de la programmation et du cahier de r\u00e9servations. Les usages trop h\u00e2tifs en d\u00e9but de saison fragilisent s\u00e9rieusement les terrains naturels et peuvent avoir des cons\u00e9quences majeures sur leur qualit\u00e9 pour le reste de la saison. Les gestionnaires doivent s\u2019assurer de respecter ces exigences afin d\u2019assurer l\u2019int\u00e9grit\u00e9 des terrains pour toute la saison.[\/vc_column_text][\/vc_column_inner][\/vc_row_inner][\/vc_accordion_tab][vc_accordion_tab title=\u00a0\u00bbPR\u00c9PARATION DES PLAGES HORAIRES\u00a0\u00bb][vc_row_inner row_inner_height_percent=\u00a0\u00bb0&Prime; overlay_alpha=\u00a0\u00bb50&Prime; gutter_size=\u00a0\u00bb3&Prime; shift_y=\u00a0\u00bb0&Prime; css=\u00a0\u00bb.vc_custom_1568292995997{margin-bottom: 50px !important;}\u00a0\u00bb][vc_column_inner width=\u00a0\u00bb1\/1&Prime;][vc_column_text]La logistique de pr\u00e9paration des terrains avant leur utilisation constitue un enjeu important de la gestion des terrains de soccer. Le d\u00e9placement des \u00e9quipements sportifs sur le terrain entre les plages de r\u00e9servation est un enjeu important. Il est recommand\u00e9 d\u2019allouer une p\u00e9riode suffisante au nettoyage et \u00e0 la manutention des \u00e9quipements sportifs. Les terrains multisports (soccer\/football) avec programmation vari\u00e9e doivent vivre avec cette r\u00e9alit\u00e9. Cette r\u00e9alit\u00e9 est souvent n\u00e9glig\u00e9e, ce qui suscite des conflits entre les usagers sur le terrain. Les changements de pratique (soccer vers football) doivent \u00eatre r\u00e9duits au minimum lors de la planification de la programmation quotidienne d\u2019un terrain de soccer\/football. La solution optimale reste encore de n\u2019avoir aucun d\u00e9placement d\u2019\u00e9quipement requis.[\/vc_column_text][\/vc_column_inner][\/vc_row_inner][\/vc_accordion_tab][vc_accordion_tab title=\u00a0\u00bbPROGRAMMATION SELON LES CLIENT\u00c8LES\u00a0\u00bb][vc_row_inner row_inner_height_percent=\u00a0\u00bb0&Prime; overlay_alpha=\u00a0\u00bb50&Prime; gutter_size=\u00a0\u00bb3&Prime; shift_y=\u00a0\u00bb0&Prime; css=\u00a0\u00bb.vc_custom_1568292797058{margin-bottom: 50px !important;}\u00a0\u00bb][vc_column_inner width=\u00a0\u00bb1\/1&Prime;][vc_column_text]La programmation des terrains doit \u00eatre adapt\u00e9e aux types de client\u00e8le afin d\u2019assurer la p\u00e9rennit\u00e9 des surfaces de jeu. \u00c0 titre d\u2019exemple, l\u2019id\u00e9e d\u2019offrir une programmation pour adultes sur les surfaces de gazon synth\u00e9tique et une programmation pour enfants sur les terrains naturels permettra de limiter la sollicitation des terrains naturels.[\/vc_column_text][\/vc_column_inner][\/vc_row_inner][\/vc_accordion_tab][vc_accordion_tab title=\u00a0\u00bbSIGNALISATION \/ AFFICHAGE\u00a0\u00bb][vc_row_inner row_inner_height_percent=\u00a0\u00bb0&Prime; overlay_alpha=\u00a0\u00bb50&Prime; gutter_size=\u00a0\u00bb3&Prime; shift_y=\u00a0\u00bb0&Prime; css=\u00a0\u00bb.vc_custom_1568292797058{margin-bottom: 50px !important;}\u00a0\u00bb][vc_column_inner width=\u00a0\u00bb2\/3&Prime;][vc_column_text]Il est pertinent d\u2019\u00e9laborer une s\u00e9rie de consignes pour les usagers des terrains. Ces consignes peuvent inclure les r\u00e8glements d\u2019usage du terrain, ce qui est prohib\u00e9 (d\u00e9chets, chiens, v\u00e9los, etc.), les mesures d\u2019hygi\u00e8ne, les heures d\u2019ouverture et des indications relatives \u00e0 la m\u00e9t\u00e9o. On peut aussi afficher les mesures et directives de s\u00e9curit\u00e9 sur les \u00e9quipements. Il est \u00e9galement recommand\u00e9 d\u2019afficher un code de conduite \u00e0 l\u2019entr\u00e9e des terrains. L\u2019usage de pictogrammes pour une compr\u00e9hension facile et efficace est recommand\u00e9.[\/vc_column_text][\/vc_column_inner][vc_column_inner width=\u00a0\u00bb1\/3&Prime;][vc_single_image media=\u00a0\u00bb2380&Prime; media_lightbox=\u00a0\u00bbyes\u00a0\u00bb media_width_percent=\u00a0\u00bb75&Prime; alignment=\u00a0\u00bbcenter\u00a0\u00bb css_animation=\u00a0\u00bbzoom-in\u00a0\u00bb lbox_skin=\u00a0\u00bbwhite\u00a0\u00bb][\/vc_column_inner][\/vc_row_inner][vc_row_inner row_inner_height_percent=\u00a0\u00bb0&Prime; overlay_alpha=\u00a0\u00bb50&Prime; gutter_size=\u00a0\u00bb3&Prime; shift_y=\u00a0\u00bb0&Prime; css=\u00a0\u00bb.vc_custom_1568292797058{margin-bottom: 50px !important;}\u00a0\u00bb][vc_column_inner column_width_percent=\u00a0\u00bb100&Prime; position_horizontal=\u00a0\u00bbright\u00a0\u00bb gutter_size=\u00a0\u00bb3&Prime; overlay_alpha=\u00a0\u00bb50&Prime; medium_width=\u00a0\u00bb0&Prime; shift_x=\u00a0\u00bb0&Prime; shift_y=\u00a0\u00bb0&Prime; z_index=\u00a0\u00bb0&Prime; width=\u00a0\u00bb1\/3&Prime;][\/vc_column_inner][vc_column_inner column_width_percent=\u00a0\u00bb100&Prime; position_horizontal=\u00a0\u00bbright\u00a0\u00bb align_horizontal=\u00a0\u00bbalign_right\u00a0\u00bb gutter_size=\u00a0\u00bb3&Prime; overlay_alpha=\u00a0\u00bb50&Prime; medium_width=\u00a0\u00bb0&Prime; shift_x=\u00a0\u00bb0&Prime; shift_y=\u00a0\u00bb0&Prime; z_index=\u00a0\u00bb0&Prime; width=\u00a0\u00bb1\/3&Prime;][vc_single_image media=\u00a0\u00bb2381&Prime; media_lightbox=\u00a0\u00bbyes\u00a0\u00bb media_width_percent=\u00a0\u00bb75&Prime; alignment=\u00a0\u00bbcenter\u00a0\u00bb css_animation=\u00a0\u00bbzoom-in\u00a0\u00bb lbox_skin=\u00a0\u00bbwhite\u00a0\u00bb][\/vc_column_inner][vc_column_inner width=\u00a0\u00bb1\/3&Prime;][vc_single_image media=\u00a0\u00bb2382&Prime; media_lightbox=\u00a0\u00bbyes\u00a0\u00bb media_width_percent=\u00a0\u00bb75&Prime; alignment=\u00a0\u00bbcenter\u00a0\u00bb css_animation=\u00a0\u00bbzoom-in\u00a0\u00bb lbox_skin=\u00a0\u00bbwhite\u00a0\u00bb][\/vc_column_inner][\/vc_row_inner][\/vc_accordion_tab][vc_accordion_tab title=\u00a0\u00bbPREMIERS SOINS\u00a0\u00bb][vc_row_inner row_inner_height_percent=\u00a0\u00bb0&Prime; overlay_alpha=\u00a0\u00bb50&Prime; gutter_size=\u00a0\u00bb3&Prime; shift_y=\u00a0\u00bb0&Prime; css=\u00a0\u00bb.vc_custom_1569188116218{margin-bottom: 10px !important;}\u00a0\u00bb][vc_column_inner width=\u00a0\u00bb1\/1&Prime;][vc_column_text]Une trousse de premiers soins doit \u00eatre accessible dans un rayon de 30 m\u00e8tres du terrain de soccer afin d\u2019intervenir en cas d\u2019accident ou de malaise sur le terrain. La trousse doit inclure un manuel de secourisme approuv\u00e9 par un organisme reconnu en mati\u00e8re de premiers soins. De plus, le contenu de la trousse de premiers soins doit \u00eatre v\u00e9rifi\u00e9 lors de l\u2019entretien du terrain.[\/vc_column_text][vc_column_text]<\/p>\n<h3>Contenu de la trousse de premiers soins<\/h3>\n<p>[\/vc_column_text][\/vc_column_inner][\/vc_row_inner][vc_row_inner row_inner_height_percent=\u00a0\u00bb0&Prime; overlay_alpha=\u00a0\u00bb50&Prime; gutter_size=\u00a0\u00bb3&Prime; shift_y=\u00a0\u00bb0&Prime; css=\u00a0\u00bb.vc_custom_1568292797058{margin-bottom: 50px !important;}\u00a0\u00bb][vc_column_inner width=\u00a0\u00bb1\/1&Prime;][vc_single_image media=\u00a0\u00bb2383&Prime; media_lightbox=\u00a0\u00bbyes\u00a0\u00bb media_width_percent=\u00a0\u00bb70&Prime; css_animation=\u00a0\u00bbzoom-in\u00a0\u00bb lbox_skin=\u00a0\u00bbwhite\u00a0\u00bb el_class=\u00a0\u00bbtable-image\u00a0\u00bb][\/vc_column_inner][\/vc_row_inner][\/vc_accordion_tab][\/vc_accordion][\/vc_column][\/vc_row][vc_row][\/vc_row][vc_row row_height_percent=\u00a0\u00bb0&Prime; overlay_alpha=\u00a0\u00bb50&Prime; gutter_size=\u00a0\u00bb3&Prime; shift_y=\u00a0\u00bb0&Prime; css=\u00a0\u00bb.vc_custom_1569108716255{margin-bottom: 50px !important;}\u00a0\u00bb][vc_column width=\u00a0\u00bb1\/1&Prime;][vc_button button_color=\u00a0\u00bbaccent\u00a0\u00bb size=\u00a0\u00bbbtn-lg\u00a0\u00bb radius=\u00a0\u00bbbtn-circle\u00a0\u00bb link=\u00a0\u00bburl:https%3A%2F%2Fwww.guides-sports-loisirs.ca%2Fsoccer-exterieurs%2Fwp-content%2Fuploads%2Fsites%2F9%2F2017%2F03%2F5.5_Exploitation_Operations-min.pdf||target:%20_blank|\u00a0\u00bb icon=\u00a0\u00bbfa fa-file-o\u00a0\u00bb el_class=\u00a0\u00bbbtn-pdf\u00a0\u00bb]Version PDF[\/vc_button][\/vc_column][\/vc_row]<\/p>\n<\/div>","protected":false},"excerpt":{"rendered":"<p>[vc_row row_height_percent=\u00a0\u00bb0&Prime; overlay_alpha=\u00a0\u00bb50&Prime; gutter_size=\u00a0\u00bb3&Prime; shift_y=\u00a0\u00bb0&Prime; css=\u00a0\u00bb.vc_custom_1569108706353{margin-top: 40px !important;}\u00a0\u00bb][vc_column width=\u00a0\u00bb1\/1&Prime;][vc_column_text] L\u2019exploitation d\u2019une installation sportive exige d\u2019encadrer et de g\u00e9rer les diff\u00e9rentes [&hellip;]<\/p>\n","protected":false},"author":11,"featured_media":0,"parent":2278,"menu_order":27,"comment_status":"closed","ping_status":"closed","template":"","meta":{"_acf_changed":false,"footnotes":""},"class_list":["post-2298","page","type-page","status-publish","hentry"],"acf":[],"yoast_head":"<!-- This site is optimized with the Yoast SEO plugin v27.4 - https:\/\/yoast.com\/product\/yoast-seo-wordpress\/ -->\n<title>Op\u00e9rations - Terrains de soccer ext\u00e9rieurs<\/title>\n<meta name=\"robots\" content=\"index, follow, max-snippet:-1, max-image-preview:large, max-video-preview:-1\" \/>\n<link rel=\"canonical\" href=\"https:\/\/www.guides-sports-loisirs.ca\/soccer-exterieurs\/exploitation\/operations\/\" \/>\n<meta property=\"og:locale\" content=\"fr_FR\" \/>\n<meta property=\"og:type\" content=\"article\" \/>\n<meta property=\"og:title\" content=\"Op\u00e9rations - Terrains de soccer ext\u00e9rieurs\" \/>\n<meta property=\"og:description\" content=\"[vc_row row_height_percent=\u00a0\u00bb0&Prime; overlay_alpha=\u00a0\u00bb50&Prime; gutter_size=\u00a0\u00bb3&Prime; shift_y=\u00a0\u00bb0&Prime; css=\u00a0\u00bb.vc_custom_1569108706353{margin-top: 40px !important;}\u00a0\u00bb][vc_column width=\u00a0\u00bb1\/1&Prime;][vc_column_text] L\u2019exploitation d\u2019une installation sportive exige d\u2019encadrer et de g\u00e9rer les diff\u00e9rentes [&hellip;]\" \/>\n<meta property=\"og:url\" content=\"https:\/\/www.guides-sports-loisirs.ca\/soccer-exterieurs\/exploitation\/operations\/\" \/>\n<meta property=\"og:site_name\" content=\"Terrains de soccer ext\u00e9rieurs\" \/>\n<meta property=\"article:modified_time\" content=\"2019-10-11T13:48:20+00:00\" \/>\n<meta name=\"twitter:card\" content=\"summary_large_image\" \/>\n<meta name=\"twitter:label1\" content=\"Dur\u00e9e de lecture estim\u00e9e\" \/>\n\t<meta name=\"twitter:data1\" content=\"7 minutes\" \/>\n<script type=\"application\/ld+json\" class=\"yoast-schema-graph\">{\"@context\":\"https:\\\/\\\/schema.org\",\"@graph\":[{\"@type\":\"WebPage\",\"@id\":\"https:\\\/\\\/www.guides-sports-loisirs.ca\\\/soccer-exterieurs\\\/exploitation\\\/operations\\\/\",\"url\":\"https:\\\/\\\/www.guides-sports-loisirs.ca\\\/soccer-exterieurs\\\/exploitation\\\/operations\\\/\",\"name\":\"Op\u00e9rations - Terrains de soccer ext\u00e9rieurs\",\"isPartOf\":{\"@id\":\"https:\\\/\\\/www.guides-sports-loisirs.ca\\\/soccer-exterieurs\\\/#website\"},\"datePublished\":\"2019-09-22T19:31:48+00:00\",\"dateModified\":\"2019-10-11T13:48:20+00:00\",\"breadcrumb\":{\"@id\":\"https:\\\/\\\/www.guides-sports-loisirs.ca\\\/soccer-exterieurs\\\/exploitation\\\/operations\\\/#breadcrumb\"},\"inLanguage\":\"fr-FR\",\"potentialAction\":[{\"@type\":\"ReadAction\",\"target\":[\"https:\\\/\\\/www.guides-sports-loisirs.ca\\\/soccer-exterieurs\\\/exploitation\\\/operations\\\/\"]}]},{\"@type\":\"BreadcrumbList\",\"@id\":\"https:\\\/\\\/www.guides-sports-loisirs.ca\\\/soccer-exterieurs\\\/exploitation\\\/operations\\\/#breadcrumb\",\"itemListElement\":[{\"@type\":\"ListItem\",\"position\":1,\"name\":\"Accueil\",\"item\":\"https:\\\/\\\/www.guides-sports-loisirs.ca\\\/soccer-exterieurs\\\/\"},{\"@type\":\"ListItem\",\"position\":2,\"name\":\"Exploitation\",\"item\":\"https:\\\/\\\/www.guides-sports-loisirs.ca\\\/soccer-exterieurs\\\/exploitation\\\/\"},{\"@type\":\"ListItem\",\"position\":3,\"name\":\"Op\u00e9rations\"}]},{\"@type\":\"WebSite\",\"@id\":\"https:\\\/\\\/www.guides-sports-loisirs.ca\\\/soccer-exterieurs\\\/#website\",\"url\":\"https:\\\/\\\/www.guides-sports-loisirs.ca\\\/soccer-exterieurs\\\/\",\"name\":\"Terrains de soccer ext\u00e9rieurs\",\"description\":\"Veloparcs\",\"potentialAction\":[{\"@type\":\"SearchAction\",\"target\":{\"@type\":\"EntryPoint\",\"urlTemplate\":\"https:\\\/\\\/www.guides-sports-loisirs.ca\\\/soccer-exterieurs\\\/?s={search_term_string}\"},\"query-input\":{\"@type\":\"PropertyValueSpecification\",\"valueRequired\":true,\"valueName\":\"search_term_string\"}}],\"inLanguage\":\"fr-FR\"}]}<\/script>\n<!-- \/ Yoast SEO plugin. -->","yoast_head_json":{"title":"Op\u00e9rations - Terrains de soccer ext\u00e9rieurs","robots":{"index":"index","follow":"follow","max-snippet":"max-snippet:-1","max-image-preview":"max-image-preview:large","max-video-preview":"max-video-preview:-1"},"canonical":"https:\/\/www.guides-sports-loisirs.ca\/soccer-exterieurs\/exploitation\/operations\/","og_locale":"fr_FR","og_type":"article","og_title":"Op\u00e9rations - Terrains de soccer ext\u00e9rieurs","og_description":"[vc_row row_height_percent=\u00a0\u00bb0&Prime; overlay_alpha=\u00a0\u00bb50&Prime; gutter_size=\u00a0\u00bb3&Prime; shift_y=\u00a0\u00bb0&Prime; css=\u00a0\u00bb.vc_custom_1569108706353{margin-top: 40px !important;}\u00a0\u00bb][vc_column width=\u00a0\u00bb1\/1&Prime;][vc_column_text] L\u2019exploitation d\u2019une installation sportive exige d\u2019encadrer et de g\u00e9rer les diff\u00e9rentes [&hellip;]","og_url":"https:\/\/www.guides-sports-loisirs.ca\/soccer-exterieurs\/exploitation\/operations\/","og_site_name":"Terrains de soccer ext\u00e9rieurs","article_modified_time":"2019-10-11T13:48:20+00:00","twitter_card":"summary_large_image","twitter_misc":{"Dur\u00e9e de lecture estim\u00e9e":"7 minutes"},"schema":{"@context":"https:\/\/schema.org","@graph":[{"@type":"WebPage","@id":"https:\/\/www.guides-sports-loisirs.ca\/soccer-exterieurs\/exploitation\/operations\/","url":"https:\/\/www.guides-sports-loisirs.ca\/soccer-exterieurs\/exploitation\/operations\/","name":"Op\u00e9rations - Terrains de soccer ext\u00e9rieurs","isPartOf":{"@id":"https:\/\/www.guides-sports-loisirs.ca\/soccer-exterieurs\/#website"},"datePublished":"2019-09-22T19:31:48+00:00","dateModified":"2019-10-11T13:48:20+00:00","breadcrumb":{"@id":"https:\/\/www.guides-sports-loisirs.ca\/soccer-exterieurs\/exploitation\/operations\/#breadcrumb"},"inLanguage":"fr-FR","potentialAction":[{"@type":"ReadAction","target":["https:\/\/www.guides-sports-loisirs.ca\/soccer-exterieurs\/exploitation\/operations\/"]}]},{"@type":"BreadcrumbList","@id":"https:\/\/www.guides-sports-loisirs.ca\/soccer-exterieurs\/exploitation\/operations\/#breadcrumb","itemListElement":[{"@type":"ListItem","position":1,"name":"Accueil","item":"https:\/\/www.guides-sports-loisirs.ca\/soccer-exterieurs\/"},{"@type":"ListItem","position":2,"name":"Exploitation","item":"https:\/\/www.guides-sports-loisirs.ca\/soccer-exterieurs\/exploitation\/"},{"@type":"ListItem","position":3,"name":"Op\u00e9rations"}]},{"@type":"WebSite","@id":"https:\/\/www.guides-sports-loisirs.ca\/soccer-exterieurs\/#website","url":"https:\/\/www.guides-sports-loisirs.ca\/soccer-exterieurs\/","name":"Terrains de soccer ext\u00e9rieurs","description":"Veloparcs","potentialAction":[{"@type":"SearchAction","target":{"@type":"EntryPoint","urlTemplate":"https:\/\/www.guides-sports-loisirs.ca\/soccer-exterieurs\/?s={search_term_string}"},"query-input":{"@type":"PropertyValueSpecification","valueRequired":true,"valueName":"search_term_string"}}],"inLanguage":"fr-FR"}]}},"_links":{"self":[{"href":"https:\/\/www.guides-sports-loisirs.ca\/soccer-exterieurs\/wp-json\/wp\/v2\/pages\/2298","targetHints":{"allow":["GET"]}}],"collection":[{"href":"https:\/\/www.guides-sports-loisirs.ca\/soccer-exterieurs\/wp-json\/wp\/v2\/pages"}],"about":[{"href":"https:\/\/www.guides-sports-loisirs.ca\/soccer-exterieurs\/wp-json\/wp\/v2\/types\/page"}],"author":[{"embeddable":true,"href":"https:\/\/www.guides-sports-loisirs.ca\/soccer-exterieurs\/wp-json\/wp\/v2\/users\/11"}],"replies":[{"embeddable":true,"href":"https:\/\/www.guides-sports-loisirs.ca\/soccer-exterieurs\/wp-json\/wp\/v2\/comments?post=2298"}],"version-history":[{"count":22,"href":"https:\/\/www.guides-sports-loisirs.ca\/soccer-exterieurs\/wp-json\/wp\/v2\/pages\/2298\/revisions"}],"predecessor-version":[{"id":2687,"href":"https:\/\/www.guides-sports-loisirs.ca\/soccer-exterieurs\/wp-json\/wp\/v2\/pages\/2298\/revisions\/2687"}],"up":[{"embeddable":true,"href":"https:\/\/www.guides-sports-loisirs.ca\/soccer-exterieurs\/wp-json\/wp\/v2\/pages\/2278"}],"wp:attachment":[{"href":"https:\/\/www.guides-sports-loisirs.ca\/soccer-exterieurs\/wp-json\/wp\/v2\/media?parent=2298"}],"curies":[{"name":"wp","href":"https:\/\/api.w.org\/{rel}","templated":true}]}}