{"id":1952,"date":"2019-09-21T15:04:23","date_gmt":"2019-09-21T19:04:23","guid":{"rendered":"https:\/\/www.guides-sports-loisirs.ca\/soccer-exterieurs\/?page_id=1952"},"modified":"2020-05-12T16:31:38","modified_gmt":"2020-05-12T20:31:38","slug":"annexes","status":"publish","type":"page","link":"https:\/\/www.guides-sports-loisirs.ca\/soccer-exterieurs\/annexes\/","title":{"rendered":"Annexes"},"content":{"rendered":"<div class=\"wpb-content-wrapper\"><p>[vc_row row_height_percent=\u00a0\u00bb0&Prime; overlay_alpha=\u00a0\u00bb50&Prime; gutter_size=\u00a0\u00bb3&Prime; shift_y=\u00a0\u00bb0&Prime; css=\u00a0\u00bb.vc_custom_1569108706353{margin-top: 40px !important;}\u00a0\u00bb][vc_column width=\u00a0\u00bb1\/1&Prime;][vc_row_inner row_inner_height_percent=\u00a0\u00bb0&Prime; overlay_alpha=\u00a0\u00bb50&Prime; gutter_size=\u00a0\u00bb3&Prime; shift_y=\u00a0\u00bb0&Prime; css=\u00a0\u00bb.vc_custom_1569442842252{margin-top: 65px !important;}\u00a0\u00bb][vc_column_inner width=\u00a0\u00bb1\/1&Prime;][vc_column_text]<strong>Vid\u00e9os disponibles en ligne.<\/strong>[\/vc_column_text][vc_separator sep_color=\u00a0\u00bbcolor-204406&Prime; el_width=\u00a0\u00bb75px\u00a0\u00bb el_height=\u00a0\u00bb2px\u00a0\u00bb][vc_empty_space][vc_raw_html]JTNDaWZyYW1lJTIwY2xhc3MlM0QlMjJ2aWRlbyUyMiUyMHNyYyUzRCUyMmh0dHBzJTNBJTJGJTJGcGxheWVyLnZpbWVvLmNvbSUyRnZpZGVvJTJGMzYyMzg2MTU3JTIyJTIwd2lkdGglM0QlMjI3MzIlMjIlMjBoZWlnaHQlM0QlMjI0MTIlMjIlMjBmcmFtZWJvcmRlciUzRCUyMjAlMjIlMjBhbGxvd2Z1bGxzY3JlZW4lM0UlM0MlMkZpZnJhbWUlM0U=[\/vc_raw_html][vc_column_text]<\/p>\n<p style=\"text-align: center\"><a href=\"https:\/\/www.guides-sports-loisirs.ca\/soccer-exterieurs\/exploitation\/entretien-gazon-naturel\/\">https:\/\/www.guides-sports-loisirs.ca\/soccer-exterieurs\/exploitation\/entretien-gazon-naturel\/<\/a><\/p>\n<p>[\/vc_column_text][vc_empty_space][vc_raw_html]JTNDaWZyYW1lJTIwY2xhc3MlM0QlMjJ2aWRlbyUyMiUyMHNyYyUzRCUyMmh0dHBzJTNBJTJGJTJGcGxheWVyLnZpbWVvLmNvbSUyRnZpZGVvJTJGMzYyMzg1NzE2JTIyJTIwd2lkdGglM0QlMjI3MzIlMjIlMjBoZWlnaHQlM0QlMjI0MTIlMjIlMjBmcmFtZWJvcmRlciUzRCUyMjAlMjIlMjBhbGxvd2Z1bGxzY3JlZW4lM0UlM0MlMkZpZnJhbWUlM0U=[\/vc_raw_html][vc_column_text]<\/p>\n<p style=\"text-align: center\"><a href=\"https:\/\/www.guides-sports-loisirs.ca\/soccer-exterieurs\/exploitation\/entretien-gazon-synthetique\/\">https:\/\/www.guides-sports-loisirs.ca\/soccer-exterieurs\/exploitation\/entretien-gazon-synthetique\/<\/a><\/p>\n<p>[\/vc_column_text][vc_empty_space][vc_raw_html]JTNDaWZyYW1lJTIwY2xhc3MlM0QlMjJ2aWRlbyUyMiUyMHNyYyUzRCUyMmh0dHBzJTNBJTJGJTJGcGxheWVyLnZpbWVvLmNvbSUyRnZpZGVvJTJGMzYyMzc1ODI4JTIyJTIwd2lkdGglM0QlMjI3MzIlMjIlMjBoZWlnaHQlM0QlMjI0MTIlMjIlMjBmcmFtZWJvcmRlciUzRCUyMjAlMjIlMjBhbGxvd2Z1bGxzY3JlZW4lM0UlM0MlMkZpZnJhbWUlM0U=[\/vc_raw_html][vc_column_text]<\/p>\n<p style=\"text-align: center\"><a href=\"https:\/\/www.guides-sports-loisirs.ca\/soccer-exterieurs\/exploitation\/entretien-gazon-synthetique\/\">https:\/\/www.guides-sports-loisirs.ca\/soccer-exterieurs\/exploitation\/entretien-gazon-synthetique\/<\/a><\/p>\n<p>[\/vc_column_text][vc_empty_space][\/vc_column_inner][\/vc_row_inner][\/vc_column][\/vc_row][vc_row row_height_percent=\u00a0\u00bb0&Prime; overlay_alpha=\u00a0\u00bb50&Prime; gutter_size=\u00a0\u00bb3&Prime; shift_y=\u00a0\u00bb0&Prime; css=\u00a0\u00bb.vc_custom_1579704738645{margin-bottom: 50px !important;}\u00a0\u00bb][vc_column width=\u00a0\u00bb1\/1&Prime;][vc_accordion active_tab=\u00a0\u00bb0&Prime;][vc_accordion_tab title=\u00a0\u00bbFORMULAIRE &#8211; IDENTIFICATION DES BESOINS\u00a0\u00bb][vc_column_text]<a href=\"https:\/\/www.guides-sports-loisirs.ca\/soccer-exterieurs\/wp-content\/uploads\/sites\/9\/2017\/03\/Form_IdentificationBesoins_D.pdf\">https:\/\/www.guides-sports-loisirs.ca\/soccer-exterieurs\/wp-content\/uploads\/sites\/9\/2017\/03\/Form_IdentificationBesoins_D.pdf<\/a>[\/vc_column_text][\/vc_accordion_tab][vc_accordion_tab title=\u00a0\u00bbFORMULAIRE &#8211; RAPPORT D&rsquo;INSPECTION ET D&rsquo;ENTRETIEN \/ GAZON NATUREL\u00a0\u00bb][vc_column_text]<a href=\"https:\/\/www.guides-sports-loisirs.ca\/soccer-exterieurs\/wp-content\/uploads\/sites\/9\/2017\/03\/Form_InspectGazonNaturel_D.pdf\">https:\/\/www.guides-sports-loisirs.ca\/soccer-exterieurs\/wp-content\/uploads\/sites\/9\/2017\/03\/Form_InspectGazonNaturel_D.pdf<\/a>[\/vc_column_text][\/vc_accordion_tab][vc_accordion_tab title=\u00a0\u00bbFORMULAIRE &#8211; RAPPORT D&rsquo;INSPECTION ET D&rsquo;ENTRETIEN \/ GAZON SYNTH\u00c9TIQUE\u00a0\u00bb][vc_column_text]<a href=\"https:\/\/www.guides-sports-loisirs.ca\/soccer-exterieurs\/wp-content\/uploads\/sites\/9\/2017\/03\/Form_InspectGazonSynthetique_D.pdf\">https:\/\/www.guides-sports-loisirs.ca\/soccer-exterieurs\/wp-content\/uploads\/sites\/9\/2017\/03\/Form_InspectGazonSynthetique_D.pdf<\/a>[\/vc_column_text][\/vc_accordion_tab][vc_accordion_tab title=\u00a0\u00bbFORMULAIRE &#8211; RAPPORT D&rsquo;INSPECTION \/ BUTS DE SOCCER\u00a0\u00bb][vc_column_text]<a href=\"https:\/\/www.guides-sports-loisirs.ca\/soccer-exterieurs\/wp-content\/uploads\/sites\/9\/2017\/03\/Form_InspectButs_D.pdf\">https:\/\/www.guides-sports-loisirs.ca\/soccer-exterieurs\/wp-content\/uploads\/sites\/9\/2017\/03\/Form_InspectButs_D.pdf<\/a>[\/vc_column_text][\/vc_accordion_tab][vc_accordion_tab title=\u00a0\u00bbFORMULAIRE &#8211; RAPPORT D&rsquo;INSPECTION ET D&rsquo;ENTRETIEN \/ \u00c9QUIPEMENTS SPORTIFS\u00a0\u00bb][vc_column_text]<a href=\"https:\/\/www.guides-sports-loisirs.ca\/soccer-exterieurs\/wp-content\/uploads\/sites\/9\/2017\/03\/Form_InspectEquipements_D.pdf\">https:\/\/www.guides-sports-loisirs.ca\/soccer-exterieurs\/wp-content\/uploads\/sites\/9\/2017\/03\/Form_InspectEquipements_D.pdf<\/a>[\/vc_column_text][\/vc_accordion_tab][\/vc_accordion][\/vc_column][\/vc_row][vc_row][\/vc_row]<\/p>\n<\/div>","protected":false},"excerpt":{"rendered":"<p>[vc_row row_height_percent=\u00a0\u00bb0&Prime; overlay_alpha=\u00a0\u00bb50&Prime; gutter_size=\u00a0\u00bb3&Prime; shift_y=\u00a0\u00bb0&Prime; css=\u00a0\u00bb.vc_custom_1569108706353{margin-top: 40px !important;}\u00a0\u00bb][vc_column width=\u00a0\u00bb1\/1&Prime;][vc_row_inner row_inner_height_percent=\u00a0\u00bb0&Prime; overlay_alpha=\u00a0\u00bb50&Prime; gutter_size=\u00a0\u00bb3&Prime; shift_y=\u00a0\u00bb0&Prime; css=\u00a0\u00bb.vc_custom_1569442842252{margin-top: 65px !important;}\u00a0\u00bb][vc_column_inner width=\u00a0\u00bb1\/1&Prime;][vc_column_text]Vid\u00e9os disponibles en ligne.[\/vc_column_text][vc_separator [&hellip;]<\/p>\n","protected":false},"author":11,"featured_media":0,"parent":0,"menu_order":28,"comment_status":"closed","ping_status":"closed","template":"","meta":{"_acf_changed":false,"footnotes":""},"class_list":["post-1952","page","type-page","status-publish","hentry"],"acf":[],"yoast_head":"<!-- This site is optimized with the Yoast SEO plugin v27.4 - https:\/\/yoast.com\/product\/yoast-seo-wordpress\/ -->\n<title>Annexes - Terrains de soccer ext\u00e9rieurs<\/title>\n<meta name=\"robots\" content=\"index, follow, max-snippet:-1, max-image-preview:large, max-video-preview:-1\" \/>\n<link rel=\"canonical\" href=\"https:\/\/www.guides-sports-loisirs.ca\/soccer-exterieurs\/annexes\/\" \/>\n<meta property=\"og:locale\" content=\"fr_FR\" \/>\n<meta property=\"og:type\" content=\"article\" \/>\n<meta property=\"og:title\" content=\"Annexes - Terrains de soccer ext\u00e9rieurs\" \/>\n<meta property=\"og:description\" content=\"[vc_row row_height_percent=\u00a0\u00bb0&Prime; overlay_alpha=\u00a0\u00bb50&Prime; gutter_size=\u00a0\u00bb3&Prime; shift_y=\u00a0\u00bb0&Prime; css=\u00a0\u00bb.vc_custom_1569108706353{margin-top: 40px !important;}\u00a0\u00bb][vc_column width=\u00a0\u00bb1\/1&Prime;][vc_row_inner row_inner_height_percent=\u00a0\u00bb0&Prime; overlay_alpha=\u00a0\u00bb50&Prime; gutter_size=\u00a0\u00bb3&Prime; shift_y=\u00a0\u00bb0&Prime; css=\u00a0\u00bb.vc_custom_1569442842252{margin-top: 65px !important;}\u00a0\u00bb][vc_column_inner width=\u00a0\u00bb1\/1&Prime;][vc_column_text]Vid\u00e9os disponibles en ligne.[\/vc_column_text][vc_separator [&hellip;]\" \/>\n<meta property=\"og:url\" content=\"https:\/\/www.guides-sports-loisirs.ca\/soccer-exterieurs\/annexes\/\" \/>\n<meta property=\"og:site_name\" content=\"Terrains de soccer ext\u00e9rieurs\" \/>\n<meta property=\"article:modified_time\" content=\"2020-05-12T20:31:38+00:00\" \/>\n<meta name=\"twitter:card\" content=\"summary_large_image\" \/>\n<meta name=\"twitter:label1\" content=\"Dur\u00e9e de lecture estim\u00e9e\" \/>\n\t<meta name=\"twitter:data1\" content=\"2 minutes\" \/>\n<script type=\"application\/ld+json\" class=\"yoast-schema-graph\">{\"@context\":\"https:\\\/\\\/schema.org\",\"@graph\":[{\"@type\":\"WebPage\",\"@id\":\"https:\\\/\\\/www.guides-sports-loisirs.ca\\\/soccer-exterieurs\\\/annexes\\\/\",\"url\":\"https:\\\/\\\/www.guides-sports-loisirs.ca\\\/soccer-exterieurs\\\/annexes\\\/\",\"name\":\"Annexes - Terrains de soccer ext\u00e9rieurs\",\"isPartOf\":{\"@id\":\"https:\\\/\\\/www.guides-sports-loisirs.ca\\\/soccer-exterieurs\\\/#website\"},\"datePublished\":\"2019-09-21T19:04:23+00:00\",\"dateModified\":\"2020-05-12T20:31:38+00:00\",\"breadcrumb\":{\"@id\":\"https:\\\/\\\/www.guides-sports-loisirs.ca\\\/soccer-exterieurs\\\/annexes\\\/#breadcrumb\"},\"inLanguage\":\"fr-FR\",\"potentialAction\":[{\"@type\":\"ReadAction\",\"target\":[\"https:\\\/\\\/www.guides-sports-loisirs.ca\\\/soccer-exterieurs\\\/annexes\\\/\"]}]},{\"@type\":\"BreadcrumbList\",\"@id\":\"https:\\\/\\\/www.guides-sports-loisirs.ca\\\/soccer-exterieurs\\\/annexes\\\/#breadcrumb\",\"itemListElement\":[{\"@type\":\"ListItem\",\"position\":1,\"name\":\"Accueil\",\"item\":\"https:\\\/\\\/www.guides-sports-loisirs.ca\\\/soccer-exterieurs\\\/\"},{\"@type\":\"ListItem\",\"position\":2,\"name\":\"Annexes\"}]},{\"@type\":\"WebSite\",\"@id\":\"https:\\\/\\\/www.guides-sports-loisirs.ca\\\/soccer-exterieurs\\\/#website\",\"url\":\"https:\\\/\\\/www.guides-sports-loisirs.ca\\\/soccer-exterieurs\\\/\",\"name\":\"Terrains de soccer ext\u00e9rieurs\",\"description\":\"Veloparcs\",\"potentialAction\":[{\"@type\":\"SearchAction\",\"target\":{\"@type\":\"EntryPoint\",\"urlTemplate\":\"https:\\\/\\\/www.guides-sports-loisirs.ca\\\/soccer-exterieurs\\\/?s={search_term_string}\"},\"query-input\":{\"@type\":\"PropertyValueSpecification\",\"valueRequired\":true,\"valueName\":\"search_term_string\"}}],\"inLanguage\":\"fr-FR\"}]}<\/script>\n<!-- \/ Yoast SEO plugin. -->","yoast_head_json":{"title":"Annexes - Terrains de soccer ext\u00e9rieurs","robots":{"index":"index","follow":"follow","max-snippet":"max-snippet:-1","max-image-preview":"max-image-preview:large","max-video-preview":"max-video-preview:-1"},"canonical":"https:\/\/www.guides-sports-loisirs.ca\/soccer-exterieurs\/annexes\/","og_locale":"fr_FR","og_type":"article","og_title":"Annexes - Terrains de soccer ext\u00e9rieurs","og_description":"[vc_row row_height_percent=\u00a0\u00bb0&Prime; overlay_alpha=\u00a0\u00bb50&Prime; gutter_size=\u00a0\u00bb3&Prime; shift_y=\u00a0\u00bb0&Prime; css=\u00a0\u00bb.vc_custom_1569108706353{margin-top: 40px !important;}\u00a0\u00bb][vc_column width=\u00a0\u00bb1\/1&Prime;][vc_row_inner row_inner_height_percent=\u00a0\u00bb0&Prime; overlay_alpha=\u00a0\u00bb50&Prime; gutter_size=\u00a0\u00bb3&Prime; shift_y=\u00a0\u00bb0&Prime; css=\u00a0\u00bb.vc_custom_1569442842252{margin-top: 65px !important;}\u00a0\u00bb][vc_column_inner width=\u00a0\u00bb1\/1&Prime;][vc_column_text]Vid\u00e9os disponibles en ligne.[\/vc_column_text][vc_separator [&hellip;]","og_url":"https:\/\/www.guides-sports-loisirs.ca\/soccer-exterieurs\/annexes\/","og_site_name":"Terrains de soccer ext\u00e9rieurs","article_modified_time":"2020-05-12T20:31:38+00:00","twitter_card":"summary_large_image","twitter_misc":{"Dur\u00e9e de lecture estim\u00e9e":"2 minutes"},"schema":{"@context":"https:\/\/schema.org","@graph":[{"@type":"WebPage","@id":"https:\/\/www.guides-sports-loisirs.ca\/soccer-exterieurs\/annexes\/","url":"https:\/\/www.guides-sports-loisirs.ca\/soccer-exterieurs\/annexes\/","name":"Annexes - Terrains de soccer ext\u00e9rieurs","isPartOf":{"@id":"https:\/\/www.guides-sports-loisirs.ca\/soccer-exterieurs\/#website"},"datePublished":"2019-09-21T19:04:23+00:00","dateModified":"2020-05-12T20:31:38+00:00","breadcrumb":{"@id":"https:\/\/www.guides-sports-loisirs.ca\/soccer-exterieurs\/annexes\/#breadcrumb"},"inLanguage":"fr-FR","potentialAction":[{"@type":"ReadAction","target":["https:\/\/www.guides-sports-loisirs.ca\/soccer-exterieurs\/annexes\/"]}]},{"@type":"BreadcrumbList","@id":"https:\/\/www.guides-sports-loisirs.ca\/soccer-exterieurs\/annexes\/#breadcrumb","itemListElement":[{"@type":"ListItem","position":1,"name":"Accueil","item":"https:\/\/www.guides-sports-loisirs.ca\/soccer-exterieurs\/"},{"@type":"ListItem","position":2,"name":"Annexes"}]},{"@type":"WebSite","@id":"https:\/\/www.guides-sports-loisirs.ca\/soccer-exterieurs\/#website","url":"https:\/\/www.guides-sports-loisirs.ca\/soccer-exterieurs\/","name":"Terrains de soccer ext\u00e9rieurs","description":"Veloparcs","potentialAction":[{"@type":"SearchAction","target":{"@type":"EntryPoint","urlTemplate":"https:\/\/www.guides-sports-loisirs.ca\/soccer-exterieurs\/?s={search_term_string}"},"query-input":{"@type":"PropertyValueSpecification","valueRequired":true,"valueName":"search_term_string"}}],"inLanguage":"fr-FR"}]}},"_links":{"self":[{"href":"https:\/\/www.guides-sports-loisirs.ca\/soccer-exterieurs\/wp-json\/wp\/v2\/pages\/1952","targetHints":{"allow":["GET"]}}],"collection":[{"href":"https:\/\/www.guides-sports-loisirs.ca\/soccer-exterieurs\/wp-json\/wp\/v2\/pages"}],"about":[{"href":"https:\/\/www.guides-sports-loisirs.ca\/soccer-exterieurs\/wp-json\/wp\/v2\/types\/page"}],"author":[{"embeddable":true,"href":"https:\/\/www.guides-sports-loisirs.ca\/soccer-exterieurs\/wp-json\/wp\/v2\/users\/11"}],"replies":[{"embeddable":true,"href":"https:\/\/www.guides-sports-loisirs.ca\/soccer-exterieurs\/wp-json\/wp\/v2\/comments?post=1952"}],"version-history":[{"count":17,"href":"https:\/\/www.guides-sports-loisirs.ca\/soccer-exterieurs\/wp-json\/wp\/v2\/pages\/1952\/revisions"}],"predecessor-version":[{"id":2734,"href":"https:\/\/www.guides-sports-loisirs.ca\/soccer-exterieurs\/wp-json\/wp\/v2\/pages\/1952\/revisions\/2734"}],"wp:attachment":[{"href":"https:\/\/www.guides-sports-loisirs.ca\/soccer-exterieurs\/wp-json\/wp\/v2\/media?parent=1952"}],"curies":[{"name":"wp","href":"https:\/\/api.w.org\/{rel}","templated":true}]}}