{"id":1931,"date":"2019-09-19T08:18:49","date_gmt":"2019-09-19T12:18:49","guid":{"rendered":"https:\/\/www.guides-sports-loisirs.ca\/soccer-exterieurs\/?page_id=1931"},"modified":"2019-09-24T15:39:41","modified_gmt":"2019-09-24T19:39:41","slug":"identification-besoins","status":"publish","type":"page","link":"https:\/\/www.guides-sports-loisirs.ca\/soccer-exterieurs\/planification\/identification-besoins\/","title":{"rendered":"Identification des besoins"},"content":{"rendered":"<div class=\"wpb-content-wrapper\"><p>[vc_row row_height_percent=\u00a0\u00bb0&Prime; overlay_alpha=\u00a0\u00bb50&Prime; gutter_size=\u00a0\u00bb3&Prime; shift_y=\u00a0\u00bb0&Prime; css=\u00a0\u00bb.vc_custom_1569108851418{margin-top: 40px !important;}\u00a0\u00bb][vc_column width=\u00a0\u00bb1\/1&Prime;][vc_column_text]<\/p>\n<h3>L\u2019identification des besoins est une condition pr\u00e9alable de toute bonne planification d\u2019un am\u00e9nagement de terrain sportif. Il s\u2019agit d\u2019\u00e9valuer la pertinence de r\u00e9aliser une intervention, une r\u00e9fection ou une nouvelle construction en se posant d\u2019abord ces trois questions :<\/h3>\n<h3>Pour quoi? Pour qui? Comment?<\/h3>\n<p>[\/vc_column_text][\/vc_column][\/vc_row][vc_row][vc_column width=\u00a0\u00bb1\/1&Prime;][vc_accordion active_tab=\u00a0\u00bb0&Prime;][vc_accordion_tab title=\u00a0\u00bbPOUR QUOI?\u00a0\u00bb][vc_row_inner row_inner_height_percent=\u00a0\u00bb0&Prime; overlay_alpha=\u00a0\u00bb50&Prime; gutter_size=\u00a0\u00bb3&Prime; shift_y=\u00a0\u00bb0&Prime; css=\u00a0\u00bb.vc_custom_1568292928728{margin-bottom: 50px !important;}\u00a0\u00bb][vc_column_inner width=\u00a0\u00bb1\/1&Prime;][vc_column_text]<\/p>\n<h3>Types et sports pratiqu\u00e9s<\/h3>\n<p>[\/vc_column_text][vc_column_text css=\u00a0\u00bb.vc_custom_1569096372899{margin-bottom: 50px !important;}\u00a0\u00bb]Il est imp\u00e9ratif de bien identifier les sports pratiqu\u00e9s pour les am\u00e9nagements \u00e0 concevoir. Les sports pratiqu\u00e9s ont une incidence majeure sur le type d\u2019am\u00e9nagement et de surface requis.[\/vc_column_text][vc_single_image media=\u00a0\u00bb1973&Prime; media_lightbox=\u00a0\u00bbyes\u00a0\u00bb media_width_percent=\u00a0\u00bb65&Prime; css_animation=\u00a0\u00bbzoom-in\u00a0\u00bb lbox_skin=\u00a0\u00bbwhite\u00a0\u00bb el_class=\u00a0\u00bbtable-image\u00a0\u00bb][vc_single_image media=\u00a0\u00bb1974&Prime; media_lightbox=\u00a0\u00bbyes\u00a0\u00bb media_width_percent=\u00a0\u00bb65&Prime; css_animation=\u00a0\u00bbzoom-in\u00a0\u00bb lbox_skin=\u00a0\u00bbwhite\u00a0\u00bb el_class=\u00a0\u00bbtable-image\u00a0\u00bb][\/vc_column_inner][\/vc_row_inner][\/vc_accordion_tab][vc_accordion_tab title=\u00a0\u00bbPOUR QUI?\u00a0\u00bb][vc_row_inner row_inner_height_percent=\u00a0\u00bb0&Prime; overlay_alpha=\u00a0\u00bb50&Prime; gutter_size=\u00a0\u00bb3&Prime; shift_y=\u00a0\u00bb0&Prime; css=\u00a0\u00bb.vc_custom_1569353847272{margin-bottom: 50px !important;}\u00a0\u00bb][vc_column_inner width=\u00a0\u00bb1\/1&Prime;][vc_column_text]<\/p>\n<h3>Profil de la client\u00e8le<\/h3>\n<p>[\/vc_column_text][vc_column_text css=\u00a0\u00bb.vc_custom_1569096508184{margin-bottom: 50px !important;}\u00a0\u00bb]Il faut d\u2019abord \u00e9tablir le profil de la client\u00e8le selon sa provenance : locale? R\u00e9gionale? D\u2019agglom\u00e9ration? Une liste des groupes d\u2019utilisateurs tels organismes, clubs, ligues et \u00e9coles permet d\u2019identifier la client\u00e8le et les cat\u00e9gories de jeu. Le profil de la client\u00e8le permet ensuite de d\u00e9terminer, entre autres, les dimensions du terrain, les surfaces et les \u00e9quipements requis. Il est \u00e9galement pertinent de bien d\u00e9finir le type de pratique anticip\u00e9 (pratique libre, r\u00e9cr\u00e9ative, comp\u00e9titive).[\/vc_column_text][vc_single_image media=\u00a0\u00bb1975&Prime; media_lightbox=\u00a0\u00bbyes\u00a0\u00bb media_width_percent=\u00a0\u00bb65&Prime; css_animation=\u00a0\u00bbzoom-in\u00a0\u00bb lbox_skin=\u00a0\u00bbwhite\u00a0\u00bb el_class=\u00a0\u00bbtable-image\u00a0\u00bb][vc_column_text]<\/p>\n<h3>Accessibilit\u00e9 universelle<\/h3>\n<p>[\/vc_column_text][vc_column_text css=\u00a0\u00bb.vc_custom_1569096657377{margin-bottom: 50px !important;}\u00a0\u00bb]L\u2019accessibilit\u00e9 touche tous les aspects de la vie des personnes et s\u2019appuie sur le respect des droits de tous les citoyens. L\u2019accessibilit\u00e9 universelle est fond\u00e9e sur une approche d\u2019inclusion. Elle permet \u00e0 toute personne, quelles que soient ses capacit\u00e9s, d\u2019utiliser un \u00e9quipement comme les autres usagers, de fa\u00e7on autonome et s\u00e9curitaire. Les limitations fonctionnelles suivantes doivent \u00eatre prises en compte lors de l\u2019am\u00e9nagement du terrain de soccer et de ses abords : motrices, visuelles, auditives, intellectuelles et langagi\u00e8res.[\/vc_column_text][vc_column_text]<\/p>\n<h3>ADS+<\/h3>\n<p>[\/vc_column_text][vc_column_text]L\u2019analyse diff\u00e9renci\u00e9e selon les sexes (ADS) est un processus d\u2019analyse favorisant l\u2019atteinte de l\u2019\u00e9galit\u00e9 entre les femmes et les hommes par l\u2019entremise des orientations et des actions des instances d\u00e9cisionnelles de la soci\u00e9t\u00e9 sur les plans local, r\u00e9gional et national.<\/p>\n<p>La finalit\u00e9 de l\u2019ADS+ est d\u2019atteindre une \u00e9galit\u00e9 de fait. L\u2019\u00e9galit\u00e9 repose sur la pr\u00e9misse que les femmes et les hommes disposent de conditions \u00e9gales pour exercer pleinement leurs droits, exploiter leur potentiel, et contribuer \u00e0 l\u2019\u00e9volution politique, \u00e9conomique, sociale et culturelle tout en profitant \u00e9galement de ces changements<\/p>\n<p>Si les sports dont les activit\u00e9s sont r\u00e9glement\u00e9es par des f\u00e9d\u00e9rations et des associations sportives exigent souvent une division des \u00e9quipes selon les sexes, les activit\u00e9s sportives parascolaires, elles, peuvent favoriser la participation de tous et de toutes en privil\u00e9giant les \u00e9quipes mixtes.[\/vc_column_text][\/vc_column_inner][\/vc_row_inner][\/vc_accordion_tab][vc_accordion_tab title=\u00a0\u00bbCOMMENT?\u00a0\u00bb][vc_row_inner row_inner_height_percent=\u00a0\u00bb0&Prime; overlay_alpha=\u00a0\u00bb50&Prime; gutter_size=\u00a0\u00bb3&Prime; shift_y=\u00a0\u00bb0&Prime; css=\u00a0\u00bb.vc_custom_1568292928728{margin-bottom: 50px !important;}\u00a0\u00bb][vc_column_inner width=\u00a0\u00bb1\/1&Prime;][vc_column_text]<\/p>\n<h3>Installations<\/h3>\n<p>[\/vc_column_text][vc_column_text css=\u00a0\u00bb.vc_custom_1569096691266{margin-bottom: 50px !important;}\u00a0\u00bb]Une \u00e9valuation de la programmation projet\u00e9e est primordiale afin d\u2019offrir des installations qui r\u00e9pondront \u00e0 la demande. La programmation se chiffre en heures d\u2019utilisation hebdomadaires et en p\u00e9riode d\u2019utilisation annuelle (d\u00e9but avril \u00e0 fin novembre, mi-mai \u00e0 fin ao\u00fbt, etc.). Les usages non sportifs et les usages futurs du terrain peuvent compl\u00e9ter le portrait. Les niveaux et crit\u00e8res de performance selon la ou les cat\u00e9gories de jeu d\u00e9finiront les dimensions du terrain.[\/vc_column_text][vc_single_image media=\u00a0\u00bb1976&Prime; media_lightbox=\u00a0\u00bbyes\u00a0\u00bb media_width_percent=\u00a0\u00bb65&Prime; css_animation=\u00a0\u00bbzoom-in\u00a0\u00bb lbox_skin=\u00a0\u00bbwhite\u00a0\u00bb el_class=\u00a0\u00bbtable-image\u00a0\u00bb][\/vc_column_inner][\/vc_row_inner][\/vc_accordion_tab][\/vc_accordion][\/vc_column][\/vc_row][vc_row][\/vc_row][vc_row row_height_percent=\u00a0\u00bb0&Prime; overlay_alpha=\u00a0\u00bb50&Prime; gutter_size=\u00a0\u00bb3&Prime; shift_y=\u00a0\u00bb0&Prime; css=\u00a0\u00bb.vc_custom_1569105527519{margin-bottom: 50px !important;}\u00a0\u00bb][vc_column width=\u00a0\u00bb1\/1&Prime;][vc_button button_color=\u00a0\u00bbaccent\u00a0\u00bb size=\u00a0\u00bbbtn-lg\u00a0\u00bb radius=\u00a0\u00bbbtn-circle\u00a0\u00bb link=\u00a0\u00bburl:https%3A%2F%2Fwww.guides-sports-loisirs.ca%2Fsoccer-exterieurs%2Fwp-content%2Fuploads%2Fsites%2F9%2F2017%2F03%2F2.2_Planification_IdentificationBesoins-min.pdf||target:%20_blank|\u00a0\u00bb icon=\u00a0\u00bbfa fa-file-o\u00a0\u00bb el_class=\u00a0\u00bbbtn-pdf\u00a0\u00bb]Version PDF[\/vc_button][\/vc_column][\/vc_row]<\/p>\n<\/div>","protected":false},"excerpt":{"rendered":"<p>[vc_row row_height_percent=\u00a0\u00bb0&Prime; overlay_alpha=\u00a0\u00bb50&Prime; gutter_size=\u00a0\u00bb3&Prime; shift_y=\u00a0\u00bb0&Prime; css=\u00a0\u00bb.vc_custom_1569108851418{margin-top: 40px !important;}\u00a0\u00bb][vc_column width=\u00a0\u00bb1\/1&Prime;][vc_column_text] L\u2019identification des besoins est une condition pr\u00e9alable de toute bonne planification [&hellip;]<\/p>\n","protected":false},"author":11,"featured_media":0,"parent":1803,"menu_order":6,"comment_status":"closed","ping_status":"closed","template":"","meta":{"_acf_changed":false,"footnotes":""},"class_list":["post-1931","page","type-page","status-publish","hentry"],"acf":[],"yoast_head":"<!-- This site is optimized with the Yoast SEO plugin v27.4 - https:\/\/yoast.com\/product\/yoast-seo-wordpress\/ -->\n<title>Identification des besoins - Terrains de soccer ext\u00e9rieurs<\/title>\n<meta name=\"robots\" content=\"index, follow, max-snippet:-1, max-image-preview:large, max-video-preview:-1\" \/>\n<link rel=\"canonical\" href=\"https:\/\/www.guides-sports-loisirs.ca\/soccer-exterieurs\/planification\/identification-besoins\/\" \/>\n<meta property=\"og:locale\" content=\"fr_FR\" \/>\n<meta property=\"og:type\" content=\"article\" \/>\n<meta property=\"og:title\" content=\"Identification des besoins - Terrains de soccer ext\u00e9rieurs\" \/>\n<meta property=\"og:description\" content=\"[vc_row row_height_percent=\u00a0\u00bb0&Prime; overlay_alpha=\u00a0\u00bb50&Prime; gutter_size=\u00a0\u00bb3&Prime; shift_y=\u00a0\u00bb0&Prime; css=\u00a0\u00bb.vc_custom_1569108851418{margin-top: 40px !important;}\u00a0\u00bb][vc_column width=\u00a0\u00bb1\/1&Prime;][vc_column_text] L\u2019identification des besoins est une condition pr\u00e9alable de toute bonne planification [&hellip;]\" \/>\n<meta property=\"og:url\" content=\"https:\/\/www.guides-sports-loisirs.ca\/soccer-exterieurs\/planification\/identification-besoins\/\" \/>\n<meta property=\"og:site_name\" content=\"Terrains de soccer ext\u00e9rieurs\" \/>\n<meta property=\"article:modified_time\" content=\"2019-09-24T19:39:41+00:00\" \/>\n<meta name=\"twitter:card\" content=\"summary_large_image\" \/>\n<meta name=\"twitter:label1\" content=\"Dur\u00e9e de lecture estim\u00e9e\" \/>\n\t<meta name=\"twitter:data1\" content=\"4 minutes\" \/>\n<script type=\"application\/ld+json\" class=\"yoast-schema-graph\">{\"@context\":\"https:\\\/\\\/schema.org\",\"@graph\":[{\"@type\":\"WebPage\",\"@id\":\"https:\\\/\\\/www.guides-sports-loisirs.ca\\\/soccer-exterieurs\\\/planification\\\/identification-besoins\\\/\",\"url\":\"https:\\\/\\\/www.guides-sports-loisirs.ca\\\/soccer-exterieurs\\\/planification\\\/identification-besoins\\\/\",\"name\":\"Identification des besoins - Terrains de soccer ext\u00e9rieurs\",\"isPartOf\":{\"@id\":\"https:\\\/\\\/www.guides-sports-loisirs.ca\\\/soccer-exterieurs\\\/#website\"},\"datePublished\":\"2019-09-19T12:18:49+00:00\",\"dateModified\":\"2019-09-24T19:39:41+00:00\",\"breadcrumb\":{\"@id\":\"https:\\\/\\\/www.guides-sports-loisirs.ca\\\/soccer-exterieurs\\\/planification\\\/identification-besoins\\\/#breadcrumb\"},\"inLanguage\":\"fr-FR\",\"potentialAction\":[{\"@type\":\"ReadAction\",\"target\":[\"https:\\\/\\\/www.guides-sports-loisirs.ca\\\/soccer-exterieurs\\\/planification\\\/identification-besoins\\\/\"]}]},{\"@type\":\"BreadcrumbList\",\"@id\":\"https:\\\/\\\/www.guides-sports-loisirs.ca\\\/soccer-exterieurs\\\/planification\\\/identification-besoins\\\/#breadcrumb\",\"itemListElement\":[{\"@type\":\"ListItem\",\"position\":1,\"name\":\"Accueil\",\"item\":\"https:\\\/\\\/www.guides-sports-loisirs.ca\\\/soccer-exterieurs\\\/\"},{\"@type\":\"ListItem\",\"position\":2,\"name\":\"Planification\",\"item\":\"https:\\\/\\\/www.guides-sports-loisirs.ca\\\/soccer-exterieurs\\\/planification\\\/\"},{\"@type\":\"ListItem\",\"position\":3,\"name\":\"Identification des besoins\"}]},{\"@type\":\"WebSite\",\"@id\":\"https:\\\/\\\/www.guides-sports-loisirs.ca\\\/soccer-exterieurs\\\/#website\",\"url\":\"https:\\\/\\\/www.guides-sports-loisirs.ca\\\/soccer-exterieurs\\\/\",\"name\":\"Terrains de soccer ext\u00e9rieurs\",\"description\":\"Veloparcs\",\"potentialAction\":[{\"@type\":\"SearchAction\",\"target\":{\"@type\":\"EntryPoint\",\"urlTemplate\":\"https:\\\/\\\/www.guides-sports-loisirs.ca\\\/soccer-exterieurs\\\/?s={search_term_string}\"},\"query-input\":{\"@type\":\"PropertyValueSpecification\",\"valueRequired\":true,\"valueName\":\"search_term_string\"}}],\"inLanguage\":\"fr-FR\"}]}<\/script>\n<!-- \/ Yoast SEO plugin. -->","yoast_head_json":{"title":"Identification des besoins - Terrains de soccer ext\u00e9rieurs","robots":{"index":"index","follow":"follow","max-snippet":"max-snippet:-1","max-image-preview":"max-image-preview:large","max-video-preview":"max-video-preview:-1"},"canonical":"https:\/\/www.guides-sports-loisirs.ca\/soccer-exterieurs\/planification\/identification-besoins\/","og_locale":"fr_FR","og_type":"article","og_title":"Identification des besoins - Terrains de soccer ext\u00e9rieurs","og_description":"[vc_row row_height_percent=\u00a0\u00bb0&Prime; overlay_alpha=\u00a0\u00bb50&Prime; gutter_size=\u00a0\u00bb3&Prime; shift_y=\u00a0\u00bb0&Prime; css=\u00a0\u00bb.vc_custom_1569108851418{margin-top: 40px !important;}\u00a0\u00bb][vc_column width=\u00a0\u00bb1\/1&Prime;][vc_column_text] L\u2019identification des besoins est une condition pr\u00e9alable de toute bonne planification [&hellip;]","og_url":"https:\/\/www.guides-sports-loisirs.ca\/soccer-exterieurs\/planification\/identification-besoins\/","og_site_name":"Terrains de soccer ext\u00e9rieurs","article_modified_time":"2019-09-24T19:39:41+00:00","twitter_card":"summary_large_image","twitter_misc":{"Dur\u00e9e de lecture estim\u00e9e":"4 minutes"},"schema":{"@context":"https:\/\/schema.org","@graph":[{"@type":"WebPage","@id":"https:\/\/www.guides-sports-loisirs.ca\/soccer-exterieurs\/planification\/identification-besoins\/","url":"https:\/\/www.guides-sports-loisirs.ca\/soccer-exterieurs\/planification\/identification-besoins\/","name":"Identification des besoins - Terrains de soccer ext\u00e9rieurs","isPartOf":{"@id":"https:\/\/www.guides-sports-loisirs.ca\/soccer-exterieurs\/#website"},"datePublished":"2019-09-19T12:18:49+00:00","dateModified":"2019-09-24T19:39:41+00:00","breadcrumb":{"@id":"https:\/\/www.guides-sports-loisirs.ca\/soccer-exterieurs\/planification\/identification-besoins\/#breadcrumb"},"inLanguage":"fr-FR","potentialAction":[{"@type":"ReadAction","target":["https:\/\/www.guides-sports-loisirs.ca\/soccer-exterieurs\/planification\/identification-besoins\/"]}]},{"@type":"BreadcrumbList","@id":"https:\/\/www.guides-sports-loisirs.ca\/soccer-exterieurs\/planification\/identification-besoins\/#breadcrumb","itemListElement":[{"@type":"ListItem","position":1,"name":"Accueil","item":"https:\/\/www.guides-sports-loisirs.ca\/soccer-exterieurs\/"},{"@type":"ListItem","position":2,"name":"Planification","item":"https:\/\/www.guides-sports-loisirs.ca\/soccer-exterieurs\/planification\/"},{"@type":"ListItem","position":3,"name":"Identification des besoins"}]},{"@type":"WebSite","@id":"https:\/\/www.guides-sports-loisirs.ca\/soccer-exterieurs\/#website","url":"https:\/\/www.guides-sports-loisirs.ca\/soccer-exterieurs\/","name":"Terrains de soccer ext\u00e9rieurs","description":"Veloparcs","potentialAction":[{"@type":"SearchAction","target":{"@type":"EntryPoint","urlTemplate":"https:\/\/www.guides-sports-loisirs.ca\/soccer-exterieurs\/?s={search_term_string}"},"query-input":{"@type":"PropertyValueSpecification","valueRequired":true,"valueName":"search_term_string"}}],"inLanguage":"fr-FR"}]}},"_links":{"self":[{"href":"https:\/\/www.guides-sports-loisirs.ca\/soccer-exterieurs\/wp-json\/wp\/v2\/pages\/1931","targetHints":{"allow":["GET"]}}],"collection":[{"href":"https:\/\/www.guides-sports-loisirs.ca\/soccer-exterieurs\/wp-json\/wp\/v2\/pages"}],"about":[{"href":"https:\/\/www.guides-sports-loisirs.ca\/soccer-exterieurs\/wp-json\/wp\/v2\/types\/page"}],"author":[{"embeddable":true,"href":"https:\/\/www.guides-sports-loisirs.ca\/soccer-exterieurs\/wp-json\/wp\/v2\/users\/11"}],"replies":[{"embeddable":true,"href":"https:\/\/www.guides-sports-loisirs.ca\/soccer-exterieurs\/wp-json\/wp\/v2\/comments?post=1931"}],"version-history":[{"count":15,"href":"https:\/\/www.guides-sports-loisirs.ca\/soccer-exterieurs\/wp-json\/wp\/v2\/pages\/1931\/revisions"}],"predecessor-version":[{"id":2568,"href":"https:\/\/www.guides-sports-loisirs.ca\/soccer-exterieurs\/wp-json\/wp\/v2\/pages\/1931\/revisions\/2568"}],"up":[{"embeddable":true,"href":"https:\/\/www.guides-sports-loisirs.ca\/soccer-exterieurs\/wp-json\/wp\/v2\/pages\/1803"}],"wp:attachment":[{"href":"https:\/\/www.guides-sports-loisirs.ca\/soccer-exterieurs\/wp-json\/wp\/v2\/media?parent=1931"}],"curies":[{"name":"wp","href":"https:\/\/api.w.org\/{rel}","templated":true}]}}