{"id":1858,"date":"2019-09-11T15:40:17","date_gmt":"2019-09-11T19:40:17","guid":{"rendered":"https:\/\/www.guides-sports-loisirs.ca\/soccer-exterieurs\/?page_id=1858"},"modified":"2019-10-10T11:16:28","modified_gmt":"2019-10-10T15:16:28","slug":"estimation-budgetaire","status":"publish","type":"page","link":"https:\/\/www.guides-sports-loisirs.ca\/soccer-exterieurs\/planification\/estimation-budgetaire\/","title":{"rendered":"Estimation budg\u00e9taire : combien?"},"content":{"rendered":"<div class=\"wpb-content-wrapper\"><p>[vc_row row_height_percent=\u00a0\u00bb0&Prime; overlay_alpha=\u00a0\u00bb50&Prime; gutter_size=\u00a0\u00bb3&Prime; shift_y=\u00a0\u00bb0&Prime; css=\u00a0\u00bb.vc_custom_1569108883832{margin-top: 40px !important;}\u00a0\u00bb][vc_column width=\u00a0\u00bb1\/1&Prime;][vc_column_text]<\/p>\n<h3><strong>Une estimation budg\u00e9taire pr\u00e9liminaire doit \u00eatre r\u00e9alis\u00e9e pour les travaux d\u2019am\u00e9nagement d\u2019un terrain de soccer. \u00c0 l\u2019\u00e9chelle du Qu\u00e9bec, des variations budg\u00e9taires peuvent \u00eatre observ\u00e9es pour une m\u00eame nature de travaux. Une recherche de projets similaires constitue un bon d\u00e9part pour l\u2019estimation budg\u00e9taire.<br \/>\n<\/strong><\/h3>\n<p>[\/vc_column_text][\/vc_column][\/vc_row][vc_row][vc_column width=\u00a0\u00bb1\/1&Prime;][vc_accordion active_tab=\u00a0\u00bb0&Prime;][vc_accordion_tab title=\u00a0\u00bbCONTEXTE GLOBAL\u00a0\u00bb][vc_row_inner row_inner_height_percent=\u00a0\u00bb0&Prime; overlay_alpha=\u00a0\u00bb50&Prime; gutter_size=\u00a0\u00bb3&Prime; shift_y=\u00a0\u00bb0&Prime; css=\u00a0\u00bb.vc_custom_1568292928728{margin-bottom: 50px !important;}\u00a0\u00bb][vc_column_inner width=\u00a0\u00bb1\/1&Prime;][vc_column_text css=\u00a0\u00bb.vc_custom_1570719307264{margin-bottom: 50px !important;}\u00a0\u00bb]Les variables qui influencent l\u2019estimation doivent \u00eatre analys\u00e9es dans le contexte sp\u00e9cifique de chaque projet (ampleur, r\u00e9gion, p\u00e9riode, etc.). La compr\u00e9hension des sources influen\u00e7ant les co\u00fbts des travaux permettra de bien justifier les param\u00e8tres pris en compte lors de l\u2019analyse des \u00e9carts entre les estimations et les prix obtenus en appel d\u2019offres.[\/vc_column_text][vc_single_image media=\u00a0\u00bb1991&Prime; media_lightbox=\u00a0\u00bbyes\u00a0\u00bb media_width_percent=\u00a0\u00bb65&Prime; css_animation=\u00a0\u00bbzoom-in\u00a0\u00bb lbox_skin=\u00a0\u00bbwhite\u00a0\u00bb el_class=\u00a0\u00bbtable-image\u00a0\u00bb][\/vc_column_inner][\/vc_row_inner][\/vc_accordion_tab][vc_accordion_tab title=\u00a0\u00bbCONCEPTION | SERVICES PROFESSIONNELS\u00a0\u00bb][vc_row_inner row_inner_height_percent=\u00a0\u00bb0&Prime; overlay_alpha=\u00a0\u00bb50&Prime; gutter_size=\u00a0\u00bb3&Prime; shift_y=\u00a0\u00bb0&Prime; css=\u00a0\u00bb.vc_custom_1568292962526{margin-bottom: 50px !important;}\u00a0\u00bb][vc_column_inner width=\u00a0\u00bb1\/1&Prime;][vc_column_text css=\u00a0\u00bb.vc_custom_1569097873760{margin-top: 30px !important;}\u00a0\u00bb]Les honoraires pour la conception incluent g\u00e9n\u00e9ralement la conception des plans, la r\u00e9daction du cahier des charges, la gestion de l\u2019appel d\u2019offres et la surveillance du chantier. L\u2019estimation des co\u00fbts de services professionnels peut se baser sur un pourcentage des co\u00fbts totaux de construction du terrain sportif. Bien que les honoraires d\u2019un consultant tournent g\u00e9n\u00e9ralement autour de 10%, ce pourcentage fluctuera \u00e0 la baisse ou \u00e0 la hausse selon la valeur des travaux pr\u00e9vus.[\/vc_column_text][\/vc_column_inner][\/vc_row_inner][\/vc_accordion_tab][vc_accordion_tab title=\u00a0\u00bbEX\u00c9CUTION DES TRAVAUX\u00a0\u00bb][vc_row_inner row_inner_height_percent=\u00a0\u00bb0&Prime; overlay_alpha=\u00a0\u00bb50&Prime; gutter_size=\u00a0\u00bb3&Prime; shift_y=\u00a0\u00bb0&Prime; css=\u00a0\u00bb.vc_custom_1568292995997{margin-bottom: 50px !important;}\u00a0\u00bb][vc_column_inner width=\u00a0\u00bb1\/1&Prime;][vc_column_text]L\u2019estimation des co\u00fbts doit inclure l\u2019ensemble des travaux \u00e0 r\u00e9aliser. La superficie du projet permet d\u2019\u00e9tablir des co\u00fbts au m\u00e8tre carr\u00e9. Les contingences et incidences doivent \u00e9galement \u00eatre estim\u00e9es, car elles font partie de l\u2019ex\u00e9cution des travaux.<\/p>\n<p>Une ventilation des \u00e9tapes des travaux \u00e0 r\u00e9aliser doit \u00eatre effectu\u00e9e afin de proc\u00e9der \u00e0 une estimation r\u00e9aliste. Ce mod\u00e8le doit permettre ensuite de quantifier les travaux et ouvrages \u00e0 r\u00e9aliser par prix unitaires ou forfaitaires pour r\u00e9diger un bordereau de soumission d\u00e9taill\u00e9e qui sera int\u00e9gr\u00e9 dans les documents d\u2019appel d\u2019offres.[\/vc_column_text][\/vc_column_inner][\/vc_row_inner][\/vc_accordion_tab][vc_accordion_tab title=\u00a0\u00bbINSTALLATIONS MINIMALES D\u2019UN PROJET\u00a0\u00bb][vc_row_inner row_inner_height_percent=\u00a0\u00bb0&Prime; overlay_alpha=\u00a0\u00bb50&Prime; gutter_size=\u00a0\u00bb3&Prime; shift_y=\u00a0\u00bb0&Prime; css=\u00a0\u00bb.vc_custom_1568292797058{margin-bottom: 50px !important;}\u00a0\u00bb][vc_column_inner width=\u00a0\u00bb1\/1&Prime;][vc_column_text css=\u00a0\u00bb.vc_custom_1570720180877{margin-bottom: 50px !important;}\u00a0\u00bb]Les contraintes budg\u00e9taires peuvent limiter l\u2019ampleur d\u2019un projet. Il est alors pertinent de r\u00e9pondre aux besoins essentiels d\u2019un terrain de soccer. Les installations minimales requises pour un projet sont pr\u00e9sent\u00e9es pour chaque type de pratique.[\/vc_column_text][vc_column_text css=\u00a0\u00bb.vc_custom_1568236937524{margin-top: 70px !important;margin-bottom: 30px !important;}\u00a0\u00bb]<\/p>\n<h3>Comparaison des installations minimales selon les types de pratique<\/h3>\n<p>[\/vc_column_text][vc_single_image media=\u00a0\u00bb1992&Prime; media_lightbox=\u00a0\u00bbyes\u00a0\u00bb media_width_percent=\u00a0\u00bb65&Prime; css_animation=\u00a0\u00bbzoom-in\u00a0\u00bb lbox_skin=\u00a0\u00bbwhite\u00a0\u00bb el_class=\u00a0\u00bbtable-image\u00a0\u00bb][\/vc_column_inner][\/vc_row_inner][\/vc_accordion_tab][vc_accordion_tab title=\u00a0\u00bbEXEMPLES DE PROJETS R\u00c9ALIS\u00c9S\u00a0\u00bb][vc_column_text css=\u00a0\u00bb.vc_custom_1570720387383{margin-bottom: 50px !important;}\u00a0\u00bb]Les exemples suivants pr\u00e9sentent une s\u00e9rie de projets r\u00e9alis\u00e9s au Qu\u00e9bec selon la nature des sports pratiqu\u00e9s, des types d\u2019usages et des \u00e9quipements inclus. Ces chiffres doivent \u00eatre consult\u00e9s avec prudence : les param\u00e8tres qui influencent l\u2019estimation doivent \u00eatre analys\u00e9s dans le contexte sp\u00e9cifique de chaque projet (r\u00e9gion, p\u00e9riode de l\u2019ann\u00e9e, saturation du march\u00e9, taux de change, mati\u00e8res premi\u00e8res). Les estimations de co\u00fbts doivent \u00eatre utilis\u00e9es avec prudence et analys\u00e9es dans le contexte sp\u00e9cifique de chaque projet, compte tenu des param\u00e8tres qui influencent l\u2019estimation tels que vus pr\u00e9c\u00e9demment.[\/vc_column_text][vc_row_inner row_inner_height_percent=\u00a0\u00bb0&Prime; overlay_alpha=\u00a0\u00bb50&Prime; gutter_size=\u00a0\u00bb3&Prime; shift_y=\u00a0\u00bb0&Prime; css=\u00a0\u00bb.vc_custom_1568292668254{margin-bottom: 50px !important;}\u00a0\u00bb][vc_column_inner width=\u00a0\u00bb1\/2&Prime;][vc_single_image media=\u00a0\u00bb1993&Prime; media_lightbox=\u00a0\u00bbyes\u00a0\u00bb media_width_percent=\u00a0\u00bb70&Prime; alignment=\u00a0\u00bbcenter\u00a0\u00bb css_animation=\u00a0\u00bbzoom-in\u00a0\u00bb lbox_skin=\u00a0\u00bbwhite\u00a0\u00bb][\/vc_column_inner][vc_column_inner width=\u00a0\u00bb1\/2&Prime;][vc_column_text css=\u00a0\u00bb.vc_custom_1568291648387{margin-top: 70px !important;margin-bottom: 30px !important;}\u00a0\u00bb]<\/p>\n<h3>Parc Sainte-Odile<br \/>\nMontr\u00e9al | 2011<\/h3>\n<p>[\/vc_column_text][vc_column_text]<strong>Soccer<\/strong><\/p>\n<p>R\u00e9cr\u00e9atif, pratique libre, 60 x 100 m<\/p>\n<p><strong>Remplacement de la surface<\/strong><\/p>\n<p>\u2022 Surface de gazon naturel de parc<br \/>\n\u2022 Buts de soccer<\/p>\n<p><strong>Co\u00fbts de construction :<\/strong> 60 000 $<br \/>\n<strong>Co\u00fbt\/m\u00b2 :<\/strong> 10 $[\/vc_column_text][\/vc_column_inner][\/vc_row_inner][vc_row_inner row_inner_height_percent=\u00a0\u00bb0&Prime; overlay_alpha=\u00a0\u00bb50&Prime; gutter_size=\u00a0\u00bb3&Prime; shift_y=\u00a0\u00bb0&Prime; css=\u00a0\u00bb.vc_custom_1568292831553{margin-bottom: 50px !important;}\u00a0\u00bb][vc_column_inner width=\u00a0\u00bb1\/2&Prime;][vc_single_image media=\u00a0\u00bb1994&Prime; media_lightbox=\u00a0\u00bbyes\u00a0\u00bb media_width_percent=\u00a0\u00bb70&Prime; alignment=\u00a0\u00bbcenter\u00a0\u00bb css_animation=\u00a0\u00bbzoom-in\u00a0\u00bb lbox_skin=\u00a0\u00bbwhite\u00a0\u00bb][\/vc_column_inner][vc_column_inner width=\u00a0\u00bb1\/2&Prime;][vc_column_text css=\u00a0\u00bb.vc_custom_1568292283898{margin-top: 70px !important;margin-bottom: 30px !important;}\u00a0\u00bb]<\/p>\n<h3>Parc Jarry<br \/>\nMontr\u00e9al | 2017<\/h3>\n<p>[\/vc_column_text][vc_column_text]<strong>Soccer<\/strong><\/p>\n<p>R\u00e9cr\u00e9atif, comp\u00e9titif, 60 x 100 m<\/p>\n<p><strong>R\u00e9fection de la surface<\/strong><\/p>\n<p>\u2022 Surface de gazon synth\u00e9tique 3e g\u00e9n\u00e9ration<\/p>\n<p><strong>Co\u00fbts de construction :<\/strong> 500 000 $<br \/>\n<strong>Co\u00fbt\/m\u00b2 :<\/strong> 84 $[\/vc_column_text][\/vc_column_inner][\/vc_row_inner][vc_row_inner row_inner_height_percent=\u00a0\u00bb0&Prime; overlay_alpha=\u00a0\u00bb50&Prime; gutter_size=\u00a0\u00bb3&Prime; shift_y=\u00a0\u00bb0&Prime; css=\u00a0\u00bb.vc_custom_1568292831553{margin-bottom: 50px !important;}\u00a0\u00bb][vc_column_inner width=\u00a0\u00bb1\/2&Prime;][vc_single_image media=\u00a0\u00bb1995&Prime; media_lightbox=\u00a0\u00bbyes\u00a0\u00bb media_width_percent=\u00a0\u00bb70&Prime; alignment=\u00a0\u00bbcenter\u00a0\u00bb css_animation=\u00a0\u00bbzoom-in\u00a0\u00bb lbox_skin=\u00a0\u00bbwhite\u00a0\u00bb][\/vc_column_inner][vc_column_inner width=\u00a0\u00bb1\/2&Prime;][vc_column_text css=\u00a0\u00bb.vc_custom_1568293373735{margin-top: 70px !important;margin-bottom: 30px !important;}\u00a0\u00bb]<\/p>\n<h3>Parc Ren\u00e9-Goupil<br \/>\nMontr\u00e9al | 2016<\/h3>\n<p>[\/vc_column_text][vc_column_text]<strong>Soccer<\/strong><\/p>\n<p>Pratique libre, 28 x 45 m<\/p>\n<p><strong>Construction d\u2019un nouveau terrain<\/strong><\/p>\n<p>\u2022 Surface de gazon synth\u00e9tique 3e g\u00e9n\u00e9ration<br \/>\n\u2022 Fondation<br \/>\n\u2022 Drainage : minidrains, collecteur p\u00e9riph\u00e9rique et tranch\u00e9e drainante<br \/>\n\u2022 Buts de soccer, cl\u00f4tures et \u00e9crans<\/p>\n<p><strong>Co\u00fbts de construction :<\/strong> 700 000 $<br \/>\n<strong>Co\u00fbt\/m\u00b2 :<\/strong> 56 $[\/vc_column_text][\/vc_column_inner][\/vc_row_inner][vc_row_inner row_inner_height_percent=\u00a0\u00bb0&Prime; overlay_alpha=\u00a0\u00bb50&Prime; gutter_size=\u00a0\u00bb3&Prime; shift_y=\u00a0\u00bb0&Prime; css=\u00a0\u00bb.vc_custom_1568292831553{margin-bottom: 50px !important;}\u00a0\u00bb][vc_column_inner width=\u00a0\u00bb1\/2&Prime;][vc_single_image media=\u00a0\u00bb1998&Prime; media_lightbox=\u00a0\u00bbyes\u00a0\u00bb media_width_percent=\u00a0\u00bb70&Prime; alignment=\u00a0\u00bbcenter\u00a0\u00bb css_animation=\u00a0\u00bbzoom-in\u00a0\u00bb lbox_skin=\u00a0\u00bbwhite\u00a0\u00bb][\/vc_column_inner][vc_column_inner width=\u00a0\u00bb1\/2&Prime;][vc_column_text css=\u00a0\u00bb.vc_custom_1569098250946{margin-top: 70px !important;margin-bottom: 30px !important;}\u00a0\u00bb]<\/p>\n<h3>Parc Rosanne-Laflamme<br \/>\nLongueuil | 2018<\/h3>\n<p>[\/vc_column_text][vc_column_text]<strong>Soccer<\/strong><\/p>\n<p>R\u00e9cr\u00e9atif, comp\u00e9titif, 60 x 100 m<\/p>\n<p>R\u00e9fection de terrain de gazon synth\u00e9tique<\/p>\n<p>\u2022 Buts de soccer\/football<\/p>\n<p><strong>Co\u00fbts de construction :<\/strong> 830 000 $<br \/>\n<strong>Co\u00fbt\/m\u00b2 :<\/strong> 830 $[\/vc_column_text][\/vc_column_inner][\/vc_row_inner][vc_row_inner row_inner_height_percent=\u00a0\u00bb0&Prime; overlay_alpha=\u00a0\u00bb50&Prime; gutter_size=\u00a0\u00bb3&Prime; shift_y=\u00a0\u00bb0&Prime; css=\u00a0\u00bb.vc_custom_1568292831553{margin-bottom: 50px !important;}\u00a0\u00bb][vc_column_inner width=\u00a0\u00bb1\/2&Prime;][vc_single_image media=\u00a0\u00bb1996&Prime; media_lightbox=\u00a0\u00bbyes\u00a0\u00bb media_width_percent=\u00a0\u00bb70&Prime; alignment=\u00a0\u00bbcenter\u00a0\u00bb css_animation=\u00a0\u00bbzoom-in\u00a0\u00bb lbox_skin=\u00a0\u00bbwhite\u00a0\u00bb][\/vc_column_inner][vc_column_inner width=\u00a0\u00bb1\/2&Prime;][vc_column_text css=\u00a0\u00bb.vc_custom_1568293542007{margin-top: 70px !important;margin-bottom: 30px !important;}\u00a0\u00bb]<\/p>\n<h3>C\u00e9gep Marie-Victorin<br \/>\nMontr\u00e9al | 2018<\/h3>\n<p>[\/vc_column_text][vc_column_text]<strong>Soccer, football, ultimate, touch football<\/strong><\/p>\n<p>R\u00e9cr\u00e9atif, comp\u00e9titif, 60 x 100 m (soccer) \/60 x 130 m (football)<\/p>\n<p><strong>Construction d\u2019un nouveau terrain<\/strong><\/p>\n<p>\u2022 Surface de gazon synth\u00e9tique 3e g\u00e9n\u00e9ration<br \/>\n\u2022 Fondation de pierre<br \/>\n\u2022 Drainage: minidrains, collecteur p\u00e9riph\u00e9rique, bassin de r\u00e9tention<br \/>\nsouterrain, enrob\u00e9 drainant<br \/>\n\u2022 Buts de soccer, gradins, abri des joueurs, tableau de pointage,<br \/>\ncl\u00f4tures et \u00e9crans<\/p>\n<p><strong>Co\u00fbts de construction :<\/strong> 5 000 000 $<br \/>\n<strong>Co\u00fbt\/m\u00b2 :<\/strong> 641 $[\/vc_column_text][\/vc_column_inner][\/vc_row_inner][\/vc_accordion_tab][\/vc_accordion][\/vc_column][\/vc_row][vc_row][\/vc_row][vc_row row_height_percent=\u00a0\u00bb0&Prime; overlay_alpha=\u00a0\u00bb50&Prime; gutter_size=\u00a0\u00bb3&Prime; shift_y=\u00a0\u00bb0&Prime; css=\u00a0\u00bb.vc_custom_1569108889596{margin-bottom: 50px !important;}\u00a0\u00bb][vc_column width=\u00a0\u00bb1\/1&Prime;][vc_button button_color=\u00a0\u00bbaccent\u00a0\u00bb size=\u00a0\u00bbbtn-lg\u00a0\u00bb radius=\u00a0\u00bbbtn-circle\u00a0\u00bb link=\u00a0\u00bburl:https%3A%2F%2Fwww.guides-sports-loisirs.ca%2Fsoccer-exterieurs%2Fwp-content%2Fuploads%2Fsites%2F9%2F2017%2F03%2F2.4_Planification_EstimationBudgetaire-min.pdf||target:%20_blank|\u00a0\u00bb icon=\u00a0\u00bbfa fa-file-o\u00a0\u00bb el_class=\u00a0\u00bbbtn-pdf\u00a0\u00bb]Version PDF[\/vc_button][\/vc_column][\/vc_row]<\/p>\n<\/div>","protected":false},"excerpt":{"rendered":"<p>[vc_row row_height_percent=\u00a0\u00bb0&Prime; overlay_alpha=\u00a0\u00bb50&Prime; gutter_size=\u00a0\u00bb3&Prime; shift_y=\u00a0\u00bb0&Prime; css=\u00a0\u00bb.vc_custom_1569108883832{margin-top: 40px !important;}\u00a0\u00bb][vc_column width=\u00a0\u00bb1\/1&Prime;][vc_column_text] Une estimation budg\u00e9taire pr\u00e9liminaire doit \u00eatre r\u00e9alis\u00e9e pour les travaux d\u2019am\u00e9nagement [&hellip;]<\/p>\n","protected":false},"author":11,"featured_media":0,"parent":1803,"menu_order":8,"comment_status":"closed","ping_status":"closed","template":"","meta":{"_acf_changed":false,"footnotes":""},"class_list":["post-1858","page","type-page","status-publish","hentry"],"acf":[],"yoast_head":"<!-- This site is optimized with the Yoast SEO plugin v27.4 - https:\/\/yoast.com\/product\/yoast-seo-wordpress\/ -->\n<title>Estimation budg\u00e9taire : combien? - Terrains de soccer ext\u00e9rieurs<\/title>\n<meta name=\"robots\" content=\"index, follow, max-snippet:-1, max-image-preview:large, max-video-preview:-1\" \/>\n<link rel=\"canonical\" href=\"https:\/\/www.guides-sports-loisirs.ca\/soccer-exterieurs\/planification\/estimation-budgetaire\/\" \/>\n<meta property=\"og:locale\" content=\"fr_FR\" \/>\n<meta property=\"og:type\" content=\"article\" \/>\n<meta property=\"og:title\" content=\"Estimation budg\u00e9taire : combien? - Terrains de soccer ext\u00e9rieurs\" \/>\n<meta property=\"og:description\" content=\"[vc_row row_height_percent=\u00a0\u00bb0&Prime; overlay_alpha=\u00a0\u00bb50&Prime; gutter_size=\u00a0\u00bb3&Prime; shift_y=\u00a0\u00bb0&Prime; css=\u00a0\u00bb.vc_custom_1569108883832{margin-top: 40px !important;}\u00a0\u00bb][vc_column width=\u00a0\u00bb1\/1&Prime;][vc_column_text] Une estimation budg\u00e9taire pr\u00e9liminaire doit \u00eatre r\u00e9alis\u00e9e pour les travaux d\u2019am\u00e9nagement [&hellip;]\" \/>\n<meta property=\"og:url\" content=\"https:\/\/www.guides-sports-loisirs.ca\/soccer-exterieurs\/planification\/estimation-budgetaire\/\" \/>\n<meta property=\"og:site_name\" content=\"Terrains de soccer ext\u00e9rieurs\" \/>\n<meta property=\"article:modified_time\" content=\"2019-10-10T15:16:28+00:00\" \/>\n<meta name=\"twitter:card\" content=\"summary_large_image\" \/>\n<meta name=\"twitter:label1\" content=\"Dur\u00e9e de lecture estim\u00e9e\" \/>\n\t<meta name=\"twitter:data1\" content=\"7 minutes\" \/>\n<script type=\"application\/ld+json\" class=\"yoast-schema-graph\">{\"@context\":\"https:\\\/\\\/schema.org\",\"@graph\":[{\"@type\":\"WebPage\",\"@id\":\"https:\\\/\\\/www.guides-sports-loisirs.ca\\\/soccer-exterieurs\\\/planification\\\/estimation-budgetaire\\\/\",\"url\":\"https:\\\/\\\/www.guides-sports-loisirs.ca\\\/soccer-exterieurs\\\/planification\\\/estimation-budgetaire\\\/\",\"name\":\"Estimation budg\u00e9taire : combien? - Terrains de soccer ext\u00e9rieurs\",\"isPartOf\":{\"@id\":\"https:\\\/\\\/www.guides-sports-loisirs.ca\\\/soccer-exterieurs\\\/#website\"},\"datePublished\":\"2019-09-11T19:40:17+00:00\",\"dateModified\":\"2019-10-10T15:16:28+00:00\",\"breadcrumb\":{\"@id\":\"https:\\\/\\\/www.guides-sports-loisirs.ca\\\/soccer-exterieurs\\\/planification\\\/estimation-budgetaire\\\/#breadcrumb\"},\"inLanguage\":\"fr-FR\",\"potentialAction\":[{\"@type\":\"ReadAction\",\"target\":[\"https:\\\/\\\/www.guides-sports-loisirs.ca\\\/soccer-exterieurs\\\/planification\\\/estimation-budgetaire\\\/\"]}]},{\"@type\":\"BreadcrumbList\",\"@id\":\"https:\\\/\\\/www.guides-sports-loisirs.ca\\\/soccer-exterieurs\\\/planification\\\/estimation-budgetaire\\\/#breadcrumb\",\"itemListElement\":[{\"@type\":\"ListItem\",\"position\":1,\"name\":\"Accueil\",\"item\":\"https:\\\/\\\/www.guides-sports-loisirs.ca\\\/soccer-exterieurs\\\/\"},{\"@type\":\"ListItem\",\"position\":2,\"name\":\"Planification\",\"item\":\"https:\\\/\\\/www.guides-sports-loisirs.ca\\\/soccer-exterieurs\\\/planification\\\/\"},{\"@type\":\"ListItem\",\"position\":3,\"name\":\"Estimation budg\u00e9taire : combien?\"}]},{\"@type\":\"WebSite\",\"@id\":\"https:\\\/\\\/www.guides-sports-loisirs.ca\\\/soccer-exterieurs\\\/#website\",\"url\":\"https:\\\/\\\/www.guides-sports-loisirs.ca\\\/soccer-exterieurs\\\/\",\"name\":\"Terrains de soccer ext\u00e9rieurs\",\"description\":\"Veloparcs\",\"potentialAction\":[{\"@type\":\"SearchAction\",\"target\":{\"@type\":\"EntryPoint\",\"urlTemplate\":\"https:\\\/\\\/www.guides-sports-loisirs.ca\\\/soccer-exterieurs\\\/?s={search_term_string}\"},\"query-input\":{\"@type\":\"PropertyValueSpecification\",\"valueRequired\":true,\"valueName\":\"search_term_string\"}}],\"inLanguage\":\"fr-FR\"}]}<\/script>\n<!-- \/ Yoast SEO plugin. -->","yoast_head_json":{"title":"Estimation budg\u00e9taire : combien? - Terrains de soccer ext\u00e9rieurs","robots":{"index":"index","follow":"follow","max-snippet":"max-snippet:-1","max-image-preview":"max-image-preview:large","max-video-preview":"max-video-preview:-1"},"canonical":"https:\/\/www.guides-sports-loisirs.ca\/soccer-exterieurs\/planification\/estimation-budgetaire\/","og_locale":"fr_FR","og_type":"article","og_title":"Estimation budg\u00e9taire : combien? - Terrains de soccer ext\u00e9rieurs","og_description":"[vc_row row_height_percent=\u00a0\u00bb0&Prime; overlay_alpha=\u00a0\u00bb50&Prime; gutter_size=\u00a0\u00bb3&Prime; shift_y=\u00a0\u00bb0&Prime; css=\u00a0\u00bb.vc_custom_1569108883832{margin-top: 40px !important;}\u00a0\u00bb][vc_column width=\u00a0\u00bb1\/1&Prime;][vc_column_text] Une estimation budg\u00e9taire pr\u00e9liminaire doit \u00eatre r\u00e9alis\u00e9e pour les travaux d\u2019am\u00e9nagement [&hellip;]","og_url":"https:\/\/www.guides-sports-loisirs.ca\/soccer-exterieurs\/planification\/estimation-budgetaire\/","og_site_name":"Terrains de soccer ext\u00e9rieurs","article_modified_time":"2019-10-10T15:16:28+00:00","twitter_card":"summary_large_image","twitter_misc":{"Dur\u00e9e de lecture estim\u00e9e":"7 minutes"},"schema":{"@context":"https:\/\/schema.org","@graph":[{"@type":"WebPage","@id":"https:\/\/www.guides-sports-loisirs.ca\/soccer-exterieurs\/planification\/estimation-budgetaire\/","url":"https:\/\/www.guides-sports-loisirs.ca\/soccer-exterieurs\/planification\/estimation-budgetaire\/","name":"Estimation budg\u00e9taire : combien? - Terrains de soccer ext\u00e9rieurs","isPartOf":{"@id":"https:\/\/www.guides-sports-loisirs.ca\/soccer-exterieurs\/#website"},"datePublished":"2019-09-11T19:40:17+00:00","dateModified":"2019-10-10T15:16:28+00:00","breadcrumb":{"@id":"https:\/\/www.guides-sports-loisirs.ca\/soccer-exterieurs\/planification\/estimation-budgetaire\/#breadcrumb"},"inLanguage":"fr-FR","potentialAction":[{"@type":"ReadAction","target":["https:\/\/www.guides-sports-loisirs.ca\/soccer-exterieurs\/planification\/estimation-budgetaire\/"]}]},{"@type":"BreadcrumbList","@id":"https:\/\/www.guides-sports-loisirs.ca\/soccer-exterieurs\/planification\/estimation-budgetaire\/#breadcrumb","itemListElement":[{"@type":"ListItem","position":1,"name":"Accueil","item":"https:\/\/www.guides-sports-loisirs.ca\/soccer-exterieurs\/"},{"@type":"ListItem","position":2,"name":"Planification","item":"https:\/\/www.guides-sports-loisirs.ca\/soccer-exterieurs\/planification\/"},{"@type":"ListItem","position":3,"name":"Estimation budg\u00e9taire : combien?"}]},{"@type":"WebSite","@id":"https:\/\/www.guides-sports-loisirs.ca\/soccer-exterieurs\/#website","url":"https:\/\/www.guides-sports-loisirs.ca\/soccer-exterieurs\/","name":"Terrains de soccer ext\u00e9rieurs","description":"Veloparcs","potentialAction":[{"@type":"SearchAction","target":{"@type":"EntryPoint","urlTemplate":"https:\/\/www.guides-sports-loisirs.ca\/soccer-exterieurs\/?s={search_term_string}"},"query-input":{"@type":"PropertyValueSpecification","valueRequired":true,"valueName":"search_term_string"}}],"inLanguage":"fr-FR"}]}},"_links":{"self":[{"href":"https:\/\/www.guides-sports-loisirs.ca\/soccer-exterieurs\/wp-json\/wp\/v2\/pages\/1858","targetHints":{"allow":["GET"]}}],"collection":[{"href":"https:\/\/www.guides-sports-loisirs.ca\/soccer-exterieurs\/wp-json\/wp\/v2\/pages"}],"about":[{"href":"https:\/\/www.guides-sports-loisirs.ca\/soccer-exterieurs\/wp-json\/wp\/v2\/types\/page"}],"author":[{"embeddable":true,"href":"https:\/\/www.guides-sports-loisirs.ca\/soccer-exterieurs\/wp-json\/wp\/v2\/users\/11"}],"replies":[{"embeddable":true,"href":"https:\/\/www.guides-sports-loisirs.ca\/soccer-exterieurs\/wp-json\/wp\/v2\/comments?post=1858"}],"version-history":[{"count":61,"href":"https:\/\/www.guides-sports-loisirs.ca\/soccer-exterieurs\/wp-json\/wp\/v2\/pages\/1858\/revisions"}],"predecessor-version":[{"id":2658,"href":"https:\/\/www.guides-sports-loisirs.ca\/soccer-exterieurs\/wp-json\/wp\/v2\/pages\/1858\/revisions\/2658"}],"up":[{"embeddable":true,"href":"https:\/\/www.guides-sports-loisirs.ca\/soccer-exterieurs\/wp-json\/wp\/v2\/pages\/1803"}],"wp:attachment":[{"href":"https:\/\/www.guides-sports-loisirs.ca\/soccer-exterieurs\/wp-json\/wp\/v2\/media?parent=1858"}],"curies":[{"name":"wp","href":"https:\/\/api.w.org\/{rel}","templated":true}]}}