{"id":1828,"date":"2019-09-11T13:32:36","date_gmt":"2019-09-11T17:32:36","guid":{"rendered":"https:\/\/www.guides-sports-loisirs.ca\/soccer-exterieurs\/?page_id=1828"},"modified":"2019-10-10T10:52:07","modified_gmt":"2019-10-10T14:52:07","slug":"choix-du-site","status":"publish","type":"page","link":"https:\/\/www.guides-sports-loisirs.ca\/soccer-exterieurs\/planification\/choix-du-site\/","title":{"rendered":"Choix du site : O\u00f9?"},"content":{"rendered":"<div class=\"wpb-content-wrapper\"><p>[vc_row row_height_percent=\u00a0\u00bb0&Prime; overlay_alpha=\u00a0\u00bb50&Prime; gutter_size=\u00a0\u00bb3&Prime; shift_y=\u00a0\u00bb0&Prime; css=\u00a0\u00bb.vc_custom_1569108863954{margin-top: 40px !important;}\u00a0\u00bb][vc_column width=\u00a0\u00bb1\/1&Prime;][vc_column_text]<\/p>\n<h3><strong>Pour r\u00e9pondre aux besoins identifi\u00e9s, peut-on optimiser des installations existantes? Les r\u00e9nover? Construire ou am\u00e9nager de nouvelles installations sur le m\u00eame site? Sur un nouveau site?<\/strong><\/h3>\n<p>[\/vc_column_text][\/vc_column][\/vc_row][vc_row][vc_column width=\u00a0\u00bb1\/1&Prime;][vc_accordion active_tab=\u00a0\u00bb0&Prime;][vc_accordion_tab title=\u00a0\u00bbSITE ACTUEL\u00a0\u00bb][vc_column_text]Un diagnostic fonctionnel des installations existantes doit d\u2019abord \u00eatre r\u00e9alis\u00e9. Les \u00e9quipements existants r\u00e9pondent-ils aux usages? Sont-ils accessibles? Sont-ils adapt\u00e9s? Sont-ils v\u00e9tustes? Le besoin provient-il d\u2019un petit groupe ou est-ce un besoin g\u00e9n\u00e9ral?[\/vc_column_text][vc_single_image media=\u00a0\u00bb1978&Prime; media_lightbox=\u00a0\u00bbyes\u00a0\u00bb media_width_percent=\u00a0\u00bb65&Prime; css_animation=\u00a0\u00bbzoom-in\u00a0\u00bb lbox_skin=\u00a0\u00bbwhite\u00a0\u00bb el_class=\u00a0\u00bbtable-image\u00a0\u00bb][\/vc_accordion_tab][vc_accordion_tab title=\u00a0\u00bbNOUVEAU SITE\u00a0\u00bb][vc_column_text]<\/p>\n<p style=\"text-align: left\">Le choix d\u2019un nouveau site peut s\u2019inscrire dans un plan local d\u2019urbanisme, une politique<br \/>\nurbaine ou un p\u00f4le sportif, ou assurer une nouvelle offre de service dans un quartier d\u00e9pourvu<br \/>\nd\u2019installation. Une \u00e9tude de faisabilit\u00e9 technique est ensuite requise pour choisir le site.<\/p>\n<p>&nbsp;<\/p>\n<p>[\/vc_column_text][vc_single_image media=\u00a0\u00bb1979&Prime; media_lightbox=\u00a0\u00bbyes\u00a0\u00bb media_width_percent=\u00a0\u00bb65&Prime; css_animation=\u00a0\u00bbzoom-in\u00a0\u00bb lbox_skin=\u00a0\u00bbwhite\u00a0\u00bb el_class=\u00a0\u00bbtable-image\u00a0\u00bb][\/vc_accordion_tab][\/vc_accordion][\/vc_column][\/vc_row][vc_row][vc_column width=\u00a0\u00bb1\/2&Prime;][vc_single_image media=\u00a0\u00bb1981&Prime; media_lightbox=\u00a0\u00bbyes\u00a0\u00bb media_width_percent=\u00a0\u00bb80&Prime; css_animation=\u00a0\u00bbzoom-in\u00a0\u00bb lbox_skin=\u00a0\u00bbwhite\u00a0\u00bb el_class=\u00a0\u00bbtable-image\u00a0\u00bb][\/vc_column][vc_column width=\u00a0\u00bb1\/2&Prime;][vc_column_text]<\/p>\n<h2><span style=\"color: #ed3f09\">Localisation et accessibilit\u00e9 spatiale<\/span><\/h2>\n<p>La proximit\u00e9 du centre-ville, l\u2019offre de service locale, la pr\u00e9sence de moyens de transport publics sont des facteurs importants favorisant l\u2019accessibilit\u00e9 au terrain de soccer. La population cibl\u00e9e, la fr\u00e9quentation pr\u00e9vue et le degr\u00e9 de mobilit\u00e9 des utilisateurs doivent \u00eatre pris en compte. Un mauvais emplacement aura des incidences sur la fr\u00e9quentation du site.[\/vc_column_text][\/vc_column][\/vc_row][vc_row][vc_column width=\u00a0\u00bb1\/2&Prime;][vc_single_image media=\u00a0\u00bb1980&Prime; media_lightbox=\u00a0\u00bbyes\u00a0\u00bb media_width_percent=\u00a0\u00bb80&Prime; css_animation=\u00a0\u00bbzoom-in\u00a0\u00bb lbox_skin=\u00a0\u00bbwhite\u00a0\u00bb el_class=\u00a0\u00bbtable-image\u00a0\u00bb][\/vc_column][vc_column width=\u00a0\u00bb1\/2&Prime;][vc_column_text]<\/p>\n<h2><span style=\"color: #ed3f09\">Topographie<\/span><\/h2>\n<p>Pour des raisons techniques et \u00e9conomiques, il est parfois judicieux de choisir un site n\u2019exigeant que peu de travaux de terrassement. Il est donc important d\u2019analyser la topographie avant de proc\u00e9der au choix. Une d\u00e9nivellation peut \u00e9galement constituer une opportunit\u00e9 d\u2019am\u00e9nagement. Par exemple, l\u2019int\u00e9gration de gradins pourra d\u2019offrir de meilleurs points de vue pour les spectateurs.[\/vc_column_text][\/vc_column][\/vc_row][vc_row][vc_column width=\u00a0\u00bb1\/2&Prime;][vc_single_image media=\u00a0\u00bb1982&Prime; media_lightbox=\u00a0\u00bbyes\u00a0\u00bb media_width_percent=\u00a0\u00bb80&Prime; css_animation=\u00a0\u00bbzoom-in\u00a0\u00bb lbox_skin=\u00a0\u00bbwhite\u00a0\u00bb el_class=\u00a0\u00bbtable-image\u00a0\u00bb][\/vc_column][vc_column width=\u00a0\u00bb1\/2&Prime;][vc_column_text]<\/p>\n<h2><span style=\"color: #ed3f09\">Nature du sol<\/span><\/h2>\n<p>La connaissance de la nature du sol permet d\u2019\u00e9valuer le potentiel d\u2019am\u00e9nagement. La pr\u00e9sence de roc, un sol contamin\u00e9 ou le niveau de la nappe phr\u00e9atique auront des cons\u00e9quences sur le co\u00fbt des travaux.[\/vc_column_text][\/vc_column][\/vc_row][vc_row][vc_column width=\u00a0\u00bb1\/2&Prime;][vc_single_image media=\u00a0\u00bb1984&Prime; media_lightbox=\u00a0\u00bbyes\u00a0\u00bb media_width_percent=\u00a0\u00bb80&Prime; css_animation=\u00a0\u00bbzoom-in\u00a0\u00bb lbox_skin=\u00a0\u00bbwhite\u00a0\u00bb el_class=\u00a0\u00bbtable-image\u00a0\u00bb][\/vc_column][vc_column width=\u00a0\u00bb1\/2&Prime;][vc_column_text]<\/p>\n<h2><span style=\"color: #ed3f09\">Regroupement des terrains<\/span><\/h2>\n<p>Le regroupement des installations permet de r\u00e9aliser des \u00e9conomies d\u2019investissement. La combinaison de plateaux sportifs sur un m\u00eame site (p\u00f4le sportif) permet de r\u00e9duire les investissements dans les installations de proximit\u00e9 par un partage des am\u00e9nagements de parc tels que le mobilier, un chalet ou un stationnement. Le partage entre le municipal et le scolaire favorise \u00e9galement des \u00e9conomies d\u2019\u00e9chelle au chapitre des co\u00fbts d\u2019installation.[\/vc_column_text][\/vc_column][\/vc_row][vc_row][vc_column width=\u00a0\u00bb1\/1&Prime;][vc_column_text]<\/p>\n<h2><span style=\"color: #ed3f09\">Impacts environnementaux et distances de d\u00e9gagement<\/span><\/h2>\n<p>Les am\u00e9nagements p\u00e9riph\u00e9riques peuvent avoir des impacts sur la nouvelle installation sportive. Il est pertinent d\u2019\u00e9valuer les facteurs de risque tels que la pollution (raffinerie), les risques d\u2019accident (art\u00e8res routi\u00e8res) et le bruit environnant (trains). Ces risques peuvent avoir des cons\u00e9quences sur la pratique de l\u2019activit\u00e9 sportive.<\/p>\n<p>Aussi, les am\u00e9nagements sportifs futurs auront peut-\u00eatre des impacts pour le secteur. Les installations \u00e0 proximit\u00e9 d\u2019habitations et de milieux naturels peuvent avoir des impacts non n\u00e9gligeables pour la population et pour la faune. Les risques d\u2019accident (ballon), les cris des joueurs et des spectateurs, l\u2019\u00e9blouissement par les \u00e9clairages, ainsi que la d\u00e9t\u00e9rioration du milieu naturel sont des nuisances \u00e0 \u00e9valuer.<\/p>\n<p>Pour limiter ces impacts, des distances minimales sont recommand\u00e9es de fa\u00e7on \u00e0 r\u00e9duire au minimum le risque de nuisance avec les rues, les r\u00e9sidences et les autres plateaux sportifs.[\/vc_column_text][\/vc_column][\/vc_row][vc_row][vc_column width=\u00a0\u00bb1\/2&Prime;][vc_single_image media=\u00a0\u00bb1987&Prime; media_lightbox=\u00a0\u00bbyes\u00a0\u00bb media_width_percent=\u00a0\u00bb100&Prime; css_animation=\u00a0\u00bbzoom-in\u00a0\u00bb lbox_skin=\u00a0\u00bbwhite\u00a0\u00bb][\/vc_column][vc_column width=\u00a0\u00bb1\/2&Prime;][vc_single_image media=\u00a0\u00bb1988&Prime; media_lightbox=\u00a0\u00bbyes\u00a0\u00bb media_width_percent=\u00a0\u00bb100&Prime; css_animation=\u00a0\u00bbzoom-in\u00a0\u00bb lbox_skin=\u00a0\u00bbwhite\u00a0\u00bb][\/vc_column][\/vc_row][vc_row][\/vc_row][vc_row][\/vc_row][vc_row row_height_percent=\u00a0\u00bb0&Prime; overlay_alpha=\u00a0\u00bb50&Prime; gutter_size=\u00a0\u00bb3&Prime; shift_y=\u00a0\u00bb0&Prime; css=\u00a0\u00bb.vc_custom_1569108874669{margin-bottom: 50px !important;}\u00a0\u00bb][vc_column width=\u00a0\u00bb1\/1&Prime;][vc_button button_color=\u00a0\u00bbaccent\u00a0\u00bb size=\u00a0\u00bbbtn-lg\u00a0\u00bb radius=\u00a0\u00bbbtn-circle\u00a0\u00bb link=\u00a0\u00bburl:https%3A%2F%2Fwww.guides-sports-loisirs.ca%2Fsoccer-exterieurs%2Fwp-content%2Fuploads%2Fsites%2F9%2F2017%2F03%2F2.3_Planification_ChoixSite-min.pdf||target:%20_blank|\u00a0\u00bb icon=\u00a0\u00bbfa fa-file-o\u00a0\u00bb el_class=\u00a0\u00bbbtn-pdf\u00a0\u00bb]Version PDF[\/vc_button][\/vc_column][\/vc_row]<\/p>\n<\/div>","protected":false},"excerpt":{"rendered":"<p>[vc_row row_height_percent=\u00a0\u00bb0&Prime; overlay_alpha=\u00a0\u00bb50&Prime; gutter_size=\u00a0\u00bb3&Prime; shift_y=\u00a0\u00bb0&Prime; css=\u00a0\u00bb.vc_custom_1569108863954{margin-top: 40px !important;}\u00a0\u00bb][vc_column width=\u00a0\u00bb1\/1&Prime;][vc_column_text] Pour r\u00e9pondre aux besoins identifi\u00e9s, peut-on optimiser des installations existantes? Les [&hellip;]<\/p>\n","protected":false},"author":11,"featured_media":0,"parent":1803,"menu_order":7,"comment_status":"closed","ping_status":"closed","template":"","meta":{"_acf_changed":false,"footnotes":""},"class_list":["post-1828","page","type-page","status-publish","hentry"],"acf":[],"yoast_head":"<!-- This site is optimized with the Yoast SEO plugin v27.4 - https:\/\/yoast.com\/product\/yoast-seo-wordpress\/ -->\n<title>Choix du site : O\u00f9? - Terrains de soccer ext\u00e9rieurs<\/title>\n<meta name=\"robots\" content=\"index, follow, max-snippet:-1, max-image-preview:large, max-video-preview:-1\" \/>\n<link rel=\"canonical\" href=\"https:\/\/www.guides-sports-loisirs.ca\/soccer-exterieurs\/planification\/choix-du-site\/\" \/>\n<meta property=\"og:locale\" content=\"fr_FR\" \/>\n<meta property=\"og:type\" content=\"article\" \/>\n<meta property=\"og:title\" content=\"Choix du site : O\u00f9? - Terrains de soccer ext\u00e9rieurs\" \/>\n<meta property=\"og:description\" content=\"[vc_row row_height_percent=\u00a0\u00bb0&Prime; overlay_alpha=\u00a0\u00bb50&Prime; gutter_size=\u00a0\u00bb3&Prime; shift_y=\u00a0\u00bb0&Prime; css=\u00a0\u00bb.vc_custom_1569108863954{margin-top: 40px !important;}\u00a0\u00bb][vc_column width=\u00a0\u00bb1\/1&Prime;][vc_column_text] Pour r\u00e9pondre aux besoins identifi\u00e9s, peut-on optimiser des installations existantes? Les [&hellip;]\" \/>\n<meta property=\"og:url\" content=\"https:\/\/www.guides-sports-loisirs.ca\/soccer-exterieurs\/planification\/choix-du-site\/\" \/>\n<meta property=\"og:site_name\" content=\"Terrains de soccer ext\u00e9rieurs\" \/>\n<meta property=\"article:modified_time\" content=\"2019-10-10T14:52:07+00:00\" \/>\n<meta name=\"twitter:card\" content=\"summary_large_image\" \/>\n<meta name=\"twitter:label1\" content=\"Dur\u00e9e de lecture estim\u00e9e\" \/>\n\t<meta name=\"twitter:data1\" content=\"5 minutes\" \/>\n<script type=\"application\/ld+json\" class=\"yoast-schema-graph\">{\"@context\":\"https:\\\/\\\/schema.org\",\"@graph\":[{\"@type\":\"WebPage\",\"@id\":\"https:\\\/\\\/www.guides-sports-loisirs.ca\\\/soccer-exterieurs\\\/planification\\\/choix-du-site\\\/\",\"url\":\"https:\\\/\\\/www.guides-sports-loisirs.ca\\\/soccer-exterieurs\\\/planification\\\/choix-du-site\\\/\",\"name\":\"Choix du site : O\u00f9? - Terrains de soccer ext\u00e9rieurs\",\"isPartOf\":{\"@id\":\"https:\\\/\\\/www.guides-sports-loisirs.ca\\\/soccer-exterieurs\\\/#website\"},\"datePublished\":\"2019-09-11T17:32:36+00:00\",\"dateModified\":\"2019-10-10T14:52:07+00:00\",\"breadcrumb\":{\"@id\":\"https:\\\/\\\/www.guides-sports-loisirs.ca\\\/soccer-exterieurs\\\/planification\\\/choix-du-site\\\/#breadcrumb\"},\"inLanguage\":\"fr-FR\",\"potentialAction\":[{\"@type\":\"ReadAction\",\"target\":[\"https:\\\/\\\/www.guides-sports-loisirs.ca\\\/soccer-exterieurs\\\/planification\\\/choix-du-site\\\/\"]}]},{\"@type\":\"BreadcrumbList\",\"@id\":\"https:\\\/\\\/www.guides-sports-loisirs.ca\\\/soccer-exterieurs\\\/planification\\\/choix-du-site\\\/#breadcrumb\",\"itemListElement\":[{\"@type\":\"ListItem\",\"position\":1,\"name\":\"Accueil\",\"item\":\"https:\\\/\\\/www.guides-sports-loisirs.ca\\\/soccer-exterieurs\\\/\"},{\"@type\":\"ListItem\",\"position\":2,\"name\":\"Planification\",\"item\":\"https:\\\/\\\/www.guides-sports-loisirs.ca\\\/soccer-exterieurs\\\/planification\\\/\"},{\"@type\":\"ListItem\",\"position\":3,\"name\":\"Choix du site : O\u00f9?\"}]},{\"@type\":\"WebSite\",\"@id\":\"https:\\\/\\\/www.guides-sports-loisirs.ca\\\/soccer-exterieurs\\\/#website\",\"url\":\"https:\\\/\\\/www.guides-sports-loisirs.ca\\\/soccer-exterieurs\\\/\",\"name\":\"Terrains de soccer ext\u00e9rieurs\",\"description\":\"Veloparcs\",\"potentialAction\":[{\"@type\":\"SearchAction\",\"target\":{\"@type\":\"EntryPoint\",\"urlTemplate\":\"https:\\\/\\\/www.guides-sports-loisirs.ca\\\/soccer-exterieurs\\\/?s={search_term_string}\"},\"query-input\":{\"@type\":\"PropertyValueSpecification\",\"valueRequired\":true,\"valueName\":\"search_term_string\"}}],\"inLanguage\":\"fr-FR\"}]}<\/script>\n<!-- \/ Yoast SEO plugin. -->","yoast_head_json":{"title":"Choix du site : O\u00f9? - Terrains de soccer ext\u00e9rieurs","robots":{"index":"index","follow":"follow","max-snippet":"max-snippet:-1","max-image-preview":"max-image-preview:large","max-video-preview":"max-video-preview:-1"},"canonical":"https:\/\/www.guides-sports-loisirs.ca\/soccer-exterieurs\/planification\/choix-du-site\/","og_locale":"fr_FR","og_type":"article","og_title":"Choix du site : O\u00f9? - Terrains de soccer ext\u00e9rieurs","og_description":"[vc_row row_height_percent=\u00a0\u00bb0&Prime; overlay_alpha=\u00a0\u00bb50&Prime; gutter_size=\u00a0\u00bb3&Prime; shift_y=\u00a0\u00bb0&Prime; css=\u00a0\u00bb.vc_custom_1569108863954{margin-top: 40px !important;}\u00a0\u00bb][vc_column width=\u00a0\u00bb1\/1&Prime;][vc_column_text] Pour r\u00e9pondre aux besoins identifi\u00e9s, peut-on optimiser des installations existantes? Les [&hellip;]","og_url":"https:\/\/www.guides-sports-loisirs.ca\/soccer-exterieurs\/planification\/choix-du-site\/","og_site_name":"Terrains de soccer ext\u00e9rieurs","article_modified_time":"2019-10-10T14:52:07+00:00","twitter_card":"summary_large_image","twitter_misc":{"Dur\u00e9e de lecture estim\u00e9e":"5 minutes"},"schema":{"@context":"https:\/\/schema.org","@graph":[{"@type":"WebPage","@id":"https:\/\/www.guides-sports-loisirs.ca\/soccer-exterieurs\/planification\/choix-du-site\/","url":"https:\/\/www.guides-sports-loisirs.ca\/soccer-exterieurs\/planification\/choix-du-site\/","name":"Choix du site : O\u00f9? - Terrains de soccer ext\u00e9rieurs","isPartOf":{"@id":"https:\/\/www.guides-sports-loisirs.ca\/soccer-exterieurs\/#website"},"datePublished":"2019-09-11T17:32:36+00:00","dateModified":"2019-10-10T14:52:07+00:00","breadcrumb":{"@id":"https:\/\/www.guides-sports-loisirs.ca\/soccer-exterieurs\/planification\/choix-du-site\/#breadcrumb"},"inLanguage":"fr-FR","potentialAction":[{"@type":"ReadAction","target":["https:\/\/www.guides-sports-loisirs.ca\/soccer-exterieurs\/planification\/choix-du-site\/"]}]},{"@type":"BreadcrumbList","@id":"https:\/\/www.guides-sports-loisirs.ca\/soccer-exterieurs\/planification\/choix-du-site\/#breadcrumb","itemListElement":[{"@type":"ListItem","position":1,"name":"Accueil","item":"https:\/\/www.guides-sports-loisirs.ca\/soccer-exterieurs\/"},{"@type":"ListItem","position":2,"name":"Planification","item":"https:\/\/www.guides-sports-loisirs.ca\/soccer-exterieurs\/planification\/"},{"@type":"ListItem","position":3,"name":"Choix du site : O\u00f9?"}]},{"@type":"WebSite","@id":"https:\/\/www.guides-sports-loisirs.ca\/soccer-exterieurs\/#website","url":"https:\/\/www.guides-sports-loisirs.ca\/soccer-exterieurs\/","name":"Terrains de soccer ext\u00e9rieurs","description":"Veloparcs","potentialAction":[{"@type":"SearchAction","target":{"@type":"EntryPoint","urlTemplate":"https:\/\/www.guides-sports-loisirs.ca\/soccer-exterieurs\/?s={search_term_string}"},"query-input":{"@type":"PropertyValueSpecification","valueRequired":true,"valueName":"search_term_string"}}],"inLanguage":"fr-FR"}]}},"_links":{"self":[{"href":"https:\/\/www.guides-sports-loisirs.ca\/soccer-exterieurs\/wp-json\/wp\/v2\/pages\/1828","targetHints":{"allow":["GET"]}}],"collection":[{"href":"https:\/\/www.guides-sports-loisirs.ca\/soccer-exterieurs\/wp-json\/wp\/v2\/pages"}],"about":[{"href":"https:\/\/www.guides-sports-loisirs.ca\/soccer-exterieurs\/wp-json\/wp\/v2\/types\/page"}],"author":[{"embeddable":true,"href":"https:\/\/www.guides-sports-loisirs.ca\/soccer-exterieurs\/wp-json\/wp\/v2\/users\/11"}],"replies":[{"embeddable":true,"href":"https:\/\/www.guides-sports-loisirs.ca\/soccer-exterieurs\/wp-json\/wp\/v2\/comments?post=1828"}],"version-history":[{"count":29,"href":"https:\/\/www.guides-sports-loisirs.ca\/soccer-exterieurs\/wp-json\/wp\/v2\/pages\/1828\/revisions"}],"predecessor-version":[{"id":1834,"href":"https:\/\/www.guides-sports-loisirs.ca\/soccer-exterieurs\/wp-json\/wp\/v2\/pages\/1828\/revisions\/1834"}],"up":[{"embeddable":true,"href":"https:\/\/www.guides-sports-loisirs.ca\/soccer-exterieurs\/wp-json\/wp\/v2\/pages\/1803"}],"wp:attachment":[{"href":"https:\/\/www.guides-sports-loisirs.ca\/soccer-exterieurs\/wp-json\/wp\/v2\/media?parent=1828"}],"curies":[{"name":"wp","href":"https:\/\/api.w.org\/{rel}","templated":true}]}}