{"id":1245,"date":"2018-09-13T09:36:59","date_gmt":"2018-09-13T13:36:59","guid":{"rendered":"https:\/\/www.guides-sports-loisirs.ca\/soccer-exterieurs\/?page_id=1245"},"modified":"2020-03-16T20:47:01","modified_gmt":"2020-03-17T00:47:01","slug":"introduction","status":"publish","type":"page","link":"https:\/\/www.guides-sports-loisirs.ca\/soccer-exterieurs\/introduction\/","title":{"rendered":"Introduction"},"content":{"rendered":"<div class=\"wpb-content-wrapper\"><p>[vc_row row_height_percent=\u00a0\u00bb0&Prime; overlay_alpha=\u00a0\u00bb50&Prime; gutter_size=\u00a0\u00bb3&Prime; shift_y=\u00a0\u00bb0&Prime; css=\u00a0\u00bb.vc_custom_1569108761093{margin-top: 40px !important;}\u00a0\u00bb][vc_column width=\u00a0\u00bb1\/1&Prime;][vc_column_text]<\/p>\n<h3>Le soccer compte parmi les sports les populaires au Qu\u00e9bec. La demande d\u2019installations sportives de qualit\u00e9 est toujours en expansion, dans un contexte de ressources en baisse pour concevoir, entretenir et maintenir une programmation sportive r\u00e9pondant bien aux besoins des communaut\u00e9s.<\/h3>\n<p>Compte tenu de cet engouement et des nombreuses demandes des municipalit\u00e9s, l\u2019Association qu\u00e9b\u00e9coise du loisir municipal (AQLM) a cr\u00e9\u00e9 un comit\u00e9 de travail avec la collaboration de la Ville de Montr\u00e9al, du minist\u00e8re de l\u2019\u00c9ducation et de l\u2019Enseignement sup\u00e9rieur, ainsi que de neuf grandes villes du Qu\u00e9bec afin de produire un nouveau guide sur l\u2019am\u00e9nagement et l\u2019entretien des terrains de soccer ext\u00e9rieurs.<\/p>\n<p>De bonnes installations sont essentielles au d\u00e9veloppement d\u2019opportunit\u00e9s sportives pour tous, en pratique libre, r\u00e9cr\u00e9ative ou comp\u00e9titive. L\u2019accessibilit\u00e9 \u00e0 des installations de bonne qualit\u00e9 est un facteur important pour favoriser l\u2019activit\u00e9 physique et peut m\u00eame contribuer \u00e0 la requalification de certains secteurs urbains.<\/p>\n<p>Des installations bien con\u00e7ues, p\u00e9rennes et bien entretenues favorisent la pratique du sport, et elles offrent un rendement optimal des investissements et de leur exploitation quotidienne. L\u2019am\u00e9nagement d\u2019un terrain de soccer doit reposer sur une bonne compr\u00e9hension des pratiques actuelles, de l\u2019\u00e9volution et des enseignements de projets ant\u00e9rieurs, et ce, dans un contexte de changements climatiques qui oblige les collectivit\u00e9s \u00e0 adopter une gestion plus diversifi\u00e9e de leurs installations sportives ext\u00e9rieures.[\/vc_column_text][\/vc_column][\/vc_row][vc_row row_height_percent=\u00a0\u00bb0&Prime; overlay_alpha=\u00a0\u00bb50&Prime; gutter_size=\u00a0\u00bb3&Prime; shift_y=\u00a0\u00bb0&Prime; css=\u00a0\u00bb.vc_custom_1569268903336{margin-bottom: 50px !important;}\u00a0\u00bb][vc_column column_width_percent=\u00a0\u00bb100&Prime; overlay_alpha=\u00a0\u00bb50&Prime; gutter_size=\u00a0\u00bb3&Prime; medium_width=\u00a0\u00bb0&Prime; shift_x=\u00a0\u00bb0&Prime; shift_y=\u00a0\u00bb0&Prime; z_index=\u00a0\u00bb0&Prime; width=\u00a0\u00bb1\/1&Prime; css=\u00a0\u00bb.vc_custom_1568134430372{padding-bottom: 0px !important;}\u00a0\u00bb][vc_column_text]<\/p>\n<h2>Domaine d&rsquo;application<\/h2>\n<p>Le pr\u00e9sent guide a pour objectifs d\u2019outiller et d\u2019orienter toutes les personnes qui s\u2019int\u00e9ressent \u00e0 la planification, \u00e0 la conception, \u00e0 la construction, \u00e0 la gestion, \u00e0 l\u2019exploitation et \u00e0 l\u2019entretien de terrains de soccer, qu\u2019elles soient des professionnels ou non : pratiquants, \u00e9lus, gestionnaires, techniciens, ing\u00e9nieurs, contremaitres, personnel d\u2019entretien, etc. Il vise \u00e0 offrir des terrains de soccer s\u00e9curitaires, performants et durables r\u00e9pondant aux besoins actuels et futurs des municipalit\u00e9s et de leurs citoyens.<\/p>\n<p>Ce guide couvre l\u2019ensemble des phases d\u2019am\u00e9nagement d\u2019un terrain de soccer, de la planification \u00e0 l\u2019exploitation. Le chapitre sur la planification vise \u00e0 d\u00e9finir clairement les besoins. Le chapitre sur la conception d\u00e9crit les exigences pour concevoir un terrain r\u00e9pondant aux besoins d\u00e9finis \u00e0 l\u2019\u00e9tape de la planification. Le chapitre sur la construction pr\u00e9sente les travaux \u00e0 r\u00e9aliser et les moyens pour en assurer la qualit\u00e9. Le chapitre sur l\u2019exploitation pr\u00e9sente les op\u00e9rations d\u2019entretien, les ressources, les \u00e9quipements et les outils d\u2019inspection requis pour assurer la p\u00e9rennit\u00e9 des installations; s\u2019ajoute \u00e0 ce chapitre une section sur la fa\u00e7on de r\u00e9pondre efficacement \u00e0 la demande et d\u2019offrir une programmation optimale.<\/p>\n<p>Ce guide pr\u00e9sente les solutions les plus adapt\u00e9es \u00e0 la r\u00e9alit\u00e9 de l\u2019entretien des terrains publics tant municipaux qu\u2019institutionnels. Les types d\u2019am\u00e9nagement r\u00e9pondent aux besoins de la pratique libre, r\u00e9cr\u00e9ative et comp\u00e9titive autant chez les adultes que chez les jeunes. Ce guide offre un vocabulaire technique commun pour discuter des enjeux et d\u00e9fis que repr\u00e9sente l\u2019implantation de ces am\u00e9nagements sur un territoire. Les am\u00e9nagements pour le sport de tr\u00e8s haut niveau et le milieu professionnel ont volontairement \u00e9t\u00e9 \u00e9cart\u00e9es. Finalement, des formulaires type et des r\u00e9f\u00e9rences permettent d\u2019explorer plus en d\u00e9tail les sujets abord\u00e9s.[\/vc_column_text][\/vc_column][\/vc_row]<\/p>\n<\/div>","protected":false},"excerpt":{"rendered":"<p>[vc_row row_height_percent=\u00a0\u00bb0&Prime; overlay_alpha=\u00a0\u00bb50&Prime; gutter_size=\u00a0\u00bb3&Prime; shift_y=\u00a0\u00bb0&Prime; css=\u00a0\u00bb.vc_custom_1569108761093{margin-top: 40px !important;}\u00a0\u00bb][vc_column width=\u00a0\u00bb1\/1&Prime;][vc_column_text] Le soccer compte parmi les sports les populaires au Qu\u00e9bec. La [&hellip;]<\/p>\n","protected":false},"author":11,"featured_media":0,"parent":0,"menu_order":2,"comment_status":"closed","ping_status":"closed","template":"","meta":{"_acf_changed":false,"footnotes":""},"class_list":["post-1245","page","type-page","status-publish","hentry"],"acf":[],"yoast_head":"<!-- This site is optimized with the Yoast SEO plugin v27.4 - https:\/\/yoast.com\/product\/yoast-seo-wordpress\/ -->\n<title>Introduction - Terrains de soccer ext\u00e9rieurs<\/title>\n<meta name=\"robots\" content=\"index, follow, max-snippet:-1, max-image-preview:large, max-video-preview:-1\" \/>\n<link rel=\"canonical\" href=\"https:\/\/www.guides-sports-loisirs.ca\/soccer-exterieurs\/introduction\/\" \/>\n<meta property=\"og:locale\" content=\"fr_FR\" \/>\n<meta property=\"og:type\" content=\"article\" \/>\n<meta property=\"og:title\" content=\"Introduction - Terrains de soccer ext\u00e9rieurs\" \/>\n<meta property=\"og:description\" content=\"[vc_row row_height_percent=\u00a0\u00bb0&Prime; overlay_alpha=\u00a0\u00bb50&Prime; gutter_size=\u00a0\u00bb3&Prime; shift_y=\u00a0\u00bb0&Prime; css=\u00a0\u00bb.vc_custom_1569108761093{margin-top: 40px !important;}\u00a0\u00bb][vc_column width=\u00a0\u00bb1\/1&Prime;][vc_column_text] Le soccer compte parmi les sports les populaires au Qu\u00e9bec. La [&hellip;]\" \/>\n<meta property=\"og:url\" content=\"https:\/\/www.guides-sports-loisirs.ca\/soccer-exterieurs\/introduction\/\" \/>\n<meta property=\"og:site_name\" content=\"Terrains de soccer ext\u00e9rieurs\" \/>\n<meta property=\"article:modified_time\" content=\"2020-03-17T00:47:01+00:00\" \/>\n<meta name=\"twitter:card\" content=\"summary_large_image\" \/>\n<meta name=\"twitter:label1\" content=\"Dur\u00e9e de lecture estim\u00e9e\" \/>\n\t<meta name=\"twitter:data1\" content=\"3 minutes\" \/>\n<script type=\"application\/ld+json\" class=\"yoast-schema-graph\">{\"@context\":\"https:\\\/\\\/schema.org\",\"@graph\":[{\"@type\":\"WebPage\",\"@id\":\"https:\\\/\\\/www.guides-sports-loisirs.ca\\\/soccer-exterieurs\\\/introduction\\\/\",\"url\":\"https:\\\/\\\/www.guides-sports-loisirs.ca\\\/soccer-exterieurs\\\/introduction\\\/\",\"name\":\"Introduction - Terrains de soccer ext\u00e9rieurs\",\"isPartOf\":{\"@id\":\"https:\\\/\\\/www.guides-sports-loisirs.ca\\\/soccer-exterieurs\\\/#website\"},\"datePublished\":\"2018-09-13T13:36:59+00:00\",\"dateModified\":\"2020-03-17T00:47:01+00:00\",\"breadcrumb\":{\"@id\":\"https:\\\/\\\/www.guides-sports-loisirs.ca\\\/soccer-exterieurs\\\/introduction\\\/#breadcrumb\"},\"inLanguage\":\"fr-FR\",\"potentialAction\":[{\"@type\":\"ReadAction\",\"target\":[\"https:\\\/\\\/www.guides-sports-loisirs.ca\\\/soccer-exterieurs\\\/introduction\\\/\"]}]},{\"@type\":\"BreadcrumbList\",\"@id\":\"https:\\\/\\\/www.guides-sports-loisirs.ca\\\/soccer-exterieurs\\\/introduction\\\/#breadcrumb\",\"itemListElement\":[{\"@type\":\"ListItem\",\"position\":1,\"name\":\"Accueil\",\"item\":\"https:\\\/\\\/www.guides-sports-loisirs.ca\\\/soccer-exterieurs\\\/\"},{\"@type\":\"ListItem\",\"position\":2,\"name\":\"Introduction\"}]},{\"@type\":\"WebSite\",\"@id\":\"https:\\\/\\\/www.guides-sports-loisirs.ca\\\/soccer-exterieurs\\\/#website\",\"url\":\"https:\\\/\\\/www.guides-sports-loisirs.ca\\\/soccer-exterieurs\\\/\",\"name\":\"Terrains de soccer ext\u00e9rieurs\",\"description\":\"Veloparcs\",\"potentialAction\":[{\"@type\":\"SearchAction\",\"target\":{\"@type\":\"EntryPoint\",\"urlTemplate\":\"https:\\\/\\\/www.guides-sports-loisirs.ca\\\/soccer-exterieurs\\\/?s={search_term_string}\"},\"query-input\":{\"@type\":\"PropertyValueSpecification\",\"valueRequired\":true,\"valueName\":\"search_term_string\"}}],\"inLanguage\":\"fr-FR\"}]}<\/script>\n<!-- \/ Yoast SEO plugin. -->","yoast_head_json":{"title":"Introduction - Terrains de soccer ext\u00e9rieurs","robots":{"index":"index","follow":"follow","max-snippet":"max-snippet:-1","max-image-preview":"max-image-preview:large","max-video-preview":"max-video-preview:-1"},"canonical":"https:\/\/www.guides-sports-loisirs.ca\/soccer-exterieurs\/introduction\/","og_locale":"fr_FR","og_type":"article","og_title":"Introduction - Terrains de soccer ext\u00e9rieurs","og_description":"[vc_row row_height_percent=\u00a0\u00bb0&Prime; overlay_alpha=\u00a0\u00bb50&Prime; gutter_size=\u00a0\u00bb3&Prime; shift_y=\u00a0\u00bb0&Prime; css=\u00a0\u00bb.vc_custom_1569108761093{margin-top: 40px !important;}\u00a0\u00bb][vc_column width=\u00a0\u00bb1\/1&Prime;][vc_column_text] Le soccer compte parmi les sports les populaires au Qu\u00e9bec. La [&hellip;]","og_url":"https:\/\/www.guides-sports-loisirs.ca\/soccer-exterieurs\/introduction\/","og_site_name":"Terrains de soccer ext\u00e9rieurs","article_modified_time":"2020-03-17T00:47:01+00:00","twitter_card":"summary_large_image","twitter_misc":{"Dur\u00e9e de lecture estim\u00e9e":"3 minutes"},"schema":{"@context":"https:\/\/schema.org","@graph":[{"@type":"WebPage","@id":"https:\/\/www.guides-sports-loisirs.ca\/soccer-exterieurs\/introduction\/","url":"https:\/\/www.guides-sports-loisirs.ca\/soccer-exterieurs\/introduction\/","name":"Introduction - Terrains de soccer ext\u00e9rieurs","isPartOf":{"@id":"https:\/\/www.guides-sports-loisirs.ca\/soccer-exterieurs\/#website"},"datePublished":"2018-09-13T13:36:59+00:00","dateModified":"2020-03-17T00:47:01+00:00","breadcrumb":{"@id":"https:\/\/www.guides-sports-loisirs.ca\/soccer-exterieurs\/introduction\/#breadcrumb"},"inLanguage":"fr-FR","potentialAction":[{"@type":"ReadAction","target":["https:\/\/www.guides-sports-loisirs.ca\/soccer-exterieurs\/introduction\/"]}]},{"@type":"BreadcrumbList","@id":"https:\/\/www.guides-sports-loisirs.ca\/soccer-exterieurs\/introduction\/#breadcrumb","itemListElement":[{"@type":"ListItem","position":1,"name":"Accueil","item":"https:\/\/www.guides-sports-loisirs.ca\/soccer-exterieurs\/"},{"@type":"ListItem","position":2,"name":"Introduction"}]},{"@type":"WebSite","@id":"https:\/\/www.guides-sports-loisirs.ca\/soccer-exterieurs\/#website","url":"https:\/\/www.guides-sports-loisirs.ca\/soccer-exterieurs\/","name":"Terrains de soccer ext\u00e9rieurs","description":"Veloparcs","potentialAction":[{"@type":"SearchAction","target":{"@type":"EntryPoint","urlTemplate":"https:\/\/www.guides-sports-loisirs.ca\/soccer-exterieurs\/?s={search_term_string}"},"query-input":{"@type":"PropertyValueSpecification","valueRequired":true,"valueName":"search_term_string"}}],"inLanguage":"fr-FR"}]}},"_links":{"self":[{"href":"https:\/\/www.guides-sports-loisirs.ca\/soccer-exterieurs\/wp-json\/wp\/v2\/pages\/1245","targetHints":{"allow":["GET"]}}],"collection":[{"href":"https:\/\/www.guides-sports-loisirs.ca\/soccer-exterieurs\/wp-json\/wp\/v2\/pages"}],"about":[{"href":"https:\/\/www.guides-sports-loisirs.ca\/soccer-exterieurs\/wp-json\/wp\/v2\/types\/page"}],"author":[{"embeddable":true,"href":"https:\/\/www.guides-sports-loisirs.ca\/soccer-exterieurs\/wp-json\/wp\/v2\/users\/11"}],"replies":[{"embeddable":true,"href":"https:\/\/www.guides-sports-loisirs.ca\/soccer-exterieurs\/wp-json\/wp\/v2\/comments?post=1245"}],"version-history":[{"count":44,"href":"https:\/\/www.guides-sports-loisirs.ca\/soccer-exterieurs\/wp-json\/wp\/v2\/pages\/1245\/revisions"}],"predecessor-version":[{"id":2723,"href":"https:\/\/www.guides-sports-loisirs.ca\/soccer-exterieurs\/wp-json\/wp\/v2\/pages\/1245\/revisions\/2723"}],"wp:attachment":[{"href":"https:\/\/www.guides-sports-loisirs.ca\/soccer-exterieurs\/wp-json\/wp\/v2\/media?parent=1245"}],"curies":[{"name":"wp","href":"https:\/\/api.w.org\/{rel}","templated":true}]}}