{"id":3960,"date":"2022-06-17T14:21:38","date_gmt":"2022-06-17T18:21:38","guid":{"rendered":"https:\/\/www.guides-sports-loisirs.ca\/skateparcs\/?page_id=3960"},"modified":"2022-07-07T10:46:26","modified_gmt":"2022-07-07T14:46:26","slug":"controle-qualite-surveillance-travaux","status":"publish","type":"page","link":"https:\/\/www.guides-sports-loisirs.ca\/skateparcs\/construction-2\/controle-qualite-surveillance-travaux\/","title":{"rendered":"Contr\u00f4le de qualit\u00e9 : surveillance des travaux"},"content":{"rendered":"<div class=\"wpb-content-wrapper\"><p>[vc_row][vc_column width=\u00a0\u00bb1\/1&Prime;][vc_column_text css=\u00a0\u00bb.vc_custom_1657205185294{margin-bottom: -10px !important;}\u00a0\u00bb]<strong>Les municipalit\u00e9s peuvent mandater un surveillant de chantier pour effectuer le contr\u00f4le de qualit\u00e9 des ouvrages. Ce surveillant peut \u00eatre un employ\u00e9 de la municipalit\u00e9 ou provenir de l\u2019ext\u00e9rieur. Certaines organisations engagent une firme sp\u00e9cialis\u00e9e pour effectuer la surveillance des travaux, car celle-ci peut r\u00e9aliser des contr\u00f4les en laboratoire.<\/strong><\/p>\n<p>Les portions des ouvrages les plus cruciales pour lesquelles il convient d\u2019effectuer des contr\u00f4les sont mentionn\u00e9es dans le tableau suivant :<\/p>\n<h3><span class=\"font-966981\"><strong>Composition des fondations (types)<\/strong><\/span><\/h3>\n<p>[\/vc_column_text][vc_single_image media=\u00a0\u00bb4159&Prime; media_lightbox=\u00a0\u00bbyes\u00a0\u00bb media_width_percent=\u00a0\u00bb65&Prime; lbox_skin=\u00a0\u00bbwhite\u00a0\u00bb][\/vc_column][\/vc_row][vc_row][\/vc_row][vc_row row_height_percent=\u00a0\u00bb0&Prime; overlay_alpha=\u00a0\u00bb50&Prime; gutter_size=\u00a0\u00bb3&Prime; shift_y=\u00a0\u00bb0&Prime; css=\u00a0\u00bb.vc_custom_1569108716255{margin-bottom: 50px !important;}\u00a0\u00bb][vc_column width=\u00a0\u00bb1\/1&Prime;][vc_button button_color=\u00a0\u00bbaccent\u00a0\u00bb size=\u00a0\u00bbbtn-lg\u00a0\u00bb radius=\u00a0\u00bbbtn-circle\u00a0\u00bb border_width=\u00a0\u00bb0&Prime; link=\u00a0\u00bburl:https%3A%2F%2Fwww.guides-sports-loisirs.ca%2Fskateparcs%2Fwp-content%2Fuploads%2Fsites%2F20%2F2022%2F06%2F4.8_Construction_ControleQualite.pdf||target:%20_blank|\u00a0\u00bb icon=\u00a0\u00bbfa fa-file-o\u00a0\u00bb el_class=\u00a0\u00bbbtn-pdf\u00a0\u00bb]Version PDF[\/vc_button][\/vc_column][\/vc_row]<\/p>\n<\/div>","protected":false},"excerpt":{"rendered":"<p>[vc_row][vc_column width=\u00a0\u00bb1\/1&Prime;][vc_column_text css=\u00a0\u00bb.vc_custom_1657205185294{margin-bottom: -10px !important;}\u00a0\u00bb]Les municipalit\u00e9s peuvent mandater un surveillant de chantier pour effectuer le contr\u00f4le de qualit\u00e9 des ouvrages. [&hellip;]<\/p>\n","protected":false},"author":11,"featured_media":0,"parent":2996,"menu_order":2,"comment_status":"closed","ping_status":"closed","template":"","meta":{"_acf_changed":false,"footnotes":""},"class_list":["post-3960","page","type-page","status-publish","hentry"],"acf":[],"yoast_head":"<!-- This site is optimized with the Yoast SEO plugin v27.2 - https:\/\/yoast.com\/product\/yoast-seo-wordpress\/ -->\n<title>Contr\u00f4le de qualit\u00e9 : surveillance des travaux - Skateparcs<\/title>\n<meta name=\"robots\" content=\"index, follow, max-snippet:-1, max-image-preview:large, max-video-preview:-1\" \/>\n<link rel=\"canonical\" href=\"https:\/\/www.guides-sports-loisirs.ca\/skateparcs\/construction-2\/controle-qualite-surveillance-travaux\/\" \/>\n<meta property=\"og:locale\" content=\"fr_FR\" \/>\n<meta property=\"og:type\" content=\"article\" \/>\n<meta property=\"og:title\" content=\"Contr\u00f4le de qualit\u00e9 : surveillance des travaux - Skateparcs\" \/>\n<meta property=\"og:description\" content=\"[vc_row][vc_column width=\u00a0\u00bb1\/1&Prime;][vc_column_text css=\u00a0\u00bb.vc_custom_1657205185294{margin-bottom: -10px !important;}\u00a0\u00bb]Les municipalit\u00e9s peuvent mandater un surveillant de chantier pour effectuer le contr\u00f4le de qualit\u00e9 des ouvrages. [&hellip;]\" \/>\n<meta property=\"og:url\" content=\"https:\/\/www.guides-sports-loisirs.ca\/skateparcs\/construction-2\/controle-qualite-surveillance-travaux\/\" \/>\n<meta property=\"og:site_name\" content=\"Skateparcs\" \/>\n<meta property=\"article:modified_time\" content=\"2022-07-07T14:46:26+00:00\" \/>\n<meta name=\"twitter:card\" content=\"summary_large_image\" \/>\n<meta name=\"twitter:label1\" content=\"Dur\u00e9e de lecture estim\u00e9e\" \/>\n\t<meta name=\"twitter:data1\" content=\"1 minute\" \/>\n<script type=\"application\/ld+json\" class=\"yoast-schema-graph\">{\"@context\":\"https:\/\/schema.org\",\"@graph\":[{\"@type\":\"WebPage\",\"@id\":\"https:\/\/www.guides-sports-loisirs.ca\/skateparcs\/construction-2\/controle-qualite-surveillance-travaux\/\",\"url\":\"https:\/\/www.guides-sports-loisirs.ca\/skateparcs\/construction-2\/controle-qualite-surveillance-travaux\/\",\"name\":\"Contr\u00f4le de qualit\u00e9 : surveillance des travaux - Skateparcs\",\"isPartOf\":{\"@id\":\"https:\/\/www.guides-sports-loisirs.ca\/skateparcs\/#website\"},\"datePublished\":\"2022-06-17T18:21:38+00:00\",\"dateModified\":\"2022-07-07T14:46:26+00:00\",\"breadcrumb\":{\"@id\":\"https:\/\/www.guides-sports-loisirs.ca\/skateparcs\/construction-2\/controle-qualite-surveillance-travaux\/#breadcrumb\"},\"inLanguage\":\"fr-FR\",\"potentialAction\":[{\"@type\":\"ReadAction\",\"target\":[\"https:\/\/www.guides-sports-loisirs.ca\/skateparcs\/construction-2\/controle-qualite-surveillance-travaux\/\"]}]},{\"@type\":\"BreadcrumbList\",\"@id\":\"https:\/\/www.guides-sports-loisirs.ca\/skateparcs\/construction-2\/controle-qualite-surveillance-travaux\/#breadcrumb\",\"itemListElement\":[{\"@type\":\"ListItem\",\"position\":1,\"name\":\"Accueil\",\"item\":\"https:\/\/www.guides-sports-loisirs.ca\/skateparcs\/\"},{\"@type\":\"ListItem\",\"position\":2,\"name\":\"Construction\",\"item\":\"https:\/\/www.guides-sports-loisirs.ca\/skateparcs\/construction-2\/\"},{\"@type\":\"ListItem\",\"position\":3,\"name\":\"Contr\u00f4le de qualit\u00e9 : surveillance des travaux\"}]},{\"@type\":\"WebSite\",\"@id\":\"https:\/\/www.guides-sports-loisirs.ca\/skateparcs\/#website\",\"url\":\"https:\/\/www.guides-sports-loisirs.ca\/skateparcs\/\",\"name\":\"Skateparcs\",\"description\":\"Skateparcs\",\"potentialAction\":[{\"@type\":\"SearchAction\",\"target\":{\"@type\":\"EntryPoint\",\"urlTemplate\":\"https:\/\/www.guides-sports-loisirs.ca\/skateparcs\/?s={search_term_string}\"},\"query-input\":{\"@type\":\"PropertyValueSpecification\",\"valueRequired\":true,\"valueName\":\"search_term_string\"}}],\"inLanguage\":\"fr-FR\"}]}<\/script>\n<!-- \/ Yoast SEO plugin. -->","yoast_head_json":{"title":"Contr\u00f4le de qualit\u00e9 : surveillance des travaux - Skateparcs","robots":{"index":"index","follow":"follow","max-snippet":"max-snippet:-1","max-image-preview":"max-image-preview:large","max-video-preview":"max-video-preview:-1"},"canonical":"https:\/\/www.guides-sports-loisirs.ca\/skateparcs\/construction-2\/controle-qualite-surveillance-travaux\/","og_locale":"fr_FR","og_type":"article","og_title":"Contr\u00f4le de qualit\u00e9 : surveillance des travaux - Skateparcs","og_description":"[vc_row][vc_column width=\u00a0\u00bb1\/1&Prime;][vc_column_text css=\u00a0\u00bb.vc_custom_1657205185294{margin-bottom: -10px !important;}\u00a0\u00bb]Les municipalit\u00e9s peuvent mandater un surveillant de chantier pour effectuer le contr\u00f4le de qualit\u00e9 des ouvrages. [&hellip;]","og_url":"https:\/\/www.guides-sports-loisirs.ca\/skateparcs\/construction-2\/controle-qualite-surveillance-travaux\/","og_site_name":"Skateparcs","article_modified_time":"2022-07-07T14:46:26+00:00","twitter_card":"summary_large_image","twitter_misc":{"Dur\u00e9e de lecture estim\u00e9e":"1 minute"},"schema":{"@context":"https:\/\/schema.org","@graph":[{"@type":"WebPage","@id":"https:\/\/www.guides-sports-loisirs.ca\/skateparcs\/construction-2\/controle-qualite-surveillance-travaux\/","url":"https:\/\/www.guides-sports-loisirs.ca\/skateparcs\/construction-2\/controle-qualite-surveillance-travaux\/","name":"Contr\u00f4le de qualit\u00e9 : surveillance des travaux - Skateparcs","isPartOf":{"@id":"https:\/\/www.guides-sports-loisirs.ca\/skateparcs\/#website"},"datePublished":"2022-06-17T18:21:38+00:00","dateModified":"2022-07-07T14:46:26+00:00","breadcrumb":{"@id":"https:\/\/www.guides-sports-loisirs.ca\/skateparcs\/construction-2\/controle-qualite-surveillance-travaux\/#breadcrumb"},"inLanguage":"fr-FR","potentialAction":[{"@type":"ReadAction","target":["https:\/\/www.guides-sports-loisirs.ca\/skateparcs\/construction-2\/controle-qualite-surveillance-travaux\/"]}]},{"@type":"BreadcrumbList","@id":"https:\/\/www.guides-sports-loisirs.ca\/skateparcs\/construction-2\/controle-qualite-surveillance-travaux\/#breadcrumb","itemListElement":[{"@type":"ListItem","position":1,"name":"Accueil","item":"https:\/\/www.guides-sports-loisirs.ca\/skateparcs\/"},{"@type":"ListItem","position":2,"name":"Construction","item":"https:\/\/www.guides-sports-loisirs.ca\/skateparcs\/construction-2\/"},{"@type":"ListItem","position":3,"name":"Contr\u00f4le de qualit\u00e9 : surveillance des travaux"}]},{"@type":"WebSite","@id":"https:\/\/www.guides-sports-loisirs.ca\/skateparcs\/#website","url":"https:\/\/www.guides-sports-loisirs.ca\/skateparcs\/","name":"Skateparcs","description":"Skateparcs","potentialAction":[{"@type":"SearchAction","target":{"@type":"EntryPoint","urlTemplate":"https:\/\/www.guides-sports-loisirs.ca\/skateparcs\/?s={search_term_string}"},"query-input":{"@type":"PropertyValueSpecification","valueRequired":true,"valueName":"search_term_string"}}],"inLanguage":"fr-FR"}]}},"_links":{"self":[{"href":"https:\/\/www.guides-sports-loisirs.ca\/skateparcs\/wp-json\/wp\/v2\/pages\/3960","targetHints":{"allow":["GET"]}}],"collection":[{"href":"https:\/\/www.guides-sports-loisirs.ca\/skateparcs\/wp-json\/wp\/v2\/pages"}],"about":[{"href":"https:\/\/www.guides-sports-loisirs.ca\/skateparcs\/wp-json\/wp\/v2\/types\/page"}],"author":[{"embeddable":true,"href":"https:\/\/www.guides-sports-loisirs.ca\/skateparcs\/wp-json\/wp\/v2\/users\/11"}],"replies":[{"embeddable":true,"href":"https:\/\/www.guides-sports-loisirs.ca\/skateparcs\/wp-json\/wp\/v2\/comments?post=3960"}],"version-history":[{"count":9,"href":"https:\/\/www.guides-sports-loisirs.ca\/skateparcs\/wp-json\/wp\/v2\/pages\/3960\/revisions"}],"predecessor-version":[{"id":4325,"href":"https:\/\/www.guides-sports-loisirs.ca\/skateparcs\/wp-json\/wp\/v2\/pages\/3960\/revisions\/4325"}],"up":[{"embeddable":true,"href":"https:\/\/www.guides-sports-loisirs.ca\/skateparcs\/wp-json\/wp\/v2\/pages\/2996"}],"wp:attachment":[{"href":"https:\/\/www.guides-sports-loisirs.ca\/skateparcs\/wp-json\/wp\/v2\/media?parent=3960"}],"curies":[{"name":"wp","href":"https:\/\/api.w.org\/{rel}","templated":true}]}}