{"id":3955,"date":"2022-06-16T14:56:30","date_gmt":"2022-06-16T18:56:30","guid":{"rendered":"https:\/\/www.guides-sports-loisirs.ca\/skateparcs\/?page_id=3955"},"modified":"2022-06-17T14:18:21","modified_gmt":"2022-06-17T18:18:21","slug":"normes-organismes-reference","status":"publish","type":"page","link":"https:\/\/www.guides-sports-loisirs.ca\/skateparcs\/construction-2\/normes-organismes-reference\/","title":{"rendered":"Normes et organismes de r\u00e9f\u00e9rence"},"content":{"rendered":"<div class=\"wpb-content-wrapper\"><p>[vc_row][vc_column width=\u00a0\u00bb1\/1&Prime;][vc_column_text]<strong>Comme les skateparcs repr\u00e9sentent des ouvrages de g\u00e9nie civil, les entrepreneurs en construction doivent obligatoirement se soumettre \u00e0 une s\u00e9rie de r\u00e8glements.<\/strong><\/p>\n<h3><span class=\"font-966981\" style=\"color: #eb4a6c\"><strong>R\u00e9gie du b\u00e2timent du Qu\u00e9bec (RBQ)<\/strong><\/span><\/h3>\n<p>Les entrepreneurs en construction doivent d\u00e9tenir et maintenir une licence RBQ d\u2019entrepreneur g\u00e9n\u00e9ral en g\u00e9nie civil de la cat\u00e9gorie 1.4 (routes et canalisations) afin de r\u00e9aliser l\u00e9galement des travaux dans un parc public.<\/p>\n<h3><span class=\"font-966981\" style=\"color: #eb4a6c\"><strong>Commission de la construction du Qu\u00e9bec (CCQ)<\/strong><\/span><\/h3>\n<p>Comme les travaux de g\u00e9nie civil sont r\u00e9gis par la CCQ, les entrepreneurs doivent se conformer \u00e0 ses r\u00e8gles, notamment en employant des ouvriers d\u00e9tenant des cartes de comp\u00e9tence pour les m\u00e9tiers n\u00e9cessaires \u00e0 l\u2019ex\u00e9cution du contrat. Ils doivent payer les ouvriers en fonction des conventions collectives, incluant les primes d\u2019\u00e9loignement et de pension pr\u00e9vues, ce qui est fr\u00e9quent dans le cas de la construction de skateparcs; les ouvriers qualifi\u00e9s proviennent souvent d\u2019autres r\u00e9gions et doivent donc se d\u00e9placer pour effectuer les travaux.<\/p>\n<h3><span class=\"font-966981\" style=\"color: #eb4a6c\"><strong>Commission des normes, de l\u2019\u00e9quit\u00e9, de la sant\u00e9 et de la s\u00e9curit\u00e9 du travail (CNESST)<\/strong><\/span><\/h3>\n<p>Les travaux sont soumis aux r\u00e8gles de la CNESST. Ces r\u00e8gles stipulent entre autres que quiconque est admis sur un chantier de construction doit d\u00e9tenir une carte de sant\u00e9 et s\u00e9curit\u00e9 (ASP).<\/p>\n<h3><span class=\"font-966981\" style=\"color: #eb4a6c\"><strong>Code du b\u00e2timent<\/strong><\/span><\/h3>\n<p>Les ouvrages de g\u00e9nie civil sont normalis\u00e9s selon le Code du b\u00e2timent du Qu\u00e9bec.<\/p>\n<h3><span class=\"font-966981\" style=\"color: #eb4a6c\"><strong>Assurance responsabilit\u00e9 des entrepreneurs<\/strong><\/span><\/h3>\n<p>Les municipalit\u00e9s demandent g\u00e9n\u00e9ralement aux entrepreneurs une preuve d\u2019assurance responsabilit\u00e9 afin d\u2019\u00eatre prot\u00e9g\u00e9es en cas de litige d\u00fb \u00e0 une erreur de construction. Le montant est habituellement de 2 millions de dollars de couverture par \u00e9v\u00e9nement.<\/p>\n<p>[\/vc_column_text][\/vc_column][\/vc_row][vc_row][\/vc_row][vc_row row_height_percent=\u00a0\u00bb0&Prime; overlay_alpha=\u00a0\u00bb50&Prime; gutter_size=\u00a0\u00bb3&Prime; shift_y=\u00a0\u00bb0&Prime; css=\u00a0\u00bb.vc_custom_1569108716255{margin-bottom: 50px !important;}\u00a0\u00bb][vc_column width=\u00a0\u00bb1\/1&Prime;][vc_button button_color=\u00a0\u00bbaccent\u00a0\u00bb size=\u00a0\u00bbbtn-lg\u00a0\u00bb radius=\u00a0\u00bbbtn-circle\u00a0\u00bb border_width=\u00a0\u00bb0&Prime; link=\u00a0\u00bburl:https%3A%2F%2Fwww.guides-sports-loisirs.ca%2Fskateparcs%2Fwp-content%2Fuploads%2Fsites%2F20%2F2022%2F06%2F4.7_Construction_NormesOrganismeReference.pdf||target:%20_blank|\u00a0\u00bb icon=\u00a0\u00bbfa fa-file-o\u00a0\u00bb el_class=\u00a0\u00bbbtn-pdf\u00a0\u00bb]Version PDF[\/vc_button][\/vc_column][\/vc_row]<\/p>\n<\/div>","protected":false},"excerpt":{"rendered":"<p>[vc_row][vc_column width=\u00a0\u00bb1\/1&Prime;][vc_column_text]Comme les skateparcs repr\u00e9sentent des ouvrages de g\u00e9nie civil, les entrepreneurs en construction doivent obligatoirement se soumettre \u00e0 une [&hellip;]<\/p>\n","protected":false},"author":11,"featured_media":0,"parent":2996,"menu_order":2,"comment_status":"closed","ping_status":"closed","template":"","meta":{"_acf_changed":false,"footnotes":""},"class_list":["post-3955","page","type-page","status-publish","hentry"],"acf":[],"yoast_head":"<!-- This site is optimized with the Yoast SEO plugin v27.4 - https:\/\/yoast.com\/product\/yoast-seo-wordpress\/ -->\n<title>Normes et organismes de r\u00e9f\u00e9rence - Skateparcs<\/title>\n<meta name=\"robots\" content=\"index, follow, max-snippet:-1, max-image-preview:large, max-video-preview:-1\" \/>\n<link rel=\"canonical\" href=\"https:\/\/www.guides-sports-loisirs.ca\/skateparcs\/construction-2\/normes-organismes-reference\/\" \/>\n<meta property=\"og:locale\" content=\"fr_FR\" \/>\n<meta property=\"og:type\" content=\"article\" \/>\n<meta property=\"og:title\" content=\"Normes et organismes de r\u00e9f\u00e9rence - Skateparcs\" \/>\n<meta property=\"og:description\" content=\"[vc_row][vc_column width=\u00a0\u00bb1\/1&Prime;][vc_column_text]Comme les skateparcs repr\u00e9sentent des ouvrages de g\u00e9nie civil, les entrepreneurs en construction doivent obligatoirement se soumettre \u00e0 une [&hellip;]\" \/>\n<meta property=\"og:url\" content=\"https:\/\/www.guides-sports-loisirs.ca\/skateparcs\/construction-2\/normes-organismes-reference\/\" \/>\n<meta property=\"og:site_name\" content=\"Skateparcs\" \/>\n<meta property=\"article:modified_time\" content=\"2022-06-17T18:18:21+00:00\" \/>\n<meta name=\"twitter:card\" content=\"summary_large_image\" \/>\n<meta name=\"twitter:label1\" content=\"Dur\u00e9e de lecture estim\u00e9e\" \/>\n\t<meta name=\"twitter:data1\" content=\"2 minutes\" \/>\n<script type=\"application\/ld+json\" class=\"yoast-schema-graph\">{\"@context\":\"https:\\\/\\\/schema.org\",\"@graph\":[{\"@type\":\"WebPage\",\"@id\":\"https:\\\/\\\/www.guides-sports-loisirs.ca\\\/skateparcs\\\/construction-2\\\/normes-organismes-reference\\\/\",\"url\":\"https:\\\/\\\/www.guides-sports-loisirs.ca\\\/skateparcs\\\/construction-2\\\/normes-organismes-reference\\\/\",\"name\":\"Normes et organismes de r\u00e9f\u00e9rence - Skateparcs\",\"isPartOf\":{\"@id\":\"https:\\\/\\\/www.guides-sports-loisirs.ca\\\/skateparcs\\\/#website\"},\"datePublished\":\"2022-06-16T18:56:30+00:00\",\"dateModified\":\"2022-06-17T18:18:21+00:00\",\"breadcrumb\":{\"@id\":\"https:\\\/\\\/www.guides-sports-loisirs.ca\\\/skateparcs\\\/construction-2\\\/normes-organismes-reference\\\/#breadcrumb\"},\"inLanguage\":\"fr-FR\",\"potentialAction\":[{\"@type\":\"ReadAction\",\"target\":[\"https:\\\/\\\/www.guides-sports-loisirs.ca\\\/skateparcs\\\/construction-2\\\/normes-organismes-reference\\\/\"]}]},{\"@type\":\"BreadcrumbList\",\"@id\":\"https:\\\/\\\/www.guides-sports-loisirs.ca\\\/skateparcs\\\/construction-2\\\/normes-organismes-reference\\\/#breadcrumb\",\"itemListElement\":[{\"@type\":\"ListItem\",\"position\":1,\"name\":\"Accueil\",\"item\":\"https:\\\/\\\/www.guides-sports-loisirs.ca\\\/skateparcs\\\/\"},{\"@type\":\"ListItem\",\"position\":2,\"name\":\"Construction\",\"item\":\"https:\\\/\\\/www.guides-sports-loisirs.ca\\\/skateparcs\\\/construction-2\\\/\"},{\"@type\":\"ListItem\",\"position\":3,\"name\":\"Normes et organismes de r\u00e9f\u00e9rence\"}]},{\"@type\":\"WebSite\",\"@id\":\"https:\\\/\\\/www.guides-sports-loisirs.ca\\\/skateparcs\\\/#website\",\"url\":\"https:\\\/\\\/www.guides-sports-loisirs.ca\\\/skateparcs\\\/\",\"name\":\"Skateparcs\",\"description\":\"Skateparcs\",\"potentialAction\":[{\"@type\":\"SearchAction\",\"target\":{\"@type\":\"EntryPoint\",\"urlTemplate\":\"https:\\\/\\\/www.guides-sports-loisirs.ca\\\/skateparcs\\\/?s={search_term_string}\"},\"query-input\":{\"@type\":\"PropertyValueSpecification\",\"valueRequired\":true,\"valueName\":\"search_term_string\"}}],\"inLanguage\":\"fr-FR\"}]}<\/script>\n<!-- \/ Yoast SEO plugin. -->","yoast_head_json":{"title":"Normes et organismes de r\u00e9f\u00e9rence - Skateparcs","robots":{"index":"index","follow":"follow","max-snippet":"max-snippet:-1","max-image-preview":"max-image-preview:large","max-video-preview":"max-video-preview:-1"},"canonical":"https:\/\/www.guides-sports-loisirs.ca\/skateparcs\/construction-2\/normes-organismes-reference\/","og_locale":"fr_FR","og_type":"article","og_title":"Normes et organismes de r\u00e9f\u00e9rence - Skateparcs","og_description":"[vc_row][vc_column width=\u00a0\u00bb1\/1&Prime;][vc_column_text]Comme les skateparcs repr\u00e9sentent des ouvrages de g\u00e9nie civil, les entrepreneurs en construction doivent obligatoirement se soumettre \u00e0 une [&hellip;]","og_url":"https:\/\/www.guides-sports-loisirs.ca\/skateparcs\/construction-2\/normes-organismes-reference\/","og_site_name":"Skateparcs","article_modified_time":"2022-06-17T18:18:21+00:00","twitter_card":"summary_large_image","twitter_misc":{"Dur\u00e9e de lecture estim\u00e9e":"2 minutes"},"schema":{"@context":"https:\/\/schema.org","@graph":[{"@type":"WebPage","@id":"https:\/\/www.guides-sports-loisirs.ca\/skateparcs\/construction-2\/normes-organismes-reference\/","url":"https:\/\/www.guides-sports-loisirs.ca\/skateparcs\/construction-2\/normes-organismes-reference\/","name":"Normes et organismes de r\u00e9f\u00e9rence - Skateparcs","isPartOf":{"@id":"https:\/\/www.guides-sports-loisirs.ca\/skateparcs\/#website"},"datePublished":"2022-06-16T18:56:30+00:00","dateModified":"2022-06-17T18:18:21+00:00","breadcrumb":{"@id":"https:\/\/www.guides-sports-loisirs.ca\/skateparcs\/construction-2\/normes-organismes-reference\/#breadcrumb"},"inLanguage":"fr-FR","potentialAction":[{"@type":"ReadAction","target":["https:\/\/www.guides-sports-loisirs.ca\/skateparcs\/construction-2\/normes-organismes-reference\/"]}]},{"@type":"BreadcrumbList","@id":"https:\/\/www.guides-sports-loisirs.ca\/skateparcs\/construction-2\/normes-organismes-reference\/#breadcrumb","itemListElement":[{"@type":"ListItem","position":1,"name":"Accueil","item":"https:\/\/www.guides-sports-loisirs.ca\/skateparcs\/"},{"@type":"ListItem","position":2,"name":"Construction","item":"https:\/\/www.guides-sports-loisirs.ca\/skateparcs\/construction-2\/"},{"@type":"ListItem","position":3,"name":"Normes et organismes de r\u00e9f\u00e9rence"}]},{"@type":"WebSite","@id":"https:\/\/www.guides-sports-loisirs.ca\/skateparcs\/#website","url":"https:\/\/www.guides-sports-loisirs.ca\/skateparcs\/","name":"Skateparcs","description":"Skateparcs","potentialAction":[{"@type":"SearchAction","target":{"@type":"EntryPoint","urlTemplate":"https:\/\/www.guides-sports-loisirs.ca\/skateparcs\/?s={search_term_string}"},"query-input":{"@type":"PropertyValueSpecification","valueRequired":true,"valueName":"search_term_string"}}],"inLanguage":"fr-FR"}]}},"_links":{"self":[{"href":"https:\/\/www.guides-sports-loisirs.ca\/skateparcs\/wp-json\/wp\/v2\/pages\/3955","targetHints":{"allow":["GET"]}}],"collection":[{"href":"https:\/\/www.guides-sports-loisirs.ca\/skateparcs\/wp-json\/wp\/v2\/pages"}],"about":[{"href":"https:\/\/www.guides-sports-loisirs.ca\/skateparcs\/wp-json\/wp\/v2\/types\/page"}],"author":[{"embeddable":true,"href":"https:\/\/www.guides-sports-loisirs.ca\/skateparcs\/wp-json\/wp\/v2\/users\/11"}],"replies":[{"embeddable":true,"href":"https:\/\/www.guides-sports-loisirs.ca\/skateparcs\/wp-json\/wp\/v2\/comments?post=3955"}],"version-history":[{"count":3,"href":"https:\/\/www.guides-sports-loisirs.ca\/skateparcs\/wp-json\/wp\/v2\/pages\/3955\/revisions"}],"predecessor-version":[{"id":3959,"href":"https:\/\/www.guides-sports-loisirs.ca\/skateparcs\/wp-json\/wp\/v2\/pages\/3955\/revisions\/3959"}],"up":[{"embeddable":true,"href":"https:\/\/www.guides-sports-loisirs.ca\/skateparcs\/wp-json\/wp\/v2\/pages\/2996"}],"wp:attachment":[{"href":"https:\/\/www.guides-sports-loisirs.ca\/skateparcs\/wp-json\/wp\/v2\/media?parent=3955"}],"curies":[{"name":"wp","href":"https:\/\/api.w.org\/{rel}","templated":true}]}}