{"id":3949,"date":"2022-06-16T14:33:15","date_gmt":"2022-06-16T18:33:15","guid":{"rendered":"https:\/\/www.guides-sports-loisirs.ca\/skateparcs\/?page_id=3949"},"modified":"2022-07-07T12:11:24","modified_gmt":"2022-07-07T16:11:24","slug":"skateparcs-modulaires-non-integres","status":"publish","type":"page","link":"https:\/\/www.guides-sports-loisirs.ca\/skateparcs\/construction-2\/skateparcs-modulaires-non-integres\/","title":{"rendered":"Skateparcs modulaires (non int\u00e9gr\u00e9s)"},"content":{"rendered":"<div class=\"wpb-content-wrapper\"><p>[vc_row][vc_column width=\u00a0\u00bb1\/1&Prime;][vc_column_text]<strong>Bien que la tendance soit maintenant aux skateparcs en b\u00e9ton construits sur place, les skateparcs modulaires sont toujours une option. Ce type d\u2019installation est acceptable si la municipalit\u00e9 n\u2019est pas en mesure d\u2019am\u00e9nager un skateparc en b\u00e9ton, notamment en raison des co\u00fbts. Le skateparc modulaire est compos\u00e9, comme son nom l\u2019indique, d\u2019une s\u00e9rie de modules que l\u2019on d\u00e9pose sur une surface d\u00e9j\u00e0 pav\u00e9e. Les parcours sont g\u00e9n\u00e9ralement moins co\u00fbteux et les modules peuvent \u00eatre d\u00e9plac\u00e9s, ce qui peut \u00eatre per\u00e7u comme un avantage. On am\u00e9nage souvent un tel parcours dans une infrastructure existante, par exemple sur une patinoire.<\/strong><\/p>\n<h3><span class=\"font-966981\" style=\"color: #eb4a6c\"><strong>D\u00e9savantages<\/strong><\/span><\/h3>\n<ul>\n<li>Plus bruyants (effet de tambour)<\/li>\n<li>N\u00e9cessit\u00e9 de poser une plaque d\u2019acier au bas des modules, ce qui cause des asp\u00e9rit\u00e9s<\/li>\n<li>Planchers g\u00e9n\u00e9ralement moins lisses que les planchers con\u00e7us express\u00e9ment pour les sports roulants<\/li>\n<li>Mat\u00e9riaux moins durables (acier, bois, modules assembl\u00e9s avec des \u00e9crous et des vis)<\/li>\n<li>Obstacles g\u00e9n\u00e9ralement de plus petites dimensions, sinon leur agencement pourrait causer des asp\u00e9rit\u00e9s<\/li>\n<li>Entretien requis<\/li>\n<\/ul>\n<h3><span class=\"font-966981\" style=\"color: #eb4a6c\"><strong>Avantages<\/strong><\/span><\/h3>\n<ul>\n<li>Moins co\u00fbteux<\/li>\n<li>Peuvent \u00eatre d\u00e9plac\u00e9s<\/li>\n<\/ul>\n<p>[\/vc_column_text][vc_accordion][vc_accordion_tab title=\u00a0\u00bbENTRETIEN\u00a0\u00bb tab_id=\u00a0\u00bb1655404395-1-23&Prime;][vc_column_text]Ces installations n\u00e9cessitent un entretien plus fr\u00e9quent que les installations int\u00e9gr\u00e9es en b\u00e9ton.<\/p>\n<p>Il est conseill\u00e9 d\u2019effectuer une inspection mensuelle pour s\u2019assurer que les \u00e9l\u00e9ments suivants soient s\u00e9curitaires :<\/p>\n<ul>\n<li>Aucune vis ne doit sortir de la surface<\/li>\n<li>Aucun trou dans lequel on pourrait bloquer ne doit \u00eatre pr\u00e9sent<\/li>\n<li>Les joints entre les feuilles de recouvrement doivent \u00eatre parfaitement lisses et sans asp\u00e9rit\u00e9s<\/li>\n<li>Les \u00e9l\u00e9ments rouill\u00e9s doivent \u00eatre prot\u00e9g\u00e9s de peinture<\/li>\n<li>Les garde-corps et autres rampes doivent \u00eatre solides et bien soud\u00e9s ou ancr\u00e9s<\/li>\n<li>Les plaques de m\u00e9tal au bas des modules doivent \u00e9pouser le sol convenablement.<\/li>\n<\/ul>\n<p>[\/vc_column_text][\/vc_accordion_tab][vc_accordion_tab title=\u00a0\u00bbEXEMPLES DE PROJETS\u00a0\u00bb tab_id=\u00a0\u00bb1655404395-2-79&Prime;][vc_column_text]<\/p>\n<h3><span class=\"font-966981\" style=\"color: #eb4a6c\"><strong>Skateparc modulaire en acier<\/strong><\/span><\/h3>\n<p>[\/vc_column_text][vc_empty_space empty_h=\u00a0\u00bb1&Prime;][vc_single_image media=\u00a0\u00bb4149&Prime; media_lightbox=\u00a0\u00bbyes\u00a0\u00bb media_width_percent=\u00a0\u00bb65&Prime; lbox_skin=\u00a0\u00bbwhite\u00a0\u00bb][vc_empty_space empty_h=\u00a0\u00bb2&Prime;][vc_column_text]<\/p>\n<h3><span class=\"font-966981\" style=\"color: #eb4a6c\"><strong>Skateparc modulaire en synth\u00e9tique<\/strong><\/span><\/h3>\n<p>[\/vc_column_text][vc_empty_space empty_h=\u00a0\u00bb1&Prime;][vc_single_image media=\u00a0\u00bb4151&Prime; media_lightbox=\u00a0\u00bbyes\u00a0\u00bb media_width_percent=\u00a0\u00bb65&Prime; lbox_skin=\u00a0\u00bbwhite\u00a0\u00bb][vc_empty_space empty_h=\u00a0\u00bb2&Prime;][vc_column_text]<\/p>\n<h3><span class=\"font-966981\" style=\"color: #eb4a6c\"><strong>Skateparc modulaire en b\u00e9ton<\/strong><\/span><\/h3>\n<p>[\/vc_column_text][vc_empty_space empty_h=\u00a0\u00bb1&Prime;][vc_single_image media=\u00a0\u00bb4150&Prime; media_lightbox=\u00a0\u00bbyes\u00a0\u00bb media_width_percent=\u00a0\u00bb65&Prime; lbox_skin=\u00a0\u00bbwhite\u00a0\u00bb][vc_empty_space empty_h=\u00a0\u00bb2&Prime;][vc_column_text]<\/p>\n<h3><span class=\"font-966981\" style=\"color: #eb4a6c\"><strong>Skateparcs modulaires en bois<\/strong><\/span><\/h3>\n<p>Ces mod\u00e8les sont d\u00e9conseill\u00e9s en raison de la rigueur du climat qu\u00e9b\u00e9cois. Ce type de modules peut \u00eatre install\u00e9 pour un parcours temporaire, mais pas pour une infrastructure permanente. La d\u00e9t\u00e9rioration accro\u00eet les risques et le parcours requiert des inspections tr\u00e8s fr\u00e9quentes afin de pr\u00e9venir les accidents.[\/vc_column_text][\/vc_accordion_tab][vc_accordion_tab title=\u00a0\u00bbTYPE DE MAT\u00c9RIAUX UTILIS\u00c9S\u00a0\u00bb tab_id=\u00a0\u00bb1655405567342-2-9&Prime;][vc_column_text]<\/p>\n<h3><span class=\"font-966981\"><strong>Tableau comparatif<\/strong><\/span><\/h3>\n<p>[\/vc_column_text][vc_empty_space empty_h=\u00a0\u00bb1&Prime;][vc_single_image media=\u00a0\u00bb4153&Prime; media_lightbox=\u00a0\u00bbyes\u00a0\u00bb media_width_percent=\u00a0\u00bb65&Prime; lbox_skin=\u00a0\u00bbwhite\u00a0\u00bb][vc_empty_space empty_h=\u00a0\u00bb2&Prime;][vc_single_image media=\u00a0\u00bb4152&Prime; media_lightbox=\u00a0\u00bbyes\u00a0\u00bb media_width_percent=\u00a0\u00bb65&Prime; lbox_skin=\u00a0\u00bbwhite\u00a0\u00bb][\/vc_accordion_tab][\/vc_accordion][\/vc_column][\/vc_row][vc_row][\/vc_row][vc_row row_height_percent=\u00a0\u00bb0&Prime; overlay_alpha=\u00a0\u00bb50&Prime; gutter_size=\u00a0\u00bb3&Prime; shift_y=\u00a0\u00bb0&Prime; css=\u00a0\u00bb.vc_custom_1569108716255{margin-bottom: 50px !important;}\u00a0\u00bb][vc_column width=\u00a0\u00bb1\/1&Prime;][vc_button button_color=\u00a0\u00bbaccent\u00a0\u00bb size=\u00a0\u00bbbtn-lg\u00a0\u00bb radius=\u00a0\u00bbbtn-circle\u00a0\u00bb border_width=\u00a0\u00bb0&Prime; link=\u00a0\u00bburl:https%3A%2F%2Fwww.guides-sports-loisirs.ca%2Fskateparcs%2Fwp-content%2Fuploads%2Fsites%2F20%2F2022%2F06%2F4.6_Construction_SkateparcsModulaires.pdf||target:%20_blank|\u00a0\u00bb icon=\u00a0\u00bbfa fa-file-o\u00a0\u00bb el_class=\u00a0\u00bbbtn-pdf\u00a0\u00bb]Version PDF[\/vc_button][\/vc_column][\/vc_row]<\/p>\n<\/div>","protected":false},"excerpt":{"rendered":"<p>[vc_row][vc_column width=\u00a0\u00bb1\/1&Prime;][vc_column_text]Bien que la tendance soit maintenant aux skateparcs en b\u00e9ton construits sur place, les skateparcs modulaires sont toujours une [&hellip;]<\/p>\n","protected":false},"author":11,"featured_media":0,"parent":2996,"menu_order":2,"comment_status":"closed","ping_status":"closed","template":"","meta":{"_acf_changed":false,"footnotes":""},"class_list":["post-3949","page","type-page","status-publish","hentry"],"acf":[],"yoast_head":"<!-- This site is optimized with the Yoast SEO plugin v27.4 - https:\/\/yoast.com\/product\/yoast-seo-wordpress\/ -->\n<title>Skateparcs modulaires (non int\u00e9gr\u00e9s) - Skateparcs<\/title>\n<meta name=\"robots\" content=\"index, follow, max-snippet:-1, max-image-preview:large, max-video-preview:-1\" \/>\n<link rel=\"canonical\" href=\"https:\/\/www.guides-sports-loisirs.ca\/skateparcs\/construction-2\/skateparcs-modulaires-non-integres\/\" \/>\n<meta property=\"og:locale\" content=\"fr_FR\" \/>\n<meta property=\"og:type\" content=\"article\" \/>\n<meta property=\"og:title\" content=\"Skateparcs modulaires (non int\u00e9gr\u00e9s) - Skateparcs\" \/>\n<meta property=\"og:description\" content=\"[vc_row][vc_column width=\u00a0\u00bb1\/1&Prime;][vc_column_text]Bien que la tendance soit maintenant aux skateparcs en b\u00e9ton construits sur place, les skateparcs modulaires sont toujours une [&hellip;]\" \/>\n<meta property=\"og:url\" content=\"https:\/\/www.guides-sports-loisirs.ca\/skateparcs\/construction-2\/skateparcs-modulaires-non-integres\/\" \/>\n<meta property=\"og:site_name\" content=\"Skateparcs\" \/>\n<meta property=\"article:modified_time\" content=\"2022-07-07T16:11:24+00:00\" \/>\n<meta name=\"twitter:card\" content=\"summary_large_image\" \/>\n<meta name=\"twitter:label1\" content=\"Dur\u00e9e de lecture estim\u00e9e\" \/>\n\t<meta name=\"twitter:data1\" content=\"2 minutes\" \/>\n<script type=\"application\/ld+json\" class=\"yoast-schema-graph\">{\"@context\":\"https:\\\/\\\/schema.org\",\"@graph\":[{\"@type\":\"WebPage\",\"@id\":\"https:\\\/\\\/www.guides-sports-loisirs.ca\\\/skateparcs\\\/construction-2\\\/skateparcs-modulaires-non-integres\\\/\",\"url\":\"https:\\\/\\\/www.guides-sports-loisirs.ca\\\/skateparcs\\\/construction-2\\\/skateparcs-modulaires-non-integres\\\/\",\"name\":\"Skateparcs modulaires (non int\u00e9gr\u00e9s) - Skateparcs\",\"isPartOf\":{\"@id\":\"https:\\\/\\\/www.guides-sports-loisirs.ca\\\/skateparcs\\\/#website\"},\"datePublished\":\"2022-06-16T18:33:15+00:00\",\"dateModified\":\"2022-07-07T16:11:24+00:00\",\"breadcrumb\":{\"@id\":\"https:\\\/\\\/www.guides-sports-loisirs.ca\\\/skateparcs\\\/construction-2\\\/skateparcs-modulaires-non-integres\\\/#breadcrumb\"},\"inLanguage\":\"fr-FR\",\"potentialAction\":[{\"@type\":\"ReadAction\",\"target\":[\"https:\\\/\\\/www.guides-sports-loisirs.ca\\\/skateparcs\\\/construction-2\\\/skateparcs-modulaires-non-integres\\\/\"]}]},{\"@type\":\"BreadcrumbList\",\"@id\":\"https:\\\/\\\/www.guides-sports-loisirs.ca\\\/skateparcs\\\/construction-2\\\/skateparcs-modulaires-non-integres\\\/#breadcrumb\",\"itemListElement\":[{\"@type\":\"ListItem\",\"position\":1,\"name\":\"Accueil\",\"item\":\"https:\\\/\\\/www.guides-sports-loisirs.ca\\\/skateparcs\\\/\"},{\"@type\":\"ListItem\",\"position\":2,\"name\":\"Construction\",\"item\":\"https:\\\/\\\/www.guides-sports-loisirs.ca\\\/skateparcs\\\/construction-2\\\/\"},{\"@type\":\"ListItem\",\"position\":3,\"name\":\"Skateparcs modulaires (non int\u00e9gr\u00e9s)\"}]},{\"@type\":\"WebSite\",\"@id\":\"https:\\\/\\\/www.guides-sports-loisirs.ca\\\/skateparcs\\\/#website\",\"url\":\"https:\\\/\\\/www.guides-sports-loisirs.ca\\\/skateparcs\\\/\",\"name\":\"Skateparcs\",\"description\":\"Skateparcs\",\"potentialAction\":[{\"@type\":\"SearchAction\",\"target\":{\"@type\":\"EntryPoint\",\"urlTemplate\":\"https:\\\/\\\/www.guides-sports-loisirs.ca\\\/skateparcs\\\/?s={search_term_string}\"},\"query-input\":{\"@type\":\"PropertyValueSpecification\",\"valueRequired\":true,\"valueName\":\"search_term_string\"}}],\"inLanguage\":\"fr-FR\"}]}<\/script>\n<!-- \/ Yoast SEO plugin. -->","yoast_head_json":{"title":"Skateparcs modulaires (non int\u00e9gr\u00e9s) - Skateparcs","robots":{"index":"index","follow":"follow","max-snippet":"max-snippet:-1","max-image-preview":"max-image-preview:large","max-video-preview":"max-video-preview:-1"},"canonical":"https:\/\/www.guides-sports-loisirs.ca\/skateparcs\/construction-2\/skateparcs-modulaires-non-integres\/","og_locale":"fr_FR","og_type":"article","og_title":"Skateparcs modulaires (non int\u00e9gr\u00e9s) - Skateparcs","og_description":"[vc_row][vc_column width=\u00a0\u00bb1\/1&Prime;][vc_column_text]Bien que la tendance soit maintenant aux skateparcs en b\u00e9ton construits sur place, les skateparcs modulaires sont toujours une [&hellip;]","og_url":"https:\/\/www.guides-sports-loisirs.ca\/skateparcs\/construction-2\/skateparcs-modulaires-non-integres\/","og_site_name":"Skateparcs","article_modified_time":"2022-07-07T16:11:24+00:00","twitter_card":"summary_large_image","twitter_misc":{"Dur\u00e9e de lecture estim\u00e9e":"2 minutes"},"schema":{"@context":"https:\/\/schema.org","@graph":[{"@type":"WebPage","@id":"https:\/\/www.guides-sports-loisirs.ca\/skateparcs\/construction-2\/skateparcs-modulaires-non-integres\/","url":"https:\/\/www.guides-sports-loisirs.ca\/skateparcs\/construction-2\/skateparcs-modulaires-non-integres\/","name":"Skateparcs modulaires (non int\u00e9gr\u00e9s) - Skateparcs","isPartOf":{"@id":"https:\/\/www.guides-sports-loisirs.ca\/skateparcs\/#website"},"datePublished":"2022-06-16T18:33:15+00:00","dateModified":"2022-07-07T16:11:24+00:00","breadcrumb":{"@id":"https:\/\/www.guides-sports-loisirs.ca\/skateparcs\/construction-2\/skateparcs-modulaires-non-integres\/#breadcrumb"},"inLanguage":"fr-FR","potentialAction":[{"@type":"ReadAction","target":["https:\/\/www.guides-sports-loisirs.ca\/skateparcs\/construction-2\/skateparcs-modulaires-non-integres\/"]}]},{"@type":"BreadcrumbList","@id":"https:\/\/www.guides-sports-loisirs.ca\/skateparcs\/construction-2\/skateparcs-modulaires-non-integres\/#breadcrumb","itemListElement":[{"@type":"ListItem","position":1,"name":"Accueil","item":"https:\/\/www.guides-sports-loisirs.ca\/skateparcs\/"},{"@type":"ListItem","position":2,"name":"Construction","item":"https:\/\/www.guides-sports-loisirs.ca\/skateparcs\/construction-2\/"},{"@type":"ListItem","position":3,"name":"Skateparcs modulaires (non int\u00e9gr\u00e9s)"}]},{"@type":"WebSite","@id":"https:\/\/www.guides-sports-loisirs.ca\/skateparcs\/#website","url":"https:\/\/www.guides-sports-loisirs.ca\/skateparcs\/","name":"Skateparcs","description":"Skateparcs","potentialAction":[{"@type":"SearchAction","target":{"@type":"EntryPoint","urlTemplate":"https:\/\/www.guides-sports-loisirs.ca\/skateparcs\/?s={search_term_string}"},"query-input":{"@type":"PropertyValueSpecification","valueRequired":true,"valueName":"search_term_string"}}],"inLanguage":"fr-FR"}]}},"_links":{"self":[{"href":"https:\/\/www.guides-sports-loisirs.ca\/skateparcs\/wp-json\/wp\/v2\/pages\/3949","targetHints":{"allow":["GET"]}}],"collection":[{"href":"https:\/\/www.guides-sports-loisirs.ca\/skateparcs\/wp-json\/wp\/v2\/pages"}],"about":[{"href":"https:\/\/www.guides-sports-loisirs.ca\/skateparcs\/wp-json\/wp\/v2\/types\/page"}],"author":[{"embeddable":true,"href":"https:\/\/www.guides-sports-loisirs.ca\/skateparcs\/wp-json\/wp\/v2\/users\/11"}],"replies":[{"embeddable":true,"href":"https:\/\/www.guides-sports-loisirs.ca\/skateparcs\/wp-json\/wp\/v2\/comments?post=3949"}],"version-history":[{"count":15,"href":"https:\/\/www.guides-sports-loisirs.ca\/skateparcs\/wp-json\/wp\/v2\/pages\/3949\/revisions"}],"predecessor-version":[{"id":4338,"href":"https:\/\/www.guides-sports-loisirs.ca\/skateparcs\/wp-json\/wp\/v2\/pages\/3949\/revisions\/4338"}],"up":[{"embeddable":true,"href":"https:\/\/www.guides-sports-loisirs.ca\/skateparcs\/wp-json\/wp\/v2\/pages\/2996"}],"wp:attachment":[{"href":"https:\/\/www.guides-sports-loisirs.ca\/skateparcs\/wp-json\/wp\/v2\/media?parent=3949"}],"curies":[{"name":"wp","href":"https:\/\/api.w.org\/{rel}","templated":true}]}}