{"id":3930,"date":"2022-06-16T11:38:35","date_gmt":"2022-06-16T15:38:35","guid":{"rendered":"https:\/\/www.guides-sports-loisirs.ca\/skateparcs\/?page_id=3930"},"modified":"2022-07-07T10:42:11","modified_gmt":"2022-07-07T14:42:11","slug":"materiaux","status":"publish","type":"page","link":"https:\/\/www.guides-sports-loisirs.ca\/skateparcs\/construction-2\/materiaux\/","title":{"rendered":"Mat\u00e9riaux"},"content":{"rendered":"<div class=\"wpb-content-wrapper\"><p>[vc_row][vc_column width=\u00a0\u00bb1\/1&Prime;][vc_column_text]<strong>Comme les skateparcs entrent dans la cat\u00e9gorie des ouvrages de g\u00e9nie civil, les mat\u00e9riaux de construction sont normalis\u00e9s selon le Code du b\u00e2timent du Qu\u00e9bec.<\/strong>[\/vc_column_text][vc_accordion][vc_accordion_tab title=\u00a0\u00bbFONDATIONS\u00a0\u00bb tab_id=\u00a0\u00bb1655392506-1-19&Prime;][vc_column_text]Les fondations d\u00e9pendent grandement du type de sol. Si celui-ci est consid\u00e9r\u00e9 comme stable, le site aura besoin d\u2019une fondation moins complexe qu\u2019un sol qui travaille beaucoup en p\u00e9riode de gel-d\u00e9gel.<\/p>\n<p>Les fondations de gravier MG 20 et de sable MG 112 doivent toutes deux \u00eatre compact\u00e9es \u00e0 95 % du Proctor modifi\u00e9. Il est recommand\u00e9 d\u2019engager une firme de laboratoire pour effectuer des tests de compaction de la fondation. De tels tests co\u00fbtent entre 1000 $ et 3000 $.<\/p>\n<p>On peut assurer une plus grande long\u00e9vit\u00e9 \u00e0 une fondation en installant une toile g\u00e9otextile et un drain agricole qui permet d\u2019\u00e9vacuer l\u2019eau. Il est aussi possible d\u2019ajouter une couche d\u2019isolant rigide sous l\u2019installation afin de couper le gel.<\/p>\n<h3><span class=\"font-966981\"><strong>Composition des fondations (types)<\/strong><\/span><\/h3>\n<p>[\/vc_column_text][vc_empty_space empty_h=\u00a0\u00bb0&Prime;][vc_single_image media=\u00a0\u00bb4144&Prime; media_lightbox=\u00a0\u00bbyes\u00a0\u00bb media_width_percent=\u00a0\u00bb65&Prime; lbox_skin=\u00a0\u00bbwhite\u00a0\u00bb][\/vc_accordion_tab][vc_accordion_tab title=\u00a0\u00bbB\u00c9TON\u00a0\u00bb tab_id=\u00a0\u00bb1655392506-2-7&Prime;][vc_column_text]Le b\u00e9ton utilis\u00e9 doit avoir une r\u00e9sistance en compression minimale de 30 MPa pour le b\u00e9ton coul\u00e9 et de 35 MPa pour le b\u00e9ton projet\u00e9.<\/p>\n<p>Il est n\u00e9cessaire d\u2019avoir un niveau d\u2019air occlus de 5 \u00e0 8 % pour du b\u00e9ton coul\u00e9 et de 9 \u00e0 15 % pour du b\u00e9ton projet\u00e9 afin qu\u2019il r\u00e9siste au gel.<\/p>\n<p>Nous recommandons d\u2019utiliser des agr\u00e9gats de plus petite dimension pour rehausser la qualit\u00e9 de finition du b\u00e9ton (14 mm et moins, si possible).[\/vc_column_text][\/vc_accordion_tab][vc_accordion_tab title=\u00a0\u00bbARMATURE D&rsquo;ACIER\u00a0\u00bb tab_id=\u00a0\u00bb1655393258665-2-3&Prime;][vc_column_text]Pour l\u2019armature d\u2019acier, il est recommand\u00e9 d\u2019utiliser des tiges d\u2019armature \u00e0 forte adh\u00e9rence de grosseur 10 M \u00e0 tous les 350 mm dans les deux sens. Les tiges doivent \u00eatre pli\u00e9es afin d\u2019\u00e9pouser les formes d\u00e9sir\u00e9es. Le grade d\u2019acier doit \u00eatre soudable. La qualit\u00e9 des mat\u00e9riaux, la fabrication, le pliage, la pose et la protection de l\u2019acier d\u2019armature sont d\u00e9crits \u00e0 la norme CAN3-23.1 de l\u2019ACNOR. Les barres d\u2019armature doivent \u00eatre de nuance 400, conformes \u00e0 la norme CAN\/CSAG30.18.<\/p>\n<p>Il est possible d\u2019utiliser du treillis m\u00e9tallique de dimensions \u00e9quivalentes. Il est aussi possible de rehausser la grosseur des tiges \u00e0 15 M sur un sol tr\u00e8s instable ou si une certaine portion sera soumise \u00e0 de lourdes charges. Augmenter la grosseur de l\u2019armature au-del\u00e0 des normes repr\u00e9sente des co\u00fbts consid\u00e9rables.<\/p>\n<p>Il est d\u00e9conseill\u00e9 d\u2019utiliser une armature galvanis\u00e9e, car l\u2019augmentation de la dur\u00e9e de vie de la structure sera disproportionn\u00e9e par rapport \u00e0 la qualit\u00e9 de la surface. Cet ajout peut facilement doubler et m\u00eame tripler les co\u00fbts de l\u2019armature. [\/vc_column_text][\/vc_accordion_tab][vc_accordion_tab title=\u00a0\u00bb\u00c9L\u00c9MENTS EN ACIER (rampes, mains courantes, ar\u00eates de glisse)\u00a0\u00bb tab_id=\u00a0\u00bb1655393344435-3-10&Prime;][vc_column_text]Les barres de glisse et ar\u00eates de protection coul\u00e9es dans le b\u00e9ton doivent y \u00eatre ancr\u00e9es \u00e0 l\u2019aide de tiges d\u2019armature soud\u00e9es aux \u00e9l\u00e9ments en acier. L\u2019acier doit \u00eatre de nuance ASTM A500 et avoir une \u00e9paisseur minimale de 0,188 po.<\/p>\n<p>Il est recommand\u00e9 de prot\u00e9ger l\u2019acier selon un de ces deux proc\u00e9d\u00e9s :<\/p>\n<ul>\n<li>La <em><strong>galvanisation \u00e0 chaud<\/strong><\/em> offre une protection plus durable. Le proc\u00e9d\u00e9 est plus co\u00fbteux et le nombre r\u00e9duit d\u2019usines de galvanisation peut occasionner des d\u00e9lais.<\/li>\n<li>La <strong><em>peinture \u00e9poxy<\/em><\/strong> ou le rev\u00eatement en poudre (Powder-coating) sont moins co\u00fbteux, mais beaucoup moins durables. En revanche, ils conf\u00e8rent aux installations un aspect esth\u00e9tique int\u00e9ressant.<\/li>\n<\/ul>\n<p>[\/vc_column_text][vc_empty_space empty_h=\u00a0\u00bb2&Prime;][vc_column_text border_color=\u00a0\u00bbaccent\u00a0\u00bb border_style=\u00a0\u00bbsolid\u00a0\u00bb css=\u00a0\u00bb.vc_custom_1657157559591{padding-top: 20px !important;padding-right: 20px !important;padding-bottom: 20px !important;padding-left: 20px !important;}\u00a0\u00bb]<\/p>\n<p style=\"text-align: center\"><strong>Il ne faut en aucun cas utiliser de l\u2019acier inoxydable ou de l\u2019aluminium pour les ar\u00eates ou les barres de glisse, car ces mat\u00e9riaux emp\u00eachent la glisse et s\u2019endommagent plus facilement.<\/strong><\/p>\n<p>[\/vc_column_text][\/vc_accordion_tab][vc_accordion_tab title=\u00a0\u00bbGRANITE ET CARREAUX\u00a0\u00bb tab_id=\u00a0\u00bb1655393641122-4-5&Prime;][vc_column_text]Certaines installations peuvent mettre \u00e0 profit des mat\u00e9riaux moins conventionnels. Par exemple, incorporer des \u00e9l\u00e9ments de granite permet d\u2019imiter le mobilier urbain, tr\u00e8s pris\u00e9 des skaters. Le parcours peut ainsi offrir des bancs de granite pour glisser.<\/p>\n<p>On a pu voir ailleurs dans le monde des skateparcs dont le plancher \u00e9tait recouvert de carreaux de granite. Ces \u00e9l\u00e9ments rappellent les skateparcs de type \u00ab plaza \u00bb urbains, mythiques pour les planchistes de rue (discipline \u00ab Street \u00bb). Bien que nettement plus co\u00fbteux, de tels \u00e9l\u00e9ments ajoutent un effet spectaculaire au skateparc et favorisent une pratique compl\u00e8tement diff\u00e9rente de ce qu\u2019on retrouve dans les \u00ab skate-plazas \u00bb habituels.[\/vc_column_text][\/vc_accordion_tab][\/vc_accordion][\/vc_column][\/vc_row][vc_row][\/vc_row][vc_row row_height_percent=\u00a0\u00bb0&Prime; overlay_alpha=\u00a0\u00bb50&Prime; gutter_size=\u00a0\u00bb3&Prime; shift_y=\u00a0\u00bb0&Prime; css=\u00a0\u00bb.vc_custom_1569108716255{margin-bottom: 50px !important;}\u00a0\u00bb][vc_column width=\u00a0\u00bb1\/1&Prime;][vc_button button_color=\u00a0\u00bbaccent\u00a0\u00bb size=\u00a0\u00bbbtn-lg\u00a0\u00bb radius=\u00a0\u00bbbtn-circle\u00a0\u00bb border_width=\u00a0\u00bb0&Prime; link=\u00a0\u00bburl:https%3A%2F%2Fwww.guides-sports-loisirs.ca%2Fskateparcs%2Fwp-content%2Fuploads%2Fsites%2F20%2F2022%2F06%2F4.3_Construction_Materiaux.pdf||target:%20_blank|\u00a0\u00bb icon=\u00a0\u00bbfa fa-file-o\u00a0\u00bb el_class=\u00a0\u00bbbtn-pdf\u00a0\u00bb]Version PDF[\/vc_button][\/vc_column][\/vc_row]<\/p>\n<\/div>","protected":false},"excerpt":{"rendered":"<p>[vc_row][vc_column width=\u00a0\u00bb1\/1&Prime;][vc_column_text]Comme les skateparcs entrent dans la cat\u00e9gorie des ouvrages de g\u00e9nie civil, les mat\u00e9riaux de construction sont normalis\u00e9s selon [&hellip;]<\/p>\n","protected":false},"author":11,"featured_media":0,"parent":2996,"menu_order":2,"comment_status":"closed","ping_status":"closed","template":"","meta":{"_acf_changed":false,"footnotes":""},"class_list":["post-3930","page","type-page","status-publish","hentry"],"acf":[],"yoast_head":"<!-- This site is optimized with the Yoast SEO plugin v27.4 - https:\/\/yoast.com\/product\/yoast-seo-wordpress\/ -->\n<title>Mat\u00e9riaux - Skateparcs<\/title>\n<meta name=\"robots\" content=\"index, follow, max-snippet:-1, max-image-preview:large, max-video-preview:-1\" \/>\n<link rel=\"canonical\" href=\"https:\/\/www.guides-sports-loisirs.ca\/skateparcs\/construction-2\/materiaux\/\" \/>\n<meta property=\"og:locale\" content=\"fr_FR\" \/>\n<meta property=\"og:type\" content=\"article\" \/>\n<meta property=\"og:title\" content=\"Mat\u00e9riaux - Skateparcs\" \/>\n<meta property=\"og:description\" content=\"[vc_row][vc_column width=\u00a0\u00bb1\/1&Prime;][vc_column_text]Comme les skateparcs entrent dans la cat\u00e9gorie des ouvrages de g\u00e9nie civil, les mat\u00e9riaux de construction sont normalis\u00e9s selon [&hellip;]\" \/>\n<meta property=\"og:url\" content=\"https:\/\/www.guides-sports-loisirs.ca\/skateparcs\/construction-2\/materiaux\/\" \/>\n<meta property=\"og:site_name\" content=\"Skateparcs\" \/>\n<meta property=\"article:modified_time\" content=\"2022-07-07T14:42:11+00:00\" \/>\n<meta name=\"twitter:card\" content=\"summary_large_image\" \/>\n<meta name=\"twitter:label1\" content=\"Dur\u00e9e de lecture estim\u00e9e\" \/>\n\t<meta name=\"twitter:data1\" content=\"4 minutes\" \/>\n<script type=\"application\/ld+json\" class=\"yoast-schema-graph\">{\"@context\":\"https:\\\/\\\/schema.org\",\"@graph\":[{\"@type\":\"WebPage\",\"@id\":\"https:\\\/\\\/www.guides-sports-loisirs.ca\\\/skateparcs\\\/construction-2\\\/materiaux\\\/\",\"url\":\"https:\\\/\\\/www.guides-sports-loisirs.ca\\\/skateparcs\\\/construction-2\\\/materiaux\\\/\",\"name\":\"Mat\u00e9riaux - Skateparcs\",\"isPartOf\":{\"@id\":\"https:\\\/\\\/www.guides-sports-loisirs.ca\\\/skateparcs\\\/#website\"},\"datePublished\":\"2022-06-16T15:38:35+00:00\",\"dateModified\":\"2022-07-07T14:42:11+00:00\",\"breadcrumb\":{\"@id\":\"https:\\\/\\\/www.guides-sports-loisirs.ca\\\/skateparcs\\\/construction-2\\\/materiaux\\\/#breadcrumb\"},\"inLanguage\":\"fr-FR\",\"potentialAction\":[{\"@type\":\"ReadAction\",\"target\":[\"https:\\\/\\\/www.guides-sports-loisirs.ca\\\/skateparcs\\\/construction-2\\\/materiaux\\\/\"]}]},{\"@type\":\"BreadcrumbList\",\"@id\":\"https:\\\/\\\/www.guides-sports-loisirs.ca\\\/skateparcs\\\/construction-2\\\/materiaux\\\/#breadcrumb\",\"itemListElement\":[{\"@type\":\"ListItem\",\"position\":1,\"name\":\"Accueil\",\"item\":\"https:\\\/\\\/www.guides-sports-loisirs.ca\\\/skateparcs\\\/\"},{\"@type\":\"ListItem\",\"position\":2,\"name\":\"Construction\",\"item\":\"https:\\\/\\\/www.guides-sports-loisirs.ca\\\/skateparcs\\\/construction-2\\\/\"},{\"@type\":\"ListItem\",\"position\":3,\"name\":\"Mat\u00e9riaux\"}]},{\"@type\":\"WebSite\",\"@id\":\"https:\\\/\\\/www.guides-sports-loisirs.ca\\\/skateparcs\\\/#website\",\"url\":\"https:\\\/\\\/www.guides-sports-loisirs.ca\\\/skateparcs\\\/\",\"name\":\"Skateparcs\",\"description\":\"Skateparcs\",\"potentialAction\":[{\"@type\":\"SearchAction\",\"target\":{\"@type\":\"EntryPoint\",\"urlTemplate\":\"https:\\\/\\\/www.guides-sports-loisirs.ca\\\/skateparcs\\\/?s={search_term_string}\"},\"query-input\":{\"@type\":\"PropertyValueSpecification\",\"valueRequired\":true,\"valueName\":\"search_term_string\"}}],\"inLanguage\":\"fr-FR\"}]}<\/script>\n<!-- \/ Yoast SEO plugin. -->","yoast_head_json":{"title":"Mat\u00e9riaux - Skateparcs","robots":{"index":"index","follow":"follow","max-snippet":"max-snippet:-1","max-image-preview":"max-image-preview:large","max-video-preview":"max-video-preview:-1"},"canonical":"https:\/\/www.guides-sports-loisirs.ca\/skateparcs\/construction-2\/materiaux\/","og_locale":"fr_FR","og_type":"article","og_title":"Mat\u00e9riaux - Skateparcs","og_description":"[vc_row][vc_column width=\u00a0\u00bb1\/1&Prime;][vc_column_text]Comme les skateparcs entrent dans la cat\u00e9gorie des ouvrages de g\u00e9nie civil, les mat\u00e9riaux de construction sont normalis\u00e9s selon [&hellip;]","og_url":"https:\/\/www.guides-sports-loisirs.ca\/skateparcs\/construction-2\/materiaux\/","og_site_name":"Skateparcs","article_modified_time":"2022-07-07T14:42:11+00:00","twitter_card":"summary_large_image","twitter_misc":{"Dur\u00e9e de lecture estim\u00e9e":"4 minutes"},"schema":{"@context":"https:\/\/schema.org","@graph":[{"@type":"WebPage","@id":"https:\/\/www.guides-sports-loisirs.ca\/skateparcs\/construction-2\/materiaux\/","url":"https:\/\/www.guides-sports-loisirs.ca\/skateparcs\/construction-2\/materiaux\/","name":"Mat\u00e9riaux - Skateparcs","isPartOf":{"@id":"https:\/\/www.guides-sports-loisirs.ca\/skateparcs\/#website"},"datePublished":"2022-06-16T15:38:35+00:00","dateModified":"2022-07-07T14:42:11+00:00","breadcrumb":{"@id":"https:\/\/www.guides-sports-loisirs.ca\/skateparcs\/construction-2\/materiaux\/#breadcrumb"},"inLanguage":"fr-FR","potentialAction":[{"@type":"ReadAction","target":["https:\/\/www.guides-sports-loisirs.ca\/skateparcs\/construction-2\/materiaux\/"]}]},{"@type":"BreadcrumbList","@id":"https:\/\/www.guides-sports-loisirs.ca\/skateparcs\/construction-2\/materiaux\/#breadcrumb","itemListElement":[{"@type":"ListItem","position":1,"name":"Accueil","item":"https:\/\/www.guides-sports-loisirs.ca\/skateparcs\/"},{"@type":"ListItem","position":2,"name":"Construction","item":"https:\/\/www.guides-sports-loisirs.ca\/skateparcs\/construction-2\/"},{"@type":"ListItem","position":3,"name":"Mat\u00e9riaux"}]},{"@type":"WebSite","@id":"https:\/\/www.guides-sports-loisirs.ca\/skateparcs\/#website","url":"https:\/\/www.guides-sports-loisirs.ca\/skateparcs\/","name":"Skateparcs","description":"Skateparcs","potentialAction":[{"@type":"SearchAction","target":{"@type":"EntryPoint","urlTemplate":"https:\/\/www.guides-sports-loisirs.ca\/skateparcs\/?s={search_term_string}"},"query-input":{"@type":"PropertyValueSpecification","valueRequired":true,"valueName":"search_term_string"}}],"inLanguage":"fr-FR"}]}},"_links":{"self":[{"href":"https:\/\/www.guides-sports-loisirs.ca\/skateparcs\/wp-json\/wp\/v2\/pages\/3930","targetHints":{"allow":["GET"]}}],"collection":[{"href":"https:\/\/www.guides-sports-loisirs.ca\/skateparcs\/wp-json\/wp\/v2\/pages"}],"about":[{"href":"https:\/\/www.guides-sports-loisirs.ca\/skateparcs\/wp-json\/wp\/v2\/types\/page"}],"author":[{"embeddable":true,"href":"https:\/\/www.guides-sports-loisirs.ca\/skateparcs\/wp-json\/wp\/v2\/users\/11"}],"replies":[{"embeddable":true,"href":"https:\/\/www.guides-sports-loisirs.ca\/skateparcs\/wp-json\/wp\/v2\/comments?post=3930"}],"version-history":[{"count":17,"href":"https:\/\/www.guides-sports-loisirs.ca\/skateparcs\/wp-json\/wp\/v2\/pages\/3930\/revisions"}],"predecessor-version":[{"id":4320,"href":"https:\/\/www.guides-sports-loisirs.ca\/skateparcs\/wp-json\/wp\/v2\/pages\/3930\/revisions\/4320"}],"up":[{"embeddable":true,"href":"https:\/\/www.guides-sports-loisirs.ca\/skateparcs\/wp-json\/wp\/v2\/pages\/2996"}],"wp:attachment":[{"href":"https:\/\/www.guides-sports-loisirs.ca\/skateparcs\/wp-json\/wp\/v2\/media?parent=3930"}],"curies":[{"name":"wp","href":"https:\/\/api.w.org\/{rel}","templated":true}]}}