{"id":3855,"date":"2022-06-15T10:58:48","date_gmt":"2022-06-15T14:58:48","guid":{"rendered":"https:\/\/www.guides-sports-loisirs.ca\/skateparcs\/?page_id=3855"},"modified":"2022-07-07T10:58:57","modified_gmt":"2022-07-07T14:58:57","slug":"design","status":"publish","type":"page","link":"https:\/\/www.guides-sports-loisirs.ca\/skateparcs\/conception\/design\/","title":{"rendered":"Design"},"content":{"rendered":"<div class=\"wpb-content-wrapper\"><p>[vc_row][vc_column width=\u00a0\u00bb1\/1&Prime;][vc_column_text css=\u00a0\u00bb.vc_custom_1655305194355{margin-bottom: 20px !important;}\u00a0\u00bb]<strong>Les possibilit\u00e9s de modules sur un parcours sont infinies. Les adeptes appr\u00e9cient les modules de base \u00ab classiques \u00bb, car ils leur permettent de pratiquer leurs man\u0153uvres avec aisance, mais il est important de garder en t\u00eate qu\u2019une grande partie du succ\u00e8s d\u2019un skateparc passe par son unicit\u00e9 ou son caract\u00e8re distinctif. Il est donc important que l\u2019usager puisse y trouver des d\u00e9fis in\u00e9dits.<\/strong><\/p>\n<p>Les modules se partagent en cinq cat\u00e9gories : les lanceurs, les modules de glisse, les modules de saut, les modules de propulsion, les bols et demi-lunes.<\/p>\n<p>Les familles d\u2019obstacles repr\u00e9sent\u00e9es ci-apr\u00e8s peuvent comporter une infinit\u00e9 de formes et de dimensions. Ici, il s\u2019agit surtout de familiariser le gestionnaire avec la terminologie et l\u2019allure des modules, et non pas d\u2019une pr\u00e9sentation exhaustive de tous les mod\u00e8les d\u2019obstacles.[\/vc_column_text][vc_accordion][vc_accordion_tab title=\u00a0\u00bbLANCEURS\u00a0\u00bb tab_id=\u00a0\u00bb1654975079-1-59&Prime;][vc_column_text]Ce type de modules sert au pratiquant \u00e0 se donner un \u00e9lan et \u00e0 se retourner ou \u00e0 pivoter en effectuant des prouesses. Ces modules sont g\u00e9n\u00e9ralement install\u00e9s aux extr\u00e9mit\u00e9s des parcours.[\/vc_column_text][vc_empty_space empty_h=\u00a0\u00bb2&Prime;][vc_row_inner][vc_column_inner width=\u00a0\u00bb1\/2&Prime;][vc_column_text]<\/p>\n<h3><span class=\"font-966981\"><strong>Quart-de-lune<\/strong><\/span><\/h3>\n<p>[\/vc_column_text][vc_single_image media=\u00a0\u00bb4124&Prime; media_lightbox=\u00a0\u00bbyes\u00a0\u00bb media_width_percent=\u00a0\u00bb66&Prime; lbox_skin=\u00a0\u00bbwhite\u00a0\u00bb][\/vc_column_inner][vc_column_inner width=\u00a0\u00bb1\/2&Prime;][vc_column_text]<\/p>\n<h3><span class=\"font-966981\"><strong>Plan inclin\u00e9 \u00abbank\u00bb<\/strong><\/span><\/h3>\n<p>[\/vc_column_text][vc_single_image media=\u00a0\u00bb4123&Prime; media_lightbox=\u00a0\u00bbyes\u00a0\u00bb media_width_percent=\u00a0\u00bb65&Prime; lbox_skin=\u00a0\u00bbwhite\u00a0\u00bb][\/vc_column_inner][\/vc_row_inner][\/vc_accordion_tab][vc_accordion_tab title=\u00a0\u00bbMODULES DE GLISSE\u00a0\u00bb tab_id=\u00a0\u00bb1654975079-2-56&Prime;][vc_column_text]Les pratiquants utilisent ces obstacles pour glisser et effectuer des man\u0153uvres d\u2019\u00e9quilibre.<\/p>\n<h3><span class=\"font-966981\"><strong>Bo\u00eete de glisse \u00abledge\u00bb<\/strong><\/span><\/h3>\n<p>[\/vc_column_text][vc_single_image media=\u00a0\u00bb4119&Prime; media_lightbox=\u00a0\u00bbyes\u00a0\u00bb media_width_percent=\u00a0\u00bb60&Prime; alignment=\u00a0\u00bbcenter\u00a0\u00bb lbox_skin=\u00a0\u00bbwhite\u00a0\u00bb][vc_empty_space empty_h=\u00a0\u00bb2&Prime;][vc_column_text]<\/p>\n<h3><span class=\"font-966981\"><strong>Barre de glisse \u00abrail\u00bb<\/strong><\/span><\/h3>\n<p>[\/vc_column_text][vc_single_image media=\u00a0\u00bb4122&Prime; media_lightbox=\u00a0\u00bbyes\u00a0\u00bb media_width_percent=\u00a0\u00bb60&Prime; alignment=\u00a0\u00bbcenter\u00a0\u00bb lbox_skin=\u00a0\u00bbwhite\u00a0\u00bb][vc_empty_space empty_h=\u00a0\u00bb2&Prime;][vc_column_text]<\/p>\n<h3><span class=\"font-966981\"><strong>Barre de glisse et bo\u00eete de glisse agenc\u00e9es avec plan inclin\u00e9<\/strong><\/span><\/h3>\n<p>[\/vc_column_text][vc_single_image media=\u00a0\u00bb4114&Prime; media_lightbox=\u00a0\u00bbyes\u00a0\u00bb media_width_percent=\u00a0\u00bb60&Prime; alignment=\u00a0\u00bbcenter\u00a0\u00bb lbox_skin=\u00a0\u00bbwhite\u00a0\u00bb][\/vc_accordion_tab][vc_accordion_tab title=\u00a0\u00bbMODULES DE SAUT\u00a0\u00bb tab_id=\u00a0\u00bb1655305508463-2-9&Prime;][vc_column_text]Ces obstacles servent \u00e0 ex\u00e9cuter diff\u00e9rents types de sauts en combinaison avec des modules de glisse. Les possibilit\u00e9s de ces modules sont infinies : chacun peut avoir une forme originale qui lui est tout \u00e0 fait propre.<\/p>\n<h3><span class=\"font-966981\"><strong>Pyramide<\/strong><\/span><\/h3>\n<p>[\/vc_column_text][vc_single_image media=\u00a0\u00bb4121&Prime; media_lightbox=\u00a0\u00bbyes\u00a0\u00bb media_width_percent=\u00a0\u00bb60&Prime; alignment=\u00a0\u00bbcenter\u00a0\u00bb lbox_skin=\u00a0\u00bbwhite\u00a0\u00bb][vc_empty_space empty_h=\u00a0\u00bb2&Prime;][vc_column_text]<\/p>\n<h3><span class=\"font-966981\"><strong>Escaliers avec main-courante<\/strong><\/span><\/h3>\n<p>[\/vc_column_text][vc_single_image media=\u00a0\u00bb4118&Prime; media_lightbox=\u00a0\u00bbyes\u00a0\u00bb media_width_percent=\u00a0\u00bb60&Prime; alignment=\u00a0\u00bbcenter\u00a0\u00bb lbox_skin=\u00a0\u00bbwhite\u00a0\u00bb][vc_empty_space empty_h=\u00a0\u00bb2&Prime;][vc_column_text]<\/p>\n<h3><span class=\"font-966981\"><strong>Pointe de pyramide \u00abhip\u00bb<\/strong><\/span><\/h3>\n<p>[\/vc_column_text][vc_single_image media=\u00a0\u00bb4120&Prime; media_lightbox=\u00a0\u00bbyes\u00a0\u00bb media_width_percent=\u00a0\u00bb60&Prime; alignment=\u00a0\u00bbcenter\u00a0\u00bb lbox_skin=\u00a0\u00bbwhite\u00a0\u00bb][\/vc_accordion_tab][vc_accordion_tab title=\u00a0\u00bbMODULES DE PROPULSION\u00a0\u00bb tab_id=\u00a0\u00bb1655306809507-5-6&Prime;][vc_column_text]Ces modules servent \u00e0 gagner de la vitesse durant le d\u00e9placement. Ils peuvent avoir plusieurs types de formes, mais toutes se r\u00e9sument \u00e0 des formes arrondies sur lesquels les adeptes peuvent rouler sans avoir \u00e0 sauter.<\/p>\n<h3><span class=\"font-966981\"><strong>Bosse de vitesse<\/strong><\/span><\/h3>\n<p>[\/vc_column_text][vc_single_image media=\u00a0\u00bb4116&Prime; media_lightbox=\u00a0\u00bbyes\u00a0\u00bb media_width_percent=\u00a0\u00bb60&Prime; alignment=\u00a0\u00bbcenter\u00a0\u00bb lbox_skin=\u00a0\u00bbwhite\u00a0\u00bb][\/vc_accordion_tab][vc_accordion_tab title=\u00a0\u00bbBOLS ET DEMI-LUNES\u00a0\u00bb tab_id=\u00a0\u00bb1655306615298-5-2&Prime;][vc_column_text]Ce type d\u2019obstacle est con\u00e7u pour que le pratiquent demeure \u00e0 l\u2019int\u00e9rieur et effectue des routines sans interruption.<\/p>\n<h3><span class=\"font-966981\"><strong>Demi-lune<\/strong><\/span><\/h3>\n<p>[\/vc_column_text][vc_single_image media=\u00a0\u00bb4117&Prime; media_lightbox=\u00a0\u00bbyes\u00a0\u00bb media_width_percent=\u00a0\u00bb60&Prime; alignment=\u00a0\u00bbcenter\u00a0\u00bb lbox_skin=\u00a0\u00bbwhite\u00a0\u00bb][vc_empty_space empty_h=\u00a0\u00bb2&Prime;][vc_column_text]<\/p>\n<h3><span class=\"font-966981\"><strong>Bol<\/strong><\/span><\/h3>\n<p>[\/vc_column_text][vc_single_image media=\u00a0\u00bb4115&Prime; media_lightbox=\u00a0\u00bbyes\u00a0\u00bb media_width_percent=\u00a0\u00bb60&Prime; alignment=\u00a0\u00bbcenter\u00a0\u00bb lbox_skin=\u00a0\u00bbwhite\u00a0\u00bb][\/vc_accordion_tab][\/vc_accordion][\/vc_column][\/vc_row][vc_row][\/vc_row][vc_row row_height_percent=\u00a0\u00bb0&Prime; overlay_alpha=\u00a0\u00bb50&Prime; gutter_size=\u00a0\u00bb3&Prime; shift_y=\u00a0\u00bb0&Prime; css=\u00a0\u00bb.vc_custom_1569108843026{margin-bottom: 50px !important;}\u00a0\u00bb][vc_column width=\u00a0\u00bb1\/1&Prime;][vc_button button_color=\u00a0\u00bbaccent\u00a0\u00bb size=\u00a0\u00bbbtn-lg\u00a0\u00bb radius=\u00a0\u00bbbtn-circle\u00a0\u00bb border_width=\u00a0\u00bb0&Prime; link=\u00a0\u00bburl:https%3A%2F%2Fwww.guides-sports-loisirs.ca%2Fskateparcs%2Fwp-content%2Fuploads%2Fsites%2F20%2F2022%2F06%2F3.5_Conception_Design.pdf||target:%20_blank|\u00a0\u00bb icon=\u00a0\u00bbfa fa-file-o\u00a0\u00bb el_class=\u00a0\u00bbbtn-pdf\u00a0\u00bb]Version PDF[\/vc_button][\/vc_column][\/vc_row]<\/p>\n<\/div>","protected":false},"excerpt":{"rendered":"<p>[vc_row][vc_column width=\u00a0\u00bb1\/1&Prime;][vc_column_text css=\u00a0\u00bb.vc_custom_1655305194355{margin-bottom: 20px !important;}\u00a0\u00bb]Les possibilit\u00e9s de modules sur un parcours sont infinies. Les adeptes appr\u00e9cient les modules de base [&hellip;]<\/p>\n","protected":false},"author":11,"featured_media":0,"parent":2255,"menu_order":21,"comment_status":"closed","ping_status":"closed","template":"","meta":{"_acf_changed":false,"footnotes":""},"class_list":["post-3855","page","type-page","status-publish","hentry"],"acf":[],"yoast_head":"<!-- This site is optimized with the Yoast SEO plugin v27.4 - https:\/\/yoast.com\/product\/yoast-seo-wordpress\/ -->\n<title>Design - Skateparcs<\/title>\n<meta name=\"robots\" content=\"index, follow, max-snippet:-1, max-image-preview:large, max-video-preview:-1\" \/>\n<link rel=\"canonical\" href=\"https:\/\/www.guides-sports-loisirs.ca\/skateparcs\/conception\/design\/\" \/>\n<meta property=\"og:locale\" content=\"fr_FR\" \/>\n<meta property=\"og:type\" content=\"article\" \/>\n<meta property=\"og:title\" content=\"Design - Skateparcs\" \/>\n<meta property=\"og:description\" content=\"[vc_row][vc_column width=\u00a0\u00bb1\/1&Prime;][vc_column_text css=\u00a0\u00bb.vc_custom_1655305194355{margin-bottom: 20px !important;}\u00a0\u00bb]Les possibilit\u00e9s de modules sur un parcours sont infinies. Les adeptes appr\u00e9cient les modules de base [&hellip;]\" \/>\n<meta property=\"og:url\" content=\"https:\/\/www.guides-sports-loisirs.ca\/skateparcs\/conception\/design\/\" \/>\n<meta property=\"og:site_name\" content=\"Skateparcs\" \/>\n<meta property=\"article:modified_time\" content=\"2022-07-07T14:58:57+00:00\" \/>\n<meta name=\"twitter:card\" content=\"summary_large_image\" \/>\n<meta name=\"twitter:label1\" content=\"Dur\u00e9e de lecture estim\u00e9e\" \/>\n\t<meta name=\"twitter:data1\" content=\"2 minutes\" \/>\n<script type=\"application\/ld+json\" class=\"yoast-schema-graph\">{\"@context\":\"https:\\\/\\\/schema.org\",\"@graph\":[{\"@type\":\"WebPage\",\"@id\":\"https:\\\/\\\/www.guides-sports-loisirs.ca\\\/skateparcs\\\/conception\\\/design\\\/\",\"url\":\"https:\\\/\\\/www.guides-sports-loisirs.ca\\\/skateparcs\\\/conception\\\/design\\\/\",\"name\":\"Design - Skateparcs\",\"isPartOf\":{\"@id\":\"https:\\\/\\\/www.guides-sports-loisirs.ca\\\/skateparcs\\\/#website\"},\"datePublished\":\"2022-06-15T14:58:48+00:00\",\"dateModified\":\"2022-07-07T14:58:57+00:00\",\"breadcrumb\":{\"@id\":\"https:\\\/\\\/www.guides-sports-loisirs.ca\\\/skateparcs\\\/conception\\\/design\\\/#breadcrumb\"},\"inLanguage\":\"fr-FR\",\"potentialAction\":[{\"@type\":\"ReadAction\",\"target\":[\"https:\\\/\\\/www.guides-sports-loisirs.ca\\\/skateparcs\\\/conception\\\/design\\\/\"]}]},{\"@type\":\"BreadcrumbList\",\"@id\":\"https:\\\/\\\/www.guides-sports-loisirs.ca\\\/skateparcs\\\/conception\\\/design\\\/#breadcrumb\",\"itemListElement\":[{\"@type\":\"ListItem\",\"position\":1,\"name\":\"Accueil\",\"item\":\"https:\\\/\\\/www.guides-sports-loisirs.ca\\\/skateparcs\\\/\"},{\"@type\":\"ListItem\",\"position\":2,\"name\":\"Conception\",\"item\":\"https:\\\/\\\/www.guides-sports-loisirs.ca\\\/skateparcs\\\/conception\\\/\"},{\"@type\":\"ListItem\",\"position\":3,\"name\":\"Design\"}]},{\"@type\":\"WebSite\",\"@id\":\"https:\\\/\\\/www.guides-sports-loisirs.ca\\\/skateparcs\\\/#website\",\"url\":\"https:\\\/\\\/www.guides-sports-loisirs.ca\\\/skateparcs\\\/\",\"name\":\"Skateparcs\",\"description\":\"Skateparcs\",\"potentialAction\":[{\"@type\":\"SearchAction\",\"target\":{\"@type\":\"EntryPoint\",\"urlTemplate\":\"https:\\\/\\\/www.guides-sports-loisirs.ca\\\/skateparcs\\\/?s={search_term_string}\"},\"query-input\":{\"@type\":\"PropertyValueSpecification\",\"valueRequired\":true,\"valueName\":\"search_term_string\"}}],\"inLanguage\":\"fr-FR\"}]}<\/script>\n<!-- \/ Yoast SEO plugin. -->","yoast_head_json":{"title":"Design - Skateparcs","robots":{"index":"index","follow":"follow","max-snippet":"max-snippet:-1","max-image-preview":"max-image-preview:large","max-video-preview":"max-video-preview:-1"},"canonical":"https:\/\/www.guides-sports-loisirs.ca\/skateparcs\/conception\/design\/","og_locale":"fr_FR","og_type":"article","og_title":"Design - Skateparcs","og_description":"[vc_row][vc_column width=\u00a0\u00bb1\/1&Prime;][vc_column_text css=\u00a0\u00bb.vc_custom_1655305194355{margin-bottom: 20px !important;}\u00a0\u00bb]Les possibilit\u00e9s de modules sur un parcours sont infinies. Les adeptes appr\u00e9cient les modules de base [&hellip;]","og_url":"https:\/\/www.guides-sports-loisirs.ca\/skateparcs\/conception\/design\/","og_site_name":"Skateparcs","article_modified_time":"2022-07-07T14:58:57+00:00","twitter_card":"summary_large_image","twitter_misc":{"Dur\u00e9e de lecture estim\u00e9e":"2 minutes"},"schema":{"@context":"https:\/\/schema.org","@graph":[{"@type":"WebPage","@id":"https:\/\/www.guides-sports-loisirs.ca\/skateparcs\/conception\/design\/","url":"https:\/\/www.guides-sports-loisirs.ca\/skateparcs\/conception\/design\/","name":"Design - Skateparcs","isPartOf":{"@id":"https:\/\/www.guides-sports-loisirs.ca\/skateparcs\/#website"},"datePublished":"2022-06-15T14:58:48+00:00","dateModified":"2022-07-07T14:58:57+00:00","breadcrumb":{"@id":"https:\/\/www.guides-sports-loisirs.ca\/skateparcs\/conception\/design\/#breadcrumb"},"inLanguage":"fr-FR","potentialAction":[{"@type":"ReadAction","target":["https:\/\/www.guides-sports-loisirs.ca\/skateparcs\/conception\/design\/"]}]},{"@type":"BreadcrumbList","@id":"https:\/\/www.guides-sports-loisirs.ca\/skateparcs\/conception\/design\/#breadcrumb","itemListElement":[{"@type":"ListItem","position":1,"name":"Accueil","item":"https:\/\/www.guides-sports-loisirs.ca\/skateparcs\/"},{"@type":"ListItem","position":2,"name":"Conception","item":"https:\/\/www.guides-sports-loisirs.ca\/skateparcs\/conception\/"},{"@type":"ListItem","position":3,"name":"Design"}]},{"@type":"WebSite","@id":"https:\/\/www.guides-sports-loisirs.ca\/skateparcs\/#website","url":"https:\/\/www.guides-sports-loisirs.ca\/skateparcs\/","name":"Skateparcs","description":"Skateparcs","potentialAction":[{"@type":"SearchAction","target":{"@type":"EntryPoint","urlTemplate":"https:\/\/www.guides-sports-loisirs.ca\/skateparcs\/?s={search_term_string}"},"query-input":{"@type":"PropertyValueSpecification","valueRequired":true,"valueName":"search_term_string"}}],"inLanguage":"fr-FR"}]}},"_links":{"self":[{"href":"https:\/\/www.guides-sports-loisirs.ca\/skateparcs\/wp-json\/wp\/v2\/pages\/3855","targetHints":{"allow":["GET"]}}],"collection":[{"href":"https:\/\/www.guides-sports-loisirs.ca\/skateparcs\/wp-json\/wp\/v2\/pages"}],"about":[{"href":"https:\/\/www.guides-sports-loisirs.ca\/skateparcs\/wp-json\/wp\/v2\/types\/page"}],"author":[{"embeddable":true,"href":"https:\/\/www.guides-sports-loisirs.ca\/skateparcs\/wp-json\/wp\/v2\/users\/11"}],"replies":[{"embeddable":true,"href":"https:\/\/www.guides-sports-loisirs.ca\/skateparcs\/wp-json\/wp\/v2\/comments?post=3855"}],"version-history":[{"count":19,"href":"https:\/\/www.guides-sports-loisirs.ca\/skateparcs\/wp-json\/wp\/v2\/pages\/3855\/revisions"}],"predecessor-version":[{"id":4333,"href":"https:\/\/www.guides-sports-loisirs.ca\/skateparcs\/wp-json\/wp\/v2\/pages\/3855\/revisions\/4333"}],"up":[{"embeddable":true,"href":"https:\/\/www.guides-sports-loisirs.ca\/skateparcs\/wp-json\/wp\/v2\/pages\/2255"}],"wp:attachment":[{"href":"https:\/\/www.guides-sports-loisirs.ca\/skateparcs\/wp-json\/wp\/v2\/media?parent=3855"}],"curies":[{"name":"wp","href":"https:\/\/api.w.org\/{rel}","templated":true}]}}