{"id":3773,"date":"2022-06-07T10:58:25","date_gmt":"2022-06-07T14:58:25","guid":{"rendered":"https:\/\/www.guides-sports-loisirs.ca\/skateparcs\/?page_id=3773"},"modified":"2022-06-20T11:57:23","modified_gmt":"2022-06-20T15:57:23","slug":"reglementation","status":"publish","type":"page","link":"https:\/\/www.guides-sports-loisirs.ca\/skateparcs\/planification\/reglementation\/","title":{"rendered":"R\u00e9glementation"},"content":{"rendered":"<div class=\"wpb-content-wrapper\"><p>[vc_row][vc_column width=\u00a0\u00bb1\/1&Prime;][vc_column_text]<strong>Les sports principaux pratiqu\u00e9s dans les skateparcs sont g\u00e9n\u00e9ralement libres de r\u00e8glements et d\u2019encadrement. Le choix des disciplines et des man\u0153uvres est laiss\u00e9 \u00e0 la discr\u00e9tion des usagers et aucune marche \u00e0 suivre officielle n\u2019est de mise pour la pratique. Les usagers b\u00e9n\u00e9ficient d\u2019une libert\u00e9 de pratique presque totale : ils pratiquent les figures de leur choix en tout temps. Comme ces sports sont individuels, les usagers n\u2019ont pas besoin de suivre quelque cadence ou quelque rythme.<\/strong>[\/vc_column_text][vc_accordion][vc_accordion_tab title=\u00a0\u00bbASSOCIATIONS PROFESSIONNELLES\u00a0\u00bb tab_id=\u00a0\u00bb1654871767-1-11&Prime;][vc_column_text]Peu d\u2019associations professionnelles r\u00e9glementent et encadrent les sports pratiqu\u00e9s dans les skateparcs. G\u00e9n\u00e9ralement, les organisations sont d\u00e9centralis\u00e9es : les clubs de skate, les \u00e9coles et les organisateurs d\u2019\u00e9v\u00e9nements comp\u00e9titifs sont majoritairement compos\u00e9s d\u2019acteurs impliqu\u00e9s dans le domaine au niveau local.<\/p>\n<p><strong>Canada<\/strong><br \/>\nSkateboard : Canada Skateboard (f\u00e9d\u00e9ration nationale)<\/p>\n<p><strong>Qu\u00e9bec<\/strong><br \/>\nSkateboard : F\u00e9d\u00e9ration de skateboard du Qu\u00e9bec<br \/>\nBMX : F\u00e9d\u00e9ration qu\u00e9b\u00e9coise des sports cyclistes (ne r\u00e9git que la course)<br \/>\nTrottinette : aucune f\u00e9d\u00e9ration ou association<br \/>\nPatin \u00e0 roulettes : aucune f\u00e9d\u00e9ration ou association[\/vc_column_text][\/vc_accordion_tab][vc_accordion_tab title=\u00a0\u00bbLOIS ET ENCADREMENT\u00a0\u00bb tab_id=\u00a0\u00bb1654871767-2-39&Prime;][vc_column_text]Peu de lois balisent la pratique de ces sports, mais ceux-ci sont g\u00e9n\u00e9ralement interdits sur la voie publique. Circuler sur la chauss\u00e9e avec un skateboard, des patins \u00e0 roues align\u00e9es, une trottinette ou tout autre v\u00e9hicule-jouet est passible d\u2019une amende de 80 \u00e0 100 $ plus les frais<sup>2<\/sup>.<\/p>\n<p>Les skateparcs sont les seuls endroits o\u00f9 les adeptes peuvent s\u2019adonner l\u00e9galement \u00e0 leur discipline. Il n\u2019existe aucune r\u00e9glementation officielle sur les \u00e9quipements de protection.<\/p>\n<p>De leur c\u00f4t\u00e9, les constructeurs sp\u00e9cialis\u00e9s de skateparcs sont r\u00e9gis par les lois de la construction et les lois sur les contrats publics.<\/p>\n<hr \/>\n<p><strong>[2] <\/strong>Soci\u00e9t\u00e9 de l\u2019assurance automobile du Qu\u00e9bec, <a href=\"https:\/\/saaq.gouv.qc.ca\/securite-routiere\/moyens-deplacement\/patins-skate-trotinette\/ce-que-dit-la-loi\/\" target=\"_blank\" rel=\"noopener noreferrer\">S\u00e9curit\u00e9 routi\u00e8re en patins, en planche \u00e0 roulettes, en trottinette.<\/a>[\/vc_column_text][\/vc_accordion_tab][\/vc_accordion][\/vc_column][\/vc_row][vc_row][\/vc_row][vc_row row_height_percent=\u00a0\u00bb0&Prime; overlay_alpha=\u00a0\u00bb50&Prime; gutter_size=\u00a0\u00bb3&Prime; shift_y=\u00a0\u00bb0&Prime; css=\u00a0\u00bb.vc_custom_1569108843026{margin-bottom: 50px !important;}\u00a0\u00bb][vc_column width=\u00a0\u00bb1\/1&Prime;][vc_button button_color=\u00a0\u00bbaccent\u00a0\u00bb size=\u00a0\u00bbbtn-lg\u00a0\u00bb radius=\u00a0\u00bbbtn-circle\u00a0\u00bb border_width=\u00a0\u00bb0&Prime; link=\u00a0\u00bburl:https%3A%2F%2Fwww.guides-sports-loisirs.ca%2Fskateparcs%2Fwp-content%2Fuploads%2Fsites%2F20%2F2022%2F06%2F2.1_Planification_Reglementation.pdf||target:%20_blank|\u00a0\u00bb icon=\u00a0\u00bbfa fa-file-o\u00a0\u00bb el_class=\u00a0\u00bbbtn-pdf\u00a0\u00bb]Version PDF[\/vc_button][\/vc_column][\/vc_row]<\/p>\n<\/div>","protected":false},"excerpt":{"rendered":"<p>[vc_row][vc_column width=\u00a0\u00bb1\/1&Prime;][vc_column_text]Les sports principaux pratiqu\u00e9s dans les skateparcs sont g\u00e9n\u00e9ralement libres de r\u00e8glements et d\u2019encadrement. Le choix des disciplines et [&hellip;]<\/p>\n","protected":false},"author":11,"featured_media":0,"parent":2016,"menu_order":10,"comment_status":"closed","ping_status":"closed","template":"","meta":{"_acf_changed":false,"footnotes":""},"class_list":["post-3773","page","type-page","status-publish","hentry"],"acf":[],"yoast_head":"<!-- This site is optimized with the Yoast SEO plugin v27.4 - https:\/\/yoast.com\/product\/yoast-seo-wordpress\/ -->\n<title>R\u00e9glementation - Skateparcs<\/title>\n<meta name=\"robots\" content=\"index, follow, max-snippet:-1, max-image-preview:large, max-video-preview:-1\" \/>\n<link rel=\"canonical\" href=\"https:\/\/www.guides-sports-loisirs.ca\/skateparcs\/planification\/reglementation\/\" \/>\n<meta property=\"og:locale\" content=\"fr_FR\" \/>\n<meta property=\"og:type\" content=\"article\" \/>\n<meta property=\"og:title\" content=\"R\u00e9glementation - Skateparcs\" \/>\n<meta property=\"og:description\" content=\"[vc_row][vc_column width=\u00a0\u00bb1\/1&Prime;][vc_column_text]Les sports principaux pratiqu\u00e9s dans les skateparcs sont g\u00e9n\u00e9ralement libres de r\u00e8glements et d\u2019encadrement. Le choix des disciplines et [&hellip;]\" \/>\n<meta property=\"og:url\" content=\"https:\/\/www.guides-sports-loisirs.ca\/skateparcs\/planification\/reglementation\/\" \/>\n<meta property=\"og:site_name\" content=\"Skateparcs\" \/>\n<meta property=\"article:modified_time\" content=\"2022-06-20T15:57:23+00:00\" \/>\n<meta name=\"twitter:card\" content=\"summary_large_image\" \/>\n<meta name=\"twitter:label1\" content=\"Dur\u00e9e de lecture estim\u00e9e\" \/>\n\t<meta name=\"twitter:data1\" content=\"2 minutes\" \/>\n<script type=\"application\/ld+json\" class=\"yoast-schema-graph\">{\"@context\":\"https:\\\/\\\/schema.org\",\"@graph\":[{\"@type\":\"WebPage\",\"@id\":\"https:\\\/\\\/www.guides-sports-loisirs.ca\\\/skateparcs\\\/planification\\\/reglementation\\\/\",\"url\":\"https:\\\/\\\/www.guides-sports-loisirs.ca\\\/skateparcs\\\/planification\\\/reglementation\\\/\",\"name\":\"R\u00e9glementation - Skateparcs\",\"isPartOf\":{\"@id\":\"https:\\\/\\\/www.guides-sports-loisirs.ca\\\/skateparcs\\\/#website\"},\"datePublished\":\"2022-06-07T14:58:25+00:00\",\"dateModified\":\"2022-06-20T15:57:23+00:00\",\"breadcrumb\":{\"@id\":\"https:\\\/\\\/www.guides-sports-loisirs.ca\\\/skateparcs\\\/planification\\\/reglementation\\\/#breadcrumb\"},\"inLanguage\":\"fr-FR\",\"potentialAction\":[{\"@type\":\"ReadAction\",\"target\":[\"https:\\\/\\\/www.guides-sports-loisirs.ca\\\/skateparcs\\\/planification\\\/reglementation\\\/\"]}]},{\"@type\":\"BreadcrumbList\",\"@id\":\"https:\\\/\\\/www.guides-sports-loisirs.ca\\\/skateparcs\\\/planification\\\/reglementation\\\/#breadcrumb\",\"itemListElement\":[{\"@type\":\"ListItem\",\"position\":1,\"name\":\"Accueil\",\"item\":\"https:\\\/\\\/www.guides-sports-loisirs.ca\\\/skateparcs\\\/\"},{\"@type\":\"ListItem\",\"position\":2,\"name\":\"Planification\",\"item\":\"https:\\\/\\\/www.guides-sports-loisirs.ca\\\/skateparcs\\\/planification\\\/\"},{\"@type\":\"ListItem\",\"position\":3,\"name\":\"R\u00e9glementation\"}]},{\"@type\":\"WebSite\",\"@id\":\"https:\\\/\\\/www.guides-sports-loisirs.ca\\\/skateparcs\\\/#website\",\"url\":\"https:\\\/\\\/www.guides-sports-loisirs.ca\\\/skateparcs\\\/\",\"name\":\"Skateparcs\",\"description\":\"Skateparcs\",\"potentialAction\":[{\"@type\":\"SearchAction\",\"target\":{\"@type\":\"EntryPoint\",\"urlTemplate\":\"https:\\\/\\\/www.guides-sports-loisirs.ca\\\/skateparcs\\\/?s={search_term_string}\"},\"query-input\":{\"@type\":\"PropertyValueSpecification\",\"valueRequired\":true,\"valueName\":\"search_term_string\"}}],\"inLanguage\":\"fr-FR\"}]}<\/script>\n<!-- \/ Yoast SEO plugin. -->","yoast_head_json":{"title":"R\u00e9glementation - Skateparcs","robots":{"index":"index","follow":"follow","max-snippet":"max-snippet:-1","max-image-preview":"max-image-preview:large","max-video-preview":"max-video-preview:-1"},"canonical":"https:\/\/www.guides-sports-loisirs.ca\/skateparcs\/planification\/reglementation\/","og_locale":"fr_FR","og_type":"article","og_title":"R\u00e9glementation - Skateparcs","og_description":"[vc_row][vc_column width=\u00a0\u00bb1\/1&Prime;][vc_column_text]Les sports principaux pratiqu\u00e9s dans les skateparcs sont g\u00e9n\u00e9ralement libres de r\u00e8glements et d\u2019encadrement. Le choix des disciplines et [&hellip;]","og_url":"https:\/\/www.guides-sports-loisirs.ca\/skateparcs\/planification\/reglementation\/","og_site_name":"Skateparcs","article_modified_time":"2022-06-20T15:57:23+00:00","twitter_card":"summary_large_image","twitter_misc":{"Dur\u00e9e de lecture estim\u00e9e":"2 minutes"},"schema":{"@context":"https:\/\/schema.org","@graph":[{"@type":"WebPage","@id":"https:\/\/www.guides-sports-loisirs.ca\/skateparcs\/planification\/reglementation\/","url":"https:\/\/www.guides-sports-loisirs.ca\/skateparcs\/planification\/reglementation\/","name":"R\u00e9glementation - Skateparcs","isPartOf":{"@id":"https:\/\/www.guides-sports-loisirs.ca\/skateparcs\/#website"},"datePublished":"2022-06-07T14:58:25+00:00","dateModified":"2022-06-20T15:57:23+00:00","breadcrumb":{"@id":"https:\/\/www.guides-sports-loisirs.ca\/skateparcs\/planification\/reglementation\/#breadcrumb"},"inLanguage":"fr-FR","potentialAction":[{"@type":"ReadAction","target":["https:\/\/www.guides-sports-loisirs.ca\/skateparcs\/planification\/reglementation\/"]}]},{"@type":"BreadcrumbList","@id":"https:\/\/www.guides-sports-loisirs.ca\/skateparcs\/planification\/reglementation\/#breadcrumb","itemListElement":[{"@type":"ListItem","position":1,"name":"Accueil","item":"https:\/\/www.guides-sports-loisirs.ca\/skateparcs\/"},{"@type":"ListItem","position":2,"name":"Planification","item":"https:\/\/www.guides-sports-loisirs.ca\/skateparcs\/planification\/"},{"@type":"ListItem","position":3,"name":"R\u00e9glementation"}]},{"@type":"WebSite","@id":"https:\/\/www.guides-sports-loisirs.ca\/skateparcs\/#website","url":"https:\/\/www.guides-sports-loisirs.ca\/skateparcs\/","name":"Skateparcs","description":"Skateparcs","potentialAction":[{"@type":"SearchAction","target":{"@type":"EntryPoint","urlTemplate":"https:\/\/www.guides-sports-loisirs.ca\/skateparcs\/?s={search_term_string}"},"query-input":{"@type":"PropertyValueSpecification","valueRequired":true,"valueName":"search_term_string"}}],"inLanguage":"fr-FR"}]}},"_links":{"self":[{"href":"https:\/\/www.guides-sports-loisirs.ca\/skateparcs\/wp-json\/wp\/v2\/pages\/3773","targetHints":{"allow":["GET"]}}],"collection":[{"href":"https:\/\/www.guides-sports-loisirs.ca\/skateparcs\/wp-json\/wp\/v2\/pages"}],"about":[{"href":"https:\/\/www.guides-sports-loisirs.ca\/skateparcs\/wp-json\/wp\/v2\/types\/page"}],"author":[{"embeddable":true,"href":"https:\/\/www.guides-sports-loisirs.ca\/skateparcs\/wp-json\/wp\/v2\/users\/11"}],"replies":[{"embeddable":true,"href":"https:\/\/www.guides-sports-loisirs.ca\/skateparcs\/wp-json\/wp\/v2\/comments?post=3773"}],"version-history":[{"count":7,"href":"https:\/\/www.guides-sports-loisirs.ca\/skateparcs\/wp-json\/wp\/v2\/pages\/3773\/revisions"}],"predecessor-version":[{"id":3817,"href":"https:\/\/www.guides-sports-loisirs.ca\/skateparcs\/wp-json\/wp\/v2\/pages\/3773\/revisions\/3817"}],"up":[{"embeddable":true,"href":"https:\/\/www.guides-sports-loisirs.ca\/skateparcs\/wp-json\/wp\/v2\/pages\/2016"}],"wp:attachment":[{"href":"https:\/\/www.guides-sports-loisirs.ca\/skateparcs\/wp-json\/wp\/v2\/media?parent=3773"}],"curies":[{"name":"wp","href":"https:\/\/api.w.org\/{rel}","templated":true}]}}