{"id":3492,"date":"2021-10-07T15:01:04","date_gmt":"2021-10-07T19:01:04","guid":{"rendered":"https:\/\/www.guides-sports-loisirs.ca\/skateparcs\/?page_id=3492"},"modified":"2022-06-17T16:15:54","modified_gmt":"2022-06-17T20:15:54","slug":"surveillance","status":"publish","type":"page","link":"https:\/\/www.guides-sports-loisirs.ca\/skateparcs\/exploitation\/surveillance\/","title":{"rendered":"Surveillance"},"content":{"rendered":"<div class=\"wpb-content-wrapper\"><p>[vc_row][vc_column width=\u00a0\u00bb1\/1&Prime;][vc_accordion active_tab=\u00a0\u00bb0&Prime;][vc_accordion_tab title=\u00a0\u00bbSURVEILLANCE POTENTIELLE\u00a0\u00bb tab_id=\u00a0\u00bb2d8151ec-f97e-0&Prime;][vc_column_text]Il est possible de mettre en place un syst\u00e8me de surveillance ponctuelle pour le site. Les surveillants peuvent \u00eatre affect\u00e9s au skateparc en tout temps ou seulement durant les heures de fort achalandage. Il peut \u00eatre int\u00e9ressant de combiner les services de surveillance \u00e0 d\u2019autres services, par exemple la pr\u00e9sentation de cours ou de sessions d\u2019initiation.[\/vc_column_text][\/vc_accordion_tab][vc_accordion_tab title=\u00a0\u00bbSURVEILLANCE SPORADIQUE\u00a0\u00bb tab_id=\u00a0\u00bbe861944b-1d4b-6&Prime;][vc_column_text]S\u2019il est jug\u00e9 peu appropri\u00e9 d\u2019engager un surveillant \u00e0 plein temps, diff\u00e9rents services peuvent \u00eatre mis \u00e0 contribution pour assurer que l\u2019exploitation du skateparc se passe bien. Des policiers, des intervenants jeunesse, des employ\u00e9s de la municipalit\u00e9 ou des employ\u00e9s des maisons des jeunes peuvent faire des visites sporadiques en ce sens.[\/vc_column_text][\/vc_accordion_tab][vc_accordion_tab title=\u00a0\u00bbHEURES D&rsquo;OUVERTURE\u00a0\u00bb tab_id=\u00a0\u00bb1633629481201-2-3&Prime;][vc_column_text]Compte tenu du bruit possible et des attroupements, la municipalit\u00e9 peut restreindre les heures d\u2019ouverture \u00e0 sa convenance et selon les demandes ou les plaintes des r\u00e9sidents \u00e0 proximit\u00e9. Il est conseill\u00e9 d\u2019offrir les m\u00eames heures d\u2019ouverture que dans l\u2019ensemble des parcs de la municipalit\u00e9 afin d\u2019assurer une uniformit\u00e9 qui \u00e9vitera toute confusion.<\/p>\n<p>Les heures d\u2019ouverture d\u2019un skateparc vont g\u00e9n\u00e9ralement de 8 h \u00e0 21 h 30 ou 22 h. il faut tenir compte du lieu (quartier r\u00e9sidentiel, parc, terrain \u00e9loign\u00e9, etc.) et de la r\u00e9glementation d\u2019ensemble des parcs municipaux. Le skateparc doit cependant \u00eatre ferm\u00e9 apr\u00e8s le coucher du soleil s\u2019il n\u2019est pas \u00e9clair\u00e9.[\/vc_column_text][\/vc_accordion_tab][\/vc_accordion][\/vc_column][\/vc_row][vc_row][\/vc_row][vc_row row_height_percent=\u00a0\u00bb0&Prime; overlay_alpha=\u00a0\u00bb50&Prime; gutter_size=\u00a0\u00bb3&Prime; shift_y=\u00a0\u00bb0&Prime; css=\u00a0\u00bb.vc_custom_1569108716255{margin-bottom: 50px !important;}\u00a0\u00bb][vc_column width=\u00a0\u00bb1\/1&Prime;][vc_button button_color=\u00a0\u00bbaccent\u00a0\u00bb size=\u00a0\u00bbbtn-lg\u00a0\u00bb radius=\u00a0\u00bbbtn-circle\u00a0\u00bb border_width=\u00a0\u00bb0&Prime; link=\u00a0\u00bburl:https%3A%2F%2Fwww.guides-sports-loisirs.ca%2Fskateparcs%2Fwp-content%2Fuploads%2Fsites%2F20%2F2022%2F06%2F5.3_Exploitation_Surveillance.pdf||target:%20_blank|\u00a0\u00bb icon=\u00a0\u00bbfa fa-file-o\u00a0\u00bb el_class=\u00a0\u00bbbtn-pdf\u00a0\u00bb]Version PDF[\/vc_button][\/vc_column][\/vc_row]<\/p>\n<\/div>","protected":false},"excerpt":{"rendered":"<p>[vc_row][vc_column width=\u00a0\u00bb1\/1&Prime;][vc_accordion active_tab=\u00a0\u00bb0&Prime;][vc_accordion_tab title=\u00a0\u00bbSURVEILLANCE POTENTIELLE\u00a0\u00bb tab_id=\u00a0\u00bb2d8151ec-f97e-0&Prime;][vc_column_text]Il est possible de mettre en place un syst\u00e8me de surveillance ponctuelle pour le site. [&hellip;]<\/p>\n","protected":false},"author":17,"featured_media":0,"parent":2278,"menu_order":24,"comment_status":"closed","ping_status":"closed","template":"","meta":{"_acf_changed":false,"footnotes":""},"class_list":["post-3492","page","type-page","status-publish","hentry"],"acf":[],"yoast_head":"<!-- This site is optimized with the Yoast SEO plugin v27.4 - https:\/\/yoast.com\/product\/yoast-seo-wordpress\/ -->\n<title>Surveillance - Skateparcs<\/title>\n<meta name=\"robots\" content=\"index, follow, max-snippet:-1, max-image-preview:large, max-video-preview:-1\" \/>\n<link rel=\"canonical\" href=\"https:\/\/www.guides-sports-loisirs.ca\/skateparcs\/exploitation\/surveillance\/\" \/>\n<meta property=\"og:locale\" content=\"fr_FR\" \/>\n<meta property=\"og:type\" content=\"article\" \/>\n<meta property=\"og:title\" content=\"Surveillance - Skateparcs\" \/>\n<meta property=\"og:description\" content=\"[vc_row][vc_column width=\u00a0\u00bb1\/1&Prime;][vc_accordion active_tab=\u00a0\u00bb0&Prime;][vc_accordion_tab title=\u00a0\u00bbSURVEILLANCE POTENTIELLE\u00a0\u00bb tab_id=\u00a0\u00bb2d8151ec-f97e-0&Prime;][vc_column_text]Il est possible de mettre en place un syst\u00e8me de surveillance ponctuelle pour le site. [&hellip;]\" \/>\n<meta property=\"og:url\" content=\"https:\/\/www.guides-sports-loisirs.ca\/skateparcs\/exploitation\/surveillance\/\" \/>\n<meta property=\"og:site_name\" content=\"Skateparcs\" \/>\n<meta property=\"article:modified_time\" content=\"2022-06-17T20:15:54+00:00\" \/>\n<meta name=\"twitter:card\" content=\"summary_large_image\" \/>\n<meta name=\"twitter:label1\" content=\"Dur\u00e9e de lecture estim\u00e9e\" \/>\n\t<meta name=\"twitter:data1\" content=\"2 minutes\" \/>\n<script type=\"application\/ld+json\" class=\"yoast-schema-graph\">{\"@context\":\"https:\\\/\\\/schema.org\",\"@graph\":[{\"@type\":\"WebPage\",\"@id\":\"https:\\\/\\\/www.guides-sports-loisirs.ca\\\/skateparcs\\\/exploitation\\\/surveillance\\\/\",\"url\":\"https:\\\/\\\/www.guides-sports-loisirs.ca\\\/skateparcs\\\/exploitation\\\/surveillance\\\/\",\"name\":\"Surveillance - Skateparcs\",\"isPartOf\":{\"@id\":\"https:\\\/\\\/www.guides-sports-loisirs.ca\\\/skateparcs\\\/#website\"},\"datePublished\":\"2021-10-07T19:01:04+00:00\",\"dateModified\":\"2022-06-17T20:15:54+00:00\",\"breadcrumb\":{\"@id\":\"https:\\\/\\\/www.guides-sports-loisirs.ca\\\/skateparcs\\\/exploitation\\\/surveillance\\\/#breadcrumb\"},\"inLanguage\":\"fr-FR\",\"potentialAction\":[{\"@type\":\"ReadAction\",\"target\":[\"https:\\\/\\\/www.guides-sports-loisirs.ca\\\/skateparcs\\\/exploitation\\\/surveillance\\\/\"]}]},{\"@type\":\"BreadcrumbList\",\"@id\":\"https:\\\/\\\/www.guides-sports-loisirs.ca\\\/skateparcs\\\/exploitation\\\/surveillance\\\/#breadcrumb\",\"itemListElement\":[{\"@type\":\"ListItem\",\"position\":1,\"name\":\"Accueil\",\"item\":\"https:\\\/\\\/www.guides-sports-loisirs.ca\\\/skateparcs\\\/\"},{\"@type\":\"ListItem\",\"position\":2,\"name\":\"Exploitation\",\"item\":\"https:\\\/\\\/www.guides-sports-loisirs.ca\\\/skateparcs\\\/exploitation\\\/\"},{\"@type\":\"ListItem\",\"position\":3,\"name\":\"Surveillance\"}]},{\"@type\":\"WebSite\",\"@id\":\"https:\\\/\\\/www.guides-sports-loisirs.ca\\\/skateparcs\\\/#website\",\"url\":\"https:\\\/\\\/www.guides-sports-loisirs.ca\\\/skateparcs\\\/\",\"name\":\"Skateparcs\",\"description\":\"Skateparcs\",\"potentialAction\":[{\"@type\":\"SearchAction\",\"target\":{\"@type\":\"EntryPoint\",\"urlTemplate\":\"https:\\\/\\\/www.guides-sports-loisirs.ca\\\/skateparcs\\\/?s={search_term_string}\"},\"query-input\":{\"@type\":\"PropertyValueSpecification\",\"valueRequired\":true,\"valueName\":\"search_term_string\"}}],\"inLanguage\":\"fr-FR\"}]}<\/script>\n<!-- \/ Yoast SEO plugin. -->","yoast_head_json":{"title":"Surveillance - Skateparcs","robots":{"index":"index","follow":"follow","max-snippet":"max-snippet:-1","max-image-preview":"max-image-preview:large","max-video-preview":"max-video-preview:-1"},"canonical":"https:\/\/www.guides-sports-loisirs.ca\/skateparcs\/exploitation\/surveillance\/","og_locale":"fr_FR","og_type":"article","og_title":"Surveillance - Skateparcs","og_description":"[vc_row][vc_column width=\u00a0\u00bb1\/1&Prime;][vc_accordion active_tab=\u00a0\u00bb0&Prime;][vc_accordion_tab title=\u00a0\u00bbSURVEILLANCE POTENTIELLE\u00a0\u00bb tab_id=\u00a0\u00bb2d8151ec-f97e-0&Prime;][vc_column_text]Il est possible de mettre en place un syst\u00e8me de surveillance ponctuelle pour le site. [&hellip;]","og_url":"https:\/\/www.guides-sports-loisirs.ca\/skateparcs\/exploitation\/surveillance\/","og_site_name":"Skateparcs","article_modified_time":"2022-06-17T20:15:54+00:00","twitter_card":"summary_large_image","twitter_misc":{"Dur\u00e9e de lecture estim\u00e9e":"2 minutes"},"schema":{"@context":"https:\/\/schema.org","@graph":[{"@type":"WebPage","@id":"https:\/\/www.guides-sports-loisirs.ca\/skateparcs\/exploitation\/surveillance\/","url":"https:\/\/www.guides-sports-loisirs.ca\/skateparcs\/exploitation\/surveillance\/","name":"Surveillance - Skateparcs","isPartOf":{"@id":"https:\/\/www.guides-sports-loisirs.ca\/skateparcs\/#website"},"datePublished":"2021-10-07T19:01:04+00:00","dateModified":"2022-06-17T20:15:54+00:00","breadcrumb":{"@id":"https:\/\/www.guides-sports-loisirs.ca\/skateparcs\/exploitation\/surveillance\/#breadcrumb"},"inLanguage":"fr-FR","potentialAction":[{"@type":"ReadAction","target":["https:\/\/www.guides-sports-loisirs.ca\/skateparcs\/exploitation\/surveillance\/"]}]},{"@type":"BreadcrumbList","@id":"https:\/\/www.guides-sports-loisirs.ca\/skateparcs\/exploitation\/surveillance\/#breadcrumb","itemListElement":[{"@type":"ListItem","position":1,"name":"Accueil","item":"https:\/\/www.guides-sports-loisirs.ca\/skateparcs\/"},{"@type":"ListItem","position":2,"name":"Exploitation","item":"https:\/\/www.guides-sports-loisirs.ca\/skateparcs\/exploitation\/"},{"@type":"ListItem","position":3,"name":"Surveillance"}]},{"@type":"WebSite","@id":"https:\/\/www.guides-sports-loisirs.ca\/skateparcs\/#website","url":"https:\/\/www.guides-sports-loisirs.ca\/skateparcs\/","name":"Skateparcs","description":"Skateparcs","potentialAction":[{"@type":"SearchAction","target":{"@type":"EntryPoint","urlTemplate":"https:\/\/www.guides-sports-loisirs.ca\/skateparcs\/?s={search_term_string}"},"query-input":{"@type":"PropertyValueSpecification","valueRequired":true,"valueName":"search_term_string"}}],"inLanguage":"fr-FR"}]}},"_links":{"self":[{"href":"https:\/\/www.guides-sports-loisirs.ca\/skateparcs\/wp-json\/wp\/v2\/pages\/3492","targetHints":{"allow":["GET"]}}],"collection":[{"href":"https:\/\/www.guides-sports-loisirs.ca\/skateparcs\/wp-json\/wp\/v2\/pages"}],"about":[{"href":"https:\/\/www.guides-sports-loisirs.ca\/skateparcs\/wp-json\/wp\/v2\/types\/page"}],"author":[{"embeddable":true,"href":"https:\/\/www.guides-sports-loisirs.ca\/skateparcs\/wp-json\/wp\/v2\/users\/17"}],"replies":[{"embeddable":true,"href":"https:\/\/www.guides-sports-loisirs.ca\/skateparcs\/wp-json\/wp\/v2\/comments?post=3492"}],"version-history":[{"count":14,"href":"https:\/\/www.guides-sports-loisirs.ca\/skateparcs\/wp-json\/wp\/v2\/pages\/3492\/revisions"}],"predecessor-version":[{"id":3998,"href":"https:\/\/www.guides-sports-loisirs.ca\/skateparcs\/wp-json\/wp\/v2\/pages\/3492\/revisions\/3998"}],"up":[{"embeddable":true,"href":"https:\/\/www.guides-sports-loisirs.ca\/skateparcs\/wp-json\/wp\/v2\/pages\/2278"}],"wp:attachment":[{"href":"https:\/\/www.guides-sports-loisirs.ca\/skateparcs\/wp-json\/wp\/v2\/media?parent=3492"}],"curies":[{"name":"wp","href":"https:\/\/api.w.org\/{rel}","templated":true}]}}