{"id":3424,"date":"2021-10-07T10:09:06","date_gmt":"2021-10-07T14:09:06","guid":{"rendered":"https:\/\/www.guides-sports-loisirs.ca\/skateparcs\/?page_id=3424"},"modified":"2022-06-20T11:47:12","modified_gmt":"2022-06-20T15:47:12","slug":"comportements-attitudes","status":"publish","type":"page","link":"https:\/\/www.guides-sports-loisirs.ca\/skateparcs\/securite-integrite\/comportements-attitudes\/","title":{"rendered":"Comportements et attitudes"},"content":{"rendered":"<div class=\"wpb-content-wrapper\"><p>[vc_row][vc_column width=\u00a0\u00bb1\/1&Prime;][vc_accordion][vc_accordion_tab title=\u00a0\u00bbR\u00c8GLEMENTS\u00a0\u00bb tab_id=\u00a0\u00bb1655503072-1-89&Prime;][vc_column_text]Il n\u2019y a pas de r\u00e8glements officiels pour encadrer la pratique des sports individuels dans un skateparc : chacun effectue des prouesses \u00e0 sa guise. Il y a tout de m\u00eame un lot de r\u00e8gles non \u00e9crites, qui font office de conventions en quelque sorte. En voici quelques exemples :<\/p>\n<ul>\n<li>Ne pas d\u00e9passer qui que ce soit durant sa pratique<\/li>\n<li>Laisser la chance aux autres : ne pas circuler sans arr\u00eat en laissant les autres attendre longuement<\/li>\n<li>Ne pas couper les lignes de circulation des autres usagers<\/li>\n<li>Ne pas circuler \u00e0 contresens des voies prioritairement utilis\u00e9es<\/li>\n<li>Ne pas appliquer de cire sur les ar\u00eates de glisse avant d\u2019en avoir inform\u00e9 les autres usagers<\/li>\n<\/ul>\n<p>[\/vc_column_text][\/vc_accordion_tab][vc_accordion_tab title=\u00a0\u00bb\u00c9THIQUE ET ESPRIT SPORTIF\u00a0\u00bb tab_id=\u00a0\u00bb1655503072-2-78&Prime;][vc_column_text]Un skateparc avec une ambiance saine donne souvent lieu \u00e0 de beaux moments de camaraderie et de solidarit\u00e9 entre les adeptes. Il est fr\u00e9quent de voir des usagers issus de milieux compl\u00e8tement diff\u00e9rents d\u00e9velopper des amiti\u00e9s improbables bas\u00e9es sur le seul agr\u00e9ment de pratiquer une passion commune dans un environnement plaisant.<\/p>\n<p>Il rel\u00e8ve des bonnes pratiques d\u2019afficher un comportement \u00e9thique envers les autres usagers afin d\u2019agr\u00e9menter la pratique de toutes et tous :<\/p>\n<ul>\n<li>R\u00e9duire sa vitesse lorsqu\u2019il y a pr\u00e9sence d\u2019enfants en bas \u00e2ge<\/li>\n<li>Ne pas copier la prouesse qu\u2019un usager tente de r\u00e9ussir<\/li>\n<li>Garder une certaine distance avec les usagers moins exp\u00e9riment\u00e9s<\/li>\n<li>Encourager les autres usagers \u00e0 r\u00e9ussir leurs prouesses<\/li>\n<li>Partager les connaissances et techniques aux usagers qui pourraient en b\u00e9n\u00e9ficier<\/li>\n<li>F\u00e9liciter les r\u00e9ussites, peu importe le degr\u00e9 de difficult\u00e9<\/li>\n<li>Ne pas se f\u00e2cher lorsqu\u2019on ne r\u00e9ussit pas les man\u0153uvres<\/li>\n<\/ul>\n<p>[\/vc_column_text][\/vc_accordion_tab][\/vc_accordion][\/vc_column][\/vc_row][vc_row][\/vc_row][vc_row row_height_percent=\u00a0\u00bb0&Prime; overlay_alpha=\u00a0\u00bb50&Prime; gutter_size=\u00a0\u00bb3&Prime; shift_y=\u00a0\u00bb0&Prime; css=\u00a0\u00bb.vc_custom_1569108843026{margin-bottom: 50px !important;}\u00a0\u00bb][vc_column width=\u00a0\u00bb1\/1&Prime;][vc_button button_color=\u00a0\u00bbaccent\u00a0\u00bb size=\u00a0\u00bbbtn-lg\u00a0\u00bb radius=\u00a0\u00bbbtn-circle\u00a0\u00bb border_width=\u00a0\u00bb0&Prime; link=\u00a0\u00bburl:https%3A%2F%2Fwww.guides-sports-loisirs.ca%2Fskateparcs%2Fwp-content%2Fuploads%2Fsites%2F20%2F2022%2F06%2F6.5_SecuriteIntegrite_Comportements.pdf||target:%20_blank|\u00a0\u00bb icon=\u00a0\u00bbfa fa-file-o\u00a0\u00bb el_class=\u00a0\u00bbbtn-pdf\u00a0\u00bb]Version PDF[\/vc_button][\/vc_column][\/vc_row]<\/p>\n<\/div>","protected":false},"excerpt":{"rendered":"<p>[vc_row][vc_column width=\u00a0\u00bb1\/1&Prime;][vc_accordion][vc_accordion_tab title=\u00a0\u00bbR\u00c8GLEMENTS\u00a0\u00bb tab_id=\u00a0\u00bb1655503072-1-89&Prime;][vc_column_text]Il n\u2019y a pas de r\u00e8glements officiels pour encadrer la pratique des sports individuels dans un skateparc [&hellip;]<\/p>\n","protected":false},"author":17,"featured_media":0,"parent":1803,"menu_order":8,"comment_status":"closed","ping_status":"closed","template":"","meta":{"_acf_changed":false,"footnotes":""},"class_list":["post-3424","page","type-page","status-publish","hentry"],"acf":[],"yoast_head":"<!-- This site is optimized with the Yoast SEO plugin v27.4 - https:\/\/yoast.com\/product\/yoast-seo-wordpress\/ -->\n<title>Comportements et attitudes - Skateparcs<\/title>\n<meta name=\"robots\" content=\"index, follow, max-snippet:-1, max-image-preview:large, max-video-preview:-1\" \/>\n<link rel=\"canonical\" href=\"https:\/\/www.guides-sports-loisirs.ca\/skateparcs\/securite-integrite\/comportements-attitudes\/\" \/>\n<meta property=\"og:locale\" content=\"fr_FR\" \/>\n<meta property=\"og:type\" content=\"article\" \/>\n<meta property=\"og:title\" content=\"Comportements et attitudes - Skateparcs\" \/>\n<meta property=\"og:description\" content=\"[vc_row][vc_column width=\u00a0\u00bb1\/1&Prime;][vc_accordion][vc_accordion_tab title=\u00a0\u00bbR\u00c8GLEMENTS\u00a0\u00bb tab_id=\u00a0\u00bb1655503072-1-89&Prime;][vc_column_text]Il n\u2019y a pas de r\u00e8glements officiels pour encadrer la pratique des sports individuels dans un skateparc [&hellip;]\" \/>\n<meta property=\"og:url\" content=\"https:\/\/www.guides-sports-loisirs.ca\/skateparcs\/securite-integrite\/comportements-attitudes\/\" \/>\n<meta property=\"og:site_name\" content=\"Skateparcs\" \/>\n<meta property=\"article:modified_time\" content=\"2022-06-20T15:47:12+00:00\" \/>\n<meta name=\"twitter:card\" content=\"summary_large_image\" \/>\n<meta name=\"twitter:label1\" content=\"Dur\u00e9e de lecture estim\u00e9e\" \/>\n\t<meta name=\"twitter:data1\" content=\"2 minutes\" \/>\n<script type=\"application\/ld+json\" class=\"yoast-schema-graph\">{\"@context\":\"https:\\\/\\\/schema.org\",\"@graph\":[{\"@type\":\"WebPage\",\"@id\":\"https:\\\/\\\/www.guides-sports-loisirs.ca\\\/skateparcs\\\/securite-integrite\\\/comportements-attitudes\\\/\",\"url\":\"https:\\\/\\\/www.guides-sports-loisirs.ca\\\/skateparcs\\\/securite-integrite\\\/comportements-attitudes\\\/\",\"name\":\"Comportements et attitudes - Skateparcs\",\"isPartOf\":{\"@id\":\"https:\\\/\\\/www.guides-sports-loisirs.ca\\\/skateparcs\\\/#website\"},\"datePublished\":\"2021-10-07T14:09:06+00:00\",\"dateModified\":\"2022-06-20T15:47:12+00:00\",\"breadcrumb\":{\"@id\":\"https:\\\/\\\/www.guides-sports-loisirs.ca\\\/skateparcs\\\/securite-integrite\\\/comportements-attitudes\\\/#breadcrumb\"},\"inLanguage\":\"fr-FR\",\"potentialAction\":[{\"@type\":\"ReadAction\",\"target\":[\"https:\\\/\\\/www.guides-sports-loisirs.ca\\\/skateparcs\\\/securite-integrite\\\/comportements-attitudes\\\/\"]}]},{\"@type\":\"BreadcrumbList\",\"@id\":\"https:\\\/\\\/www.guides-sports-loisirs.ca\\\/skateparcs\\\/securite-integrite\\\/comportements-attitudes\\\/#breadcrumb\",\"itemListElement\":[{\"@type\":\"ListItem\",\"position\":1,\"name\":\"Accueil\",\"item\":\"https:\\\/\\\/www.guides-sports-loisirs.ca\\\/skateparcs\\\/\"},{\"@type\":\"ListItem\",\"position\":2,\"name\":\"S\u00e9curit\u00e9 et int\u00e9grit\u00e9\",\"item\":\"https:\\\/\\\/www.guides-sports-loisirs.ca\\\/skateparcs\\\/securite-integrite\\\/\"},{\"@type\":\"ListItem\",\"position\":3,\"name\":\"Comportements et attitudes\"}]},{\"@type\":\"WebSite\",\"@id\":\"https:\\\/\\\/www.guides-sports-loisirs.ca\\\/skateparcs\\\/#website\",\"url\":\"https:\\\/\\\/www.guides-sports-loisirs.ca\\\/skateparcs\\\/\",\"name\":\"Skateparcs\",\"description\":\"Skateparcs\",\"potentialAction\":[{\"@type\":\"SearchAction\",\"target\":{\"@type\":\"EntryPoint\",\"urlTemplate\":\"https:\\\/\\\/www.guides-sports-loisirs.ca\\\/skateparcs\\\/?s={search_term_string}\"},\"query-input\":{\"@type\":\"PropertyValueSpecification\",\"valueRequired\":true,\"valueName\":\"search_term_string\"}}],\"inLanguage\":\"fr-FR\"}]}<\/script>\n<!-- \/ Yoast SEO plugin. -->","yoast_head_json":{"title":"Comportements et attitudes - Skateparcs","robots":{"index":"index","follow":"follow","max-snippet":"max-snippet:-1","max-image-preview":"max-image-preview:large","max-video-preview":"max-video-preview:-1"},"canonical":"https:\/\/www.guides-sports-loisirs.ca\/skateparcs\/securite-integrite\/comportements-attitudes\/","og_locale":"fr_FR","og_type":"article","og_title":"Comportements et attitudes - Skateparcs","og_description":"[vc_row][vc_column width=\u00a0\u00bb1\/1&Prime;][vc_accordion][vc_accordion_tab title=\u00a0\u00bbR\u00c8GLEMENTS\u00a0\u00bb tab_id=\u00a0\u00bb1655503072-1-89&Prime;][vc_column_text]Il n\u2019y a pas de r\u00e8glements officiels pour encadrer la pratique des sports individuels dans un skateparc [&hellip;]","og_url":"https:\/\/www.guides-sports-loisirs.ca\/skateparcs\/securite-integrite\/comportements-attitudes\/","og_site_name":"Skateparcs","article_modified_time":"2022-06-20T15:47:12+00:00","twitter_card":"summary_large_image","twitter_misc":{"Dur\u00e9e de lecture estim\u00e9e":"2 minutes"},"schema":{"@context":"https:\/\/schema.org","@graph":[{"@type":"WebPage","@id":"https:\/\/www.guides-sports-loisirs.ca\/skateparcs\/securite-integrite\/comportements-attitudes\/","url":"https:\/\/www.guides-sports-loisirs.ca\/skateparcs\/securite-integrite\/comportements-attitudes\/","name":"Comportements et attitudes - Skateparcs","isPartOf":{"@id":"https:\/\/www.guides-sports-loisirs.ca\/skateparcs\/#website"},"datePublished":"2021-10-07T14:09:06+00:00","dateModified":"2022-06-20T15:47:12+00:00","breadcrumb":{"@id":"https:\/\/www.guides-sports-loisirs.ca\/skateparcs\/securite-integrite\/comportements-attitudes\/#breadcrumb"},"inLanguage":"fr-FR","potentialAction":[{"@type":"ReadAction","target":["https:\/\/www.guides-sports-loisirs.ca\/skateparcs\/securite-integrite\/comportements-attitudes\/"]}]},{"@type":"BreadcrumbList","@id":"https:\/\/www.guides-sports-loisirs.ca\/skateparcs\/securite-integrite\/comportements-attitudes\/#breadcrumb","itemListElement":[{"@type":"ListItem","position":1,"name":"Accueil","item":"https:\/\/www.guides-sports-loisirs.ca\/skateparcs\/"},{"@type":"ListItem","position":2,"name":"S\u00e9curit\u00e9 et int\u00e9grit\u00e9","item":"https:\/\/www.guides-sports-loisirs.ca\/skateparcs\/securite-integrite\/"},{"@type":"ListItem","position":3,"name":"Comportements et attitudes"}]},{"@type":"WebSite","@id":"https:\/\/www.guides-sports-loisirs.ca\/skateparcs\/#website","url":"https:\/\/www.guides-sports-loisirs.ca\/skateparcs\/","name":"Skateparcs","description":"Skateparcs","potentialAction":[{"@type":"SearchAction","target":{"@type":"EntryPoint","urlTemplate":"https:\/\/www.guides-sports-loisirs.ca\/skateparcs\/?s={search_term_string}"},"query-input":{"@type":"PropertyValueSpecification","valueRequired":true,"valueName":"search_term_string"}}],"inLanguage":"fr-FR"}]}},"_links":{"self":[{"href":"https:\/\/www.guides-sports-loisirs.ca\/skateparcs\/wp-json\/wp\/v2\/pages\/3424","targetHints":{"allow":["GET"]}}],"collection":[{"href":"https:\/\/www.guides-sports-loisirs.ca\/skateparcs\/wp-json\/wp\/v2\/pages"}],"about":[{"href":"https:\/\/www.guides-sports-loisirs.ca\/skateparcs\/wp-json\/wp\/v2\/types\/page"}],"author":[{"embeddable":true,"href":"https:\/\/www.guides-sports-loisirs.ca\/skateparcs\/wp-json\/wp\/v2\/users\/17"}],"replies":[{"embeddable":true,"href":"https:\/\/www.guides-sports-loisirs.ca\/skateparcs\/wp-json\/wp\/v2\/comments?post=3424"}],"version-history":[{"count":5,"href":"https:\/\/www.guides-sports-loisirs.ca\/skateparcs\/wp-json\/wp\/v2\/pages\/3424\/revisions"}],"predecessor-version":[{"id":4035,"href":"https:\/\/www.guides-sports-loisirs.ca\/skateparcs\/wp-json\/wp\/v2\/pages\/3424\/revisions\/4035"}],"up":[{"embeddable":true,"href":"https:\/\/www.guides-sports-loisirs.ca\/skateparcs\/wp-json\/wp\/v2\/pages\/1803"}],"wp:attachment":[{"href":"https:\/\/www.guides-sports-loisirs.ca\/skateparcs\/wp-json\/wp\/v2\/media?parent=3424"}],"curies":[{"name":"wp","href":"https:\/\/api.w.org\/{rel}","templated":true}]}}