{"id":3039,"date":"2020-08-13T12:29:08","date_gmt":"2020-08-13T16:29:08","guid":{"rendered":"https:\/\/www.guides-sports-loisirs.ca\/skateparcs\/?page_id=3039"},"modified":"2022-07-06T21:26:30","modified_gmt":"2022-07-07T01:26:30","slug":"introduction","status":"publish","type":"page","link":"https:\/\/www.guides-sports-loisirs.ca\/skateparcs\/introduction\/","title":{"rendered":"Introduction"},"content":{"rendered":"<div class=\"wpb-content-wrapper\"><p>[vc_row][\/vc_row][vc_row][vc_column width=\u00a0\u00bb1\/1&Prime;][vc_accordion active_tab=\u00a0\u00bb0&Prime;][vc_accordion_tab title=\u00a0\u00bbOBJECTIF ET DOMAINE D\u2019APPLICATION\u00a0\u00bb tab_id=\u00a0\u00bb5f9f5691-17d9-0&Prime;][vc_row_inner][vc_column_inner width=\u00a0\u00bb1\/1&Prime;][vc_column_text border_color=\u00a0\u00bbcolor-103660&Prime; border_style=\u00a0\u00bbsolid\u00a0\u00bb css=\u00a0\u00bb.vc_custom_1657157153041{margin-bottom: 10px !important;padding-top: 20px !important;padding-right: 20px !important;padding-bottom: 20px !important;padding-left: 20px !important;}\u00a0\u00bb]<\/p>\n<p style=\"text-align: center\"><em><span class=\"font-966981\"><strong>Les termes \u00ab skateparc \u00bb et \u00ab skateboard \u00bb sont utilis\u00e9s par l\u2019ensemble des pratiquants de cette discipline sportive.<\/strong><\/span><\/em><\/p>\n<p>[\/vc_column_text][\/vc_column_inner][\/vc_row_inner][vc_empty_space empty_h=\u00a0\u00bb2&Prime;][vc_column_text]L\u2019objectif de ce guide est d\u2019offrir tous les outils n\u00e9cessaires aux preneurs de d\u00e9cisions dans le domaine municipal et public afin d\u2019offrir des installations ad\u00e9quates et bien adapt\u00e9es pour les sportifs. Il vise \u00e0 \u00e9pauler les intervenants municipaux dans toutes les \u00e9tapes de la mise en place d\u2019espaces sportifs de haute qualit\u00e9.<\/p>\n<p>Ce guide pr\u00e9sente les diff\u00e9rentes \u00e9tapes de la mise en place et la gestion d\u2019un skateparc : planification, conception, construction et exploitation.<br \/>\nChacune de ces \u00e9tapes est abord\u00e9e de fa\u00e7on que le skateparc propos\u00e9 soit de bonne qualit\u00e9.<\/p>\n<p>L\u2019am\u00e9nagement de skateparcs fonctionnels bien con\u00e7us permettra aux pratiquants de plusieurs disciplines (skate, trottinette, patin \u00e0 roulettes, BMX) d\u2019appr\u00e9cier et de s\u2019approprier les espaces de mani\u00e8re conviviale et s\u00e9curitaire.<\/p>\n<p>\u00c0 la diff\u00e9rence d\u2019autres \u00e9quipements de loisir, peu de normes reconnues et d\u2019\u00e9tudes en profondeur s\u2019appliquent aux skateparcs. La F\u00e9d\u00e9ration de skateboard du Qu\u00e9bec, qui a vu le jour en 2022, est une ressource relativement nouvelle qui peut aider notamment les gestionnaires, les techniciens, les ing\u00e9nieurs, les contrema\u00eetres, le personnel d\u2019entretien et les surveillants d\u2019installation \u00e0 offrir des installations s\u00e9curitaires, fonctionnelles et durables.<\/p>\n<p>Ce guide a b\u00e9n\u00e9fici\u00e9 de la contribution de plusieurs acteurs, r\u00e9unis au sein d\u2019un comit\u00e9 de pilotage. Il a \u00e9t\u00e9 r\u00e9alis\u00e9 par l\u2019Association qu\u00e9b\u00e9coise<br \/>\ndu loisir municipal (AQLM), en collaboration avec le minist\u00e8re de l\u2019\u00c9ducation du Qu\u00e9bec (MEQ), ainsi que les villes de Gatineau, Laval, L\u00e9vis, Longueuil, Montr\u00e9al, Qu\u00e9bec, Sherbrooke, Terrebonne et Trois-Rivi\u00e8res.<\/p>\n<p>Ce guide reprend certains \u00e9l\u00e9ments du Guide d\u2019am\u00e9nagement et de gestion des parcs de planche \u00e0 roulettes, publi\u00e9 en 2005 par l\u2019AQLM, en collaboration<br \/>\navec le Laboratoire en loisir et vie communautaire de l\u2019Universit\u00e9 du Qu\u00e9bec \u00e0 Trois-Rivi\u00e8res et le minist\u00e8re de l\u2019\u00c9ducation, du Loisir et du Sport.[\/vc_column_text][vc_empty_space empty_h=\u00a0\u00bb2&Prime;][vc_column_text border_color=\u00a0\u00bbaccent\u00a0\u00bb border_style=\u00a0\u00bbsolid\u00a0\u00bb el_class=\u00a0\u00bbtext-a-propos\u00a0\u00bb css=\u00a0\u00bb.vc_custom_1657157188692{padding-top: 20px !important;padding-right: 20px !important;padding-bottom: 20px !important;padding-left: 20px !important;}\u00a0\u00bb]<\/p>\n<p style=\"text-align: center\"><strong>Skateparcs \u2013 Guide d\u2019am\u00e9nagement, de s\u00e9curit\u00e9 et de pr\u00e9vention vise \u00e0 fournir les outils n\u00e9cessaires pour faire en sorte que la pratique du skate et d\u2019autres disciplines connexes soit agr\u00e9able, tout en \u00e9tant s\u00e9curitaire pour les utilisateurs et la municipalit\u00e9. Le simple am\u00e9nagement d\u2019un skateparc, m\u00eame assorti de mesures passives favorisant la s\u00e9curit\u00e9 des usagers, ne le rend pas forc\u00e9ment s\u00e9curitaire. La municipalit\u00e9 doit r\u00e9glementer la pratique, mais elle doit aussi fortement recommander aux parents de superviser les jeunes enfants.<\/strong><\/p>\n<p>[\/vc_column_text][\/vc_accordion_tab][vc_accordion_tab title=\u00a0\u00bbCONTEXTE\u00a0\u00bb tab_id=\u00a0\u00bb1633544106719-1-0&Prime;][vc_column_text]Les sports pratiqu\u00e9s dans les skateparcs sont appel\u00e9s \u00ab sports d\u2019action \u00bb. Les diff\u00e9rentes disciplines ont toutes le m\u00eame but : ex\u00e9cuter des figures de saut ou de glisse sur des obstacles de tailles et difficult\u00e9s multiples. Chacun est libre d\u2019effectuer les figures de son choix, aucun r\u00e8glement officiel ne s\u2019applique. La r\u00e9ussite des figures se mesure \u00e0 la vitesse, la hauteur, la longueur et la facilit\u00e9 d\u2019ex\u00e9cution : un usager avanc\u00e9 sautera plus haut, glissera plus loin, roulera plus vite, et avec plus de facilit\u00e9, ce que l\u2019on appelle, dans le langage de la comp\u00e9tition, le \u00ab style \u00bb.<\/p>\n<p>Les sports d\u2019action (skateboard, trottinette, patin, BMX) sont en constante \u00e9volution depuis les derni\u00e8res ann\u00e9es. Une \u00e9tude de l\u2019Institut national de sant\u00e9 publique du Qu\u00e9bec (INSPQ) indiquait en 2016 que le nombre d\u2019adeptes de la planche \u00e0 roulettes \u00e9tait pass\u00e9 de 181\u2009000 \u00e0 466\u2009000 entre 2009 et 2015<sup>1<\/sup>. La d\u00e9mocratisation de ce sport est due notamment \u00e0 une visibilit\u00e9 accrue dans les m\u00e9dias, \u00e0 son association \u00e0 la culture populaire des jeunes et \u00e0 sa reconnaissance comme sport olympique, mais aussi \u00e0 des facteurs structurels tels que la libert\u00e9 de pratique et le faible co\u00fbt de la pratique.<\/p>\n<p>Les skateparcs existent depuis les ann\u00e9es 1980 au Qu\u00e9bec. Plusieurs g\u00e9n\u00e9rations de skateparcs fabriqu\u00e9s avec diff\u00e9rents mat\u00e9riaux se sont succ\u00e9d\u00e9. Dans les premiers temps, les parcours \u00e9taient am\u00e9nag\u00e9s sous forme de modules unitaires agenc\u00e9s sur un pavage, g\u00e9n\u00e9ralement de l\u2019asphalte. Les diff\u00e9rents obstacles (modules) \u00e9taient fabriqu\u00e9s en acier, en bois ou en mat\u00e9riaux composites.<\/p>\n<p>La dur\u00e9e de vie des installations \u00e9tait d\u2019en moyenne dix ans, mais ils requ\u00e9raient des entretiens p\u00e9riodiques (au moins tous les cinq ans) pour demeurer utilisables. Leur d\u00e9savantage r\u00e9sidait dans le faible agr\u00e9ment des utilisateurs : ils \u00e9taient souvent con\u00e7us et construits par des firmes non sp\u00e9cialis\u00e9es qui \u00e9taient d\u00e9connect\u00e9es des besoins des sportifs. Les modules \u00e9taient souvent bruyants, mal agenc\u00e9s en mati\u00e8re de circulation, les pentes et les formes \u00e9taient mal adapt\u00e9es \u00e0 la pratique. Au fil des ann\u00e9es, les plaintes r\u00e9p\u00e9t\u00e9es des adeptes ont incit\u00e9 les responsables \u00e0 les impliquer dans le processus d\u00e9cisionnel de fa\u00e7on \u00e0 offrir des installations plus convenables.<\/p>\n<p>La d\u00e9cennie 2010-2020 a vu un changement important. Des entreprises de conception et de construction sp\u00e9cialis\u00e9es ont fait leur apparition, dirig\u00e9es par des passionn\u00e9s. De telles entreprises existaient ailleurs au Canada, mais la <a href=\"https:\/\/www.legisquebec.gouv.qc.ca\/fr\/document\/rc\/C-65.1,%20r.%205%20\/\" target=\"_blank\" rel=\"noopener noreferrer\">Loi sur les organismes publics C-65.1, r. 5 \u2013 R\u00e8glement sur les contrats de travaux de construction des organismes publics<\/a> exigeait que les entreprises aient une place d\u2019affaires situ\u00e9e au Qu\u00e9bec pour pur pouvoir obtenir des contrats de construction publics. Les municipalit\u00e9s, par exemple, ne pouvaient donc confier les travaux d\u2019am\u00e9nagement de skateparcs \u00e0 des entreprises sp\u00e9cialis\u00e9es provenant d\u2019autres provinces.<\/p>\n<p>Le vent a tourn\u00e9 : les municipalit\u00e9s ont commenc\u00e9 \u00e0 s\u2019entourer d\u2019experts pour se doter d\u2019installations mieux adapt\u00e9es et l\u2019av\u00e8nement des parcours en b\u00e9ton a fait boule de neige, ce qui consid\u00e9rablement favoris\u00e9 le d\u00e9veloppement du sport dans toute la province.<\/p>\n<p>Depuis la premi\u00e8re \u00e9dition du <em>Guide d\u2019am\u00e9nagement et de gestion des parcs de planche \u00e0 roulettes<\/em>, il a donc coul\u00e9 beaucoup d\u2019eau sous les ponts. De fait, le pr\u00e9sent guide en est la troisi\u00e8me \u00e9dition. Le titre a \u00e9t\u00e9 modifi\u00e9 pour faire place aux \u00ab skateparcs \u00bb, terme maintenant admis dans la francophonie et pr\u00e9conis\u00e9 par la F\u00e9d\u00e9ration de skateboard du Qu\u00e9bec, et le contenu a \u00e9t\u00e9 actualis\u00e9, s\u2019attardant notamment \u00e0 l\u2019exploration en profondeur des installations en b\u00e9ton, mieux adapt\u00e9es aux communaut\u00e9s \u00e0 plusieurs \u00e9gards.<\/p>\n<hr \/>\n<p><strong>[1] <\/strong>INSPQ, Bureau d\u2019information et d\u2019\u00e9tudes en sant\u00e9 de la population, <a href=\"https:\/\/www.inspq.qc.ca\/sites\/default\/files\/publications\/2525_blessures_activites_recreatives_sportives.pdf\" target=\"_blank\" rel=\"noopener noreferrer\">\u00c9tude des blessures subies au cours de la pratique d\u2019activit\u00e9s r\u00e9cr\u00e9atives et sportives au Qu\u00e9bec en 2015-2016.\u00a0<\/a>[\/vc_column_text][\/vc_accordion_tab][vc_accordion_tab title=\u00a0\u00bbCR\u00c9DITS\u00a0\u00bb tab_id=\u00a0\u00bb1633544235596-2-2&Prime;][vc_row_inner][vc_column_inner width=\u00a0\u00bb1\/2&Prime;][vc_column_text]<\/p>\n<h3>R\u00e9dacteur principal<\/h3>\n<p>Hugo Papillon<\/p>\n<h3>Coordination<\/h3>\n<p>H\u00e9l\u00e8ne Caron, AQLM<\/p>\n<h3>R\u00e9vision linguistique<\/h3>\n<p>Denis Poulet<\/p>\n<h3>Direction<\/h3>\n<p>Genevi\u00e8ve Barri\u00e8re, AQLM<\/p>\n<h3>Comit\u00e9 de pilotage<\/h3>\n<p>Jean-Philippe Grou, Ville de Laval<br \/>\nMichel St-Pierre, Ville de Montr\u00e9al<br \/>\nJonathan B\u00e9lisle, Ville de Sherbrooke<\/p>\n<h3><\/h3>\n<h3>Comit\u00e9 de relecture<\/h3>\n<p>Benjamin Robinson-Chouinard, MEQ<br \/>\nAssociation Skateboard Montr\u00e9al[\/vc_column_text][\/vc_column_inner][vc_column_inner width=\u00a0\u00bb1\/2&Prime;][vc_column_text]<\/p>\n<h3>Conception graphique et montage<\/h3>\n<ul>\n<li>\n<div><b>Design graphique<br \/>\n<\/b>Publi Griffe<\/div>\n<div><\/div>\n<\/li>\n<li>\n<div><b>Programmation et r\u00e9alisation Web<br \/>\n<\/b>Hebertcommunication<\/div>\n<\/li>\n<\/ul>\n<h3><\/h3>\n<h3>Production et distribution<\/h3>\n<p>Association qu\u00e9b\u00e9coise du loisir municipal (AQLM)<br \/>\n4545, avenue Pierre-De Coubertin<br \/>\nMontr\u00e9al (Qu\u00e9bec) H1V 0B2<br \/>\nT\u00e9l\u00e9phone : 514 252-5244<br \/>\nT\u00e9l\u00e9copieur : 514 252-5220<br \/>\ninfoaqlm@loisirmunicipal.qc.ca[\/vc_column_text][\/vc_column_inner][\/vc_row_inner][\/vc_accordion_tab][\/vc_accordion][vc_button button_color=\u00a0\u00bbaccent\u00a0\u00bb size=\u00a0\u00bbbtn-lg\u00a0\u00bb radius=\u00a0\u00bbbtn-circle\u00a0\u00bb border_width=\u00a0\u00bb0&Prime; link=\u00a0\u00bburl:https%3A%2F%2Fwww.guides-sports-loisirs.ca%2Fskateparcs%2Fwp-content%2Fuploads%2Fsites%2F20%2F2022%2F06%2F1.1_Introduction.pdf||target:%20_blank|\u00a0\u00bb icon=\u00a0\u00bbfa fa-document2&Prime;]Version PDF[\/vc_button][\/vc_column][\/vc_row]<\/p>\n<\/div>","protected":false},"excerpt":{"rendered":"<p>[vc_row][\/vc_row][vc_row][vc_column width=\u00a0\u00bb1\/1&Prime;][vc_accordion active_tab=\u00a0\u00bb0&Prime;][vc_accordion_tab title=\u00a0\u00bbOBJECTIF ET DOMAINE D\u2019APPLICATION\u00a0\u00bb tab_id=\u00a0\u00bb5f9f5691-17d9-0&Prime;][vc_row_inner][vc_column_inner width=\u00a0\u00bb1\/1&Prime;][vc_column_text border_color=\u00a0\u00bbcolor-103660&Prime; border_style=\u00a0\u00bbsolid\u00a0\u00bb css=\u00a0\u00bb.vc_custom_1657157153041{margin-bottom: 10px !important;padding-top: 20px !important;padding-right: 20px !important;padding-bottom: 20px !important;padding-left: [&hellip;]<\/p>\n","protected":false},"author":11,"featured_media":0,"parent":0,"menu_order":0,"comment_status":"closed","ping_status":"closed","template":"","meta":{"_acf_changed":false,"footnotes":""},"class_list":["post-3039","page","type-page","status-publish","hentry"],"acf":[],"yoast_head":"<!-- This site is optimized with the Yoast SEO plugin v27.4 - https:\/\/yoast.com\/product\/yoast-seo-wordpress\/ -->\n<title>Introduction - Skateparcs<\/title>\n<meta name=\"robots\" content=\"index, follow, max-snippet:-1, max-image-preview:large, max-video-preview:-1\" \/>\n<link rel=\"canonical\" href=\"https:\/\/www.guides-sports-loisirs.ca\/skateparcs\/introduction\/\" \/>\n<meta property=\"og:locale\" content=\"fr_FR\" \/>\n<meta property=\"og:type\" content=\"article\" \/>\n<meta property=\"og:title\" content=\"Introduction - Skateparcs\" \/>\n<meta property=\"og:description\" content=\"[vc_row][\/vc_row][vc_row][vc_column width=\u00a0\u00bb1\/1&Prime;][vc_accordion active_tab=\u00a0\u00bb0&Prime;][vc_accordion_tab title=\u00a0\u00bbOBJECTIF ET DOMAINE D\u2019APPLICATION\u00a0\u00bb tab_id=\u00a0\u00bb5f9f5691-17d9-0&Prime;][vc_row_inner][vc_column_inner width=\u00a0\u00bb1\/1&Prime;][vc_column_text border_color=\u00a0\u00bbcolor-103660&Prime; border_style=\u00a0\u00bbsolid\u00a0\u00bb css=\u00a0\u00bb.vc_custom_1657157153041{margin-bottom: 10px !important;padding-top: 20px !important;padding-right: 20px !important;padding-bottom: 20px !important;padding-left: [&hellip;]\" \/>\n<meta property=\"og:url\" content=\"https:\/\/www.guides-sports-loisirs.ca\/skateparcs\/introduction\/\" \/>\n<meta property=\"og:site_name\" content=\"Skateparcs\" \/>\n<meta property=\"article:modified_time\" content=\"2022-07-07T01:26:30+00:00\" \/>\n<meta name=\"twitter:card\" content=\"summary_large_image\" \/>\n<meta name=\"twitter:label1\" content=\"Dur\u00e9e de lecture estim\u00e9e\" \/>\n\t<meta name=\"twitter:data1\" content=\"5 minutes\" \/>\n<script type=\"application\/ld+json\" class=\"yoast-schema-graph\">{\"@context\":\"https:\\\/\\\/schema.org\",\"@graph\":[{\"@type\":\"WebPage\",\"@id\":\"https:\\\/\\\/www.guides-sports-loisirs.ca\\\/skateparcs\\\/introduction\\\/\",\"url\":\"https:\\\/\\\/www.guides-sports-loisirs.ca\\\/skateparcs\\\/introduction\\\/\",\"name\":\"Introduction - Skateparcs\",\"isPartOf\":{\"@id\":\"https:\\\/\\\/www.guides-sports-loisirs.ca\\\/skateparcs\\\/#website\"},\"datePublished\":\"2020-08-13T16:29:08+00:00\",\"dateModified\":\"2022-07-07T01:26:30+00:00\",\"breadcrumb\":{\"@id\":\"https:\\\/\\\/www.guides-sports-loisirs.ca\\\/skateparcs\\\/introduction\\\/#breadcrumb\"},\"inLanguage\":\"fr-FR\",\"potentialAction\":[{\"@type\":\"ReadAction\",\"target\":[\"https:\\\/\\\/www.guides-sports-loisirs.ca\\\/skateparcs\\\/introduction\\\/\"]}]},{\"@type\":\"BreadcrumbList\",\"@id\":\"https:\\\/\\\/www.guides-sports-loisirs.ca\\\/skateparcs\\\/introduction\\\/#breadcrumb\",\"itemListElement\":[{\"@type\":\"ListItem\",\"position\":1,\"name\":\"Accueil\",\"item\":\"https:\\\/\\\/www.guides-sports-loisirs.ca\\\/skateparcs\\\/\"},{\"@type\":\"ListItem\",\"position\":2,\"name\":\"Introduction\"}]},{\"@type\":\"WebSite\",\"@id\":\"https:\\\/\\\/www.guides-sports-loisirs.ca\\\/skateparcs\\\/#website\",\"url\":\"https:\\\/\\\/www.guides-sports-loisirs.ca\\\/skateparcs\\\/\",\"name\":\"Skateparcs\",\"description\":\"Skateparcs\",\"potentialAction\":[{\"@type\":\"SearchAction\",\"target\":{\"@type\":\"EntryPoint\",\"urlTemplate\":\"https:\\\/\\\/www.guides-sports-loisirs.ca\\\/skateparcs\\\/?s={search_term_string}\"},\"query-input\":{\"@type\":\"PropertyValueSpecification\",\"valueRequired\":true,\"valueName\":\"search_term_string\"}}],\"inLanguage\":\"fr-FR\"}]}<\/script>\n<!-- \/ Yoast SEO plugin. -->","yoast_head_json":{"title":"Introduction - Skateparcs","robots":{"index":"index","follow":"follow","max-snippet":"max-snippet:-1","max-image-preview":"max-image-preview:large","max-video-preview":"max-video-preview:-1"},"canonical":"https:\/\/www.guides-sports-loisirs.ca\/skateparcs\/introduction\/","og_locale":"fr_FR","og_type":"article","og_title":"Introduction - Skateparcs","og_description":"[vc_row][\/vc_row][vc_row][vc_column width=\u00a0\u00bb1\/1&Prime;][vc_accordion active_tab=\u00a0\u00bb0&Prime;][vc_accordion_tab title=\u00a0\u00bbOBJECTIF ET DOMAINE D\u2019APPLICATION\u00a0\u00bb tab_id=\u00a0\u00bb5f9f5691-17d9-0&Prime;][vc_row_inner][vc_column_inner width=\u00a0\u00bb1\/1&Prime;][vc_column_text border_color=\u00a0\u00bbcolor-103660&Prime; border_style=\u00a0\u00bbsolid\u00a0\u00bb css=\u00a0\u00bb.vc_custom_1657157153041{margin-bottom: 10px !important;padding-top: 20px !important;padding-right: 20px !important;padding-bottom: 20px !important;padding-left: [&hellip;]","og_url":"https:\/\/www.guides-sports-loisirs.ca\/skateparcs\/introduction\/","og_site_name":"Skateparcs","article_modified_time":"2022-07-07T01:26:30+00:00","twitter_card":"summary_large_image","twitter_misc":{"Dur\u00e9e de lecture estim\u00e9e":"5 minutes"},"schema":{"@context":"https:\/\/schema.org","@graph":[{"@type":"WebPage","@id":"https:\/\/www.guides-sports-loisirs.ca\/skateparcs\/introduction\/","url":"https:\/\/www.guides-sports-loisirs.ca\/skateparcs\/introduction\/","name":"Introduction - Skateparcs","isPartOf":{"@id":"https:\/\/www.guides-sports-loisirs.ca\/skateparcs\/#website"},"datePublished":"2020-08-13T16:29:08+00:00","dateModified":"2022-07-07T01:26:30+00:00","breadcrumb":{"@id":"https:\/\/www.guides-sports-loisirs.ca\/skateparcs\/introduction\/#breadcrumb"},"inLanguage":"fr-FR","potentialAction":[{"@type":"ReadAction","target":["https:\/\/www.guides-sports-loisirs.ca\/skateparcs\/introduction\/"]}]},{"@type":"BreadcrumbList","@id":"https:\/\/www.guides-sports-loisirs.ca\/skateparcs\/introduction\/#breadcrumb","itemListElement":[{"@type":"ListItem","position":1,"name":"Accueil","item":"https:\/\/www.guides-sports-loisirs.ca\/skateparcs\/"},{"@type":"ListItem","position":2,"name":"Introduction"}]},{"@type":"WebSite","@id":"https:\/\/www.guides-sports-loisirs.ca\/skateparcs\/#website","url":"https:\/\/www.guides-sports-loisirs.ca\/skateparcs\/","name":"Skateparcs","description":"Skateparcs","potentialAction":[{"@type":"SearchAction","target":{"@type":"EntryPoint","urlTemplate":"https:\/\/www.guides-sports-loisirs.ca\/skateparcs\/?s={search_term_string}"},"query-input":{"@type":"PropertyValueSpecification","valueRequired":true,"valueName":"search_term_string"}}],"inLanguage":"fr-FR"}]}},"_links":{"self":[{"href":"https:\/\/www.guides-sports-loisirs.ca\/skateparcs\/wp-json\/wp\/v2\/pages\/3039","targetHints":{"allow":["GET"]}}],"collection":[{"href":"https:\/\/www.guides-sports-loisirs.ca\/skateparcs\/wp-json\/wp\/v2\/pages"}],"about":[{"href":"https:\/\/www.guides-sports-loisirs.ca\/skateparcs\/wp-json\/wp\/v2\/types\/page"}],"author":[{"embeddable":true,"href":"https:\/\/www.guides-sports-loisirs.ca\/skateparcs\/wp-json\/wp\/v2\/users\/11"}],"replies":[{"embeddable":true,"href":"https:\/\/www.guides-sports-loisirs.ca\/skateparcs\/wp-json\/wp\/v2\/comments?post=3039"}],"version-history":[{"count":51,"href":"https:\/\/www.guides-sports-loisirs.ca\/skateparcs\/wp-json\/wp\/v2\/pages\/3039\/revisions"}],"predecessor-version":[{"id":4287,"href":"https:\/\/www.guides-sports-loisirs.ca\/skateparcs\/wp-json\/wp\/v2\/pages\/3039\/revisions\/4287"}],"wp:attachment":[{"href":"https:\/\/www.guides-sports-loisirs.ca\/skateparcs\/wp-json\/wp\/v2\/media?parent=3039"}],"curies":[{"name":"wp","href":"https:\/\/api.w.org\/{rel}","templated":true}]}}