{"id":2617,"date":"2020-08-10T12:00:22","date_gmt":"2020-08-10T16:00:22","guid":{"rendered":"https:\/\/www.guides-sports-loisirs.ca\/skateparcs\/?page_id=2617"},"modified":"2022-07-07T10:27:19","modified_gmt":"2022-07-07T14:27:19","slug":"types-parcours","status":"publish","type":"page","link":"https:\/\/www.guides-sports-loisirs.ca\/skateparcs\/conception\/types-parcours\/","title":{"rendered":"Types de parcours"},"content":{"rendered":"<div class=\"wpb-content-wrapper\"><p>[vc_row][vc_column width=\u00a0\u00bb1\/1&Prime;][vc_column_text css=\u00a0\u00bb.vc_custom_1654975119888{margin-bottom: 20px !important;}\u00a0\u00bb]<strong>Les sports d\u2019action, peu importe le sport, incluent tous deux disciplines distinctes que l\u2019on peut pratiquer dans un skateparc. Par exemple, le skateboard aux Jeux olympiques de Tokyo pr\u00e9sentait deux disciplines : le \u00ab Park \u00bb et le \u00ab Street \u00bb.<\/strong>[\/vc_column_text][vc_accordion][vc_accordion_tab title=\u00a0\u00bbPARK\u00a0\u00bb tab_id=\u00a0\u00bb1654975079-1-59&Prime;][vc_column_text]Transitions de modules courbes, incluant demi-lunes, bols et plans inclin\u00e9s.[\/vc_column_text][\/vc_accordion_tab][vc_accordion_tab title=\u00a0\u00bbSTREET\u00a0\u00bb tab_id=\u00a0\u00bb1654975079-2-56&Prime;][vc_column_text]Barres de glisse, bo\u00eetes de glisse, escaliers, pyramides, etc. Les skateparcs municipaux devraient \u00eatre con\u00e7us de fa\u00e7on qu\u2019on puisse y pratiquer les deux disciplines, selon les trois mod\u00e8les suivants :<\/p>\n<h3><span class=\"font-966981\" style=\"color: #eb4a6c\"><strong>Hybride<\/strong><\/span><\/h3>\n<p>C\u2019est un m\u00e9lange des deux, c\u2019est le type de parcours le plus classique, con\u00e7u largement pour plaire au plus grand nombre d\u2019usagers possible.[\/vc_column_text][vc_empty_space empty_h=\u00a0\u00bb2&Prime;][vc_single_image media=\u00a0\u00bb4102&Prime; media_lightbox=\u00a0\u00bbyes\u00a0\u00bb media_width_percent=\u00a0\u00bb65&Prime; lbox_skin=\u00a0\u00bbwhite\u00a0\u00bb][vc_empty_space empty_h=\u00a0\u00bb2&Prime;][vc_column_text]<\/p>\n<h3><span class=\"font-966981\" style=\"color: #eb4a6c\"><strong>Bol<\/strong><\/span><\/h3>\n<p>Modules courbes seulement. Peut s\u2019imposer si le budget est trop serr\u00e9 et qu\u2019on peut seulement se permettre une demi-lune.[\/vc_column_text][vc_empty_space empty_h=\u00a0\u00bb2&Prime;][vc_single_image media=\u00a0\u00bb4101&Prime; media_lightbox=\u00a0\u00bbyes\u00a0\u00bb media_width_percent=\u00a0\u00bb65&Prime; lbox_skin=\u00a0\u00bbwhite\u00a0\u00bb][vc_empty_space empty_h=\u00a0\u00bb2&Prime;][vc_column_text]<\/p>\n<h3><span class=\"font-966981\" style=\"color: #eb4a6c\"><strong>Parcours \u00ab Street \u00bb<\/strong><\/span><\/h3>\n<p>S\u2019adresse \u00e0 des usagers dont le niveau technique est plus avanc\u00e9. Tendance \u00e0 reproduire le mobilier urbain qui se retrouve dans les films et les revues.[\/vc_column_text][vc_empty_space empty_h=\u00a0\u00bb2&Prime;][vc_single_image media=\u00a0\u00bb4103&Prime; media_lightbox=\u00a0\u00bbyes\u00a0\u00bb media_width_percent=\u00a0\u00bb65&Prime; lbox_skin=\u00a0\u00bbwhite\u00a0\u00bb][vc_empty_space empty_h=\u00a0\u00bb2&Prime;][\/vc_accordion_tab][\/vc_accordion][\/vc_column][\/vc_row][vc_row][\/vc_row][vc_row row_height_percent=\u00a0\u00bb0&Prime; overlay_alpha=\u00a0\u00bb50&Prime; gutter_size=\u00a0\u00bb3&Prime; shift_y=\u00a0\u00bb0&Prime; css=\u00a0\u00bb.vc_custom_1569108843026{margin-bottom: 50px !important;}\u00a0\u00bb][vc_column width=\u00a0\u00bb1\/1&Prime;][vc_button button_color=\u00a0\u00bbaccent\u00a0\u00bb size=\u00a0\u00bbbtn-lg\u00a0\u00bb radius=\u00a0\u00bbbtn-circle\u00a0\u00bb border_width=\u00a0\u00bb0&Prime; link=\u00a0\u00bburl:https%3A%2F%2Fwww.guides-sports-loisirs.ca%2Fskateparcs%2Fwp-content%2Fuploads%2Fsites%2F20%2F2022%2F06%2F3.3_Conception_TypesParcours_final.pdf||target:%20_blank|\u00a0\u00bb icon=\u00a0\u00bbfa fa-file-o\u00a0\u00bb el_class=\u00a0\u00bbbtn-pdf\u00a0\u00bb]Version PDF[\/vc_button][\/vc_column][\/vc_row]<\/p>\n<\/div>","protected":false},"excerpt":{"rendered":"<p>[vc_row][vc_column width=\u00a0\u00bb1\/1&Prime;][vc_column_text css=\u00a0\u00bb.vc_custom_1654975119888{margin-bottom: 20px !important;}\u00a0\u00bb]Les sports d\u2019action, peu importe le sport, incluent tous deux disciplines distinctes que l\u2019on peut pratiquer [&hellip;]<\/p>\n","protected":false},"author":11,"featured_media":0,"parent":2255,"menu_order":21,"comment_status":"closed","ping_status":"closed","template":"","meta":{"_acf_changed":false,"footnotes":""},"class_list":["post-2617","page","type-page","status-publish","hentry"],"acf":[],"yoast_head":"<!-- This site is optimized with the Yoast SEO plugin v27.4 - https:\/\/yoast.com\/product\/yoast-seo-wordpress\/ -->\n<title>Types de parcours - Skateparcs<\/title>\n<meta name=\"robots\" content=\"index, follow, max-snippet:-1, max-image-preview:large, max-video-preview:-1\" \/>\n<link rel=\"canonical\" href=\"https:\/\/www.guides-sports-loisirs.ca\/skateparcs\/conception\/types-parcours\/\" \/>\n<meta property=\"og:locale\" content=\"fr_FR\" \/>\n<meta property=\"og:type\" content=\"article\" \/>\n<meta property=\"og:title\" content=\"Types de parcours - Skateparcs\" \/>\n<meta property=\"og:description\" content=\"[vc_row][vc_column width=\u00a0\u00bb1\/1&Prime;][vc_column_text css=\u00a0\u00bb.vc_custom_1654975119888{margin-bottom: 20px !important;}\u00a0\u00bb]Les sports d\u2019action, peu importe le sport, incluent tous deux disciplines distinctes que l\u2019on peut pratiquer [&hellip;]\" \/>\n<meta property=\"og:url\" content=\"https:\/\/www.guides-sports-loisirs.ca\/skateparcs\/conception\/types-parcours\/\" \/>\n<meta property=\"og:site_name\" content=\"Skateparcs\" \/>\n<meta property=\"article:modified_time\" content=\"2022-07-07T14:27:19+00:00\" \/>\n<meta name=\"twitter:card\" content=\"summary_large_image\" \/>\n<meta name=\"twitter:label1\" content=\"Dur\u00e9e de lecture estim\u00e9e\" \/>\n\t<meta name=\"twitter:data1\" content=\"1 minute\" \/>\n<script type=\"application\/ld+json\" class=\"yoast-schema-graph\">{\"@context\":\"https:\\\/\\\/schema.org\",\"@graph\":[{\"@type\":\"WebPage\",\"@id\":\"https:\\\/\\\/www.guides-sports-loisirs.ca\\\/skateparcs\\\/conception\\\/types-parcours\\\/\",\"url\":\"https:\\\/\\\/www.guides-sports-loisirs.ca\\\/skateparcs\\\/conception\\\/types-parcours\\\/\",\"name\":\"Types de parcours - Skateparcs\",\"isPartOf\":{\"@id\":\"https:\\\/\\\/www.guides-sports-loisirs.ca\\\/skateparcs\\\/#website\"},\"datePublished\":\"2020-08-10T16:00:22+00:00\",\"dateModified\":\"2022-07-07T14:27:19+00:00\",\"breadcrumb\":{\"@id\":\"https:\\\/\\\/www.guides-sports-loisirs.ca\\\/skateparcs\\\/conception\\\/types-parcours\\\/#breadcrumb\"},\"inLanguage\":\"fr-FR\",\"potentialAction\":[{\"@type\":\"ReadAction\",\"target\":[\"https:\\\/\\\/www.guides-sports-loisirs.ca\\\/skateparcs\\\/conception\\\/types-parcours\\\/\"]}]},{\"@type\":\"BreadcrumbList\",\"@id\":\"https:\\\/\\\/www.guides-sports-loisirs.ca\\\/skateparcs\\\/conception\\\/types-parcours\\\/#breadcrumb\",\"itemListElement\":[{\"@type\":\"ListItem\",\"position\":1,\"name\":\"Accueil\",\"item\":\"https:\\\/\\\/www.guides-sports-loisirs.ca\\\/skateparcs\\\/\"},{\"@type\":\"ListItem\",\"position\":2,\"name\":\"Conception\",\"item\":\"https:\\\/\\\/www.guides-sports-loisirs.ca\\\/skateparcs\\\/conception\\\/\"},{\"@type\":\"ListItem\",\"position\":3,\"name\":\"Types de parcours\"}]},{\"@type\":\"WebSite\",\"@id\":\"https:\\\/\\\/www.guides-sports-loisirs.ca\\\/skateparcs\\\/#website\",\"url\":\"https:\\\/\\\/www.guides-sports-loisirs.ca\\\/skateparcs\\\/\",\"name\":\"Skateparcs\",\"description\":\"Skateparcs\",\"potentialAction\":[{\"@type\":\"SearchAction\",\"target\":{\"@type\":\"EntryPoint\",\"urlTemplate\":\"https:\\\/\\\/www.guides-sports-loisirs.ca\\\/skateparcs\\\/?s={search_term_string}\"},\"query-input\":{\"@type\":\"PropertyValueSpecification\",\"valueRequired\":true,\"valueName\":\"search_term_string\"}}],\"inLanguage\":\"fr-FR\"}]}<\/script>\n<!-- \/ Yoast SEO plugin. -->","yoast_head_json":{"title":"Types de parcours - Skateparcs","robots":{"index":"index","follow":"follow","max-snippet":"max-snippet:-1","max-image-preview":"max-image-preview:large","max-video-preview":"max-video-preview:-1"},"canonical":"https:\/\/www.guides-sports-loisirs.ca\/skateparcs\/conception\/types-parcours\/","og_locale":"fr_FR","og_type":"article","og_title":"Types de parcours - Skateparcs","og_description":"[vc_row][vc_column width=\u00a0\u00bb1\/1&Prime;][vc_column_text css=\u00a0\u00bb.vc_custom_1654975119888{margin-bottom: 20px !important;}\u00a0\u00bb]Les sports d\u2019action, peu importe le sport, incluent tous deux disciplines distinctes que l\u2019on peut pratiquer [&hellip;]","og_url":"https:\/\/www.guides-sports-loisirs.ca\/skateparcs\/conception\/types-parcours\/","og_site_name":"Skateparcs","article_modified_time":"2022-07-07T14:27:19+00:00","twitter_card":"summary_large_image","twitter_misc":{"Dur\u00e9e de lecture estim\u00e9e":"1 minute"},"schema":{"@context":"https:\/\/schema.org","@graph":[{"@type":"WebPage","@id":"https:\/\/www.guides-sports-loisirs.ca\/skateparcs\/conception\/types-parcours\/","url":"https:\/\/www.guides-sports-loisirs.ca\/skateparcs\/conception\/types-parcours\/","name":"Types de parcours - Skateparcs","isPartOf":{"@id":"https:\/\/www.guides-sports-loisirs.ca\/skateparcs\/#website"},"datePublished":"2020-08-10T16:00:22+00:00","dateModified":"2022-07-07T14:27:19+00:00","breadcrumb":{"@id":"https:\/\/www.guides-sports-loisirs.ca\/skateparcs\/conception\/types-parcours\/#breadcrumb"},"inLanguage":"fr-FR","potentialAction":[{"@type":"ReadAction","target":["https:\/\/www.guides-sports-loisirs.ca\/skateparcs\/conception\/types-parcours\/"]}]},{"@type":"BreadcrumbList","@id":"https:\/\/www.guides-sports-loisirs.ca\/skateparcs\/conception\/types-parcours\/#breadcrumb","itemListElement":[{"@type":"ListItem","position":1,"name":"Accueil","item":"https:\/\/www.guides-sports-loisirs.ca\/skateparcs\/"},{"@type":"ListItem","position":2,"name":"Conception","item":"https:\/\/www.guides-sports-loisirs.ca\/skateparcs\/conception\/"},{"@type":"ListItem","position":3,"name":"Types de parcours"}]},{"@type":"WebSite","@id":"https:\/\/www.guides-sports-loisirs.ca\/skateparcs\/#website","url":"https:\/\/www.guides-sports-loisirs.ca\/skateparcs\/","name":"Skateparcs","description":"Skateparcs","potentialAction":[{"@type":"SearchAction","target":{"@type":"EntryPoint","urlTemplate":"https:\/\/www.guides-sports-loisirs.ca\/skateparcs\/?s={search_term_string}"},"query-input":{"@type":"PropertyValueSpecification","valueRequired":true,"valueName":"search_term_string"}}],"inLanguage":"fr-FR"}]}},"_links":{"self":[{"href":"https:\/\/www.guides-sports-loisirs.ca\/skateparcs\/wp-json\/wp\/v2\/pages\/2617","targetHints":{"allow":["GET"]}}],"collection":[{"href":"https:\/\/www.guides-sports-loisirs.ca\/skateparcs\/wp-json\/wp\/v2\/pages"}],"about":[{"href":"https:\/\/www.guides-sports-loisirs.ca\/skateparcs\/wp-json\/wp\/v2\/types\/page"}],"author":[{"embeddable":true,"href":"https:\/\/www.guides-sports-loisirs.ca\/skateparcs\/wp-json\/wp\/v2\/users\/11"}],"replies":[{"embeddable":true,"href":"https:\/\/www.guides-sports-loisirs.ca\/skateparcs\/wp-json\/wp\/v2\/comments?post=2617"}],"version-history":[{"count":21,"href":"https:\/\/www.guides-sports-loisirs.ca\/skateparcs\/wp-json\/wp\/v2\/pages\/2617\/revisions"}],"predecessor-version":[{"id":4314,"href":"https:\/\/www.guides-sports-loisirs.ca\/skateparcs\/wp-json\/wp\/v2\/pages\/2617\/revisions\/4314"}],"up":[{"embeddable":true,"href":"https:\/\/www.guides-sports-loisirs.ca\/skateparcs\/wp-json\/wp\/v2\/pages\/2255"}],"wp:attachment":[{"href":"https:\/\/www.guides-sports-loisirs.ca\/skateparcs\/wp-json\/wp\/v2\/media?parent=2617"}],"curies":[{"name":"wp","href":"https:\/\/api.w.org\/{rel}","templated":true}]}}